{"id":16707,"date":"2025-01-21T05:48:30","date_gmt":"2025-01-21T05:48:30","guid":{"rendered":"https:\/\/www.hydraulic-cylinders.net\/product\/arm-cylinder-for-tck-hd1023lc-8h\/"},"modified":"2025-01-21T05:48:32","modified_gmt":"2025-01-21T05:48:32","slug":"arm-cylinder-for-tck-hd1023lc-8h","status":"publish","type":"product","link":"https:\/\/www.hydraulic-cylinders.net\/fr\/produit\/arm-cylinder-for-tck-hd1023lc-8h\/","title":{"rendered":"Cylindre de bras pour TCK HD1023LC-8H"},"content":{"rendered":"<h1>Cylindre de bras pour TCK HD1023LC-8H<\/h1>\n<h2>Introduction<\/h2>\n<p>Le v\u00e9rin de bras est un v\u00e9rin hydraulique sp\u00e9cialement con\u00e7u pour assurer le mouvement lin\u00e9aire et la puissance des bras de divers types d'engins, tels que les excavatrices, les grues et les bras m\u00e9caniques. Il joue un r\u00f4le essentiel dans les syst\u00e8mes hydrauliques, permettant le mouvement et le contr\u00f4le efficaces des outils ou accessoires suppl\u00e9mentaires. Ces v\u00e9rins garantissent non seulement un mouvement fluide, mais aussi une r\u00e9sistance aux charges importantes, assurant ainsi un fonctionnement efficace et une grande fiabilit\u00e9 des machines dans diverses conditions d'utilisation.<\/p>\n<p><img decoding=\"async\" src=\"https:\/\/www.hydraulic-cylinders.net\/wp-content\/uploads\/2025\/01\/songte-company-2.webp\" alt=\"V\u00e9rin de bras\"><\/p>\n<h2>Caract\u00e9ristiques<\/h2>\n<ul>\n<li>Transmission \u00e0 haut rendement : Le v\u00e9rin du bras assure un mouvement lin\u00e9aire et une force puissants, garantissant ainsi des performances \u00e0 haut rendement du bras m\u00e9canique dans diverses op\u00e9rations.<\/li>\n<li>Contr\u00f4le pr\u00e9cis\u00a0: gr\u00e2ce au syst\u00e8me hydraulique, le v\u00e9rin du bras permet un contr\u00f4le pr\u00e9cis du mouvement, rendant l\u2019utilisation des outils suppl\u00e9mentaires plus flexible et pr\u00e9cise.<\/li>\n<li>Grande durabilit\u00e9 : Le cylindre du bras est g\u00e9n\u00e9ralement fabriqu\u00e9 \u00e0 partir de mat\u00e9riaux \u00e0 haute r\u00e9sistance, qui pr\u00e9sentent une bonne r\u00e9sistance \u00e0 l'usure et \u00e0 la corrosion, adapt\u00e9s \u00e0 une utilisation \u00e0 long terme dans des environnements difficiles.<\/li>\n<li>Adaptabilit\u00e9 multifonctionnelle\u00a0: Ces v\u00e9rins peuvent \u00eatre largement utilis\u00e9s dans divers \u00e9quipements m\u00e9caniques, tels que les excavatrices, les grues et les bras m\u00e9caniques, pour s\u2019adapter \u00e0 diff\u00e9rents besoins de travail.<\/li>\n<li>Maintenance simplifi\u00e9e : La conception prend en compte la facilit\u00e9 d'entretien et de remplacement, ce qui rend les inspections et la maintenance r\u00e9guli\u00e8res plus pratiques et r\u00e9duit les temps d'arr\u00eat des \u00e9quipements.<\/li>\n<\/ul>\n<p>Nous pouvons produire ce produit et nos produits peuvent parfaitement remplacer ces v\u00e9rins hydrauliques.<\/p>\n<p><img decoding=\"async\" src=\"https:\/\/www.hydraulic-cylinders.net\/wp-content\/uploads\/2025\/01\/songte-oil-pipes-and-spare-parts.webp\" alt=\"Conduites d&#039;huile et pi\u00e8ces de rechange\"><\/p>\n<h2>Applications<\/h2>\n<p>Le v\u00e9rin \u00e0 bras est largement utilis\u00e9 dans diverses industries, telles que\u00a0:<\/p>\n<ul>\n<li>G\u00e9nie civil : Dans les excavatrices et les grues, le v\u00e9rin du bras sert \u00e0 contr\u00f4ler le mouvement du godet ou de la fl\u00e8che, permettant ainsi d'effectuer des travaux de terrassement, de manutention de mat\u00e9riaux et d'installation de structures.<\/li>\n<li>Fabrication : Dans les lignes de production automatis\u00e9es, le v\u00e9rin \u00e0 bras est utilis\u00e9 pour le mouvement des bras m\u00e9caniques, effectuant des op\u00e9rations d'assemblage, de soudage et de manutention afin d'am\u00e9liorer l'efficacit\u00e9 et la pr\u00e9cision de la production.<\/li>\n<li>Machines agricoles\u00a0: Dans les machines agricoles telles que les moissonneuses-batteuses et les semoirs, le v\u00e9rin du bras contr\u00f4le le mouvement du bras de travail, effectuant des t\u00e2ches telles que le semis, la fertilisation et la r\u00e9colte.<\/li>\n<li>Exploitation mini\u00e8re : Dans les \u00e9quipements miniers, le v\u00e9rin du bras sert \u00e0 contr\u00f4ler le mouvement du bras de l'\u00e9quipement, permettant ainsi l'extraction et le transport des minerais.<\/li>\n<li>Logistique et transport : Dans les chariots \u00e9l\u00e9vateurs et les robots de manutention, le v\u00e9rin du bras est utilis\u00e9 pour contr\u00f4ler le levage et le d\u00e9placement de la charge, permettant ainsi la manutention et l'empilage des mat\u00e9riaux.<\/li>\n<\/ul>\n<h2>Consid\u00e9rations de conception et crit\u00e8res de s\u00e9lection<\/h2>\n<p>Du point de vue de la conception, la capacit\u00e9 de charge, l'\u00e9tanch\u00e9it\u00e9, la durabilit\u00e9, la s\u00e9curit\u00e9 et la facilit\u00e9 d'entretien du v\u00e9rin seront abord\u00e9es ci-dessous\u00a0:<\/p>\n<ul>\n<li>Capacit\u00e9 de charge : Le v\u00e9rin du bras doit fournir une force et un mouvement lin\u00e9aire suffisants, ce qui n\u00e9cessite des mat\u00e9riaux \u00e0 haute r\u00e9sistance et une conception pr\u00e9cise.<\/li>\n<li>\u00c9tanch\u00e9it\u00e9 : Le v\u00e9rin du bras n\u00e9cessite l'utilisation de divers composants d'\u00e9tanch\u00e9it\u00e9, tels que des joints de piston et des joints de tige, afin d'\u00e9viter les fuites de fluide et d'assurer le bon fonctionnement du syst\u00e8me hydraulique.<\/li>\n<li>Durabilit\u00e9 : Le cylindre du bras doit \u00eatre fabriqu\u00e9 \u00e0 partir de mat\u00e9riaux pr\u00e9sentant une excellente r\u00e9sistance \u00e0 l'usure et \u00e0 la corrosion afin de r\u00e9sister aux environnements difficiles et \u00e0 une utilisation \u00e0 long terme.<\/li>\n<li>S\u00e9curit\u00e9 : Le v\u00e9rin du bras doit \u00eatre \u00e9quip\u00e9 de dispositifs de s\u00e9curit\u00e9 fiables, tels qu'une protection contre les surcharges et un arr\u00eat d'urgence, afin de garantir la s\u00e9curit\u00e9 des op\u00e9rateurs et de l'\u00e9quipement.<\/li>\n<li>Maintenance : Le v\u00e9rin du bras doit \u00eatre con\u00e7u pour faciliter la maintenance et le remplacement, notamment en utilisant des pi\u00e8ces standard et des joints faciles \u00e0 remplacer, afin de r\u00e9duire les co\u00fbts de maintenance et les temps d'arr\u00eat.<\/li>\n<\/ul>\n<p><img decoding=\"async\" src=\"https:\/\/www.hydraulic-cylinders.net\/wp-content\/uploads\/2025\/01\/songte-cylinder-head-with-all-kinds-excavator-models.webp\" alt=\"Culasse\"><\/p>\n<h2>\u00c9tanch\u00e9it\u00e9 et lubrification<\/h2>\n<p>Le v\u00e9rin de bras n\u00e9cessite divers composants d'\u00e9tanch\u00e9it\u00e9, tels que des joints de piston et de tige, afin de pr\u00e9venir les fuites de fluide et d'assurer le bon fonctionnement du syst\u00e8me hydraulique. Les mat\u00e9riaux d'\u00e9tanch\u00e9it\u00e9 s\u00e9lectionn\u00e9s, comme le polyur\u00e9thane et le caoutchouc nitrile, doivent pr\u00e9senter une excellente r\u00e9sistance \u00e0 l'usure et \u00eatre adapt\u00e9s \u00e0 l'environnement d'utilisation. Le corps du v\u00e9rin et la surface filet\u00e9e doivent faire l'objet d'un usinage de pr\u00e9cision pour am\u00e9liorer leur r\u00e9sistance \u00e0 l'usure. Un ajout r\u00e9gulier d'huile hydraulique en quantit\u00e9 appropri\u00e9e est n\u00e9cessaire pour la lubrification.<\/p>\n<h2>Entretien et r\u00e9paration<\/h2>\n<p>Un contr\u00f4le r\u00e9gulier et des mesures d'entretien pr\u00e9ventif sont n\u00e9cessaires pour le v\u00e9rin du bras. Les mesures suivantes peuvent aider \u00e0 diagnostiquer et \u00e0 r\u00e9soudre les probl\u00e8mes\u00a0:<\/p>\n<ul>\n<li>V\u00e9rifiez l'absence de fuites et l'\u00e9tat des composants d'\u00e9tanch\u00e9it\u00e9.<\/li>\n<li>V\u00e9rifiez l'usure ou les dommages du piston et de la tige.<\/li>\n<li>V\u00e9rifiez que le corps du cylindre et la surface d'extr\u00e9mit\u00e9 filet\u00e9e ne pr\u00e9sentent aucun dommage ni d\u00e9formation.<\/li>\n<li>V\u00e9rifier le niveau et la qualit\u00e9 de l'huile hydraulique.<\/li>\n<\/ul>\n<p>Pour r\u00e9soudre les probl\u00e8mes ci-dessus, remplacez les pi\u00e8ces endommag\u00e9es, ajoutez ou remplacez l'huile hydraulique et effectuez un entretien et une lubrification r\u00e9guliers afin d'assurer le bon fonctionnement du v\u00e9rin du bras et d'en prolonger la dur\u00e9e de vie.<\/p>\n<p><img decoding=\"async\" src=\"https:\/\/www.hydraulic-cylinders.net\/wp-content\/uploads\/2025\/01\/songte-chushion-collar.webp\" alt=\"Collier Chushion\"><\/p>\n<h2>Guide d'installation<\/h2>\n<p>L'installation du cylindre du bras doit suivre les \u00e9tapes ci-dessous\u00a0:<\/p>\n<ol>\n<li>Nettoyez la surface d'installation et assurez-vous qu'elle soit plane et propre.<\/li>\n<li>Raccordez le v\u00e9rin du bras au syst\u00e8me hydraulique et v\u00e9rifiez que la tuyauterie est correcte et bien fix\u00e9e.<\/li>\n<li>Installez le cylindre du bras conform\u00e9ment aux instructions du fabricant et assurez-vous que les boulons de fixation sont serr\u00e9s au couple sp\u00e9cifi\u00e9.<\/li>\n<li>Effectuez un test fonctionnel pour confirmer le bon fonctionnement du cylindre du bras.<\/li>\n<\/ol>\n<h2>Consid\u00e9rations de s\u00e9curit\u00e9 et facteurs environnementaux<\/h2>\n<p>Lors de l'utilisation du v\u00e9rin de bras, des mesures de s\u00e9curit\u00e9 telles que la protection contre les surcharges et les dispositifs d'arr\u00eat d'urgence doivent \u00eatre mises en place afin de garantir la s\u00e9curit\u00e9 de l'op\u00e9rateur et du mat\u00e9riel. De plus, les facteurs environnementaux comme la temp\u00e9rature et l'humidit\u00e9 doivent \u00eatre pris en compte pour assurer le bon fonctionnement du v\u00e9rin.<\/p>\n<h2>Diagnostic des pannes et probl\u00e8mes courants<\/h2>\n<p>Les probl\u00e8mes courants et le diagnostic des pannes du v\u00e9rin de bras sont les suivants\u00a0:<\/p>\n<ul>\n<li>Fuite : Les composants d'\u00e9tanch\u00e9it\u00e9 sont endommag\u00e9s ou mal install\u00e9s.<\/li>\n<li>Mauvais fonctionnement : le piston ou la tige est us\u00e9 ou endommag\u00e9.<\/li>\n<li>Bruit anormal\u00a0: Il peut y avoir un probl\u00e8me avec l\u2019installation ou le syst\u00e8me hydraulique.<\/li>\n<li>Puissance insuffisante\u00a0: pression d\u2019huile hydraulique faible ou probl\u00e8mes avec le syst\u00e8me hydraulique.<\/li>\n<\/ul>\n<h2>D\u00e9pannage et mesures pr\u00e9ventives<\/h2>\n<p>Pour r\u00e9soudre les probl\u00e8mes ci-dessus, remplacez les pi\u00e8ces endommag\u00e9es, ajoutez ou remplacez l'huile hydraulique et effectuez un entretien et une lubrification r\u00e9guliers afin d'assurer le bon fonctionnement du v\u00e9rin du bras et d'en prolonger la dur\u00e9e de vie.<\/p>\n<p><img decoding=\"async\" src=\"https:\/\/www.hydraulic-cylinders.net\/wp-content\/uploads\/2025\/01\/songte-bushings-with-all-kinds-of-excavator-models.webp\" alt=\"bagues\"><\/p>\n<h2>\u00c0 propos de nous<\/h2>\n<p>Nous sommes un fabricant professionnel de v\u00e9rins hydrauliques de remplacement, offrant une large gamme de produits et figurant parmi les principaux fabricants et distributeurs de v\u00e9rins hydrauliques sur les march\u00e9s nationaux et internationaux. Attach\u00e9s \u00e0 l'excellence, nous nous appuyons sur une strat\u00e9gie de gestion de la production industrielle rigoureuse, au sein d'ateliers de fabrication de pr\u00e9cision, et am\u00e9liorons constamment nos technologies et notre productivit\u00e9. Gr\u00e2ce \u00e0 l'int\u00e9gration d'\u00e9quipements de fabrication num\u00e9rique haut de gamme et de syst\u00e8mes de test professionnels, nous optimisons en permanence notre plateforme de production, am\u00e9liorons le contr\u00f4le qualit\u00e9 de nos produits et d\u00e9veloppons une forte capacit\u00e9 d'innovation. Notre objectif est de satisfaire les besoins vari\u00e9s de nos clients en leur offrant efficacit\u00e9, pr\u00e9cision et qualit\u00e9.<\/p>\n<h2>Nos services<\/h2>\n<ul>\n<li>Professionnalisme : Nous poss\u00e9dons un savoir-faire professionnel et de nombreuses ann\u00e9es d'exp\u00e9rience dans la fabrication et la vente de v\u00e9rins hydrauliques, ce qui nous permet d'offrir \u00e0 nos clients des services professionnels et efficaces.<\/li>\n<li>Certification internationale\u00a0: Nos produits ont obtenu des certifications internationales telles que l\u2019ISO9001 et le CE, garantissant ainsi \u00e0 nos clients des produits et services de haute qualit\u00e9.<\/li>\n<li>Services de personnalisation\u00a0: Nous proposons des services personnalis\u00e9s en fonction des exigences de nos clients, en leur fournissant des produits et services sur mesure.<\/li>\n<li>\u00c9quipements de production : Nous disposons d'\u00e9quipements de production de pointe, tels que des machines-outils \u00e0 commande num\u00e9rique et des machines \u00e0 souder automatiques, afin de fournir \u00e0 nos clients des produits de haute qualit\u00e9 et performants.<\/li>\n<li>Services apr\u00e8s-vente\u00a0: Nous offrons \u00e0 nos clients des services apr\u00e8s-vente complets, tels que l\u2019assistance technique et les services de garantie, afin de garantir leur satisfaction.<\/li>\n<\/ul>\n<p><img decoding=\"async\" src=\"https:\/\/www.hydraulic-cylinders.net\/wp-content\/uploads\/2025\/01\/songte-company-4.webp\" alt=\"Entreprise\"><\/p>\n<p><img decoding=\"async\" src=\"https:\/\/www.hydraulic-cylinders.net\/wp-content\/uploads\/2025\/01\/songte-company-3.webp\" alt=\"Entreprise\"><\/p>\n<p>Auteur : lyl.<\/p>","protected":false},"excerpt":{"rendered":"<p>Arm Cylinder For TCK HD1023LC-8H Introduction The arm cylinder is a specially designed hydraulic cylinder that provides linear motion and power to the arms of various types of machinery, such as excavators, cranes, and mechanical arms. The arm cylinder plays a critical role in hydraulic systems, allowing for the effective movement and control of additional [&hellip;]<\/p>","protected":false},"featured_media":14786,"comment_status":"open","ping_status":"closed","template":"","meta":{"_et_pb_use_builder":"","_et_pb_old_content":"","_et_gb_content_width":""},"product_brand":[],"product_cat":[1497],"product_tag":[1498,1496],"class_list":{"0":"post-16707","1":"product","2":"type-product","3":"status-publish","4":"has-post-thumbnail","6":"product_cat-arm-cylinders","7":"product_tag-arm-cylinders","8":"product_tag-hydraulic-cylinders","10":"first","11":"instock","12":"shipping-taxable","13":"product-type-simple"},"amp_enabled":true,"_links":{"self":[{"href":"https:\/\/www.hydraulic-cylinders.net\/fr\/wp-json\/wp\/v2\/product\/16707","targetHints":{"allow":["GET"]}}],"collection":[{"href":"https:\/\/www.hydraulic-cylinders.net\/fr\/wp-json\/wp\/v2\/product"}],"about":[{"href":"https:\/\/www.hydraulic-cylinders.net\/fr\/wp-json\/wp\/v2\/types\/product"}],"replies":[{"embeddable":true,"href":"https:\/\/www.hydraulic-cylinders.net\/fr\/wp-json\/wp\/v2\/comments?post=16707"}],"wp:featuredmedia":[{"embeddable":true,"href":"https:\/\/www.hydraulic-cylinders.net\/fr\/wp-json\/wp\/v2\/media\/14786"}],"wp:attachment":[{"href":"https:\/\/www.hydraulic-cylinders.net\/fr\/wp-json\/wp\/v2\/media?parent=16707"}],"wp:term":[{"taxonomy":"product_brand","embeddable":true,"href":"https:\/\/www.hydraulic-cylinders.net\/fr\/wp-json\/wp\/v2\/product_brand?post=16707"},{"taxonomy":"product_cat","embeddable":true,"href":"https:\/\/www.hydraulic-cylinders.net\/fr\/wp-json\/wp\/v2\/product_cat?post=16707"},{"taxonomy":"product_tag","embeddable":true,"href":"https:\/\/www.hydraulic-cylinders.net\/fr\/wp-json\/wp\/v2\/product_tag?post=16707"}],"curies":[{"name":"wp","href":"https:\/\/api.w.org\/{rel}","templated":true}]}}