{"id":16725,"date":"2025-01-21T05:49:47","date_gmt":"2025-01-21T05:49:47","guid":{"rendered":"https:\/\/www.hydraulic-cylinders.net\/product\/arm-cylinder-for-carter-ct150-8\/"},"modified":"2025-01-21T05:49:49","modified_gmt":"2025-01-21T05:49:49","slug":"arm-cylinder-for-carter-ct150-8","status":"publish","type":"product","link":"https:\/\/www.hydraulic-cylinders.net\/fr\/produit\/arm-cylinder-for-carter-ct150-8\/","title":{"rendered":"Cylindre de bras pour Carter CT150-8"},"content":{"rendered":"<h2>Cylindre de bras pour Carter CT150-8<\/h2>\n<p>Un v\u00e9rin de bras est un v\u00e9rin hydraulique sp\u00e9cialement con\u00e7u pour fournir un mouvement lin\u00e9aire et de la puissance aux bras de diverses machines, telles que les excavatrices, les grues et les bras m\u00e9caniques. Les v\u00e9rins de bras jouent un r\u00f4le essentiel dans les syst\u00e8mes hydrauliques, permettant le d\u00e9placement et le contr\u00f4le efficaces des accessoires. Ces v\u00e9rins assurent non seulement un mouvement fluide, mais supportent \u00e9galement des charges importantes, garantissant ainsi le fonctionnement efficace et la fiabilit\u00e9 des machines dans diverses conditions de travail.<\/p>\n<p><img decoding=\"async\" src=\"https:\/\/www.hydraulic-cylinders.net\/wp-content\/uploads\/2025\/01\/songte-company-2.webp\"\/><\/p>\n<h3>Caract\u00e9ristiques du cylindre de bras pour Carter CT150-8<\/h3>\n<ul>\n<li>Transmission de puissance efficace : les v\u00e9rins des bras fournissent un mouvement lin\u00e9aire et une force puissants, assurant des performances \u00e9lev\u00e9es des bras m\u00e9caniques dans diverses op\u00e9rations.<\/li>\n<li>Contr\u00f4le pr\u00e9cis\u00a0: Les v\u00e9rins des bras permettent un contr\u00f4le pr\u00e9cis des mouvements gr\u00e2ce \u00e0 des syst\u00e8mes hydrauliques, ce qui rend l\u2019utilisation des outils fix\u00e9s plus flexible et pr\u00e9cise.<\/li>\n<li>Haute durabilit\u00e9 : Les v\u00e9rins de bras sont g\u00e9n\u00e9ralement fabriqu\u00e9s \u00e0 partir de mat\u00e9riaux \u00e0 haute r\u00e9sistance offrant une bonne r\u00e9sistance \u00e0 l'usure et \u00e0 la corrosion, adapt\u00e9s \u00e0 une utilisation \u00e0 long terme dans des environnements difficiles.<\/li>\n<li>Adaptabilit\u00e9 multifonctionnelle\u00a0: Ces v\u00e9rins peuvent \u00eatre largement utilis\u00e9s dans divers \u00e9quipements m\u00e9caniques tels que les excavatrices, les grues et les bras m\u00e9caniques, s\u2019adaptant ainsi \u00e0 diff\u00e9rentes exigences de travail.<\/li>\n<li>Maintenance simplifi\u00e9e : La conception prend en compte la facilit\u00e9 d'entretien et de remplacement, ce qui rend les inspections et la maintenance r\u00e9guli\u00e8res plus pratiques et r\u00e9duit les temps d'arr\u00eat des \u00e9quipements.<\/li>\n<\/ul>\n<p>Nous pouvons produire ce produit et notre produit peut parfaitement remplacer ces v\u00e9rins hydrauliques.<\/p>\n<p><img decoding=\"async\" src=\"https:\/\/www.hydraulic-cylinders.net\/wp-content\/uploads\/2025\/01\/songte-oil-pipes-and-spare-parts.webp\"\/><\/p>\n<h3>Applications du v\u00e9rin de bras pour Carter CT150-8<\/h3>\n<p>Les v\u00e9rins \u00e0 bras sont utilis\u00e9s dans divers secteurs industriels et \u00e9quipements\u00a0:<\/p>\n<ul>\n<li>Construction : Les v\u00e9rins de bras sont utilis\u00e9s pour contr\u00f4ler le mouvement des godets ou des fl\u00e8ches des excavatrices et des grues, pour les travaux de terrassement, la manutention de mat\u00e9riaux et l'installation de structures.<\/li>\n<li>Fabrication : Les v\u00e9rins de bras sont utilis\u00e9s pour le mouvement des bras m\u00e9caniques dans les lignes de production automatis\u00e9es, pour les processus d'assemblage, de soudage et de manutention, am\u00e9liorant ainsi l'efficacit\u00e9 et la pr\u00e9cision de la production.<\/li>\n<li>Machines agricoles\u00a0: Les v\u00e9rins de bras contr\u00f4lent le mouvement du bras op\u00e9rateur des machines agricoles telles que les moissonneuses-batteuses et les semoirs, pour des t\u00e2ches comme le semis, la fertilisation et la r\u00e9colte.<\/li>\n<li>Exploitation mini\u00e8re : Les v\u00e9rins de bras servent \u00e0 contr\u00f4ler le mouvement des bras des \u00e9quipements miniers, pour l'extraction et le transport des minerais.<\/li>\n<li>Logistique et transport\u00a0: Les v\u00e9rins de bras servent \u00e0 contr\u00f4ler le levage et le d\u00e9placement des fourches des chariots \u00e9l\u00e9vateurs et des robots de manutention, pour la manutention et l\u2019empilage de mat\u00e9riaux.<\/li>\n<\/ul>\n<h3>Consid\u00e9rations de conception et crit\u00e8res de s\u00e9lection<\/h3>\n<p>Les v\u00e9rins de bras sont con\u00e7us en tenant compte de crit\u00e8res essentiels tels que la capacit\u00e9 de charge, l'\u00e9tanch\u00e9it\u00e9, la durabilit\u00e9, la s\u00e9curit\u00e9 et la facilit\u00e9 d'entretien\u00a0:<\/p>\n<ul>\n<li>Capacit\u00e9 de charge : Les v\u00e9rins des bras doivent \u00eatre con\u00e7us pour supporter la charge maximale de la machine.<\/li>\n<li>\u00c9tanch\u00e9it\u00e9 : Les v\u00e9rins de bras utilisent diff\u00e9rents types de joints, tels que des joints de piston et des joints de tige, fabriqu\u00e9s \u00e0 partir de mat\u00e9riaux r\u00e9sistants \u00e0 l'usure comme le polyur\u00e9thane et le caoutchouc nitrile, afin de garantir une \u00e9tanch\u00e9it\u00e9 optimale.<\/li>\n<li>Durabilit\u00e9 : Les v\u00e9rins de bras sont g\u00e9n\u00e9ralement fabriqu\u00e9s \u00e0 partir de mat\u00e9riaux \u00e0 haute r\u00e9sistance tels que l'acier alli\u00e9, avec des traitements de surface pr\u00e9cis pour accro\u00eetre la r\u00e9sistance \u00e0 l'usure et \u00e0 la corrosion.<\/li>\n<li>S\u00e9curit\u00e9 : Les v\u00e9rins \u00e0 bras doivent \u00eatre con\u00e7us avec diverses caract\u00e9ristiques de s\u00e9curit\u00e9 telles que des soupapes de d\u00e9charge de pression et des boutons d'arr\u00eat d'urgence afin de pr\u00e9venir les accidents.<\/li>\n<li>Maintenance : Les v\u00e9rins de bras doivent \u00eatre con\u00e7us pour une maintenance ais\u00e9e, avec des composants rempla\u00e7ables et un acc\u00e8s facile pour les inspections et les r\u00e9parations.<\/li>\n<\/ul>\n<p><img decoding=\"async\" src=\"https:\/\/www.hydraulic-cylinders.net\/wp-content\/uploads\/2025\/01\/songte-cylinder-head-with-all-kinds-excavator-models.webp\"\/><\/p>\n<h3>\u00c9tanch\u00e9it\u00e9 et lubrification<\/h3>\n<p>Les v\u00e9rins de bras utilisent divers composants d'\u00e9tanch\u00e9it\u00e9, tels que des joints de piston et des joints de tige, fabriqu\u00e9s \u00e0 partir de mat\u00e9riaux r\u00e9sistants \u00e0 l'usure comme le polyur\u00e9thane et le caoutchouc nitrile. Le corps du v\u00e9rin et la surface d'extr\u00e9mit\u00e9 filet\u00e9e sont usin\u00e9s avec pr\u00e9cision pour optimiser la r\u00e9sistance \u00e0 l'usure. Une lubrification r\u00e9guli\u00e8re \u00e0 l'huile hydraulique est indispensable pour garantir un fonctionnement optimal et une longue dur\u00e9e de vie au v\u00e9rin.<\/p>\n<h3>Inspection p\u00e9riodique et maintenance pr\u00e9ventive<\/h3>\n<p>L'inspection p\u00e9riodique et la maintenance pr\u00e9ventive sont importantes pour garantir le fonctionnement efficace et s\u00fbr des v\u00e9rins de bras. Voici quelques mesures de maintenance pr\u00e9ventive\u00a0:<\/p>\n<ul>\n<li>V\u00e9rifier la pression de service du cylindre et l'ajuster si n\u00e9cessaire.<\/li>\n<li>V\u00e9rification des fuites d'huile et des dommages au niveau de la tige de piston et des joints.<\/li>\n<li>V\u00e9rification du d\u00e9faut d'alignement ou de l'usure excessive des supports de cylindre ou des pi\u00e8ces de liaison<\/li>\n<li>Surveiller l'usure des composants du cylindre et les remplacer lorsque cela s'av\u00e8re n\u00e9cessaire.<\/li>\n<\/ul>\n<p><img decoding=\"async\" src=\"https:\/\/www.hydraulic-cylinders.net\/wp-content\/uploads\/2025\/01\/songte-chushion-collar.webp\"\/><\/p>\n<h3>Guide d'installation du cylindre de bras pour Carter CT150-8<\/h3>\n<p>Une installation correcte des v\u00e9rins de bras est essentielle pour un fonctionnement s\u00fbr et fiable. Les \u00e9tapes suivantes doivent \u00eatre respect\u00e9es\u00a0:<\/p>\n<ol>\n<li>Avant l'installation, inspectez le cylindre et ses composants afin de vous assurer qu'ils ne sont pas endommag\u00e9s ni recouverts de d\u00e9bris.<\/li>\n<li>Veillez \u00e0 ce que la surface de montage soit propre et exempte de bavures ou d'ar\u00eates vives susceptibles d'endommager le cylindre ou ses joints.<\/li>\n<li>Fixez le cylindre \u00e0 la surface de montage en utilisant les boulons appropri\u00e9s et le couple de serrage indiqu\u00e9.<\/li>\n<li>Raccordez les flexibles hydrauliques au v\u00e9rin en veillant \u00e0 leur acheminement et \u00e0 leur connexion corrects au syst\u00e8me hydraulique.<\/li>\n<li>Remplissez le cylindre d'huile hydraulique et effectuez un essai pour v\u00e9rifier son bon fonctionnement et l'absence de fuites.<\/li>\n<\/ol>\n<h3>Consid\u00e9rations de s\u00e9curit\u00e9 et facteurs environnementaux<\/h3>\n<p>Lors de l'utilisation de v\u00e9rins de bras, il est important de respecter les consignes de s\u00e9curit\u00e9 et les pr\u00e9cautions afin de pr\u00e9venir les accidents et les blessures. L'\u00e9limination appropri\u00e9e de l'huile hydraulique usag\u00e9e et des composants est \u00e9galement essentielle pour prot\u00e9ger l'environnement. <\/p>\n<h3>D\u00e9pannage et probl\u00e8mes courants<\/h3>\n<p>Parmi les probl\u00e8mes courants pouvant affecter les v\u00e9rins de bras, on retrouve les fuites, une puissance insuffisante et des bruits anormaux. Pour diagnostiquer et r\u00e9soudre ces probl\u00e8mes, il est important d'effectuer des inspections et un entretien r\u00e9guliers, et de consulter un professionnel si n\u00e9cessaire.<\/p>\n<h3>\u00c0 propos de nous<\/h3>\n<p>Nous sommes un fabricant professionnel de v\u00e9rins hydrauliques et un grossiste et distributeur de premier plan sur les march\u00e9s nationaux et internationaux. Nous privil\u00e9gions l'excellence, nous appuyons sur des strat\u00e9gies de gestion de production industrialis\u00e9es et nous am\u00e9liorons constamment notre niveau technique et notre productivit\u00e9. Gr\u00e2ce \u00e0 l'int\u00e9gration d'\u00e9quipements de fabrication num\u00e9rique de pointe et de syst\u00e8mes de test professionnels, nous optimisons en permanence notre plateforme de production afin de fournir \u00e0 nos clients des produits performants et de haute qualit\u00e9. Notre objectif est de r\u00e9pondre aux besoins vari\u00e9s de nos clients avec efficacit\u00e9, pr\u00e9cision et qualit\u00e9.<\/p>\n<p>Notre entreprise est reconnue pour son professionnalisme, ses certifications internationales, ses services personnalis\u00e9s, ses \u00e9quipements de production et son service apr\u00e8s-vente.<\/p>\n<p><img decoding=\"async\" src=\"https:\/\/www.hydraulic-cylinders.net\/wp-content\/uploads\/2025\/01\/songte-company-4.webp\"\/><\/p>\n<p><img decoding=\"async\" src=\"https:\/\/www.hydraulic-cylinders.net\/wp-content\/uploads\/2025\/01\/songte-company-3.webp\"\/><\/p>\n<p>Auteur : lyl<\/p>","protected":false},"excerpt":{"rendered":"<p>Arm Cylinder For Carter CT150-8 An arm cylinder is a specially designed hydraulic cylinder that is mainly used to provide linear motion and power to the arms of various machinery, such as excavators, cranes, and mechanical arms. Arm cylinders play a key role in hydraulic systems, allowing attachments or accessories to move and control effectively. [&hellip;]<\/p>","protected":false},"featured_media":14763,"comment_status":"open","ping_status":"closed","template":"","meta":{"_et_pb_use_builder":"","_et_pb_old_content":"","_et_gb_content_width":""},"product_brand":[],"product_cat":[1497],"product_tag":[1498,1496],"class_list":{"0":"post-16725","1":"product","2":"type-product","3":"status-publish","4":"has-post-thumbnail","6":"product_cat-arm-cylinders","7":"product_tag-arm-cylinders","8":"product_tag-hydraulic-cylinders","10":"first","11":"instock","12":"shipping-taxable","13":"product-type-simple"},"amp_enabled":true,"_links":{"self":[{"href":"https:\/\/www.hydraulic-cylinders.net\/fr\/wp-json\/wp\/v2\/product\/16725","targetHints":{"allow":["GET"]}}],"collection":[{"href":"https:\/\/www.hydraulic-cylinders.net\/fr\/wp-json\/wp\/v2\/product"}],"about":[{"href":"https:\/\/www.hydraulic-cylinders.net\/fr\/wp-json\/wp\/v2\/types\/product"}],"replies":[{"embeddable":true,"href":"https:\/\/www.hydraulic-cylinders.net\/fr\/wp-json\/wp\/v2\/comments?post=16725"}],"wp:featuredmedia":[{"embeddable":true,"href":"https:\/\/www.hydraulic-cylinders.net\/fr\/wp-json\/wp\/v2\/media\/14763"}],"wp:attachment":[{"href":"https:\/\/www.hydraulic-cylinders.net\/fr\/wp-json\/wp\/v2\/media?parent=16725"}],"wp:term":[{"taxonomy":"product_brand","embeddable":true,"href":"https:\/\/www.hydraulic-cylinders.net\/fr\/wp-json\/wp\/v2\/product_brand?post=16725"},{"taxonomy":"product_cat","embeddable":true,"href":"https:\/\/www.hydraulic-cylinders.net\/fr\/wp-json\/wp\/v2\/product_cat?post=16725"},{"taxonomy":"product_tag","embeddable":true,"href":"https:\/\/www.hydraulic-cylinders.net\/fr\/wp-json\/wp\/v2\/product_tag?post=16725"}],"curies":[{"name":"wp","href":"https:\/\/api.w.org\/{rel}","templated":true}]}}