{"id":16734,"date":"2025-01-21T05:50:31","date_gmt":"2025-01-21T05:50:31","guid":{"rendered":"https:\/\/www.hydraulic-cylinders.net\/product\/arm-cylinder-for-kym-ky60f\/"},"modified":"2025-01-21T05:50:32","modified_gmt":"2025-01-21T05:50:32","slug":"arm-cylinder-for-kym-ky60f","status":"publish","type":"product","link":"https:\/\/www.hydraulic-cylinders.net\/fr\/produit\/arm-cylinder-for-kym-ky60f\/","title":{"rendered":"Cylindre de bras pour KYM KY60F"},"content":{"rendered":"<h1>Cylindre de bras pour KYM KY60F<\/h1>\n<p><img decoding=\"async\" src=\"https:\/\/www.hydraulic-cylinders.net\/wp-content\/uploads\/2025\/01\/songte-company-2.webp\" alt=\"Cylindre de bras pour KYM KY60F\" \/><\/p>\n<h2>Introduction<\/h2>\n<p>Un v\u00e9rin de bras est un v\u00e9rin hydraulique sp\u00e9cialement con\u00e7u pour assurer le mouvement lin\u00e9aire et la puissance du bras de divers types d'engins, tels que les excavatrices, les grues et les bras robotis\u00e9s. Ce v\u00e9rin joue un r\u00f4le crucial dans les syst\u00e8mes hydrauliques, permettant un mouvement et un contr\u00f4le efficaces des outils ou accessoires. Ces v\u00e9rins garantissent non seulement un mouvement fluide, mais aussi une r\u00e9sistance aux charges importantes, assurant ainsi une efficacit\u00e9 et une fiabilit\u00e9 \u00e9lev\u00e9es de la machine dans diverses conditions d'utilisation.<\/p>\n<h2>Caract\u00e9ristiques<\/h2>\n<ul>\n<li><strong>Transmission de puissance \u00e0 haut rendement :<\/strong> Le v\u00e9rin du bras assure un mouvement lin\u00e9aire et une force puissants, garantissant ainsi des performances \u00e9lev\u00e9es du bras m\u00e9canique dans diverses op\u00e9rations.<\/li>\n<li><strong>Contr\u00f4le pr\u00e9cis :<\/strong> Gr\u00e2ce \u00e0 des syst\u00e8mes hydrauliques, le v\u00e9rin du bras assure un contr\u00f4le pr\u00e9cis du mouvement, rendant le fonctionnement des outils fix\u00e9s plus flexible et pr\u00e9cis.<\/li>\n<li><strong>Durabilit\u00e9:<\/strong> Les v\u00e9rins de bras sont g\u00e9n\u00e9ralement fabriqu\u00e9s \u00e0 partir de mat\u00e9riaux \u00e0 haute r\u00e9sistance, offrant une excellente r\u00e9sistance \u00e0 l'usure et \u00e0 la corrosion, adapt\u00e9s \u00e0 une utilisation \u00e0 long terme dans des environnements difficiles.<\/li>\n<li><strong>Adaptabilit\u00e9 multifonctionnelle\u00a0:<\/strong> Ces v\u00e9rins peuvent \u00eatre largement utilis\u00e9s dans divers \u00e9quipements de machines, tels que les excavatrices, les grues et les bras robotis\u00e9s, afin de s'adapter \u00e0 diff\u00e9rentes exigences de travail.<\/li>\n<li><strong>Entretien facile\u00a0:<\/strong> Con\u00e7us pour faciliter l'entretien et le remplacement, les v\u00e9rins de bras permettent des inspections et une maintenance r\u00e9guli\u00e8res, r\u00e9duisant ainsi les temps d'arr\u00eat des \u00e9quipements.<\/li>\n<\/ul>\n<p><img decoding=\"async\" src=\"https:\/\/www.hydraulic-cylinders.net\/wp-content\/uploads\/2025\/01\/songte-oil-pipes-and-spare-parts.webp\" alt=\"Caract\u00e9ristiques du cylindre de bras\" \/><\/p>\n<h2>Applications<\/h2>\n<ul>\n<li><strong>G\u00e9nie civil :<\/strong> Dans les excavatrices et les grues, les v\u00e9rins de bras servent \u00e0 contr\u00f4ler le mouvement des godets ou des fl\u00e8ches pour les travaux de terrassement, la manutention de mat\u00e9riaux et l'installation de structures.<\/li>\n<li><strong>Industrie manufacturi\u00e8re :<\/strong> Dans les lignes de production automatis\u00e9es, les v\u00e9rins de bras sont utilis\u00e9s pour le mouvement des bras robotis\u00e9s dans les processus d'assemblage, de soudage et de manutention, am\u00e9liorant ainsi l'efficacit\u00e9 et la pr\u00e9cision de la production.<\/li>\n<li><strong>Machines agricoles :<\/strong> Dans les \u00e9quipements agricoles tels que les moissonneuses-batteuses et les semoirs, les v\u00e9rins de bras contr\u00f4lent le mouvement des bras op\u00e9rationnels pour des t\u00e2ches comme le semis, la fertilisation et la r\u00e9colte.<\/li>\n<li><strong>Exploitation mini\u00e8re:<\/strong> Dans les \u00e9quipements miniers, les v\u00e9rins de bras servent \u00e0 contr\u00f4ler le mouvement des bras des machines d'extraction et de transport du minerai.<\/li>\n<li><strong>Logistique et transport :<\/strong> Dans les chariots \u00e9l\u00e9vateurs et les robots de manutention, les v\u00e9rins de bras servent \u00e0 contr\u00f4ler le levage et le mouvement des fourches, permettant ainsi la manutention et l'empilage des mat\u00e9riaux.<\/li>\n<\/ul>\n<h2>Consid\u00e9rations de conception et crit\u00e8res de s\u00e9lection<\/h2>\n<p><img decoding=\"async\" src=\"https:\/\/www.hydraulic-cylinders.net\/wp-content\/uploads\/2025\/01\/songte-cylinder-head-with-all-kinds-excavator-models.webp\" alt=\"Conception du cylindre de bras\" \/><\/p>\n<p>Lors de la conception et du choix des v\u00e9rins de bras, plusieurs facteurs cl\u00e9s doivent \u00eatre pris en compte\u00a0:<\/p>\n<ul>\n<li><strong>Capacit\u00e9 de charge :<\/strong> Le cylindre doit pouvoir supporter les charges pr\u00e9vues en fonctionnement.<\/li>\n<li><strong>Scellage:<\/strong> Divers composants d'\u00e9tanch\u00e9it\u00e9, tels que les joints de piston et les joints de tige, doivent \u00eatre utilis\u00e9s pour garantir une \u00e9tanch\u00e9it\u00e9 efficace. Des mat\u00e9riaux comme le polyur\u00e9thane et le caoutchouc nitrile sont couramment choisis pour leur r\u00e9sistance \u00e0 l'usure.<\/li>\n<li><strong>Durabilit\u00e9:<\/strong> Le corps du cylindre et les extr\u00e9mit\u00e9s filet\u00e9es doivent subir un traitement de finition afin d'am\u00e9liorer leur r\u00e9sistance \u00e0 l'usure.<\/li>\n<li><strong>S\u00e9curit\u00e9:<\/strong> Les consid\u00e9rations de s\u00e9curit\u00e9 doivent \u00eatre int\u00e9gr\u00e9es \u00e0 la conception, afin de garantir le fonctionnement s\u00fbr du v\u00e9rin du bras dans diff\u00e9rentes conditions de travail.<\/li>\n<li><strong>Maintenabilit\u00e9 :<\/strong> La facilit\u00e9 d'entretien et de r\u00e9paration doit \u00eatre prise en compte d\u00e8s la conception, afin de r\u00e9duire les temps d'arr\u00eat et de faciliter les inspections r\u00e9guli\u00e8res.<\/li>\n<\/ul>\n<h2>\u00c9tanch\u00e9it\u00e9 et lubrification<\/h2>\n<p>Le v\u00e9rin de bras utilise divers composants d'\u00e9tanch\u00e9it\u00e9, tels que des joints de piston et des joints de tige, fabriqu\u00e9s dans des mat\u00e9riaux durables comme le polyur\u00e9thane et le caoutchouc nitrile. Le corps du v\u00e9rin et ses extr\u00e9mit\u00e9s filet\u00e9es b\u00e9n\u00e9ficient d'un traitement de pr\u00e9cision pour une meilleure r\u00e9sistance \u00e0 l'usure. Une lubrification r\u00e9guli\u00e8re avec une huile hydraulique adapt\u00e9e est indispensable pour un fonctionnement optimal et une usure r\u00e9duite.<\/p>\n<h2>Inspection r\u00e9guli\u00e8re et maintenance pr\u00e9ventive<\/h2>\n<p>Pour garantir des performances optimales et prolonger la dur\u00e9e de vie du v\u00e9rin, une inspection r\u00e9guli\u00e8re et une maintenance pr\u00e9ventive sont indispensables. Les mesures suivantes doivent \u00eatre prises\u00a0:<\/p>\n<ul>\n<li>Inspectez le cylindre pour d\u00e9tecter tout signe de fuite, d'usure ou de dommage.<\/li>\n<li>V\u00e9rifier et maintenir des niveaux de lubrification appropri\u00e9s.<\/li>\n<li>Surveillez le fonctionnement du cylindre et corrigez rapidement toute anomalie.<\/li>\n<li>Remplacez les joints us\u00e9s ou autres composants selon les besoins.<\/li>\n<\/ul>\n<h2>Guide d'installation du produit<\/h2>\n<p><img decoding=\"async\" src=\"https:\/\/www.hydraulic-cylinders.net\/wp-content\/uploads\/2025\/01\/songte-bushings-with-all-kinds-of-excavator-models.webp\" alt=\"Installation du cylindre de bras\" \/><\/p>\n<p>Une installation correcte du cylindre de bras est essentielle \u00e0 son bon fonctionnement et \u00e0 sa long\u00e9vit\u00e9. Suivez ces \u00e9tapes\u00a0:<\/p>\n<ol>\n<li>Assurez-vous que la surface de montage est propre et exempte de d\u00e9bris.<\/li>\n<li>Alignez le cylindre dans la bonne orientation.<\/li>\n<li>Fixez solidement le cylindre \u00e0 l'aide de boulons ou de supports appropri\u00e9s.<\/li>\n<li>Effectuez les raccordements de tuyaux n\u00e9cessaires.<\/li>\n<li>Apr\u00e8s l'installation, effectuez une inspection approfondie afin de confirmer le bon fonctionnement.<\/li>\n<\/ol>\n<h2>Consid\u00e9rations de s\u00e9curit\u00e9 et facteurs environnementaux<\/h2>\n<p>Les mesures de s\u00e9curit\u00e9 sont primordiales lors de la manipulation de v\u00e9rins hydrauliques. Une formation ad\u00e9quate, le respect des consignes de s\u00e9curit\u00e9 et le port d'\u00e9quipements de protection individuelle permettent de pr\u00e9venir les accidents. Il convient \u00e9galement de tenir compte des facteurs environnementaux, notamment en choisissant des mat\u00e9riaux r\u00e9sistants \u00e0 la corrosion et aux conditions climatiques.<\/p>\n<h2>D\u00e9pannage et probl\u00e8mes courants<\/h2>\n<p><img decoding=\"async\" src=\"https:\/\/www.hydraulic-cylinders.net\/wp-content\/uploads\/2025\/01\/songte-chushion-collar.webp\" alt=\"D\u00e9pannage du cylindre de bras\" \/><\/p>\n<p>Comprendre les probl\u00e8mes courants pouvant survenir avec les v\u00e9rins de bras est essentiel pour un d\u00e9pannage et une r\u00e9solution efficaces. Parmi ces probl\u00e8mes, on retrouve les fuites, une puissance insuffisante et des mouvements erratiques. Voici quelques conseils et solutions\u00a0:<\/p>\n<ul>\n<li>En cas de fuite, v\u00e9rifiez les joints et remplacez-les si n\u00e9cessaire.<\/li>\n<li>Si la puissance de sortie est insuffisante, v\u00e9rifiez la pression et le d\u00e9bit du syst\u00e8me hydraulique.<\/li>\n<li>Si le mouvement est irr\u00e9gulier, inspectez les vannes de r\u00e9gulation et assurez-vous de leur bon fonctionnement.<\/li>\n<\/ul>\n<p>En suivant ces conseils de d\u00e9pannage et en mettant en \u0153uvre des mesures pr\u00e9ventives, les probl\u00e8mes potentiels peuvent \u00eatre minimis\u00e9s, garantissant ainsi le fonctionnement fiable du v\u00e9rin du bras.<\/p>\n<p><img decoding=\"async\" src=\"https:\/\/www.hydraulic-cylinders.net\/wp-content\/uploads\/2025\/01\/songte-company-4.webp\" alt=\"Pr\u00e9sentation de l&#039;entreprise\" \/><\/p>\n<h2>\u00c0 propos de nous<\/h2>\n<p>Nous sommes un fabricant professionnel de v\u00e9rins hydrauliques de remplacement, offrant une large gamme de produits. Comptant parmi les principaux fabricants et distributeurs de v\u00e9rins hydrauliques sur les march\u00e9s nationaux et internationaux, nous privil\u00e9gions l'excellence en mati\u00e8re de qualit\u00e9. Gr\u00e2ce \u00e0 notre atelier de fabrication moderne et \u00e0 notre strat\u00e9gie de gestion de la production industrielle, nous am\u00e9liorons constamment nos capacit\u00e9s techniques et notre productivit\u00e9. L'int\u00e9gration d'\u00e9quipements de fabrication num\u00e9rique de pointe et de syst\u00e8mes de test professionnels nous permet d'optimiser notre plateforme de production et de renforcer le contr\u00f4le qualit\u00e9 de nos produits, t\u00e9moignant ainsi de notre forte capacit\u00e9 d'innovation. Notre objectif est de r\u00e9pondre aux besoins vari\u00e9s de nos clients avec efficacit\u00e9, pr\u00e9cision et des produits de haute qualit\u00e9.<\/p>\n<p><img decoding=\"async\" src=\"https:\/\/www.hydraulic-cylinders.net\/wp-content\/uploads\/2025\/01\/songte-company-3.webp\" alt=\"Installations de l&#039;entreprise\" \/><\/p>\n<p>Notre entreprise se distingue par son professionnalisme, ses certifications internationales, ses services personnalis\u00e9s, ses \u00e9quipements de production et son service apr\u00e8s-vente. Nous mettons tout en \u0153uvre pour garantir une satisfaction client optimale et nous nous engageons \u00e0 fournir des v\u00e9rins hydrauliques fiables pour diverses applications.<\/p>\n<p><em>Auteur : lyl<\/em><\/p>","protected":false},"excerpt":{"rendered":"<p>Arm Cylinder For KYM KY60F Introduction An arm cylinder is a specially designed hydraulic cylinder that provides linear motion and power to the arm of various types of machinery, such as excavators, cranes, and robotic arms. The arm cylinder plays a crucial role in hydraulic systems, allowing for efficient movement and control of additional tools [&hellip;]<\/p>","protected":false},"featured_media":14766,"comment_status":"open","ping_status":"closed","template":"","meta":{"_et_pb_use_builder":"","_et_pb_old_content":"","_et_gb_content_width":""},"product_brand":[],"product_cat":[1497],"product_tag":[1498,1496],"class_list":{"0":"post-16734","1":"product","2":"type-product","3":"status-publish","4":"has-post-thumbnail","6":"product_cat-arm-cylinders","7":"product_tag-arm-cylinders","8":"product_tag-hydraulic-cylinders","10":"first","11":"instock","12":"shipping-taxable","13":"product-type-simple"},"amp_enabled":true,"_links":{"self":[{"href":"https:\/\/www.hydraulic-cylinders.net\/fr\/wp-json\/wp\/v2\/product\/16734","targetHints":{"allow":["GET"]}}],"collection":[{"href":"https:\/\/www.hydraulic-cylinders.net\/fr\/wp-json\/wp\/v2\/product"}],"about":[{"href":"https:\/\/www.hydraulic-cylinders.net\/fr\/wp-json\/wp\/v2\/types\/product"}],"replies":[{"embeddable":true,"href":"https:\/\/www.hydraulic-cylinders.net\/fr\/wp-json\/wp\/v2\/comments?post=16734"}],"wp:featuredmedia":[{"embeddable":true,"href":"https:\/\/www.hydraulic-cylinders.net\/fr\/wp-json\/wp\/v2\/media\/14766"}],"wp:attachment":[{"href":"https:\/\/www.hydraulic-cylinders.net\/fr\/wp-json\/wp\/v2\/media?parent=16734"}],"wp:term":[{"taxonomy":"product_brand","embeddable":true,"href":"https:\/\/www.hydraulic-cylinders.net\/fr\/wp-json\/wp\/v2\/product_brand?post=16734"},{"taxonomy":"product_cat","embeddable":true,"href":"https:\/\/www.hydraulic-cylinders.net\/fr\/wp-json\/wp\/v2\/product_cat?post=16734"},{"taxonomy":"product_tag","embeddable":true,"href":"https:\/\/www.hydraulic-cylinders.net\/fr\/wp-json\/wp\/v2\/product_tag?post=16734"}],"curies":[{"name":"wp","href":"https:\/\/api.w.org\/{rel}","templated":true}]}}