{"id":16738,"date":"2025-01-21T05:50:48","date_gmt":"2025-01-21T05:50:48","guid":{"rendered":"https:\/\/www.hydraulic-cylinders.net\/product\/arm-cylinder-for-kym-ky60a\/"},"modified":"2025-01-21T05:50:49","modified_gmt":"2025-01-21T05:50:49","slug":"arm-cylinder-for-kym-ky60a","status":"publish","type":"product","link":"https:\/\/www.hydraulic-cylinders.net\/fr\/produit\/arm-cylinder-for-kym-ky60a\/","title":{"rendered":"Cylindre de bras pour KYM KY60A"},"content":{"rendered":"<h2>Cylindre de bras pour KYM KY60A<\/h2>\n<h3>Introduction<\/h3>\n<p>Un v\u00e9rin de bras est un v\u00e9rin hydraulique sp\u00e9cialement con\u00e7u pour fournir un mouvement lin\u00e9aire et de la puissance aux bras de diverses machines, notamment les excavatrices, les grues et les bras m\u00e9caniques. Il joue un r\u00f4le crucial dans les syst\u00e8mes hydrauliques, permettant le mouvement et le contr\u00f4le efficaces d'outils ou d'accessoires suppl\u00e9mentaires. Ces v\u00e9rins assurent non seulement un mouvement fluide, mais supportent \u00e9galement des charges importantes, garantissant ainsi un fonctionnement efficace et une grande fiabilit\u00e9 des machines dans diverses conditions d'utilisation.<\/p>\n<p><img decoding=\"async\" src=\"https:\/\/www.hydraulic-cylinders.net\/wp-content\/uploads\/2025\/01\/songte-company-2.webp\" alt=\"Cylindre de bras pour KYM KY60A\" \/><\/p>\n<h3>Caract\u00e9ristiques<\/h3>\n<ul>\n<li>Transmission \u00e0 haut rendement : Les v\u00e9rins des bras fournissent un mouvement lin\u00e9aire et une force puissants, assurant ainsi des performances \u00e0 haut rendement des bras m\u00e9caniques dans diverses op\u00e9rations.<\/li>\n<li>Contr\u00f4le de pr\u00e9cision : Gr\u00e2ce au syst\u00e8me hydraulique, les v\u00e9rins du bras permettent un contr\u00f4le pr\u00e9cis du mouvement, rendant l'utilisation d'outils suppl\u00e9mentaires plus flexible et pr\u00e9cise.<\/li>\n<li>Grande durabilit\u00e9 : les v\u00e9rins de bras sont g\u00e9n\u00e9ralement fabriqu\u00e9s \u00e0 partir de mat\u00e9riaux \u00e0 haute r\u00e9sistance et pr\u00e9sentent une bonne r\u00e9sistance \u00e0 l'usure et \u00e0 la corrosion, ce qui les rend adapt\u00e9s \u00e0 une utilisation \u00e0 long terme dans des environnements difficiles.<\/li>\n<li>Adaptabilit\u00e9 multifonctionnelle : Ces v\u00e9rins peuvent \u00eatre largement utilis\u00e9s dans diff\u00e9rents types de machines, telles que les excavatrices, les grues et les bras m\u00e9caniques, afin de r\u00e9pondre \u00e0 diff\u00e9rents besoins op\u00e9rationnels.<\/li>\n<li>Maintenance ais\u00e9e : La conception prend en compte la facilit\u00e9 d'entretien et de remplacement, ce qui rend l'inspection et la maintenance r\u00e9guli\u00e8res plus pratiques et r\u00e9duit les temps d'arr\u00eat des \u00e9quipements.<\/li>\n<\/ul>\n<p>Nous pouvons fabriquer ce produit et il peut parfaitement remplacer ces v\u00e9rins hydrauliques.<\/p>\n<p><img decoding=\"async\" src=\"https:\/\/www.hydraulic-cylinders.net\/wp-content\/uploads\/2025\/01\/songte-oil-pipes-and-spare-parts.webp\" alt=\"Cylindre de bras pour KYM KY60A\" \/><\/p>\n<h3>Applications<\/h3>\n<p>Les v\u00e9rins \u00e0 bras ont de nombreuses applications dans divers secteurs industriels, notamment\u00a0:<\/p>\n<ul>\n<li>Construction : Dans les excavatrices et les grues, les v\u00e9rins de bras servent \u00e0 contr\u00f4ler le mouvement des godets ou des fl\u00e8ches pour les travaux de terrassement, la manutention de mat\u00e9riaux et l'installation de structures.<\/li>\n<li>Fabrication : Dans les lignes de production automatis\u00e9es, les v\u00e9rins de bras sont utilis\u00e9s pour le mouvement des bras m\u00e9caniques lors de l'assemblage, du soudage et de la manutention des mat\u00e9riaux, am\u00e9liorant ainsi l'efficacit\u00e9 et la pr\u00e9cision de la production.<\/li>\n<li>Machines agricoles\u00a0: Dans les machines agricoles telles que les moissonneuses-batteuses et les semoirs, les v\u00e9rins de bras contr\u00f4lent le mouvement des bras de travail pour des t\u00e2ches telles que la plantation, la fertilisation et la r\u00e9colte.<\/li>\n<li>Exploitation mini\u00e8re : Dans les \u00e9quipements miniers, les v\u00e9rins de bras servent \u00e0 contr\u00f4ler le mouvement des bras des engins d'extraction, pour l'extraction et le transport du minerai.<\/li>\n<li>Logistique et transport : Dans les chariots \u00e9l\u00e9vateurs et les robots de manutention, des v\u00e9rins de bras sont utilis\u00e9s pour contr\u00f4ler le levage et le d\u00e9placement des fourches, facilitant ainsi la manutention et l'empilage des mat\u00e9riaux.<\/li>\n<\/ul>\n<h3>Consid\u00e9rations de conception et crit\u00e8res de s\u00e9lection<\/h3>\n<p>Du point de vue de la conception, les v\u00e9rins de bras doivent prendre en compte leur capacit\u00e9 de charge, leur \u00e9tanch\u00e9it\u00e9, leur durabilit\u00e9, leur s\u00e9curit\u00e9 et leur facilit\u00e9 d'entretien. Voici les points cl\u00e9s\u00a0:<\/p>\n<ul>\n<li>Capacit\u00e9 de charge : Les v\u00e9rins de bras doivent pouvoir supporter la charge maximale de la machine tout en conservant leur fiabilit\u00e9 et leur pr\u00e9cision.<\/li>\n<li>\u00c9tanch\u00e9it\u00e9\u00a0: Les v\u00e9rins de bras n\u00e9cessitent divers joints tels que des joints de piston, des joints de tige, etc., qui doivent \u00eatre fabriqu\u00e9s \u00e0 partir de mat\u00e9riaux r\u00e9sistants \u00e0 l\u2019usure tels que le polyur\u00e9thane et le caoutchouc nitrile afin d\u2019assurer la long\u00e9vit\u00e9 des joints.<\/li>\n<li>Durabilit\u00e9 : Les v\u00e9rins de bras sont souvent soumis \u00e0 des conditions difficiles et doivent \u00eatre fabriqu\u00e9s \u00e0 partir de mat\u00e9riaux \u00e0 haute r\u00e9sistance tels que l'acier alli\u00e9 afin de garantir leur durabilit\u00e9 et leur long\u00e9vit\u00e9.<\/li>\n<li>S\u00e9curit\u00e9\u00a0: Les v\u00e9rins de bras doivent \u00eatre con\u00e7us pour pr\u00e9venir les accidents et garantir la s\u00e9curit\u00e9 du personnel et des machines. Ils doivent \u00eatre conformes aux normes et r\u00e9glementations de s\u00e9curit\u00e9 en vigueur.<\/li>\n<li>Maintenance : Les v\u00e9rins de bras doivent \u00eatre con\u00e7us pour faciliter la maintenance et la r\u00e9paration, notamment par un acc\u00e8s ais\u00e9 aux joints et autres composants.<\/li>\n<\/ul>\n<p><img decoding=\"async\" src=\"https:\/\/www.hydraulic-cylinders.net\/wp-content\/uploads\/2025\/01\/songte-cylinder-head-with-all-kinds-excavator-models.webp\" alt=\"Cylindre de bras pour KYM KY60A\" \/><\/p>\n<h3>\u00c9tanch\u00e9it\u00e9 et lubrification<\/h3>\n<p>Les v\u00e9rins de bras n\u00e9cessitent l'utilisation de divers types de joints, tels que des joints de piston et de tige. Ces joints doivent \u00eatre fabriqu\u00e9s dans des mat\u00e9riaux r\u00e9sistants \u00e0 l'usure, comme le polyur\u00e9thane et le caoutchouc nitrile. La t\u00eate de v\u00e9rin et la surface d'extr\u00e9mit\u00e9 filet\u00e9e du corps du v\u00e9rin doivent \u00eatre usin\u00e9es avec pr\u00e9cision afin d'am\u00e9liorer la r\u00e9sistance \u00e0 l'usure. Un appoint r\u00e9gulier d'huile hydraulique adapt\u00e9e est \u00e9galement indispensable pour la lubrification.<\/p>\n<h3>Mesures d'inspection r\u00e9guli\u00e8re et de maintenance pr\u00e9ventive<\/h3>\n<p>Une inspection r\u00e9guli\u00e8re et une maintenance pr\u00e9ventive sont essentielles pour garantir le bon fonctionnement des v\u00e9rins de bras. Les mesures suivantes doivent \u00eatre prises\u00a0:<\/p>\n<ul>\n<li>V\u00e9rifiez r\u00e9guli\u00e8rement l'\u00e9tat des joints et remplacez-les si n\u00e9cessaire.<\/li>\n<li>V\u00e9rifiez l'\u00e9tat du corps du cylindre et du piston, et remplacez-les si n\u00e9cessaire.<\/li>\n<li>V\u00e9rifiez l'\u00e9tat de la surface d'extr\u00e9mit\u00e9 du filetage (usure et rayures) et r\u00e9parez ou remplacez-la si n\u00e9cessaire.<\/li>\n<li>Ajouter r\u00e9guli\u00e8rement l'huile hydraulique appropri\u00e9e pour la lubrification.<\/li>\n<li>Inspection et entretien p\u00e9riodiques du syst\u00e8me hydraulique.<\/li>\n<\/ul>\n<p><img decoding=\"async\" src=\"https:\/\/www.hydraulic-cylinders.net\/wp-content\/uploads\/2025\/01\/songte-chushion-collar.webp\" alt=\"Cylindre de bras pour KYM KY60A\" \/><\/p>\n<h3>Guide d'installation du produit<\/h3>\n<p>Suivez ces instructions pour une installation correcte des cylindres de bras\u00a0:<\/p>\n<ul>\n<li>Veillez \u00e0 ce que la surface de montage soit propre et exempte de d\u00e9bris et de contaminants.<\/li>\n<li>Alignez le cylindre avec la surface de montage et installez les boulons ou les vis de fixation.<\/li>\n<li>Raccordez les flexibles hydrauliques au v\u00e9rin conform\u00e9ment au sch\u00e9ma du circuit hydraulique.<\/li>\n<li>Remplissez le syst\u00e8me hydraulique avec l'huile hydraulique appropri\u00e9e.<\/li>\n<li>V\u00e9rifiez le bon fonctionnement du cylindre.<\/li>\n<\/ul>\n<h3>Consid\u00e9rations de s\u00e9curit\u00e9 et facteurs environnementaux<\/h3>\n<p>Les mesures de s\u00e9curit\u00e9 sont essentielles lors de l'utilisation de machines \u00e9quip\u00e9es de v\u00e9rins de bras. Une formation ad\u00e9quate sur le fonctionnement et l'entretien de ces machines est indispensable pour garantir la s\u00e9curit\u00e9 du personnel et des \u00e9quipements. Les facteurs environnementaux tels que la temp\u00e9rature, l'humidit\u00e9, la poussi\u00e8re et les d\u00e9bris doivent \u00e9galement \u00eatre pris en compte, et des mesures appropri\u00e9es doivent \u00eatre mises en \u0153uvre pour assurer le bon fonctionnement des v\u00e9rins de bras.<\/p>\n<h3>D\u00e9pannage et probl\u00e8mes courants<\/h3>\n<p>Les probl\u00e8mes courants des v\u00e9rins de bras comprennent les fuites, la baisse de performance et l'endommagement des joints. Le diagnostic peut \u00eatre effectu\u00e9 en v\u00e9rifiant les joints, les niveaux d'huile hydraulique et le d\u00e9bit du syst\u00e8me hydraulique. Dans la plupart des cas, le probl\u00e8me peut \u00eatre r\u00e9solu par le remplacement des joints ou la r\u00e9paration du syst\u00e8me hydraulique. Des mesures pr\u00e9ventives telles qu'un entretien r\u00e9gulier permettent de r\u00e9duire la probabilit\u00e9 de probl\u00e8mes et d'augmenter la dur\u00e9e de vie des v\u00e9rins de bras.<\/p>\n<p><img decoding=\"async\" src=\"https:\/\/www.hydraulic-cylinders.net\/wp-content\/uploads\/2025\/01\/songte-bushings-with-all-kinds-of-excavator-models.webp\" alt=\"Cylindre de bras pour KYM KY60A\" \/><\/p>\n<h3>\u00c0 propos de nous<\/h3>\n<p>Nous sommes un fabricant professionnel de v\u00e9rins hydrauliques de remplacement offrant une large gamme de produits. Figurant parmi les principaux fabricants et distributeurs de v\u00e9rins hydrauliques sur les march\u00e9s nationaux et internationaux, nous nous engageons \u00e0 fournir une qualit\u00e9 irr\u00e9prochable. Nos ateliers de fabrication de pointe s'appuient sur des strat\u00e9gies de gestion de la production industrielle rigoureuses pour am\u00e9liorer constamment notre niveau technologique et notre productivit\u00e9. Gr\u00e2ce \u00e0 l'int\u00e9gration d'\u00e9quipements de fabrication num\u00e9rique haut de gamme et de syst\u00e8mes de test professionnels, nous optimisons notre plateforme de production, am\u00e9liorons nos processus de contr\u00f4le qualit\u00e9 et d\u00e9veloppons une forte capacit\u00e9 d'innovation. Notre objectif est de satisfaire les besoins vari\u00e9s de nos clients avec efficacit\u00e9, pr\u00e9cision et un souci constant de la qualit\u00e9.<\/p>\n<p>Nous sommes fiers de notre professionnalisme, de notre certification internationale, de nos services personnalis\u00e9s, de nos \u00e9quipements de production et de nos services apr\u00e8s-vente.<\/p>\n<p><img decoding=\"async\" src=\"https:\/\/www.hydraulic-cylinders.net\/wp-content\/uploads\/2025\/01\/songte-company-4.webp\" alt=\"Cylindre de bras pour KYM KY60A\" \/><br \/>\n<img decoding=\"async\" src=\"https:\/\/www.hydraulic-cylinders.net\/wp-content\/uploads\/2025\/01\/songte-company-3.webp\" alt=\"Cylindre de bras pour KYM KY60A\" \/><\/p>\n<p>Auteur : lyl.<\/p>","protected":false},"excerpt":{"rendered":"<p>Arm Cylinder For KYM KY60A Introduction An arm cylinder is a specially designed hydraulic cylinder used to provide linear motion and power to the arms of various machinery including excavators, cranes, and mechanical arms. It plays a crucial role in hydraulic systems, enabling the effective movement and control of additional tools or attachments. These cylinders [&hellip;]<\/p>","protected":false},"featured_media":14783,"comment_status":"open","ping_status":"closed","template":"","meta":{"_et_pb_use_builder":"","_et_pb_old_content":"","_et_gb_content_width":""},"product_brand":[],"product_cat":[1497],"product_tag":[1498,1496],"class_list":{"0":"post-16738","1":"product","2":"type-product","3":"status-publish","4":"has-post-thumbnail","6":"product_cat-arm-cylinders","7":"product_tag-arm-cylinders","8":"product_tag-hydraulic-cylinders","10":"first","11":"instock","12":"shipping-taxable","13":"product-type-simple"},"amp_enabled":true,"_links":{"self":[{"href":"https:\/\/www.hydraulic-cylinders.net\/fr\/wp-json\/wp\/v2\/product\/16738","targetHints":{"allow":["GET"]}}],"collection":[{"href":"https:\/\/www.hydraulic-cylinders.net\/fr\/wp-json\/wp\/v2\/product"}],"about":[{"href":"https:\/\/www.hydraulic-cylinders.net\/fr\/wp-json\/wp\/v2\/types\/product"}],"replies":[{"embeddable":true,"href":"https:\/\/www.hydraulic-cylinders.net\/fr\/wp-json\/wp\/v2\/comments?post=16738"}],"wp:featuredmedia":[{"embeddable":true,"href":"https:\/\/www.hydraulic-cylinders.net\/fr\/wp-json\/wp\/v2\/media\/14783"}],"wp:attachment":[{"href":"https:\/\/www.hydraulic-cylinders.net\/fr\/wp-json\/wp\/v2\/media?parent=16738"}],"wp:term":[{"taxonomy":"product_brand","embeddable":true,"href":"https:\/\/www.hydraulic-cylinders.net\/fr\/wp-json\/wp\/v2\/product_brand?post=16738"},{"taxonomy":"product_cat","embeddable":true,"href":"https:\/\/www.hydraulic-cylinders.net\/fr\/wp-json\/wp\/v2\/product_cat?post=16738"},{"taxonomy":"product_tag","embeddable":true,"href":"https:\/\/www.hydraulic-cylinders.net\/fr\/wp-json\/wp\/v2\/product_tag?post=16738"}],"curies":[{"name":"wp","href":"https:\/\/api.w.org\/{rel}","templated":true}]}}