{"id":16772,"date":"2025-01-21T05:53:12","date_gmt":"2025-01-21T05:53:12","guid":{"rendered":"https:\/\/www.hydraulic-cylinders.net\/product\/arm-cylinder-for-yishan-ys70\/"},"modified":"2025-01-21T05:53:17","modified_gmt":"2025-01-21T05:53:17","slug":"arm-cylinder-for-yishan-ys70","status":"publish","type":"product","link":"https:\/\/www.hydraulic-cylinders.net\/fr\/produit\/arm-cylinder-for-yishan-ys70\/","title":{"rendered":"Cylindre de bras pour Yishan YS70"},"content":{"rendered":"<h2>Cylindre de bras pour Yishan YS70<\/h2>\n<h3>D\u00e9finition du produit<\/h3>\n<p>Un v\u00e9rin de bras est un v\u00e9rin hydraulique con\u00e7u sp\u00e9cifiquement pour fournir un mouvement lin\u00e9aire et de la puissance aux bras de diverses machines, telles que les excavatrices, les grues et les bras m\u00e9caniques. Ce v\u00e9rin joue un r\u00f4le crucial dans le syst\u00e8me hydraulique, permettant un mouvement et un contr\u00f4le efficaces des accessoires. Ces v\u00e9rins assurent non seulement un mouvement fluide, mais supportent \u00e9galement des charges importantes, garantissant ainsi un fonctionnement efficace et une grande fiabilit\u00e9 de la machine dans diverses conditions d'utilisation.<\/p>\n<p><img decoding=\"async\" src=\"https:\/\/www.hydraulic-cylinders.net\/wp-content\/uploads\/2025\/01\/songte-company-2.webp\" alt=\"Image du cylindre de bras\"><\/p>\n<h3>Caract\u00e9ristiques du produit<\/h3>\n<ul>\n<li><strong>Transmission \u00e0 haut rendement :<\/strong> Le v\u00e9rin du bras assure un mouvement lin\u00e9aire et une force puissants, garantissant ainsi une performance \u00e0 haut rendement des bras m\u00e9caniques dans diverses op\u00e9rations.<\/li>\n<li><strong>Contr\u00f4le pr\u00e9cis :<\/strong> Gr\u00e2ce au syst\u00e8me hydraulique, le v\u00e9rin du bras permet un contr\u00f4le pr\u00e9cis du mouvement, rendant le fonctionnement des accessoires plus flexible et pr\u00e9cis.<\/li>\n<li><strong>Grande durabilit\u00e9 :<\/strong> Les v\u00e9rins de bras sont g\u00e9n\u00e9ralement fabriqu\u00e9s \u00e0 partir de mat\u00e9riaux \u00e0 haute r\u00e9sistance, offrant une bonne r\u00e9sistance \u00e0 l'usure et \u00e0 la corrosion, et adapt\u00e9s \u00e0 une utilisation \u00e0 long terme dans des environnements difficiles.<\/li>\n<li><strong>Adaptabilit\u00e9 multifonctionnelle\u00a0:<\/strong> Ces v\u00e9rins peuvent \u00eatre largement utilis\u00e9s dans divers \u00e9quipements m\u00e9caniques, tels que les excavatrices, les grues et les bras m\u00e9caniques, afin de r\u00e9pondre \u00e0 diff\u00e9rents besoins de travail.<\/li>\n<li><strong>Entretien facile\u00a0:<\/strong> La conception prend en compte la facilit\u00e9 d'entretien et de remplacement, ce qui rend l'inspection et l'entretien r\u00e9guliers plus pratiques et r\u00e9duit les temps d'arr\u00eat de l'\u00e9quipement.<\/li>\n<\/ul>\n<p>Nous pouvons fabriquer ce produit, qui peut parfaitement remplacer ces v\u00e9rins hydrauliques.<\/p>\n<p><img decoding=\"async\" src=\"https:\/\/www.hydraulic-cylinders.net\/wp-content\/uploads\/2025\/01\/songte-oil-pipes-and-spare-parts.webp\" alt=\"Image de remplacement du cylindre de bras\"><\/p>\n<h3>Applications du produit<\/h3>\n<p>Le v\u00e9rin \u00e0 bras est utilis\u00e9 dans diverses industries et applications\u00a0:<\/p>\n<ul>\n<li><strong>G\u00e9nie civil :<\/strong> Dans les excavatrices et les grues, le v\u00e9rin de bras sert \u00e0 contr\u00f4ler le mouvement du godet ou de la fl\u00e8che pour les travaux de terrassement, la manutention de mat\u00e9riaux et l'installation de structures.<\/li>\n<li><strong>Fabrication:<\/strong> Dans les lignes de production automatis\u00e9es, le v\u00e9rin \u00e0 bras est utilis\u00e9 pour le mouvement des bras m\u00e9caniques afin d'effectuer des op\u00e9rations d'assemblage, de soudage et de manutention, am\u00e9liorant ainsi l'efficacit\u00e9 et la pr\u00e9cision de la production.<\/li>\n<li><strong>Machines agricoles :<\/strong> Dans les machines agricoles telles que les moissonneuses-batteuses et les semoirs, le v\u00e9rin du bras contr\u00f4le le mouvement des bras moteurs pour effectuer des t\u00e2ches telles que le semis, la fertilisation et la r\u00e9colte.<\/li>\n<li><strong>Exploitation mini\u00e8re:<\/strong> Dans les \u00e9quipements miniers, le v\u00e9rin de bras sert \u00e0 contr\u00f4ler le mouvement du bras des engins d'extraction et de transport du minerai.<\/li>\n<li><strong>Logistique et transport :<\/strong> Dans les chariots \u00e9l\u00e9vateurs et les robots de manutention, le v\u00e9rin du bras sert \u00e0 contr\u00f4ler le levage et le mouvement des fourches, permettant ainsi la manutention et l'empilage des mat\u00e9riaux.<\/li>\n<\/ul>\n<h3>Consid\u00e9rations relatives \u00e0 la conception des produits et normes de s\u00e9lection<\/h3>\n<p>Les consid\u00e9rations de conception du cylindre de bras comprennent\u00a0:<\/p>\n<ul>\n<li><strong>Capacit\u00e9 portante :<\/strong> Le v\u00e9rin du bras doit pouvoir supporter la charge maximale de la machine en fonctionnement.<\/li>\n<li><strong>Scellage:<\/strong> Le v\u00e9rin du bras doit pr\u00e9senter une bonne \u00e9tanch\u00e9it\u00e9 afin d'\u00e9viter les fuites d'huile et d'assurer un fonctionnement efficace.<\/li>\n<li><strong>Durabilit\u00e9:<\/strong> Le v\u00e9rin du bras doit \u00eatre fabriqu\u00e9 \u00e0 partir de mat\u00e9riaux \u00e0 haute r\u00e9sistance et r\u00e9sistants \u00e0 l'usure afin de garantir une utilisation \u00e0 long terme dans des environnements difficiles.<\/li>\n<li><strong>S\u00e9curit\u00e9:<\/strong> Le v\u00e9rin du bras doit comporter des dispositifs de s\u00e9curit\u00e9 pour pr\u00e9venir les accidents pendant son fonctionnement.<\/li>\n<li><strong>Entretien:<\/strong> Le v\u00e9rin du bras doit \u00eatre con\u00e7u pour faciliter la maintenance et le remplacement afin de minimiser les temps d'arr\u00eat de l'\u00e9quipement.<\/li>\n<\/ul>\n<p><img decoding=\"async\" src=\"https:\/\/www.hydraulic-cylinders.net\/wp-content\/uploads\/2025\/01\/songte-cylinder-head-with-all-kinds-excavator-models.webp\" alt=\"Image de conception du cylindre de bras\"><\/p>\n<p>Les consid\u00e9rations relatives \u00e0 l'\u00e9tanch\u00e9it\u00e9 et \u00e0 la lubrification du v\u00e9rin de bras comprennent\u00a0:<\/p>\n<ul>\n<li>Il convient d'utiliser diff\u00e9rents composants d'\u00e9tanch\u00e9it\u00e9 tels que des joints de piston et des joints de tige, et de s\u00e9lectionner des mat\u00e9riaux r\u00e9sistants \u00e0 l'usure tels que le polyur\u00e9thane et le caoutchouc nitrile pour les joints.<\/li>\n<li>Le corps du cylindre et la surface d'extr\u00e9mit\u00e9 du filetage doivent \u00eatre finement usin\u00e9s pour am\u00e9liorer la r\u00e9sistance \u00e0 l'usure.<\/li>\n<li>Il convient d'ajouter r\u00e9guli\u00e8rement de l'huile hydraulique appropri\u00e9e pour la lubrification.<\/li>\n<\/ul>\n<h3>Mesures de maintenance pr\u00e9ventive<\/h3>\n<p>Les mesures de maintenance pr\u00e9ventive du v\u00e9rin comprennent\u00a0:<\/p>\n<ul>\n<li>Inspecter r\u00e9guli\u00e8rement le corps du cylindre et les joints pour d\u00e9tecter toute usure ou tout dommage.<\/li>\n<li>Contr\u00f4ler r\u00e9guli\u00e8rement le niveau et la qualit\u00e9 de l'huile hydraulique.<\/li>\n<li>Remplacement des joints d'\u00e9tanch\u00e9it\u00e9 et de l'huile hydraulique selon les besoins.<\/li>\n<li>Effectuer le nettoyage et l'entretien r\u00e9guliers du syst\u00e8me hydraulique.<\/li>\n<\/ul>\n<p><img decoding=\"async\" src=\"https:\/\/www.hydraulic-cylinders.net\/wp-content\/uploads\/2025\/01\/songte-chushion-collar.webp\" alt=\"Image de maintenance du cylindre de bras\"><\/p>\n<h3>Guide d'installation du produit<\/h3>\n<p>Le cylindre du bras doit \u00eatre install\u00e9 selon les \u00e9tapes suivantes\u00a0:<\/p>\n<ul>\n<li>Retirez l'ancien cylindre.<\/li>\n<li>Nettoyez la surface de montage et assurez-vous qu'elle est plane et exempte de d\u00e9bris.<\/li>\n<li>Fixez le nouveau cylindre \u00e0 la surface de montage \u00e0 l'aide des fixations appropri\u00e9es.<\/li>\n<li>Raccordez les flexibles hydrauliques conform\u00e9ment aux instructions du fabricant.<\/li>\n<li>V\u00e9rifiez le bon fonctionnement du cylindre.<\/li>\n<\/ul>\n<p><img decoding=\"async\" src=\"https:\/\/www.hydraulic-cylinders.net\/wp-content\/uploads\/2025\/01\/songte-bushings-with-all-kinds-of-excavator-models.webp\" alt=\"Image d&#039;installation du cylindre de bras\"><\/p>\n<h3>Consid\u00e9rations relatives \u00e0 la s\u00e9curit\u00e9 des produits et \u00e0 l'environnement<\/h3>\n<p>Le respect des consignes de s\u00e9curit\u00e9 est essentiel lors de l'utilisation du v\u00e9rin de bras afin de pr\u00e9venir les accidents et de garantir un fonctionnement s\u00fbr. Il convient \u00e9galement de prendre en compte les facteurs environnementaux, tels que l'\u00e9limination appropri\u00e9e de l'huile hydraulique usag\u00e9e.<\/p>\n<h3>D\u00e9pannage et probl\u00e8mes courants<\/h3>\n<p>Les probl\u00e8mes courants affectant le v\u00e9rin du bras incluent les fuites d'huile, une force insuffisante et des bruits anormaux lors du fonctionnement. Ces probl\u00e8mes peuvent \u00eatre diagnostiqu\u00e9s en inspectant les joints et les composants du syst\u00e8me hydraulique. Un entretien appropri\u00e9 et le remplacement des pi\u00e8ces us\u00e9es permettent de r\u00e9soudre ces probl\u00e8mes.<\/p>\n<h3>Conclusion<\/h3>\n<p>Nous sommes un fabricant professionnel de v\u00e9rins hydrauliques de remplacement. Notre gamme de produits est diversifi\u00e9e et nous sommes devenus l'un des principaux fabricants et distributeurs de v\u00e9rins hydrauliques sur les march\u00e9s nationaux et internationaux. Nous privil\u00e9gions l'excellence et am\u00e9liorons constamment nos technologies et notre productivit\u00e9. Notre objectif est de satisfaire les besoins de nos clients avec efficacit\u00e9, pr\u00e9cision et qualit\u00e9.<\/p>\n<p><img decoding=\"async\" src=\"https:\/\/www.hydraulic-cylinders.net\/wp-content\/uploads\/2025\/01\/songte-company-4.webp\" alt=\"Image de pr\u00e9sentation de l&#039;entreprise\"><br \/>\n<img decoding=\"async\" src=\"https:\/\/www.hydraulic-cylinders.net\/wp-content\/uploads\/2025\/01\/songte-company-3.webp\" alt=\"Image de pr\u00e9sentation de l&#039;entreprise\"><\/p>\n<p><em>Auteur : lyl<\/em><\/p>","protected":false},"excerpt":{"rendered":"<p>Arm Cylinder For Yishan YS70 Product Definition An arm cylinder is a hydraulic cylinder designed specifically to provide linear motion and power to the arms of various machines, such as excavators, cranes, and mechanical arms. The arm cylinder plays a crucial role in the hydraulic system, allowing for effective movement and control of attachments or [&hellip;]<\/p>","protected":false},"featured_media":14772,"comment_status":"open","ping_status":"closed","template":"","meta":{"_et_pb_use_builder":"","_et_pb_old_content":"","_et_gb_content_width":""},"product_brand":[],"product_cat":[1497],"product_tag":[1498,1496],"class_list":{"0":"post-16772","1":"product","2":"type-product","3":"status-publish","4":"has-post-thumbnail","6":"product_cat-arm-cylinders","7":"product_tag-arm-cylinders","8":"product_tag-hydraulic-cylinders","10":"first","11":"instock","12":"shipping-taxable","13":"product-type-simple"},"amp_enabled":true,"_links":{"self":[{"href":"https:\/\/www.hydraulic-cylinders.net\/fr\/wp-json\/wp\/v2\/product\/16772","targetHints":{"allow":["GET"]}}],"collection":[{"href":"https:\/\/www.hydraulic-cylinders.net\/fr\/wp-json\/wp\/v2\/product"}],"about":[{"href":"https:\/\/www.hydraulic-cylinders.net\/fr\/wp-json\/wp\/v2\/types\/product"}],"replies":[{"embeddable":true,"href":"https:\/\/www.hydraulic-cylinders.net\/fr\/wp-json\/wp\/v2\/comments?post=16772"}],"wp:featuredmedia":[{"embeddable":true,"href":"https:\/\/www.hydraulic-cylinders.net\/fr\/wp-json\/wp\/v2\/media\/14772"}],"wp:attachment":[{"href":"https:\/\/www.hydraulic-cylinders.net\/fr\/wp-json\/wp\/v2\/media?parent=16772"}],"wp:term":[{"taxonomy":"product_brand","embeddable":true,"href":"https:\/\/www.hydraulic-cylinders.net\/fr\/wp-json\/wp\/v2\/product_brand?post=16772"},{"taxonomy":"product_cat","embeddable":true,"href":"https:\/\/www.hydraulic-cylinders.net\/fr\/wp-json\/wp\/v2\/product_cat?post=16772"},{"taxonomy":"product_tag","embeddable":true,"href":"https:\/\/www.hydraulic-cylinders.net\/fr\/wp-json\/wp\/v2\/product_tag?post=16772"}],"curies":[{"name":"wp","href":"https:\/\/api.w.org\/{rel}","templated":true}]}}