{"id":16775,"date":"2025-01-21T05:53:28","date_gmt":"2025-01-21T05:53:28","guid":{"rendered":"https:\/\/www.hydraulic-cylinders.net\/product\/arm-cylinder-for-john-deere-e240lc\/"},"modified":"2025-01-21T05:53:31","modified_gmt":"2025-01-21T05:53:31","slug":"arm-cylinder-for-john-deere-e240lc","status":"publish","type":"product","link":"https:\/\/www.hydraulic-cylinders.net\/fr\/produit\/arm-cylinder-for-john-deere-e240lc\/","title":{"rendered":"Cylindre de bras pour John Deere E240LC"},"content":{"rendered":"<h2>Cylindre de bras pour John Deere E240LC<\/h2>\n<h3>Introduction<\/h3>\n<p>Le v\u00e9rin de bras est un v\u00e9rin hydraulique sp\u00e9cialement con\u00e7u pour assurer le mouvement lin\u00e9aire et la puissance du bras de divers types d'engins, tels que les excavatrices, les grues et les bras m\u00e9caniques. Il joue un r\u00f4le crucial dans le syst\u00e8me hydraulique, permettant le d\u00e9placement et le contr\u00f4le pr\u00e9cis d'outils ou d'accessoires suppl\u00e9mentaires. Ces v\u00e9rins garantissent non seulement des mouvements fluides, mais supportent \u00e9galement des charges importantes, assurant ainsi un fonctionnement efficace et une grande fiabilit\u00e9 de la machine dans diverses conditions de travail.<\/p>\n<p><img decoding=\"async\" src=\"https:\/\/www.hydraulic-cylinders.net\/wp-content\/uploads\/2025\/01\/songte-company-2.webp\"\/><\/p>\n<h3>Caract\u00e9ristiques<\/h3>\n<ul>\n<li>Transmission de puissance \u00e0 haut rendement : Le v\u00e9rin du bras assure un mouvement lin\u00e9aire et une force importants, garantissant ainsi des performances \u00e0 haut rendement du bras m\u00e9canique dans diverses op\u00e9rations.<\/li>\n<li>Contr\u00f4le de pr\u00e9cision : Gr\u00e2ce au syst\u00e8me hydraulique, le v\u00e9rin du bras permet un contr\u00f4le pr\u00e9cis du mouvement, rendant l'utilisation des outils suppl\u00e9mentaires plus flexible et pr\u00e9cise.<\/li>\n<li>Grande durabilit\u00e9 : les v\u00e9rins de bras sont g\u00e9n\u00e9ralement fabriqu\u00e9s \u00e0 partir de mat\u00e9riaux \u00e0 haute r\u00e9sistance offrant une bonne r\u00e9sistance \u00e0 l'usure et \u00e0 la corrosion, adapt\u00e9s \u00e0 une utilisation \u00e0 long terme dans des environnements difficiles.<\/li>\n<li>Adaptabilit\u00e9 multifonctionnelle : Ces v\u00e9rins peuvent \u00eatre largement utilis\u00e9s dans divers \u00e9quipements m\u00e9caniques, tels que les excavatrices, les grues et les bras m\u00e9caniques, pour s'adapter \u00e0 diff\u00e9rentes exigences de travail.<\/li>\n<li>Maintenance facile : Con\u00e7u pour faciliter la maintenance et le remplacement des \u00e9quipements, ce qui rend l'inspection et la maintenance r\u00e9guli\u00e8res plus pratiques et r\u00e9duit les temps d'arr\u00eat.<\/li>\n<\/ul>\n<p>Nous pouvons fabriquer ce produit et il peut parfaitement remplacer ces v\u00e9rins hydrauliques.<\/p>\n<p><img decoding=\"async\" src=\"https:\/\/www.hydraulic-cylinders.net\/wp-content\/uploads\/2025\/01\/songte-oil-pipes-and-spare-parts.webp\"\/><\/p>\n<h3>Applications<\/h3>\n<p>Le v\u00e9rin \u00e0 bras est utilis\u00e9 dans diverses applications, telles que\u00a0:<\/p>\n<ul>\n<li>G\u00e9nie civil : Dans les excavatrices et les grues, les v\u00e9rins de bras servent \u00e0 contr\u00f4ler le mouvement du godet ou de la fl\u00e8che pour les travaux de terrassement, la manutention de mat\u00e9riaux et l'installation de structures.<\/li>\n<li>Industrie manufacturi\u00e8re\u00a0: Dans les lignes de production automatis\u00e9es, les v\u00e9rins de bras sont utilis\u00e9s pour le mouvement des bras m\u00e9caniques lors des processus d\u2019assemblage, de soudage et de manutention afin d\u2019am\u00e9liorer l\u2019efficacit\u00e9 et la pr\u00e9cision de la production.<\/li>\n<li>Machines agricoles : Dans les machines agricoles telles que les moissonneuses-batteuses et les semoirs, les v\u00e9rins de bras contr\u00f4lent le mouvement du bras op\u00e9rateur pour effectuer des t\u00e2ches telles que le semis, la fertilisation et la r\u00e9colte.<\/li>\n<li>Exploitation mini\u00e8re : Dans les \u00e9quipements miniers, les v\u00e9rins de bras servent \u00e0 contr\u00f4ler le mouvement des bras des engins d'extraction et de manutention des mat\u00e9riaux.<\/li>\n<li>Logistique et transport : Dans les chariots \u00e9l\u00e9vateurs et les robots de manutention, des v\u00e9rins de bras sont utilis\u00e9s pour contr\u00f4ler le levage et le mouvement des fourches afin de manipuler et d'empiler les mat\u00e9riaux.<\/li>\n<\/ul>\n<h3>Normes de conception et de s\u00e9lection<\/h3>\n<p>La conception des v\u00e9rins de bras prend en compte la capacit\u00e9 de charge, l'\u00e9tanch\u00e9it\u00e9, la durabilit\u00e9, la s\u00e9curit\u00e9 et la facilit\u00e9 d'entretien. Ces aspects sont abord\u00e9s ci-dessous\u00a0:<\/p>\n<h4>capacit\u00e9 de charge<\/h4>\n<p>Le v\u00e9rin du bras doit pouvoir supporter la charge et la pression maximales afin de garantir le fonctionnement s\u00fbr et stable de la machine.<\/p>\n<h4>Scellage<\/h4>\n<p>Le cylindre du bras utilise divers \u00e9l\u00e9ments d'\u00e9tanch\u00e9it\u00e9, tels que des joints de piston, des joints de tige, etc., fabriqu\u00e9s \u00e0 partir de mat\u00e9riaux r\u00e9sistants \u00e0 l'usure tels que le polyur\u00e9thane, le caoutchouc nitrile, etc., afin de garantir une bonne \u00e9tanch\u00e9it\u00e9.<\/p>\n<h4>Durabilit\u00e9<\/h4>\n<p>Le cylindre du bras est g\u00e9n\u00e9ralement fabriqu\u00e9 \u00e0 partir de mat\u00e9riaux \u00e0 haute r\u00e9sistance pr\u00e9sentant une bonne r\u00e9sistance \u00e0 l'usure et \u00e0 la corrosion, et le corps du cylindre ainsi que les surfaces d'extr\u00e9mit\u00e9 filet\u00e9es sont finement usin\u00e9s pour am\u00e9liorer la r\u00e9sistance \u00e0 l'usure.<\/p>\n<h4>S\u00e9curit\u00e9<\/h4>\n<p>Le v\u00e9rin du bras doit \u00eatre \u00e9quip\u00e9 de dispositifs de s\u00e9curit\u00e9, tels qu'une soupape de d\u00e9charge, afin de pr\u00e9venir les dommages caus\u00e9s par une surcharge ou d'autres accidents.<\/p>\n<h4>Maintenabilit\u00e9<\/h4>\n<p>Le v\u00e9rin du bras est con\u00e7u pour faciliter la maintenance, notamment le remplacement ais\u00e9 des \u00e9l\u00e9ments d'\u00e9tanch\u00e9it\u00e9, ce qui r\u00e9duit les temps d'arr\u00eat des \u00e9quipements et les co\u00fbts de maintenance.<\/p>\n<p><img decoding=\"async\" src=\"https:\/\/www.hydraulic-cylinders.net\/wp-content\/uploads\/2025\/01\/songte-cylinder-head-with-all-kinds-excavator-models.webp\"\/><\/p>\n<h3>\u00c9tanch\u00e9it\u00e9 et lubrification<\/h3>\n<p>Le v\u00e9rin de bras utilise divers \u00e9l\u00e9ments d'\u00e9tanch\u00e9it\u00e9, tels que des joints de piston et de tige, fabriqu\u00e9s en mat\u00e9riaux r\u00e9sistants \u00e0 l'usure comme le polyur\u00e9thane et le caoutchouc nitrile. Le corps du v\u00e9rin et les surfaces d'extr\u00e9mit\u00e9 filet\u00e9es sont usin\u00e9s avec pr\u00e9cision pour une meilleure r\u00e9sistance \u00e0 l'usure. Il est n\u00e9cessaire d'ajouter r\u00e9guli\u00e8rement une quantit\u00e9 appropri\u00e9e d'huile hydraulique pour la lubrification.<\/p>\n<h3>Maintenance et mesures de pr\u00e9caution<\/h3>\n<p>Pour garantir le fonctionnement normal et fiable du v\u00e9rin, un contr\u00f4le et un entretien r\u00e9guliers sont n\u00e9cessaires. Les mesures suivantes doivent \u00eatre prises\u00a0:<\/p>\n<ul>\n<li>V\u00e9rifiez r\u00e9guli\u00e8rement le corps du cylindre pour d\u00e9tecter toute fissure, d\u00e9formation ou autre dommage.<\/li>\n<li>V\u00e9rifiez l'usure des \u00e9l\u00e9ments d'\u00e9tanch\u00e9it\u00e9 et remplacez-les \u00e0 temps.<\/li>\n<li>Ajoutez r\u00e9guli\u00e8rement de l'huile hydraulique pour la lubrification et remplacez-la r\u00e9guli\u00e8rement.<\/li>\n<li>Contr\u00f4lez r\u00e9guli\u00e8rement la soupape de s\u00e9curit\u00e9 pour vous assurer de son bon fonctionnement.<\/li>\n<li>Nettoyez r\u00e9guli\u00e8rement le corps du cylindre et les surfaces d'extr\u00e9mit\u00e9 filet\u00e9es pour garantir l'\u00e9tanch\u00e9it\u00e9.<\/li>\n<\/ul>\n<p><img decoding=\"async\" src=\"https:\/\/www.hydraulic-cylinders.net\/wp-content\/uploads\/2025\/01\/songte-chushion-collar.webp\"\/><\/p>\n<h3>Guide d'installation du produit<\/h3>\n<p>Avant d'installer le v\u00e9rin de bras, v\u00e9rifiez que ses sp\u00e9cifications, ses param\u00e8tres et ses dimensions d'installation sont compatibles avec la machine. Les \u00e9tapes d'installation sont les suivantes\u00a0:<\/p>\n<ol>\n<li>Avant l'installation, inspectez le corps du cylindre, la tige de piston et le joint torique afin de vous assurer qu'ils sont propres et exempts de dommages ou de d\u00e9fauts.<\/li>\n<li>Appliquez une fine couche d'huile hydraulique sur la tige de piston et le joint torique.<\/li>\n<li>Ins\u00e9rez la tige de piston dans le corps du cylindre et serrez l'extr\u00e9mit\u00e9 filet\u00e9e avec l'outil correspondant.<\/li>\n<li>Raccordez la conduite hydraulique et remplissez le syst\u00e8me d'huile hydraulique.<\/li>\n<li>V\u00e9rifiez l'\u00e9tanch\u00e9it\u00e9 du cylindre et testez son fonctionnement.<\/li>\n<\/ol>\n<p><img decoding=\"async\" src=\"https:\/\/www.hydraulic-cylinders.net\/wp-content\/uploads\/2025\/01\/songte-bushings-with-all-kinds-of-excavator-models.webp\"\/><\/p>\n<h3>Consid\u00e9rations de s\u00e9curit\u00e9 et facteurs environnementaux<\/h3>\n<p>Les mesures de s\u00e9curit\u00e9 sont essentielles lors de la manipulation de syst\u00e8mes hydrauliques. Les op\u00e9rateurs doivent \u00eatre conscients des risques li\u00e9s aux fluides haute pression et prendre les mesures appropri\u00e9es pour pr\u00e9venir les accidents. Il convient \u00e9galement de tenir compte des facteurs environnementaux, tels que la pollution sonore et l'\u00e9limination des d\u00e9chets, lors de l'utilisation des machines.<\/p>\n<h3>D\u00e9pannage et probl\u00e8mes courants<\/h3>\n<p>Les probl\u00e8mes courants pouvant affecter le v\u00e9rin du bras incluent les fuites d'huile, une pression insuffisante et des bruits anormaux. Les conseils suivants peuvent vous aider \u00e0 diagnostiquer et \u00e0 r\u00e9soudre ces probl\u00e8mes\u00a0:<\/p>\n<h4>Fuite d'huile<\/h4>\n<p>V\u00e9rifiez si les \u00e9l\u00e9ments d'\u00e9tanch\u00e9it\u00e9 sont endommag\u00e9s ou mal serr\u00e9s.<\/p>\n<h4>Pression insuffisante<\/h4>\n<p>V\u00e9rifiez si la canalisation hydraulique est obstru\u00e9e ou si la pompe fonctionne correctement.<\/p>\n<h4>Bruit anormal<\/h4>\n<p>V\u00e9rifiez si le corps du cylindre est d\u00e9form\u00e9 ou si la tige de piston est us\u00e9e.<\/p>\n<h3>Conclusion<\/h3>\n<p>Nous sommes un fabricant professionnel de v\u00e9rins hydrauliques de remplacement offrant une large gamme de produits. Figurant parmi les principaux fabricants et distributeurs de v\u00e9rins hydrauliques sur les march\u00e9s nationaux et internationaux, nous nous engageons \u00e0 fournir une qualit\u00e9 irr\u00e9prochable et \u00e0 am\u00e9liorer constamment nos technologies et notre productivit\u00e9. Notre objectif est de r\u00e9pondre aux besoins vari\u00e9s de nos clients gr\u00e2ce \u00e0 des produits performants, pr\u00e9cis et de haute qualit\u00e9.<\/p>\n<p><img decoding=\"async\" src=\"https:\/\/www.hydraulic-cylinders.net\/wp-content\/uploads\/2025\/01\/songte-company-4.webp\"\/><br \/>\n<img decoding=\"async\" src=\"https:\/\/www.hydraulic-cylinders.net\/wp-content\/uploads\/2025\/01\/songte-company-3.webp\"\/><\/p>\n<p>Auteur : lyl<\/p>","protected":false},"excerpt":{"rendered":"<p>Arm Cylinder For John Deere E240LC Introduction The arm cylinder is a specially designed hydraulic cylinder that provides linear motion and power to the arm of various types of machinery, such as excavators, cranes, and mechanical arms. The arm cylinder plays a crucial role in the hydraulic system, allowing additional tools or attachments to move [&hellip;]<\/p>","protected":false},"featured_media":14763,"comment_status":"open","ping_status":"closed","template":"","meta":{"_et_pb_use_builder":"","_et_pb_old_content":"","_et_gb_content_width":""},"product_brand":[],"product_cat":[1497],"product_tag":[1498,1496],"class_list":{"0":"post-16775","1":"product","2":"type-product","3":"status-publish","4":"has-post-thumbnail","6":"product_cat-arm-cylinders","7":"product_tag-arm-cylinders","8":"product_tag-hydraulic-cylinders","10":"first","11":"instock","12":"shipping-taxable","13":"product-type-simple"},"amp_enabled":true,"_links":{"self":[{"href":"https:\/\/www.hydraulic-cylinders.net\/fr\/wp-json\/wp\/v2\/product\/16775","targetHints":{"allow":["GET"]}}],"collection":[{"href":"https:\/\/www.hydraulic-cylinders.net\/fr\/wp-json\/wp\/v2\/product"}],"about":[{"href":"https:\/\/www.hydraulic-cylinders.net\/fr\/wp-json\/wp\/v2\/types\/product"}],"replies":[{"embeddable":true,"href":"https:\/\/www.hydraulic-cylinders.net\/fr\/wp-json\/wp\/v2\/comments?post=16775"}],"wp:featuredmedia":[{"embeddable":true,"href":"https:\/\/www.hydraulic-cylinders.net\/fr\/wp-json\/wp\/v2\/media\/14763"}],"wp:attachment":[{"href":"https:\/\/www.hydraulic-cylinders.net\/fr\/wp-json\/wp\/v2\/media?parent=16775"}],"wp:term":[{"taxonomy":"product_brand","embeddable":true,"href":"https:\/\/www.hydraulic-cylinders.net\/fr\/wp-json\/wp\/v2\/product_brand?post=16775"},{"taxonomy":"product_cat","embeddable":true,"href":"https:\/\/www.hydraulic-cylinders.net\/fr\/wp-json\/wp\/v2\/product_cat?post=16775"},{"taxonomy":"product_tag","embeddable":true,"href":"https:\/\/www.hydraulic-cylinders.net\/fr\/wp-json\/wp\/v2\/product_tag?post=16775"}],"curies":[{"name":"wp","href":"https:\/\/api.w.org\/{rel}","templated":true}]}}