{"id":16820,"date":"2025-01-21T05:56:48","date_gmt":"2025-01-21T05:56:48","guid":{"rendered":"https:\/\/www.hydraulic-cylinders.net\/product\/arm-cylinder-for-volwa-middle-excavator-dls230-8h\/"},"modified":"2025-01-21T05:56:49","modified_gmt":"2025-01-21T05:56:49","slug":"arm-cylinder-for-volwa-middle-excavator-dls230-8h","status":"publish","type":"product","link":"https:\/\/www.hydraulic-cylinders.net\/fr\/produit\/arm-cylinder-for-volwa-middle-excavator-dls230-8h\/","title":{"rendered":"V\u00e9rin de bras pour pelle moyenne Volkswagen DLS230-8H"},"content":{"rendered":"<h1>V\u00e9rin de bras pour pelle moyenne Volkswagen DLS230-8H<\/h1>\n<h2>Introduction<\/h2>\n<p>Un v\u00e9rin de bras est un v\u00e9rin hydraulique sp\u00e9cialement con\u00e7u pour fournir un mouvement lin\u00e9aire et de la puissance aux bras de diverses machines, telles que les excavatrices, les grues et les bras m\u00e9caniques. Ce v\u00e9rin joue un r\u00f4le essentiel dans les syst\u00e8mes hydrauliques, permettant le d\u00e9placement et le contr\u00f4le efficace des accessoires. Outre la fluidit\u00e9 du mouvement, ces v\u00e9rins supportent des charges importantes, garantissant ainsi le fonctionnement optimal et la fiabilit\u00e9 des machines dans diverses conditions d'utilisation.<\/p>\n<p><img decoding=\"async\" src=\"https:\/\/www.hydraulic-cylinders.net\/wp-content\/uploads\/2025\/01\/songte-company-2.webp\"><\/p>\n<h3>D\u00e9finition et explication<\/h3>\n<p>Un v\u00e9rin de bras est un type de v\u00e9rin hydraulique qui assure le mouvement lin\u00e9aire et la puissance des bras d'une machine. Fabriqu\u00e9 g\u00e9n\u00e9ralement en mat\u00e9riaux haute r\u00e9sistance, il offre une excellente durabilit\u00e9 et une grande r\u00e9sistance \u00e0 l'usure et \u00e0 la corrosion. Capable de fournir un mouvement lin\u00e9aire et une force importants, il garantit le bon fonctionnement des machines. Le contr\u00f4le pr\u00e9cis du mouvement par le syst\u00e8me hydraulique assure flexibilit\u00e9 et pr\u00e9cision dans l'utilisation des accessoires. Les v\u00e9rins de bras sont largement utilis\u00e9s dans divers engins, tels que les excavatrices, les grues et les bras m\u00e9caniques, et s'adaptent \u00e0 diff\u00e9rentes exigences de travail. De plus, leur conception facilite la maintenance, simplifiant ainsi l'inspection et l'entretien et r\u00e9duisant les temps d'arr\u00eat.<\/p>\n<h2>Caract\u00e9ristiques<\/h2>\n<p>Le v\u00e9rin de bras pour pelle moyenne Volwa DLS230-8H pr\u00e9sente les caract\u00e9ristiques suivantes\u00a0:<\/p>\n<ol>\n<li><strong>Entra\u00eenement \u00e0 haut rendement :<\/strong> Le v\u00e9rin du bras assure un mouvement lin\u00e9aire et une force puissants, garantissant ainsi le bon fonctionnement des machines.<\/li>\n<li><strong>Contr\u00f4le pr\u00e9cis :<\/strong> Le syst\u00e8me hydraulique du v\u00e9rin du bras permet un contr\u00f4le pr\u00e9cis du mouvement, ce qui se traduit par un fonctionnement plus flexible et pr\u00e9cis des accessoires.<\/li>\n<li><strong>Durabilit\u00e9:<\/strong> Les v\u00e9rins de bras sont g\u00e9n\u00e9ralement fabriqu\u00e9s \u00e0 partir de mat\u00e9riaux \u00e0 haute r\u00e9sistance, ce qui les rend durables et r\u00e9sistants \u00e0 l'usure et \u00e0 la corrosion, les rendant ainsi adapt\u00e9s \u00e0 une utilisation \u00e0 long terme dans des environnements difficiles.<\/li>\n<li><strong>Adaptabilit\u00e9 multifonctionnelle\u00a0:<\/strong> Ces v\u00e9rins peuvent \u00eatre largement utilis\u00e9s dans divers \u00e9quipements de machines, tels que les excavatrices, les grues et les bras m\u00e9caniques, pour s'adapter \u00e0 diff\u00e9rentes exigences de travail.<\/li>\n<li><strong>Entretien facile\u00a0:<\/strong> Les v\u00e9rins de bras sont con\u00e7us pour faciliter l'entretien et le remplacement, ce qui rend les inspections et la maintenance r\u00e9guli\u00e8res plus pratiques et r\u00e9duit ainsi les temps d'arr\u00eat des \u00e9quipements.<\/li>\n<\/ol>\n<p>Nous pouvons fabriquer et remplacer ces v\u00e9rins hydrauliques par nos produits. Nos produits sont parfaitement compatibles avec ces v\u00e9rins hydrauliques. <\/p>\n<p><img decoding=\"async\" src=\"https:\/\/www.hydraulic-cylinders.net\/wp-content\/uploads\/2025\/01\/songte-oil-pipes-and-spare-parts.webp\"><\/p>\n<h2>Applications<\/h2>\n<p>Le v\u00e9rin de bras pour pelle moyenne Volwa DLS230-8H a diverses applications dans diff\u00e9rentes industries, telles que\u00a0:<\/p>\n<ul>\n<li><strong>G\u00e9nie civil :<\/strong> Dans les excavatrices et les grues, les v\u00e9rins de bras contr\u00f4lent le mouvement des pelles ou des fl\u00e8ches pour les travaux de terrassement, la manutention des mat\u00e9riaux et l'installation de structures.<\/li>\n<li><strong>Fabrication:<\/strong> Dans les lignes de production automatis\u00e9es, les v\u00e9rins de bras contr\u00f4lent le mouvement des bras m\u00e9caniques pour effectuer les op\u00e9rations d'assemblage, de soudage et de manutention, am\u00e9liorant ainsi l'efficacit\u00e9 et la pr\u00e9cision de la production.<\/li>\n<li><strong>Machines agricoles :<\/strong> Dans les machines agricoles telles que les moissonneuses-batteuses et les semoirs, les v\u00e9rins de bras contr\u00f4lent le mouvement des bras de travail pour ex\u00e9cuter des t\u00e2ches telles que le semis, la fertilisation et la r\u00e9colte.<\/li>\n<li><strong>Exploitation mini\u00e8re:<\/strong> Dans les \u00e9quipements miniers, les v\u00e9rins de bras contr\u00f4lent le mouvement des bras de l'\u00e9quipement pour extraire et transporter les minerais.<\/li>\n<li><strong>Logistique et transport :<\/strong> Dans les chariots \u00e9l\u00e9vateurs et les robots de manutention, les v\u00e9rins des bras contr\u00f4lent le levage et le mouvement des fourches pour manipuler et empiler les mat\u00e9riaux.<\/li>\n<\/ul>\n<p>Le v\u00e9rin de bras pour pelle moyenne Volwa DLS230-8H est polyvalent, adaptable \u00e0 diff\u00e9rents \u00e9quipements et am\u00e9liore l'efficacit\u00e9 op\u00e9rationnelle.<\/p>\n<h2>Consid\u00e9rations de conception et crit\u00e8res de s\u00e9lection<\/h2>\n<p>Lors de la conception et de la s\u00e9lection des v\u00e9rins de bras, plusieurs facteurs doivent \u00eatre pris en compte, notamment\u00a0:<\/p>\n<ul>\n<li><strong>Capacit\u00e9 de charge :<\/strong> Les v\u00e9rins de bras doivent pouvoir supporter des charges importantes, garantissant ainsi un fonctionnement efficace de la machine dans diff\u00e9rentes conditions de travail.<\/li>\n<li><strong>Performance d'\u00e9tanch\u00e9it\u00e9 :<\/strong> Le v\u00e9rin hydraulique doit pr\u00e9senter une excellente \u00e9tanch\u00e9it\u00e9 afin d'\u00e9viter les fuites de fluide, qui peuvent entra\u00eener une r\u00e9duction des performances, une augmentation de la consommation d'\u00e9nergie et une usure pr\u00e9matur\u00e9e.<\/li>\n<li><strong>Durabilit\u00e9:<\/strong> Les v\u00e9rins de bras doivent \u00eatre fabriqu\u00e9s \u00e0 partir de mat\u00e9riaux \u00e0 haute r\u00e9sistance et pr\u00e9senter une excellente r\u00e9sistance \u00e0 l'usure et \u00e0 la corrosion, ce qui les rend adapt\u00e9s \u00e0 une utilisation \u00e0 long terme dans des environnements difficiles.<\/li>\n<li><strong>S\u00e9curit\u00e9:<\/strong> Les v\u00e9rins de bras doivent r\u00e9pondre aux normes de s\u00e9curit\u00e9 afin de pr\u00e9venir les accidents et d'assurer un fonctionnement s\u00fbr et fiable des machines.<\/li>\n<li><strong>Entretien:<\/strong> Les v\u00e9rins de bras doivent \u00eatre con\u00e7us pour faciliter l'entretien et le remplacement, ce qui rend les inspections et la maintenance r\u00e9guli\u00e8res plus pratiques et r\u00e9duit les temps d'arr\u00eat des \u00e9quipements.<\/li>\n<\/ul>\n<p><img decoding=\"async\" src=\"https:\/\/www.hydraulic-cylinders.net\/wp-content\/uploads\/2025\/01\/songte-cylinder-head-with-all-kinds-excavator-models.webp\"><\/p>\n<h2>\u00c9tanch\u00e9it\u00e9 et lubrification<\/h2>\n<p>Les v\u00e9rins de bras utilisent diff\u00e9rents types de joints, tels que les joints de piston et les joints de tige, fabriqu\u00e9s en mat\u00e9riaux r\u00e9sistants \u00e0 l'usure comme le polyur\u00e9thane et le caoutchouc nitrile. La t\u00eate de v\u00e9rin et les surfaces d'extr\u00e9mit\u00e9 de la tige sont usin\u00e9es avec pr\u00e9cision pour une meilleure r\u00e9sistance \u00e0 l'usure. La lubrification est indispensable au bon fonctionnement du v\u00e9rin\u00a0; il convient donc d'ajouter r\u00e9guli\u00e8rement de l'huile hydraulique en quantit\u00e9 appropri\u00e9e.<\/p>\n<h2>Mesures d'inspection et de maintenance pr\u00e9ventive<\/h2>\n<p>Des inspections r\u00e9guli\u00e8res et une maintenance pr\u00e9ventive permettent d'identifier et de r\u00e9soudre rapidement les probl\u00e8mes potentiels et de r\u00e9duire les temps d'arr\u00eat des \u00e9quipements. Les mesures suivantes peuvent \u00eatre prises\u00a0:<\/p>\n<ul>\n<li>Inspectez r\u00e9guli\u00e8rement le cylindre du bras pour d\u00e9tecter les fuites, les dommages et l'usure, et remplacez rapidement les pi\u00e8ces us\u00e9es ou endommag\u00e9es.<\/li>\n<li>V\u00e9rifiez le niveau d'huile hydraulique et ajoutez-en si n\u00e9cessaire.<\/li>\n<li>V\u00e9rifiez l'\u00e9tat des conduites hydrauliques et rep\u00e9rez les dommages et les fuites ; remplacez-les si n\u00e9cessaire.<\/li>\n<li>V\u00e9rifiez r\u00e9guli\u00e8rement le serrage des boulons de fixation du cylindre.<\/li>\n<li>Inspectez la tige du cylindre pour d\u00e9tecter toute usure, tout dommage ou toute d\u00e9formation, et r\u00e9parez-la ou remplacez-la selon les besoins.<\/li>\n<\/ul>\n<p><img decoding=\"async\" src=\"https:\/\/www.hydraulic-cylinders.net\/wp-content\/uploads\/2025\/01\/songte-chushion-collar.webp\"><\/p>\n<h2>Guide d'installation du produit<\/h2>\n<p>Le v\u00e9rin de bras pour la pelle moyenne Volwa DLS230-8H est facile \u00e0 installer. Suivez ces \u00e9tapes\u00a0:<\/p>\n<ol>\n<li>Placez le cylindre dans son emplacement de montage et alignez-le avec les trous de fixation.<\/li>\n<li>Fixez le cylindre \u00e0 l'aide de boulons et d'\u00e9crous.<\/li>\n<li>Raccordez les conduites et les raccords hydrauliques aux orifices du v\u00e9rin.<\/li>\n<li>Remplissez le syst\u00e8me d'huile hydraulique et v\u00e9rifiez l'absence de fuites.<\/li>\n<\/ol>\n<p>Pour des instructions d'installation plus d\u00e9taill\u00e9es, veuillez vous r\u00e9f\u00e9rer au manuel du fabricant.<\/p>\n<p><img decoding=\"async\" src=\"https:\/\/www.hydraulic-cylinders.net\/wp-content\/uploads\/2025\/01\/songte-bushings-with-all-kinds-of-excavator-models.webp\"><\/p>\n<h2>Consid\u00e9rations de s\u00e9curit\u00e9 et facteurs environnementaux<\/h2>\n<p>Lors de l'utilisation de v\u00e9rins de bras, la s\u00e9curit\u00e9 doit \u00eatre une priorit\u00e9 absolue. Respectez les normes et consignes de s\u00e9curit\u00e9 afin d'\u00e9viter les accidents et de garantir un fonctionnement s\u00fbr et fiable des machines. Par ailleurs, tenez compte des facteurs environnementaux, tels que l'\u00e9limination appropri\u00e9e de l'huile hydraulique usag\u00e9e et des autres d\u00e9chets, afin de r\u00e9duire l'impact environnemental.<\/p>\n<h2>Diagnostic des pannes et probl\u00e8mes courants<\/h2>\n<p>Les v\u00e9rins de bras peuvent pr\u00e9senter divers probl\u00e8mes, notamment des fuites, des dommages et l'usure. Voici quelques probl\u00e8mes courants\u00a0:<\/p>\n<ul>\n<li>Force ou puissance insuffisante<\/li>\n<li>Mouvement lent ou erratique<\/li>\n<li>Augmentation du bruit ou des vibrations<\/li>\n<li>Fuite<\/li>\n<\/ul>\n<p>Si l'un de ces probl\u00e8mes survient, suivez les instructions du manuel du fabricant et effectuez les r\u00e9parations ou les remplacements n\u00e9cessaires pour \u00e9viter d'autres dommages.<\/p>\n<h2>Mesures de d\u00e9pannage et de pr\u00e9vention<\/h2>\n<p>Un d\u00e9pannage efficace et des mesures pr\u00e9ventives permettent de diagnostiquer et de r\u00e9soudre les probl\u00e8mes rapidement et de r\u00e9duire les temps d'arr\u00eat des \u00e9quipements. Voici quelques points \u00e0 consid\u00e9rer\u00a0:<\/p>\n<ul>\n<li>Inspections et entretien r\u00e9guliers<\/li>\n<li>Installation correcte<\/li>\n<li>Utilisation de composants de haute qualit\u00e9<\/li>\n<li>Respect des consignes et normes de s\u00e9curit\u00e9<\/li>\n<\/ul>\n<p>En prenant ces mesures, vous pouvez r\u00e9duire la fr\u00e9quence des probl\u00e8mes et les temps d'arr\u00eat des \u00e9quipements qui en r\u00e9sultent, et prolonger la dur\u00e9e de vie du v\u00e9rin du bras.<\/p>\n<p><img decoding=\"async\" src=\"https:\/\/www.hydraulic-cylinders.net\/wp-content\/uploads\/2025\/01\/songte-company-4.webp\"><\/p>\n<h2>\u00c0 propos de nous<\/h2>\n<p>Nous sommes un fabricant professionnel de v\u00e9rins hydrauliques de remplacement, offrant une large gamme de produits. Comptant parmi les principaux fabricants et distributeurs de v\u00e9rins hydrauliques en gros, tant au niveau national qu'international, nous privil\u00e9gions l'excellence et nous appuyons sur des strat\u00e9gies de gestion de production industrialis\u00e9es au sein d'ateliers de fabrication de pointe. Nous am\u00e9liorons constamment notre niveau technique et notre productivit\u00e9. Gr\u00e2ce \u00e0 l'int\u00e9gration d'\u00e9quipements de fabrication num\u00e9riques haut de gamme et de syst\u00e8mes de test professionnels, nous optimisons notre plateforme de production, am\u00e9liorons le processus de contr\u00f4le qualit\u00e9 et disposons d'une forte capacit\u00e9 d'innovation. Notre objectif est de r\u00e9pondre aux besoins vari\u00e9s de nos clients en nous appuyant sur l'efficacit\u00e9, la pr\u00e9cision et la qualit\u00e9.<\/p>\n<h3>Professionnalisme<\/h3>\n<p>Nous sommes une \u00e9quipe de professionnels qualifi\u00e9s poss\u00e9dant une vaste exp\u00e9rience dans la fabrication, la recherche et le d\u00e9veloppement de v\u00e9rins hydrauliques. Nous nous engageons \u00e0 fournir \u00e0 nos clients les meilleurs produits et services, dans les meilleurs d\u00e9lais et avec efficacit\u00e9.<\/p>\n<h3>Certification internationale<\/h3>\n<p>Nos produits ont obtenu des certifications internationales telles que ISO, CE et SGS, ce qui t\u00e9moigne de notre engagement envers la qualit\u00e9 et la s\u00e9curit\u00e9.<\/p>\n<h3>Services de personnalisation<\/h3>\n<p>Nous proposons des v\u00e9rins hydrauliques sur mesure, adapt\u00e9s aux exigences sp\u00e9cifiques de chaque client, afin de garantir qu'ils r\u00e9pondent \u00e0 leurs besoins et pr\u00e9f\u00e9rences uniques.<\/p>\n<h3>\u00c9quipement de production<\/h3>\n<p>Nous utilisons des \u00e9quipements de fabrication num\u00e9riques haut de gamme pour garantir la haute qualit\u00e9 et la pr\u00e9cision de nos produits, ce qui am\u00e9liore \u00e9galement l'efficacit\u00e9 de la production.<\/p>\n<h3>Service apr\u00e8s-vente<\/h3>\n<p>Nous offrons un excellent service apr\u00e8s-vente, comprenant l'assistance \u00e0 l'installation, la maintenance et les services de remplacement, afin de garantir la satisfaction de nos clients. <\/p>\n<p><img decoding=\"async\" src=\"https:\/\/www.hydraulic-cylinders.net\/wp-content\/uploads\/2025\/01\/songte-company-3.webp\"><\/p>\n<p>Nous nous engageons \u00e0 fournir \u00e0 nos clients des v\u00e9rins hydrauliques de haute qualit\u00e9 et un service irr\u00e9prochable. Nos produits s'adaptent \u00e0 diff\u00e9rents \u00e9quipements et r\u00e9pondent aux besoins vari\u00e9s de l'industrie. <\/p>\n<p>Auteur : lyl<\/p>","protected":false},"excerpt":{"rendered":"<p>Arm Cylinder For Volwa Middle Excavator DLS230-8H Introduction An arm cylinder is a specially designed hydraulic cylinder used to provide linear motion and power to the arms of various machinery, such as excavators, cranes, and mechanical arms. The arm cylinder plays a key role in hydraulic systems, enabling attachments or accessories to move and be [&hellip;]<\/p>","protected":false},"featured_media":14777,"comment_status":"open","ping_status":"closed","template":"","meta":{"_et_pb_use_builder":"","_et_pb_old_content":"","_et_gb_content_width":""},"product_brand":[],"product_cat":[1497],"product_tag":[1498,1496],"class_list":{"0":"post-16820","1":"product","2":"type-product","3":"status-publish","4":"has-post-thumbnail","6":"product_cat-arm-cylinders","7":"product_tag-arm-cylinders","8":"product_tag-hydraulic-cylinders","10":"first","11":"instock","12":"shipping-taxable","13":"product-type-simple"},"amp_enabled":true,"_links":{"self":[{"href":"https:\/\/www.hydraulic-cylinders.net\/fr\/wp-json\/wp\/v2\/product\/16820","targetHints":{"allow":["GET"]}}],"collection":[{"href":"https:\/\/www.hydraulic-cylinders.net\/fr\/wp-json\/wp\/v2\/product"}],"about":[{"href":"https:\/\/www.hydraulic-cylinders.net\/fr\/wp-json\/wp\/v2\/types\/product"}],"replies":[{"embeddable":true,"href":"https:\/\/www.hydraulic-cylinders.net\/fr\/wp-json\/wp\/v2\/comments?post=16820"}],"wp:featuredmedia":[{"embeddable":true,"href":"https:\/\/www.hydraulic-cylinders.net\/fr\/wp-json\/wp\/v2\/media\/14777"}],"wp:attachment":[{"href":"https:\/\/www.hydraulic-cylinders.net\/fr\/wp-json\/wp\/v2\/media?parent=16820"}],"wp:term":[{"taxonomy":"product_brand","embeddable":true,"href":"https:\/\/www.hydraulic-cylinders.net\/fr\/wp-json\/wp\/v2\/product_brand?post=16820"},{"taxonomy":"product_cat","embeddable":true,"href":"https:\/\/www.hydraulic-cylinders.net\/fr\/wp-json\/wp\/v2\/product_cat?post=16820"},{"taxonomy":"product_tag","embeddable":true,"href":"https:\/\/www.hydraulic-cylinders.net\/fr\/wp-json\/wp\/v2\/product_tag?post=16820"}],"curies":[{"name":"wp","href":"https:\/\/api.w.org\/{rel}","templated":true}]}}