{"id":16827,"date":"2025-01-21T05:57:18","date_gmt":"2025-01-21T05:57:18","guid":{"rendered":"https:\/\/www.hydraulic-cylinders.net\/product\/arm-cylinder-for-volwa-cane-unloader-dls880-9a\/"},"modified":"2025-01-21T05:57:23","modified_gmt":"2025-01-21T05:57:23","slug":"arm-cylinder-for-volwa-cane-unloader-dls880-9a","status":"publish","type":"product","link":"https:\/\/www.hydraulic-cylinders.net\/fr\/produit\/arm-cylinder-for-volwa-cane-unloader-dls880-9a\/","title":{"rendered":"Cylindre de bras pour d\u00e9chargeur de cannes Volkswagen DLS880-9A"},"content":{"rendered":"<h1>Cylindre de bras pour d\u00e9chargeur de cannes Volkswagen DLS880-9A<\/h1>\n<h2>Introduction<\/h2>\n<h3>Cylindre de bras de d\u00e9finition<\/h3>\n<p>Un v\u00e9rin de bras est un v\u00e9rin hydraulique sp\u00e9cialement con\u00e7u pour fournir un mouvement lin\u00e9aire et de la puissance aux bras de divers types d'engins, tels que les excavatrices, les grues et les bras m\u00e9caniques. Les v\u00e9rins de bras jouent un r\u00f4le essentiel dans les syst\u00e8mes hydrauliques, permettant le d\u00e9placement et le contr\u00f4le pr\u00e9cis des accessoires. Ces v\u00e9rins assurent non seulement un mouvement fluide, mais supportent \u00e9galement des charges importantes, garantissant ainsi le fonctionnement efficace et la fiabilit\u00e9 des machines dans diverses conditions d'utilisation.<\/p>\n<p><img decoding=\"async\" src=\"https:\/\/www.hydraulic-cylinders.net\/wp-content\/uploads\/2025\/01\/songte-company-2.webp\" alt=\"Image du cylindre de bras\"><\/p>\n<h3>Caract\u00e9ristiques du cylindre de bras<\/h3>\n<ul>\n<li><b>Transmission \u00e0 haut rendement :<\/b> Les v\u00e9rins de bras assurent un mouvement lin\u00e9aire et une force puissants, garantissant ainsi un rendement \u00e9lev\u00e9 des bras m\u00e9caniques dans diverses op\u00e9rations.<\/li>\n<li><b>Contr\u00f4le pr\u00e9cis :<\/b> Les v\u00e9rins de bras permettent un contr\u00f4le pr\u00e9cis du mouvement gr\u00e2ce \u00e0 des syst\u00e8mes hydrauliques, ce qui rend le fonctionnement des accessoires plus flexible et pr\u00e9cis.<\/li>\n<li><b>Grande durabilit\u00e9 :<\/b> Les v\u00e9rins de bras sont g\u00e9n\u00e9ralement fabriqu\u00e9s \u00e0 partir de mat\u00e9riaux \u00e0 haute r\u00e9sistance, offrant une bonne r\u00e9sistance \u00e0 l'usure et \u00e0 la corrosion, et adapt\u00e9s \u00e0 une utilisation \u00e0 long terme dans des environnements difficiles.<\/li>\n<li><b>Adaptabilit\u00e9 multifonctionnelle :<\/b> Ces v\u00e9rins sont largement utilis\u00e9s dans divers \u00e9quipements m\u00e9caniques, tels que les excavatrices, les grues et les bras m\u00e9caniques, s'adaptant ainsi \u00e0 diff\u00e9rentes exigences de travail.<\/li>\n<li><b>Entretien facile :<\/b> Con\u00e7us pour faciliter l'entretien et le remplacement, les inspections et la maintenance r\u00e9guli\u00e8res deviennent plus pratiques, r\u00e9duisant ainsi les temps d'arr\u00eat des \u00e9quipements.<\/li>\n<\/ul>\n<p>Nous pouvons produire ce produit, qui peut parfaitement remplacer ces v\u00e9rins hydrauliques.<\/p>\n<p><img decoding=\"async\" src=\"https:\/\/www.hydraulic-cylinders.net\/wp-content\/uploads\/2025\/01\/songte-oil-pipes-and-spare-parts.webp\" alt=\"Image des pi\u00e8ces du v\u00e9rin hydraulique\"><\/p>\n<h2>Applications du cylindre de bras<\/h2>\n<p>Le v\u00e9rin \u00e0 bras est largement utilis\u00e9 dans diverses industries, notamment\u00a0:<\/p>\n<ul>\n<li><b>Ing\u00e9nierie de la construction :<\/b> Dans les excavatrices et les grues, les v\u00e9rins de bras servent \u00e0 contr\u00f4ler le mouvement des godets ou des bras de fl\u00e8che, permettant ainsi d'effectuer des travaux de terrassement, de manutention de mat\u00e9riaux et d'installation de structures.<\/li>\n<li><b>Fabrication:<\/b> Dans les lignes de production automatis\u00e9es, les v\u00e9rins de bras sont utilis\u00e9s pour le mouvement des bras m\u00e9caniques, effectuant des op\u00e9rations d'assemblage, de soudage et de manutention, am\u00e9liorant ainsi l'efficacit\u00e9 et la pr\u00e9cision de la production.<\/li>\n<li><b>Machines agricoles :<\/b> Dans les machines agricoles telles que les moissonneuses-batteuses et les semoirs, les v\u00e9rins de bras contr\u00f4lent le mouvement des bras de travail, effectuant les t\u00e2ches de semis, de fertilisation et de r\u00e9colte.<\/li>\n<li><b>Exploitation mini\u00e8re:<\/b> Dans les \u00e9quipements miniers, les v\u00e9rins de bras servent \u00e0 contr\u00f4ler le mouvement des bras des engins miniers, permettant ainsi l'extraction et le transport du minerai.<\/li>\n<li><b>Logistique et transport :<\/b> Dans les chariots \u00e9l\u00e9vateurs et les robots de manutention, les v\u00e9rins de bras servent \u00e0 contr\u00f4ler le levage et le mouvement des fourches, permettant ainsi la manutention et l'empilage des mat\u00e9riaux.<\/li>\n<\/ul>\n<h2>Consid\u00e9rations de conception et crit\u00e8res de s\u00e9lection<\/h2>\n<h3>Capacit\u00e9 de charge<\/h3>\n<p>La capacit\u00e9 de charge du v\u00e9rin du bras est un crit\u00e8re de conception essentiel. Il est imp\u00e9ratif de s'assurer que le v\u00e9rin puisse supporter la charge appliqu\u00e9e sans rupture ni flambage.<\/p>\n<h3>Scellage<\/h3>\n<p>Le v\u00e9rin n\u00e9cessite une \u00e9tanch\u00e9it\u00e9 de haute qualit\u00e9 pour \u00e9viter les fuites. Nous utilisons divers composants d'\u00e9tanch\u00e9it\u00e9, tels que des joints de piston et des joints de tige, fabriqu\u00e9s \u00e0 partir de mat\u00e9riaux r\u00e9sistants \u00e0 l'usure comme le polyur\u00e9thane et le caoutchouc nitrile, afin de garantir une longue dur\u00e9e de vie au v\u00e9rin.<\/p>\n<h3>Durabilit\u00e9<\/h3>\n<p>Le cylindre du bras doit \u00eatre durable et r\u00e9sistant \u00e0 l'usure, \u00e0 la corrosion et \u00e0 d'autres formes de dommages pouvant survenir dans des environnements difficiles.<\/p>\n<h3>S\u00e9curit\u00e9<\/h3>\n<p>Le v\u00e9rin du bras doit \u00eatre con\u00e7u en tenant compte de la s\u00e9curit\u00e9. Des m\u00e9canismes de s\u00e9curit\u00e9, tels que des soupapes de d\u00e9charge de pression, doivent \u00eatre int\u00e9gr\u00e9s pour \u00e9viter toute surcharge.<\/p>\n<h3>Maintenabilit\u00e9<\/h3>\n<p>Le v\u00e9rin du bras doit \u00eatre con\u00e7u pour faciliter l'entretien et la r\u00e9paration, avec des pi\u00e8ces de rechange facilement disponibles et un programme d'entretien clair.<\/p>\n<p><img decoding=\"async\" src=\"https:\/\/www.hydraulic-cylinders.net\/wp-content\/uploads\/2025\/01\/songte-cylinder-head-with-all-kinds-excavator-models.webp\" alt=\"Image de la culasse du cylindre hydraulique\"><\/p>\n<h2>\u00c9tanch\u00e9it\u00e9 et lubrification<\/h2>\n<p>Divers \u00e9l\u00e9ments d'\u00e9tanch\u00e9it\u00e9, tels que les joints de piston et de tige, sont utilis\u00e9s pour pr\u00e9venir les fuites. Ces \u00e9l\u00e9ments sont fabriqu\u00e9s \u00e0 partir de mat\u00e9riaux r\u00e9sistants \u00e0 l'usure, comme le polyur\u00e9thane et le caoutchouc nitrile. La culasse, le piston et la tige b\u00e9n\u00e9ficient d'un usinage de pr\u00e9cision pour une meilleure r\u00e9sistance \u00e0 l'usure. Une lubrification r\u00e9guli\u00e8re \u00e0 l'huile hydraulique est indispensable au bon fonctionnement du v\u00e9rin.<\/p>\n<h2>Maintenance et mesures pr\u00e9ventives<\/h2>\n<ul>\n<li>Il convient d'effectuer r\u00e9guli\u00e8rement l'inspection et l'entretien du v\u00e9rin du bras afin d'identifier les probl\u00e8mes potentiels avant qu'ils ne s'aggravent.<\/li>\n<li>Le remplacement des pi\u00e8ces us\u00e9es ou endommag\u00e9es doit \u00eatre effectu\u00e9 rapidement afin d'\u00e9viter d'autres dommages.<\/li>\n<li>Utilisation d'huile hydraulique et d'\u00e9l\u00e9ments filtrants appropri\u00e9s pour assurer une lubrification correcte et pr\u00e9venir toute contamination.<\/li>\n<\/ul>\n<p><img decoding=\"async\" src=\"https:\/\/www.hydraulic-cylinders.net\/wp-content\/uploads\/2025\/01\/songte-chushion-collar.webp\" alt=\"Image du collier de v\u00e9rin hydraulique\"><\/p>\n<h2>Instructions d'installation<\/h2>\n<p>Suivez ces \u00e9tapes pour installer le cylindre du bras\u00a0:<\/p>\n<ol>\n<li>Veillez \u00e0 ce que les surfaces de montage soient propres et exemptes de d\u00e9bris.<\/li>\n<li>Appliquez une fine couche d'huile hydraulique sur la tige du v\u00e9rin.<\/li>\n<li>Montez le cylindre dans la bonne orientation et fixez-le en place.<\/li>\n<li>Raccordez les flexibles et les raccords hydrauliques au v\u00e9rin.<\/li>\n<li>V\u00e9rifiez l'absence de fuites et serrez correctement tous les raccords.<\/li>\n<\/ol>\n<p><img decoding=\"async\" src=\"https:\/\/www.hydraulic-cylinders.net\/wp-content\/uploads\/2025\/01\/songte-bushings-with-all-kinds-of-excavator-models.webp\" alt=\"Image des bagues de v\u00e9rin hydraulique\"><\/p>\n<h2>Consid\u00e9rations de s\u00e9curit\u00e9 et facteurs environnementaux<\/h2>\n<p>Lors de l'utilisation d'\u00e9quipements hydrauliques, la s\u00e9curit\u00e9 doit \u00eatre la priorit\u00e9 absolue. Une formation ad\u00e9quate, le port d'\u00e9quipements de protection et le respect des protocoles de s\u00e9curit\u00e9 sont indispensables.<\/p>\n<h2>D\u00e9pannage et probl\u00e8mes courants<\/h2>\n<p>Les probl\u00e8mes courants rencontr\u00e9s avec les v\u00e9rins de bras incluent les fuites, la lenteur de fonctionnement et l'incapacit\u00e9 \u00e0 maintenir la pression. Ces probl\u00e8mes peuvent \u00eatre caus\u00e9s par des joints us\u00e9s, un fluide hydraulique contamin\u00e9 ou des composants endommag\u00e9s. Le d\u00e9pannage consiste \u00e0 identifier la cause du probl\u00e8me et \u00e0 prendre les mesures correctives appropri\u00e9es.<\/p>\n<h2>Conclusion<\/h2>\n<p>Nous sommes un fabricant professionnel de v\u00e9rins hydrauliques, proposant une large gamme de produits et reconnu comme l'un des principaux fabricants et distributeurs de v\u00e9rins hydrauliques sur les march\u00e9s nationaux et internationaux. Nous privil\u00e9gions l'excellence en mati\u00e8re de qualit\u00e9, en nous appuyant sur une strat\u00e9gie de gestion de production industrialis\u00e9e au sein de notre atelier de fabrication de pr\u00e9cision. Nous am\u00e9liorons constamment notre niveau technique et notre productivit\u00e9. Notre objectif est de r\u00e9pondre aux besoins vari\u00e9s de nos clients en leur offrant efficacit\u00e9, pr\u00e9cision et qualit\u00e9 optimales.<\/p>\n<p><img decoding=\"async\" src=\"https:\/\/www.hydraulic-cylinders.net\/wp-content\/uploads\/2025\/01\/songte-company-4.webp\" alt=\"Image de l&#039;entreprise de v\u00e9rins hydrauliques\"><br \/>\n<img decoding=\"async\" src=\"https:\/\/www.hydraulic-cylinders.net\/wp-content\/uploads\/2025\/01\/songte-company-3.webp\" alt=\"Image de l&#039;entreprise de v\u00e9rins hydrauliques\"><\/p>\n<h2>Pr\u00e9sentation de l'entreprise<\/h2>\n<ul>\n<li><b>Professionnalisme:<\/b> Notre \u00e9quipe est compos\u00e9e de professionnels hautement exp\u00e9riment\u00e9s et qualifi\u00e9s, engag\u00e9s \u00e0 fournir des v\u00e9rins hydrauliques de haute qualit\u00e9.<\/li>\n<li><b>Certifications internationales :<\/b> Nos produits ont obtenu diverses certifications internationales, telles que ISO9001, CE et TUV, garantissant leur qualit\u00e9 et leur fiabilit\u00e9.<\/li>\n<li><b>Personnalisation\u00a0:<\/b> Nous fournissons des v\u00e9rins hydrauliques sur mesure, adapt\u00e9s aux exigences de nos clients, afin de garantir que leurs besoins sp\u00e9cifiques soient satisfaits.<\/li>\n<li><b>Equipements de production :<\/b> Notre \u00e9quipement de production comprend des \u00e9quipements de fabrication num\u00e9rique haut de gamme et des syst\u00e8mes de test professionnels, ce qui nous permet de produire efficacement des produits de haute qualit\u00e9.<\/li>\n<li><b>Service apr\u00e8s-vente :<\/b> Nous assurons un support apr\u00e8s-vente 24h\/24 et 7j\/7 afin de garantir \u00e0 nos clients des solutions rapides et efficaces \u00e0 tous les probl\u00e8mes qu'ils rencontrent.<\/li>\n<\/ul>\n<p>Auteur : lyl<\/p>","protected":false},"excerpt":{"rendered":"<p>Arm Cylinder For Volwa Cane Unloader DLS880-9A Introduction Defining Arm Cylinder An arm cylinder is a specially designed hydraulic cylinder used to provide linear motion and power for arms of various types of machinery, such as excavators, cranes, and mechanical arms. Arm cylinders play a critical role in hydraulic systems, enabling attachments or accessories to [&hellip;]<\/p>","protected":false},"featured_media":14786,"comment_status":"open","ping_status":"closed","template":"","meta":{"_et_pb_use_builder":"","_et_pb_old_content":"","_et_gb_content_width":""},"product_brand":[],"product_cat":[1497],"product_tag":[1498,1496],"class_list":{"0":"post-16827","1":"product","2":"type-product","3":"status-publish","4":"has-post-thumbnail","6":"product_cat-arm-cylinders","7":"product_tag-arm-cylinders","8":"product_tag-hydraulic-cylinders","10":"first","11":"instock","12":"shipping-taxable","13":"product-type-simple"},"amp_enabled":true,"_links":{"self":[{"href":"https:\/\/www.hydraulic-cylinders.net\/fr\/wp-json\/wp\/v2\/product\/16827","targetHints":{"allow":["GET"]}}],"collection":[{"href":"https:\/\/www.hydraulic-cylinders.net\/fr\/wp-json\/wp\/v2\/product"}],"about":[{"href":"https:\/\/www.hydraulic-cylinders.net\/fr\/wp-json\/wp\/v2\/types\/product"}],"replies":[{"embeddable":true,"href":"https:\/\/www.hydraulic-cylinders.net\/fr\/wp-json\/wp\/v2\/comments?post=16827"}],"wp:featuredmedia":[{"embeddable":true,"href":"https:\/\/www.hydraulic-cylinders.net\/fr\/wp-json\/wp\/v2\/media\/14786"}],"wp:attachment":[{"href":"https:\/\/www.hydraulic-cylinders.net\/fr\/wp-json\/wp\/v2\/media?parent=16827"}],"wp:term":[{"taxonomy":"product_brand","embeddable":true,"href":"https:\/\/www.hydraulic-cylinders.net\/fr\/wp-json\/wp\/v2\/product_brand?post=16827"},{"taxonomy":"product_cat","embeddable":true,"href":"https:\/\/www.hydraulic-cylinders.net\/fr\/wp-json\/wp\/v2\/product_cat?post=16827"},{"taxonomy":"product_tag","embeddable":true,"href":"https:\/\/www.hydraulic-cylinders.net\/fr\/wp-json\/wp\/v2\/product_tag?post=16827"}],"curies":[{"name":"wp","href":"https:\/\/api.w.org\/{rel}","templated":true}]}}