{"id":16857,"date":"2025-01-21T06:08:26","date_gmt":"2025-01-21T06:08:26","guid":{"rendered":"https:\/\/www.hydraulic-cylinders.net\/product\/arm-cylinder-for-bonny-wzyq42-6\/"},"modified":"2025-01-21T06:08:28","modified_gmt":"2025-01-21T06:08:28","slug":"arm-cylinder-for-bonny-wzyq42-6","status":"publish","type":"product","link":"https:\/\/www.hydraulic-cylinders.net\/fr\/produit\/arm-cylinder-for-bonny-wzyq42-6\/","title":{"rendered":"Cylindre de bras pour Bonny WZYQ42-6"},"content":{"rendered":"<h1>Cylindre de bras pour Bonny WZYQ42-6<\/h1>\n<h2>Introduction<\/h2>\n<p>Un v\u00e9rin de bras est un v\u00e9rin hydraulique sp\u00e9cialement con\u00e7u pour fournir un mouvement lin\u00e9aire et de la puissance aux bras de divers types d'engins, tels que les excavatrices, les grues et les bras m\u00e9caniques. Ces v\u00e9rins jouent un r\u00f4le crucial dans les syst\u00e8mes hydrauliques, permettant un mouvement et un contr\u00f4le efficaces des accessoires. Ils assurent non seulement un mouvement fluide, mais supportent \u00e9galement des charges importantes, garantissant ainsi un fonctionnement efficace et une grande fiabilit\u00e9 des machines dans diverses conditions d'utilisation.<\/p>\n<p><img decoding=\"async\" src=\"https:\/\/www.hydraulic-cylinders.net\/wp-content\/uploads\/2025\/01\/songte-company-2.webp\" alt=\"cylindre de bras\"><\/p>\n<h2>Caract\u00e9ristiques du produit<\/h2>\n<ul>\n<li>\n<h3>Transmission de puissance efficace<\/h3>\n<p>Un v\u00e9rin de bras peut fournir un mouvement lin\u00e9aire et une force importants, garantissant ainsi des performances \u00e9lev\u00e9es des bras m\u00e9caniques dans diverses op\u00e9rations.<\/p>\n<\/li>\n<li>\n<h3>Contr\u00f4le pr\u00e9cis<\/h3>\n<p>Gr\u00e2ce au syst\u00e8me hydraulique, le v\u00e9rin du bras permet un contr\u00f4le pr\u00e9cis du mouvement, rendant ainsi le fonctionnement des outils fix\u00e9s plus flexible et pr\u00e9cis.<\/p>\n<\/li>\n<li>\n<h3>Grande durabilit\u00e9<\/h3>\n<p>Les v\u00e9rins de bras sont g\u00e9n\u00e9ralement fabriqu\u00e9s \u00e0 partir de mat\u00e9riaux \u00e0 haute r\u00e9sistance, offrant une bonne r\u00e9sistance \u00e0 l'usure et \u00e0 la corrosion, et adapt\u00e9s \u00e0 une utilisation \u00e0 long terme dans des environnements difficiles.<\/p>\n<\/li>\n<li>\n<h3>Adaptabilit\u00e9 multifonctionnelle<\/h3>\n<p>Ces v\u00e9rins peuvent \u00eatre largement utilis\u00e9s dans divers \u00e9quipements m\u00e9caniques tels que les excavatrices, les grues et les bras m\u00e9caniques, s'adaptant ainsi \u00e0 diff\u00e9rentes exigences de travail.<\/p>\n<\/li>\n<li>\n<h3>Entretien facile<\/h3>\n<p>La conception prend en compte la facilit\u00e9 d'entretien et de remplacement, ce qui rend l'inspection et la maintenance r\u00e9guli\u00e8res plus pratiques et r\u00e9duit les temps d'arr\u00eat des \u00e9quipements.<\/p>\n<\/li>\n<\/ul>\n<p>Nous pouvons fabriquer ce produit et il peut parfaitement remplacer ces v\u00e9rins hydrauliques.<\/p>\n<p><img decoding=\"async\" src=\"https:\/\/www.hydraulic-cylinders.net\/wp-content\/uploads\/2025\/01\/songte-oil-pipes-and-spare-parts.webp\" alt=\"conduites d&#039;huile et pi\u00e8ces de rechange\"><\/p>\n<h2>Applications<\/h2>\n<ul>\n<li>\n<h3>Ing\u00e9nierie de la construction<\/h3>\n<p>Les v\u00e9rins de bras servent \u00e0 contr\u00f4ler le mouvement du godet ou de la fl\u00e8che des excavatrices et des grues pour effectuer des travaux de terrassement, de manutention de mat\u00e9riaux et d'installation de structures.<\/p>\n<\/li>\n<li>\n<h3>Industrie manufacturi\u00e8re<\/h3>\n<p>Les v\u00e9rins de bras sont utilis\u00e9s pour le mouvement des bras m\u00e9caniques dans les lignes de production automatis\u00e9es pour les processus d'assemblage, de soudage et de manutention, am\u00e9liorant ainsi l'efficacit\u00e9 et la pr\u00e9cision de la production.<\/p>\n<\/li>\n<li>\n<h3>machines agricoles<\/h3>\n<p>Dans les machines agricoles telles que les moissonneuses-batteuses et les semoirs, les v\u00e9rins de bras contr\u00f4lent le mouvement des bras moteurs pour effectuer des t\u00e2ches telles que le semis, la fertilisation et la r\u00e9colte.<\/p>\n<\/li>\n<li>\n<h3>Exploitation mini\u00e8re<\/h3>\n<p>Les v\u00e9rins de bras servent \u00e0 contr\u00f4ler le mouvement des bras des \u00e9quipements miniers pour l'extraction et le transport des min\u00e9raux.<\/p>\n<\/li>\n<li>\n<h3>Logistique et transport<\/h3>\n<p>Les v\u00e9rins de bras servent \u00e0 contr\u00f4ler le levage et le d\u00e9placement des fourches des chariots \u00e9l\u00e9vateurs et des robots de manutention, permettant ainsi la manutention et l'empilage des mat\u00e9riaux.<\/p>\n<\/li>\n<\/ul>\n<h2>Consid\u00e9rations de conception et crit\u00e8res de s\u00e9lection<\/h2>\n<ul>\n<li>\n<h3>Capacit\u00e9 de charge<\/h3>\n<p>Le v\u00e9rin du bras doit \u00eatre con\u00e7u pour r\u00e9sister \u00e0 la charge maximale qu'il rencontrera, garantissant ainsi sa s\u00e9curit\u00e9 et sa fiabilit\u00e9 de fonctionnement.<\/p>\n<\/li>\n<li>\n<h3>Scellage<\/h3>\n<p>Divers composants d'\u00e9tanch\u00e9it\u00e9, tels que les joints de piston et les joints de tige, sont utilis\u00e9s pour assurer l'\u00e9tanch\u00e9it\u00e9 du cylindre et emp\u00eacher les fuites de fluide.<\/p>\n<\/li>\n<li>\n<h3>Durabilit\u00e9<\/h3>\n<p>Le cylindre du bras est g\u00e9n\u00e9ralement fabriqu\u00e9 \u00e0 partir de mat\u00e9riaux durables, tels que l'acier \u00e0 haute r\u00e9sistance et des rev\u00eatements anticorrosion, afin de garantir sa longue dur\u00e9e de vie dans des environnements difficiles.<\/p>\n<\/li>\n<li>\n<h3>S\u00e9curit\u00e9<\/h3>\n<p>La conception du v\u00e9rin du bras doit prendre en compte les facteurs de s\u00e9curit\u00e9, tels que la pr\u00e9vention des surcharges, des surpressions et des chutes brutales de la charge, afin de garantir la s\u00e9curit\u00e9 des travailleurs et des machines.<\/p>\n<\/li>\n<li>\n<h3>Entretien<\/h3>\n<p>Le v\u00e9rin du bras doit \u00eatre con\u00e7u pour \u00eatre facilement entretenu et remplac\u00e9, par exemple en utilisant des pi\u00e8ces standard et en fournissant des instructions d'entretien, afin de r\u00e9duire les co\u00fbts d'entretien et les temps d'arr\u00eat.<\/p>\n<\/li>\n<\/ul>\n<p><img decoding=\"async\" src=\"https:\/\/www.hydraulic-cylinders.net\/wp-content\/uploads\/2025\/01\/songte-cylinder-head-with-all-kinds-excavator-models.webp\" alt=\"culasse\"><\/p>\n<h2>\u00c9tanch\u00e9it\u00e9 et lubrification<\/h2>\n<p>Divers composants d'\u00e9tanch\u00e9it\u00e9, tels que les joints de piston et les joints de tige, assurent l'\u00e9tanch\u00e9it\u00e9 du v\u00e9rin et pr\u00e9viennent les fuites de fluide. Ces joints sont fabriqu\u00e9s dans des mat\u00e9riaux r\u00e9sistants \u00e0 l'usure, comme le polyur\u00e9thane et le caoutchouc nitrile. Le corps du v\u00e9rin et la surface filet\u00e9e sont trait\u00e9s avec soin pour optimiser leur r\u00e9sistance \u00e0 l'usure. Un apport r\u00e9gulier d'huile hydraulique, en quantit\u00e9 appropri\u00e9e, est n\u00e9cessaire pour la lubrification.<\/p>\n<p><img decoding=\"async\" src=\"https:\/\/www.hydraulic-cylinders.net\/wp-content\/uploads\/2025\/01\/songte-chushion-collar.webp\" alt=\"collier coussin\"><\/p>\n<h2>Maintenance et d\u00e9pannage<\/h2>\n<p>Un contr\u00f4le r\u00e9gulier et une maintenance pr\u00e9ventive sont essentiels pour prolonger la dur\u00e9e de vie du v\u00e9rin. Voici quelques conseils de d\u00e9pannage et mesures de pr\u00e9vention\u00a0:<\/p>\n<ul>\n<li>\n<h3>Fuite d'\u00e9tanch\u00e9it\u00e9<\/h3>\n<p>Le joint peut \u00eatre endommag\u00e9 ou us\u00e9. Une inspection r\u00e9guli\u00e8re et son remplacement permettent d'\u00e9viter les fuites.<\/p>\n<\/li>\n<li>\n<h3>Son anormal<\/h3>\n<p>Le piston, la bielle ou le palier peuvent pr\u00e9senter des dommages ou une usure. Un contr\u00f4le r\u00e9gulier et le remplacement des pi\u00e8ces us\u00e9es permettent de pr\u00e9venir les bruits anormaux.<\/p>\n<\/li>\n<li>\n<h3>Mouvement lent<\/h3>\n<p>Le niveau d'huile est peut-\u00eatre insuffisant ou le filtre est peut-\u00eatre obstru\u00e9. Un contr\u00f4le r\u00e9gulier du niveau d'huile et du filtre, ainsi que leur remplacement, permettent d'\u00e9viter un fonctionnement ralenti.<\/p>\n<\/li>\n<\/ul>\n<h2>Installation<\/h2>\n<p>Une installation correcte du v\u00e9rin de bras est essentielle \u00e0 sa s\u00e9curit\u00e9 et \u00e0 son bon fonctionnement. Voici quelques recommandations\u00a0:<\/p>\n<ul>\n<li>Assurez-vous que le cylindre est correctement adapt\u00e9 \u00e0 l'\u00e9quipement.<\/li>\n<li>Assurez-vous que le syst\u00e8me hydraulique est propre et exempt d'impuret\u00e9s.<\/li>\n<li>Assurez-vous que le cylindre est install\u00e9 dans la bonne position et que les boulons sont serr\u00e9s au couple sp\u00e9cifi\u00e9.<\/li>\n<li>V\u00e9rifiez que tous les raccords sont bien fix\u00e9s et que les conduites hydrauliques sont correctement connect\u00e9es.<\/li>\n<li>Effectuez une inspection et un test approfondis avant utilisation.<\/li>\n<\/ul>\n<p>N'oubliez pas de suivre la r\u00e8gle de l'auteur \u00e0 la fin de l'article.<\/p>\n<p><img decoding=\"async\" src=\"https:\/\/www.hydraulic-cylinders.net\/wp-content\/uploads\/2025\/01\/songte-bushings-with-all-kinds-of-excavator-models.webp\" alt=\"bagues compatibles avec tous types de mod\u00e8les d&#039;excavatrices\"><\/p>\n<h2>\u00c0 propos de nous<\/h2>\n<p>Nous sommes un fabricant professionnel de v\u00e9rins hydrauliques de remplacement, proposant une large gamme de produits. Figurant parmi les principaux fabricants et distributeurs de v\u00e9rins hydrauliques sur les march\u00e9s nationaux et internationaux, nous nous engageons \u00e0 fournir une qualit\u00e9 irr\u00e9prochable. Notre strat\u00e9gie de gestion de la production industrialis\u00e9e, associ\u00e9e \u00e0 des ateliers performants, nous permet d'am\u00e9liorer constamment notre niveau technologique et notre productivit\u00e9. Gr\u00e2ce \u00e0 l'int\u00e9gration d'\u00e9quipements de fabrication num\u00e9rique de pointe et de syst\u00e8mes de test professionnels, nous optimisons en permanence notre plateforme de production, am\u00e9liorons nos processus de contr\u00f4le qualit\u00e9 et d\u00e9veloppons une forte capacit\u00e9 d'innovation. Notre objectif est de r\u00e9pondre aux besoins vari\u00e9s de nos clients avec efficacit\u00e9, pr\u00e9cision et exigence de qualit\u00e9.<\/p>\n<p>Notre entreprise offre \u00e0 ses clients une certification internationale professionnelle, des services personnalis\u00e9s, des \u00e9quipements de production de pointe et un excellent service apr\u00e8s-vente.<\/p>\n<p><img decoding=\"async\" src=\"https:\/\/www.hydraulic-cylinders.net\/wp-content\/uploads\/2025\/01\/songte-company-4.webp\" alt=\"entreprise\"><\/p>\n<p><img decoding=\"async\" src=\"https:\/\/www.hydraulic-cylinders.net\/wp-content\/uploads\/2025\/01\/songte-company-3.webp\" alt=\"entreprise\"><\/p>","protected":false},"excerpt":{"rendered":"<p>Arm Cylinder For Bonny WZYQ42-6 Introduction An arm cylinder is a specifically designed hydraulic cylinder that provides linear motion and power to arms of various types of machinery such as excavators, cranes, and mechanical arms. These cylinders play a crucial role in hydraulic systems, allowing for effective movement and control of attachments or accessories. These [&hellip;]<\/p>","protected":false},"featured_media":14759,"comment_status":"open","ping_status":"closed","template":"","meta":{"_et_pb_use_builder":"","_et_pb_old_content":"","_et_gb_content_width":""},"product_brand":[],"product_cat":[1497],"product_tag":[1498,1496],"class_list":{"0":"post-16857","1":"product","2":"type-product","3":"status-publish","4":"has-post-thumbnail","6":"product_cat-arm-cylinders","7":"product_tag-arm-cylinders","8":"product_tag-hydraulic-cylinders","10":"first","11":"instock","12":"shipping-taxable","13":"product-type-simple"},"amp_enabled":true,"_links":{"self":[{"href":"https:\/\/www.hydraulic-cylinders.net\/fr\/wp-json\/wp\/v2\/product\/16857","targetHints":{"allow":["GET"]}}],"collection":[{"href":"https:\/\/www.hydraulic-cylinders.net\/fr\/wp-json\/wp\/v2\/product"}],"about":[{"href":"https:\/\/www.hydraulic-cylinders.net\/fr\/wp-json\/wp\/v2\/types\/product"}],"replies":[{"embeddable":true,"href":"https:\/\/www.hydraulic-cylinders.net\/fr\/wp-json\/wp\/v2\/comments?post=16857"}],"wp:featuredmedia":[{"embeddable":true,"href":"https:\/\/www.hydraulic-cylinders.net\/fr\/wp-json\/wp\/v2\/media\/14759"}],"wp:attachment":[{"href":"https:\/\/www.hydraulic-cylinders.net\/fr\/wp-json\/wp\/v2\/media?parent=16857"}],"wp:term":[{"taxonomy":"product_brand","embeddable":true,"href":"https:\/\/www.hydraulic-cylinders.net\/fr\/wp-json\/wp\/v2\/product_brand?post=16857"},{"taxonomy":"product_cat","embeddable":true,"href":"https:\/\/www.hydraulic-cylinders.net\/fr\/wp-json\/wp\/v2\/product_cat?post=16857"},{"taxonomy":"product_tag","embeddable":true,"href":"https:\/\/www.hydraulic-cylinders.net\/fr\/wp-json\/wp\/v2\/product_tag?post=16857"}],"curies":[{"name":"wp","href":"https:\/\/api.w.org\/{rel}","templated":true}]}}