{"id":16867,"date":"2025-01-21T06:09:11","date_gmt":"2025-01-21T06:09:11","guid":{"rendered":"https:\/\/www.hydraulic-cylinders.net\/product\/arm-cylinder-for-bonny-wzy42-7\/"},"modified":"2025-01-21T06:09:13","modified_gmt":"2025-01-21T06:09:13","slug":"arm-cylinder-for-bonny-wzy42-7","status":"publish","type":"product","link":"https:\/\/www.hydraulic-cylinders.net\/fr\/produit\/arm-cylinder-for-bonny-wzy42-7\/","title":{"rendered":"Cylindre de bras pour Bonny WZY42-7"},"content":{"rendered":"<h1>Cylindre de bras pour Bonny WZY42-7<\/h1>\n<h2>Introduction<\/h2>\n<p>Le v\u00e9rin de bras est un v\u00e9rin hydraulique sp\u00e9cialement con\u00e7u pour assurer le mouvement lin\u00e9aire et la puissance du bras de divers types d'engins, tels que les excavatrices, les grues et les bras robotis\u00e9s. Il joue un r\u00f4le crucial dans les syst\u00e8mes hydrauliques, permettant un mouvement et un contr\u00f4le efficaces des outils ou accessoires. Ces v\u00e9rins garantissent non seulement un mouvement fluide, mais aussi une r\u00e9sistance aux charges importantes, assurant ainsi une efficacit\u00e9 op\u00e9rationnelle et une fiabilit\u00e9 \u00e9lev\u00e9es des machines dans diverses conditions de travail.<\/p>\n<p><img decoding=\"async\" src=\"https:\/\/www.hydraulic-cylinders.net\/wp-content\/uploads\/2025\/01\/songte-company-2.webp\" alt=\"Image du cylindre de bras\"><\/p>\n<h2>Caract\u00e9ristiques<\/h2>\n<ul>\n<li>Transmission \u00e0 haut rendement : Le v\u00e9rin du bras assure un mouvement lin\u00e9aire et une force puissants, garantissant les hautes performances du bras m\u00e9canique dans diverses op\u00e9rations.<\/li>\n<li>Contr\u00f4le pr\u00e9cis\u00a0: gr\u00e2ce au syst\u00e8me hydraulique, le v\u00e9rin du bras permet un contr\u00f4le pr\u00e9cis du mouvement, rendant l\u2019utilisation des outils fix\u00e9s plus flexible et pr\u00e9cise.<\/li>\n<li>Grande durabilit\u00e9 : les v\u00e9rins de bras sont g\u00e9n\u00e9ralement fabriqu\u00e9s \u00e0 partir de mat\u00e9riaux \u00e0 haute r\u00e9sistance et poss\u00e8dent une excellente r\u00e9sistance \u00e0 l'usure et \u00e0 la corrosion, ce qui les rend adapt\u00e9s \u00e0 une utilisation \u00e0 long terme dans des environnements difficiles.<\/li>\n<li>Adaptabilit\u00e9 multifonctionnelle\u00a0: Ces v\u00e9rins peuvent \u00eatre largement utilis\u00e9s dans divers \u00e9quipements m\u00e9caniques tels que les excavatrices, les grues et les bras robotis\u00e9s, s\u2019adaptant ainsi aux diff\u00e9rentes exigences de travail.<\/li>\n<li>Maintenance ais\u00e9e\u00a0: Con\u00e7us pour faciliter la maintenance et le remplacement, les v\u00e9rins de bras permettent des inspections et une maintenance p\u00e9riodiques pratiques, r\u00e9duisant ainsi les temps d\u2019arr\u00eat des \u00e9quipements.<\/li>\n<\/ul>\n<p><img decoding=\"async\" src=\"https:\/\/www.hydraulic-cylinders.net\/wp-content\/uploads\/2025\/01\/songte-oil-pipes-and-spare-parts.webp\" alt=\"Image du produit\"><\/p>\n<h2>Applications<\/h2>\n<p>Le v\u00e9rin \u00e0 bras trouve des applications dans diverses industries :<\/p>\n<ul>\n<li>G\u00e9nie civil : Dans les excavatrices et les grues, le v\u00e9rin du bras sert \u00e0 contr\u00f4ler le mouvement du godet ou de la fl\u00e8che, facilitant ainsi les travaux de terrassement, la manutention des mat\u00e9riaux et l'installation de structures.<\/li>\n<li>Industrie manufacturi\u00e8re\u00a0: Dans les lignes de production automatis\u00e9es, le v\u00e9rin du bras permet le mouvement des bras robotis\u00e9s pour les processus d\u2019assemblage, de soudage et de manutention des mat\u00e9riaux, am\u00e9liorant ainsi l\u2019efficacit\u00e9 et la pr\u00e9cision de la production.<\/li>\n<li>Machines agricoles\u00a0: Dans les \u00e9quipements agricoles tels que les moissonneuses-batteuses et les semoirs, le v\u00e9rin du bras contr\u00f4le le mouvement des bras de travail pour des t\u00e2ches comme le semis, la fertilisation et la r\u00e9colte.<\/li>\n<li>Exploitation mini\u00e8re : Dans les \u00e9quipements miniers, le v\u00e9rin du bras contr\u00f4le le mouvement du bras des machines d'extraction et de transport du minerai.<\/li>\n<li>Logistique et transport : Dans les chariots \u00e9l\u00e9vateurs et les robots de manutention, le v\u00e9rin du bras r\u00e9gule le levage et le mouvement des fourches, permettant la manutention et l'empilage des mat\u00e9riaux.<\/li>\n<\/ul>\n<h2>Consid\u00e9rations de conception et crit\u00e8res de s\u00e9lection<\/h2>\n<p>En ce qui concerne la conception des v\u00e9rins de bras, plusieurs facteurs cl\u00e9s sont pris en compte\u00a0:<\/p>\n<ul>\n<li>Capacit\u00e9 de charge<\/li>\n<li>Performance d'\u00e9tanch\u00e9it\u00e9<\/li>\n<li>Durabilit\u00e9<\/li>\n<li>S\u00e9curit\u00e9<\/li>\n<li>Maintenabilit\u00e9<\/li>\n<\/ul>\n<p><img decoding=\"async\" src=\"https:\/\/www.hydraulic-cylinders.net\/wp-content\/uploads\/2025\/01\/songte-cylinder-head-with-all-kinds-excavator-models.webp\" alt=\"Image du produit\"><\/p>\n<h2>\u00c9tanch\u00e9it\u00e9 et lubrification<\/h2>\n<p>Pour garantir des performances optimales, les v\u00e9rins de bras utilisent divers composants d'\u00e9tanch\u00e9it\u00e9, tels que des joints de piston et des joints de tige, fabriqu\u00e9s \u00e0 partir de mat\u00e9riaux r\u00e9sistants \u00e0 l'usure comme le polyur\u00e9thane et le caoutchouc nitrile. Le corps du v\u00e9rin et la surface d'extr\u00e9mit\u00e9 filet\u00e9e font l'objet d'un traitement m\u00e9ticuleux afin d'am\u00e9liorer sa r\u00e9sistance \u00e0 l'usure. Une lubrification r\u00e9guli\u00e8re \u00e0 l'huile hydraulique est indispensable \u00e0 son bon fonctionnement.<\/p>\n<h2>Inspection r\u00e9guli\u00e8re et maintenance pr\u00e9ventive<\/h2>\n<p>Des inspections r\u00e9guli\u00e8res et des mesures d'entretien pr\u00e9ventif sont essentielles \u00e0 la long\u00e9vit\u00e9 et au fonctionnement optimal des v\u00e9rins de bras. Voici quelques mesures recommand\u00e9es\u00a0:<\/p>\n<ul>\n<li>V\u00e9rifier l'absence de fuites.<\/li>\n<li>V\u00e9rifier l'alignement et le positionnement corrects<\/li>\n<li>Resserrer les connexions desserr\u00e9es<\/li>\n<li>Remplacement p\u00e9riodique des joints et des garnitures<\/li>\n<li>Surveillance des niveaux et de la qualit\u00e9 du fluide hydraulique<\/li>\n<\/ul>\n<h2>Guide d'installation du produit<\/h2>\n<p>Une installation correcte des v\u00e9rins de bras est essentielle \u00e0 leur bon fonctionnement. Voici quelques consignes g\u00e9n\u00e9rales\u00a0:<\/p>\n<ul>\n<li>Assurez-vous du bon alignement et du bon positionnement du cylindre<\/li>\n<li>Fixez solidement toutes les connexions<\/li>\n<li>Appliquer le couple appropri\u00e9 aux raccords filet\u00e9s<\/li>\n<li>V\u00e9rifiez que le syst\u00e8me hydraulique est correctement raccord\u00e9 et sous pression.<\/li>\n<\/ul>\n<p><img decoding=\"async\" src=\"https:\/\/www.hydraulic-cylinders.net\/wp-content\/uploads\/2025\/01\/songte-bushings-with-all-kinds-of-excavator-models.webp\" alt=\"Image du produit\"><\/p>\n<h2>Consid\u00e9rations de s\u00e9curit\u00e9 et facteurs environnementaux<\/h2>\n<p>Lors de l'utilisation de v\u00e9rins \u00e0 bras, les mesures de s\u00e9curit\u00e9 sont primordiales. Le respect des protocoles de s\u00e9curit\u00e9 garantit la protection du personnel et du mat\u00e9riel. Il est essentiel de prendre en compte les facteurs environnementaux tels que la temp\u00e9rature, l'humidit\u00e9 et les conditions d'utilisation afin de garantir des performances optimales et une longue dur\u00e9e de vie.<\/p>\n<h2>Diagnostic des pannes et probl\u00e8mes courants<\/h2>\n<p>Les probl\u00e8mes courants pouvant survenir avec les cylindres de bras comprennent\u00a0:<\/p>\n<ul>\n<li>Fuite des joints ou des connexions<\/li>\n<li>Mouvement insuffisant ou erratique<\/li>\n<li>Bruit anormal pendant le fonctionnement<\/li>\n<li>Incapacit\u00e9 \u00e0 maintenir les charges<\/li>\n<li>Mouvement incoh\u00e9rent ou instable<\/li>\n<\/ul>\n<p>Pour r\u00e9soudre ces probl\u00e8mes, veuillez consid\u00e9rer les solutions et le d\u00e9pannage suivants\u00a0:<\/p>\n<ul>\n<li>Inspectez et remplacez les joints ou raccords d\u00e9fectueux.<\/li>\n<li>V\u00e9rifier et ajuster la pression et le d\u00e9bit hydrauliques<\/li>\n<li>Lubrifier les pi\u00e8ces mobiles<\/li>\n<li>Inspecter et r\u00e9parer les composants endommag\u00e9s<\/li>\n<li>Pour les probl\u00e8mes complexes, consultez des techniciens professionnels.<\/li>\n<\/ul>\n<p><img decoding=\"async\" src=\"https:\/\/www.hydraulic-cylinders.net\/wp-content\/uploads\/2025\/01\/songte-chushion-collar.webp\" alt=\"Image du produit\"><\/p>\n<p>N'oubliez pas d'organiser l'article de mani\u00e8re logique, d'utiliser des sous-titres pour faciliter la navigation, d'int\u00e9grer des images ou des sch\u00e9mas pertinents pour une meilleure compr\u00e9hension et de veiller \u00e0 la clart\u00e9, \u00e0 la concision et \u00e0 l'ad\u00e9quation du contenu aux lecteurs ayant diff\u00e9rents niveaux de connaissances techniques.<\/p>\n<h2>\u00c0 propos de nous<\/h2>\n<p>Nous sommes un fabricant professionnel de v\u00e9rins hydrauliques de remplacement et proposons une large gamme de produits. Nous figurons parmi les principaux fabricants et distributeurs de v\u00e9rins hydrauliques sur les march\u00e9s nationaux et internationaux. Fid\u00e8les \u00e0 nos principes d'excellence et forts d'une strat\u00e9gie de gestion de la production industrialis\u00e9e au sein de notre atelier de fabrication moderne, nous am\u00e9liorons constamment nos capacit\u00e9s techniques et notre productivit\u00e9.<\/p>\n<p>En int\u00e9grant des \u00e9quipements de fabrication num\u00e9rique de pointe et des syst\u00e8mes de test professionnels, nous optimisons notre plateforme de production et renfor\u00e7ons nos processus de contr\u00f4le qualit\u00e9. Forts d'une solide capacit\u00e9 d'innovation, nous avons pour objectif de r\u00e9pondre aux besoins vari\u00e9s de nos clients en nous appuyant sur les principes d'efficacit\u00e9, de pr\u00e9cision et de haute qualit\u00e9.<\/p>\n<p><img decoding=\"async\" src=\"https:\/\/www.hydraulic-cylinders.net\/wp-content\/uploads\/2025\/01\/songte-company-4.webp\" alt=\"Image de l&#039;entreprise\"><br \/>\n<img decoding=\"async\" src=\"https:\/\/www.hydraulic-cylinders.net\/wp-content\/uploads\/2025\/01\/songte-company-3.webp\" alt=\"Image de l&#039;entreprise\"><\/p>\n<p><em>Auteur : lyl<\/em><\/p>","protected":false},"excerpt":{"rendered":"<p>Arm Cylinder For Bonny WZY42-7 Introduction The arm cylinder is a specially designed hydraulic cylinder that provides linear motion and power to the arm of various types of machinery such as excavators, cranes, and robotic arms. It plays a crucial role in hydraulic systems, allowing for efficient movement and control of additional tools or attachments. [&hellip;]<\/p>","protected":false},"featured_media":14759,"comment_status":"open","ping_status":"closed","template":"","meta":{"_et_pb_use_builder":"","_et_pb_old_content":"","_et_gb_content_width":""},"product_brand":[],"product_cat":[1497],"product_tag":[1498,1496],"class_list":{"0":"post-16867","1":"product","2":"type-product","3":"status-publish","4":"has-post-thumbnail","6":"product_cat-arm-cylinders","7":"product_tag-arm-cylinders","8":"product_tag-hydraulic-cylinders","10":"first","11":"instock","12":"shipping-taxable","13":"product-type-simple"},"amp_enabled":true,"_links":{"self":[{"href":"https:\/\/www.hydraulic-cylinders.net\/fr\/wp-json\/wp\/v2\/product\/16867","targetHints":{"allow":["GET"]}}],"collection":[{"href":"https:\/\/www.hydraulic-cylinders.net\/fr\/wp-json\/wp\/v2\/product"}],"about":[{"href":"https:\/\/www.hydraulic-cylinders.net\/fr\/wp-json\/wp\/v2\/types\/product"}],"replies":[{"embeddable":true,"href":"https:\/\/www.hydraulic-cylinders.net\/fr\/wp-json\/wp\/v2\/comments?post=16867"}],"wp:featuredmedia":[{"embeddable":true,"href":"https:\/\/www.hydraulic-cylinders.net\/fr\/wp-json\/wp\/v2\/media\/14759"}],"wp:attachment":[{"href":"https:\/\/www.hydraulic-cylinders.net\/fr\/wp-json\/wp\/v2\/media?parent=16867"}],"wp:term":[{"taxonomy":"product_brand","embeddable":true,"href":"https:\/\/www.hydraulic-cylinders.net\/fr\/wp-json\/wp\/v2\/product_brand?post=16867"},{"taxonomy":"product_cat","embeddable":true,"href":"https:\/\/www.hydraulic-cylinders.net\/fr\/wp-json\/wp\/v2\/product_cat?post=16867"},{"taxonomy":"product_tag","embeddable":true,"href":"https:\/\/www.hydraulic-cylinders.net\/fr\/wp-json\/wp\/v2\/product_tag?post=16867"}],"curies":[{"name":"wp","href":"https:\/\/api.w.org\/{rel}","templated":true}]}}