{"id":16884,"date":"2025-01-21T06:10:24","date_gmt":"2025-01-21T06:10:24","guid":{"rendered":"https:\/\/www.hydraulic-cylinders.net\/product\/arm-cylinder-for-baoding-wy90d-9\/"},"modified":"2025-01-21T06:10:26","modified_gmt":"2025-01-21T06:10:26","slug":"arm-cylinder-for-baoding-wy90d-9","status":"publish","type":"product","link":"https:\/\/www.hydraulic-cylinders.net\/fr\/produit\/arm-cylinder-for-baoding-wy90d-9\/","title":{"rendered":"Cylindre de bras pour Baoding WY90D-9"},"content":{"rendered":"<h1>Cylindre de bras pour Baoding WY90D-9<\/h1>\n<h2>D\u00e9finition et explication du produit<\/h2>\n<p>Un v\u00e9rin de bras est un v\u00e9rin hydraulique sp\u00e9cialement con\u00e7u pour fournir un mouvement lin\u00e9aire et de la puissance \u00e0 divers bras m\u00e9caniques, tels que les excavatrices, les grues et les bras robotis\u00e9s. Ce v\u00e9rin joue un r\u00f4le essentiel dans les syst\u00e8mes hydrauliques, permettant aux accessoires de se d\u00e9placer et d'\u00eatre contr\u00f4l\u00e9s efficacement. Ces v\u00e9rins assurent non seulement un mouvement fluide, mais supportent \u00e9galement des charges importantes, garantissant ainsi un fonctionnement efficace et une grande fiabilit\u00e9 des machines dans diverses conditions de travail.<\/p>\n<p><img decoding=\"async\" src=\"https:\/\/www.hydraulic-cylinders.net\/wp-content\/uploads\/2025\/01\/songte-company-2.webp\"><\/p>\n<h2>Caract\u00e9ristiques du produit<\/h2>\n<ul>\n<li>\n<h3>Transmission de puissance efficace<\/h3>\n<p>Les v\u00e9rins de bras assurent un mouvement lin\u00e9aire et une force importants, garantissant ainsi un rendement \u00e9lev\u00e9 des bras de machines lors de diverses op\u00e9rations.<\/li>\n<li>\n<h3>Contr\u00f4le de pr\u00e9cision<\/h3>\n<p>Gr\u00e2ce au syst\u00e8me hydraulique, le v\u00e9rin du bras peut r\u00e9aliser un contr\u00f4le pr\u00e9cis du mouvement, rendant le fonctionnement des outils attach\u00e9s plus flexible et pr\u00e9cis.<\/li>\n<li>\n<h3>Grande durabilit\u00e9<\/h3>\n<p>Les v\u00e9rins de bras sont g\u00e9n\u00e9ralement fabriqu\u00e9s \u00e0 partir de mat\u00e9riaux \u00e0 haute r\u00e9sistance, offrant une bonne r\u00e9sistance \u00e0 l'usure et \u00e0 la corrosion, et adapt\u00e9s \u00e0 une utilisation \u00e0 long terme dans des environnements difficiles.<\/li>\n<li>\n<h3>Adaptabilit\u00e9 multifonctionnelle<\/h3>\n<p>Ces cylindres peuvent \u00eatre largement utilis\u00e9s dans divers \u00e9quipements m\u00e9caniques, tels que les excavatrices, les grues et les bras robotis\u00e9s, pour r\u00e9pondre \u00e0 diff\u00e9rentes exigences de travail.<\/li>\n<li>\n<h3>Entretien facile<\/h3>\n<p>La conception prend en compte la facilit\u00e9 d'entretien et de remplacement, ce qui rend l'inspection et la maintenance r\u00e9guli\u00e8res plus pratiques et r\u00e9duit les temps d'arr\u00eat des \u00e9quipements.<\/li>\n<\/ul>\n<p>Nous fabriquons ce produit et proposons une alternative id\u00e9ale \u00e0 ces v\u00e9rins hydrauliques.<\/p>\n<p><img decoding=\"async\" src=\"https:\/\/www.hydraulic-cylinders.net\/wp-content\/uploads\/2025\/01\/songte-oil-pipes-and-spare-parts.webp\"><\/p>\n<h2>Applications du produit<\/h2>\n<p>Les v\u00e9rins \u00e0 bras sont largement utilis\u00e9s dans diverses industries\u00a0:<\/p>\n<ul>\n<li>\n<h3>Ing\u00e9nierie de la construction<\/h3>\n<p>Les v\u00e9rins de bras servent \u00e0 contr\u00f4ler le mouvement du godet ou de la fl\u00e8che des excavatrices et des grues pour effectuer des travaux de terrassement, de manutention de mat\u00e9riaux et d'installation de structures.<\/li>\n<li>\n<h3>Industrie manufacturi\u00e8re<\/h3>\n<p>Les v\u00e9rins de bras sont utilis\u00e9s dans le mouvement des bras robotis\u00e9s sur les lignes de production automatis\u00e9es pour effectuer des op\u00e9rations d'assemblage, de soudage et de manutention, am\u00e9liorant ainsi l'efficacit\u00e9 et la pr\u00e9cision de la production.<\/li>\n<li>\n<h3>machines agricoles<\/h3>\n<p>Les v\u00e9rins de bras contr\u00f4lent les mouvements des bras moteurs des machines agricoles telles que les moissonneuses-batteuses et les semoirs, effectuant des t\u00e2ches comme le semis, la fertilisation et la r\u00e9colte.<\/li>\n<li>\n<h3>Industrie mini\u00e8re<\/h3>\n<p>Les v\u00e9rins de bras servent \u00e0 contr\u00f4ler les mouvements des bras des \u00e9quipements miniers pour l'extraction et le transport des min\u00e9raux.<\/li>\n<li>\n<h3>Logistique et transport<\/h3>\n<p>Les v\u00e9rins de bras servent \u00e0 contr\u00f4ler le levage et le d\u00e9placement des fourches des chariots \u00e9l\u00e9vateurs et des robots de manutention pour transporter et empiler des mat\u00e9riaux.<\/li>\n<\/ul>\n<h2>Consid\u00e9rations relatives \u00e0 la conception du produit et crit\u00e8res de s\u00e9lection<\/h2>\n<p>Lors de la conception des v\u00e9rins de bras, plusieurs facteurs critiques doivent \u00eatre pris en compte\u00a0:<\/p>\n<ul>\n<li>\n<h3>Capacit\u00e9 de charge<\/h3>\n<p>Le v\u00e9rin du bras doit pouvoir supporter des charges importantes sans s'endommager.<\/li>\n<li>\n<h3>Scellage<\/h3>\n<p>Divers \u00e9l\u00e9ments d'\u00e9tanch\u00e9it\u00e9, tels que les joints de piston et les joints de tige, sont utilis\u00e9s pour assurer l'\u00e9tanch\u00e9it\u00e9 du cylindre.<\/li>\n<li>\n<h3>Durabilit\u00e9<\/h3>\n<p>Le corps du cylindre, le piston et la bielle sont fabriqu\u00e9s \u00e0 partir de mat\u00e9riaux \u00e0 haute r\u00e9sistance afin de garantir leur durabilit\u00e9 et leur r\u00e9sistance \u00e0 la corrosion.<\/li>\n<li>\n<h3>S\u00e9curit\u00e9<\/h3>\n<p>La conception doit prendre en compte des facteurs de s\u00e9curit\u00e9, tels que la protection contre les surcharges et l'arr\u00eat d'urgence, afin de garantir la s\u00e9curit\u00e9 du personnel et des \u00e9quipements.<\/li>\n<li>\n<h3>Maintenabilit\u00e9<\/h3>\n<p>La conception doit prendre en compte la facilit\u00e9 d'entretien et de remplacement des composants afin de minimiser les temps d'arr\u00eat et de r\u00e9duire les co\u00fbts de maintenance.<\/li>\n<\/ul>\n<p><img decoding=\"async\" src=\"https:\/\/www.hydraulic-cylinders.net\/wp-content\/uploads\/2025\/01\/songte-cylinder-head-with-all-kinds-excavator-models.webp\"><\/p>\n<h2>\u00c9tanch\u00e9it\u00e9 et lubrification des produits<\/h2>\n<p>Divers \u00e9l\u00e9ments d'\u00e9tanch\u00e9it\u00e9, tels que les joints de piston et les joints de tige, assurent l'\u00e9tanch\u00e9it\u00e9 du cylindre. Fabriqu\u00e9s en mat\u00e9riaux r\u00e9sistants \u00e0 l'usure, comme le polyur\u00e9thane et le caoutchouc nitrile, ces \u00e9l\u00e9ments garantissent une utilisation durable m\u00eame en environnements difficiles. Le corps du cylindre et la surface d'extr\u00e9mit\u00e9 du filetage b\u00e9n\u00e9ficient d'une finition soign\u00e9e pour une meilleure r\u00e9sistance \u00e0 l'usure. Un remplissage r\u00e9gulier avec la quantit\u00e9 appropri\u00e9e d'huile hydraulique est n\u00e9cessaire pour la lubrification.<\/p>\n<p><img decoding=\"async\" src=\"https:\/\/www.hydraulic-cylinders.net\/wp-content\/uploads\/2025\/01\/songte-chushion-collar.webp\"><\/p>\n<h2>Maintenance et d\u00e9pannage des produits<\/h2>\n<p>Une inspection r\u00e9guli\u00e8re et une maintenance pr\u00e9ventive sont n\u00e9cessaires pour garantir le fonctionnement efficace et fiable des v\u00e9rins de bras. Voici quelques conseils courants de maintenance et de d\u00e9pannage\u00a0:<\/p>\n<ul>\n<li>\n<h3>Inspection r\u00e9guli\u00e8re<\/h3>\n<p>V\u00e9rifiez que le cylindre ne pr\u00e9sente aucun dommage, fuite ou fissure et remplacez \u00e0 temps les pi\u00e8ces us\u00e9es.<\/li>\n<li>\n<h3>Maintenance pr\u00e9ventive<\/h3>\n<p>Effectuez la maintenance pr\u00e9ventive pour vous assurer que le cylindre est en bon \u00e9tat de fonctionnement.<\/li>\n<li>\n<h3>D\u00e9pannage<\/h3>\n<p>En cas de probl\u00e8me avec le cylindre, comme une fuite ou un bruit anormal, effectuez un diagnostic et une r\u00e9paration syst\u00e9matiques.<\/li>\n<li>\n<h3>Mesures pr\u00e9ventives<\/h3>\n<p>Prenez des mesures pr\u00e9ventives, telles que l'entretien r\u00e9gulier et le remplacement des pi\u00e8ces us\u00e9es, afin de minimiser les probl\u00e8mes potentiels et de prolonger la dur\u00e9e de vie du cylindre.<\/li>\n<\/ul>\n<h2>Guide d'installation du produit<\/h2>\n<p>Instructions d'installation du cylindre de bras pour Baoding WY90D-9\u00a0:<\/p>\n<ol>\n<li>Pr\u00e9parez le site d'installation et assurez-vous que la surface d'installation est propre et exempte de d\u00e9bris.<\/li>\n<li>Installez le cylindre conform\u00e9ment aux instructions d'installation et dans le sens d'installation correct.<\/li>\n<li>Raccordez la canalisation hydraulique et serrez les joints.<\/li>\n<li>Effectuez un test de pression pour vous assurer que le cylindre fonctionne correctement et qu'il n'y a pas de fuites.<\/li>\n<li>Apr\u00e8s l'installation, effectuez un entretien et une inspection r\u00e9guliers du cylindre.<\/li>\n<\/ol>\n<p><img decoding=\"async\" src=\"https:\/\/www.hydraulic-cylinders.net\/wp-content\/uploads\/2025\/01\/songte-bushings-with-all-kinds-of-excavator-models.webp\"><\/p>\n<h2>Consid\u00e9rations relatives \u00e0 la s\u00e9curit\u00e9 des produits et facteurs environnementaux<\/h2>\n<p>La s\u00e9curit\u00e9 est primordiale lors de l'utilisation de v\u00e9rins de bras. Les op\u00e9rateurs doivent respecter les consignes de s\u00e9curit\u00e9 et prendre les mesures appropri\u00e9es pour garantir leur propre s\u00e9curit\u00e9 et celle des personnes autour d'eux. De plus, des facteurs environnementaux, tels que la temp\u00e9rature et l'humidit\u00e9, peuvent affecter les performances et la dur\u00e9e de vie du v\u00e9rin. Il est donc essentiel de tenir compte de ces facteurs lors du choix et de l'utilisation des v\u00e9rins de bras.<\/p>\n<h2>\u00c0 propos de nous<\/h2>\n<p>Nous sommes un fabricant professionnel de v\u00e9rins hydrauliques de remplacement, offrant une large gamme de produits et figurant parmi les principaux fabricants et distributeurs de v\u00e9rins hydrauliques sur les march\u00e9s nationaux et internationaux. Attach\u00e9s \u00e0 l'excellence, nous nous appuyons sur des strat\u00e9gies de gestion de production industrialis\u00e9es au sein d'ateliers de fabrication de pointe, et am\u00e9liorons constamment notre niveau technique et notre productivit\u00e9. Gr\u00e2ce \u00e0 l'int\u00e9gration d'\u00e9quipements de fabrication num\u00e9rique haut de gamme et de syst\u00e8mes de test professionnels, nous optimisons en permanence notre plateforme de production, am\u00e9liorons nos processus de contr\u00f4le qualit\u00e9 et d\u00e9veloppons une forte capacit\u00e9 d'innovation. Notre objectif est de r\u00e9pondre aux besoins vari\u00e9s de nos clients avec efficacit\u00e9, pr\u00e9cision et un souci constant de la qualit\u00e9.<\/p>\n<p>Nous proposons des services personnalis\u00e9s et poss\u00e9dons diverses certifications internationales telles que ISO 9001, CE et SGS. Nous disposons d'\u00e9quipements de production de pointe et assurons un service apr\u00e8s-vente efficace afin de garantir la satisfaction de nos clients.<\/p>\n<p><img decoding=\"async\" src=\"https:\/\/www.hydraulic-cylinders.net\/wp-content\/uploads\/2025\/01\/songte-company-4.webp\"><br \/>\n<img decoding=\"async\" src=\"https:\/\/www.hydraulic-cylinders.net\/wp-content\/uploads\/2025\/01\/songte-company-3.webp\"><\/p>\n<p>Auteur : lyl<\/p>","protected":false},"excerpt":{"rendered":"<p>Arm Cylinder for Baoding WY90D-9 Product Definition and Explanation An arm cylinder is a specially designed hydraulic cylinder used to provide linear motion and power to various mechanical arms, such as excavators, cranes, and robotic arms. The arm cylinder plays a critical role in hydraulic systems, enabling attachments to move and control effectively. These cylinders [&hellip;]<\/p>","protected":false},"featured_media":14770,"comment_status":"open","ping_status":"closed","template":"","meta":{"_et_pb_use_builder":"","_et_pb_old_content":"","_et_gb_content_width":""},"product_brand":[],"product_cat":[1497],"product_tag":[1498,1496],"class_list":{"0":"post-16884","1":"product","2":"type-product","3":"status-publish","4":"has-post-thumbnail","6":"product_cat-arm-cylinders","7":"product_tag-arm-cylinders","8":"product_tag-hydraulic-cylinders","10":"first","11":"instock","12":"shipping-taxable","13":"product-type-simple"},"amp_enabled":true,"_links":{"self":[{"href":"https:\/\/www.hydraulic-cylinders.net\/fr\/wp-json\/wp\/v2\/product\/16884","targetHints":{"allow":["GET"]}}],"collection":[{"href":"https:\/\/www.hydraulic-cylinders.net\/fr\/wp-json\/wp\/v2\/product"}],"about":[{"href":"https:\/\/www.hydraulic-cylinders.net\/fr\/wp-json\/wp\/v2\/types\/product"}],"replies":[{"embeddable":true,"href":"https:\/\/www.hydraulic-cylinders.net\/fr\/wp-json\/wp\/v2\/comments?post=16884"}],"wp:featuredmedia":[{"embeddable":true,"href":"https:\/\/www.hydraulic-cylinders.net\/fr\/wp-json\/wp\/v2\/media\/14770"}],"wp:attachment":[{"href":"https:\/\/www.hydraulic-cylinders.net\/fr\/wp-json\/wp\/v2\/media?parent=16884"}],"wp:term":[{"taxonomy":"product_brand","embeddable":true,"href":"https:\/\/www.hydraulic-cylinders.net\/fr\/wp-json\/wp\/v2\/product_brand?post=16884"},{"taxonomy":"product_cat","embeddable":true,"href":"https:\/\/www.hydraulic-cylinders.net\/fr\/wp-json\/wp\/v2\/product_cat?post=16884"},{"taxonomy":"product_tag","embeddable":true,"href":"https:\/\/www.hydraulic-cylinders.net\/fr\/wp-json\/wp\/v2\/product_tag?post=16884"}],"curies":[{"name":"wp","href":"https:\/\/api.w.org\/{rel}","templated":true}]}}