{"id":16888,"date":"2025-01-21T06:10:42","date_gmt":"2025-01-21T06:10:42","guid":{"rendered":"https:\/\/www.hydraulic-cylinders.net\/product\/arm-cylinder-for-baoding-sc240sd-8\/"},"modified":"2025-01-21T06:10:44","modified_gmt":"2025-01-21T06:10:44","slug":"arm-cylinder-for-baoding-sc240sd-8","status":"publish","type":"product","link":"https:\/\/www.hydraulic-cylinders.net\/fr\/produit\/arm-cylinder-for-baoding-sc240sd-8\/","title":{"rendered":"Cylindre de bras pour Baoding SC240SD.8"},"content":{"rendered":"<h1>Cylindre de bras pour Baoding SC240SD.8<\/h1>\n<h2>Introduction<\/h2>\n<p>Le v\u00e9rin de bras est un v\u00e9rin hydraulique sp\u00e9cialement con\u00e7u pour fournir un mouvement lin\u00e9aire et de la puissance aux bras de divers types d'engins, tels que les excavatrices, les grues et les bras m\u00e9caniques. Il joue un r\u00f4le crucial dans les syst\u00e8mes hydrauliques, permettant le d\u00e9placement et le contr\u00f4le efficaces des accessoires. Ces v\u00e9rins assurent non seulement un mouvement fluide, mais supportent \u00e9galement des charges importantes, garantissant ainsi le fonctionnement efficace et la fiabilit\u00e9 des machines dans diverses conditions de travail.<\/p>\n<p><img decoding=\"async\" src=\"https:\/\/www.hydraulic-cylinders.net\/wp-content\/uploads\/2025\/01\/songte-company-2.webp\"><\/p>\n<h2>Caract\u00e9ristiques<\/h2>\n<ul>\n<li>Transmission de puissance efficace : Le v\u00e9rin du bras peut fournir un mouvement lin\u00e9aire et une force importants, garantissant ainsi une performance \u00e0 haut rendement du bras m\u00e9canique dans diverses op\u00e9rations.<\/li>\n<li>Contr\u00f4le pr\u00e9cis\u00a0: gr\u00e2ce \u00e0 des syst\u00e8mes hydrauliques, le v\u00e9rin du bras permet un contr\u00f4le pr\u00e9cis du mouvement, rendant le fonctionnement des accessoires plus flexible et pr\u00e9cis.<\/li>\n<li>Grande durabilit\u00e9 : Le cylindre du bras est g\u00e9n\u00e9ralement fabriqu\u00e9 \u00e0 partir de mat\u00e9riaux \u00e0 haute r\u00e9sistance et pr\u00e9sente une bonne r\u00e9sistance \u00e0 l'usure et \u00e0 la corrosion, ce qui le rend adapt\u00e9 \u00e0 une utilisation \u00e0 long terme dans des environnements difficiles.<\/li>\n<li>Adaptabilit\u00e9 multifonctionnelle : Ces v\u00e9rins peuvent \u00eatre largement utilis\u00e9s dans divers \u00e9quipements m\u00e9caniques tels que les excavatrices, les grues et les bras m\u00e9caniques, s'adaptant ainsi \u00e0 diff\u00e9rentes exigences de travail.<\/li>\n<li>Maintenance ais\u00e9e : La conception prend en compte la facilit\u00e9 d'entretien et de remplacement, ce qui rend l'inspection et la maintenance r\u00e9guli\u00e8res plus pratiques et r\u00e9duit les temps d'arr\u00eat des \u00e9quipements.<\/li>\n<\/ul>\n<p>Nous pouvons fabriquer ce produit, et nos produits peuvent parfaitement remplacer ces v\u00e9rins hydrauliques.<\/p>\n<p><img decoding=\"async\" src=\"https:\/\/www.hydraulic-cylinders.net\/wp-content\/uploads\/2025\/01\/songte-oil-pipes-and-spare-parts.webp\"><\/p>\n<h2>Applications<\/h2>\n<p>Le v\u00e9rin \u00e0 bras est largement utilis\u00e9 dans diverses industries telles que\u00a0:<\/p>\n<ul>\n<li>Construction : Dans les excavatrices et les grues, le v\u00e9rin de bras sert \u00e0 contr\u00f4ler le mouvement du godet ou de la fl\u00e8che, pour les travaux de terrassement, la manutention de mat\u00e9riaux et l'installation de structures.<\/li>\n<li>Fabrication : Dans les lignes de production automatis\u00e9es, le v\u00e9rin \u00e0 bras est utilis\u00e9 pour le mouvement des bras m\u00e9caniques, pour les processus d'assemblage, de soudage et de manutention, am\u00e9liorant ainsi l'efficacit\u00e9 et la pr\u00e9cision de la production.<\/li>\n<li>Machines agricoles\u00a0: Dans les machines agricoles telles que les moissonneuses-batteuses et les semoirs, le v\u00e9rin du bras contr\u00f4le le mouvement du bras de travail, effectuant des t\u00e2ches telles que le semis, la fertilisation et la r\u00e9colte.<\/li>\n<li>Exploitation mini\u00e8re : Dans les \u00e9quipements miniers, le v\u00e9rin de bras sert \u00e0 contr\u00f4ler le mouvement du bras de l'\u00e9quipement, pour l'extraction et le transport du minerai.<\/li>\n<li>Logistique et transport : Dans les chariots \u00e9l\u00e9vateurs et les robots de manutention, le v\u00e9rin du bras est utilis\u00e9 pour contr\u00f4ler le levage et le mouvement de la fourche, permettant ainsi la manutention et l'empilage des mat\u00e9riaux.<\/li>\n<\/ul>\n<h2>Consid\u00e9rations de conception et crit\u00e8res de s\u00e9lection<\/h2>\n<p>Du point de vue de la conception, le v\u00e9rin du bras doit prendre en compte les \u00e9l\u00e9ments suivants\u00a0:<\/p>\n<h3>capacit\u00e9 de charge<\/h3>\n<p>Le v\u00e9rin du bras doit pouvoir supporter la charge et fournir la force n\u00e9cessaire \u00e0 son fonctionnement. Le diam\u00e8tre et la course du v\u00e9rin sont des crit\u00e8res importants \u00e0 prendre en compte lors de son choix.<\/p>\n<h3>Scellage<\/h3>\n<p>Le v\u00e9rin du bras doit assurer une \u00e9tanch\u00e9it\u00e9 optimale pour \u00e9viter les fuites. Diff\u00e9rents composants d'\u00e9tanch\u00e9it\u00e9, tels que les joints de piston et les joints de tige, sont utilis\u00e9s \u00e0 cet effet. Ces composants sont fabriqu\u00e9s \u00e0 partir de mat\u00e9riaux r\u00e9sistants \u00e0 l'usure, comme le polyur\u00e9thane et le caoutchouc nitrile.<\/p>\n<h3>Durabilit\u00e9<\/h3>\n<p>Le cylindre du bras doit \u00eatre robuste et pr\u00e9senter une bonne r\u00e9sistance \u00e0 l'usure et \u00e0 la corrosion. Des mat\u00e9riaux haute r\u00e9sistance, des traitements de surface et des rev\u00eatements peuvent \u00eatre utilis\u00e9s pour am\u00e9liorer sa durabilit\u00e9.<\/p>\n<h3>S\u00e9curit\u00e9<\/h3>\n<p>Le v\u00e9rin du bras doit \u00eatre s\u00fbr et fiable, avec des fonctionnalit\u00e9s telles que la protection contre les surcharges et des fonctions d'arr\u00eat d'urgence.<\/p>\n<h3>Maintenabilit\u00e9<\/h3>\n<p>Le v\u00e9rin du bras doit \u00eatre facile \u00e0 entretenir et \u00e0 r\u00e9parer. Sa conception doit permettre un d\u00e9montage et un remontage ais\u00e9s, et le remplacement des composants doit \u00eatre simple.<\/p>\n<p><img decoding=\"async\" src=\"https:\/\/www.hydraulic-cylinders.net\/wp-content\/uploads\/2025\/01\/songte-cylinder-head-with-all-kinds-excavator-models.webp\"><\/p>\n<h2>\u00c9tanch\u00e9it\u00e9 et lubrification<\/h2>\n<p>Le v\u00e9rin de bras utilise divers joints d'\u00e9tanch\u00e9it\u00e9, tels que des joints de piston et des joints de tige, pour garantir son \u00e9tanch\u00e9it\u00e9. Ces joints sont fabriqu\u00e9s dans des mat\u00e9riaux r\u00e9sistants \u00e0 l'usure, comme le polyur\u00e9thane et le caoutchouc nitrile. Le corps du v\u00e9rin et la surface d'extr\u00e9mit\u00e9 du filetage sont usin\u00e9s avec pr\u00e9cision pour une meilleure r\u00e9sistance \u00e0 l'usure. Une lubrification r\u00e9guli\u00e8re \u00e0 l'huile hydraulique est n\u00e9cessaire pour assurer le bon fonctionnement du v\u00e9rin.<\/p>\n<h2>Inspection r\u00e9guli\u00e8re et maintenance pr\u00e9ventive<\/h2>\n<p>Pour garantir la fiabilit\u00e9 et la s\u00e9curit\u00e9 \u00e0 long terme du v\u00e9rin, une inspection r\u00e9guli\u00e8re et une maintenance pr\u00e9ventive sont essentielles. Les mesures suivantes doivent \u00eatre prises\u00a0:<\/p>\n<ul>\n<li>Inspectez r\u00e9guli\u00e8rement le corps du cylindre, la tige de piston et les composants d'\u00e9tanch\u00e9it\u00e9 pour d\u00e9tecter toute usure ou tout dommage.<\/li>\n<li>Remplacez r\u00e9guli\u00e8rement les composants d'\u00e9tanch\u00e9it\u00e9 pour garantir leur performance.<\/li>\n<li>Contr\u00f4lez et remplacez r\u00e9guli\u00e8rement l'huile hydraulique.<\/li>\n<li>V\u00e9rifiez et resserrez r\u00e9guli\u00e8rement les fixations.<\/li>\n<li>Inspectez et remplacez r\u00e9guli\u00e8rement l'\u00e9l\u00e9ment filtrant.<\/li>\n<\/ul>\n<p><img decoding=\"async\" src=\"https:\/\/www.hydraulic-cylinders.net\/wp-content\/uploads\/2025\/01\/songte-chushion-collar.webp\"><\/p>\n<h2>Guide d'installation<\/h2>\n<p>L'installation du cylindre du bras doit \u00eatre effectu\u00e9e en suivant les instructions\u00a0:<\/p>\n<ol>\n<li>Assurez-vous que la surface d'installation est plane et propre.<\/li>\n<li>Installez le cylindre en respectant le sens de la fl\u00e8che indiqu\u00e9e sur le corps du cylindre.<\/li>\n<li>Veillez \u00e0 la position d'installation du cylindre et \u00e9vitez que la tige de piston ne soit heurt\u00e9e par des objets ext\u00e9rieurs.<\/li>\n<li>Assurez-vous que les fixations sont serr\u00e9es au couple sp\u00e9cifi\u00e9.<\/li>\n<li>Apr\u00e8s l'installation, v\u00e9rifiez le fonctionnement du v\u00e9rin pour vous assurer qu'il fonctionne correctement et sans \u00e0-coups.<\/li>\n<\/ol>\n<p><img decoding=\"async\" src=\"https:\/\/www.hydraulic-cylinders.net\/wp-content\/uploads\/2025\/01\/songte-bushings-with-all-kinds-of-excavator-models.webp\"><\/p>\n<h2>Consid\u00e9rations de s\u00e9curit\u00e9 et facteurs environnementaux<\/h2>\n<p>Lors de l'utilisation du v\u00e9rin \u00e0 bras, des mesures de s\u00e9curit\u00e9 doivent \u00eatre prises pour pr\u00e9venir les accidents. Les mesures de s\u00e9curit\u00e9 suivantes doivent \u00eatre prises en compte\u00a0:<\/p>\n<ul>\n<li>Assurez-vous que le cylindre est install\u00e9 et utilis\u00e9 conform\u00e9ment aux instructions.<\/li>\n<li>Faites attention \u00e0 la capacit\u00e9 de charge du v\u00e9rin et ne d\u00e9passez pas la limite sp\u00e9cifi\u00e9e.<\/li>\n<li>V\u00e9rifiez r\u00e9guli\u00e8rement le cylindre pour d\u00e9tecter toute usure ou tout dommage, et remplacez les composants \u00e0 temps.<\/li>\n<li>Utilisez un \u00e9quipement de protection pour pr\u00e9venir les accidents caus\u00e9s par les d\u00e9versements d'hydrocarbures.<\/li>\n<\/ul>\n<h2>D\u00e9pannage et probl\u00e8mes courants<\/h2>\n<p>Les probl\u00e8mes courants li\u00e9s au v\u00e9rin de bras incluent les fuites d'huile, une puissance insuffisante et des bruits anormaux. Les conseils et solutions suivants peuvent vous aider \u00e0 diagnostiquer et \u00e0 r\u00e9soudre ces probl\u00e8mes\u00a0:<\/p>\n<ul>\n<li>En cas de fuite d'huile au niveau du corps du cylindre, v\u00e9rifiez les \u00e9l\u00e9ments d'\u00e9tanch\u00e9it\u00e9 et remplacez-les si n\u00e9cessaire.<\/li>\n<li>Si la puissance est insuffisante, v\u00e9rifiez la capacit\u00e9 de charge et ajustez le syst\u00e8me hydraulique en cons\u00e9quence.<\/li>\n<li>En cas de bruit anormal, v\u00e9rifiez les fixations et les joints d'\u00e9tanch\u00e9it\u00e9 et resserrez-les si n\u00e9cessaire.<\/li>\n<\/ul>\n<p>Des mesures pr\u00e9ventives telles que l'inspection r\u00e9guli\u00e8re, l'entretien et le remplacement des composants peuvent r\u00e9duire les probl\u00e8mes potentiels et garantir la fiabilit\u00e9 \u00e0 long terme du v\u00e9rin.<\/p>\n<p><img decoding=\"async\" src=\"https:\/\/www.hydraulic-cylinders.net\/wp-content\/uploads\/2025\/01\/songte-company-4.webp\"><br \/>\n<img decoding=\"async\" src=\"https:\/\/www.hydraulic-cylinders.net\/wp-content\/uploads\/2025\/01\/songte-company-3.webp\"><\/p>\n<h2>\u00c0 propos de nous<\/h2>\n<p>Nous sommes un fabricant professionnel de v\u00e9rins hydrauliques de remplacement, proposant une large gamme de produits. Nous figurons parmi les principaux fabricants et distributeurs de v\u00e9rins hydrauliques sur les march\u00e9s nationaux et internationaux. Attach\u00e9s \u00e0 l'excellence, nous nous appuyons sur des strat\u00e9gies de gestion de la production industrielle au sein d'ateliers de fabrication de pr\u00e9cision afin d'am\u00e9liorer constamment notre niveau technique et notre productivit\u00e9. Gr\u00e2ce \u00e0 l'int\u00e9gration d'\u00e9quipements de fabrication num\u00e9rique haut de gamme et de syst\u00e8mes de test professionnels, nous optimisons en permanence notre plateforme de production, am\u00e9liorons nos processus de contr\u00f4le qualit\u00e9 et d\u00e9veloppons une forte capacit\u00e9 d'innovation. Notre objectif est de r\u00e9pondre aux besoins vari\u00e9s de nos clients avec efficacit\u00e9, pr\u00e9cision et qualit\u00e9.<\/p>\n<h3>Professionnalisme<\/h3>\n<p>Nous sommes une \u00e9quipe de professionnels exp\u00e9riment\u00e9s, engag\u00e9s \u00e0 fournir \u00e0 nos clients des produits et services de la plus haute qualit\u00e9. Forts d'une connaissance approfondie des v\u00e9rins hydrauliques, nous sommes en mesure de proposer des conseils et des solutions adapt\u00e9s aux besoins de chaque client.<\/p>\n<h3>Certification internationale<\/h3>\n<p>Nos produits ont obtenu diverses certifications internationales telles que ISO9001, CE et SGS, et nous contr\u00f4lons rigoureusement la qualit\u00e9 de nos produits conform\u00e9ment aux normes internationales.<\/p>\n<h3>Services de personnalisation<\/h3>\n<p>Nous pouvons fournir des services de personnalisation en fonction des besoins sp\u00e9cifiques des clients, tels que des tailles, des formes et des mat\u00e9riaux sp\u00e9ciaux.<\/p>\n<h3>\u00c9quipement de production<\/h3>\n<p>Nous disposons d'\u00e9quipements de production de pointe tels que des centres d'usinage CNC, des rectifieuses de pr\u00e9cision et des machines \u00e0 souder automatiques afin de garantir la haute pr\u00e9cision et l'automatisation de la production.<\/p>\n<h3>Service apr\u00e8s-vente<\/h3>\n<p>Nous proposons un service apr\u00e8s-vente complet, incluant l'assistance technique, la maintenance et les services de r\u00e9paration, afin de garantir \u00e0 nos clients une utilisation sereine de nos produits.<\/p>\n<p>Auteur : lyl<\/p>","protected":false},"excerpt":{"rendered":"<p>Arm Cylinder For Baoding SC240SD.8 Introduction The arm cylinder is a specially designed hydraulic cylinder that is primarily used to provide linear motion and power to the arms of various types of machinery such as excavators, cranes, and mechanical arms. The arm cylinder plays a crucial role in hydraulic systems, enabling attachments or accessories to [&hellip;]<\/p>","protected":false},"featured_media":14786,"comment_status":"open","ping_status":"closed","template":"","meta":{"_et_pb_use_builder":"","_et_pb_old_content":"","_et_gb_content_width":""},"product_brand":[],"product_cat":[1497],"product_tag":[1498,1496],"class_list":{"0":"post-16888","1":"product","2":"type-product","3":"status-publish","4":"has-post-thumbnail","6":"product_cat-arm-cylinders","7":"product_tag-arm-cylinders","8":"product_tag-hydraulic-cylinders","10":"first","11":"instock","12":"shipping-taxable","13":"product-type-simple"},"amp_enabled":true,"_links":{"self":[{"href":"https:\/\/www.hydraulic-cylinders.net\/fr\/wp-json\/wp\/v2\/product\/16888","targetHints":{"allow":["GET"]}}],"collection":[{"href":"https:\/\/www.hydraulic-cylinders.net\/fr\/wp-json\/wp\/v2\/product"}],"about":[{"href":"https:\/\/www.hydraulic-cylinders.net\/fr\/wp-json\/wp\/v2\/types\/product"}],"replies":[{"embeddable":true,"href":"https:\/\/www.hydraulic-cylinders.net\/fr\/wp-json\/wp\/v2\/comments?post=16888"}],"wp:featuredmedia":[{"embeddable":true,"href":"https:\/\/www.hydraulic-cylinders.net\/fr\/wp-json\/wp\/v2\/media\/14786"}],"wp:attachment":[{"href":"https:\/\/www.hydraulic-cylinders.net\/fr\/wp-json\/wp\/v2\/media?parent=16888"}],"wp:term":[{"taxonomy":"product_brand","embeddable":true,"href":"https:\/\/www.hydraulic-cylinders.net\/fr\/wp-json\/wp\/v2\/product_brand?post=16888"},{"taxonomy":"product_cat","embeddable":true,"href":"https:\/\/www.hydraulic-cylinders.net\/fr\/wp-json\/wp\/v2\/product_cat?post=16888"},{"taxonomy":"product_tag","embeddable":true,"href":"https:\/\/www.hydraulic-cylinders.net\/fr\/wp-json\/wp\/v2\/product_tag?post=16888"}],"curies":[{"name":"wp","href":"https:\/\/api.w.org\/{rel}","templated":true}]}}