{"id":16901,"date":"2025-01-21T06:11:37","date_gmt":"2025-01-21T06:11:37","guid":{"rendered":"https:\/\/www.hydraulic-cylinders.net\/product\/arm-cylinder-for-dasin-ds50-7\/"},"modified":"2025-01-21T06:11:39","modified_gmt":"2025-01-21T06:11:39","slug":"arm-cylinder-for-dasin-ds50-7","status":"publish","type":"product","link":"https:\/\/www.hydraulic-cylinders.net\/fr\/produit\/arm-cylinder-for-dasin-ds50-7\/","title":{"rendered":"Cylindre de bras pour Dasin DS50-7"},"content":{"rendered":"<h1>Cylindre de bras pour Dasin DS50-7<\/h1>\n<h2>Introduction<\/h2>\n<p>Un v\u00e9rin de bras est un v\u00e9rin hydraulique sp\u00e9cialement con\u00e7u pour fournir un mouvement lin\u00e9aire et de la puissance aux bras de divers types d'engins, tels que les excavatrices, les grues et les bras robotis\u00e9s. Ce v\u00e9rin joue un r\u00f4le essentiel dans les syst\u00e8mes hydrauliques, permettant le d\u00e9placement et le contr\u00f4le pr\u00e9cis des accessoires. Outre la fluidit\u00e9 du mouvement, ces v\u00e9rins supportent des charges importantes, garantissant ainsi le fonctionnement efficace et la fiabilit\u00e9 des machines dans diverses conditions d'utilisation.<\/p>\n<p><img decoding=\"async\" src=\"https:\/\/www.hydraulic-cylinders.net\/wp-content\/uploads\/2025\/01\/songte-company-2.webp\" alt=\"V\u00e9rin de bras\"><\/p>\n<h2>Caract\u00e9ristiques<\/h2>\n<ul>\n<li>Transmission \u00e0 haut rendement : Le v\u00e9rin du bras assure un mouvement lin\u00e9aire et une force puissants, garantissant ainsi des performances \u00e0 haut rendement du bras robotique lors de diverses op\u00e9rations.<\/li>\n<li>Contr\u00f4le pr\u00e9cis\u00a0: gr\u00e2ce au syst\u00e8me hydraulique, le v\u00e9rin du bras permet un contr\u00f4le pr\u00e9cis des mouvements, rendant le fonctionnement des accessoires plus flexible et pr\u00e9cis.<\/li>\n<li>Grande durabilit\u00e9 : les v\u00e9rins de bras sont g\u00e9n\u00e9ralement fabriqu\u00e9s \u00e0 partir de mat\u00e9riaux \u00e0 haute r\u00e9sistance, offrant une bonne r\u00e9sistance \u00e0 l'usure et \u00e0 la corrosion, et adapt\u00e9s \u00e0 une utilisation \u00e0 long terme dans des environnements difficiles.<\/li>\n<li>Adaptabilit\u00e9 multifonctionnelle\u00a0: Ces v\u00e9rins peuvent \u00eatre largement utilis\u00e9s dans divers \u00e9quipements m\u00e9caniques, tels que les excavatrices, les grues et les bras robotis\u00e9s, afin de r\u00e9pondre \u00e0 diff\u00e9rentes exigences de travail.<\/li>\n<li>Maintenance ais\u00e9e : La conception prend en compte la facilit\u00e9 d'entretien et de remplacement, ce qui rend l'inspection et la maintenance r\u00e9guli\u00e8res plus pratiques et r\u00e9duit les temps d'arr\u00eat des \u00e9quipements.<\/li>\n<\/ul>\n<p>Notre produit peut parfaitement remplacer ces v\u00e9rins hydrauliques.<\/p>\n<p><img decoding=\"async\" src=\"https:\/\/www.hydraulic-cylinders.net\/wp-content\/uploads\/2025\/01\/songte-oil-pipes-and-spare-parts.webp\" alt=\"Pi\u00e8ces de v\u00e9rin hydraulique\"><\/p>\n<h2>Applications<\/h2>\n<p>Le v\u00e9rin \u00e0 bras est utilis\u00e9 dans diverses industries et applications, telles que\u00a0:<\/p>\n<ul>\n<li>Construction : Dans les excavatrices et les grues, le v\u00e9rin de bras sert \u00e0 contr\u00f4ler le mouvement du godet ou de la fl\u00e8che pour les travaux de terrassement, la manutention de mat\u00e9riaux et l'installation de structures.<\/li>\n<li>Fabrication : Dans les lignes de production automatis\u00e9es, le v\u00e9rin de bras est utilis\u00e9 pour le mouvement des bras robotis\u00e9s d'assemblage, de soudage et de manutention, am\u00e9liorant ainsi l'efficacit\u00e9 et la pr\u00e9cision de la production.<\/li>\n<li>Machines agricoles\u00a0: Dans les machines agricoles telles que les moissonneuses-batteuses et les semoirs, le v\u00e9rin du bras contr\u00f4le le mouvement du bras de travail, effectuant des t\u00e2ches telles que la plantation, la fertilisation et la r\u00e9colte.<\/li>\n<li>Exploitation mini\u00e8re : Dans les \u00e9quipements miniers, le v\u00e9rin de bras sert \u00e0 contr\u00f4ler le mouvement des bras de l'\u00e9quipement pour l'extraction et la manutention du minerai.<\/li>\n<li>Logistique et transport : Dans les chariots \u00e9l\u00e9vateurs et les robots de manutention, le v\u00e9rin du bras sert \u00e0 contr\u00f4ler le levage et le mouvement des fourches, permettant ainsi la manutention et l'empilage des mat\u00e9riaux.<\/li>\n<\/ul>\n<h2>Consid\u00e9rations de conception et crit\u00e8res de s\u00e9lection<\/h2>\n<p>Du point de vue de la conception, les v\u00e9rins de bras doivent pr\u00e9senter une capacit\u00e9 de charge \u00e9lev\u00e9e, une bonne \u00e9tanch\u00e9it\u00e9, une grande durabilit\u00e9, une s\u00e9curit\u00e9 optimale et une maintenance ais\u00e9e. Les points suivants peuvent \u00eatre abord\u00e9s\u00a0:<\/p>\n<ul>\n<li>Capacit\u00e9 de charge : Le v\u00e9rin du bras doit pouvoir supporter des charges importantes et fournir un mouvement lin\u00e9aire puissant pour assurer le bon fonctionnement de la machine.<\/li>\n<li>\u00c9tanch\u00e9it\u00e9 : Divers \u00e9l\u00e9ments d'\u00e9tanch\u00e9it\u00e9, tels que des joints de piston et des joints de tige, fabriqu\u00e9s \u00e0 partir de mat\u00e9riaux r\u00e9sistants \u00e0 l'usure comme le polyur\u00e9thane et le caoutchouc nitrile, sont utilis\u00e9s pour assurer une bonne \u00e9tanch\u00e9it\u00e9 du cylindre.<\/li>\n<li>Durabilit\u00e9 : Les v\u00e9rins de bras sont g\u00e9n\u00e9ralement fabriqu\u00e9s \u00e0 partir de mat\u00e9riaux \u00e0 haute r\u00e9sistance, offrant une bonne r\u00e9sistance \u00e0 l'usure et \u00e0 la corrosion, et adapt\u00e9s \u00e0 une utilisation \u00e0 long terme dans des environnements difficiles.<\/li>\n<li>S\u00e9curit\u00e9 : Le cylindre doit \u00eatre con\u00e7u avec des dispositifs de s\u00e9curit\u00e9 tels que des soupapes de d\u00e9charge de pression, une protection contre les surcharges et des m\u00e9canismes de verrouillage afin de pr\u00e9venir les accidents.<\/li>\n<li>Maintenance : La conception doit prendre en compte la facilit\u00e9 de maintenance et de remplacement afin de rendre l'inspection et la maintenance r\u00e9guli\u00e8res plus pratiques et de r\u00e9duire les temps d'arr\u00eat des \u00e9quipements.<\/li>\n<\/ul>\n<p><img decoding=\"async\" src=\"https:\/\/www.hydraulic-cylinders.net\/wp-content\/uploads\/2025\/01\/songte-cylinder-head-with-all-kinds-excavator-models.webp\" alt=\"Culasse\"><\/p>\n<h2>\u00c9tanch\u00e9it\u00e9 et lubrification<\/h2>\n<p>Le v\u00e9rin utilise divers \u00e9l\u00e9ments d'\u00e9tanch\u00e9it\u00e9, tels que des joints de piston et de tige, fabriqu\u00e9s en mat\u00e9riaux r\u00e9sistants \u00e0 l'usure comme le polyur\u00e9thane et le caoutchouc nitrile, afin de garantir une \u00e9tanch\u00e9it\u00e9 optimale. Le corps du v\u00e9rin et la surface d'extr\u00e9mit\u00e9 du filetage sont usin\u00e9s avec pr\u00e9cision pour une meilleure r\u00e9sistance \u00e0 l'usure. Un ajout r\u00e9gulier d'huile hydraulique adapt\u00e9e est n\u00e9cessaire pour lubrifier le v\u00e9rin.<\/p>\n<h2>Maintenance et mesures pr\u00e9ventives<\/h2>\n<p>Une inspection r\u00e9guli\u00e8re et un entretien pr\u00e9ventif permettent de prolonger efficacement la dur\u00e9e de vie du v\u00e9rin. Les mesures suivantes peuvent \u00eatre prises\u00a0:<\/p>\n<ul>\n<li>Contr\u00f4lez et remplacez r\u00e9guli\u00e8rement les joints pour garantir une bonne \u00e9tanch\u00e9it\u00e9.<\/li>\n<li>V\u00e9rifiez l'usure et les dommages du corps du cylindre et de la surface d'extr\u00e9mit\u00e9 du filetage, et remplacez-les si n\u00e9cessaire.<\/li>\n<li>Remplacez r\u00e9guli\u00e8rement l'huile hydraulique et maintenez-la propre pour assurer une lubrification correcte du v\u00e9rin.<\/li>\n<li>V\u00e9rifiez les dispositifs de s\u00e9curit\u00e9 du cylindre, tels que les soupapes de d\u00e9charge de pression, la protection contre les surcharges et les m\u00e9canismes de verrouillage, et assurez-vous de leur bon fonctionnement.<\/li>\n<\/ul>\n<p><img decoding=\"async\" src=\"https:\/\/www.hydraulic-cylinders.net\/wp-content\/uploads\/2025\/01\/songte-chushion-collar.webp\" alt=\"Collier coussin\u00e9\"><\/p>\n<h2>Guide d'installation<\/h2>\n<p>Avant l'installation, lisez attentivement et comprenez les instructions d'installation et assurez-vous que le cylindre du bras et ses composants sont en bon \u00e9tat. Suivez ces \u00e9tapes\u00a0:<\/p>\n<ol>\n<li>Installez le cylindre en respectant le sens de la fl\u00e8che indiqu\u00e9e sur le corps du cylindre.<\/li>\n<li>Assurez-vous que la surface de contact du cylindre et la surface de montage de la machine soient propres et exemptes de dommages.<\/li>\n<li>Appliquez une quantit\u00e9 appropri\u00e9e de lubrifiant sur le cylindre et la surface de contact.<\/li>\n<li>Installez le cylindre en respectant le couple de serrage et la s\u00e9quence de fixation sp\u00e9cifi\u00e9s.<\/li>\n<li>V\u00e9rifiez l'installation pour d\u00e9tecter les fuites et assurer son bon fonctionnement.<\/li>\n<\/ol>\n<h2>Consid\u00e9rations de s\u00e9curit\u00e9 et facteurs environnementaux<\/h2>\n<p>Safety measures are important when using arm cylinders. Operating the cylinders in accordance with the manufacturer&#8217;s instructions, maintaining the equipment, and ensuring that safety features are functioning correctly can help prevent accidents. Environmental factors, such as temperature, humidity, and chemical contamination, can affect the performance and service life of the cylinders.<\/p>\n<h2>D\u00e9pannage et probl\u00e8mes courants<\/h2>\n<p>Les probl\u00e8mes courants rencontr\u00e9s avec les v\u00e9rins de bras incluent les fuites, la lenteur du fonctionnement et les bruits anormaux. Les conseils et solutions suivants peuvent vous aider \u00e0 diagnostiquer et \u00e0 r\u00e9soudre ces probl\u00e8mes\u00a0:<\/p>\n<ul>\n<li>Fuites : V\u00e9rifiez l'\u00e9tat des \u00e9l\u00e9ments d'\u00e9tanch\u00e9it\u00e9 et des surfaces de contact et remplacez-les si n\u00e9cessaire.<\/li>\n<li>Fonctionnement lent\u00a0: v\u00e9rifiez le niveau et la qualit\u00e9 de l\u2019huile hydraulique et remplacez-la si n\u00e9cessaire.<\/li>\n<li>Bruit anormal\u00a0: v\u00e9rifiez l\u2019usure ou les dommages du corps du cylindre et de la surface d\u2019extr\u00e9mit\u00e9 du filetage, et remplacez-les si n\u00e9cessaire.<\/li>\n<\/ul>\n<p>Des mesures pr\u00e9ventives peuvent \u00e9galement \u00eatre prises pour r\u00e9duire les probl\u00e8mes potentiels, telles que l'inspection et l'entretien r\u00e9guliers, ainsi que l'utilisation et le stockage appropri\u00e9s des bouteilles.<\/p>\n<p><img decoding=\"async\" src=\"https:\/\/www.hydraulic-cylinders.net\/wp-content\/uploads\/2025\/01\/songte-bushings-with-all-kinds-of-excavator-models.webp\" alt=\"bagues\"><\/p>\n<h2>\u00c0 propos de nous<\/h2>\n<p>Nous sommes un fabricant professionnel de v\u00e9rins hydrauliques de remplacement offrant une large gamme de produits. Figurant parmi les principaux fabricants et distributeurs de v\u00e9rins hydrauliques sur les march\u00e9s nationaux et internationaux, nous nous engageons \u00e0 fournir une qualit\u00e9 irr\u00e9prochable. Nos ateliers de fabrication rigoureux, associ\u00e9s \u00e0 des strat\u00e9gies de gestion de la production industrielle, nous permettent d'am\u00e9liorer constamment nos technologies et notre efficacit\u00e9 de production. Gr\u00e2ce \u00e0 l'int\u00e9gration d'\u00e9quipements de fabrication num\u00e9rique de pointe et de syst\u00e8mes d'inspection professionnels, nous optimisons en permanence notre plateforme de production, perfectionnons nos processus de contr\u00f4le qualit\u00e9 et cultivons une forte capacit\u00e9 d'innovation. Notre objectif est de r\u00e9pondre aux besoins vari\u00e9s de nos clients avec efficacit\u00e9, pr\u00e9cision et un souci constant de la qualit\u00e9.<\/p>\n<p>Nous fournissons \u00e0 nos clients des services professionnels, une certification internationale, des services personnalis\u00e9s, des \u00e9quipements de production et un service apr\u00e8s-vente.<\/p>\n<p><img decoding=\"async\" src=\"https:\/\/www.hydraulic-cylinders.net\/wp-content\/uploads\/2025\/01\/songte-company-4.webp\" alt=\"Image de l&#039;entreprise\"><br \/>\n<img decoding=\"async\" src=\"https:\/\/www.hydraulic-cylinders.net\/wp-content\/uploads\/2025\/01\/songte-company-3.webp\" alt=\"Image de l&#039;entreprise\"><\/p>\n<p>Auteur : lyl<\/p>","protected":false},"excerpt":{"rendered":"<p>Arm Cylinder For Dasin DS50-7 Introduction An arm cylinder is a specially designed hydraulic cylinder used to provide linear motion and power to the arms of various types of machinery, such as excavators, cranes, and robotic arms. The arm cylinder plays a key role in hydraulic systems, allowing attachments or accessories to move and be [&hellip;]<\/p>","protected":false},"featured_media":14777,"comment_status":"open","ping_status":"closed","template":"","meta":{"_et_pb_use_builder":"","_et_pb_old_content":"","_et_gb_content_width":""},"product_brand":[],"product_cat":[1497],"product_tag":[1498,1496],"class_list":{"0":"post-16901","1":"product","2":"type-product","3":"status-publish","4":"has-post-thumbnail","6":"product_cat-arm-cylinders","7":"product_tag-arm-cylinders","8":"product_tag-hydraulic-cylinders","10":"first","11":"instock","12":"shipping-taxable","13":"product-type-simple"},"amp_enabled":true,"_links":{"self":[{"href":"https:\/\/www.hydraulic-cylinders.net\/fr\/wp-json\/wp\/v2\/product\/16901","targetHints":{"allow":["GET"]}}],"collection":[{"href":"https:\/\/www.hydraulic-cylinders.net\/fr\/wp-json\/wp\/v2\/product"}],"about":[{"href":"https:\/\/www.hydraulic-cylinders.net\/fr\/wp-json\/wp\/v2\/types\/product"}],"replies":[{"embeddable":true,"href":"https:\/\/www.hydraulic-cylinders.net\/fr\/wp-json\/wp\/v2\/comments?post=16901"}],"wp:featuredmedia":[{"embeddable":true,"href":"https:\/\/www.hydraulic-cylinders.net\/fr\/wp-json\/wp\/v2\/media\/14777"}],"wp:attachment":[{"href":"https:\/\/www.hydraulic-cylinders.net\/fr\/wp-json\/wp\/v2\/media?parent=16901"}],"wp:term":[{"taxonomy":"product_brand","embeddable":true,"href":"https:\/\/www.hydraulic-cylinders.net\/fr\/wp-json\/wp\/v2\/product_brand?post=16901"},{"taxonomy":"product_cat","embeddable":true,"href":"https:\/\/www.hydraulic-cylinders.net\/fr\/wp-json\/wp\/v2\/product_cat?post=16901"},{"taxonomy":"product_tag","embeddable":true,"href":"https:\/\/www.hydraulic-cylinders.net\/fr\/wp-json\/wp\/v2\/product_tag?post=16901"}],"curies":[{"name":"wp","href":"https:\/\/api.w.org\/{rel}","templated":true}]}}