{"id":16902,"date":"2025-01-21T06:11:41","date_gmt":"2025-01-21T06:11:41","guid":{"rendered":"https:\/\/www.hydraulic-cylinders.net\/product\/arm-cylinder-for-dasin-ds35\/"},"modified":"2025-01-21T06:11:43","modified_gmt":"2025-01-21T06:11:43","slug":"arm-cylinder-for-dasin-ds35","status":"publish","type":"product","link":"https:\/\/www.hydraulic-cylinders.net\/fr\/produit\/arm-cylinder-for-dasin-ds35\/","title":{"rendered":"Cylindre de bras pour Dasin DS35"},"content":{"rendered":"<h2>Cylindre de bras pour Dasin DS35<\/h2>\n<h3>Introduction<\/h3>\n<p>Le v\u00e9rin de bras pour Dasin DS35 est un v\u00e9rin hydraulique con\u00e7u sp\u00e9cifiquement pour fournir un mouvement lin\u00e9aire et de la puissance au bras de divers types d'engins, tels que les excavatrices, les grues et les bras robotis\u00e9s. Ce v\u00e9rin joue un r\u00f4le essentiel dans les syst\u00e8mes hydrauliques, permettant le mouvement et le contr\u00f4le efficaces d'outils ou d'accessoires suppl\u00e9mentaires. Ces v\u00e9rins assurent non seulement un mouvement fluide, mais peuvent \u00e9galement supporter des charges importantes, garantissant ainsi un fonctionnement efficace et une grande fiabilit\u00e9 des machines dans diverses conditions d'utilisation.<\/p>\n<p><img decoding=\"async\" src=\"https:\/\/www.hydraulic-cylinders.net\/wp-content\/uploads\/2025\/01\/songte-company-2.webp\" \/><\/p>\n<h3>Caract\u00e9ristiques<\/h3>\n<ul>\n<li><strong>Transmission d'\u00e9nergie efficace :<\/strong> Le v\u00e9rin du bras assure un mouvement lin\u00e9aire et une force puissants, garantissant ainsi des performances \u00e9lev\u00e9es du bras robotis\u00e9 dans diverses op\u00e9rations.<\/li>\n<li><strong>Contr\u00f4le pr\u00e9cis :<\/strong> Gr\u00e2ce au syst\u00e8me hydraulique, le v\u00e9rin du bras permet un contr\u00f4le pr\u00e9cis du mouvement, rendant l'utilisation des outils suppl\u00e9mentaires plus flexible et pr\u00e9cise.<\/li>\n<li><strong>Durable:<\/strong> Les v\u00e9rins de bras sont g\u00e9n\u00e9ralement fabriqu\u00e9s \u00e0 partir de mat\u00e9riaux \u00e0 haute r\u00e9sistance, offrant une bonne r\u00e9sistance \u00e0 l'usure et \u00e0 la corrosion, ce qui les rend adapt\u00e9s \u00e0 une utilisation \u00e0 long terme dans des environnements difficiles.<\/li>\n<li><strong>Adaptabilit\u00e9 multifonctionnelle\u00a0:<\/strong> Ces v\u00e9rins peuvent \u00eatre largement utilis\u00e9s dans diff\u00e9rents types de machines, telles que les excavatrices, les grues et les bras robotis\u00e9s, s'adaptant ainsi aux diff\u00e9rentes exigences de travail.<\/li>\n<li><strong>Entretien facile\u00a0:<\/strong> Con\u00e7us pour faciliter l'entretien et le remplacement, les inspections et la maintenance r\u00e9guli\u00e8res deviennent plus pratiques, r\u00e9duisant ainsi les temps d'arr\u00eat des \u00e9quipements.<\/li>\n<\/ul>\n<p>Nous pouvons fabriquer ce produit, et notre produit peut parfaitement remplacer ces v\u00e9rins hydrauliques.<\/p>\n<p><img decoding=\"async\" src=\"https:\/\/www.hydraulic-cylinders.net\/wp-content\/uploads\/2025\/01\/songte-oil-pipes-and-spare-parts.webp\" \/><\/p>\n<h3>Applications<\/h3>\n<p>Le v\u00e9rin \u00e0 bras trouve son utilit\u00e9 dans diverses industries, notamment\u00a0:<\/p>\n<ul>\n<li><strong>Construction:<\/strong> Dans les excavatrices et les grues, le v\u00e9rin de bras est utilis\u00e9 pour contr\u00f4ler le mouvement des godets ou des fl\u00e8ches pour les travaux de terrassement, la manutention des mat\u00e9riaux et l'installation structurelle.<\/li>\n<li><strong>Fabrication:<\/strong> Dans les lignes de production automatis\u00e9es, le v\u00e9rin de bras est utilis\u00e9 pour le mouvement des bras robotis\u00e9s, effectuant des op\u00e9rations d'assemblage, de soudage et de manutention, am\u00e9liorant ainsi l'efficacit\u00e9 et la pr\u00e9cision de la production.<\/li>\n<li><strong>Machines agricoles :<\/strong> Dans les machines agricoles telles que les moissonneuses-batteuses et les semoirs, le v\u00e9rin du bras contr\u00f4le le mouvement du bras de travail, effectuant des t\u00e2ches telles que le semis, la fertilisation et la r\u00e9colte.<\/li>\n<li><strong>Exploitation mini\u00e8re:<\/strong> Dans les \u00e9quipements miniers, le v\u00e9rin de bras sert \u00e0 contr\u00f4ler le mouvement du bras de l'engin, permettant ainsi d'effectuer des t\u00e2ches d'extraction et de manutention des mat\u00e9riaux.<\/li>\n<li><strong>Logistique et transport :<\/strong> Dans les chariots \u00e9l\u00e9vateurs et les robots de manutention, le v\u00e9rin du bras sert \u00e0 contr\u00f4ler le levage et le d\u00e9placement de la charge, permettant ainsi la manutention et l'empilage des mat\u00e9riaux.<\/li>\n<\/ul>\n<h3>Consid\u00e9rations de conception et crit\u00e8res de s\u00e9lection<\/h3>\n<p>Les crit\u00e8res de conception et de s\u00e9lection du cylindre de bras comprennent\u00a0:<\/p>\n<ul>\n<li><strong>Capacit\u00e9 portante :<\/strong> Le v\u00e9rin du bras doit pouvoir supporter la charge de la machine et des \u00e9quipements suppl\u00e9mentaires qu'elle transporte.<\/li>\n<li><strong>Scellage:<\/strong> Le cylindre du bras doit utiliser diff\u00e9rents types de joints, tels que des joints de piston et des joints de tige, fabriqu\u00e9s \u00e0 partir de mat\u00e9riaux r\u00e9sistants \u00e0 l'usure comme le polyur\u00e9thane et le caoutchouc nitrile.<\/li>\n<li><strong>Durabilit\u00e9:<\/strong> Le v\u00e9rin du bras doit \u00eatre fabriqu\u00e9 \u00e0 partir de mat\u00e9riaux \u00e0 haute r\u00e9sistance et pr\u00e9senter une bonne r\u00e9sistance \u00e0 l'usure et \u00e0 la corrosion, adapt\u00e9 \u00e0 une utilisation dans des environnements difficiles.<\/li>\n<li><strong>S\u00e9curit\u00e9:<\/strong> Le v\u00e9rin du bras doit comporter un facteur de s\u00e9curit\u00e9 afin d'\u00e9viter toute casse ou tout accident pendant son fonctionnement.<\/li>\n<li><strong>Maintenabilit\u00e9 :<\/strong> Le v\u00e9rin du bras doit \u00eatre con\u00e7u pour faciliter la maintenance et le remplacement, r\u00e9duisant ainsi les co\u00fbts de maintenance et les temps d'arr\u00eat des \u00e9quipements.<\/li>\n<\/ul>\n<p><img decoding=\"async\" src=\"https:\/\/www.hydraulic-cylinders.net\/wp-content\/uploads\/2025\/01\/songte-cylinder-head-with-all-kinds-excavator-models.webp\" \/><\/p>\n<h3>\u00c9tanch\u00e9it\u00e9 et lubrification<\/h3>\n<p>Le v\u00e9rin de bras doit utiliser diff\u00e9rents types de joints, tels que des joints de piston et des joints de tige, fabriqu\u00e9s dans des mat\u00e9riaux r\u00e9sistants \u00e0 l'usure comme le polyur\u00e9thane et le caoutchouc nitrile. Le corps du v\u00e9rin et le filetage doivent \u00eatre usin\u00e9s avec pr\u00e9cision pour optimiser la r\u00e9sistance \u00e0 l'usure. Le v\u00e9rin de bras doit \u00eatre lubrifi\u00e9 r\u00e9guli\u00e8rement avec une quantit\u00e9 appropri\u00e9e d'huile hydraulique pour garantir un fonctionnement optimal.<\/p>\n<h3>Maintenance et d\u00e9pannage<\/h3>\n<p>Pour garantir le bon fonctionnement du v\u00e9rin, un entretien r\u00e9gulier est n\u00e9cessaire. Cet entretien comprend la v\u00e9rification de l'\u00e9tanch\u00e9it\u00e9, le nettoyage du v\u00e9rin, le remplacement des joints et l'inspection de la tige de piston afin de d\u00e9tecter tout dommage. En cas de probl\u00e8me, les conseils suivants peuvent s'av\u00e9rer utiles\u00a0:<\/p>\n<ul>\n<li><strong>Probl\u00e8me:<\/strong> Le cylindre ne bouge pas ou bouge lentement.<\/li>\n<li><strong>Solution:<\/strong> V\u00e9rifiez le niveau d'huile hydraulique, la pompe \u00e0 huile et la vanne.<\/li>\n<li><strong>Probl\u00e8me:<\/strong> Le cylindre se d\u00e9place de mani\u00e8re irr\u00e9guli\u00e8re ou vibre.<\/li>\n<li><strong>Solution:<\/strong> V\u00e9rifiez que la tige de piston n'est pas endommag\u00e9e ou pli\u00e9e, et contr\u00f4lez la viscosit\u00e9 de l'huile hydraulique.<\/li>\n<\/ul>\n<p>Les mesures pr\u00e9ventives comprennent le respect des instructions du fabricant, un entretien r\u00e9gulier et la surveillance de la pression et de la temp\u00e9rature du syst\u00e8me hydraulique.<\/p>\n<p><img decoding=\"async\" src=\"https:\/\/www.hydraulic-cylinders.net\/wp-content\/uploads\/2025\/01\/songte-chushion-collar.webp\" \/><\/p>\n<h3>Guide d'installation<\/h3>\n<p>L'installation du v\u00e9rin de bras requiert de la prudence afin d'\u00e9viter tout dommage ou accident. Les \u00e9tapes suivantes peuvent vous guider lors de l'installation\u00a0:<\/p>\n<ol>\n<li>Pr\u00e9parez le syst\u00e8me hydraulique et le v\u00e9rin du bras conform\u00e9ment aux instructions du fabricant.<\/li>\n<li>Installez le cylindre sur la machine en veillant \u00e0 ce qu'il soit correctement align\u00e9 et soutenu.<\/li>\n<li>Raccordez les flexibles hydrauliques au v\u00e9rin.<\/li>\n<li>V\u00e9rifiez l'absence de fuites et testez le fonctionnement du cylindre.<\/li>\n<\/ol>\n<p><img decoding=\"async\" src=\"https:\/\/www.hydraulic-cylinders.net\/wp-content\/uploads\/2025\/01\/songte-bushings-with-all-kinds-of-excavator-models.webp\" \/><\/p>\n<h3>Consid\u00e9rations de s\u00e9curit\u00e9 et facteurs environnementaux<\/h3>\n<p>Le fonctionnement du v\u00e9rin de bras doit \u00eatre conforme aux instructions du fabricant et aux consignes de s\u00e9curit\u00e9. Les mesures de s\u00e9curit\u00e9 comprennent le port d'\u00e9quipements de protection individuelle, la r\u00e9alisation d'un entretien r\u00e9gulier et la v\u00e9rification de l'\u00e9tanch\u00e9it\u00e9 et de la pression du syst\u00e8me hydraulique. Les aspects environnementaux incluent l'\u00e9limination appropri\u00e9e de l'huile hydraulique et le respect de la r\u00e9glementation locale.<\/p>\n<h3>\u00c0 propos de nous<\/h3>\n<p>Nous sommes un fabricant professionnel de v\u00e9rins hydrauliques, proposant une large gamme de produits et figurant parmi les principaux fabricants et distributeurs de v\u00e9rins hydrauliques sur les march\u00e9s nationaux et internationaux. Nous privil\u00e9gions l'excellence et nous appuyons sur des strat\u00e9gies de gestion de production industrialis\u00e9es au sein d'ateliers de fabrication de pr\u00e9cision, am\u00e9liorant ainsi constamment notre niveau technique et notre productivit\u00e9.<\/p>\n<p>Gr\u00e2ce \u00e0 l'int\u00e9gration d'\u00e9quipements de fabrication num\u00e9rique de pointe et de syst\u00e8mes de d\u00e9tection professionnels, nous optimisons constamment notre plateforme de production, am\u00e9liorons nos processus de contr\u00f4le qualit\u00e9 et d\u00e9veloppons une forte capacit\u00e9 d'innovation. Notre objectif est de r\u00e9pondre aux besoins vari\u00e9s de nos clients avec efficacit\u00e9, pr\u00e9cision et qualit\u00e9.<\/p>\n<p>Nous offrons des services professionnels, des certifications internationales, des services personnalis\u00e9s, des \u00e9quipements de production de pointe et un service apr\u00e8s-vente complet.<\/p>\n<p><img decoding=\"async\" src=\"https:\/\/www.hydraulic-cylinders.net\/wp-content\/uploads\/2025\/01\/songte-company-4.webp\" \/><br \/>\n<img decoding=\"async\" src=\"https:\/\/www.hydraulic-cylinders.net\/wp-content\/uploads\/2025\/01\/songte-company-3.webp\" \/><\/p>\n<p>Auteur : lyl<\/p>","protected":false},"excerpt":{"rendered":"<p>Arm Cylinder For Dasin DS35 Introduction The Arm Cylinder for Dasin DS35 is a type of hydraulic cylinder designed specifically to provide linear motion and power to the arm of various types of machinery, such as excavators, cranes, and robotic arms. The arm cylinder plays a critical role in hydraulic systems, enabling the effective movement [&hellip;]<\/p>","protected":false},"featured_media":14774,"comment_status":"open","ping_status":"closed","template":"","meta":{"_et_pb_use_builder":"","_et_pb_old_content":"","_et_gb_content_width":""},"product_brand":[],"product_cat":[1497],"product_tag":[1498,1496],"class_list":{"0":"post-16902","1":"product","2":"type-product","3":"status-publish","4":"has-post-thumbnail","6":"product_cat-arm-cylinders","7":"product_tag-arm-cylinders","8":"product_tag-hydraulic-cylinders","10":"first","11":"instock","12":"shipping-taxable","13":"product-type-simple"},"amp_enabled":true,"_links":{"self":[{"href":"https:\/\/www.hydraulic-cylinders.net\/fr\/wp-json\/wp\/v2\/product\/16902","targetHints":{"allow":["GET"]}}],"collection":[{"href":"https:\/\/www.hydraulic-cylinders.net\/fr\/wp-json\/wp\/v2\/product"}],"about":[{"href":"https:\/\/www.hydraulic-cylinders.net\/fr\/wp-json\/wp\/v2\/types\/product"}],"replies":[{"embeddable":true,"href":"https:\/\/www.hydraulic-cylinders.net\/fr\/wp-json\/wp\/v2\/comments?post=16902"}],"wp:featuredmedia":[{"embeddable":true,"href":"https:\/\/www.hydraulic-cylinders.net\/fr\/wp-json\/wp\/v2\/media\/14774"}],"wp:attachment":[{"href":"https:\/\/www.hydraulic-cylinders.net\/fr\/wp-json\/wp\/v2\/media?parent=16902"}],"wp:term":[{"taxonomy":"product_brand","embeddable":true,"href":"https:\/\/www.hydraulic-cylinders.net\/fr\/wp-json\/wp\/v2\/product_brand?post=16902"},{"taxonomy":"product_cat","embeddable":true,"href":"https:\/\/www.hydraulic-cylinders.net\/fr\/wp-json\/wp\/v2\/product_cat?post=16902"},{"taxonomy":"product_tag","embeddable":true,"href":"https:\/\/www.hydraulic-cylinders.net\/fr\/wp-json\/wp\/v2\/product_tag?post=16902"}],"curies":[{"name":"wp","href":"https:\/\/api.w.org\/{rel}","templated":true}]}}