{"id":16910,"date":"2025-01-21T06:12:17","date_gmt":"2025-01-21T06:12:17","guid":{"rendered":"https:\/\/www.hydraulic-cylinders.net\/product\/arm-cylinder-for-sinomach-zg3335lc-9c\/"},"modified":"2025-01-21T06:12:18","modified_gmt":"2025-01-21T06:12:18","slug":"arm-cylinder-for-sinomach-zg3335lc-9c","status":"publish","type":"product","link":"https:\/\/www.hydraulic-cylinders.net\/fr\/produit\/arm-cylinder-for-sinomach-zg3335lc-9c\/","title":{"rendered":"Cylindre de bras pour Sinomach ZG3335LC-9C"},"content":{"rendered":"<h2>Introduction<\/h2>\n<h3>Cylindre de bras de d\u00e9finition pour Sinomach ZG3335LC-9C<\/h3>\n<p>Le v\u00e9rin de bras Sinomach ZG3335LC-9C est un v\u00e9rin hydraulique sp\u00e9cialis\u00e9 con\u00e7u pour fournir un mouvement lin\u00e9aire et de la puissance au bras de divers types d'engins tels que les excavatrices, les grues et les bras m\u00e9caniques. Ce v\u00e9rin joue un r\u00f4le essentiel dans le syst\u00e8me hydraulique, permettant le d\u00e9placement et le contr\u00f4le efficaces des accessoires. Ces v\u00e9rins assurent non seulement des mouvements fluides, mais supportent \u00e9galement des charges importantes, garantissant ainsi un fonctionnement efficace et une grande fiabilit\u00e9 des machines dans diverses conditions d'utilisation.<\/p>\n<p><img decoding=\"async\" src=\"https:\/\/www.hydraulic-cylinders.net\/wp-content\/uploads\/2025\/01\/songte-company-2.webp\"><\/p>\n<h3>Caract\u00e9ristiques<\/h3>\n<ul>\n<li><strong>Transmission d'\u00e9nergie efficace :<\/strong> Les v\u00e9rins de bras peuvent fournir un mouvement lin\u00e9aire et une force puissants, assurant ainsi un fonctionnement efficace du bras m\u00e9canique dans diverses op\u00e9rations.<\/li>\n<li><strong>Contr\u00f4le pr\u00e9cis :<\/strong> Gr\u00e2ce au syst\u00e8me hydraulique, les v\u00e9rins du bras permettent un contr\u00f4le pr\u00e9cis du mouvement, rendant ainsi le fonctionnement de l'outil fix\u00e9 plus flexible et pr\u00e9cis.<\/li>\n<li><strong>Durabilit\u00e9:<\/strong> Les v\u00e9rins de bras sont g\u00e9n\u00e9ralement fabriqu\u00e9s \u00e0 partir de mat\u00e9riaux \u00e0 haute r\u00e9sistance, qui pr\u00e9sentent une bonne r\u00e9sistance \u00e0 l'usure et \u00e0 la corrosion et sont adapt\u00e9s \u00e0 une utilisation \u00e0 long terme dans des environnements difficiles.<\/li>\n<li><strong>Adaptabilit\u00e9 multifonctionnelle\u00a0:<\/strong> Ces v\u00e9rins peuvent \u00eatre largement utilis\u00e9s dans divers \u00e9quipements m\u00e9caniques tels que les excavatrices, les grues et les bras m\u00e9caniques pour r\u00e9pondre \u00e0 diff\u00e9rentes exigences de travail.<\/li>\n<li><strong>Entretien facile\u00a0:<\/strong> Gr\u00e2ce \u00e0 une conception facilitant la maintenance et le remplacement des \u00e9quipements, l'inspection et la maintenance r\u00e9guli\u00e8res sont simplifi\u00e9es, r\u00e9duisant ainsi les temps d'arr\u00eat.<\/li>\n<\/ul>\n<p>Nous pouvons fabriquer ce produit, et nos produits peuvent parfaitement remplacer ces v\u00e9rins hydrauliques.<\/p>\n<p><img decoding=\"async\" src=\"https:\/\/www.hydraulic-cylinders.net\/wp-content\/uploads\/2025\/01\/songte-oil-pipes-and-spare-parts.webp\"><\/p>\n<h3>Applications<\/h3>\n<h4>Ing\u00e9nierie de la construction<\/h4>\n<p>Dans les excavatrices et les grues, les v\u00e9rins de bras sont utilis\u00e9s pour contr\u00f4ler le mouvement des godets ou des fl\u00e8ches pour le terrassement, la manutention des mat\u00e9riaux et l'installation structurelle.<\/p>\n<h4>Industrie manufacturi\u00e8re<\/h4>\n<p>Dans les lignes de production automatis\u00e9es, les v\u00e9rins de bras sont utilis\u00e9s pour le mouvement des bras m\u00e9caniques dans les processus d'assemblage, de soudage et de manutention afin d'accro\u00eetre l'efficacit\u00e9 et la pr\u00e9cision de la production.<\/p>\n<h4>machines agricoles<\/h4>\n<p>Dans les machines agricoles telles que les moissonneuses-batteuses et les semoirs, les v\u00e9rins de bras contr\u00f4lent le mouvement des bras moteurs pour effectuer des t\u00e2ches telles que la plantation, la fertilisation et la r\u00e9colte.<\/p>\n<h4>Exploitation mini\u00e8re<\/h4>\n<p>Dans les \u00e9quipements miniers, les v\u00e9rins de bras servent \u00e0 contr\u00f4ler le mouvement des bras des \u00e9quipements d'extraction et de manutention des mat\u00e9riaux.<\/p>\n<h4>Logistique et transport<\/h4>\n<p>Dans les chariots \u00e9l\u00e9vateurs et les robots de manutention, les v\u00e9rins de bras servent \u00e0 contr\u00f4ler le levage et le d\u00e9placement des fourches pour manipuler et empiler les mat\u00e9riaux.<\/p>\n<h3>Consid\u00e9rations de conception et crit\u00e8res de s\u00e9lection<\/h3>\n<h4>Capacit\u00e9 de charge<\/h4>\n<p>Le v\u00e9rin du bras doit avoir une capacit\u00e9 de charge suffisante pour supporter le poids de l'outil ou de l'accessoire fix\u00e9 et les charges subies pendant le fonctionnement.<\/p>\n<h4>Scellage<\/h4>\n<p>Divers composants d'\u00e9tanch\u00e9it\u00e9, tels que les joints de piston et les joints de tige, doivent \u00eatre utilis\u00e9s pour pr\u00e9venir les fuites de fluide et assurer le bon fonctionnement du syst\u00e8me hydraulique. Le polyur\u00e9thane et le caoutchouc nitrile sont couramment utilis\u00e9s comme mat\u00e9riaux d'\u00e9tanch\u00e9it\u00e9 en raison de leur r\u00e9sistance \u00e0 l'usure.<\/p>\n<h4>Durabilit\u00e9<\/h4>\n<p>Les v\u00e9rins de bras sont g\u00e9n\u00e9ralement fabriqu\u00e9s \u00e0 partir de mat\u00e9riaux \u00e0 haute r\u00e9sistance, offrant une bonne r\u00e9sistance \u00e0 l'usure et \u00e0 la corrosion, et adapt\u00e9s \u00e0 une utilisation \u00e0 long terme dans des environnements difficiles.<\/p>\n<h4>S\u00e9curit\u00e9<\/h4>\n<p>L\u2019utilisation des v\u00e9rins \u00e0 bras doit respecter les r\u00e8gles et normes de s\u00e9curit\u00e9 afin d\u2019\u00e9viter les blessures corporelles ou les dommages mat\u00e9riels.<\/p>\n<h4>Entretien<\/h4>\n<p>Les v\u00e9rins de bras doivent \u00eatre con\u00e7us pour faciliter l'entretien et le remplacement, notamment en permettant un acc\u00e8s ais\u00e9 pour l'inspection, le remplacement des joints et la lubrification r\u00e9guli\u00e8re des pi\u00e8ces mobiles.<\/p>\n<p><img decoding=\"async\" src=\"https:\/\/www.hydraulic-cylinders.net\/wp-content\/uploads\/2025\/01\/songte-cylinder-head-with-all-kinds-excavator-models.webp\"><\/p>\n<h3>\u00c9tanch\u00e9it\u00e9 et lubrification<\/h3>\n<p>Divers composants d'\u00e9tanch\u00e9it\u00e9 doivent \u00eatre utilis\u00e9s pour pr\u00e9venir les fuites de fluide et assurer le bon fonctionnement du syst\u00e8me hydraulique. Les v\u00e9rins des bras doivent \u00eatre lubrifi\u00e9s r\u00e9guli\u00e8rement avec une huile hydraulique appropri\u00e9e afin de r\u00e9duire l'usure des pi\u00e8ces mobiles.<\/p>\n<h3>Maintenance et mesures pr\u00e9ventives<\/h3>\n<h4>Inspection r\u00e9guli\u00e8re<\/h4>\n<p>Les v\u00e9rins des bras doivent \u00eatre inspect\u00e9s r\u00e9guli\u00e8rement afin de d\u00e9tecter tout dommage, usure ou fuite. Remplacez imm\u00e9diatement les joints ou les v\u00e9rins endommag\u00e9s pour \u00e9viter d'autres dommages ou une panne.<\/p>\n<h4>Maintenance pr\u00e9ventive<\/h4>\n<p>Un entretien et une lubrification r\u00e9guliers permettent de pr\u00e9venir les pannes potentielles et de prolonger la dur\u00e9e de vie des v\u00e9rins de bras.<\/p>\n<h4>S\u00e9curit\u00e9 op\u00e9rationnelle<\/h4>\n<p>Les v\u00e9rins \u00e0 bras doivent \u00eatre utilis\u00e9s conform\u00e9ment aux r\u00e8gles et normes de s\u00e9curit\u00e9 afin d'\u00e9viter les blessures corporelles ou les dommages mat\u00e9riels.<\/p>\n<p><img decoding=\"async\" src=\"https:\/\/www.hydraulic-cylinders.net\/wp-content\/uploads\/2025\/01\/songte-chushion-collar.webp\"><\/p>\n<h3>Guide d'installation<\/h3>\n<p>Avant l'installation, lisez attentivement la notice fournie avec le v\u00e9rin et assurez-vous que tous les composants sont propres et en bon \u00e9tat. Appliquez une fine couche de lubrifiant sur le v\u00e9rin et les surfaces de contact. Serrez tous les raccords au couple recommand\u00e9.<\/p>\n<h3>Consid\u00e9rations de s\u00e9curit\u00e9 et facteurs environnementaux<\/h3>\n<p>Les r\u00e8gles et normes de s\u00e9curit\u00e9 doivent \u00eatre respect\u00e9es lors de l'installation, de l'utilisation et de la maintenance des v\u00e9rins de bras afin d'\u00e9viter les blessures et les dommages mat\u00e9riels. Les facteurs environnementaux tels que la temp\u00e9rature, l'humidit\u00e9 et l'exposition aux produits chimiques doivent \u00e9galement \u00eatre pris en compte pour garantir le bon fonctionnement du syst\u00e8me hydraulique.<\/p>\n<h3>D\u00e9pannage et probl\u00e8mes courants<\/h3>\n<h4>Fuite<\/h4>\n<p>Une fuite de fluide du cylindre peut \u00eatre due \u00e0 des joints ou des raccords hydrauliques endommag\u00e9s. V\u00e9rifiez l'\u00e9tat des composants et remplacez-les imm\u00e9diatement.<\/p>\n<h4>Bruit anormal<\/h4>\n<p>Un bruit anormal peut \u00eatre caus\u00e9 par l'usure, un mauvais alignement ou des connexions desserr\u00e9es. V\u00e9rifiez l'\u00e9tat des composants et resserrez les connexions desserr\u00e9es.<\/p>\n<h3>Pr\u00e9sentation de l'entreprise<\/h3>\n<p>Nous sommes un fabricant professionnel de v\u00e9rins hydrauliques de remplacement offrant une large gamme de produits et figurant parmi les principaux fabricants et distributeurs de v\u00e9rins hydrauliques sur les march\u00e9s nationaux et internationaux. Attach\u00e9s \u00e0 l'excellence, nous am\u00e9liorons constamment nos technologies et notre efficacit\u00e9 de production gr\u00e2ce \u00e0 une strat\u00e9gie de gestion industrialis\u00e9e au sein d'un atelier de fabrication performant. L'int\u00e9gration d'\u00e9quipements de fabrication num\u00e9rique de pointe et de syst\u00e8mes de test professionnels nous permet d'optimiser en permanence notre plateforme de production, d'am\u00e9liorer le contr\u00f4le qualit\u00e9 de nos produits et de d\u00e9velopper une forte capacit\u00e9 d'innovation. Notre objectif est de r\u00e9pondre aux besoins vari\u00e9s de nos clients avec efficacit\u00e9, pr\u00e9cision et une qualit\u00e9 irr\u00e9prochable.<\/p>\n<h4>Professionnalisme et certification internationale<\/h4>\n<p>Nous disposons d'une \u00e9quipe de professionnels sp\u00e9cialis\u00e9s qui poss\u00e8dent une expertise dans les v\u00e9rins hydrauliques et des certifications internationales telles que ISO9001, CE et SGS.<\/p>\n<h4>Services de personnalisation et \u00e9quipements de production<\/h4>\n<p>Nous proposons des services de personnalisation et fabriquons des v\u00e9rins hydrauliques selon les besoins de nos clients. Notre parc de machines comprend des tours CNC, des centres d'usinage CNC et d'autres \u00e9quipements de pointe.<\/p>\n<h4>Service apr\u00e8s-vente<\/h4>\n<p>Nous assurons un service apr\u00e8s-vente rapide et efficace \u00e0 nos clients, comprenant une assistance technique, des formations et la maintenance, afin de garantir le bon fonctionnement des v\u00e9rins hydrauliques.<\/p>\n<p><img decoding=\"async\" src=\"https:\/\/www.hydraulic-cylinders.net\/wp-content\/uploads\/2025\/01\/songte-company-4.webp\"><br \/>\n<img decoding=\"async\" src=\"https:\/\/www.hydraulic-cylinders.net\/wp-content\/uploads\/2025\/01\/songte-company-3.webp\"><\/p>\n<p>Auteur : lyl.<\/p>","protected":false},"excerpt":{"rendered":"<p>Introduction Defining Arm Cylinder For Sinomach ZG3335LC-9C Arm Cylinder For Sinomach ZG3335LC-9C is a specialized hydraulic cylinder that is designed to provide linear motion and power to the arm of various types of machinery such as excavators, cranes, and mechanical arms. The arm cylinder plays a critical role in the hydraulic system, enabling attachments or [&hellip;]<\/p>","protected":false},"featured_media":14779,"comment_status":"open","ping_status":"closed","template":"","meta":{"_et_pb_use_builder":"","_et_pb_old_content":"","_et_gb_content_width":""},"product_brand":[],"product_cat":[1497],"product_tag":[1498,1496],"class_list":{"0":"post-16910","1":"product","2":"type-product","3":"status-publish","4":"has-post-thumbnail","6":"product_cat-arm-cylinders","7":"product_tag-arm-cylinders","8":"product_tag-hydraulic-cylinders","10":"first","11":"instock","12":"shipping-taxable","13":"product-type-simple"},"amp_enabled":true,"_links":{"self":[{"href":"https:\/\/www.hydraulic-cylinders.net\/fr\/wp-json\/wp\/v2\/product\/16910","targetHints":{"allow":["GET"]}}],"collection":[{"href":"https:\/\/www.hydraulic-cylinders.net\/fr\/wp-json\/wp\/v2\/product"}],"about":[{"href":"https:\/\/www.hydraulic-cylinders.net\/fr\/wp-json\/wp\/v2\/types\/product"}],"replies":[{"embeddable":true,"href":"https:\/\/www.hydraulic-cylinders.net\/fr\/wp-json\/wp\/v2\/comments?post=16910"}],"wp:featuredmedia":[{"embeddable":true,"href":"https:\/\/www.hydraulic-cylinders.net\/fr\/wp-json\/wp\/v2\/media\/14779"}],"wp:attachment":[{"href":"https:\/\/www.hydraulic-cylinders.net\/fr\/wp-json\/wp\/v2\/media?parent=16910"}],"wp:term":[{"taxonomy":"product_brand","embeddable":true,"href":"https:\/\/www.hydraulic-cylinders.net\/fr\/wp-json\/wp\/v2\/product_brand?post=16910"},{"taxonomy":"product_cat","embeddable":true,"href":"https:\/\/www.hydraulic-cylinders.net\/fr\/wp-json\/wp\/v2\/product_cat?post=16910"},{"taxonomy":"product_tag","embeddable":true,"href":"https:\/\/www.hydraulic-cylinders.net\/fr\/wp-json\/wp\/v2\/product_tag?post=16910"}],"curies":[{"name":"wp","href":"https:\/\/api.w.org\/{rel}","templated":true}]}}