{"id":17047,"date":"2025-02-05T02:02:28","date_gmt":"2025-02-05T02:02:28","guid":{"rendered":"https:\/\/www.hydraulic-cylinders.net\/?post_type=product&#038;p=17047"},"modified":"2025-04-02T08:28:41","modified_gmt":"2025-04-02T08:28:41","slug":"lift-cylinder-for-crawler-crane","status":"publish","type":"product","link":"https:\/\/www.hydraulic-cylinders.net\/fr\/produit\/lift-cylinder-for-crawler-crane\/","title":{"rendered":"V\u00e9rin de levage pour grue sur chenilles"},"content":{"rendered":"<h1 style=\"text-align: center;\"><strong>V\u00e9rin de levage pour grue sur chenilles<\/strong><\/h1>\n<h1 style=\"text-align: center;\"><img loading=\"lazy\" decoding=\"async\" class=\"alignnone size-full wp-image-17048\" src=\"https:\/\/www.hydraulic-cylinders.net\/wp-content\/uploads\/2025\/02\/hcyy11112018-lift-cylinder-2.webp\" alt=\"\" width=\"1524\" height=\"539\" srcset=\"https:\/\/www.hydraulic-cylinders.net\/wp-content\/uploads\/2025\/02\/hcyy11112018-lift-cylinder-2.webp 1524w, https:\/\/www.hydraulic-cylinders.net\/wp-content\/uploads\/2025\/02\/hcyy11112018-lift-cylinder-2-1280x453.webp 1280w, https:\/\/www.hydraulic-cylinders.net\/wp-content\/uploads\/2025\/02\/hcyy11112018-lift-cylinder-2-980x347.webp 980w, https:\/\/www.hydraulic-cylinders.net\/wp-content\/uploads\/2025\/02\/hcyy11112018-lift-cylinder-2-480x170.webp 480w\" sizes=\"(min-width: 0px) and (max-width: 480px) 480px, (min-width: 481px) and (max-width: 980px) 980px, (min-width: 981px) and (max-width: 1280px) 1280px, (min-width: 1281px) 1524px, 100vw\" \/><\/h1>\n<p>Nos v\u00e9rins de levage pour grues sur chenilles sont con\u00e7us pour offrir des performances de levage puissantes et fiables, m\u00eame dans les applications les plus exigeantes. Sp\u00e9cialement con\u00e7us pour les grues sur chenilles, ces v\u00e9rins hydrauliques fournissent la force n\u00e9cessaire pour lever les bras de grue avec pr\u00e9cision, supportant des charges jusqu'\u00e0 590 tonnes dans des environnements difficiles tels que les chantiers de construction, la construction de ponts et les exploitations mini\u00e8res. Fabriqu\u00e9s en acier alli\u00e9 haute r\u00e9sistance et dot\u00e9s de syst\u00e8mes d'\u00e9tanch\u00e9it\u00e9 avanc\u00e9s, nos v\u00e9rins de levage garantissent une durabilit\u00e9 et un fonctionnement sans fuite, m\u00eame sous des charges dynamiques extr\u00eames et dans des conditions difficiles.<\/p>\n<p>Avec une pression nominale allant jusqu'\u00e0 35 MPa et des rev\u00eatements anticorrosion en option, nos v\u00e9rins de levage pour grues sur chenilles sont con\u00e7us pour une fiabilit\u00e9 \u00e0 long terme, m\u00eame sur les terrains les plus accident\u00e9s. Que vous leviez des poutres d'acier ou positionniez des \u00e9quipements lourds, nos v\u00e9rins garantissent s\u00e9curit\u00e9, efficacit\u00e9 et performances in\u00e9gal\u00e9es pour toutes vos op\u00e9rations de levage.<\/p>\n<h2><strong>Param\u00e8tre du v\u00e9rin de levage pour grue sur chenilles\u00a0:<\/strong><\/h2>\n<h1 style=\"text-align: center;\"><img loading=\"lazy\" decoding=\"async\" class=\"alignnone size-full wp-image-17049\" src=\"https:\/\/www.hydraulic-cylinders.net\/wp-content\/uploads\/2025\/02\/hcyy11112018-lift-cylinder-1.webp\" alt=\"\" width=\"1515\" height=\"147\" srcset=\"https:\/\/www.hydraulic-cylinders.net\/wp-content\/uploads\/2025\/02\/hcyy11112018-lift-cylinder-1.webp 1515w, https:\/\/www.hydraulic-cylinders.net\/wp-content\/uploads\/2025\/02\/hcyy11112018-lift-cylinder-1-1280x124.webp 1280w, https:\/\/www.hydraulic-cylinders.net\/wp-content\/uploads\/2025\/02\/hcyy11112018-lift-cylinder-1-980x95.webp 980w, https:\/\/www.hydraulic-cylinders.net\/wp-content\/uploads\/2025\/02\/hcyy11112018-lift-cylinder-1-480x47.webp 480w\" sizes=\"(min-width: 0px) and (max-width: 480px) 480px, (min-width: 481px) and (max-width: 980px) 980px, (min-width: 981px) and (max-width: 1280px) 1280px, (min-width: 1281px) 1515px, 100vw\" \/> <img loading=\"lazy\" decoding=\"async\" class=\"alignnone size-full wp-image-17051\" src=\"https:\/\/www.hydraulic-cylinders.net\/wp-content\/uploads\/2025\/02\/hcyy11112018-lift-cylinder-3.webp\" alt=\"\" width=\"1477\" height=\"707\" srcset=\"https:\/\/www.hydraulic-cylinders.net\/wp-content\/uploads\/2025\/02\/hcyy11112018-lift-cylinder-3.webp 1477w, https:\/\/www.hydraulic-cylinders.net\/wp-content\/uploads\/2025\/02\/hcyy11112018-lift-cylinder-3-1280x613.webp 1280w, https:\/\/www.hydraulic-cylinders.net\/wp-content\/uploads\/2025\/02\/hcyy11112018-lift-cylinder-3-980x469.webp 980w, https:\/\/www.hydraulic-cylinders.net\/wp-content\/uploads\/2025\/02\/hcyy11112018-lift-cylinder-3-480x230.webp 480w\" sizes=\"(min-width: 0px) and (max-width: 480px) 480px, (min-width: 481px) and (max-width: 980px) 980px, (min-width: 981px) and (max-width: 1280px) 1280px, (min-width: 1281px) 1477px, 100vw\" \/> <img loading=\"lazy\" decoding=\"async\" class=\"alignnone size-full wp-image-17052\" src=\"https:\/\/www.hydraulic-cylinders.net\/wp-content\/uploads\/2025\/02\/hcyy11112018-lift-cylinder-4.webp\" alt=\"\" width=\"1475\" height=\"711\" srcset=\"https:\/\/www.hydraulic-cylinders.net\/wp-content\/uploads\/2025\/02\/hcyy11112018-lift-cylinder-4.webp 1475w, https:\/\/www.hydraulic-cylinders.net\/wp-content\/uploads\/2025\/02\/hcyy11112018-lift-cylinder-4-1280x617.webp 1280w, https:\/\/www.hydraulic-cylinders.net\/wp-content\/uploads\/2025\/02\/hcyy11112018-lift-cylinder-4-980x472.webp 980w, https:\/\/www.hydraulic-cylinders.net\/wp-content\/uploads\/2025\/02\/hcyy11112018-lift-cylinder-4-480x231.webp 480w\" sizes=\"(min-width: 0px) and (max-width: 480px) 480px, (min-width: 481px) and (max-width: 980px) 980px, (min-width: 981px) and (max-width: 1280px) 1280px, (min-width: 1281px) 1475px, 100vw\" \/> <img loading=\"lazy\" decoding=\"async\" class=\"alignnone size-full wp-image-17053\" src=\"https:\/\/www.hydraulic-cylinders.net\/wp-content\/uploads\/2025\/02\/hcyy11112018-lift-cylinder-5.webp\" alt=\"\" width=\"1451\" height=\"696\" srcset=\"https:\/\/www.hydraulic-cylinders.net\/wp-content\/uploads\/2025\/02\/hcyy11112018-lift-cylinder-5.webp 1451w, https:\/\/www.hydraulic-cylinders.net\/wp-content\/uploads\/2025\/02\/hcyy11112018-lift-cylinder-5-1280x614.webp 1280w, https:\/\/www.hydraulic-cylinders.net\/wp-content\/uploads\/2025\/02\/hcyy11112018-lift-cylinder-5-980x470.webp 980w, https:\/\/www.hydraulic-cylinders.net\/wp-content\/uploads\/2025\/02\/hcyy11112018-lift-cylinder-5-480x230.webp 480w\" sizes=\"(min-width: 0px) and (max-width: 480px) 480px, (min-width: 481px) and (max-width: 980px) 980px, (min-width: 981px) and (max-width: 1280px) 1280px, (min-width: 1281px) 1451px, 100vw\" \/><\/h1>\n<h2><strong>S\u00e9rie de cylindres de grue sur chenilles :<\/strong><\/h2>\n<h2><img loading=\"lazy\" decoding=\"async\" class=\"alignnone size-full wp-image-17054 aligncenter\" src=\"https:\/\/www.hydraulic-cylinders.net\/wp-content\/uploads\/2025\/02\/cylinder-series-of-crawler-crane-1.webp\" alt=\"\" width=\"709\" height=\"791\" srcset=\"https:\/\/www.hydraulic-cylinders.net\/wp-content\/uploads\/2025\/02\/cylinder-series-of-crawler-crane-1.webp 709w, https:\/\/www.hydraulic-cylinders.net\/wp-content\/uploads\/2025\/02\/cylinder-series-of-crawler-crane-1-480x536.webp 480w\" sizes=\"(min-width: 0px) and (max-width: 480px) 480px, (min-width: 481px) 709px, 100vw\" \/><\/h2>\n<h2><strong>Caract\u00e9ristiques principales du v\u00e9rin de levage pour grue sur chenilles\u00a0:<\/strong><\/h2>\n<h4><strong>Haute durabilit\u00e9<\/strong><\/h4>\n<p>Le v\u00e9rin de levage est fabriqu\u00e9 \u00e0 partir de mat\u00e9riaux haut de gamme s\u00e9lectionn\u00e9s pour leur robustesse et leur r\u00e9sistance. Sa conception robuste lui permet de supporter des conditions de travail difficiles et des charges importantes, ce qui en fait un choix id\u00e9al pour les environnements de construction exigeants. Les utilisateurs peuvent compter sur sa performance durable, r\u00e9duisant ainsi la fr\u00e9quence des remplacements et garantissant un fonctionnement continu, m\u00eame dans les situations les plus critiques.<\/p>\n<h4><strong>Ing\u00e9nierie de pr\u00e9cision<\/strong><\/h4>\n<p>Con\u00e7u avec une pr\u00e9cision extr\u00eame, ce v\u00e9rin b\u00e9n\u00e9ficie de tol\u00e9rances de fabrication rigoureuses. Ce niveau de pr\u00e9cision garantit un fonctionnement fluide et une pr\u00e9cision de levage accrue, permettant aux op\u00e9rateurs de manipuler les charges en toute confiance. Qu'il s'agisse de mat\u00e9riaux d\u00e9licats ou de machines lourdes, ce v\u00e9rin assure un contr\u00f4le et une fiabilit\u00e9 optimaux de chaque mouvement, minimisant les risques d'accidents et am\u00e9liorant l'efficacit\u00e9 globale.<\/p>\n<h4><strong>R\u00e9sistance \u00e0 la corrosion<\/strong><\/h4>\n<p>Pour lutter contre les effets de l'humidit\u00e9 et des intemp\u00e9ries, le v\u00e9rin de levage b\u00e9n\u00e9ficie d'un traitement de surface sp\u00e9cifique. Cette couche protectrice le pr\u00e9serve de la rouille et de la corrosion, prolongeant ainsi consid\u00e9rablement sa dur\u00e9e de vie. En garantissant des performances optimales dans le temps, cette caract\u00e9ristique am\u00e9liore non seulement la fiabilit\u00e9 du v\u00e9rin, mais contribue \u00e9galement \u00e0 r\u00e9duire les co\u00fbts de maintenance et \u00e0 accro\u00eetre l'efficacit\u00e9 op\u00e9rationnelle.<\/p>\n<h4><strong>Conception compacte<\/strong><\/h4>\n<p>La conception compacte du v\u00e9rin de levage le distingue, facilitant son installation et son int\u00e9gration ais\u00e9e sur diff\u00e9rents mod\u00e8les de grues sur chenilles. Ses dimensions r\u00e9duites permettent aux op\u00e9rateurs d'optimiser l'efficacit\u00e9 de leur machine sans compromettre sa puissance. Cette polyvalence en fait un excellent choix pour les projets \u00e0 espace restreint, garantissant des capacit\u00e9s de levage exceptionnelles.<\/p>\n<h4><strong>Capacit\u00e9 haute pression<\/strong><\/h4>\n<p>Con\u00e7u pour supporter des pressions hydrauliques \u00e9lev\u00e9es, le v\u00e9rin de levage excelle dans les op\u00e9rations de levage efficaces. Cette capacit\u00e9 lui permet de g\u00e9rer des charges importantes en toute s\u00e9curit\u00e9 et avec pr\u00e9cision, assurant ainsi la tranquillit\u00e9 d'esprit des op\u00e9rateurs. En privil\u00e9giant la s\u00e9curit\u00e9 tout en optimisant les performances, ce v\u00e9rin convient \u00e0 une large gamme d'applications, de la construction aux t\u00e2ches de levage industrielles, ce qui en fait un choix fiable pour toutes les op\u00e9rations exigeantes.<\/p>\n<h2><strong>Qu'est-ce qui rend le v\u00e9rin de levage adapt\u00e9 aux levages lourds\u00a0?<\/strong><\/h2>\n<p>Voici une explication plus d\u00e9taill\u00e9e des raisons pour lesquelles le v\u00e9rin de levage convient aux op\u00e9rations de levage de charges lourdes\u00a0:<\/p>\n<ol>\n<li><strong>Durabilit\u00e9 exceptionnelle<\/strong>:<br \/>\nLe v\u00e9rin de levage est fabriqu\u00e9 \u00e0 partir de mat\u00e9riaux de haute qualit\u00e9, s\u00e9lectionn\u00e9s pour leur robustesse et leur r\u00e9sistance. Cette robustesse lui permet de supporter des conditions extr\u00eames, telles que de fortes vibrations, des chocs et les conditions environnementales difficiles typiques des chantiers et des environnements industriels. Sa durabilit\u00e9 minimise l'usure, r\u00e9duisant ainsi les pannes et les temps d'arr\u00eat, un facteur essentiel pour maintenir la productivit\u00e9 sur les chantiers.<\/li>\n<li><strong>Capacit\u00e9 haute pression<\/strong>:<br \/>\nCe v\u00e9rin de levage est con\u00e7u pour supporter des pressions hydrauliques \u00e9lev\u00e9es, essentielles pour soulever des charges importantes en toute s\u00e9curit\u00e9 et avec efficacit\u00e9. Sa conception int\u00e8gre des principes d'ing\u00e9nierie avanc\u00e9s lui permettant de fonctionner sous fortes contraintes sans compromettre son int\u00e9grit\u00e9 structurelle. Cette capacit\u00e9 de haute pression garantit que le v\u00e9rin peut lever des machines et des mat\u00e9riaux lourds de mani\u00e8re fiable, le rendant adapt\u00e9 \u00e0 diverses applications, de la construction \u00e0 la fabrication lourde.<\/li>\n<li><strong>Ing\u00e9nierie de pr\u00e9cision<\/strong>:<br \/>\nCes caract\u00e9ristiques b\u00e9n\u00e9ficient de tol\u00e9rances de fabrication de pointe, garantissant un alignement et un fonctionnement pr\u00e9cis. Ce niveau de pr\u00e9cision est essentiel pour les t\u00e2ches exigeant une manipulation d\u00e9licate ou un positionnement exact, car il minimise les risques d'accidents et am\u00e9liore la pr\u00e9cision globale du levage. Les op\u00e9rateurs peuvent ainsi avoir confiance dans le fonctionnement constant du v\u00e9rin, ce qui renforce la confiance dans les op\u00e9rations de levage et am\u00e9liore la s\u00e9curit\u00e9 du personnel et des \u00e9quipements.<\/li>\n<li><strong>r\u00e9sistance sup\u00e9rieure \u00e0 la corrosion<\/strong>:<br \/>\nPour lutter contre l'humidit\u00e9, les produits chimiques et autres agents corrosifs, le cylindre subit un traitement de surface sp\u00e9cifique. Cette couche protectrice r\u00e9duit consid\u00e9rablement les risques de rouille et de corrosion, qui peuvent entra\u00eener des d\u00e9faillances m\u00e9caniques. En renfor\u00e7ant sa r\u00e9sistance aux agressions environnementales, ce traitement garantit une fiabilit\u00e9 et des performances optimales sur le long terme, r\u00e9duisant ainsi les co\u00fbts de maintenance et prolongeant la dur\u00e9e de vie de l'\u00e9quipement.<\/li>\n<li><strong>Conception compacte<\/strong>:<br \/>\nLa conception compacte du v\u00e9rin de levage facilite son installation et son int\u00e9gration sur diff\u00e9rents mod\u00e8les de grues sur chenilles. Ce gain de place est particuli\u00e8rement avantageux dans les environnements \u00e0 espace restreint, o\u00f9 il est essentiel d'optimiser les capacit\u00e9s op\u00e9rationnelles de la grue. Sa conception \u00e9pur\u00e9e ne compromet pas la puissance de levage, permettant ainsi aux op\u00e9rateurs de manipuler efficacement des charges lourdes sans l'encombrement des v\u00e9rins traditionnels.<\/li>\n<\/ol>\n<p>L'ensemble de ces caract\u00e9ristiques am\u00e9lior\u00e9es fait du v\u00e9rin de levage un choix de premier ordre pour les applications de levage intensives, garantissant fiabilit\u00e9, efficacit\u00e9 et s\u00e9curit\u00e9 au travail.<\/p>\n<h2><strong>Zone de production de v\u00e9rins de chariot \u00e9l\u00e9vateur :<\/strong><\/h2>\n<h2><img loading=\"lazy\" decoding=\"async\" class=\"alignnone size-full wp-image-16972\" src=\"https:\/\/www.hydraulic-cylinders.net\/wp-content\/uploads\/2025\/01\/hydraulic-cylinder-factory-1-scaled.webp\" alt=\"\" width=\"2016\" height=\"2560\" srcset=\"https:\/\/www.hydraulic-cylinders.net\/wp-content\/uploads\/2025\/01\/hydraulic-cylinder-factory-1-scaled.webp 2016w, https:\/\/www.hydraulic-cylinders.net\/wp-content\/uploads\/2025\/01\/hydraulic-cylinder-factory-1-1280x1625.webp 1280w, https:\/\/www.hydraulic-cylinders.net\/wp-content\/uploads\/2025\/01\/hydraulic-cylinder-factory-1-980x1244.webp 980w, https:\/\/www.hydraulic-cylinders.net\/wp-content\/uploads\/2025\/01\/hydraulic-cylinder-factory-1-480x610.webp 480w\" sizes=\"(min-width: 0px) and (max-width: 480px) 480px, (min-width: 481px) and (max-width: 980px) 980px, (min-width: 981px) and (max-width: 1280px) 1280px, (min-width: 1281px) 2016px, 100vw\" \/><\/h2>\n<p>Nous disposons d'une plateforme de R&amp;D ind\u00e9pendante de pointe d\u00e9di\u00e9e \u00e0 l'assemblage, garantissant une innovation et une qualit\u00e9 de pointe dans nos processus de fabrication. Notre atelier de production de v\u00e9rins de chariot \u00e9l\u00e9vateur comprend quatre lignes d'assemblage semi-automatiques de v\u00e9rins de levage et une ligne d'assemblage enti\u00e8rement automatique de v\u00e9rins d'inclinaison, con\u00e7ues pour produire jusqu'\u00e0 un million d'unit\u00e9s par an.<\/p>\n<p>De plus, notre atelier sp\u00e9cialis\u00e9 dans les cylindres est \u00e9quip\u00e9 de syst\u00e8mes de nettoyage et d'assemblage semi-automatiques adapt\u00e9s \u00e0 diverses sp\u00e9cifications, avec une capacit\u00e9 de production annuelle de 200\u00a0000 pi\u00e8ces. Nous utilisons des \u00e9quipements CNC, des centres d'usinage et des outils sp\u00e9cialis\u00e9s de renom pour l'usinage de cylindres de haute pr\u00e9cision. Notre installation comprend \u00e9galement des machines de soudage robotis\u00e9es de pointe, des syst\u00e8mes de nettoyage automatique et des lignes d'assemblage et de peinture de cylindres enti\u00e8rement automatis\u00e9es. Avec plus de 300 \u00e9quipements cl\u00e9s en service, nous optimisons l'allocation des ressources et garantissons une utilisation efficace, r\u00e9pondant \u00e0 des normes de pr\u00e9cision et de qualit\u00e9 rigoureuses.<\/p>\n<p>Notre atelier d'usinage est \u00e9quip\u00e9 de centres de tournage sur mesure \u00e0 rail de guidage inclinable, de centres d'usinage, de machines de rodage \u00e0 grande vitesse, de robots de soudage et d'autres \u00e9quipements essentiels. Cette configuration nous permet d'usiner des tubes cylindriques d'un diam\u00e8tre int\u00e9rieur maximal de 400 mm et d'une longueur maximale de 6 m\u00e8tres, am\u00e9liorant ainsi nos capacit\u00e9s de production.<\/p>\n<h2><img loading=\"lazy\" decoding=\"async\" class=\"alignnone size-full wp-image-16973\" src=\"https:\/\/www.hydraulic-cylinders.net\/wp-content\/uploads\/2025\/01\/hydraulic-cylinder-factory-2-scaled.webp\" alt=\"\" width=\"2011\" height=\"2560\" srcset=\"https:\/\/www.hydraulic-cylinders.net\/wp-content\/uploads\/2025\/01\/hydraulic-cylinder-factory-2-scaled.webp 2011w, https:\/\/www.hydraulic-cylinders.net\/wp-content\/uploads\/2025\/01\/hydraulic-cylinder-factory-2-1280x1629.webp 1280w, https:\/\/www.hydraulic-cylinders.net\/wp-content\/uploads\/2025\/01\/hydraulic-cylinder-factory-2-980x1248.webp 980w, https:\/\/www.hydraulic-cylinders.net\/wp-content\/uploads\/2025\/01\/hydraulic-cylinder-factory-2-480x611.webp 480w\" sizes=\"(min-width: 0px) and (max-width: 480px) 480px, (min-width: 481px) and (max-width: 980px) 980px, (min-width: 981px) and (max-width: 1280px) 1280px, (min-width: 1281px) 2011px, 100vw\" \/><\/h2>\n<p>Nous exploitons une ligne de peinture \u00e0 l'eau enti\u00e8rement automatique, sp\u00e9cialement con\u00e7ue pour les bouteilles de petite et moyenne taille, \u00e9quip\u00e9e de robots de chargement, de d\u00e9chargement et de pulv\u00e9risation automatis\u00e9s. Ce syst\u00e8me de pointe offre une capacit\u00e9 de production de 4\u00a0000 unit\u00e9s par \u00e9quipe. Nous disposons \u00e9galement d'une ligne de peinture semi-automatique pour les bouteilles de grande taille, entra\u00een\u00e9e par cha\u00eene, d'une capacit\u00e9 nominale de 60 caisses par \u00e9quipe.<\/p>\n<p>Afin d'am\u00e9liorer les performances de nos produits et de consolider notre leadership dans le secteur des v\u00e9rins hydrauliques, nous avons conclu un partenariat avec ZJIMEE pour cr\u00e9er un laboratoire de performance complet d\u00e9di\u00e9 aux v\u00e9rins, vannes et pompes hydrauliques. Ce laboratoire de pointe utilise des tests assist\u00e9s par ordinateur avec technologie \u00e9lectrohydraulique, permettant des conditions d'essai pr\u00e9d\u00e9finies am\u00e9liorant la pr\u00e9cision et la polyvalence du syst\u00e8me. Le processus automatis\u00e9 de collecte de donn\u00e9es utilise des capteurs pour collecter des donn\u00e9es de sortie, telles que les fuites internes et l'efficacit\u00e9 de charge, qui sont ensuite trait\u00e9es par ordinateur et converties en unit\u00e9s standard (ml\/min%).<\/p>\n<p>De plus, pour garantir la s\u00e9curit\u00e9 de nos syst\u00e8mes hydrauliques, nous mettons en place un syst\u00e8me de surveillance des param\u00e8tres de performance cl\u00e9s, tels que la temp\u00e9rature de l'huile, le niveau de liquide et l'\u00e9tat du filtre. Notre banc d'essai pour v\u00e9rins hydrauliques permet d'\u00e9valuer l'efficacit\u00e9 de charge et les fuites internes gr\u00e2ce \u00e0 des mesures pr\u00e9cises. Il est \u00e9galement \u00e9quip\u00e9 d'un instrument de mesure \u00e0 r\u00e8gle gradu\u00e9e conforme aux normes nationales, garantissant ainsi la conformit\u00e9 \u00e0 toutes les exigences d'essai des v\u00e9rins hydrauliques.<\/p>\n<p>&nbsp;<\/p>","protected":false},"excerpt":{"rendered":"<p>Lift Cylinder For Crawler Crane Our Lift Cylinders for Crawler Cranes are designed to deliver powerful and reliable lifting performance for heavy-duty applications. Engineered specifically for crawler cranes, these hydraulic cylinders provide the force needed to elevate crane arms (booms) with precision, supporting loads up to 590 tons in demanding environments such as construction sites, [&hellip;]<\/p>","protected":false},"featured_media":17055,"comment_status":"open","ping_status":"closed","template":"","meta":{"_et_pb_use_builder":"","_et_pb_old_content":"","_et_gb_content_width":""},"product_brand":[],"product_cat":[1376,1514],"product_tag":[],"class_list":{"0":"post-17047","1":"product","2":"type-product","3":"status-publish","4":"has-post-thumbnail","6":"product_cat-hydraulic-cylinder","7":"product_cat-mobile-crane-hydraulic-cylinders","9":"first","10":"instock","11":"shipping-taxable","12":"product-type-simple"},"amp_enabled":true,"_links":{"self":[{"href":"https:\/\/www.hydraulic-cylinders.net\/fr\/wp-json\/wp\/v2\/product\/17047","targetHints":{"allow":["GET"]}}],"collection":[{"href":"https:\/\/www.hydraulic-cylinders.net\/fr\/wp-json\/wp\/v2\/product"}],"about":[{"href":"https:\/\/www.hydraulic-cylinders.net\/fr\/wp-json\/wp\/v2\/types\/product"}],"replies":[{"embeddable":true,"href":"https:\/\/www.hydraulic-cylinders.net\/fr\/wp-json\/wp\/v2\/comments?post=17047"}],"wp:featuredmedia":[{"embeddable":true,"href":"https:\/\/www.hydraulic-cylinders.net\/fr\/wp-json\/wp\/v2\/media\/17055"}],"wp:attachment":[{"href":"https:\/\/www.hydraulic-cylinders.net\/fr\/wp-json\/wp\/v2\/media?parent=17047"}],"wp:term":[{"taxonomy":"product_brand","embeddable":true,"href":"https:\/\/www.hydraulic-cylinders.net\/fr\/wp-json\/wp\/v2\/product_brand?post=17047"},{"taxonomy":"product_cat","embeddable":true,"href":"https:\/\/www.hydraulic-cylinders.net\/fr\/wp-json\/wp\/v2\/product_cat?post=17047"},{"taxonomy":"product_tag","embeddable":true,"href":"https:\/\/www.hydraulic-cylinders.net\/fr\/wp-json\/wp\/v2\/product_tag?post=17047"}],"curies":[{"name":"wp","href":"https:\/\/api.w.org\/{rel}","templated":true}]}}