{"id":17065,"date":"2025-02-05T07:37:55","date_gmt":"2025-02-05T07:37:55","guid":{"rendered":"https:\/\/www.hydraulic-cylinders.net\/?post_type=product&#038;p=17065"},"modified":"2025-04-11T01:53:48","modified_gmt":"2025-04-11T01:53:48","slug":"support-hydraulic-cylinders-for-crawler-crane","status":"publish","type":"product","link":"https:\/\/www.hydraulic-cylinders.net\/fr\/produit\/support-hydraulic-cylinders-for-crawler-crane\/","title":{"rendered":"V\u00e9rins hydrauliques de support pour grue sur chenilles"},"content":{"rendered":"<h1 style=\"text-align: center;\"><strong>V\u00e9rins hydrauliques de support pour grue sur chenilles<\/strong><\/h1>\n<h1 style=\"text-align: center;\"><img loading=\"lazy\" decoding=\"async\" class=\"alignnone size-full wp-image-17068\" src=\"https:\/\/www.hydraulic-cylinders.net\/wp-content\/uploads\/2025\/02\/hcyy11112020-cylinder-for-frame-support-2.webp\" alt=\"\" width=\"1497\" height=\"520\" srcset=\"https:\/\/www.hydraulic-cylinders.net\/wp-content\/uploads\/2025\/02\/hcyy11112020-cylinder-for-frame-support-2.webp 1497w, https:\/\/www.hydraulic-cylinders.net\/wp-content\/uploads\/2025\/02\/hcyy11112020-cylinder-for-frame-support-2-1280x445.webp 1280w, https:\/\/www.hydraulic-cylinders.net\/wp-content\/uploads\/2025\/02\/hcyy11112020-cylinder-for-frame-support-2-980x340.webp 980w, https:\/\/www.hydraulic-cylinders.net\/wp-content\/uploads\/2025\/02\/hcyy11112020-cylinder-for-frame-support-2-480x167.webp 480w\" sizes=\"(min-width: 0px) and (max-width: 480px) 480px, (min-width: 481px) and (max-width: 980px) 980px, (min-width: 981px) and (max-width: 1280px) 1280px, (min-width: 1281px) 1497px, 100vw\" \/><\/h1>\n<div>Notre <strong>v\u00e9rins hydrauliques de support pour grues sur chenilles<\/strong> Con\u00e7us pour le levage et la stabilisation de charges lourdes dans des environnements exigeants, ces v\u00e9rins soutiennent la structure du bras de la poutre et assurent une stabilit\u00e9 et une s\u00e9curit\u00e9 optimales lors des op\u00e9rations \u00e0 forte charge. Ils sont donc parfaitement adapt\u00e9s aux grues sur chenilles utilis\u00e9es dans la construction, les op\u00e9rations portuaires et les projets industriels. Ax\u00e9s sur la durabilit\u00e9 et la pr\u00e9cision, nos v\u00e9rins hydrauliques sont con\u00e7us pour r\u00e9sister aux charges dynamiques et aux conditions difficiles, garantissant ainsi des performances fiables \u00e0 votre grue sur chenilles.<\/div>\n<h2><strong>V\u00e9rins hydrauliques de support pour grue sur chenilles Param\u00e8tre :<\/strong><\/h2>\n<h1 style=\"text-align: center;\"><img loading=\"lazy\" decoding=\"async\" class=\"alignnone size-full wp-image-17067\" src=\"https:\/\/www.hydraulic-cylinders.net\/wp-content\/uploads\/2025\/02\/hcyy11112020-cylinder-for-frame-support-1.webp\" alt=\"\" width=\"1512\" height=\"150\" srcset=\"https:\/\/www.hydraulic-cylinders.net\/wp-content\/uploads\/2025\/02\/hcyy11112020-cylinder-for-frame-support-1.webp 1512w, https:\/\/www.hydraulic-cylinders.net\/wp-content\/uploads\/2025\/02\/hcyy11112020-cylinder-for-frame-support-1-1280x127.webp 1280w, https:\/\/www.hydraulic-cylinders.net\/wp-content\/uploads\/2025\/02\/hcyy11112020-cylinder-for-frame-support-1-980x97.webp 980w, https:\/\/www.hydraulic-cylinders.net\/wp-content\/uploads\/2025\/02\/hcyy11112020-cylinder-for-frame-support-1-480x48.webp 480w\" sizes=\"(min-width: 0px) and (max-width: 480px) 480px, (min-width: 481px) and (max-width: 980px) 980px, (min-width: 981px) and (max-width: 1280px) 1280px, (min-width: 1281px) 1512px, 100vw\" \/><img loading=\"lazy\" decoding=\"async\" class=\"alignnone size-full wp-image-17069\" src=\"https:\/\/www.hydraulic-cylinders.net\/wp-content\/uploads\/2025\/02\/hcyy11112020-cylinder-for-frame-support-3.webp\" alt=\"\" width=\"1475\" height=\"710\" srcset=\"https:\/\/www.hydraulic-cylinders.net\/wp-content\/uploads\/2025\/02\/hcyy11112020-cylinder-for-frame-support-3.webp 1475w, https:\/\/www.hydraulic-cylinders.net\/wp-content\/uploads\/2025\/02\/hcyy11112020-cylinder-for-frame-support-3-1280x616.webp 1280w, https:\/\/www.hydraulic-cylinders.net\/wp-content\/uploads\/2025\/02\/hcyy11112020-cylinder-for-frame-support-3-980x472.webp 980w, https:\/\/www.hydraulic-cylinders.net\/wp-content\/uploads\/2025\/02\/hcyy11112020-cylinder-for-frame-support-3-480x231.webp 480w\" sizes=\"(min-width: 0px) and (max-width: 480px) 480px, (min-width: 481px) and (max-width: 980px) 980px, (min-width: 981px) and (max-width: 1280px) 1280px, (min-width: 1281px) 1475px, 100vw\" \/> <img loading=\"lazy\" decoding=\"async\" class=\"alignnone size-full wp-image-17070\" src=\"https:\/\/www.hydraulic-cylinders.net\/wp-content\/uploads\/2025\/02\/hcyy11112020-cylinder-for-frame-support-4.webp\" alt=\"\" width=\"1479\" height=\"717\" srcset=\"https:\/\/www.hydraulic-cylinders.net\/wp-content\/uploads\/2025\/02\/hcyy11112020-cylinder-for-frame-support-4.webp 1479w, https:\/\/www.hydraulic-cylinders.net\/wp-content\/uploads\/2025\/02\/hcyy11112020-cylinder-for-frame-support-4-1280x621.webp 1280w, https:\/\/www.hydraulic-cylinders.net\/wp-content\/uploads\/2025\/02\/hcyy11112020-cylinder-for-frame-support-4-980x475.webp 980w, https:\/\/www.hydraulic-cylinders.net\/wp-content\/uploads\/2025\/02\/hcyy11112020-cylinder-for-frame-support-4-480x233.webp 480w\" sizes=\"(min-width: 0px) and (max-width: 480px) 480px, (min-width: 481px) and (max-width: 980px) 980px, (min-width: 981px) and (max-width: 1280px) 1280px, (min-width: 1281px) 1479px, 100vw\" \/> <img loading=\"lazy\" decoding=\"async\" class=\"alignnone size-full wp-image-17071\" src=\"https:\/\/www.hydraulic-cylinders.net\/wp-content\/uploads\/2025\/02\/hcyy11112020-cylinder-for-frame-support-5.webp\" alt=\"\" width=\"1421\" height=\"704\" srcset=\"https:\/\/www.hydraulic-cylinders.net\/wp-content\/uploads\/2025\/02\/hcyy11112020-cylinder-for-frame-support-5.webp 1421w, https:\/\/www.hydraulic-cylinders.net\/wp-content\/uploads\/2025\/02\/hcyy11112020-cylinder-for-frame-support-5-1280x634.webp 1280w, https:\/\/www.hydraulic-cylinders.net\/wp-content\/uploads\/2025\/02\/hcyy11112020-cylinder-for-frame-support-5-980x486.webp 980w, https:\/\/www.hydraulic-cylinders.net\/wp-content\/uploads\/2025\/02\/hcyy11112020-cylinder-for-frame-support-5-480x238.webp 480w\" sizes=\"(min-width: 0px) and (max-width: 480px) 480px, (min-width: 481px) and (max-width: 980px) 980px, (min-width: 981px) and (max-width: 1280px) 1280px, (min-width: 1281px) 1421px, 100vw\" \/><\/h1>\n<h2><strong>S\u00e9rie de cylindres de grue sur chenilles :<\/strong><\/h2>\n<h2><img loading=\"lazy\" decoding=\"async\" class=\"alignnone size-full wp-image-17054 aligncenter\" src=\"https:\/\/www.hydraulic-cylinders.net\/wp-content\/uploads\/2025\/02\/cylinder-series-of-crawler-crane-1.webp\" alt=\"\" width=\"709\" height=\"791\" srcset=\"https:\/\/www.hydraulic-cylinders.net\/wp-content\/uploads\/2025\/02\/cylinder-series-of-crawler-crane-1.webp 709w, https:\/\/www.hydraulic-cylinders.net\/wp-content\/uploads\/2025\/02\/cylinder-series-of-crawler-crane-1-480x536.webp 480w\" sizes=\"(min-width: 0px) and (max-width: 480px) 480px, (min-width: 481px) 709px, 100vw\" \/><\/h2>\n<h2><strong>Principales caract\u00e9ristiques des v\u00e9rins hydrauliques de support pour grue \u00e0 chenilles \u00e0 bras en treillis :<\/strong><\/h2>\n<h4><strong>Capacit\u00e9 de charge \u00e9lev\u00e9e<\/strong><\/h4>\n<p>Le <strong>Cylindre de support<\/strong> La grue excelle par sa capacit\u00e9 de charge impressionnante, lui permettant de supporter des charges importantes sans effort. Cette caract\u00e9ristique la rend id\u00e9ale pour les applications exigeantes, telles que les grands projets de construction et le d\u00e9veloppement d'infrastructures. Les op\u00e9rateurs peuvent soulever et man\u0153uvrer des charges importantes en toute confiance, sachant qu'ils disposent d'un composant fiable capable de r\u00e9pondre aux exigences de leurs t\u00e2ches les plus exigeantes. Cette capacit\u00e9 optimise non seulement la productivit\u00e9, mais am\u00e9liore \u00e9galement l'efficacit\u00e9 globale des op\u00e9rations de grue.<\/p>\n<h4><strong>Construction durable<\/strong><\/h4>\n<p>Fabriqu\u00e9 \u00e0 partir de mat\u00e9riaux haute r\u00e9sistance, le v\u00e9rin de support est con\u00e7u pour r\u00e9sister aux rigueurs des environnements exigeants. Sa construction robuste r\u00e9siste \u00e0 l'usure et garantit une performance fiable dans le temps. Cette r\u00e9silience r\u00e9duit les remplacements et les r\u00e9parations, permettant aux \u00e9quipes de construction de se concentrer sur leur travail plut\u00f4t que sur les probl\u00e8mes de maintenance. La long\u00e9vit\u00e9 de ce v\u00e9rin contribue \u00e0 r\u00e9duire les temps d'arr\u00eat, ce qui en fait un investissement judicieux pour toute exploitation.<\/p>\n<h4><strong>R\u00e9sistance \u00e0 la corrosion<\/strong><\/h4>\n<p>La corrosion peut repr\u00e9senter une menace importante pour les composants hydrauliques, mais le v\u00e9rin de support b\u00e9n\u00e9ficie de traitements de surface avanc\u00e9s qui le prot\u00e8gent contre la rouille et la corrosion. Cette couche de protection suppl\u00e9mentaire garantit un excellent \u00e9tat du v\u00e9rin, m\u00eame dans des conditions climatiques difficiles ou des environnements agressifs. En prolongeant sa dur\u00e9e de vie, cette r\u00e9sistance \u00e0 la corrosion am\u00e9liore non seulement la fiabilit\u00e9, mais minimise \u00e9galement les r\u00e9parations ou remplacements co\u00fbteux, am\u00e9liorant ainsi l'efficacit\u00e9 op\u00e9rationnelle.<\/p>\n<h4><strong>Conception compacte<\/strong><\/h4>\n<p>La conception compacte du v\u00e9rin de support am\u00e9liore sa polyvalence et permet une int\u00e9gration ais\u00e9e \u00e0 diff\u00e9rents mod\u00e8les de grues sur chenilles. Ce gain de place permet aux op\u00e9rateurs d'optimiser les capacit\u00e9s de leur grue sans encombrement inutile. Sa conception simplifi\u00e9e facilite l'installation et l'utilisation, permettant aux \u00e9quipes de s'adapter facilement aux diff\u00e9rentes exigences du projet. Cette adaptabilit\u00e9 favorise une plus grande flexibilit\u00e9 sur le chantier, facilitant ainsi la r\u00e9alisation d'une grande vari\u00e9t\u00e9 de t\u00e2ches de levage.<\/p>\n<h4><strong>Ing\u00e9nierie de pr\u00e9cision<\/strong><\/h4>\n<p>La pr\u00e9cision est essentielle dans les op\u00e9rations de levage, et le v\u00e9rin de support est m\u00e9ticuleusement con\u00e7u pour assurer un fonctionnement fluide et un positionnement pr\u00e9cis des charges. Gr\u00e2ce \u00e0 des tol\u00e9rances de fabrication strictes, ce v\u00e9rin garantit une pr\u00e9cision optimale pour chaque levage, am\u00e9liorant ainsi consid\u00e9rablement la s\u00e9curit\u00e9 globale. Les op\u00e9rateurs ont confiance dans le positionnement pr\u00e9cis de leurs charges, minimisant ainsi les risques d'accident et am\u00e9liorant l'efficacit\u00e9 du travail. Ce niveau de pr\u00e9cision prot\u00e8ge non seulement les \u00e9quipements pr\u00e9cieux, mais contribue \u00e9galement \u00e0 un environnement de travail plus s\u00fbr pour tous.<\/p>\n<p>En r\u00e9sum\u00e9, le v\u00e9rin de support se distingue par sa capacit\u00e9 de charge exceptionnelle, sa construction robuste, sa r\u00e9sistance \u00e0 la corrosion, sa compacit\u00e9 et sa pr\u00e9cision d'ing\u00e9nierie. L'association de ces caract\u00e9ristiques offre une solution fiable et efficace pour les projets de construction, ce qui en fait un atout indispensable pour les professionnels du secteur.<\/p>\n<h2><strong>Comment le v\u00e9rin de pr\u00e9vention de l'inclinaison arri\u00e8re am\u00e9liore-t-il la s\u00e9curit\u00e9 des op\u00e9rations de grue sur chenilles\u00a0?<\/strong><\/h2>\n<p>La conception de la <strong>Soutien<\/strong> <strong>Cylindre<\/strong> est un chef-d'\u0153uvre d'ing\u00e9nierie qui am\u00e9liore consid\u00e9rablement la stabilit\u00e9 lors des op\u00e9rations de levage de charges lourdes. Voici comment chaque caract\u00e9ristique contribue \u00e0 ses performances exceptionnelles\u00a0:<\/p>\n<h4><strong>1. Capacit\u00e9 de charge impressionnante<\/strong><\/h4>\n<p>Le v\u00e9rin de support est sp\u00e9cialement con\u00e7u pour supporter des charges importantes, ce qui le rend id\u00e9al pour les applications exigeantes. Sa capacit\u00e9 de charge impressionnante permet de soulever les charges les plus lourdes en toute confiance, r\u00e9duisant ainsi consid\u00e9rablement les risques de basculement ou de balancement. Gr\u00e2ce \u00e0 sa base solide, ce v\u00e9rin permet aux op\u00e9rateurs de se concentrer sur leurs t\u00e2ches sans se soucier constamment de la stabilit\u00e9, am\u00e9liorant ainsi leur productivit\u00e9 globale.<\/p>\n<h4><strong>2. Construction robuste<\/strong><\/h4>\n<p>Fabriqu\u00e9 \u00e0 partir de mat\u00e9riaux haute r\u00e9sistance, le v\u00e9rin est con\u00e7u pour r\u00e9sister aux rigueurs des environnements exigeants. Sa construction robuste garantit son int\u00e9grit\u00e9 structurelle sous une pression intense, offrant un syst\u00e8me de soutien fiable capable de supporter les forces dynamiques lors des op\u00e9rations de levage. La durabilit\u00e9 des mat\u00e9riaux utilis\u00e9s prolonge non seulement la dur\u00e9e de vie du v\u00e9rin, mais am\u00e9liore \u00e9galement sa capacit\u00e9 \u00e0 fonctionner de mani\u00e8re constante, m\u00eame dans les situations les plus difficiles.<\/p>\n<h4><strong>3. Conception compacte<\/strong><\/h4>\n<p>L'une des caract\u00e9ristiques les plus remarquables du v\u00e9rin de support est sa conception compacte, qui permet un positionnement optimal dans le ch\u00e2ssis de la grue. Ce positionnement strat\u00e9gique abaisse le centre de gravit\u00e9, am\u00e9liorant ainsi consid\u00e9rablement la stabilit\u00e9 globale pendant les op\u00e9rations. Un centre de gravit\u00e9 plus bas r\u00e9duit le risque de basculement, notamment lors de la manutention de charges lourdes, faisant du v\u00e9rin un \u00e9l\u00e9ment essentiel pour un levage s\u00fbr et efficace.<\/p>\n<h4><strong>4. Ing\u00e9nierie de pr\u00e9cision<\/strong><\/h4>\n<p>La pr\u00e9cision est primordiale dans les op\u00e9rations de levage, et le v\u00e9rin de support excelle \u00e0 cet \u00e9gard. Gr\u00e2ce \u00e0 des tol\u00e9rances de fabrication strictes, ce v\u00e9rin garantit des mouvements fluides et contr\u00f4l\u00e9s. Cette pr\u00e9cision am\u00e9liore non seulement la pr\u00e9cision du positionnement de la charge, mais minimise \u00e9galement les risques de d\u00e9placements brusques susceptibles de compromettre la stabilit\u00e9. Les op\u00e9rateurs peuvent \u00eatre assur\u00e9s que leurs charges seront manipul\u00e9es avec d\u00e9licatesse et pr\u00e9cision, renfor\u00e7ant ainsi la s\u00e9curit\u00e9 sur le chantier.<\/p>\n<h4><strong>5. R\u00e9sistance \u00e0 la corrosion<\/strong><\/h4>\n<p>La corrosion peut \u00eatre un probl\u00e8me majeur pour les composants hydrauliques, notamment dans les environnements difficiles. Le v\u00e9rin de support b\u00e9n\u00e9ficie de traitements de surface avanc\u00e9s qui le prot\u00e8gent de la rouille et de la d\u00e9gradation. Cette r\u00e9sistance \u00e0 la corrosion garantit le maintien de ses performances au fil du temps, m\u00eame dans des conditions difficiles. En pr\u00e9venant l'usure, cette caract\u00e9ristique am\u00e9liore la fiabilit\u00e9 et prolonge la dur\u00e9e de vie du v\u00e9rin, contribuant ainsi \u00e0 une stabilit\u00e9 durable lors des op\u00e9rations de levage de charges lourdes.<\/p>\n<p>En r\u00e9sum\u00e9, le <strong>Cylindre de support<\/strong> Il s'impose comme un pilier de stabilit\u00e9 et de fiabilit\u00e9 pour les op\u00e9rations de levage de charges lourdes. Sa capacit\u00e9 de charge impressionnante, sa construction robuste, sa conception compacte, sa pr\u00e9cision d'ing\u00e9nierie et sa r\u00e9sistance \u00e0 la corrosion en font un syst\u00e8me de support performant. Ce v\u00e9rin am\u00e9liore non seulement la s\u00e9curit\u00e9, mais aussi l'efficacit\u00e9, ce qui en fait un atout pr\u00e9cieux pour les professionnels de la construction. En investissant dans ce v\u00e9rin de support, les op\u00e9rateurs peuvent am\u00e9liorer leurs performances en toute confiance et s'attaquer aux projets les plus exigeants.<\/p>\n<h2><strong>Zone de production de v\u00e9rins de chariot \u00e9l\u00e9vateur :<\/strong><\/h2>\n<h2><img loading=\"lazy\" decoding=\"async\" class=\"alignnone size-full wp-image-16972\" src=\"https:\/\/www.hydraulic-cylinders.net\/wp-content\/uploads\/2025\/01\/hydraulic-cylinder-factory-1-scaled.webp\" alt=\"\" width=\"2016\" height=\"2560\" srcset=\"https:\/\/www.hydraulic-cylinders.net\/wp-content\/uploads\/2025\/01\/hydraulic-cylinder-factory-1-scaled.webp 2016w, https:\/\/www.hydraulic-cylinders.net\/wp-content\/uploads\/2025\/01\/hydraulic-cylinder-factory-1-1280x1625.webp 1280w, https:\/\/www.hydraulic-cylinders.net\/wp-content\/uploads\/2025\/01\/hydraulic-cylinder-factory-1-980x1244.webp 980w, https:\/\/www.hydraulic-cylinders.net\/wp-content\/uploads\/2025\/01\/hydraulic-cylinder-factory-1-480x610.webp 480w\" sizes=\"(min-width: 0px) and (max-width: 480px) 480px, (min-width: 481px) and (max-width: 980px) 980px, (min-width: 981px) and (max-width: 1280px) 1280px, (min-width: 1281px) 2016px, 100vw\" \/><\/h2>\n<p>Nous disposons d'une plateforme de R&amp;D ind\u00e9pendante de pointe d\u00e9di\u00e9e \u00e0 l'assemblage, garantissant une innovation et une qualit\u00e9 de pointe dans nos processus de fabrication. Notre atelier de production de v\u00e9rins de chariot \u00e9l\u00e9vateur comprend quatre lignes d'assemblage semi-automatiques de v\u00e9rins de levage et une ligne d'assemblage enti\u00e8rement automatique de v\u00e9rins d'inclinaison, con\u00e7ues pour produire jusqu'\u00e0 un million d'unit\u00e9s par an.<\/p>\n<p>De plus, notre atelier sp\u00e9cialis\u00e9 dans les cylindres est \u00e9quip\u00e9 de syst\u00e8mes de nettoyage et d'assemblage semi-automatiques adapt\u00e9s \u00e0 diverses sp\u00e9cifications, avec une capacit\u00e9 de production annuelle de 200\u00a0000 pi\u00e8ces. Nous utilisons des \u00e9quipements CNC, des centres d'usinage et des outils sp\u00e9cialis\u00e9s de renom pour l'usinage de cylindres de haute pr\u00e9cision. Notre installation comprend \u00e9galement des machines de soudage robotis\u00e9es de pointe, des syst\u00e8mes de nettoyage automatique et des lignes d'assemblage et de peinture de cylindres enti\u00e8rement automatis\u00e9es. Avec plus de 300 \u00e9quipements cl\u00e9s en service, nous optimisons l'allocation des ressources et garantissons une utilisation efficace, r\u00e9pondant \u00e0 des normes de pr\u00e9cision et de qualit\u00e9 rigoureuses.<\/p>\n<p>Notre atelier d'usinage est \u00e9quip\u00e9 de centres de tournage sur mesure \u00e0 rail de guidage inclinable, de centres d'usinage, de machines de rodage \u00e0 grande vitesse, de robots de soudage et d'autres \u00e9quipements essentiels. Cette configuration nous permet d'usiner des tubes cylindriques d'un diam\u00e8tre int\u00e9rieur maximal de 400 mm et d'une longueur maximale de 6 m\u00e8tres, am\u00e9liorant ainsi nos capacit\u00e9s de production.<\/p>\n<h2><img loading=\"lazy\" decoding=\"async\" class=\"alignnone size-full wp-image-16973\" src=\"https:\/\/www.hydraulic-cylinders.net\/wp-content\/uploads\/2025\/01\/hydraulic-cylinder-factory-2-scaled.webp\" alt=\"\" width=\"2011\" height=\"2560\" srcset=\"https:\/\/www.hydraulic-cylinders.net\/wp-content\/uploads\/2025\/01\/hydraulic-cylinder-factory-2-scaled.webp 2011w, https:\/\/www.hydraulic-cylinders.net\/wp-content\/uploads\/2025\/01\/hydraulic-cylinder-factory-2-1280x1629.webp 1280w, https:\/\/www.hydraulic-cylinders.net\/wp-content\/uploads\/2025\/01\/hydraulic-cylinder-factory-2-980x1248.webp 980w, https:\/\/www.hydraulic-cylinders.net\/wp-content\/uploads\/2025\/01\/hydraulic-cylinder-factory-2-480x611.webp 480w\" sizes=\"(min-width: 0px) and (max-width: 480px) 480px, (min-width: 481px) and (max-width: 980px) 980px, (min-width: 981px) and (max-width: 1280px) 1280px, (min-width: 1281px) 2011px, 100vw\" \/><\/h2>\n<p>Nous exploitons une ligne de peinture \u00e0 l'eau enti\u00e8rement automatique, sp\u00e9cialement con\u00e7ue pour les bouteilles de petite et moyenne taille, \u00e9quip\u00e9e de robots de chargement, de d\u00e9chargement et de pulv\u00e9risation automatis\u00e9s. Ce syst\u00e8me de pointe offre une capacit\u00e9 de production de 4\u00a0000 unit\u00e9s par \u00e9quipe. Nous disposons \u00e9galement d'une ligne de peinture semi-automatique pour les bouteilles de grande taille, entra\u00een\u00e9e par cha\u00eene, d'une capacit\u00e9 nominale de 60 caisses par \u00e9quipe.<\/p>\n<p>Afin d'am\u00e9liorer les performances de nos produits et de consolider notre leadership dans le secteur des v\u00e9rins hydrauliques, nous avons conclu un partenariat avec ZJIMEE pour cr\u00e9er un laboratoire de performance complet d\u00e9di\u00e9 aux v\u00e9rins, vannes et pompes hydrauliques. Ce laboratoire de pointe utilise des tests assist\u00e9s par ordinateur avec technologie \u00e9lectrohydraulique, permettant des conditions d'essai pr\u00e9d\u00e9finies am\u00e9liorant la pr\u00e9cision et la polyvalence du syst\u00e8me. Le processus automatis\u00e9 de collecte de donn\u00e9es utilise des capteurs pour collecter des donn\u00e9es de sortie, telles que les fuites internes et l'efficacit\u00e9 de charge, qui sont ensuite trait\u00e9es par ordinateur et converties en unit\u00e9s standard (ml\/min%).<\/p>\n<p>De plus, pour garantir la s\u00e9curit\u00e9 de nos syst\u00e8mes hydrauliques, nous mettons en place un syst\u00e8me de surveillance des param\u00e8tres de performance cl\u00e9s, tels que la temp\u00e9rature de l'huile, le niveau de liquide et l'\u00e9tat du filtre. Notre banc d'essai pour v\u00e9rins hydrauliques permet d'\u00e9valuer l'efficacit\u00e9 de charge et les fuites internes gr\u00e2ce \u00e0 des mesures pr\u00e9cises. Il est \u00e9galement \u00e9quip\u00e9 d'un instrument de mesure \u00e0 r\u00e8gle gradu\u00e9e conforme aux normes nationales, garantissant ainsi la conformit\u00e9 \u00e0 toutes les exigences d'essai des v\u00e9rins hydrauliques.<\/p>\n<p>&nbsp;<\/p>","protected":false},"excerpt":{"rendered":"<p>Support Hydraulic Cylinders For Crawler Crane Our support hydraulic cylinders for crawler cranes are engineered for heavy-duty lifting and stabilization in demanding environments. Designed to support the truss arm structure, these cylinders ensure optimal stability and safety during high-load operations, making them ideal for crawler cranes used in construction, port operations, and industrial projects. With [&hellip;]<\/p>","protected":false},"featured_media":17072,"comment_status":"open","ping_status":"closed","template":"","meta":{"_et_pb_use_builder":"","_et_pb_old_content":"","_et_gb_content_width":""},"product_brand":[],"product_cat":[1514,1549,1376],"product_tag":[],"class_list":{"0":"post-17065","1":"product","2":"type-product","3":"status-publish","4":"has-post-thumbnail","6":"product_cat-mobile-crane-hydraulic-cylinders","7":"product_cat-single-acting-hydraulic-cylinder","8":"product_cat-hydraulic-cylinder","10":"first","11":"instock","12":"shipping-taxable","13":"product-type-simple"},"amp_enabled":true,"_links":{"self":[{"href":"https:\/\/www.hydraulic-cylinders.net\/fr\/wp-json\/wp\/v2\/product\/17065","targetHints":{"allow":["GET"]}}],"collection":[{"href":"https:\/\/www.hydraulic-cylinders.net\/fr\/wp-json\/wp\/v2\/product"}],"about":[{"href":"https:\/\/www.hydraulic-cylinders.net\/fr\/wp-json\/wp\/v2\/types\/product"}],"replies":[{"embeddable":true,"href":"https:\/\/www.hydraulic-cylinders.net\/fr\/wp-json\/wp\/v2\/comments?post=17065"}],"wp:featuredmedia":[{"embeddable":true,"href":"https:\/\/www.hydraulic-cylinders.net\/fr\/wp-json\/wp\/v2\/media\/17072"}],"wp:attachment":[{"href":"https:\/\/www.hydraulic-cylinders.net\/fr\/wp-json\/wp\/v2\/media?parent=17065"}],"wp:term":[{"taxonomy":"product_brand","embeddable":true,"href":"https:\/\/www.hydraulic-cylinders.net\/fr\/wp-json\/wp\/v2\/product_brand?post=17065"},{"taxonomy":"product_cat","embeddable":true,"href":"https:\/\/www.hydraulic-cylinders.net\/fr\/wp-json\/wp\/v2\/product_cat?post=17065"},{"taxonomy":"product_tag","embeddable":true,"href":"https:\/\/www.hydraulic-cylinders.net\/fr\/wp-json\/wp\/v2\/product_tag?post=17065"}],"curies":[{"name":"wp","href":"https:\/\/api.w.org\/{rel}","templated":true}]}}