{"id":17554,"date":"2025-03-17T07:34:13","date_gmt":"2025-03-17T07:34:13","guid":{"rendered":"https:\/\/www.hydraulic-cylinders.net\/?post_type=product&#038;p=17554"},"modified":"2025-04-11T03:15:35","modified_gmt":"2025-04-11T03:15:35","slug":"side-shift-hydraulic-cylinders-for-small-forklift","status":"publish","type":"product","link":"https:\/\/www.hydraulic-cylinders.net\/fr\/produit\/side-shift-hydraulic-cylinders-for-small-forklift\/","title":{"rendered":"V\u00e9rins hydrauliques \u00e0 d\u00e9placement lat\u00e9ral pour petits chariots \u00e9l\u00e9vateurs"},"content":{"rendered":"<h1 style=\"text-align: center;\"><strong>V\u00e9rins hydrauliques \u00e0 d\u00e9placement lat\u00e9ral pour petits chariots \u00e9l\u00e9vateurs<\/strong><\/h1>\n<p><img loading=\"lazy\" decoding=\"async\" class=\"aligncenter wp-image-17556\" src=\"https:\/\/www.hydraulic-cylinders.net\/wp-content\/uploads\/2025\/03\/side-shift-hydraulic-cylinders-for-small-toongae-forklift.webp\" alt=\"V\u00e9rin hydraulique \u00e0 d\u00e9placement lat\u00e9ral pour petits chariots \u00e9l\u00e9vateurs\" width=\"500\" height=\"500\" srcset=\"https:\/\/www.hydraulic-cylinders.net\/wp-content\/uploads\/2025\/03\/side-shift-hydraulic-cylinders-for-small-toongae-forklift.webp 500w, https:\/\/www.hydraulic-cylinders.net\/wp-content\/uploads\/2025\/03\/side-shift-hydraulic-cylinders-for-small-toongae-forklift-480x480.webp 480w\" sizes=\"(min-width: 0px) and (max-width: 480px) 480px, (min-width: 481px) 500px, 100vw\" \/><\/p>\n<p>Nos v\u00e9rins hydrauliques \u00e0 d\u00e9placement lat\u00e9ral sont con\u00e7us pour assurer un positionnement pr\u00e9cis de la charge lat\u00e9rale, ce qui les rend id\u00e9aux pour les chariots \u00e9l\u00e9vateurs compacts \u00e9voluant dans des espaces restreints. Robustes et faciles \u00e0 installer, ils am\u00e9liorent l'efficacit\u00e9 et la s\u00e9curit\u00e9 des op\u00e9rations de manutention.<\/p>\n<p><span class=\"break-words bg-yellow-50\">Les v\u00e9rins hydrauliques \u00e0 d\u00e9placement lat\u00e9ral sont indispensables pour am\u00e9liorer la fonctionnalit\u00e9 et le rendement des petits chariots \u00e9l\u00e9vateurs.<\/span>\u00a0<span class=\"break-words bg-yellow-50\">Ces pi\u00e8ces sp\u00e9cialis\u00e9es facilitent le d\u00e9placement horizontal des charges, permettant aux op\u00e9rateurs de positionner les marchandises avec pr\u00e9cision sans avoir \u00e0 repositionner le chariot \u00e9l\u00e9vateur lui-m\u00eame.<\/span>\u00a0<span class=\"break-words bg-yellow-50\">Cette capacit\u00e9 est particuli\u00e8rement avantageuse dans les espaces restreints, simplifiant les t\u00e2ches de manutention et am\u00e9liorant l'efficacit\u00e9 globale.<\/span><\/p>\n<p><span class=\"break-words bg-yellow-50\">Pour les petits chariots \u00e9l\u00e9vateurs, les v\u00e9rins hydrauliques \u00e0 d\u00e9placement lat\u00e9ral repr\u00e9sentent une avanc\u00e9e significative, am\u00e9liorant consid\u00e9rablement l'efficacit\u00e9 et la s\u00e9curit\u00e9.<\/span>\u00a0<span class=\"break-words bg-yellow-50\">Leur capacit\u00e9 \u00e0 garantir un placement pr\u00e9cis de la charge et une meilleure maniabilit\u00e9 en fait un atout essentiel pour tout syst\u00e8me de chariot \u00e9l\u00e9vateur.<\/span>\u00a0<span class=\"break-words\">En respectant les proc\u00e9dures d'entretien r\u00e9guli\u00e8res et les bonnes pratiques d'utilisation, les utilisateurs peuvent garantir le fonctionnement stable et fiable de ces pi\u00e8ces hydrauliques, ce qui se traduit par une productivit\u00e9 accrue et moins d'interruptions.<\/span>\u00a0<span class=\"break-words\">Opter pour des v\u00e9rins hydrauliques \u00e0 d\u00e9placement lat\u00e9ral est une d\u00e9cision strat\u00e9gique pour optimiser le fonctionnement de vos chariots \u00e9l\u00e9vateurs.<\/span><\/p>\n<h2><strong>S\u00e9rie de v\u00e9rins hydrauliques pour petits chariots \u00e9l\u00e9vateurs\u00a0:\u00a0<\/strong><\/h2>\n<h2><img loading=\"lazy\" decoding=\"async\" class=\"aligncenter wp-image-17558 size-full\" src=\"https:\/\/www.hydraulic-cylinders.net\/wp-content\/uploads\/2025\/03\/forklift-hydraulic-cylinder-construction.webp\" alt=\"petit v\u00e9rin hydraulique de chariot \u00e9l\u00e9vateur\" width=\"640\" height=\"358\" srcset=\"https:\/\/www.hydraulic-cylinders.net\/wp-content\/uploads\/2025\/03\/forklift-hydraulic-cylinder-construction.webp 640w, https:\/\/www.hydraulic-cylinders.net\/wp-content\/uploads\/2025\/03\/forklift-hydraulic-cylinder-construction-480x269.webp 480w\" sizes=\"(min-width: 0px) and (max-width: 480px) 480px, (min-width: 481px) 640px, 100vw\" \/><\/h2>\n<h2><strong>V\u00e9rins hydrauliques \u00e0 d\u00e9placement lat\u00e9ral pour petits chariots \u00e9l\u00e9vateurs <\/strong><strong>Sp\u00e9cifications techniques<\/strong><strong>:<\/strong><\/h2>\n<p><strong>Fonction:<\/strong> Utilis\u00e9 pour r\u00e9aliser le mouvement global gauche et droit de la fourche<br \/>\n<strong>Diam\u00e8tre du cylindre :<\/strong> 50 mm<br \/>\n<strong>Diam\u00e8tre de la tige :<\/strong> 25 mm<br \/>\n<strong>Voyage:<\/strong> 200 mm<br \/>\n<strong>Pression maximale (MPa) :<\/strong> 17,5MPa<br \/>\n<strong>Pouss\u00e9e maximale en kN :<\/strong> 34 kN<\/p>\n<h2><strong>Caract\u00e9ristiques principales <\/strong><strong>V\u00e9rins hydrauliques \u00e0 d\u00e9placement lat\u00e9ral pour petits chariots \u00e9l\u00e9vateurs<\/strong><strong>:<\/strong><\/h2>\n<h3><strong>1. Contr\u00f4le de pr\u00e9cision<\/strong><\/h3>\n<p><strong>Contenu enrichi<\/strong>:<br \/>\nNos v\u00e9rins hydrauliques pour chariots \u00e9l\u00e9vateurs sont con\u00e7us pour fournir <strong>pr\u00e9cision extr\u00eame<\/strong>\u00a0en mati\u00e8re de positionnement de charge. Que vous travailliez dans des all\u00e9es d'entrep\u00f4t \u00e9troites ou sur des chantiers de construction exigus, ces v\u00e9rins permettent aux op\u00e9rateurs de\u00a0<strong>ajuster les charges lat\u00e9ralement<\/strong>\u00a0sans avoir \u00e0 repositionner l'ensemble du chariot \u00e9l\u00e9vateur. Cette fonctionnalit\u00e9 permet non seulement de gagner du temps, mais aussi de minimiser les risques d'endommagement des produits dus \u00e0 des mouvements inutiles. Gr\u00e2ce \u00e0 des commandes souples et r\u00e9actives, les op\u00e9rateurs peuvent atteindre\u00a0<strong>pr\u00e9cision au millim\u00e8tre pr\u00e8s<\/strong>, en veillant \u00e0 ce que chaque charge soit plac\u00e9e exactement l\u00e0 o\u00f9 elle doit l'\u00eatre.<\/p>\n<h3><strong>2. Construction durable<\/strong><\/h3>\n<p><strong>Contenu enrichi<\/strong>:<br \/>\nCon\u00e7us pour r\u00e9sister aux conditions de travail les plus difficiles, nos v\u00e9rins hydrauliques \u00e0 d\u00e9placement lat\u00e9ral sont fabriqu\u00e9s \u00e0 partir de\u00a0<strong>mat\u00e9riaux de haute qualit\u00e9<\/strong>, notamment en acier renforc\u00e9 et avec des rev\u00eatements anticorrosion. Chaque cylindre est soumis \u00e0 des tests rigoureux afin de garantir sa r\u00e9sistance.\u00a0<strong>charges lourdes<\/strong>\u00a0et\u00a0<strong>utilisation fr\u00e9quente<\/strong>\u00a0sans compromettre les performances. Sa conception robuste garantit une\u00a0<strong>longue dur\u00e9e de vie<\/strong>, m\u00eame dans des environnements exigeants comme les chantiers de construction ou les usines de fabrication.<\/p>\n<h3><strong>3. Installation facile<\/strong><\/h3>\n<p><strong>Contenu enrichi<\/strong>:<br \/>\nCon\u00e7us pour faciliter l'utilisation, nos v\u00e9rins hydrauliques \u00e0 d\u00e9placement lat\u00e9ral sont\u00a0<strong>enti\u00e8rement compatible<\/strong> avec de petits chariots \u00e9l\u00e9vateurs. Le processus d'installation est simple et n\u00e9cessite <strong>outils minimaux et temps d'arr\u00eat<\/strong>Des instructions d\u00e9taill\u00e9es et des points de fixation pr\u00e9-perc\u00e9s facilitent l'installation rapide des v\u00e9rins par les techniciens, permettant ainsi une remise en service rapide de votre chariot \u00e9l\u00e9vateur. De plus, nos v\u00e9rins hydrauliques pour chariots \u00e9l\u00e9vateurs sont con\u00e7us pour s'int\u00e9grer parfaitement aux syst\u00e8mes hydrauliques existants, \u00e9vitant ainsi des modifications co\u00fbteuses.<\/p>\n<h3><strong>4. Dispositifs de s\u00e9curit\u00e9<\/strong><\/h3>\n<p><strong>Contenu enrichi<\/strong>:<br \/>\nLa s\u00e9curit\u00e9 est une priorit\u00e9 absolue dans la manutention des mat\u00e9riaux, et nos v\u00e9rins hydrauliques \u00e0 d\u00e9placement lat\u00e9ral sont con\u00e7us pour optimiser \u00e0 la fois la s\u00e9curit\u00e9 et la productivit\u00e9.\u00a0<strong>s\u00e9curit\u00e9 de l'op\u00e9rateur<\/strong>\u00a0et\u00a0<strong>efficacit\u00e9 au travail<\/strong>En permettant des mouvements lat\u00e9raux pr\u00e9cis, ces v\u00e9rins r\u00e9duisent la n\u00e9cessit\u00e9 de man\u0153uvres risqu\u00e9es dans les espaces restreints, diminuant ainsi consid\u00e9rablement le risque d'accidents. Leur conception ergonomique minimise \u00e9galement\u2026\u00a0<strong>fatigue de l'op\u00e9rateur<\/strong>, permettant des quarts de travail plus longs et plus productifs. De plus, les cylindres sont \u00e9quip\u00e9s de\u00a0<strong>soupapes de s\u00e9curit\u00e9<\/strong>\u00a0pour \u00e9viter les surcharges et assurer un fonctionnement stable sous fortes charges.<\/p>\n<h3><strong>5. Rentable<\/strong><\/h3>\n<p><strong>Contenu enrichi<\/strong>:<br \/>\nNos v\u00e9rins hydrauliques \u00e0 d\u00e9placement lat\u00e9ral sont con\u00e7us pour \u00eatre\u00a0<strong>entretien minimal<\/strong>\u00a0et\u00a0<strong>tr\u00e8s fiable<\/strong>, vous permettant ainsi de r\u00e9aliser des \u00e9conomies sur vos co\u00fbts d'exploitation au fil du temps. L'utilisation de mat\u00e9riaux haut de gamme et de techniques de fabrication avanc\u00e9es garantit que les cylindres n\u00e9cessitent\u00a0<strong>entretien minimal<\/strong>, tandis que leur durabilit\u00e9 r\u00e9duit la fr\u00e9quence des remplacements. De plus, l'am\u00e9lioration de l'efficacit\u00e9 et de la pr\u00e9cision qu'elles offrent peut conduire \u00e0\u00a0<strong>\u00e9conomies importantes<\/strong>\u00a0dans le domaine de la manutention et du traitement des mat\u00e9riaux. En investissant dans nos v\u00e9rins, vous n'achetez pas seulement un produit, vous investissez dans\u2026\u00a0<strong>efficacit\u00e9 op\u00e9rationnelle \u00e0 long terme<\/strong>.<\/p>\n<h2><strong>V\u00e9rins hydrauliques \u00e0 d\u00e9placement lat\u00e9ral pour petits chariots \u00e9l\u00e9vateurs <\/strong><strong>Cas d'utilisation\u00a0:<\/strong><\/h2>\n<p><img loading=\"lazy\" decoding=\"async\" class=\"alignnone wp-image-17572 size-full\" src=\"https:\/\/www.hydraulic-cylinders.net\/wp-content\/uploads\/2025\/03\/Side-shift-cylinder-in-action-on-a-small-Toongae-forklift.webp\" alt=\"V\u00e9rin de d\u00e9placement lat\u00e9ral en action sur un petit chariot \u00e9l\u00e9vateur\" width=\"2320\" height=\"1340\" srcset=\"https:\/\/www.hydraulic-cylinders.net\/wp-content\/uploads\/2025\/03\/Side-shift-cylinder-in-action-on-a-small-Toongae-forklift.webp 2320w, https:\/\/www.hydraulic-cylinders.net\/wp-content\/uploads\/2025\/03\/Side-shift-cylinder-in-action-on-a-small-Toongae-forklift-1280x739.webp 1280w, https:\/\/www.hydraulic-cylinders.net\/wp-content\/uploads\/2025\/03\/Side-shift-cylinder-in-action-on-a-small-Toongae-forklift-980x566.webp 980w, https:\/\/www.hydraulic-cylinders.net\/wp-content\/uploads\/2025\/03\/Side-shift-cylinder-in-action-on-a-small-Toongae-forklift-480x277.webp 480w\" sizes=\"(min-width: 0px) and (max-width: 480px) 480px, (min-width: 481px) and (max-width: 980px) 980px, (min-width: 981px) and (max-width: 1280px) 1280px, (min-width: 1281px) 2320px, 100vw\" \/><\/p>\n<ul>\n<li><strong>Entreposage<\/strong>Id\u00e9al pour les all\u00e9es \u00e9troites et le stockage \u00e0 haute densit\u00e9.<\/li>\n<li><strong>Construction<\/strong>Id\u00e9al pour un placement pr\u00e9cis des mat\u00e9riaux sur les chantiers.<\/li>\n<li><strong>Fabrication<\/strong>: Am\u00e9liore l'efficacit\u00e9 des op\u00e9rations sur les cha\u00eenes de montage.<\/li>\n<\/ul>\n<h3><strong>Comment fonctionnent les v\u00e9rins hydrauliques \u00e0 d\u00e9placement lat\u00e9ral\u00a0?<\/strong><\/h3>\n<p>Les v\u00e9rins hydrauliques \u00e0 d\u00e9placement lat\u00e9ral fonctionnent gr\u00e2ce \u00e0 <strong>pression hydraulique<\/strong>\u00a0pour d\u00e9placer lat\u00e9ralement le chariot \u00e9l\u00e9vateur. Lorsque l'op\u00e9rateur actionne le levier de commande, du fluide hydraulique est pomp\u00e9 dans le v\u00e9rin, poussant le piston et provoquant le d\u00e9placement du chariot vers la gauche ou la droite. Ce mouvement lat\u00e9ral permet de\u00a0<strong>positionnement pr\u00e9cis de la charge<\/strong>\u00a0sans avoir \u00e0 repositionner l'ensemble du chariot \u00e9l\u00e9vateur. Le syst\u00e8me est con\u00e7u pour \u00eatre\u00a0<strong>fluide et r\u00e9actif<\/strong>, garantissant un effort minimal de la part de l'op\u00e9rateur tout en maximisant la pr\u00e9cision.<\/p>\n<p><strong>Composants cl\u00e9s<\/strong>:<\/p>\n<ul>\n<li><strong>Canon cylindrique<\/strong>: Contient le piston et le fluide hydraulique.<\/li>\n<li><strong>Tige de piston<\/strong>: Transmet la force n\u00e9cessaire pour d\u00e9placer le chariot.<\/li>\n<li><strong>Joints hydrauliques<\/strong>Pr\u00e9venir les fuites de fluides et assurer un fonctionnement efficace.<\/li>\n<li><strong>vanne de r\u00e9gulation<\/strong>R\u00e9gule le d\u00e9bit du fluide hydraulique pour un mouvement pr\u00e9cis.<\/li>\n<\/ul>\n<h2><strong>Zone de production de v\u00e9rins de chariot \u00e9l\u00e9vateur :<\/strong><\/h2>\n<h2><img loading=\"lazy\" decoding=\"async\" class=\"alignnone size-full wp-image-16972\" src=\"https:\/\/www.hydraulic-cylinders.net\/wp-content\/uploads\/2025\/01\/hydraulic-cylinder-factory-1-scaled.webp\" alt=\"\" width=\"2016\" height=\"2560\" srcset=\"https:\/\/www.hydraulic-cylinders.net\/wp-content\/uploads\/2025\/01\/hydraulic-cylinder-factory-1-scaled.webp 2016w, https:\/\/www.hydraulic-cylinders.net\/wp-content\/uploads\/2025\/01\/hydraulic-cylinder-factory-1-1280x1625.webp 1280w, https:\/\/www.hydraulic-cylinders.net\/wp-content\/uploads\/2025\/01\/hydraulic-cylinder-factory-1-980x1244.webp 980w, https:\/\/www.hydraulic-cylinders.net\/wp-content\/uploads\/2025\/01\/hydraulic-cylinder-factory-1-480x610.webp 480w\" sizes=\"(min-width: 0px) and (max-width: 480px) 480px, (min-width: 481px) and (max-width: 980px) 980px, (min-width: 981px) and (max-width: 1280px) 1280px, (min-width: 1281px) 2016px, 100vw\" \/><\/h2>\n<p>Nous disposons d'une plateforme de R&amp;D ind\u00e9pendante de premier ordre pour l'assemblage. Notre atelier de production de v\u00e9rins de chariot \u00e9l\u00e9vateur dispose de quatre lignes d'assemblage semi-automatiques de v\u00e9rins de levage et d'une ligne d'assemblage enti\u00e8rement automatique de v\u00e9rins d'inclinaison, pour une capacit\u00e9 de production annuelle pr\u00e9vue de plusieurs millions de pi\u00e8ces. Notre atelier de v\u00e9rins sp\u00e9ciaux dispose de syst\u00e8mes de nettoyage et d'assemblage semi-automatiques de diverses sp\u00e9cifications, pour une capacit\u00e9 de production annuelle pr\u00e9vue de 200\u00a0000 pi\u00e8ces. Il est \u00e9quip\u00e9 d'\u00e9quipements d'usinage CNC de marques renomm\u00e9es, de centres d'usinage, d'\u00e9quipements sp\u00e9ciaux pour l'usinage de haute pr\u00e9cision des v\u00e9rins, de robots de soudage, de machines de nettoyage automatiques, de machines d'assemblage automatiques de v\u00e9rins et de lignes de production de peinture automatiques. Nous disposons de plus de 300 \u00e9quipements cl\u00e9s en fonctionnement. L'optimisation et l'utilisation efficace de nos ressources garantissent la pr\u00e9cision et le respect des normes de qualit\u00e9 les plus strictes.<\/p>\n<p>L'atelier d'usinage est \u00e9quip\u00e9 de centres de tournage \u00e0 rail de guidage inclinable sur mesure, de centres d'usinage, de machines de rodage \u00e0 grande vitesse, de robots de soudage et d'autres \u00e9quipements pertinents, qui peuvent g\u00e9rer le travail d'usinage de tubes cylindriques avec un ID maximal de 400 mm et une longueur maximale de 6 m\u00e8tres.<\/p>\n<h2><img loading=\"lazy\" decoding=\"async\" class=\"alignnone size-full wp-image-16973\" src=\"https:\/\/www.hydraulic-cylinders.net\/wp-content\/uploads\/2025\/01\/hydraulic-cylinder-factory-2-scaled.webp\" alt=\"\" width=\"2011\" height=\"2560\" srcset=\"https:\/\/www.hydraulic-cylinders.net\/wp-content\/uploads\/2025\/01\/hydraulic-cylinder-factory-2-scaled.webp 2011w, https:\/\/www.hydraulic-cylinders.net\/wp-content\/uploads\/2025\/01\/hydraulic-cylinder-factory-2-1280x1629.webp 1280w, https:\/\/www.hydraulic-cylinders.net\/wp-content\/uploads\/2025\/01\/hydraulic-cylinder-factory-2-980x1248.webp 980w, https:\/\/www.hydraulic-cylinders.net\/wp-content\/uploads\/2025\/01\/hydraulic-cylinder-factory-2-480x611.webp 480w\" sizes=\"(min-width: 0px) and (max-width: 480px) 480px, (min-width: 481px) and (max-width: 980px) 980px, (min-width: 981px) and (max-width: 1280px) 1280px, (min-width: 1281px) 2011px, 100vw\" \/><\/h2>\n<p>Nous disposons d'une ligne de peinture \u00e0 l'eau enti\u00e8rement automatique pour les cylindres de petite et moyenne taille, \u00e9quip\u00e9e de robots de chargement et de d\u00e9chargement automatiques et de pulv\u00e9risation automatis\u00e9e, avec une capacit\u00e9 de production pr\u00e9vue de 4\u00a0000 pi\u00e8ces par \u00e9quipe. Nous disposons \u00e9galement d'une ligne de peinture semi-automatique pour les cylindres de grande taille, entra\u00een\u00e9e par cha\u00eene, d'une capacit\u00e9 pr\u00e9vue de 60 caisses par \u00e9quipe.<\/p>\n<p>Pour am\u00e9liorer encore les performances des produits et \u00e9tablir la position de leader de nos v\u00e9rins hydrauliques dans l'industrie, notre soci\u00e9t\u00e9 et zjimee ont conjointement cr\u00e9\u00e9 un laboratoire de performances complet de v\u00e9rins hydrauliques, de vannes hydrauliques et de pompes hydrauliques ; le laboratoire est un laboratoire de tests assist\u00e9s par ordinateur utilisant la technologie \u00e9lectrohydraulique, les conditions de test sont pr\u00e9r\u00e9gl\u00e9es par un ordinateur qui am\u00e9liore la pr\u00e9cision des tests et la polyvalence du syst\u00e8me, ainsi que les donn\u00e9es exp\u00e9rimentales.<\/p>\n<p>La collecte automatique des donn\u00e9es est r\u00e9alis\u00e9e gr\u00e2ce \u00e0 des capteurs. Les donn\u00e9es de sortie, telles que les fuites internes et le rendement de charge du v\u00e9rin ou de la vanne, sont directement trait\u00e9es par ordinateur et converties en unit\u00e9s standard (ml\/min). Parall\u00e8lement, afin de garantir la s\u00e9curit\u00e9 de fonctionnement du syst\u00e8me hydraulique, une fonction de surveillance de l'\u00e9tat est mise en \u0153uvre pour les param\u00e8tres de performance cl\u00e9s, tels que la temp\u00e9rature de l'huile, le niveau de liquide et l'\u00e9tat du filtre. Le banc d'essai pour v\u00e9rins hydrauliques permet notamment de tester les performances de charge.<br \/>\nL'efficacit\u00e9 et les fuites internes sont mesur\u00e9es. L'appareil est \u00e9galement \u00e9quip\u00e9 d'un instrument de mesure \u00e0 r\u00e8gle gradu\u00e9e conforme aux exigences de la norme nationale pour tous les points de contr\u00f4le des v\u00e9rins hydrauliques.<\/p>\n<h3><strong>Section FAQ :<\/strong><\/h3>\n<p><strong>Q : Ces v\u00e9rins sont-ils compatibles avec tous les mod\u00e8les de chariots \u00e9l\u00e9vateurs ?<\/strong><br \/>\nR : Oui, elles sont con\u00e7ues sp\u00e9cifiquement pour les petits chariots \u00e9l\u00e9vateurs. Veuillez v\u00e9rifier la compatibilit\u00e9 avec le num\u00e9ro de mod\u00e8le.<\/p>\n<p><strong>Q : Quelle est la dur\u00e9e de la garantie ?<\/strong><br \/>\nR: Nous offrons une garantie de 2 ans sur tous les v\u00e9rins hydrauliques \u00e0 d\u00e9placement lat\u00e9ral.<\/p>\n<p><strong>Q : Puis-je installer le cylindre moi-m\u00eame ?<\/strong><br \/>\nR : Oui, les cylindres sont fournis avec un guide d'installation facile \u00e0 suivre. Cependant, pour un fonctionnement optimal, une installation par un professionnel est recommand\u00e9e.<\/p>","protected":false},"excerpt":{"rendered":"<p>Side Shift Hydraulic Cylinders For Small Forklifts Our side shift hydraulic cylinders are engineered to provide precise lateral load positioning, making them ideal for small forklifts operating in confined spaces. With a robust design and easy installation, these cylinders enhance efficiency and safety in material handling tasks. Side shift hydraulic cylinders are indispensable for enhancing [&hellip;]<\/p>","protected":false},"featured_media":17557,"comment_status":"open","ping_status":"closed","template":"","meta":{"_et_pb_use_builder":"","_et_pb_old_content":"","_et_gb_content_width":""},"product_brand":[],"product_cat":[1484,1550],"product_tag":[],"class_list":{"0":"post-17554","1":"product","2":"type-product","3":"status-publish","4":"has-post-thumbnail","6":"product_cat-forklift-hydraulic-cylinders","7":"product_cat-double-acting-hydraulic-cylinder","9":"first","10":"instock","11":"shipping-taxable","12":"product-type-simple"},"amp_enabled":true,"_links":{"self":[{"href":"https:\/\/www.hydraulic-cylinders.net\/fr\/wp-json\/wp\/v2\/product\/17554","targetHints":{"allow":["GET"]}}],"collection":[{"href":"https:\/\/www.hydraulic-cylinders.net\/fr\/wp-json\/wp\/v2\/product"}],"about":[{"href":"https:\/\/www.hydraulic-cylinders.net\/fr\/wp-json\/wp\/v2\/types\/product"}],"replies":[{"embeddable":true,"href":"https:\/\/www.hydraulic-cylinders.net\/fr\/wp-json\/wp\/v2\/comments?post=17554"}],"wp:featuredmedia":[{"embeddable":true,"href":"https:\/\/www.hydraulic-cylinders.net\/fr\/wp-json\/wp\/v2\/media\/17557"}],"wp:attachment":[{"href":"https:\/\/www.hydraulic-cylinders.net\/fr\/wp-json\/wp\/v2\/media?parent=17554"}],"wp:term":[{"taxonomy":"product_brand","embeddable":true,"href":"https:\/\/www.hydraulic-cylinders.net\/fr\/wp-json\/wp\/v2\/product_brand?post=17554"},{"taxonomy":"product_cat","embeddable":true,"href":"https:\/\/www.hydraulic-cylinders.net\/fr\/wp-json\/wp\/v2\/product_cat?post=17554"},{"taxonomy":"product_tag","embeddable":true,"href":"https:\/\/www.hydraulic-cylinders.net\/fr\/wp-json\/wp\/v2\/product_tag?post=17554"}],"curies":[{"name":"wp","href":"https:\/\/api.w.org\/{rel}","templated":true}]}}