{"id":17579,"date":"2025-03-18T05:32:03","date_gmt":"2025-03-18T05:32:03","guid":{"rendered":"https:\/\/www.hydraulic-cylinders.net\/?post_type=product&#038;p=17579"},"modified":"2025-04-11T03:15:32","modified_gmt":"2025-04-11T03:15:32","slug":"side-shift-hydraulic-cylinders-large-forklift","status":"publish","type":"product","link":"https:\/\/www.hydraulic-cylinders.net\/fr\/produit\/side-shift-hydraulic-cylinders-large-forklift\/","title":{"rendered":"V\u00e9rins hydrauliques \u00e0 d\u00e9placement lat\u00e9ral pour chariots \u00e9l\u00e9vateurs de grande taille"},"content":{"rendered":"<h1 style=\"text-align: center;\"><strong>V\u00e9rins hydrauliques \u00e0 d\u00e9placement lat\u00e9ral pour chariots \u00e9l\u00e9vateurs de grande taille<\/strong><\/h1>\n<p>Vous recherchez un service fiable et efficace ?\u00a0<strong>V\u00e9rins hydrauliques \u00e0 d\u00e9placement lat\u00e9ral pour grands chariots \u00e9l\u00e9vateurs<\/strong>? Notre haute performance\u00a0<strong>V\u00e9rins hydrauliques pour le d\u00e9placement lat\u00e9ral des chariots \u00e9l\u00e9vateurs<\/strong>\u00a0sont con\u00e7us pour r\u00e9pondre aux exigences des chariots \u00e9l\u00e9vateurs compacts, offrant un d\u00e9placement lat\u00e9ral pr\u00e9cis pour une maniabilit\u00e9 accrue dans les espaces restreints. Construits avec\u00a0<strong>construction durable<\/strong>Ces cylindres garantissent des performances durables m\u00eame dans les conditions de travail les plus difficiles.<\/p>\n<p>Que vous ayez besoin\u00a0<strong>V\u00e9rins de d\u00e9placement lat\u00e9ral pour chariot \u00e9l\u00e9vateur compact<\/strong>\u00a0Pour les op\u00e9rations l\u00e9g\u00e8res ou pour des solutions abordables pour votre flotte, nos produits sont\u00a0<strong>facile \u00e0 installer et \u00e0 entretenir<\/strong>, r\u00e9duisant consid\u00e9rablement les temps d'arr\u00eat et augmentant la productivit\u00e9. Choisissez parmi les\u00a0<strong>meilleurs v\u00e9rins hydrauliques pour grands chariots \u00e9l\u00e9vateurs<\/strong>\u00a0qui allient qualit\u00e9, durabilit\u00e9 et prix abordable.<\/p>\n<p>Modernisez votre chariot \u00e9l\u00e9vateur d\u00e8s aujourd'hui gr\u00e2ce \u00e0 notre\u00a0<strong>V\u00e9rins hydrauliques \u00e0 d\u00e9placement lat\u00e9ral robustes pour chariots \u00e9l\u00e9vateurs l\u00e9gers<\/strong>\u00a0et b\u00e9n\u00e9ficiez d'une efficacit\u00e9 et d'une fiabilit\u00e9 in\u00e9gal\u00e9es !<\/p>\n<h1 style=\"text-align: center;\"><img loading=\"lazy\" decoding=\"async\" class=\"alignnone wp-image-17586\" src=\"https:\/\/www.hydraulic-cylinders.net\/wp-content\/uploads\/2025\/03\/Side-shift-hydraulic-cylinders-for-large-forklift-1.webp\" alt=\"V\u00e9rin hydraulique \u00e0 d\u00e9placement lat\u00e9ral pour petit chariot \u00e9l\u00e9vateur\" width=\"500\" height=\"500\" srcset=\"https:\/\/www.hydraulic-cylinders.net\/wp-content\/uploads\/2025\/03\/Side-shift-hydraulic-cylinders-for-large-forklift-1.webp 500w, https:\/\/www.hydraulic-cylinders.net\/wp-content\/uploads\/2025\/03\/Side-shift-hydraulic-cylinders-for-large-forklift-1-480x480.webp 480w\" sizes=\"(min-width: 0px) and (max-width: 480px) 480px, (min-width: 481px) 500px, 100vw\" \/><\/h1>\n<p style=\"text-align: center;\"><strong>V\u00e9rin de d\u00e9placement lat\u00e9ral pour chariot \u00e9l\u00e9vateur de grande taille<\/strong><\/p>\n<h2><strong>V\u00e9rins hydrauliques \u00e0 d\u00e9placement lat\u00e9ral pour chariots \u00e9l\u00e9vateurs de grande taille <\/strong><strong>Sp\u00e9cifications techniques<\/strong><strong>:<\/strong><\/h2>\n<p><strong>Fonction:<\/strong> Utilis\u00e9 pour r\u00e9aliser le mouvement global gauche et droit de la fourche<br \/>\n<strong>Diam\u00e8tre du cylindre :<\/strong> 70 mm-120 mm<br \/>\n<strong>Diam\u00e8tre de la tige :<\/strong> 30 mm \u00e0 60 mm<br \/>\n<strong>Voyage:<\/strong> 300 mm \u00e0 1025 mm<br \/>\n<strong>Pression maximale:<\/strong> 21 MPa<br \/>\n<strong>Pouss\u00e9e maximale :<\/strong> 238KN<\/p>\n<h2><strong>S\u00e9rie de v\u00e9rins hydrauliques pour chariots \u00e9l\u00e9vateurs de grande taille\u00a0:\u00a0<\/strong><\/h2>\n<h2><img loading=\"lazy\" decoding=\"async\" class=\"alignnone size-full wp-image-17582\" src=\"https:\/\/www.hydraulic-cylinders.net\/wp-content\/uploads\/2025\/03\/large-forklift-hydraulic-cylinder-construction.webp\" alt=\"\" width=\"1100\" height=\"615\" srcset=\"https:\/\/www.hydraulic-cylinders.net\/wp-content\/uploads\/2025\/03\/large-forklift-hydraulic-cylinder-construction.webp 1100w, https:\/\/www.hydraulic-cylinders.net\/wp-content\/uploads\/2025\/03\/large-forklift-hydraulic-cylinder-construction-980x548.webp 980w, https:\/\/www.hydraulic-cylinders.net\/wp-content\/uploads\/2025\/03\/large-forklift-hydraulic-cylinder-construction-480x268.webp 480w\" sizes=\"(min-width: 0px) and (max-width: 480px) 480px, (min-width: 481px) and (max-width: 980px) 980px, (min-width: 981px) 1100px, 100vw\" \/><\/h2>\n<h2><strong>Caract\u00e9ristiques principales\u00a0<\/strong><strong>V\u00e9rins hydrauliques \u00e0 d\u00e9placement lat\u00e9ral pour <\/strong><strong>Grand <\/strong><strong>Chariot \u00e9l\u00e9vateur<\/strong><strong>:<\/strong><\/h2>\n<p>Notre\u00a0<strong>V\u00e9rins hydrauliques \u00e0 d\u00e9placement lat\u00e9ral pour grands chariots \u00e9l\u00e9vateurs<\/strong>\u00a0Con\u00e7us pour offrir des performances et une fiabilit\u00e9 exceptionnelles dans les environnements industriels les plus exigeants, voici ce qui les distingue\u00a0:<\/p>\n<ul>\n<li><strong>D\u00e9calage lat\u00e9ral pr\u00e9cis<\/strong>Con\u00e7us sp\u00e9cifiquement pour les grands chariots \u00e9l\u00e9vateurs, ces v\u00e9rins assurent un d\u00e9placement lat\u00e9ral pr\u00e9cis et fluide, am\u00e9liorant la maniabilit\u00e9 et l'efficacit\u00e9 lors des op\u00e9rations intensives.<\/li>\n<li><strong>Construction durable<\/strong>Fabriqu\u00e9s avec des mat\u00e9riaux de haute qualit\u00e9, nos\u00a0<strong>V\u00e9rins hydrauliques pour le d\u00e9placement lat\u00e9ral des grands chariots \u00e9l\u00e9vateurs<\/strong>\u00a0sont con\u00e7ues pour r\u00e9sister aux conditions extr\u00eames, garantissant ainsi des performances durables et une usure minimale.<\/li>\n<li><strong>Installation et entretien faciles<\/strong>Gr\u00e2ce \u00e0 leur conception conviviale, ces\u00a0<strong>V\u00e9rins de d\u00e9placement lat\u00e9ral pour chariots \u00e9l\u00e9vateurs robustes<\/strong>\u00a0Ils sont rapides \u00e0 installer et faciles \u00e0 entretenir, ce qui r\u00e9duit les temps d'arr\u00eat et maximise la productivit\u00e9.<\/li>\n<li><strong>Optimis\u00e9 pour une utilisation intensive<\/strong>Con\u00e7us sur mesure pour les grands chariots \u00e9l\u00e9vateurs, ces v\u00e9rins sont parfaits pour les applications industrielles, offrant une r\u00e9sistance et une fiabilit\u00e9 in\u00e9gal\u00e9es.<\/li>\n<li><strong>Solution rentable<\/strong>: Comme l'un des plus\u00a0<strong>V\u00e9rins de d\u00e9placement lat\u00e9ral abordables pour chariots \u00e9l\u00e9vateurs lourds<\/strong>Nos produits offrent un rapport qualit\u00e9-prix exceptionnel sans compromis sur la qualit\u00e9.<\/li>\n<\/ul>\n<p>Modernisez votre chariot \u00e9l\u00e9vateur de grande taille avec notre\u00a0<strong>V\u00e9rins hydrauliques \u00e0 d\u00e9placement lat\u00e9ral pour grands chariots \u00e9l\u00e9vateurs<\/strong>\u00a0et profitez de performances, d'une durabilit\u00e9 et d'une facilit\u00e9 d'utilisation sup\u00e9rieures !<\/p>\n<h2><strong>Cas d'utilisation\u00a0: V\u00e9rins hydrauliques \u00e0 d\u00e9placement lat\u00e9ral pour grands chariots \u00e9l\u00e9vateurs\u00a0:<\/strong><\/h2>\n<p>Notre\u00a0<strong>V\u00e9rins hydrauliques \u00e0 d\u00e9placement lat\u00e9ral pour grands chariots \u00e9l\u00e9vateurs<\/strong>\u00a0sont con\u00e7us pour r\u00e9pondre aux exigences des applications industrielles intensives. Voici quelques exemples d'utilisation cl\u00e9s o\u00f9 ces v\u00e9rins excellent\u00a0:<\/p>\n<h3><strong>1. Op\u00e9rations d'entrep\u00f4t<\/strong><\/h3>\n<p><img loading=\"lazy\" decoding=\"async\" class=\"alignnone size-full wp-image-17583\" src=\"https:\/\/www.hydraulic-cylinders.net\/wp-content\/uploads\/2025\/03\/heavy-duty-forklift-side-shift-cylinder-application.webp\" alt=\"V\u00e9rin hydraulique \u00e0 d\u00e9placement lat\u00e9ral pour chariot \u00e9l\u00e9vateur de grande taille dans un entrep\u00f4t\" width=\"2320\" height=\"1340\" srcset=\"https:\/\/www.hydraulic-cylinders.net\/wp-content\/uploads\/2025\/03\/heavy-duty-forklift-side-shift-cylinder-application.webp 2320w, https:\/\/www.hydraulic-cylinders.net\/wp-content\/uploads\/2025\/03\/heavy-duty-forklift-side-shift-cylinder-application-1280x739.webp 1280w, https:\/\/www.hydraulic-cylinders.net\/wp-content\/uploads\/2025\/03\/heavy-duty-forklift-side-shift-cylinder-application-980x566.webp 980w, https:\/\/www.hydraulic-cylinders.net\/wp-content\/uploads\/2025\/03\/heavy-duty-forklift-side-shift-cylinder-application-480x277.webp 480w\" sizes=\"(min-width: 0px) and (max-width: 480px) 480px, (min-width: 481px) and (max-width: 980px) 980px, (min-width: 981px) and (max-width: 1280px) 1280px, (min-width: 1281px) 2320px, 100vw\" \/><\/p>\n<ul>\n<li><strong>D\u00e9calage lat\u00e9ral pr\u00e9cis<\/strong>Dans les entrep\u00f4ts tr\u00e8s actifs, notre\u00a0<strong>V\u00e9rins hydrauliques pour le d\u00e9placement lat\u00e9ral des grands chariots \u00e9l\u00e9vateurs<\/strong>\u00a0permettre aux op\u00e9rateurs de man\u0153uvrer des charges lourdes avec pr\u00e9cision, m\u00eame dans des all\u00e9es \u00e9troites et des espaces restreints.<\/li>\n<li><strong>Am\u00e9lioration de l'efficacit\u00e9<\/strong>En am\u00e9liorant l'agilit\u00e9 des chariots \u00e9l\u00e9vateurs, ces v\u00e9rins contribuent \u00e0 rationaliser les op\u00e9rations de chargement et de d\u00e9chargement, r\u00e9duisant ainsi les temps d'arr\u00eat op\u00e9rationnels.<\/li>\n<\/ul>\n<h3><strong>2. Chantiers de construction<\/strong><\/h3>\n<ul>\n<li><strong>Construction durable<\/strong>Con\u00e7us pour r\u00e9sister aux conditions les plus extr\u00eames, nos\u00a0<strong>V\u00e9rins de d\u00e9placement lat\u00e9ral pour chariots \u00e9l\u00e9vateurs robustes<\/strong>\u00a0sont parfaitement adapt\u00e9es aux chantiers de construction, o\u00f9 les \u00e9quipements sont expos\u00e9s \u00e0 la poussi\u00e8re, aux d\u00e9bris et aux charges lourdes.<\/li>\n<li><strong>Performances fiables<\/strong>Ces v\u00e9rins garantissent des performances constantes, m\u00eame lors de la manutention de mat\u00e9riaux volumineux comme des poutres d'acier ou des blocs de b\u00e9ton.<\/li>\n<\/ul>\n<h3><strong>3. Installations de fabrication<\/strong><\/h3>\n<ul>\n<li><strong>Installation et entretien faciles<\/strong>Dans les environnements de production, o\u00f9 les temps d'arr\u00eat peuvent s'av\u00e9rer co\u00fbteux, nos v\u00e9rins de d\u00e9placement lat\u00e9ral sont rapides \u00e0 installer et faciles \u00e0 entretenir, garantissant ainsi une perturbation minimale des calendriers de production.<\/li>\n<li><strong>S\u00e9curit\u00e9 renforc\u00e9e<\/strong>Le contr\u00f4le pr\u00e9cis offert par ces v\u00e9rins r\u00e9duit les risques d'accidents lors du d\u00e9placement de machines ou de mat\u00e9riaux lourds.<\/li>\n<\/ul>\n<h3><strong>4. Centres de logistique et de distribution<\/strong><\/h3>\n<ul>\n<li><strong>Capacit\u00e9 de travail robuste<\/strong>: Notre\u00a0<strong>V\u00e9rins hydrauliques \u00e0 d\u00e9placement lat\u00e9ral pour grands chariots \u00e9l\u00e9vateurs<\/strong>\u00a0sont id\u00e9ales pour la manutention de palettes, de conteneurs et de charges surdimensionn\u00e9es dans les centres de distribution \u00e0 haut volume.<\/li>\n<li><strong>Solution rentable<\/strong>En am\u00e9liorant l'efficacit\u00e9 des chariots \u00e9l\u00e9vateurs et en r\u00e9duisant les besoins de maintenance, ces v\u00e9rins contribuent \u00e0 diminuer les co\u00fbts d'exploitation au fil du temps.<\/li>\n<\/ul>\n<h4><strong>5. Ports et chantiers navals<\/strong><\/h4>\n<ul>\n<li><strong>Performance durable<\/strong>Con\u00e7us pour un usage intensif, ces v\u00e9rins sont parfaitement adapt\u00e9s aux op\u00e9rations portuaires, o\u00f9 les chariots \u00e9l\u00e9vateurs d\u00e9placent constamment de grands conteneurs et des marchandises lourdes.<\/li>\n<li><strong>Conception r\u00e9sistante aux intemp\u00e9ries<\/strong>Sa construction robuste garantit des performances fiables en ext\u00e9rieur, m\u00eame dans des conditions climatiques difficiles.<\/li>\n<\/ul>\n<h4><strong>6. Recyclage et gestion des d\u00e9chets<\/strong><\/h4>\n<ul>\n<li><strong>Robuste et fiable<\/strong>: Notre\u00a0<strong>V\u00e9rins de d\u00e9placement lat\u00e9ral pour chariots \u00e9l\u00e9vateurs robustes<\/strong>\u00a0elles sont con\u00e7ues pour r\u00e9sister aux rigueurs des installations de recyclage, o\u00f9 des chariots \u00e9l\u00e9vateurs d\u00e9placent de lourdes balles de mat\u00e9riaux recyclables.<\/li>\n<li><strong>Temps d'arr\u00eat r\u00e9duit<\/strong>Des fonctionnalit\u00e9s de maintenance et de r\u00e9paration ais\u00e9es garantissent le maintien en \u00e9tat de fonctionnement des \u00e9quipements, m\u00eame dans des environnements de gestion des d\u00e9chets exigeants.<\/li>\n<\/ul>\n<h2><strong>Pourquoi choisir nos v\u00e9rins hydrauliques \u00e0 d\u00e9placement lat\u00e9ral ?<\/strong><\/h2>\n<p>En ce qui concerne\u00a0<strong>accessoires pour chariots \u00e9l\u00e9vateurs<\/strong>, notre\u00a0<strong>V\u00e9rins hydrauliques \u00e0 d\u00e9placement lat\u00e9ral pour grands chariots \u00e9l\u00e9vateurs<\/strong>\u00a0Ces v\u00e9rins changent la donne. Con\u00e7us pour optimiser les performances et l'efficacit\u00e9, ils constituent le compl\u00e9ment id\u00e9al pour vos \u00e9quipements lourds.<\/p>\n<ul>\n<li><strong>D\u00e9calage lat\u00e9ral pr\u00e9cis<\/strong>Con\u00e7us pour les grands chariots \u00e9l\u00e9vateurs, ces v\u00e9rins assurent un d\u00e9placement lat\u00e9ral fluide et pr\u00e9cis, ce qui les rend id\u00e9aux pour la manutention de charges lourdes dans des espaces restreints.<\/li>\n<li><strong>Construction durable<\/strong>Con\u00e7us pour durer, nos\u00a0<strong>V\u00e9rins hydrauliques pour le d\u00e9placement lat\u00e9ral des grands chariots \u00e9l\u00e9vateurs<\/strong>\u00a0sont fabriqu\u00e9es \u00e0 partir de mat\u00e9riaux de haute qualit\u00e9, garantissant des performances fiables m\u00eame dans les environnements industriels les plus difficiles.<\/li>\n<li><strong>Installation et entretien faciles<\/strong>Con\u00e7us pour faciliter l'utilisation, ces\u00a0<strong>V\u00e9rins de d\u00e9placement lat\u00e9ral pour chariots \u00e9l\u00e9vateurs robustes<\/strong>\u00a0Ils sont rapides \u00e0 installer et faciles \u00e0 entretenir, r\u00e9duisant ainsi les temps d'arr\u00eat et assurant le bon d\u00e9roulement de vos op\u00e9rations.<\/li>\n<\/ul>\n<p>Vous recherchez des v\u00e9rins pour chariots \u00e9l\u00e9vateurs robustes\u00a0? D\u00e9couvrez notre <a href=\"https:\/\/www.hydraulic-cylinders.net\/fr\/forklift-hydraulic-cylinder\/\">V\u00e9rins hydrauliques robustes<\/a>.<\/p>\n<h3><strong>Id\u00e9al pour l'entretien et la r\u00e9paration des chariots \u00e9l\u00e9vateurs<\/strong><\/h3>\n<p>Que vous effectuiez des exercices de routine\u00a0<strong>entretien des chariots \u00e9l\u00e9vateurs<\/strong>\u00a0ou avez besoin d'une solution fiable pour\u00a0<strong>r\u00e9paration de v\u00e9rins hydrauliques<\/strong>Nos v\u00e9rins \u00e0 d\u00e9placement lat\u00e9ral sont con\u00e7us pour minimiser les interruptions et prolonger la dur\u00e9e de vie de vos \u00e9quipements. Leur conception robuste leur permet de r\u00e9pondre aux exigences des applications intensives, ce qui en fait un choix rentable pour les op\u00e9rations industrielles.<\/p>\n<h2><strong>Zone de production de v\u00e9rins de chariot \u00e9l\u00e9vateur :<\/strong><\/h2>\n<h2><img loading=\"lazy\" decoding=\"async\" class=\"alignnone size-full wp-image-16972\" src=\"https:\/\/www.hydraulic-cylinders.net\/wp-content\/uploads\/2025\/01\/hydraulic-cylinder-factory-1-scaled.webp\" sizes=\"(min-width: 0px) and (max-width: 480px) 480px, (min-width: 481px) and (max-width: 980px) 980px, (min-width: 981px) and (max-width: 1280px) 1280px, (min-width: 1281px) 2016px, 100vw\" srcset=\"https:\/\/www.hydraulic-cylinders.net\/wp-content\/uploads\/2025\/01\/hydraulic-cylinder-factory-1-scaled.webp 2016w, https:\/\/www.hydraulic-cylinders.net\/wp-content\/uploads\/2025\/01\/hydraulic-cylinder-factory-1-1280x1625.webp 1280w, https:\/\/www.hydraulic-cylinders.net\/wp-content\/uploads\/2025\/01\/hydraulic-cylinder-factory-1-980x1244.webp 980w, https:\/\/www.hydraulic-cylinders.net\/wp-content\/uploads\/2025\/01\/hydraulic-cylinder-factory-1-480x610.webp 480w\" alt=\"\" width=\"2016\" height=\"2560\" \/><\/h2>\n<p>Nous disposons d'une plateforme de R&amp;D ind\u00e9pendante de premier ordre pour l'assemblage. Notre atelier de production de v\u00e9rins de chariot \u00e9l\u00e9vateur dispose de quatre lignes d'assemblage semi-automatiques de v\u00e9rins de levage et d'une ligne d'assemblage enti\u00e8rement automatique de v\u00e9rins d'inclinaison, pour une capacit\u00e9 de production annuelle pr\u00e9vue de plusieurs millions de pi\u00e8ces. Notre atelier de v\u00e9rins sp\u00e9ciaux dispose de syst\u00e8mes de nettoyage et d'assemblage semi-automatiques de diverses sp\u00e9cifications, pour une capacit\u00e9 de production annuelle pr\u00e9vue de 200\u00a0000 pi\u00e8ces. Il est \u00e9quip\u00e9 d'\u00e9quipements d'usinage CNC de marques renomm\u00e9es, de centres d'usinage, d'\u00e9quipements sp\u00e9ciaux pour l'usinage de haute pr\u00e9cision des v\u00e9rins, de robots de soudage, de machines de nettoyage automatiques, de machines d'assemblage automatiques de v\u00e9rins et de lignes de production de peinture automatiques. Nous disposons de plus de 300 \u00e9quipements cl\u00e9s en fonctionnement. L'optimisation et l'utilisation efficace de nos ressources garantissent la pr\u00e9cision et le respect des normes de qualit\u00e9 les plus strictes.<\/p>\n<p>L'atelier d'usinage est \u00e9quip\u00e9 de centres de tournage \u00e0 rail de guidage inclinable sur mesure, de centres d'usinage, de machines de rodage \u00e0 grande vitesse, de robots de soudage et d'autres \u00e9quipements pertinents, qui peuvent g\u00e9rer le travail d'usinage de tubes cylindriques avec un ID maximal de 400 mm et une longueur maximale de 6 m\u00e8tres.<\/p>\n<h2><img loading=\"lazy\" decoding=\"async\" class=\"alignnone size-full wp-image-16973\" src=\"https:\/\/www.hydraulic-cylinders.net\/wp-content\/uploads\/2025\/01\/hydraulic-cylinder-factory-2-scaled.webp\" sizes=\"(min-width: 0px) and (max-width: 480px) 480px, (min-width: 481px) and (max-width: 980px) 980px, (min-width: 981px) and (max-width: 1280px) 1280px, (min-width: 1281px) 2011px, 100vw\" srcset=\"https:\/\/www.hydraulic-cylinders.net\/wp-content\/uploads\/2025\/01\/hydraulic-cylinder-factory-2-scaled.webp 2011w, https:\/\/www.hydraulic-cylinders.net\/wp-content\/uploads\/2025\/01\/hydraulic-cylinder-factory-2-1280x1629.webp 1280w, https:\/\/www.hydraulic-cylinders.net\/wp-content\/uploads\/2025\/01\/hydraulic-cylinder-factory-2-980x1248.webp 980w, https:\/\/www.hydraulic-cylinders.net\/wp-content\/uploads\/2025\/01\/hydraulic-cylinder-factory-2-480x611.webp 480w\" alt=\"\" width=\"2011\" height=\"2560\" \/><\/h2>\n<p>Nous disposons d'une ligne de peinture \u00e0 l'eau enti\u00e8rement automatique pour les cylindres de petite et moyenne taille, \u00e9quip\u00e9e de robots de chargement et de d\u00e9chargement automatiques et de pulv\u00e9risation automatis\u00e9e, avec une capacit\u00e9 de production pr\u00e9vue de 4\u00a0000 pi\u00e8ces par \u00e9quipe. Nous disposons \u00e9galement d'une ligne de peinture semi-automatique pour les cylindres de grande taille, entra\u00een\u00e9e par cha\u00eene, d'une capacit\u00e9 pr\u00e9vue de 60 caisses par \u00e9quipe.<\/p>\n<p>Pour am\u00e9liorer encore les performances des produits et \u00e9tablir la position de leader de nos v\u00e9rins hydrauliques dans l'industrie, notre soci\u00e9t\u00e9 et zjimee ont conjointement cr\u00e9\u00e9 un laboratoire de performances complet de v\u00e9rins hydrauliques, de vannes hydrauliques et de pompes hydrauliques ; le laboratoire est un laboratoire de tests assist\u00e9s par ordinateur utilisant la technologie \u00e9lectrohydraulique, les conditions de test sont pr\u00e9r\u00e9gl\u00e9es par un ordinateur qui am\u00e9liore la pr\u00e9cision des tests et la polyvalence du syst\u00e8me, ainsi que les donn\u00e9es exp\u00e9rimentales.<\/p>\n<p>La collecte automatique est r\u00e9alis\u00e9e gr\u00e2ce \u00e0 des capteurs. Les donn\u00e9es de sortie, telles que les fuites internes et l'efficacit\u00e9 de charge du v\u00e9rin ou de la soupape, sont trait\u00e9es directement par l'ordinateur et converties en unit\u00e9s standard (ml\/min\u00b9TP\u00b3T). Parall\u00e8lement, afin de garantir la s\u00e9curit\u00e9 de fonctionnement du syst\u00e8me hydraulique, la surveillance de l'\u00e9tat des param\u00e8tres cl\u00e9s de performance, tels que la temp\u00e9rature de l'huile, le niveau de liquide et le filtre, est assur\u00e9e. Le banc d'essai de v\u00e9rin hydraulique permet notamment de tester la performance de la charge.<br \/>\nL'efficacit\u00e9 et les fuites internes sont mesur\u00e9es. Il est \u00e9galement \u00e9quip\u00e9 d'un instrument de mesure \u00e0 r\u00e8gle gradu\u00e9e r\u00e9pondant aux exigences de tous les tests de v\u00e9rins hydrauliques, conform\u00e9ment \u00e0 la norme nationale.<\/p>\n<h3><strong>Section FAQ :<\/strong><\/h3>\n<p><strong>Q : Quelles sont les principales caract\u00e9ristiques des v\u00e9rins hydrauliques \u00e0 d\u00e9placement lat\u00e9ral pour grands chariots \u00e9l\u00e9vateurs ?<\/strong><br \/>\nA: Nos v\u00e9rins hydrauliques \u00e0 d\u00e9placement lat\u00e9ral sont con\u00e7us pour les grands chariots \u00e9l\u00e9vateurs, offrant un d\u00e9placement lat\u00e9ral pr\u00e9cis, une construction durable pour des performances durables et une installation facile pour r\u00e9duire les temps d'arr\u00eat.<\/p>\n<p><strong>Q : Ces v\u00e9rins peuvent-ils supporter des applications intensives ?<\/strong><br \/>\nR : Oui, ces cylindres sont sp\u00e9cialement con\u00e7us pour un usage intensif, ce qui les rend id\u00e9aux pour les environnements industriels tels que les chantiers de construction, les entrep\u00f4ts et les ports.<\/p>\n<p><strong>Q : Ces v\u00e9rins hydrauliques sont-ils faciles \u00e0 installer ?<\/strong><br \/>\nR : Absolument ! Nos v\u00e9rins de d\u00e9placement lat\u00e9ral sont con\u00e7us pour une installation rapide et sans tracas, minimisant les temps d'arr\u00eat et garantissant une remise en service rapide de votre chariot \u00e9l\u00e9vateur.<\/p>\n<p>&nbsp;<\/p>","protected":false},"excerpt":{"rendered":"<p>Side Shift Hydraulic Cylinders For Large Forklift Looking for reliable and efficient\u00a0Side Shift Hydraulic Cylinders for Large Forklifts? Our high-performance\u00a0Hydraulic Cylinders for Forklift Side Shifting\u00a0are designed to meet the demands of compact forklifts, offering precise side shifting for enhanced maneuverability in tight spaces. Built with\u00a0durable construction, these cylinders ensure long-lasting performance even in the toughest [&hellip;]<\/p>","protected":false},"featured_media":17581,"comment_status":"open","ping_status":"closed","template":"","meta":{"_et_pb_use_builder":"","_et_pb_old_content":"","_et_gb_content_width":""},"product_brand":[],"product_cat":[1550,1484,1376],"product_tag":[],"class_list":{"0":"post-17579","1":"product","2":"type-product","3":"status-publish","4":"has-post-thumbnail","6":"product_cat-double-acting-hydraulic-cylinder","7":"product_cat-forklift-hydraulic-cylinders","8":"product_cat-hydraulic-cylinder","10":"first","11":"instock","12":"shipping-taxable","13":"product-type-simple"},"amp_enabled":true,"_links":{"self":[{"href":"https:\/\/www.hydraulic-cylinders.net\/fr\/wp-json\/wp\/v2\/product\/17579","targetHints":{"allow":["GET"]}}],"collection":[{"href":"https:\/\/www.hydraulic-cylinders.net\/fr\/wp-json\/wp\/v2\/product"}],"about":[{"href":"https:\/\/www.hydraulic-cylinders.net\/fr\/wp-json\/wp\/v2\/types\/product"}],"replies":[{"embeddable":true,"href":"https:\/\/www.hydraulic-cylinders.net\/fr\/wp-json\/wp\/v2\/comments?post=17579"}],"wp:featuredmedia":[{"embeddable":true,"href":"https:\/\/www.hydraulic-cylinders.net\/fr\/wp-json\/wp\/v2\/media\/17581"}],"wp:attachment":[{"href":"https:\/\/www.hydraulic-cylinders.net\/fr\/wp-json\/wp\/v2\/media?parent=17579"}],"wp:term":[{"taxonomy":"product_brand","embeddable":true,"href":"https:\/\/www.hydraulic-cylinders.net\/fr\/wp-json\/wp\/v2\/product_brand?post=17579"},{"taxonomy":"product_cat","embeddable":true,"href":"https:\/\/www.hydraulic-cylinders.net\/fr\/wp-json\/wp\/v2\/product_cat?post=17579"},{"taxonomy":"product_tag","embeddable":true,"href":"https:\/\/www.hydraulic-cylinders.net\/fr\/wp-json\/wp\/v2\/product_tag?post=17579"}],"curies":[{"name":"wp","href":"https:\/\/api.w.org\/{rel}","templated":true}]}}