{"id":1758,"date":"2023-10-13T03:29:58","date_gmt":"2023-10-13T03:29:58","guid":{"rendered":"https:\/\/hydraulic-cylinders.net\/?post_type=product&#038;p=1758"},"modified":"2025-04-15T05:55:27","modified_gmt":"2025-04-15T05:55:27","slug":"cutter-suction-dredger-piling-cylinder","status":"publish","type":"product","link":"https:\/\/www.hydraulic-cylinders.net\/fr\/produit\/cutter-suction-dredger-piling-cylinder\/","title":{"rendered":"Cylindre de battage, drague \u00e0 succion"},"content":{"rendered":"<h1 style=\"text-align: center;\"><strong>Cylindre de battage, drague \u00e0 succion<\/strong><\/h1>\n<p><img loading=\"lazy\" decoding=\"async\" class=\"aligncenter wp-image-1759\" src=\"https:\/\/hydraulic-cylinders.net\/wp-content\/uploads\/2023\/10\/cutter-suction-dredger-piling-cylinder-1-300x300.webp\" alt=\"\" width=\"400\" height=\"400\" \/><\/p>\n<p>Le v\u00e9rin de battage pour drague \u00e0 d\u00e9sagr\u00e9gateur est un dispositif hydraulique puissant et polyvalent, con\u00e7u sp\u00e9cifiquement pour les projets de construction maritime. Gr\u00e2ce \u00e0 sa construction robuste et \u00e0 ses hautes performances, ce v\u00e9rin est un \u00e9l\u00e9ment cl\u00e9 des op\u00e9rations de dragage modernes.<\/p>\n<p>Le v\u00e9rin de battage pour drague \u00e0 d\u00e9sagr\u00e9gateur est un dispositif hydraulique fiable et polyvalent qui optimise consid\u00e9rablement les projets de construction maritime. Gr\u00e2ce \u00e0 sa construction robuste, sa course r\u00e9glable et son syst\u00e8me hydraulique puissant, il garantit des op\u00e9rations de battage pr\u00e9cises et efficaces. En respectant les consignes d'utilisation et en effectuant un entretien r\u00e9gulier, les utilisateurs peuvent maximiser la dur\u00e9e de vie et les performances de ce composant essentiel des dragues \u00e0 d\u00e9sagr\u00e9gateur. Investissez dans le v\u00e9rin de battage pour drague \u00e0 d\u00e9sagr\u00e9gateur et b\u00e9n\u00e9ficiez d'une productivit\u00e9 et d'une pr\u00e9cision accrues pour vos projets de construction maritime.<\/p>\n<p>Caract\u00e9ristiques principales du cylindre de battage de pieux par drague \u00e0 d\u00e9sagr\u00e9gateur\u00a0:<\/p>\n<ol>\n<li>Construction robuste\u00a0: Le cylindre de battage de pieux de la drague \u00e0 d\u00e9sagr\u00e9gateur est con\u00e7u pour r\u00e9sister aux conditions difficiles du milieu marin. Fabriqu\u00e9 \u00e0 partir de mat\u00e9riaux de haute qualit\u00e9, il pr\u00e9sente une excellente r\u00e9sistance \u00e0 la corrosion, \u00e0 l\u2019abrasion et aux chocs, garantissant une durabilit\u00e9 exceptionnelle.<\/li>\n<li>Puissance hydraulique\u00a0: Dot\u00e9 d\u2019un syst\u00e8me hydraulique haute performance, ce v\u00e9rin de battage offre une puissance et une pr\u00e9cision remarquables. Il transmet efficacement l\u2019\u00e9nergie hydraulique pour actionner le pieutage, ce qui am\u00e9liore la productivit\u00e9 et la pr\u00e9cision.<\/li>\n<li>Course r\u00e9glable\u00a0: Le v\u00e9rin de battage offre la possibilit\u00e9 d\u2019ajuster la course en fonction des exigences sp\u00e9cifiques du projet. Cette adaptabilit\u00e9 permet un contr\u00f4le pr\u00e9cis de la profondeur d\u2019enfoncement, r\u00e9pondant ainsi aux divers besoins de la construction maritime.<\/li>\n<\/ol>\n<h2><strong>Param\u00e8tre du cylindre de battage de pieux de drague \u00e0 succion\u00a0:<\/strong><\/h2>\n<table border=\"1\" cellspacing=\"0\" cellpadding=\"0\">\n<tbody>\n<tr>\n<td>Nom du produit<\/td>\n<td>V\u00e9rin de d\u00e9placement de la drague suceuse \u00e0 d\u00e9sagr\u00e9gateur<\/td>\n<\/tr>\n<tr>\n<td>Caract\u00e9ristiques:<\/td>\n<td>C'est l'\u00e9l\u00e9ment ex\u00e9cutif principal du m\u00e9canisme de d\u00e9placement de la drague suceuse \u00e0 d\u00e9sagr\u00e9gateur<\/td>\n<\/tr>\n<tr>\n<td>Diam\u00e8tre d'al\u00e9sage :<\/td>\n<td>Jusqu'\u00e0 480 mm<\/td>\n<\/tr>\n<tr>\n<td>Diam\u00e8tre de la tige :<\/td>\n<td>Jusqu'\u00e0 360 mm<br \/>\nCourse jusqu'\u00e0 9400 mm<\/td>\n<\/tr>\n<tr>\n<td>Pression:<\/td>\n<td>jusqu'\u00e0 32 MPa<\/td>\n<\/tr>\n<tr>\n<td>Force de pouss\u00e9e :<\/td>\n<td>Maximum 2900KN<\/td>\n<\/tr>\n<tr>\n<td>Applications:<\/td>\n<td>Drague suceuse \u00e0 d\u00e9sagr\u00e9gateur<\/td>\n<\/tr>\n<\/tbody>\n<\/table>\n<div><\/div>\n<div>\n<div class=\"txtboxL\">\n<div class=\"txtboxL\">\n<div class=\"txtboxL\">\n<div class=\"txtboxL\">\n<div class=\"txtboxL\">\n<div class=\"txtboxL\">\n<div class=\"txtboxL\">\n<div class=\"txtboxL\">Caract\u00e9ristiques:<\/div>\n<div class=\"txtboxR\">C'est l'\u00e9l\u00e9ment ex\u00e9cutif principal du m\u00e9canisme de d\u00e9placement de la drague suceuse \u00e0 d\u00e9sagr\u00e9gateur<\/div>\n<div class=\"txtboxL\">Sp\u00e9cification:<\/div>\n<div class=\"txtboxR\">Diam\u00e8tre d'al\u00e9sage : jusqu'\u00e0 480 mm<br \/>\nDiam\u00e8tre de la tige : jusqu'\u00e0 360 mm<br \/>\nCourse jusqu'\u00e0 9400 mm<\/div>\n<div class=\"txtboxL\">Pression:<\/div>\n<div class=\"txtboxR\">jusqu'\u00e0 32 MPa<\/div>\n<div class=\"txtboxL\">Force de pouss\u00e9e :<\/div>\n<div class=\"txtboxR\">Maximum 2900KN<\/div>\n<\/div>\n<\/div>\n<\/div>\n<\/div>\n<\/div>\n<\/div>\n<\/div>\n<\/div>\n<h2><strong>Application des cylindres d'aspiration pour coupe-r\u00e9servoirs de drague :<\/strong><\/h2>\n<p><img loading=\"lazy\" decoding=\"async\" class=\"alignnone wp-image-1757 size-full\" src=\"https:\/\/hydraulic-cylinders.net\/wp-content\/uploads\/2023\/10\/dredger-tank-cylinder-1.webp\" alt=\"\" width=\"600\" height=\"400\" srcset=\"https:\/\/hydraulic-cylinders.net\/wp-content\/uploads\/2023\/10\/dredger-tank-cylinder-1.webp 600w, https:\/\/hydraulic-cylinders.net\/wp-content\/uploads\/2023\/10\/dredger-tank-cylinder-1-480x320.webp 480w\" sizes=\"(min-width: 0px) and (max-width: 480px) 480px, (min-width: 481px) 600px, 100vw\" \/><\/p>\n<h2><strong>M\u00e9thode d'utilisation du cylindre de battage par aspiration de drague<\/strong><strong>:<\/strong><\/h2>\n<ul>\n<li><strong>Pr\u00e9paration:<\/strong> Avant de commencer le battage de pieux, assurez-vous du respect de toutes les consignes de s\u00e9curit\u00e9. Inspectez le v\u00e9rin de battage, ses raccords et le syst\u00e8me hydraulique afin de d\u00e9tecter tout signe de dommage ou de fuite. V\u00e9rifiez que la source d'\u00e9nergie hydraulique est correctement raccord\u00e9e et fonctionne correctement.<\/li>\n<li><strong>Positionnement :<\/strong> Positionnez le cylindre de battage de la drague \u00e0 succion \u00e0 l'endroit souhait\u00e9 pour le battage. Alignez-le avec la zone cible en veillant \u00e0 assurer une stabilit\u00e9 et un support ad\u00e9quats.<\/li>\n<li><strong>Connexion:<\/strong> Raccordez le v\u00e9rin de battage \u00e0 la source d'\u00e9nergie hydraulique \u00e0 l'aide de raccords et de flexibles compatibles. V\u00e9rifiez que les raccords sont bien serr\u00e9s et \u00e9tanches.<\/li>\n<li><strong>R\u00e9glage de la longueur de la course\u00a0:<\/strong> R\u00e9glez la course souhait\u00e9e du v\u00e9rin de battage en tenant compte de la profondeur requise pour l'op\u00e9ration. Ajustez la course \u00e0 l'aide des commandes ou m\u00e9canismes pr\u00e9vus \u00e0 cet effet, en suivant les instructions du fabricant.<\/li>\n<li><strong>Op\u00e9ration de battage de pieux :<\/strong> Activez la source d'\u00e9nergie hydraulique pour lancer l'op\u00e9ration de battage. Le v\u00e9rin de battage de la drague \u00e0 succion enfoncera les pieux dans le fond marin ou fluvial. Surveillez attentivement le processus afin de garantir l'atteinte de la profondeur et de la pr\u00e9cision souhait\u00e9es.<\/li>\n<\/ul>\n<h2><strong>Comment reconditionner un v\u00e9rin hydraulique ?<\/strong><\/h2>\n<p>Le reconditionnement d'un v\u00e9rin hydraulique consiste \u00e0 remplacer les joints et autres composants afin de r\u00e9tablir son fonctionnement et d'\u00e9viter les fuites. Voici un guide g\u00e9n\u00e9ral sur la proc\u00e9dure de reconditionnement d'un v\u00e9rin hydraulique\u00a0:<\/p>\n<ol>\n<li><strong>Pr\u00e9cautions de s\u00e9curit\u00e9 :<\/strong>\n<ul>\n<li>Assurez-vous que le syst\u00e8me hydraulique est d\u00e9pressuris\u00e9 et que le v\u00e9rin est compl\u00e8tement d\u00e9ploy\u00e9.<\/li>\n<li>Respectez les proc\u00e9dures de consignation\/d\u00e9consignation appropri\u00e9es afin d'\u00e9viter toute activation accidentelle du syst\u00e8me.<\/li>\n<\/ul>\n<\/li>\n<li><strong>D\u00e9pose du cylindre :<\/strong>\n<ul>\n<li>D\u00e9branchez tous les flexibles ou raccords hydrauliques connect\u00e9s au v\u00e9rin.<\/li>\n<li>Retirez toutes les goupilles ou tous les boulons de retenue fixant le cylindre \u00e0 l'\u00e9quipement.<\/li>\n<li>Faites glisser ou man\u0153uvrez avec pr\u00e9caution le cylindre pour le sortir de ses supports ou connexions de montage.<\/li>\n<\/ul>\n<\/li>\n<li><strong>D\u00e9montage:<\/strong>\n<ul>\n<li>Placez le cylindre sur une surface de travail propre.<\/li>\n<li>Retirez le ou les capuchons d'extr\u00e9mit\u00e9 du cylindre \u00e0 l'aide d'outils appropri\u00e9s, tels que des cl\u00e9s ou des jeux de douilles.<\/li>\n<li>Prenez note de l'ordre et de l'orientation des composants au fur et \u00e0 mesure du d\u00e9montage.<\/li>\n<li>Retirez le piston, la bielle et les joints du cylindre.<\/li>\n<\/ul>\n<\/li>\n<li><strong>Remplacement du joint :<\/strong>\n<ul>\n<li>V\u00e9rifiez l'\u00e9tat des anciens joints et remplacez-les par des joints neufs de m\u00eame taille et de m\u00eame type.<\/li>\n<li>Lubrifiez les nouveaux joints avec de l'huile hydraulique avant de les installer.<\/li>\n<li>Ins\u00e9rez soigneusement les nouveaux joints dans leurs rainures, en vous assurant qu'ils sont correctement positionn\u00e9s.<\/li>\n<\/ul>\n<\/li>\n<li><strong>Inspection et nettoyage des composants\u00a0:<\/strong>\n<ul>\n<li>Inspectez le piston, la bielle et les autres composants afin de d\u00e9celer tout signe de dommage ou d'usure.<\/li>\n<li>Nettoyez soigneusement toutes les pi\u00e8ces \u00e0 l'aide d'un solvant de nettoyage appropri\u00e9 afin d'\u00e9liminer la salet\u00e9, les d\u00e9bris et les r\u00e9sidus de fluide hydraulique.<\/li>\n<li>S'assurer que toutes les surfaces sont s\u00e8ches avant le remontage.<\/li>\n<\/ul>\n<\/li>\n<li><strong>Remontage:<\/strong>\n<ul>\n<li>Remettez le piston, la tige et les joints dans le cylindre en respectant l'ordre et l'orientation corrects.<\/li>\n<li>Appliquez une fine couche d'huile hydraulique sur les joints et autres surfaces de contact.<\/li>\n<li>Remettez soigneusement en place le ou les capuchons et serrez-les fermement conform\u00e9ment aux sp\u00e9cifications du fabricant.<\/li>\n<li>Assurez-vous que tous les raccords filet\u00e9s sont correctement align\u00e9s et serr\u00e9s.<\/li>\n<\/ul>\n<\/li>\n<li><strong>R\u00e9installation du cylindre\u00a0:<\/strong>\n<ul>\n<li>Faites glisser ou man\u0153uvrez le cylindre r\u00e9assembl\u00e9 pour le remettre dans ses supports ou connexions de montage.<\/li>\n<li>Remettez en place les goupilles ou boulons de retenue pour fixer le cylindre.<\/li>\n<li>Rebranchez les flexibles ou raccords hydrauliques au v\u00e9rin, en veillant \u00e0 un alignement et un serrage corrects.<\/li>\n<\/ul>\n<\/li>\n<li><strong>Tests et inspections :<\/strong>\n<ul>\n<li>Repressuriser le syst\u00e8me hydraulique et v\u00e9rifier l'absence de fuites ou de fonctionnement anormal.<\/li>\n<li>D\u00e9ployez et r\u00e9tractez compl\u00e8tement le v\u00e9rin pour assurer un mouvement fluide et un bon fonctionnement.<\/li>\n<li>Inspectez le cylindre et ses raccords pour d\u00e9tecter toute fuite ou autre probl\u00e8me.<\/li>\n<\/ul>\n<\/li>\n<\/ol>\n<h2><strong>Capacit\u00e9 de l'usine :<\/strong><\/h2>\n<h3>(1) Assemblage<\/h3>\n<p>Nous disposons d'une plateforme d'assemblage ind\u00e9pendante de recherche et d\u00e9veloppement de premier ordre. Notre atelier de production de v\u00e9rins hydrauliques dispose de quatre lignes d'assemblage semi-automatiques de v\u00e9rins de levage et d'une ligne d'assemblage automatique de v\u00e9rins d'inclinaison, pour une capacit\u00e9 de production annuelle pr\u00e9vue d'un million de pi\u00e8ces. L'atelier de v\u00e9rins sp\u00e9ciaux est \u00e9quip\u00e9 d'un syst\u00e8me d'assemblage de nettoyage semi-automatique de diverses sp\u00e9cifications, d'une capacit\u00e9 de production annuelle pr\u00e9vue de 200\u00a0000 pi\u00e8ces et dispose d'\u00e9quipements d'usinage CNC de pointe, d'un centre d'usinage, d'\u00e9quipements sp\u00e9ciaux d'usinage de haute pr\u00e9cision, d'une machine de soudage robotis\u00e9e, d'une machine de nettoyage automatique, d'une machine d'assemblage automatique de v\u00e9rins et d'une ligne de peinture automatique. Nous disposons de plus de 300 \u00e9quipements critiques. L'allocation optimale et l'utilisation efficace des ressources garantissent la pr\u00e9cision et la qualit\u00e9 des produits.<\/p>\n<p><img loading=\"lazy\" decoding=\"async\" class=\"alignnone wp-image-626\" src=\"https:\/\/hydraulic-cylinders.net\/wp-content\/uploads\/2023\/08\/hydraulic-cylinder-product-1-300x158.webp\" alt=\"\" width=\"495\" height=\"260\" srcset=\"https:\/\/hydraulic-cylinders.net\/wp-content\/uploads\/2023\/08\/hydraulic-cylinder-product-1-300x158.webp 495w, https:\/\/hydraulic-cylinders.net\/wp-content\/uploads\/2023\/08\/hydraulic-cylinder-product-1-480x252.webp 480w\" sizes=\"(min-width: 0px) and (max-width: 480px) 480px, (min-width: 481px) 495px, 100vw\" \/> <img loading=\"lazy\" decoding=\"async\" class=\"alignnone wp-image-627\" src=\"https:\/\/hydraulic-cylinders.net\/wp-content\/uploads\/2023\/08\/hydraulic-cylinder-product-2-300x189.webp\" alt=\"\" width=\"413\" height=\"260\" \/><\/p>\n<h3>(2) Usinage<\/h3>\n<p>L'atelier d'usinage est \u00e9quip\u00e9 d'un centre de tournage sur rail inclin\u00e9 personnalis\u00e9, d'un centre d'usinage, d'une machine \u00e0 honer \u00e0 grande vitesse, d'un robot de soudage et d'autres \u00e9quipements connexes, qui peuvent traiter des tubes cylindriques d'un diam\u00e8tre int\u00e9rieur maximal de 400 mm et d'une longueur maximale de 6 m\u00e8tres.<\/p>\n<p><img loading=\"lazy\" decoding=\"async\" class=\"alignnone wp-image-628 size-large\" src=\"https:\/\/hydraulic-cylinders.net\/wp-content\/uploads\/2023\/08\/hydraulic-cylinder-product-3-1024x391.webp\" alt=\"\" width=\"1024\" height=\"391\" srcset=\"https:\/\/hydraulic-cylinders.net\/wp-content\/uploads\/2023\/08\/hydraulic-cylinder-product-3-980x374.webp 980w, https:\/\/hydraulic-cylinders.net\/wp-content\/uploads\/2023\/08\/hydraulic-cylinder-product-3-480x183.webp 480w\" sizes=\"(min-width: 0px) and (max-width: 480px) 480px, (min-width: 481px) and (max-width: 980px) 980px, (min-width: 981px) 1024px, 100vw\" \/><\/p>\n<h3>(3) Soudage<\/h3>\n<p><img loading=\"lazy\" decoding=\"async\" class=\"alignnone wp-image-629 size-large\" src=\"https:\/\/hydraulic-cylinders.net\/wp-content\/uploads\/2023\/08\/hydraulic-cylinder-product-4-1024x510.webp\" alt=\"\" width=\"1024\" height=\"510\" srcset=\"https:\/\/hydraulic-cylinders.net\/wp-content\/uploads\/2023\/08\/hydraulic-cylinder-product-4-980x488.webp 980w, https:\/\/hydraulic-cylinders.net\/wp-content\/uploads\/2023\/08\/hydraulic-cylinder-product-4-480x239.webp 480w\" sizes=\"(min-width: 0px) and (max-width: 480px) 480px, (min-width: 481px) and (max-width: 980px) 980px, (min-width: 981px) 1024px, 100vw\" \/><\/p>\n<h3>(4) Peinture et rev\u00eatement<\/h3>\n<p>Avec des lignes de rev\u00eatement de peinture \u00e0 base d'eau automatiques \u00e0 cylindre de petite et moyenne taille, pour r\u00e9aliser le chargement et le d\u00e9chargement automatiques par robot et la pulv\u00e9risation automatique, la capacit\u00e9 de conception est de 4 000 pi\u00e8ces par \u00e9quipe ;<br \/>\nNous disposons \u00e9galement d'une ligne de production de peinture semi-automatique pour gros cylindres, aliment\u00e9e par une cha\u00eene de traction, d'une capacit\u00e9 de conception de 60 caisses par \u00e9quipe.<\/p>\n<p><img loading=\"lazy\" decoding=\"async\" class=\"alignnone wp-image-630\" src=\"https:\/\/hydraulic-cylinders.net\/wp-content\/uploads\/2023\/08\/hydraulic-cylinder-product-5-300x213.webp\" alt=\"\" width=\"366\" height=\"260\" \/> <img loading=\"lazy\" decoding=\"async\" class=\"alignnone wp-image-631\" src=\"https:\/\/hydraulic-cylinders.net\/wp-content\/uploads\/2023\/08\/hydraulic-cylinder-product-6-300x225.webp\" alt=\"\" width=\"347\" height=\"260\" \/><\/p>\n<h3>(5) Essais<\/h3>\n<p>Nous disposons d'installations d'inspection et de bancs d'essai de premier ordre pour garantir que les performances de la bouteille sont conformes aux exigences.<\/p>\n<p><img loading=\"lazy\" decoding=\"async\" class=\"alignnone wp-image-632\" src=\"https:\/\/hydraulic-cylinders.net\/wp-content\/uploads\/2023\/08\/hydraulic-cylinder-product-8-300x200.webp\" alt=\"\" width=\"389\" height=\"260\" \/><\/p>\n<p>&nbsp;<\/p>\n<p>&nbsp;<\/p>\n<p>Nous sommes l'un des meilleurs fabricants de v\u00e9rins hydrauliques. Nous proposons une gamme compl\u00e8te de v\u00e9rins hydrauliques. Nous fournissons \u00e9galement les v\u00e9rins correspondants. <a href=\"https:\/\/hzpt.com\/agricultural-pto-gearbox\/\" target=\"_blank\" rel=\"noopener\">bo\u00eetes de vitesses agricoles<\/a>Nous exportons nos produits dans le monde entier et nous avons acquis une excellente r\u00e9putation gr\u00e2ce \u00e0 la qualit\u00e9 sup\u00e9rieure de nos produits et \u00e0 notre service apr\u00e8s-vente. Nous invitons nos clients, nationaux et internationaux, \u00e0 nous contacter pour n\u00e9gocier, \u00e9changer des informations et\u2026 <a href=\"https:\/\/www.hydraulic-cylinders.net\/fr\/contact-us\/\">coop\u00e9rer avec nous<\/a>!<\/p>","protected":false},"excerpt":{"rendered":"<p>Cutter Suction Dredger Piling Cylinder The cutter suction dredger piling cylinder is a powerful and versatile hydraulic device designed specifically for marine construction projects. With its robust construction and high-performance capabilities, this piling cylinder is a key component in modern dredging operations. The cutter suction dredger piling cylinder is a reliable and versatile hydraulic device [&hellip;]<\/p>","protected":false},"featured_media":1760,"comment_status":"open","ping_status":"closed","template":"","meta":{"_et_pb_use_builder":"","_et_pb_old_content":"","_et_gb_content_width":""},"product_brand":[],"product_cat":[1535,1549,1552,1376],"product_tag":[1380],"class_list":{"0":"post-1758","1":"product","2":"type-product","3":"status-publish","4":"has-post-thumbnail","6":"product_cat-dredger-hydraulic-cylinders","7":"product_cat-single-acting-hydraulic-cylinder","8":"product_cat-stainless-steel-hydraulic-cylinder","9":"product_cat-hydraulic-cylinder","10":"product_tag-hydraulic-cylinder","12":"first","13":"instock","14":"shipping-taxable","15":"product-type-simple"},"amp_enabled":true,"_links":{"self":[{"href":"https:\/\/www.hydraulic-cylinders.net\/fr\/wp-json\/wp\/v2\/product\/1758","targetHints":{"allow":["GET"]}}],"collection":[{"href":"https:\/\/www.hydraulic-cylinders.net\/fr\/wp-json\/wp\/v2\/product"}],"about":[{"href":"https:\/\/www.hydraulic-cylinders.net\/fr\/wp-json\/wp\/v2\/types\/product"}],"replies":[{"embeddable":true,"href":"https:\/\/www.hydraulic-cylinders.net\/fr\/wp-json\/wp\/v2\/comments?post=1758"}],"wp:featuredmedia":[{"embeddable":true,"href":"https:\/\/www.hydraulic-cylinders.net\/fr\/wp-json\/wp\/v2\/media\/1760"}],"wp:attachment":[{"href":"https:\/\/www.hydraulic-cylinders.net\/fr\/wp-json\/wp\/v2\/media?parent=1758"}],"wp:term":[{"taxonomy":"product_brand","embeddable":true,"href":"https:\/\/www.hydraulic-cylinders.net\/fr\/wp-json\/wp\/v2\/product_brand?post=1758"},{"taxonomy":"product_cat","embeddable":true,"href":"https:\/\/www.hydraulic-cylinders.net\/fr\/wp-json\/wp\/v2\/product_cat?post=1758"},{"taxonomy":"product_tag","embeddable":true,"href":"https:\/\/www.hydraulic-cylinders.net\/fr\/wp-json\/wp\/v2\/product_tag?post=1758"}],"curies":[{"name":"wp","href":"https:\/\/api.w.org\/{rel}","templated":true}]}}