{"id":17585,"date":"2025-03-18T05:51:01","date_gmt":"2025-03-18T05:51:01","guid":{"rendered":"https:\/\/www.hydraulic-cylinders.net\/?post_type=product&#038;p=17585"},"modified":"2025-04-11T03:15:29","modified_gmt":"2025-04-11T03:15:29","slug":"tilt-hydraulic-cylinders-for-large-forklift","status":"publish","type":"product","link":"https:\/\/www.hydraulic-cylinders.net\/fr\/produit\/tilt-hydraulic-cylinders-for-large-forklift\/","title":{"rendered":"V\u00e9rins hydrauliques d'inclinaison pour chariots \u00e9l\u00e9vateurs de grande taille"},"content":{"rendered":"<h1 style=\"text-align: center;\"><strong>V\u00e9rins hydrauliques d'inclinaison pour chariots \u00e9l\u00e9vateurs de grande taille<\/strong><\/h1>\n<p>Les v\u00e9rins hydrauliques d'inclinaison sont des composants essentiels des chariots \u00e9l\u00e9vateurs de grande taille, con\u00e7us pour optimiser leurs performances. Ces v\u00e9rins permettent une inclinaison pr\u00e9cise des fourches, facilitant ainsi le chargement et le d\u00e9chargement de mat\u00e9riaux en toute s\u00e9curit\u00e9 et efficacit\u00e9. Gr\u00e2ce \u00e0 leur construction robuste et \u00e0 leur technologie de pointe, les v\u00e9rins hydrauliques d'inclinaison am\u00e9liorent consid\u00e9rablement la productivit\u00e9 dans les entrep\u00f4ts et sur les chantiers.<\/p>\n<p>Les v\u00e9rins hydrauliques d'inclinaison sont essentiels au bon fonctionnement des chariots \u00e9l\u00e9vateurs de grande taille. Leur capacit\u00e9 \u00e0 faciliter des mouvements pr\u00e9cis accro\u00eet non seulement l'efficacit\u00e9, mais garantit \u00e9galement la s\u00e9curit\u00e9 lors de la manutention. En comprenant leurs caract\u00e9ristiques, leurs modes d'utilisation et les exigences de maintenance, les op\u00e9rateurs peuvent optimiser l'utilisation de ces composants indispensables. Investir dans des v\u00e9rins hydrauliques d'inclinaison de haute qualit\u00e9 garantit des performances et une fiabilit\u00e9 accrues pour toutes les applications exigeantes.<\/p>\n<h1 style=\"text-align: center;\"><img loading=\"lazy\" decoding=\"async\" class=\"alignnone wp-image-17587\" src=\"https:\/\/www.hydraulic-cylinders.net\/wp-content\/uploads\/2025\/03\/Tilt-hydraulic-cylinders-for-large-forklift.webp\" alt=\"V\u00e9rins hydrauliques d&#039;inclinaison pour chariots \u00e9l\u00e9vateurs de grande taille\" width=\"500\" height=\"500\" srcset=\"https:\/\/www.hydraulic-cylinders.net\/wp-content\/uploads\/2025\/03\/Tilt-hydraulic-cylinders-for-large-forklift.webp 500w, https:\/\/www.hydraulic-cylinders.net\/wp-content\/uploads\/2025\/03\/Tilt-hydraulic-cylinders-for-large-forklift-480x480.webp 480w\" sizes=\"(min-width: 0px) and (max-width: 480px) 480px, (min-width: 481px) 500px, 100vw\" \/><\/h1>\n<p style=\"text-align: center;\"><strong>V\u00e9rins hydrauliques d'inclinaison pour chariots \u00e9l\u00e9vateurs de grande taille<\/strong><\/p>\n<h2><strong>V\u00e9rins hydrauliques d'inclinaison pour chariots \u00e9l\u00e9vateurs de grande taille <\/strong><strong>Sp\u00e9cifications techniques<\/strong><strong>:<\/strong><\/h2>\n<div class=\"Message_messageTextContainer__w64Sc\">\n<div>\n<div class=\"Markdown_markdownContainer__Tz3HQ\">\n<p><strong>Fonction:<\/strong> Mettre en \u0153uvre le mouvement d'inclinaison avant et arri\u00e8re du portique du chariot \u00e9l\u00e9vateur<br \/>\n<strong>Diam\u00e8tre du cylindre :<\/strong> 90 mm-220 mm<br \/>\n<strong>Diam\u00e8tre de la tige :<\/strong> 45 mm-100 mm<br \/>\n<strong>Voyage:<\/strong> 37 mm-363 mm<br \/>\n<strong>Pression maximale:<\/strong> 27 MPa<br \/>\n<strong>Pouss\u00e9e maximale :<\/strong> 1026 kN<\/p>\n<\/div>\n<\/div>\n<\/div>\n<h2><strong>S\u00e9rie de v\u00e9rins hydrauliques pour chariots \u00e9l\u00e9vateurs de grande taille\u00a0:\u00a0<\/strong><\/h2>\n<h2><img loading=\"lazy\" decoding=\"async\" class=\"alignnone size-full wp-image-17582\" src=\"https:\/\/www.hydraulic-cylinders.net\/wp-content\/uploads\/2025\/03\/large-forklift-hydraulic-cylinder-construction.webp\" alt=\"\" width=\"1100\" height=\"615\" srcset=\"https:\/\/www.hydraulic-cylinders.net\/wp-content\/uploads\/2025\/03\/large-forklift-hydraulic-cylinder-construction.webp 1100w, https:\/\/www.hydraulic-cylinders.net\/wp-content\/uploads\/2025\/03\/large-forklift-hydraulic-cylinder-construction-980x548.webp 980w, https:\/\/www.hydraulic-cylinders.net\/wp-content\/uploads\/2025\/03\/large-forklift-hydraulic-cylinder-construction-480x268.webp 480w\" sizes=\"(min-width: 0px) and (max-width: 480px) 480px, (min-width: 481px) and (max-width: 980px) 980px, (min-width: 981px) 1100px, 100vw\" \/><\/h2>\n<h2><strong>Caract\u00e9ristiques principales des v\u00e9rins hydrauliques d'inclinaison pour chariots \u00e9l\u00e9vateurs de grande taille<\/strong><strong>:<\/strong><\/h2>\n<ul>\n<li><strong>Capacit\u00e9 de charge \u00e9lev\u00e9e :<\/strong> Les v\u00e9rins hydrauliques d'inclinaison sont con\u00e7us pour supporter des charges importantes, ce qui les rend indispensables pour les applications exigeantes. Leur conception robuste garantit un fonctionnement s\u00fbr et efficace, m\u00eame lors du levage de charges lourdes, r\u00e9duisant ainsi les risques d'accidents et am\u00e9liorant la productivit\u00e9 sur le chantier.<\/li>\n<li><strong>Mat\u00e9riaux durables :<\/strong> Fabriqu\u00e9s en acier haute r\u00e9sistance et autres mat\u00e9riaux robustes, ces v\u00e9rins offrent une r\u00e9sistance exceptionnelle \u00e0 l'usure. Cette durabilit\u00e9 prolonge leur dur\u00e9e de vie et r\u00e9duit la fr\u00e9quence des remplacements, permettant ainsi des \u00e9conomies de temps et d'argent \u00e0 long terme.<\/li>\n<li><strong>Conception compacte :<\/strong> La conception compacte des v\u00e9rins hydrauliques d'inclinaison facilite leur int\u00e9gration aux syst\u00e8mes de chariots \u00e9l\u00e9vateurs existants. Cette compacit\u00e9 permet une utilisation optimale de l'espace sans compromettre les performances, ce qui simplifie les man\u0153uvres des op\u00e9rateurs dans les espaces restreints.<\/li>\n<li><strong>Angle d'inclinaison r\u00e9glable\u00a0:<\/strong> L'une de ses caract\u00e9ristiques les plus remarquables est la possibilit\u00e9 pour les op\u00e9rateurs de r\u00e9gler l'angle d'inclinaison sans effort. Cette flexibilit\u00e9 permet de r\u00e9pondre \u00e0 diverses applications, du gerbage au transport de diff\u00e9rents types de mat\u00e9riaux, garantissant ainsi que le chariot \u00e9l\u00e9vateur s'adapte facilement \u00e0 des t\u00e2ches sp\u00e9cifiques.<\/li>\n<li><strong>Composants scell\u00e9s :<\/strong> La conception \u00e9tanche de ces cylindres prot\u00e8ge efficacement les composants internes de la poussi\u00e8re et de l'humidit\u00e9. Cette caract\u00e9ristique est particuli\u00e8rement importante dans les environnements difficiles, car elle garantit un fonctionnement fiable et minimise les risques de dysfonctionnement, ce qui permet de r\u00e9duire les co\u00fbts de maintenance et d'accro\u00eetre la disponibilit\u00e9.<\/li>\n<\/ul>\n<h2><strong>Cas d'utilisation des v\u00e9rins hydrauliques d'inclinaison pour chariots \u00e9l\u00e9vateurs de grande taille\u00a0:<\/strong><\/h2>\n<p>Les v\u00e9rins hydrauliques d'inclinaison jouent un r\u00f4le crucial dans diverses industries, am\u00e9liorant l'efficacit\u00e9 et la s\u00e9curit\u00e9 des op\u00e9rations de manutention. Voici quelques applications cl\u00e9s\u00a0:<\/p>\n<h4>1. <strong>Entreposage et distribution<\/strong><\/h4>\n<p>Dans les entrep\u00f4ts, les v\u00e9rins hydrauliques d'inclinaison permettent aux chariots \u00e9l\u00e9vateurs d'ajuster facilement l'angle de leurs fourches. Cette fonctionnalit\u00e9 est essentielle pour l'empilage des palettes, car elle permet un placement et un pr\u00e9l\u00e8vement pr\u00e9cis des marchandises. Elle optimise l'utilisation de l'espace et fluidifie les op\u00e9rations de chargement et de d\u00e9chargement.<\/p>\n<h4>2. <strong>Chantiers de construction<\/strong><\/h4>\n<p>Sur les chantiers, ces v\u00e9rins facilitent la manutention de mat\u00e9riaux lourds, tels que les blocs de b\u00e9ton et les poutres d'acier. L'inclinaison des fourches permet de s\u00e9curiser les charges pendant le transport et garantit une livraison s\u00e9curis\u00e9e \u00e0 destination, r\u00e9duisant ainsi les risques d'accidents.<\/p>\n<h4>3. <strong>Fabrication<\/strong><\/h4>\n<p>Dans les environnements de production, les v\u00e9rins hydrauliques inclinables facilitent l'assemblage et le transport des pi\u00e8ces. Ils permettent aux op\u00e9rateurs de positionner les composants avec pr\u00e9cision, ce qui est essentiel pour garantir la qualit\u00e9 et l'efficacit\u00e9 des processus de production.<\/p>\n<h4>4. <strong>Agriculture<\/strong><\/h4>\n<p>En milieu agricole, les v\u00e9rins hydrauliques inclinables sont utilis\u00e9s avec les chariots \u00e9l\u00e9vateurs pour la manutention des balles, des caisses et autres produits agricoles. L'angle d'inclinaison r\u00e9glable permet aux agriculteurs de charger et d\u00e9charger les mat\u00e9riaux rapidement et en toute s\u00e9curit\u00e9, optimisant ainsi leur flux de travail pendant les p\u00e9riodes de pointe des r\u00e9coltes.<\/p>\n<h4>5. <strong>Recyclage et gestion des d\u00e9chets<\/strong><\/h4>\n<p>Ces cylindres sont essentiels dans les installations de recyclage, o\u00f9 ils facilitent le d\u00e9placement et l'empilage des mat\u00e9riaux recyclables. Leur inclinaison permet un meilleur tri et un compactage plus efficace des d\u00e9chets, am\u00e9liorant ainsi l'efficacit\u00e9 op\u00e9rationnelle et la gestion de l'espace.<\/p>\n<p>Vous recherchez des v\u00e9rins pour chariots \u00e9l\u00e9vateurs robustes\u00a0? D\u00e9couvrez notre <a href=\"https:\/\/www.hydraulic-cylinders.net\/fr\/forklift-hydraulic-cylinder\/\">V\u00e9rins hydrauliques robustes<\/a>.<\/p>\n<h2><strong>Zone de production de v\u00e9rins de chariot \u00e9l\u00e9vateur :<\/strong><\/h2>\n<h2><img loading=\"lazy\" decoding=\"async\" class=\"alignnone size-full wp-image-16972\" src=\"https:\/\/www.hydraulic-cylinders.net\/wp-content\/uploads\/2025\/01\/hydraulic-cylinder-factory-1-scaled.webp\" sizes=\"(min-width: 0px) and (max-width: 480px) 480px, (min-width: 481px) and (max-width: 980px) 980px, (min-width: 981px) and (max-width: 1280px) 1280px, (min-width: 1281px) 2016px, 100vw\" srcset=\"https:\/\/www.hydraulic-cylinders.net\/wp-content\/uploads\/2025\/01\/hydraulic-cylinder-factory-1-scaled.webp 2016w, https:\/\/www.hydraulic-cylinders.net\/wp-content\/uploads\/2025\/01\/hydraulic-cylinder-factory-1-1280x1625.webp 1280w, https:\/\/www.hydraulic-cylinders.net\/wp-content\/uploads\/2025\/01\/hydraulic-cylinder-factory-1-980x1244.webp 980w, https:\/\/www.hydraulic-cylinders.net\/wp-content\/uploads\/2025\/01\/hydraulic-cylinder-factory-1-480x610.webp 480w\" alt=\"\" width=\"2016\" height=\"2560\" \/><\/h2>\n<p>Nous disposons d'une plateforme de R&amp;D ind\u00e9pendante de premier ordre pour l'assemblage. Notre atelier de production de v\u00e9rins de chariot \u00e9l\u00e9vateur dispose de quatre lignes d'assemblage semi-automatiques de v\u00e9rins de levage et d'une ligne d'assemblage enti\u00e8rement automatique de v\u00e9rins d'inclinaison, pour une capacit\u00e9 de production annuelle pr\u00e9vue de plusieurs millions de pi\u00e8ces. Notre atelier de v\u00e9rins sp\u00e9ciaux dispose de syst\u00e8mes de nettoyage et d'assemblage semi-automatiques de diverses sp\u00e9cifications, pour une capacit\u00e9 de production annuelle pr\u00e9vue de 200\u00a0000 pi\u00e8ces. Il est \u00e9quip\u00e9 d'\u00e9quipements d'usinage CNC de marques renomm\u00e9es, de centres d'usinage, d'\u00e9quipements sp\u00e9ciaux pour l'usinage de haute pr\u00e9cision des v\u00e9rins, de robots de soudage, de machines de nettoyage automatiques, de machines d'assemblage automatiques de v\u00e9rins et de lignes de production de peinture automatiques. Nous disposons de plus de 300 \u00e9quipements cl\u00e9s en fonctionnement. L'optimisation et l'utilisation efficace de nos ressources garantissent la pr\u00e9cision et le respect des normes de qualit\u00e9 les plus strictes.<\/p>\n<p>L'atelier d'usinage est \u00e9quip\u00e9 de centres de tournage \u00e0 rail de guidage inclinable sur mesure, de centres d'usinage, de machines de rodage \u00e0 grande vitesse, de robots de soudage et d'autres \u00e9quipements pertinents, qui peuvent g\u00e9rer le travail d'usinage de tubes cylindriques avec un ID maximal de 400 mm et une longueur maximale de 6 m\u00e8tres.<\/p>\n<h2><img loading=\"lazy\" decoding=\"async\" class=\"alignnone size-full wp-image-16973\" src=\"https:\/\/www.hydraulic-cylinders.net\/wp-content\/uploads\/2025\/01\/hydraulic-cylinder-factory-2-scaled.webp\" sizes=\"(min-width: 0px) and (max-width: 480px) 480px, (min-width: 481px) and (max-width: 980px) 980px, (min-width: 981px) and (max-width: 1280px) 1280px, (min-width: 1281px) 2011px, 100vw\" srcset=\"https:\/\/www.hydraulic-cylinders.net\/wp-content\/uploads\/2025\/01\/hydraulic-cylinder-factory-2-scaled.webp 2011w, https:\/\/www.hydraulic-cylinders.net\/wp-content\/uploads\/2025\/01\/hydraulic-cylinder-factory-2-1280x1629.webp 1280w, https:\/\/www.hydraulic-cylinders.net\/wp-content\/uploads\/2025\/01\/hydraulic-cylinder-factory-2-980x1248.webp 980w, https:\/\/www.hydraulic-cylinders.net\/wp-content\/uploads\/2025\/01\/hydraulic-cylinder-factory-2-480x611.webp 480w\" alt=\"\" width=\"2011\" height=\"2560\" \/><\/h2>\n<p>Nous disposons d'une ligne de peinture \u00e0 l'eau enti\u00e8rement automatique pour les cylindres de petite et moyenne taille, \u00e9quip\u00e9e de robots de chargement et de d\u00e9chargement automatiques et de pulv\u00e9risation automatis\u00e9e, avec une capacit\u00e9 de production pr\u00e9vue de 4\u00a0000 pi\u00e8ces par \u00e9quipe. Nous disposons \u00e9galement d'une ligne de peinture semi-automatique pour les cylindres de grande taille, entra\u00een\u00e9e par cha\u00eene, d'une capacit\u00e9 pr\u00e9vue de 60 caisses par \u00e9quipe.<\/p>\n<p>Pour am\u00e9liorer encore les performances des produits et \u00e9tablir la position de leader de nos v\u00e9rins hydrauliques dans l'industrie, notre soci\u00e9t\u00e9 et zjimee ont conjointement cr\u00e9\u00e9 un laboratoire de performances complet de v\u00e9rins hydrauliques, de vannes hydrauliques et de pompes hydrauliques ; le laboratoire est un laboratoire de tests assist\u00e9s par ordinateur utilisant la technologie \u00e9lectrohydraulique, les conditions de test sont pr\u00e9r\u00e9gl\u00e9es par un ordinateur qui am\u00e9liore la pr\u00e9cision des tests et la polyvalence du syst\u00e8me, ainsi que les donn\u00e9es exp\u00e9rimentales.<\/p>\n<p>La collecte automatique est r\u00e9alis\u00e9e gr\u00e2ce \u00e0 des capteurs. Les donn\u00e9es de sortie, telles que les fuites internes et l'efficacit\u00e9 de charge du v\u00e9rin ou de la soupape, sont trait\u00e9es directement par l'ordinateur et converties en unit\u00e9s standard (ml\/min\u00b9TP\u00b3T). Parall\u00e8lement, afin de garantir la s\u00e9curit\u00e9 de fonctionnement du syst\u00e8me hydraulique, la surveillance de l'\u00e9tat des param\u00e8tres cl\u00e9s de performance, tels que la temp\u00e9rature de l'huile, le niveau de liquide et le filtre, est assur\u00e9e. Le banc d'essai de v\u00e9rin hydraulique permet notamment de tester la performance de la charge.<br \/>\nL'efficacit\u00e9 et les fuites internes sont mesur\u00e9es. Il est \u00e9galement \u00e9quip\u00e9 d'un instrument de mesure \u00e0 r\u00e8gle gradu\u00e9e r\u00e9pondant aux exigences de tous les tests de v\u00e9rins hydrauliques, conform\u00e9ment \u00e0 la norme nationale.<\/p>\n<p>&nbsp;<\/p>","protected":false},"excerpt":{"rendered":"<p>Tilt Hydraulic Cylinders For Large Forklift Tilt hydraulic cylinders are essential components in large forklifts, designed to enhance their operational capabilities. These cylinders allow for precise tilting of the forklift&#8217;s forks, facilitating safe and efficient loading and unloading of materials. With their robust construction and advanced technology, tilt hydraulic cylinders significantly improve productivity in warehouses [&hellip;]<\/p>","protected":false},"featured_media":17588,"comment_status":"open","ping_status":"closed","template":"","meta":{"_et_pb_use_builder":"","_et_pb_old_content":"","_et_gb_content_width":""},"product_brand":[],"product_cat":[1484,1550],"product_tag":[],"class_list":{"0":"post-17585","1":"product","2":"type-product","3":"status-publish","4":"has-post-thumbnail","6":"product_cat-forklift-hydraulic-cylinders","7":"product_cat-double-acting-hydraulic-cylinder","9":"first","10":"instock","11":"shipping-taxable","12":"product-type-simple"},"amp_enabled":true,"_links":{"self":[{"href":"https:\/\/www.hydraulic-cylinders.net\/fr\/wp-json\/wp\/v2\/product\/17585","targetHints":{"allow":["GET"]}}],"collection":[{"href":"https:\/\/www.hydraulic-cylinders.net\/fr\/wp-json\/wp\/v2\/product"}],"about":[{"href":"https:\/\/www.hydraulic-cylinders.net\/fr\/wp-json\/wp\/v2\/types\/product"}],"replies":[{"embeddable":true,"href":"https:\/\/www.hydraulic-cylinders.net\/fr\/wp-json\/wp\/v2\/comments?post=17585"}],"wp:featuredmedia":[{"embeddable":true,"href":"https:\/\/www.hydraulic-cylinders.net\/fr\/wp-json\/wp\/v2\/media\/17588"}],"wp:attachment":[{"href":"https:\/\/www.hydraulic-cylinders.net\/fr\/wp-json\/wp\/v2\/media?parent=17585"}],"wp:term":[{"taxonomy":"product_brand","embeddable":true,"href":"https:\/\/www.hydraulic-cylinders.net\/fr\/wp-json\/wp\/v2\/product_brand?post=17585"},{"taxonomy":"product_cat","embeddable":true,"href":"https:\/\/www.hydraulic-cylinders.net\/fr\/wp-json\/wp\/v2\/product_cat?post=17585"},{"taxonomy":"product_tag","embeddable":true,"href":"https:\/\/www.hydraulic-cylinders.net\/fr\/wp-json\/wp\/v2\/product_tag?post=17585"}],"curies":[{"name":"wp","href":"https:\/\/api.w.org\/{rel}","templated":true}]}}