{"id":17589,"date":"2025-03-18T06:09:41","date_gmt":"2025-03-18T06:09:41","guid":{"rendered":"https:\/\/www.hydraulic-cylinders.net\/?post_type=product&#038;p=17589"},"modified":"2025-04-11T01:44:55","modified_gmt":"2025-04-11T01:44:55","slug":"lift-hydraulic-cylinders-for-large-forklift","status":"publish","type":"product","link":"https:\/\/www.hydraulic-cylinders.net\/fr\/produit\/lift-hydraulic-cylinders-for-large-forklift\/","title":{"rendered":"V\u00e9rins hydrauliques de levage pour chariots \u00e9l\u00e9vateurs de grande taille"},"content":{"rendered":"<h1 style=\"text-align: center;\"><strong>V\u00e9rins hydrauliques de levage pour chariots \u00e9l\u00e9vateurs de grande taille<\/strong><\/h1>\n<p>Les v\u00e9rins hydrauliques de levage sont des composants essentiels des chariots \u00e9l\u00e9vateurs de grande taille, leur permettant d'effectuer les op\u00e9rations de levage et d'abaissement indispensables. Ces v\u00e9rins fournissent la puissance n\u00e9cessaire pour une manutention efficace des charges lourdes, garantissant ainsi un fonctionnement optimal dans divers environnements industriels. Gr\u00e2ce \u00e0 leur conception robuste et leurs hautes performances, les v\u00e9rins hydrauliques de levage am\u00e9liorent la productivit\u00e9 et la s\u00e9curit\u00e9 lors de la manutention de mat\u00e9riaux.<\/p>\n<p>Investir dans des v\u00e9rins hydrauliques de levage de haute qualit\u00e9 pour les chariots \u00e9l\u00e9vateurs de grande taille am\u00e9liore consid\u00e9rablement l'efficacit\u00e9 op\u00e9rationnelle et la s\u00e9curit\u00e9. En comprenant leurs caract\u00e9ristiques, leur utilisation appropri\u00e9e et les exigences d'entretien, les op\u00e9rateurs peuvent garantir des performances constantes et une longue dur\u00e9e de vie \u00e0 ces v\u00e9rins. Gr\u00e2ce \u00e0 des v\u00e9rins hydrauliques de levage adapt\u00e9s, les entreprises peuvent optimiser leurs processus de manutention, ce qui se traduit par une productivit\u00e9 accrue et une r\u00e9duction des temps d'arr\u00eat.<\/p>\n<h1 style=\"text-align: center;\"><img loading=\"lazy\" decoding=\"async\" class=\"alignnone wp-image-17590\" src=\"https:\/\/www.hydraulic-cylinders.net\/wp-content\/uploads\/2025\/03\/Lift-hydraulic-cylinders-for-large-forklift.jpg\" alt=\"\" width=\"500\" height=\"500\" srcset=\"https:\/\/www.hydraulic-cylinders.net\/wp-content\/uploads\/2025\/03\/Lift-hydraulic-cylinders-for-large-forklift.jpg 500w, https:\/\/www.hydraulic-cylinders.net\/wp-content\/uploads\/2025\/03\/Lift-hydraulic-cylinders-for-large-forklift-480x480.jpg 480w\" sizes=\"(min-width: 0px) and (max-width: 480px) 480px, (min-width: 481px) 500px, 100vw\" \/><\/h1>\n<p style=\"text-align: center;\"><strong>V\u00e9rins hydrauliques de levage pour chariots \u00e9l\u00e9vateurs de grande taille<\/strong><\/p>\n<h2><strong>S\u00e9rie de v\u00e9rins hydrauliques pour chariots \u00e9l\u00e9vateurs de grande taille\u00a0:\u00a0<\/strong><\/h2>\n<h2><img loading=\"lazy\" decoding=\"async\" class=\"alignnone size-full wp-image-17582\" src=\"https:\/\/www.hydraulic-cylinders.net\/wp-content\/uploads\/2025\/03\/large-forklift-hydraulic-cylinder-construction.webp\" alt=\"\" width=\"1100\" height=\"615\" srcset=\"https:\/\/www.hydraulic-cylinders.net\/wp-content\/uploads\/2025\/03\/large-forklift-hydraulic-cylinder-construction.webp 1100w, https:\/\/www.hydraulic-cylinders.net\/wp-content\/uploads\/2025\/03\/large-forklift-hydraulic-cylinder-construction-980x548.webp 980w, https:\/\/www.hydraulic-cylinders.net\/wp-content\/uploads\/2025\/03\/large-forklift-hydraulic-cylinder-construction-480x268.webp 480w\" sizes=\"(min-width: 0px) and (max-width: 480px) 480px, (min-width: 481px) and (max-width: 980px) 980px, (min-width: 981px) 1100px, 100vw\" \/><\/h2>\n<h2><strong>V\u00e9rins hydrauliques de levage pour chariots \u00e9l\u00e9vateurs de grande taille <\/strong><strong>Sp\u00e9cifications techniques<\/strong><strong>:<\/strong><\/h2>\n<p><strong>Fonction:<\/strong> Pour r\u00e9aliser le mouvement de levage et d'abaissement du portique<br \/>\n<strong>Diam\u00e8tre du cylindre :<\/strong> 65 mm-190 mm<br \/>\n<strong>Diam\u00e8tre de la tige :<\/strong> 50 mm-160 mm<br \/>\n<strong>Voyage:<\/strong> 100 mm - 3490 mm<br \/>\n<strong>Pression maximale:<\/strong> 21 MPa<br \/>\n<strong>Pouss\u00e9e maximale :<\/strong> 596 kN<\/p>\n<h2><strong>Caract\u00e9ristiques principales des v\u00e9rins hydrauliques pour chariots \u00e9l\u00e9vateurs de grande taille<\/strong><strong>:<\/strong><\/h2>\n<ul>\n<li><strong>Capacit\u00e9 de charge \u00e9lev\u00e9e<\/strong>Ces v\u00e9rins hydrauliques de levage sont con\u00e7us pour supporter des charges importantes, ce qui les rend id\u00e9aux pour les applications intensives. Leur conception robuste garantit un fonctionnement fiable m\u00eame sous des charges extr\u00eames, permettant aux chariots \u00e9l\u00e9vateurs de manipuler des palettes et des mat\u00e9riaux volumineux en toute s\u00e9curit\u00e9. Cette capacit\u00e9 am\u00e9liore consid\u00e9rablement l'efficacit\u00e9 au travail en minimisant les risques de pannes lors de t\u00e2ches exigeantes.<\/li>\n<li><strong>Construction durable<\/strong>Fabriqu\u00e9s \u00e0 partir de mat\u00e9riaux de premi\u00e8re qualit\u00e9, ces v\u00e9rins hydrauliques sont con\u00e7us pour r\u00e9sister aux environnements de travail les plus exigeants. Leur r\u00e9sistance \u00e0 l'usure, \u00e0 la corrosion et \u00e0 la fatigue prolonge leur dur\u00e9e de vie, r\u00e9duisant ainsi la fr\u00e9quence des remplacements. Cette durabilit\u00e9 se traduit par des co\u00fbts de maintenance r\u00e9duits et une disponibilit\u00e9 accrue, ce qui en fait un investissement judicieux pour toute activit\u00e9 industrielle.<\/li>\n<li><strong>Tailles polyvalentes<\/strong>Disponibles dans une large gamme de diam\u00e8tres et de courses, ces v\u00e9rins hydrauliques de levage peuvent \u00eatre personnalis\u00e9s pour r\u00e9pondre aux besoins sp\u00e9cifiques des diff\u00e9rents mod\u00e8les de chariots \u00e9l\u00e9vateurs et applications. Cette polyvalence garantit leur int\u00e9gration ais\u00e9e dans divers syst\u00e8mes, offrant ainsi une grande flexibilit\u00e9 aux entreprises manipulant des charges et des mat\u00e9riaux vari\u00e9s.<\/li>\n<li><strong>Performance efficace<\/strong>Con\u00e7us pour une fonctionnalit\u00e9 optimale, ces v\u00e9rins hydrauliques facilitent les op\u00e9rations de levage et d'abaissement rapides. Cette efficacit\u00e9 r\u00e9duit les temps de cycle, permettant aux op\u00e9rateurs d'effectuer leurs t\u00e2ches plus rapidement et plus efficacement. L'am\u00e9lioration du flux de travail accro\u00eet non seulement la productivit\u00e9, mais aussi l'efficacit\u00e9 op\u00e9rationnelle globale du chariot \u00e9l\u00e9vateur, faisant de celui-ci un atout essentiel dans la manutention.<\/li>\n<li><strong>Pressions nominales \u00e9lev\u00e9es<\/strong>Capables de fonctionner \u00e0 des pressions \u00e9lev\u00e9es, ces v\u00e9rins garantissent une pouss\u00e9e efficace et une grande stabilit\u00e9 lors des op\u00e9rations de levage. Leur r\u00e9sistance aux hautes pressions permet la manutention s\u00e9curis\u00e9e de charges lourdes sans compromettre les performances. Cette fiabilit\u00e9 est essentielle au maintien des normes de s\u00e9curit\u00e9 sur les lieux de travail, offrant ainsi aux op\u00e9rateurs une totale tranquillit\u00e9 d'esprit lors de la manipulation de mat\u00e9riaux volumineux.<\/li>\n<\/ul>\n<h2><strong>Cas d'utilisation des v\u00e9rins hydrauliques pour chariots \u00e9l\u00e9vateurs de grande taille\u00a0:<\/strong><\/h2>\n<h3><strong>1. Entreposage et distribution<\/strong><\/h3>\n<p>Dans les entrep\u00f4ts, les chariots \u00e9l\u00e9vateurs de grande taille \u00e9quip\u00e9s de v\u00e9rins hydrauliques sont indispensables pour la manutention des palettes lourdes. Ces v\u00e9rins permettent des op\u00e9rations de levage et d'abaissement rapides, ce qui permet aux op\u00e9rateurs de g\u00e9rer efficacement les stocks et d'optimiser l'espace de stockage. Ils facilitent les op\u00e9rations de chargement et de d\u00e9chargement, am\u00e9liorant ainsi consid\u00e9rablement la productivit\u00e9 globale.<\/p>\n<h3><strong>2. Chantiers de construction<\/strong><\/h3>\n<p>Sur les chantiers, les v\u00e9rins hydrauliques jouent un r\u00f4le essentiel dans la manutention de mat\u00e9riaux lourds tels que les poutres d'acier, les blocs de b\u00e9ton et les \u00e9quipements. Leur capacit\u00e9 de charge \u00e9lev\u00e9e permet aux chariots \u00e9l\u00e9vateurs de soulever des charges importantes en toute s\u00e9curit\u00e9, garantissant ainsi la livraison des mat\u00e9riaux aux emplacements pr\u00e9vus sans d\u00e9lai. Cette fonctionnalit\u00e9 optimise le flux de travail et contribue au respect des d\u00e9lais de r\u00e9alisation des projets.<\/p>\n<h3><strong>3. Installations de fabrication<\/strong><\/h3>\n<p>Dans les environnements de production, les chariots \u00e9l\u00e9vateurs de grande taille \u00e9quip\u00e9s de v\u00e9rins hydrauliques facilitent le transport des mati\u00e8res premi\u00e8res et des produits finis entre les diff\u00e9rentes zones de l'usine. Ces v\u00e9rins permettent un positionnement pr\u00e9cis des charges, essentiel pour les cha\u00eenes de montage et les processus de contr\u00f4le qualit\u00e9. Leur performance optimale r\u00e9duit les temps de cycle, am\u00e9liorant ainsi la productivit\u00e9 globale.<\/p>\n<h3><strong>4. Recyclage et gestion des d\u00e9chets<\/strong><\/h3>\n<p>Les v\u00e9rins hydrauliques de levage sont essentiels aux op\u00e9rations de recyclage et de gestion des d\u00e9chets, o\u00f9 de grands chariots \u00e9l\u00e9vateurs sont utilis\u00e9s pour manipuler des conteneurs lourds. Ces v\u00e9rins permettent aux op\u00e9rateurs de soulever et de d\u00e9placer en toute s\u00e9curit\u00e9 des d\u00e9chets volumineux, optimisant ainsi le tri et le traitement des mati\u00e8res recyclables. Cette efficacit\u00e9 contribue \u00e0 un syst\u00e8me de gestion des d\u00e9chets plus organis\u00e9 et performant.<\/p>\n<h3><strong>5. Agriculture<\/strong><\/h3>\n<p>En milieu agricole, les chariots \u00e9l\u00e9vateurs de grande taille \u00e9quip\u00e9s de v\u00e9rins hydrauliques sont utilis\u00e9s pour le transport de charges lourdes telles que les balles de foin, les aliments pour animaux et le mat\u00e9riel agricole. La possibilit\u00e9 de lever et d'abaisser facilement ces charges permet aux agriculteurs de g\u00e9rer leurs op\u00e9rations plus efficacement, garantissant ainsi des livraisons ponctuelles et une utilisation optimale des ressources.<\/p>\n<p>Vous recherchez des v\u00e9rins pour chariots \u00e9l\u00e9vateurs robustes\u00a0? D\u00e9couvrez notre <a href=\"https:\/\/www.hydraulic-cylinders.net\/fr\/forklift-hydraulic-cylinder\/\">V\u00e9rins hydrauliques robustes<\/a>.<\/p>\n<h2><strong>Zone de production de v\u00e9rins de chariot \u00e9l\u00e9vateur :<\/strong><\/h2>\n<h2><img loading=\"lazy\" decoding=\"async\" class=\"alignnone size-full wp-image-16972\" src=\"https:\/\/www.hydraulic-cylinders.net\/wp-content\/uploads\/2025\/01\/hydraulic-cylinder-factory-1-scaled.webp\" sizes=\"(min-width: 0px) and (max-width: 480px) 480px, (min-width: 481px) and (max-width: 980px) 980px, (min-width: 981px) and (max-width: 1280px) 1280px, (min-width: 1281px) 2016px, 100vw\" srcset=\"https:\/\/www.hydraulic-cylinders.net\/wp-content\/uploads\/2025\/01\/hydraulic-cylinder-factory-1-scaled.webp 2016w, https:\/\/www.hydraulic-cylinders.net\/wp-content\/uploads\/2025\/01\/hydraulic-cylinder-factory-1-1280x1625.webp 1280w, https:\/\/www.hydraulic-cylinders.net\/wp-content\/uploads\/2025\/01\/hydraulic-cylinder-factory-1-980x1244.webp 980w, https:\/\/www.hydraulic-cylinders.net\/wp-content\/uploads\/2025\/01\/hydraulic-cylinder-factory-1-480x610.webp 480w\" alt=\"\" width=\"2016\" height=\"2560\" \/><\/h2>\n<p>Nous disposons d'une plateforme de R&amp;D ind\u00e9pendante de premier ordre pour l'assemblage. Notre atelier de production de v\u00e9rins de chariot \u00e9l\u00e9vateur dispose de quatre lignes d'assemblage semi-automatiques de v\u00e9rins de levage et d'une ligne d'assemblage enti\u00e8rement automatique de v\u00e9rins d'inclinaison, pour une capacit\u00e9 de production annuelle pr\u00e9vue de plusieurs millions de pi\u00e8ces. Notre atelier de v\u00e9rins sp\u00e9ciaux dispose de syst\u00e8mes de nettoyage et d'assemblage semi-automatiques de diverses sp\u00e9cifications, pour une capacit\u00e9 de production annuelle pr\u00e9vue de 200\u00a0000 pi\u00e8ces. Il est \u00e9quip\u00e9 d'\u00e9quipements d'usinage CNC de marques renomm\u00e9es, de centres d'usinage, d'\u00e9quipements sp\u00e9ciaux pour l'usinage de haute pr\u00e9cision des v\u00e9rins, de robots de soudage, de machines de nettoyage automatiques, de machines d'assemblage automatiques de v\u00e9rins et de lignes de production de peinture automatiques. Nous disposons de plus de 300 \u00e9quipements cl\u00e9s en fonctionnement. L'optimisation et l'utilisation efficace de nos ressources garantissent la pr\u00e9cision et le respect des normes de qualit\u00e9 les plus strictes.<\/p>\n<p>L'atelier d'usinage est \u00e9quip\u00e9 de centres de tournage \u00e0 rail de guidage inclinable sur mesure, de centres d'usinage, de machines de rodage \u00e0 grande vitesse, de robots de soudage et d'autres \u00e9quipements pertinents, qui peuvent g\u00e9rer le travail d'usinage de tubes cylindriques avec un ID maximal de 400 mm et une longueur maximale de 6 m\u00e8tres.<\/p>\n<h2><img loading=\"lazy\" decoding=\"async\" class=\"alignnone size-full wp-image-16973\" src=\"https:\/\/www.hydraulic-cylinders.net\/wp-content\/uploads\/2025\/01\/hydraulic-cylinder-factory-2-scaled.webp\" sizes=\"(min-width: 0px) and (max-width: 480px) 480px, (min-width: 481px) and (max-width: 980px) 980px, (min-width: 981px) and (max-width: 1280px) 1280px, (min-width: 1281px) 2011px, 100vw\" srcset=\"https:\/\/www.hydraulic-cylinders.net\/wp-content\/uploads\/2025\/01\/hydraulic-cylinder-factory-2-scaled.webp 2011w, https:\/\/www.hydraulic-cylinders.net\/wp-content\/uploads\/2025\/01\/hydraulic-cylinder-factory-2-1280x1629.webp 1280w, https:\/\/www.hydraulic-cylinders.net\/wp-content\/uploads\/2025\/01\/hydraulic-cylinder-factory-2-980x1248.webp 980w, https:\/\/www.hydraulic-cylinders.net\/wp-content\/uploads\/2025\/01\/hydraulic-cylinder-factory-2-480x611.webp 480w\" alt=\"\" width=\"2011\" height=\"2560\" \/><\/h2>\n<p>Nous disposons d'une ligne de peinture \u00e0 l'eau enti\u00e8rement automatique pour les cylindres de petite et moyenne taille, \u00e9quip\u00e9e de robots de chargement et de d\u00e9chargement automatiques et de pulv\u00e9risation automatis\u00e9e, avec une capacit\u00e9 de production pr\u00e9vue de 4\u00a0000 pi\u00e8ces par \u00e9quipe. Nous disposons \u00e9galement d'une ligne de peinture semi-automatique pour les cylindres de grande taille, entra\u00een\u00e9e par cha\u00eene, d'une capacit\u00e9 pr\u00e9vue de 60 caisses par \u00e9quipe.<\/p>\n<p>Pour am\u00e9liorer encore les performances des produits et \u00e9tablir la position de leader de nos v\u00e9rins hydrauliques dans l'industrie, notre soci\u00e9t\u00e9 et zjimee ont conjointement cr\u00e9\u00e9 un laboratoire de performances complet de v\u00e9rins hydrauliques, de vannes hydrauliques et de pompes hydrauliques ; le laboratoire est un laboratoire de tests assist\u00e9s par ordinateur utilisant la technologie \u00e9lectrohydraulique, les conditions de test sont pr\u00e9r\u00e9gl\u00e9es par un ordinateur qui am\u00e9liore la pr\u00e9cision des tests et la polyvalence du syst\u00e8me, ainsi que les donn\u00e9es exp\u00e9rimentales.<\/p>\n<p>La collecte automatique est r\u00e9alis\u00e9e gr\u00e2ce \u00e0 des capteurs. Les donn\u00e9es de sortie, telles que les fuites internes et l'efficacit\u00e9 de charge du v\u00e9rin ou de la soupape, sont trait\u00e9es directement par l'ordinateur et converties en unit\u00e9s standard (ml\/min\u00b9TP\u00b3T). Parall\u00e8lement, afin de garantir la s\u00e9curit\u00e9 de fonctionnement du syst\u00e8me hydraulique, la surveillance de l'\u00e9tat des param\u00e8tres cl\u00e9s de performance, tels que la temp\u00e9rature de l'huile, le niveau de liquide et le filtre, est assur\u00e9e. Le banc d'essai de v\u00e9rin hydraulique permet notamment de tester la performance de la charge.<br \/>\nL'efficacit\u00e9 et les fuites internes sont mesur\u00e9es. Il est \u00e9galement \u00e9quip\u00e9 d'un instrument de mesure \u00e0 r\u00e8gle gradu\u00e9e r\u00e9pondant aux exigences de tous les tests de v\u00e9rins hydrauliques, conform\u00e9ment \u00e0 la norme nationale.<\/p>\n<p>&nbsp;<\/p>","protected":false},"excerpt":{"rendered":"<p>Lift Hydraulic Cylinders For Large Forklift Lift hydraulic cylinders are crucial components in large forklifts, enabling them to perform essential lifting and lowering functions. These cylinders provide the necessary power to handle heavy loads efficiently, ensuring smooth operations in various industrial settings. With robust design and high performance, lift hydraulic cylinders enhance productivity and safety [&hellip;]<\/p>","protected":false},"featured_media":17591,"comment_status":"open","ping_status":"closed","template":"","meta":{"_et_pb_use_builder":"","_et_pb_old_content":"","_et_gb_content_width":""},"product_brand":[],"product_cat":[1484,1549],"product_tag":[],"class_list":{"0":"post-17589","1":"product","2":"type-product","3":"status-publish","4":"has-post-thumbnail","6":"product_cat-forklift-hydraulic-cylinders","7":"product_cat-single-acting-hydraulic-cylinder","9":"first","10":"instock","11":"shipping-taxable","12":"product-type-simple"},"amp_enabled":true,"_links":{"self":[{"href":"https:\/\/www.hydraulic-cylinders.net\/fr\/wp-json\/wp\/v2\/product\/17589","targetHints":{"allow":["GET"]}}],"collection":[{"href":"https:\/\/www.hydraulic-cylinders.net\/fr\/wp-json\/wp\/v2\/product"}],"about":[{"href":"https:\/\/www.hydraulic-cylinders.net\/fr\/wp-json\/wp\/v2\/types\/product"}],"replies":[{"embeddable":true,"href":"https:\/\/www.hydraulic-cylinders.net\/fr\/wp-json\/wp\/v2\/comments?post=17589"}],"wp:featuredmedia":[{"embeddable":true,"href":"https:\/\/www.hydraulic-cylinders.net\/fr\/wp-json\/wp\/v2\/media\/17591"}],"wp:attachment":[{"href":"https:\/\/www.hydraulic-cylinders.net\/fr\/wp-json\/wp\/v2\/media?parent=17589"}],"wp:term":[{"taxonomy":"product_brand","embeddable":true,"href":"https:\/\/www.hydraulic-cylinders.net\/fr\/wp-json\/wp\/v2\/product_brand?post=17589"},{"taxonomy":"product_cat","embeddable":true,"href":"https:\/\/www.hydraulic-cylinders.net\/fr\/wp-json\/wp\/v2\/product_cat?post=17589"},{"taxonomy":"product_tag","embeddable":true,"href":"https:\/\/www.hydraulic-cylinders.net\/fr\/wp-json\/wp\/v2\/product_tag?post=17589"}],"curies":[{"name":"wp","href":"https:\/\/api.w.org\/{rel}","templated":true}]}}