{"id":17593,"date":"2025-03-18T06:19:55","date_gmt":"2025-03-18T06:19:55","guid":{"rendered":"https:\/\/www.hydraulic-cylinders.net\/?post_type=product&#038;p=17593"},"modified":"2025-04-11T03:15:26","modified_gmt":"2025-04-11T03:15:26","slug":"steering-hydraulic-cylinders-for-large-forklift","status":"publish","type":"product","link":"https:\/\/www.hydraulic-cylinders.net\/fr\/produit\/steering-hydraulic-cylinders-for-large-forklift\/","title":{"rendered":"V\u00e9rins hydrauliques de direction pour gros chariot \u00e9l\u00e9vateur"},"content":{"rendered":"<h1 style=\"text-align: center;\"><strong>V\u00e9rins hydrauliques de direction pour gros chariot \u00e9l\u00e9vateur<\/strong><\/h1>\n<p>Les v\u00e9rins hydrauliques de direction sont des composants essentiels des grands chariots \u00e9l\u00e9vateurs, assurant la puissance et la pr\u00e9cision n\u00e9cessaires au contr\u00f4le de la direction. Ces v\u00e9rins permettent une maniabilit\u00e9 fluide, indispensable pour se d\u00e9placer dans des espaces restreints et r\u00e9aliser des t\u00e2ches complexes. En convertissant la pression hydraulique en force m\u00e9canique, les v\u00e9rins hydrauliques de direction am\u00e9liorent l'efficacit\u00e9 et la s\u00e9curit\u00e9 globales des op\u00e9rations de chariot \u00e9l\u00e9vateur.<\/p>\n<p>Les v\u00e9rins hydrauliques de direction sont indispensables au bon fonctionnement des chariots \u00e9l\u00e9vateurs de grande taille. Leur conception robuste, leur efficacit\u00e9 et leur adaptabilit\u00e9 en font un composant essentiel dans de nombreuses applications industrielles. En ma\u00eetrisant leurs caract\u00e9ristiques, les m\u00e9thodes d'utilisation appropri\u00e9es et les exigences de maintenance, les op\u00e9rateurs peuvent optimiser les performances et la s\u00e9curit\u00e9 de leurs chariots \u00e9l\u00e9vateurs, et ainsi am\u00e9liorer la productivit\u00e9 au travail. Investir dans des v\u00e9rins hydrauliques de direction de haute qualit\u00e9 garantit un contr\u00f4le de la direction fiable et pr\u00e9cis, crucial pour \u00e9voluer dans des environnements difficiles.<\/p>\n<h1 style=\"text-align: center;\"><img loading=\"lazy\" decoding=\"async\" class=\"alignnone wp-image-17590\" src=\"https:\/\/www.hydraulic-cylinders.net\/wp-content\/uploads\/2025\/03\/Lift-hydraulic-cylinders-for-large-forklift.jpg\" alt=\"\" width=\"500\" height=\"500\" srcset=\"https:\/\/www.hydraulic-cylinders.net\/wp-content\/uploads\/2025\/03\/Lift-hydraulic-cylinders-for-large-forklift.jpg 500w, https:\/\/www.hydraulic-cylinders.net\/wp-content\/uploads\/2025\/03\/Lift-hydraulic-cylinders-for-large-forklift-480x480.jpg 480w\" sizes=\"(min-width: 0px) and (max-width: 480px) 480px, (min-width: 481px) 500px, 100vw\" \/><\/h1>\n<p style=\"text-align: center;\"><strong>V\u00e9rins hydrauliques de direction pour gros chariot \u00e9l\u00e9vateur<\/strong><\/p>\n<h2><strong>V\u00e9rins hydrauliques de direction pour gros chariot \u00e9l\u00e9vateur <\/strong><strong>Sp\u00e9cifications techniques<\/strong><strong>:<\/strong><\/h2>\n<p><strong>Fonction:<\/strong> Mettre en \u0153uvre la direction de l'essieu du chariot \u00e9l\u00e9vateur et activer la direction des pneus du chariot \u00e9l\u00e9vateur<br \/>\n<strong>Diam\u00e8tre du cylindre :<\/strong> 80 mm-160 mm<br \/>\n<strong>Diam\u00e8tre de la tige :<\/strong> 50 mm-110 mm<br \/>\n<strong>Voyage:<\/strong> 71 mm \u00d7 2 \u2013 235 mm \u00d7 2<br \/>\n<strong>Pression maximale:<\/strong> 18MPa<br \/>\n<strong>Pouss\u00e9e maximale :<\/strong> 362 kN<\/p>\n<h2><strong>S\u00e9rie de v\u00e9rins hydrauliques pour chariots \u00e9l\u00e9vateurs de grande taille\u00a0:\u00a0<\/strong><\/h2>\n<h2><img loading=\"lazy\" decoding=\"async\" class=\"alignnone size-full wp-image-17582\" src=\"https:\/\/www.hydraulic-cylinders.net\/wp-content\/uploads\/2025\/03\/large-forklift-hydraulic-cylinder-construction.webp\" alt=\"\" width=\"1100\" height=\"615\" srcset=\"https:\/\/www.hydraulic-cylinders.net\/wp-content\/uploads\/2025\/03\/large-forklift-hydraulic-cylinder-construction.webp 1100w, https:\/\/www.hydraulic-cylinders.net\/wp-content\/uploads\/2025\/03\/large-forklift-hydraulic-cylinder-construction-980x548.webp 980w, https:\/\/www.hydraulic-cylinders.net\/wp-content\/uploads\/2025\/03\/large-forklift-hydraulic-cylinder-construction-480x268.webp 480w\" sizes=\"(min-width: 0px) and (max-width: 480px) 480px, (min-width: 481px) and (max-width: 980px) 980px, (min-width: 981px) 1100px, 100vw\" \/><\/h2>\n<h2><strong>Caract\u00e9ristiques principales des v\u00e9rins hydrauliques de direction pour chariots \u00e9l\u00e9vateurs de grande taille<\/strong><strong>:<\/strong><\/h2>\n<ul>\n<li><strong>Construction robuste :<\/strong> Les v\u00e9rins hydrauliques de direction sont fabriqu\u00e9s en acier de haute qualit\u00e9 et en mat\u00e9riaux renforc\u00e9s, ce qui leur permet de r\u00e9sister aux conditions exigeantes des applications intensives. Cette robustesse garantit une performance durable, r\u00e9duisant ainsi la fr\u00e9quence des remplacements et les co\u00fbts de maintenance.<\/li>\n<li><strong>Haute efficacit\u00e9 :<\/strong> Ces v\u00e9rins sont con\u00e7us pour une direction rapide et r\u00e9active. Cette conception am\u00e9liore le contr\u00f4le du chariot \u00e9l\u00e9vateur par l'op\u00e9rateur, facilitant les man\u0153uvres pr\u00e9cises. Qu'il s'agisse de man\u0153uvrer dans des espaces restreints ou d'effectuer des virages serr\u00e9s, les op\u00e9rateurs peuvent compter sur la r\u00e9activit\u00e9 instantan\u00e9e du syst\u00e8me hydraulique, optimisant ainsi la productivit\u00e9 globale.<\/li>\n<li><strong>Conception compacte :<\/strong> La compacit\u00e9 des v\u00e9rins hydrauliques de direction facilite leur installation sur diff\u00e9rents mod\u00e8les de chariots \u00e9l\u00e9vateurs. Cette caract\u00e9ristique optimise l'espace \u00e0 l'int\u00e9rieur du chariot, permettant aux fabricants d'optimiser les performances sans compromettre la fonctionnalit\u00e9. Les op\u00e9rateurs b\u00e9n\u00e9ficient ainsi d'une configuration simplifi\u00e9e qui am\u00e9liore la maniabilit\u00e9 dans les espaces restreints.<\/li>\n<li><strong>Scell\u00e9 pour la protection :<\/strong> Les syst\u00e8mes hydrauliques \u00e9tanches de ces v\u00e9rins offrent une protection essentielle contre la poussi\u00e8re et l'humidit\u00e9. Cette \u00e9tanch\u00e9it\u00e9 contribue \u00e0 pr\u00e9server l'int\u00e9grit\u00e9 du fluide hydraulique, garantissant ainsi des performances constantes m\u00eame dans des conditions difficiles. En emp\u00eachant les contaminants de p\u00e9n\u00e9trer dans le syst\u00e8me, ces v\u00e9rins r\u00e9duisent l'usure et prolongent leur dur\u00e9e de vie.<\/li>\n<li><strong>Compatibilit\u00e9 polyvalente\u00a0:<\/strong> Les v\u00e9rins hydrauliques de direction sont con\u00e7us pour \u00eatre compatibles avec une large gamme de chariots \u00e9l\u00e9vateurs. Cette polyvalence en fait un choix id\u00e9al pour la maintenance et la modernisation des flottes, permettant aux entreprises d'uniformiser les pi\u00e8ces sur diff\u00e9rentes machines. Les op\u00e9rateurs peuvent ainsi remplacer ou moderniser facilement les v\u00e9rins sans se soucier des probl\u00e8mes de compatibilit\u00e9, ce qui simplifie les op\u00e9rations de maintenance.<\/li>\n<\/ul>\n<h2><strong>Cas d'utilisation des v\u00e9rins hydrauliques de direction pour chariots \u00e9l\u00e9vateurs de grande taille\u00a0:<\/strong><\/h2>\n<p>Les v\u00e9rins hydrauliques de direction jouent un r\u00f4le crucial dans l'am\u00e9lioration de la fonctionnalit\u00e9 et de l'efficacit\u00e9 des grands chariots \u00e9l\u00e9vateurs dans divers secteurs d'activit\u00e9. Voici quelques exemples d'utilisation cl\u00e9s\u00a0:<\/p>\n<h4>1. <strong>Op\u00e9rations d'entrep\u00f4t<\/strong><\/h4>\n<p>Dans les entrep\u00f4ts, de grands chariots \u00e9l\u00e9vateurs \u00e0 direction hydraulique circulent dans les all\u00e9es \u00e9troites et man\u0153uvrent les palettes lourdes. La pr\u00e9cision de leur direction permet aux op\u00e9rateurs d'empiler et de r\u00e9cup\u00e9rer efficacement les marchandises, optimisant ainsi l'espace et am\u00e9liorant la gestion des stocks.<\/p>\n<h4>2. <strong>Chantiers de construction<\/strong><\/h4>\n<p>Sur les chantiers, ces v\u00e9rins permettent de contr\u00f4ler avec pr\u00e9cision la manutention de mat\u00e9riaux lourds, tels que les poutres d'acier et les blocs de b\u00e9ton. Les op\u00e9rateurs peuvent ainsi man\u0153uvrer ais\u00e9ment le chariot \u00e9l\u00e9vateur dans des espaces restreints, garantissant un placement s\u00fbr et pr\u00e9cis des mat\u00e9riaux, un facteur essentiel au respect des d\u00e9lais.<\/p>\n<h4>3. <strong>Installations de fabrication<\/strong><\/h4>\n<p>En production, les v\u00e9rins hydrauliques de direction facilitent le transport des pi\u00e8ces et composants entre les diff\u00e9rentes \u00e9tapes. La direction pr\u00e9cise et r\u00e9active permet aux op\u00e9rateurs de d\u00e9placer efficacement les articles, r\u00e9duisant ainsi les temps d'arr\u00eat et optimisant le flux de production dans l'ensemble de l'usine.<\/p>\n<h4>4. <strong>Applications agricoles<\/strong><\/h4>\n<p>Les grands chariots \u00e9l\u00e9vateurs utilis\u00e9s en agriculture sont \u00e9quip\u00e9s de v\u00e9rins hydrauliques de direction pour la manutention des balles, des caisses et autres produits agricoles. Leur maniabilit\u00e9 accrue permet aux agriculteurs de charger et d\u00e9charger rapidement les mat\u00e9riaux, optimisant ainsi les op\u00e9rations en haute saison.<\/p>\n<h4>5. <strong>Recyclage et gestion des d\u00e9chets<\/strong><\/h4>\n<p>Dans les centres de recyclage, les v\u00e9rins hydrauliques de direction facilitent le transport et l'empilage des mat\u00e9riaux recyclables par les chariots \u00e9l\u00e9vateurs. Leur capacit\u00e9 \u00e0 se d\u00e9placer dans des environnements encombr\u00e9s garantit le bon d\u00e9roulement des op\u00e9rations, am\u00e9liorant ainsi les processus de tri et l'efficacit\u00e9 globale.<\/p>\n<h3><span style=\"color: #666666; font-size: 14px;\">Vous recherchez des v\u00e9rins pour chariots \u00e9l\u00e9vateurs robustes\u00a0? D\u00e9couvrez notre <\/span><a style=\"font-size: 14px;\" href=\"https:\/\/www.hydraulic-cylinders.net\/fr\/forklift-hydraulic-cylinder\/\">V\u00e9rins hydrauliques robustes<\/a><span style=\"color: #666666; font-size: 14px;\">.<\/span><\/h3>\n<h2><strong>Zone de production de v\u00e9rins de chariot \u00e9l\u00e9vateur :<\/strong><\/h2>\n<h2><img loading=\"lazy\" decoding=\"async\" class=\"alignnone size-full wp-image-16972\" src=\"https:\/\/www.hydraulic-cylinders.net\/wp-content\/uploads\/2025\/01\/hydraulic-cylinder-factory-1-scaled.webp\" sizes=\"(min-width: 0px) and (max-width: 480px) 480px, (min-width: 481px) and (max-width: 980px) 980px, (min-width: 981px) and (max-width: 1280px) 1280px, (min-width: 1281px) 2016px, 100vw\" srcset=\"https:\/\/www.hydraulic-cylinders.net\/wp-content\/uploads\/2025\/01\/hydraulic-cylinder-factory-1-scaled.webp 2016w, https:\/\/www.hydraulic-cylinders.net\/wp-content\/uploads\/2025\/01\/hydraulic-cylinder-factory-1-1280x1625.webp 1280w, https:\/\/www.hydraulic-cylinders.net\/wp-content\/uploads\/2025\/01\/hydraulic-cylinder-factory-1-980x1244.webp 980w, https:\/\/www.hydraulic-cylinders.net\/wp-content\/uploads\/2025\/01\/hydraulic-cylinder-factory-1-480x610.webp 480w\" alt=\"\" width=\"2016\" height=\"2560\" \/><\/h2>\n<p>Nous disposons d'une plateforme de R&amp;D ind\u00e9pendante de premier ordre pour l'assemblage. Notre atelier de production de v\u00e9rins de chariot \u00e9l\u00e9vateur dispose de quatre lignes d'assemblage semi-automatiques de v\u00e9rins de levage et d'une ligne d'assemblage enti\u00e8rement automatique de v\u00e9rins d'inclinaison, pour une capacit\u00e9 de production annuelle pr\u00e9vue de plusieurs millions de pi\u00e8ces. Notre atelier de v\u00e9rins sp\u00e9ciaux dispose de syst\u00e8mes de nettoyage et d'assemblage semi-automatiques de diverses sp\u00e9cifications, pour une capacit\u00e9 de production annuelle pr\u00e9vue de 200\u00a0000 pi\u00e8ces. Il est \u00e9quip\u00e9 d'\u00e9quipements d'usinage CNC de marques renomm\u00e9es, de centres d'usinage, d'\u00e9quipements sp\u00e9ciaux pour l'usinage de haute pr\u00e9cision des v\u00e9rins, de robots de soudage, de machines de nettoyage automatiques, de machines d'assemblage automatiques de v\u00e9rins et de lignes de production de peinture automatiques. Nous disposons de plus de 300 \u00e9quipements cl\u00e9s en fonctionnement. L'optimisation et l'utilisation efficace de nos ressources garantissent la pr\u00e9cision et le respect des normes de qualit\u00e9 les plus strictes.<\/p>\n<p>L'atelier d'usinage est \u00e9quip\u00e9 de centres de tournage \u00e0 rail de guidage inclinable sur mesure, de centres d'usinage, de machines de rodage \u00e0 grande vitesse, de robots de soudage et d'autres \u00e9quipements pertinents, qui peuvent g\u00e9rer le travail d'usinage de tubes cylindriques avec un ID maximal de 400 mm et une longueur maximale de 6 m\u00e8tres.<\/p>\n<h2><img loading=\"lazy\" decoding=\"async\" class=\"alignnone size-full wp-image-16973\" src=\"https:\/\/www.hydraulic-cylinders.net\/wp-content\/uploads\/2025\/01\/hydraulic-cylinder-factory-2-scaled.webp\" sizes=\"(min-width: 0px) and (max-width: 480px) 480px, (min-width: 481px) and (max-width: 980px) 980px, (min-width: 981px) and (max-width: 1280px) 1280px, (min-width: 1281px) 2011px, 100vw\" srcset=\"https:\/\/www.hydraulic-cylinders.net\/wp-content\/uploads\/2025\/01\/hydraulic-cylinder-factory-2-scaled.webp 2011w, https:\/\/www.hydraulic-cylinders.net\/wp-content\/uploads\/2025\/01\/hydraulic-cylinder-factory-2-1280x1629.webp 1280w, https:\/\/www.hydraulic-cylinders.net\/wp-content\/uploads\/2025\/01\/hydraulic-cylinder-factory-2-980x1248.webp 980w, https:\/\/www.hydraulic-cylinders.net\/wp-content\/uploads\/2025\/01\/hydraulic-cylinder-factory-2-480x611.webp 480w\" alt=\"\" width=\"2011\" height=\"2560\" \/><\/h2>\n<p>Nous disposons d'une ligne de peinture \u00e0 l'eau enti\u00e8rement automatique pour les cylindres de petite et moyenne taille, \u00e9quip\u00e9e de robots de chargement et de d\u00e9chargement automatiques et de pulv\u00e9risation automatis\u00e9e, avec une capacit\u00e9 de production pr\u00e9vue de 4\u00a0000 pi\u00e8ces par \u00e9quipe. Nous disposons \u00e9galement d'une ligne de peinture semi-automatique pour les cylindres de grande taille, entra\u00een\u00e9e par cha\u00eene, d'une capacit\u00e9 pr\u00e9vue de 60 caisses par \u00e9quipe.<\/p>\n<p>Pour am\u00e9liorer encore les performances des produits et \u00e9tablir la position de leader de nos v\u00e9rins hydrauliques dans l'industrie, notre soci\u00e9t\u00e9 et zjimee ont conjointement cr\u00e9\u00e9 un laboratoire de performances complet de v\u00e9rins hydrauliques, de vannes hydrauliques et de pompes hydrauliques ; le laboratoire est un laboratoire de tests assist\u00e9s par ordinateur utilisant la technologie \u00e9lectrohydraulique, les conditions de test sont pr\u00e9r\u00e9gl\u00e9es par un ordinateur qui am\u00e9liore la pr\u00e9cision des tests et la polyvalence du syst\u00e8me, ainsi que les donn\u00e9es exp\u00e9rimentales.<\/p>\n<p>La collecte automatique est r\u00e9alis\u00e9e gr\u00e2ce \u00e0 des capteurs. Les donn\u00e9es de sortie, telles que les fuites internes et l'efficacit\u00e9 de charge du v\u00e9rin ou de la soupape, sont trait\u00e9es directement par l'ordinateur et converties en unit\u00e9s standard (ml\/min\u00b9TP\u00b3T). Parall\u00e8lement, afin de garantir la s\u00e9curit\u00e9 de fonctionnement du syst\u00e8me hydraulique, la surveillance de l'\u00e9tat des param\u00e8tres cl\u00e9s de performance, tels que la temp\u00e9rature de l'huile, le niveau de liquide et le filtre, est assur\u00e9e. Le banc d'essai de v\u00e9rin hydraulique permet notamment de tester la performance de la charge.<br \/>\nL'efficacit\u00e9 et les fuites internes sont mesur\u00e9es. Il est \u00e9galement \u00e9quip\u00e9 d'un instrument de mesure \u00e0 r\u00e8gle gradu\u00e9e r\u00e9pondant aux exigences de tous les tests de v\u00e9rins hydrauliques, conform\u00e9ment \u00e0 la norme nationale.<\/p>\n<p>&nbsp;<\/p>","protected":false},"excerpt":{"rendered":"<p>Steering Hydraulic Cylinders For Large Forklift Steering hydraulic cylinders are vital components in large forklifts, providing the necessary power and precision for steering control. These cylinders enable smooth maneuverability, essential for navigating tight spaces and performing complex tasks. By converting hydraulic pressure into mechanical force, steering hydraulic cylinders enhance the overall efficiency and safety of [&hellip;]<\/p>","protected":false},"featured_media":17595,"comment_status":"open","ping_status":"closed","template":"","meta":{"_et_pb_use_builder":"","_et_pb_old_content":"","_et_gb_content_width":""},"product_brand":[],"product_cat":[1484,1550],"product_tag":[],"class_list":{"0":"post-17593","1":"product","2":"type-product","3":"status-publish","4":"has-post-thumbnail","6":"product_cat-forklift-hydraulic-cylinders","7":"product_cat-double-acting-hydraulic-cylinder","9":"first","10":"instock","11":"shipping-taxable","12":"product-type-simple"},"amp_enabled":true,"_links":{"self":[{"href":"https:\/\/www.hydraulic-cylinders.net\/fr\/wp-json\/wp\/v2\/product\/17593","targetHints":{"allow":["GET"]}}],"collection":[{"href":"https:\/\/www.hydraulic-cylinders.net\/fr\/wp-json\/wp\/v2\/product"}],"about":[{"href":"https:\/\/www.hydraulic-cylinders.net\/fr\/wp-json\/wp\/v2\/types\/product"}],"replies":[{"embeddable":true,"href":"https:\/\/www.hydraulic-cylinders.net\/fr\/wp-json\/wp\/v2\/comments?post=17593"}],"wp:featuredmedia":[{"embeddable":true,"href":"https:\/\/www.hydraulic-cylinders.net\/fr\/wp-json\/wp\/v2\/media\/17595"}],"wp:attachment":[{"href":"https:\/\/www.hydraulic-cylinders.net\/fr\/wp-json\/wp\/v2\/media?parent=17593"}],"wp:term":[{"taxonomy":"product_brand","embeddable":true,"href":"https:\/\/www.hydraulic-cylinders.net\/fr\/wp-json\/wp\/v2\/product_brand?post=17593"},{"taxonomy":"product_cat","embeddable":true,"href":"https:\/\/www.hydraulic-cylinders.net\/fr\/wp-json\/wp\/v2\/product_cat?post=17593"},{"taxonomy":"product_tag","embeddable":true,"href":"https:\/\/www.hydraulic-cylinders.net\/fr\/wp-json\/wp\/v2\/product_tag?post=17593"}],"curies":[{"name":"wp","href":"https:\/\/api.w.org\/{rel}","templated":true}]}}