{"id":17596,"date":"2025-03-18T06:28:26","date_gmt":"2025-03-18T06:28:26","guid":{"rendered":"https:\/\/www.hydraulic-cylinders.net\/?post_type=product&#038;p=17596"},"modified":"2025-04-11T01:44:52","modified_gmt":"2025-04-11T01:44:52","slug":"lifting-hydraulic-cylinders-storage-handling-vehicles","status":"publish","type":"product","link":"https:\/\/www.hydraulic-cylinders.net\/fr\/produit\/lifting-hydraulic-cylinders-storage-handling-vehicles\/","title":{"rendered":"V\u00e9rins hydrauliques de levage pour v\u00e9hicules de stockage et de manutention"},"content":{"rendered":"<h1 style=\"text-align: center;\"><strong>V\u00e9rins hydrauliques de levage pour v\u00e9hicules de stockage et de manutention<\/strong><\/h1>\n<p>Les v\u00e9rins hydrauliques de levage sont des composants essentiels des v\u00e9hicules de stockage et de manutention, permettant le levage et la descente efficaces de charges lourdes. Ces v\u00e9rins convertissent la pression hydraulique en force m\u00e9canique, fournissant ainsi la puissance n\u00e9cessaire \u00e0 diverses t\u00e2ches dans les entrep\u00f4ts, les centres de distribution et les usines. Leur fiabilit\u00e9 et leur efficacit\u00e9 en font un outil essentiel pour optimiser les op\u00e9rations de manutention.<\/p>\n<p>Les v\u00e9rins hydrauliques de levage sont essentiels au bon fonctionnement des v\u00e9hicules de stockage et de manutention. Leur construction robuste, leur capacit\u00e9 de charge \u00e9lev\u00e9e et leur fonctionnement fluide les rendent indispensables dans diverses applications industrielles. En comprenant leurs caract\u00e9ristiques, leurs m\u00e9thodes d'utilisation et leurs exigences de maintenance, les op\u00e9rateurs peuvent optimiser les performances et la s\u00e9curit\u00e9 de leurs \u00e9quipements de levage, am\u00e9liorant ainsi la productivit\u00e9 des op\u00e9rations de manutention. Investir dans des v\u00e9rins hydrauliques de levage de haute qualit\u00e9 garantit des op\u00e9rations fiables et efficaces, essentielles \u00e0 la r\u00e9ussite de toute entreprise.<\/p>\n<h1 style=\"text-align: center;\"><img loading=\"lazy\" decoding=\"async\" class=\"alignnone wp-image-17598\" src=\"https:\/\/www.hydraulic-cylinders.net\/wp-content\/uploads\/2025\/03\/Lifting-hydraulic-cylinders-for-Storage-and-handling-vehicle.jpg\" alt=\"\" width=\"500\" height=\"500\" srcset=\"https:\/\/www.hydraulic-cylinders.net\/wp-content\/uploads\/2025\/03\/Lifting-hydraulic-cylinders-for-Storage-and-handling-vehicle.jpg 500w, https:\/\/www.hydraulic-cylinders.net\/wp-content\/uploads\/2025\/03\/Lifting-hydraulic-cylinders-for-Storage-and-handling-vehicle-480x480.jpg 480w\" sizes=\"(min-width: 0px) and (max-width: 480px) 480px, (min-width: 481px) 500px, 100vw\" \/><\/h1>\n<p style=\"text-align: center;\"><strong>V\u00e9rins hydrauliques de levage pour v\u00e9hicules de stockage et de manutention<\/strong><\/p>\n<h2><strong>V\u00e9rins hydrauliques de levage pour v\u00e9hicules de stockage et de manutention <\/strong><strong>Sp\u00e9cifications techniques<\/strong><strong>:<\/strong><\/h2>\n<p><strong>Fonction:<\/strong> Utilis\u00e9 pour r\u00e9aliser le mouvement global gauche et droit de la fourche<br \/>\n<strong>Diam\u00e8tre du cylindre :<\/strong> 70 mm-120 mm<br \/>\n<strong>Diam\u00e8tre de la tige :<\/strong> 30 mm \u00e0 60 mm<br \/>\n<strong>Voyage:<\/strong> 300 mm \u00e0 1025 mm<br \/>\n<strong>Pression maximale:<\/strong> 21 MPa<br \/>\n<strong>Pouss\u00e9e maximale :<\/strong> 238KN<\/p>\n<h2><strong>S\u00e9rie de v\u00e9rins hydrauliques pour v\u00e9hicules de stockage et de manutention :\u00a0<\/strong><\/h2>\n<h2><img loading=\"lazy\" decoding=\"async\" class=\"aligncenter wp-image-17600 size-full\" src=\"https:\/\/www.hydraulic-cylinders.net\/wp-content\/uploads\/2025\/03\/Storage-and-handling-vehicle-hydraulic-cylinders-construction.webp\" alt=\"\" width=\"640\" height=\"358\" srcset=\"https:\/\/www.hydraulic-cylinders.net\/wp-content\/uploads\/2025\/03\/Storage-and-handling-vehicle-hydraulic-cylinders-construction.webp 640w, https:\/\/www.hydraulic-cylinders.net\/wp-content\/uploads\/2025\/03\/Storage-and-handling-vehicle-hydraulic-cylinders-construction-480x269.webp 480w\" sizes=\"(min-width: 0px) and (max-width: 480px) 480px, (min-width: 481px) 640px, 100vw\" \/><\/h2>\n<h2><strong>Principales caract\u00e9ristiques des v\u00e9rins hydrauliques de levage pour v\u00e9hicules de stockage et de manutention<\/strong><strong>:<\/strong><\/h2>\n<ul>\n<li><strong>Capacit\u00e9 de charge \u00e9lev\u00e9e :<\/strong> Les v\u00e9rins hydrauliques de levage sont con\u00e7us pour supporter des charges importantes, garantissant un fonctionnement s\u00fbr et efficace, m\u00eame dans les conditions les plus difficiles. Cette capacit\u00e9 est essentielle pour d\u00e9placer efficacement de grandes palettes, des conteneurs et des \u00e9quipements lourds, ce qui les rend indispensables dans les entrep\u00f4ts et les centres de distribution. Gr\u00e2ce \u00e0 leur puissance de levage fiable, ces v\u00e9rins am\u00e9liorent la productivit\u00e9 et la s\u00e9curit\u00e9 globales au travail.<\/li>\n<li><strong>Construction durable :<\/strong> Fabriqu\u00e9s \u00e0 partir de mat\u00e9riaux haute r\u00e9sistance, les v\u00e9rins hydrauliques de levage sont con\u00e7us pour r\u00e9sister \u00e0 une utilisation intensive et \u00e0 l'usure. Leur robustesse prolonge non seulement leur dur\u00e9e de vie, mais r\u00e9duit \u00e9galement les remplacements fr\u00e9quents, ce qui en fait une solution \u00e9conomique pour les entreprises qui utilisent des \u00e9quipements de levage lourds. Investir dans des v\u00e9rins durables permet de r\u00e9duire les temps d'arr\u00eat et les co\u00fbts de maintenance, contribuant ainsi \u00e0 une exploitation plus efficace.<\/li>\n<li><strong>Fonctionnement fluide :<\/strong> Le syst\u00e8me hydraulique de ces v\u00e9rins assure des mouvements de levage fluides et constants, minimisant consid\u00e9rablement les secousses et les vibrations pendant le fonctionnement. Cette fluidit\u00e9 am\u00e9liore la s\u00e9curit\u00e9 en assurant une meilleure stabilit\u00e9 de la charge, r\u00e9duisant ainsi les risques d'accidents ou de dommages aux marchandises. Les op\u00e9rateurs peuvent compter sur ces v\u00e9rins pour effectuer leurs t\u00e2ches avec pr\u00e9cision, garantissant une manutention douce et efficace des charges.<\/li>\n<li><strong>Conception compacte :<\/strong> Les v\u00e9rins hydrauliques de levage pr\u00e9sentent une conception compacte qui permet une int\u00e9gration transparente dans divers types de v\u00e9hicules de stockage et de manutention. Cette conception compacte optimise l'agilit\u00e9 du v\u00e9hicule et lui permet de se d\u00e9placer facilement dans les espaces restreints. Les op\u00e9rateurs b\u00e9n\u00e9ficient d'une configuration simplifi\u00e9e qui am\u00e9liore l'efficacit\u00e9 globale et permet une r\u00e9activit\u00e9 accrue dans les environnements \u00e0 forte activit\u00e9.<\/li>\n<li><strong>Applications polyvalentes :<\/strong> Ces v\u00e9rins hydrauliques sont compatibles avec une large gamme de v\u00e9hicules, notamment les chariots \u00e9l\u00e9vateurs, les transpalettes et les \u00e9l\u00e9vateurs hydrauliques. Cette polyvalence les rend adapt\u00e9s \u00e0 divers secteurs, de la logistique et de l'industrie manufacturi\u00e8re \u00e0 la construction et \u00e0 l'agriculture. Leur capacit\u00e9 d'adaptation aux diff\u00e9rents besoins des \u00e9quipements permet aux entreprises de standardiser leurs composants, simplifiant ainsi la maintenance et am\u00e9liorant l'efficacit\u00e9 op\u00e9rationnelle.<\/li>\n<\/ul>\n<h2><strong>Cas d'utilisation des v\u00e9rins hydrauliques de levage pour v\u00e9hicules de stockage et de manutention<\/strong><strong>:<\/strong><\/h2>\n<p>Les v\u00e9rins hydrauliques de levage sont essentiels au bon fonctionnement des v\u00e9hicules de stockage et de manutention. Leur capacit\u00e9 \u00e0 lever et \u00e0 abaisser des charges lourdes en douceur et en toute s\u00e9curit\u00e9 les rend indispensables dans diverses applications industrielles. Voici quelques exemples d'utilisation cl\u00e9s\u00a0:<\/p>\n<h4>1. <strong>Op\u00e9rations d'entrep\u00f4t<\/strong><\/h4>\n<p>Dans les entrep\u00f4ts, les v\u00e9rins hydrauliques de levage sont essentiels au d\u00e9placement et \u00e0 l'empilage des palettes. Ils permettent aux chariots \u00e9l\u00e9vateurs et aux transpalettes de soulever des charges lourdes vers les \u00e9tag\u00e8res hautes, optimisant ainsi l'espace de stockage vertical et facilitant l'acc\u00e8s aux stocks.<\/p>\n<h4>2. <strong>Chargement et d\u00e9chargement<\/strong><\/h4>\n<p>Lors du chargement et du d\u00e9chargement des camions, ces v\u00e9rins fournissent la puissance n\u00e9cessaire pour lever et abaisser efficacement la cargaison. Cette capacit\u00e9 r\u00e9duit le temps consacr\u00e9 \u00e0 ces t\u00e2ches et minimise les risques d'endommagement des marchandises.<\/p>\n<h4>3. <strong>Installations de fabrication<\/strong><\/h4>\n<p>Dans les environnements industriels, les v\u00e9rins hydrauliques de levage facilitent le transport des composants entre les diff\u00e9rentes \u00e9tapes de production. Ils permettent un positionnement pr\u00e9cis des mat\u00e9riaux, am\u00e9liorant ainsi le flux de travail et la productivit\u00e9 sur les cha\u00eenes de montage.<\/p>\n<h4>4. <strong>Chantiers de construction<\/strong><\/h4>\n<p>Sur les chantiers, ces v\u00e9rins sont essentiels pour soulever des mat\u00e9riaux lourds tels que des poutres, des blocs de b\u00e9ton et des \u00e9quipements. Ils permettent un positionnement pr\u00e9cis des charges, am\u00e9liorant ainsi la s\u00e9curit\u00e9 et l'efficacit\u00e9 des travaux.<\/p>\n<h4>5. <strong>Industrie automobile<\/strong><\/h4>\n<p>Les v\u00e9rins hydrauliques de levage sont utilis\u00e9s sur les cha\u00eenes de montage automobiles pour soulever des v\u00e9hicules ou des composants lors de la fabrication et des r\u00e9parations. Leur capacit\u00e9 \u00e0 assurer un levage stable les rend id\u00e9aux pour les t\u00e2ches exigeant de la pr\u00e9cision.<\/p>\n<p>Vous recherchez des v\u00e9rins pour chariots \u00e9l\u00e9vateurs robustes\u00a0? D\u00e9couvrez notre <a href=\"https:\/\/www.hydraulic-cylinders.net\/fr\/forklift-hydraulic-cylinder\/\">V\u00e9rins hydrauliques robustes<\/a>.<\/p>\n<h2><strong>Zone de production de v\u00e9rins de chariot \u00e9l\u00e9vateur :<\/strong><\/h2>\n<h2><img loading=\"lazy\" decoding=\"async\" class=\"alignnone size-full wp-image-16972\" src=\"https:\/\/www.hydraulic-cylinders.net\/wp-content\/uploads\/2025\/01\/hydraulic-cylinder-factory-1-scaled.webp\" sizes=\"(min-width: 0px) and (max-width: 480px) 480px, (min-width: 481px) and (max-width: 980px) 980px, (min-width: 981px) and (max-width: 1280px) 1280px, (min-width: 1281px) 2016px, 100vw\" srcset=\"https:\/\/www.hydraulic-cylinders.net\/wp-content\/uploads\/2025\/01\/hydraulic-cylinder-factory-1-scaled.webp 2016w, https:\/\/www.hydraulic-cylinders.net\/wp-content\/uploads\/2025\/01\/hydraulic-cylinder-factory-1-1280x1625.webp 1280w, https:\/\/www.hydraulic-cylinders.net\/wp-content\/uploads\/2025\/01\/hydraulic-cylinder-factory-1-980x1244.webp 980w, https:\/\/www.hydraulic-cylinders.net\/wp-content\/uploads\/2025\/01\/hydraulic-cylinder-factory-1-480x610.webp 480w\" alt=\"\" width=\"2016\" height=\"2560\" \/><\/h2>\n<p>Nous disposons d'une plateforme de R&amp;D ind\u00e9pendante de premier ordre pour l'assemblage. Notre atelier de production de v\u00e9rins de chariot \u00e9l\u00e9vateur dispose de quatre lignes d'assemblage semi-automatiques de v\u00e9rins de levage et d'une ligne d'assemblage enti\u00e8rement automatique de v\u00e9rins d'inclinaison, pour une capacit\u00e9 de production annuelle pr\u00e9vue de plusieurs millions de pi\u00e8ces. Notre atelier de v\u00e9rins sp\u00e9ciaux dispose de syst\u00e8mes de nettoyage et d'assemblage semi-automatiques de diverses sp\u00e9cifications, pour une capacit\u00e9 de production annuelle pr\u00e9vue de 200\u00a0000 pi\u00e8ces. Il est \u00e9quip\u00e9 d'\u00e9quipements d'usinage CNC de marques renomm\u00e9es, de centres d'usinage, d'\u00e9quipements sp\u00e9ciaux pour l'usinage de haute pr\u00e9cision des v\u00e9rins, de robots de soudage, de machines de nettoyage automatiques, de machines d'assemblage automatiques de v\u00e9rins et de lignes de production de peinture automatiques. Nous disposons de plus de 300 \u00e9quipements cl\u00e9s en fonctionnement. L'optimisation et l'utilisation efficace de nos ressources garantissent la pr\u00e9cision et le respect des normes de qualit\u00e9 les plus strictes.<\/p>\n<p>L'atelier d'usinage est \u00e9quip\u00e9 de centres de tournage \u00e0 rail de guidage inclinable sur mesure, de centres d'usinage, de machines de rodage \u00e0 grande vitesse, de robots de soudage et d'autres \u00e9quipements pertinents, qui peuvent g\u00e9rer le travail d'usinage de tubes cylindriques avec un ID maximal de 400 mm et une longueur maximale de 6 m\u00e8tres.<\/p>\n<h2><img loading=\"lazy\" decoding=\"async\" class=\"alignnone size-full wp-image-16973\" src=\"https:\/\/www.hydraulic-cylinders.net\/wp-content\/uploads\/2025\/01\/hydraulic-cylinder-factory-2-scaled.webp\" sizes=\"(min-width: 0px) and (max-width: 480px) 480px, (min-width: 481px) and (max-width: 980px) 980px, (min-width: 981px) and (max-width: 1280px) 1280px, (min-width: 1281px) 2011px, 100vw\" srcset=\"https:\/\/www.hydraulic-cylinders.net\/wp-content\/uploads\/2025\/01\/hydraulic-cylinder-factory-2-scaled.webp 2011w, https:\/\/www.hydraulic-cylinders.net\/wp-content\/uploads\/2025\/01\/hydraulic-cylinder-factory-2-1280x1629.webp 1280w, https:\/\/www.hydraulic-cylinders.net\/wp-content\/uploads\/2025\/01\/hydraulic-cylinder-factory-2-980x1248.webp 980w, https:\/\/www.hydraulic-cylinders.net\/wp-content\/uploads\/2025\/01\/hydraulic-cylinder-factory-2-480x611.webp 480w\" alt=\"\" width=\"2011\" height=\"2560\" \/><\/h2>\n<p>Nous disposons d'une ligne de peinture \u00e0 l'eau enti\u00e8rement automatique pour les cylindres de petite et moyenne taille, \u00e9quip\u00e9e de robots de chargement et de d\u00e9chargement automatiques et de pulv\u00e9risation automatis\u00e9e, avec une capacit\u00e9 de production pr\u00e9vue de 4\u00a0000 pi\u00e8ces par \u00e9quipe. Nous disposons \u00e9galement d'une ligne de peinture semi-automatique pour les cylindres de grande taille, entra\u00een\u00e9e par cha\u00eene, d'une capacit\u00e9 pr\u00e9vue de 60 caisses par \u00e9quipe.<\/p>\n<p>Pour am\u00e9liorer encore les performances des produits et \u00e9tablir la position de leader de nos v\u00e9rins hydrauliques dans l'industrie, notre soci\u00e9t\u00e9 et zjimee ont conjointement cr\u00e9\u00e9 un laboratoire de performances complet de v\u00e9rins hydrauliques, de vannes hydrauliques et de pompes hydrauliques ; le laboratoire est un laboratoire de tests assist\u00e9s par ordinateur utilisant la technologie \u00e9lectrohydraulique, les conditions de test sont pr\u00e9r\u00e9gl\u00e9es par un ordinateur qui am\u00e9liore la pr\u00e9cision des tests et la polyvalence du syst\u00e8me, ainsi que les donn\u00e9es exp\u00e9rimentales.<\/p>\n<p>La collecte automatique est r\u00e9alis\u00e9e gr\u00e2ce \u00e0 des capteurs. Les donn\u00e9es de sortie, telles que les fuites internes et l'efficacit\u00e9 de charge du v\u00e9rin ou de la soupape, sont trait\u00e9es directement par l'ordinateur et converties en unit\u00e9s standard (ml\/min\u00b9TP\u00b3T). Parall\u00e8lement, afin de garantir la s\u00e9curit\u00e9 de fonctionnement du syst\u00e8me hydraulique, la surveillance de l'\u00e9tat des param\u00e8tres cl\u00e9s de performance, tels que la temp\u00e9rature de l'huile, le niveau de liquide et le filtre, est assur\u00e9e. Le banc d'essai de v\u00e9rin hydraulique permet notamment de tester la performance de la charge.<br \/>\nL'efficacit\u00e9 et les fuites internes sont mesur\u00e9es. Il est \u00e9galement \u00e9quip\u00e9 d'un instrument de mesure \u00e0 r\u00e8gle gradu\u00e9e r\u00e9pondant aux exigences de tous les tests de v\u00e9rins hydrauliques, conform\u00e9ment \u00e0 la norme nationale.<\/p>\n<p>&nbsp;<\/p>","protected":false},"excerpt":{"rendered":"<p>Lifting Hydraulic Cylinders for Storage and Handling Vehicles Lifting hydraulic cylinders are essential components in storage and handling vehicles, enabling efficient lifting and lowering of heavy loads. These cylinders convert hydraulic pressure into mechanical force, providing the power necessary to perform a variety of tasks in warehouses, distribution centers, and manufacturing facilities. Their reliability and [&hellip;]<\/p>","protected":false},"featured_media":17599,"comment_status":"open","ping_status":"closed","template":"","meta":{"_et_pb_use_builder":"","_et_pb_old_content":"","_et_gb_content_width":""},"product_brand":[],"product_cat":[1484,1549],"product_tag":[],"class_list":{"0":"post-17596","1":"product","2":"type-product","3":"status-publish","4":"has-post-thumbnail","6":"product_cat-forklift-hydraulic-cylinders","7":"product_cat-single-acting-hydraulic-cylinder","9":"first","10":"instock","11":"shipping-taxable","12":"product-type-simple"},"amp_enabled":true,"_links":{"self":[{"href":"https:\/\/www.hydraulic-cylinders.net\/fr\/wp-json\/wp\/v2\/product\/17596","targetHints":{"allow":["GET"]}}],"collection":[{"href":"https:\/\/www.hydraulic-cylinders.net\/fr\/wp-json\/wp\/v2\/product"}],"about":[{"href":"https:\/\/www.hydraulic-cylinders.net\/fr\/wp-json\/wp\/v2\/types\/product"}],"replies":[{"embeddable":true,"href":"https:\/\/www.hydraulic-cylinders.net\/fr\/wp-json\/wp\/v2\/comments?post=17596"}],"wp:featuredmedia":[{"embeddable":true,"href":"https:\/\/www.hydraulic-cylinders.net\/fr\/wp-json\/wp\/v2\/media\/17599"}],"wp:attachment":[{"href":"https:\/\/www.hydraulic-cylinders.net\/fr\/wp-json\/wp\/v2\/media?parent=17596"}],"wp:term":[{"taxonomy":"product_brand","embeddable":true,"href":"https:\/\/www.hydraulic-cylinders.net\/fr\/wp-json\/wp\/v2\/product_brand?post=17596"},{"taxonomy":"product_cat","embeddable":true,"href":"https:\/\/www.hydraulic-cylinders.net\/fr\/wp-json\/wp\/v2\/product_cat?post=17596"},{"taxonomy":"product_tag","embeddable":true,"href":"https:\/\/www.hydraulic-cylinders.net\/fr\/wp-json\/wp\/v2\/product_tag?post=17596"}],"curies":[{"name":"wp","href":"https:\/\/api.w.org\/{rel}","templated":true}]}}