{"id":17606,"date":"2025-03-18T06:59:19","date_gmt":"2025-03-18T06:59:19","guid":{"rendered":"https:\/\/www.hydraulic-cylinders.net\/?post_type=product&#038;p=17606"},"modified":"2025-04-11T01:44:46","modified_gmt":"2025-04-11T01:44:46","slug":"lift-hydraulic-cylinders-for-forward-moving-forklift","status":"publish","type":"product","link":"https:\/\/www.hydraulic-cylinders.net\/fr\/produit\/lift-hydraulic-cylinders-for-forward-moving-forklift\/","title":{"rendered":"V\u00e9rins hydrauliques de levage pour chariot \u00e9l\u00e9vateur \u00e0 d\u00e9placement avant"},"content":{"rendered":"<h1 style=\"text-align: center;\"><strong>V\u00e9rins hydrauliques de levage pour chariot \u00e9l\u00e9vateur \u00e0 d\u00e9placement avant<\/strong><\/h1>\n<p>Les v\u00e9rins hydrauliques de levage sont des composants essentiels des chariots \u00e9l\u00e9vateurs \u00e0 d\u00e9placement avant. Ils fournissent la puissance de levage n\u00e9cessaire \u00e0 la manutention efficace des charges lourdes. Ces v\u00e9rins convertissent la pression hydraulique en force m\u00e9canique, permettant ainsi aux chariots \u00e9l\u00e9vateurs de lever et d'abaisser les charges avec pr\u00e9cision. Leur conception robuste et leur fiabilit\u00e9 les rendent indispensables dans diverses applications industrielles, am\u00e9liorant la productivit\u00e9 et la s\u00e9curit\u00e9.<\/p>\n<p>Les v\u00e9rins hydrauliques de levage sont essentiels au bon fonctionnement des chariots \u00e9l\u00e9vateurs \u00e0 d\u00e9placement avant. Leur capacit\u00e9 de charge \u00e9lev\u00e9e, leur robustesse et leur fonctionnement fluide les rendent indispensables dans de nombreuses applications industrielles. En ma\u00eetrisant leurs caract\u00e9ristiques, leur utilisation et leur entretien, les op\u00e9rateurs peuvent optimiser les performances et la s\u00e9curit\u00e9 de leur \u00e9quipement, et ainsi am\u00e9liorer la productivit\u00e9 des op\u00e9rations de manutention. Investir dans des v\u00e9rins hydrauliques de levage de haute qualit\u00e9 garantit un fonctionnement fiable et efficace, facteur cl\u00e9 de succ\u00e8s pour toute entreprise.<\/p>\n<h1 style=\"text-align: center;\"><img loading=\"lazy\" decoding=\"async\" class=\"alignnone wp-image-17609\" src=\"https:\/\/www.hydraulic-cylinders.net\/wp-content\/uploads\/2025\/03\/Lift-hydraulic-cylinders-for-Forward-moving-forklift--scaled.webp\" alt=\"\" width=\"500\" height=\"500\" \/><\/h1>\n<p style=\"text-align: center;\"><strong>V\u00e9rins hydrauliques de levage d'un gerbeur<\/strong><\/p>\n<h2><strong>V\u00e9rins hydrauliques de levage pour chariot \u00e9l\u00e9vateur \u00e0 d\u00e9placement avant <\/strong><strong>Sp\u00e9cifications techniques<\/strong><strong>:<\/strong><\/h2>\n<p><strong>Fonction:<\/strong> Pour r\u00e9aliser le mouvement de levage et d'abaissement du portique<br \/>\n<strong>Diam\u00e8tre du cylindre :<\/strong> 45 mm-75 mm<br \/>\n<strong>Diam\u00e8tre de la tige :<\/strong> 45 mm-65 mm<br \/>\n<strong>Voyage:<\/strong> 500 mm - 3980 mm<br \/>\n<strong>Pression maximale:<\/strong> 21 MPa<br \/>\n<strong>Pouss\u00e9e maximale :<\/strong> 93 kN<\/p>\n<h2><strong>S\u00e9rie de v\u00e9rins pour chariots \u00e9l\u00e9vateurs \u00e0 d\u00e9placement avant\u00a0:\u00a0<\/strong><\/h2>\n<h2><img loading=\"lazy\" decoding=\"async\" class=\"alignnone size-full wp-image-17611\" src=\"https:\/\/www.hydraulic-cylinders.net\/wp-content\/uploads\/2025\/03\/Forward-moving-forklift-hydraulic-cylinders-construction.webp\" alt=\"Construction de v\u00e9rins hydrauliques pour chariots \u00e9l\u00e9vateurs \u00e0 d\u00e9placement avant\" width=\"1100\" height=\"615\" srcset=\"https:\/\/www.hydraulic-cylinders.net\/wp-content\/uploads\/2025\/03\/Forward-moving-forklift-hydraulic-cylinders-construction.webp 1100w, https:\/\/www.hydraulic-cylinders.net\/wp-content\/uploads\/2025\/03\/Forward-moving-forklift-hydraulic-cylinders-construction-980x548.webp 980w, https:\/\/www.hydraulic-cylinders.net\/wp-content\/uploads\/2025\/03\/Forward-moving-forklift-hydraulic-cylinders-construction-480x268.webp 480w\" sizes=\"(min-width: 0px) and (max-width: 480px) 480px, (min-width: 481px) and (max-width: 980px) 980px, (min-width: 981px) 1100px, 100vw\" \/><\/h2>\n<h2><strong>Caract\u00e9ristiques principales des v\u00e9rins hydrauliques de levage pour chariot \u00e9l\u00e9vateur \u00e0 d\u00e9placement avant<\/strong><strong>:<\/strong><\/h2>\n<ul>\n<li><strong>Capacit\u00e9 de charge \u00e9lev\u00e9e :<\/strong> Les v\u00e9rins hydrauliques de levage sont sp\u00e9cialement con\u00e7us pour supporter des charges importantes, offrant la puissance n\u00e9cessaire pour soulever des charges lourdes en toute s\u00e9curit\u00e9. Cette capacit\u00e9 est essentielle pour pr\u00e9venir les accidents, car elle garantit que le chariot \u00e9l\u00e9vateur fonctionne dans les limites de sa charge admissible. En facilitant une manutention efficace des mat\u00e9riaux, ces v\u00e9rins am\u00e9liorent la productivit\u00e9 et r\u00e9duisent le temps n\u00e9cessaire aux op\u00e9rations de levage, permettant ainsi aux op\u00e9rateurs de se concentrer sur d'autres activit\u00e9s essentielles.<\/li>\n<li><strong>Construction durable :<\/strong> Fabriqu\u00e9s \u00e0 partir de mat\u00e9riaux haute r\u00e9sistance, les v\u00e9rins hydrauliques de levage r\u00e9sistent \u00e0 l'usure m\u00eame dans les environnements les plus exigeants. Leur conception robuste garantit non seulement une performance durable, mais minimise \u00e9galement consid\u00e9rablement le risque de panne m\u00e9canique. Cette durabilit\u00e9 se traduit par des co\u00fbts de maintenance r\u00e9duits et des temps d'arr\u00eat minimis\u00e9s, faisant de ces v\u00e9rins un choix rentable pour les entreprises \u00e0 la recherche d'un \u00e9quipement fiable capable de r\u00e9sister aux rigueurs d'une utilisation quotidienne.<\/li>\n<li><strong>Fonctionnement fluide :<\/strong> Le syst\u00e8me hydraulique de ces v\u00e9rins assure des mouvements de levage et d'abaissement fluides et r\u00e9guliers, essentiels \u00e0 la stabilit\u00e9 de la charge. En minimisant les \u00e0-coups et les vibrations, les v\u00e9rins hydrauliques de levage renforcent la s\u00e9curit\u00e9 de l'op\u00e9rateur et du personnel environnant. Ce fonctionnement en douceur permet \u00e9galement un meilleur contr\u00f4le lors de la manipulation de mat\u00e9riaux sensibles ou fragiles, garantissant leur maintien en place tout au long de l'op\u00e9ration de levage.<\/li>\n<li><strong>Conception compacte :<\/strong> Lift hydraulic cylinders come in a variety of sizes to accommodate different forklift models, allowing for seamless integration into existing equipment. This compact design does not compromise the vehicle&#8217;s maneuverability, enabling operators to navigate tight spaces with ease. The adaptability of these cylinders ensures that they can be used across various applications without requiring significant modifications to the forklift.<\/li>\n<li><strong>Applications polyvalentes :<\/strong> Ces v\u00e9rins hydrauliques conviennent \u00e0 de nombreux secteurs d'activit\u00e9, notamment la logistique, la production et le BTP. Leur polyvalence leur permet de s'adapter \u00e0 divers besoins op\u00e9rationnels, du stockage et de la manutention en entrep\u00f4t au levage de charges lourdes sur les chantiers. Cette large applicabilit\u00e9 permet aux entreprises d'utiliser les v\u00e9rins hydrauliques de levage dans de multiples contextes, optimisant ainsi leurs processus de manutention et am\u00e9liorant leur efficacit\u00e9 globale.<\/li>\n<\/ul>\n<h2><strong>Cas d'utilisation des v\u00e9rins hydrauliques de levage pour chariots \u00e9l\u00e9vateurs \u00e0 d\u00e9placement avant<\/strong><strong>:<\/strong><\/h2>\n<p>Les v\u00e9rins hydrauliques de levage jouent un r\u00f4le crucial dans l'am\u00e9lioration de la fonctionnalit\u00e9 et de l'efficacit\u00e9 des chariots \u00e9l\u00e9vateurs \u00e0 d\u00e9placement avant. Voici quelques exemples d'utilisation cl\u00e9s qui soulignent leur importance dans divers secteurs d'activit\u00e9\u00a0:<\/p>\n<h3>1. <strong>Op\u00e9rations d'entrep\u00f4t<\/strong><\/h3>\n<p>Dans les entrep\u00f4ts, les v\u00e9rins hydrauliques permettent aux chariots \u00e9l\u00e9vateurs d'empiler et de d\u00e9placer les palettes \u00e0 diff\u00e9rentes hauteurs. Cette fonctionnalit\u00e9 optimise l'espace de stockage vertical et permet un acc\u00e8s rapide aux stocks, rationalisant ainsi les op\u00e9rations et am\u00e9liorant l'efficacit\u00e9 globale.<\/p>\n<h3>2. <strong>Chargement et d\u00e9chargement<\/strong><\/h3>\n<p>Les v\u00e9rins hydrauliques de levage facilitent le chargement et le d\u00e9chargement des marchandises des camions et des conteneurs. En permettant aux chariots \u00e9l\u00e9vateurs de lever et d'abaisser les charges en douceur, ils minimisent les risques d'endommagement des produits et r\u00e9duisent le temps consacr\u00e9 \u00e0 ces op\u00e9rations, am\u00e9liorant ainsi la productivit\u00e9 globale.<\/p>\n<h3>3. <strong>Pr\u00e9paration de commandes<\/strong><\/h3>\n<p>Dans les environnements o\u00f9 la pr\u00e9paration de commandes est essentielle, les v\u00e9rins hydrauliques permettent aux chariots \u00e9l\u00e9vateurs de se positionner avec pr\u00e9cision \u00e0 la hauteur requise pour acc\u00e9der \u00e0 des articles sp\u00e9cifiques. Cette fonctionnalit\u00e9 am\u00e9liore la pr\u00e9cision de l'ex\u00e9cution des commandes et accro\u00eet l'efficacit\u00e9 op\u00e9rationnelle globale.<\/p>\n<h3>4. <strong>Cross-docking<\/strong><\/h3>\n<p>Dans les op\u00e9rations de cross-docking, o\u00f9 les produits sont transf\u00e9r\u00e9s directement du transport entrant au transport sortant, les v\u00e9rins hydrauliques de levage permettent de d\u00e9placer les palettes rapidement et efficacement. Cela r\u00e9duit le temps de manutention et assure un flux de marchandises fluide tout au long de la cha\u00eene d'approvisionnement.<\/p>\n<h3>5. <strong>Installations de fabrication<\/strong><\/h3>\n<p>Dans les environnements de production, les v\u00e9rins hydrauliques de levage facilitent le transport des mati\u00e8res premi\u00e8res et des produits finis entre les diff\u00e9rentes \u00e9tapes de production. Leur capacit\u00e9 \u00e0 soulever des charges lourdes en toute s\u00e9curit\u00e9 am\u00e9liore le flux de travail et la productivit\u00e9 sur les cha\u00eenes de montage.<\/p>\n<p>Vous recherchez des v\u00e9rins pour chariots \u00e9l\u00e9vateurs robustes\u00a0? D\u00e9couvrez notre <a href=\"https:\/\/www.hydraulic-cylinders.net\/fr\/forklift-hydraulic-cylinder\/\">V\u00e9rins hydrauliques robustes<\/a>.<\/p>\n<h2><strong>Zone de production de v\u00e9rins de chariot \u00e9l\u00e9vateur :<\/strong><\/h2>\n<h2><img loading=\"lazy\" decoding=\"async\" class=\"alignnone size-full wp-image-16972\" src=\"https:\/\/www.hydraulic-cylinders.net\/wp-content\/uploads\/2025\/01\/hydraulic-cylinder-factory-1-scaled.webp\" sizes=\"(min-width: 0px) and (max-width: 480px) 480px, (min-width: 481px) and (max-width: 980px) 980px, (min-width: 981px) and (max-width: 1280px) 1280px, (min-width: 1281px) 2016px, 100vw\" srcset=\"https:\/\/www.hydraulic-cylinders.net\/wp-content\/uploads\/2025\/01\/hydraulic-cylinder-factory-1-scaled.webp 2016w, https:\/\/www.hydraulic-cylinders.net\/wp-content\/uploads\/2025\/01\/hydraulic-cylinder-factory-1-1280x1625.webp 1280w, https:\/\/www.hydraulic-cylinders.net\/wp-content\/uploads\/2025\/01\/hydraulic-cylinder-factory-1-980x1244.webp 980w, https:\/\/www.hydraulic-cylinders.net\/wp-content\/uploads\/2025\/01\/hydraulic-cylinder-factory-1-480x610.webp 480w\" alt=\"\" width=\"2016\" height=\"2560\" \/><\/h2>\n<p>Nous disposons d'une plateforme de R&amp;D ind\u00e9pendante de premier ordre pour l'assemblage. Notre atelier de production de v\u00e9rins de chariot \u00e9l\u00e9vateur dispose de quatre lignes d'assemblage semi-automatiques de v\u00e9rins de levage et d'une ligne d'assemblage enti\u00e8rement automatique de v\u00e9rins d'inclinaison, pour une capacit\u00e9 de production annuelle pr\u00e9vue de plusieurs millions de pi\u00e8ces. Notre atelier de v\u00e9rins sp\u00e9ciaux dispose de syst\u00e8mes de nettoyage et d'assemblage semi-automatiques de diverses sp\u00e9cifications, pour une capacit\u00e9 de production annuelle pr\u00e9vue de 200\u00a0000 pi\u00e8ces. Il est \u00e9quip\u00e9 d'\u00e9quipements d'usinage CNC de marques renomm\u00e9es, de centres d'usinage, d'\u00e9quipements sp\u00e9ciaux pour l'usinage de haute pr\u00e9cision des v\u00e9rins, de robots de soudage, de machines de nettoyage automatiques, de machines d'assemblage automatiques de v\u00e9rins et de lignes de production de peinture automatiques. Nous disposons de plus de 300 \u00e9quipements cl\u00e9s en fonctionnement. L'optimisation et l'utilisation efficace de nos ressources garantissent la pr\u00e9cision et le respect des normes de qualit\u00e9 les plus strictes.<\/p>\n<p>L'atelier d'usinage est \u00e9quip\u00e9 de centres de tournage \u00e0 rail de guidage inclinable sur mesure, de centres d'usinage, de machines de rodage \u00e0 grande vitesse, de robots de soudage et d'autres \u00e9quipements pertinents, qui peuvent g\u00e9rer le travail d'usinage de tubes cylindriques avec un ID maximal de 400 mm et une longueur maximale de 6 m\u00e8tres.<\/p>\n<h2><img loading=\"lazy\" decoding=\"async\" class=\"alignnone size-full wp-image-16973\" src=\"https:\/\/www.hydraulic-cylinders.net\/wp-content\/uploads\/2025\/01\/hydraulic-cylinder-factory-2-scaled.webp\" sizes=\"(min-width: 0px) and (max-width: 480px) 480px, (min-width: 481px) and (max-width: 980px) 980px, (min-width: 981px) and (max-width: 1280px) 1280px, (min-width: 1281px) 2011px, 100vw\" srcset=\"https:\/\/www.hydraulic-cylinders.net\/wp-content\/uploads\/2025\/01\/hydraulic-cylinder-factory-2-scaled.webp 2011w, https:\/\/www.hydraulic-cylinders.net\/wp-content\/uploads\/2025\/01\/hydraulic-cylinder-factory-2-1280x1629.webp 1280w, https:\/\/www.hydraulic-cylinders.net\/wp-content\/uploads\/2025\/01\/hydraulic-cylinder-factory-2-980x1248.webp 980w, https:\/\/www.hydraulic-cylinders.net\/wp-content\/uploads\/2025\/01\/hydraulic-cylinder-factory-2-480x611.webp 480w\" alt=\"\" width=\"2011\" height=\"2560\" \/><\/h2>\n<p>Nous disposons d'une ligne de peinture \u00e0 l'eau enti\u00e8rement automatique pour les cylindres de petite et moyenne taille, \u00e9quip\u00e9e de robots de chargement et de d\u00e9chargement automatiques et de pulv\u00e9risation automatis\u00e9e, avec une capacit\u00e9 de production pr\u00e9vue de 4\u00a0000 pi\u00e8ces par \u00e9quipe. Nous disposons \u00e9galement d'une ligne de peinture semi-automatique pour les cylindres de grande taille, entra\u00een\u00e9e par cha\u00eene, d'une capacit\u00e9 pr\u00e9vue de 60 caisses par \u00e9quipe.<\/p>\n<p>Pour am\u00e9liorer encore les performances des produits et \u00e9tablir la position de leader de nos v\u00e9rins hydrauliques dans l'industrie, notre soci\u00e9t\u00e9 et zjimee ont conjointement cr\u00e9\u00e9 un laboratoire de performances complet de v\u00e9rins hydrauliques, de vannes hydrauliques et de pompes hydrauliques ; le laboratoire est un laboratoire de tests assist\u00e9s par ordinateur utilisant la technologie \u00e9lectrohydraulique, les conditions de test sont pr\u00e9r\u00e9gl\u00e9es par un ordinateur qui am\u00e9liore la pr\u00e9cision des tests et la polyvalence du syst\u00e8me, ainsi que les donn\u00e9es exp\u00e9rimentales.<\/p>\n<p>La collecte automatique est r\u00e9alis\u00e9e gr\u00e2ce \u00e0 des capteurs. Les donn\u00e9es de sortie, telles que les fuites internes et l'efficacit\u00e9 de charge du v\u00e9rin ou de la soupape, sont trait\u00e9es directement par l'ordinateur et converties en unit\u00e9s standard (ml\/min\u00b9TP\u00b3T). Parall\u00e8lement, afin de garantir la s\u00e9curit\u00e9 de fonctionnement du syst\u00e8me hydraulique, la surveillance de l'\u00e9tat des param\u00e8tres cl\u00e9s de performance, tels que la temp\u00e9rature de l'huile, le niveau de liquide et le filtre, est assur\u00e9e. Le banc d'essai de v\u00e9rin hydraulique permet notamment de tester la performance de la charge.<br \/>\nL'efficacit\u00e9 et les fuites internes sont mesur\u00e9es. Il est \u00e9galement \u00e9quip\u00e9 d'un instrument de mesure \u00e0 r\u00e8gle gradu\u00e9e r\u00e9pondant aux exigences de tous les tests de v\u00e9rins hydrauliques, conform\u00e9ment \u00e0 la norme nationale.<\/p>","protected":false},"excerpt":{"rendered":"<p>Lift Hydraulic Cylinders For Forward Moving Forklift Lift hydraulic cylinders are essential components of forward moving forklifts, providing the necessary lifting power to handle heavy loads efficiently. These cylinders convert hydraulic pressure into mechanical force, enabling forklifts to raise and lower loads with precision. Their robust design and reliable performance make them indispensable in various [&hellip;]<\/p>","protected":false},"featured_media":17610,"comment_status":"open","ping_status":"closed","template":"","meta":{"_et_pb_use_builder":"","_et_pb_old_content":"","_et_gb_content_width":""},"product_brand":[],"product_cat":[1484,1549],"product_tag":[],"class_list":{"0":"post-17606","1":"product","2":"type-product","3":"status-publish","4":"has-post-thumbnail","6":"product_cat-forklift-hydraulic-cylinders","7":"product_cat-single-acting-hydraulic-cylinder","9":"first","10":"instock","11":"shipping-taxable","12":"product-type-simple"},"amp_enabled":true,"_links":{"self":[{"href":"https:\/\/www.hydraulic-cylinders.net\/fr\/wp-json\/wp\/v2\/product\/17606","targetHints":{"allow":["GET"]}}],"collection":[{"href":"https:\/\/www.hydraulic-cylinders.net\/fr\/wp-json\/wp\/v2\/product"}],"about":[{"href":"https:\/\/www.hydraulic-cylinders.net\/fr\/wp-json\/wp\/v2\/types\/product"}],"replies":[{"embeddable":true,"href":"https:\/\/www.hydraulic-cylinders.net\/fr\/wp-json\/wp\/v2\/comments?post=17606"}],"wp:featuredmedia":[{"embeddable":true,"href":"https:\/\/www.hydraulic-cylinders.net\/fr\/wp-json\/wp\/v2\/media\/17610"}],"wp:attachment":[{"href":"https:\/\/www.hydraulic-cylinders.net\/fr\/wp-json\/wp\/v2\/media?parent=17606"}],"wp:term":[{"taxonomy":"product_brand","embeddable":true,"href":"https:\/\/www.hydraulic-cylinders.net\/fr\/wp-json\/wp\/v2\/product_brand?post=17606"},{"taxonomy":"product_cat","embeddable":true,"href":"https:\/\/www.hydraulic-cylinders.net\/fr\/wp-json\/wp\/v2\/product_cat?post=17606"},{"taxonomy":"product_tag","embeddable":true,"href":"https:\/\/www.hydraulic-cylinders.net\/fr\/wp-json\/wp\/v2\/product_tag?post=17606"}],"curies":[{"name":"wp","href":"https:\/\/api.w.org\/{rel}","templated":true}]}}