{"id":1761,"date":"2023-10-13T05:50:50","date_gmt":"2023-10-13T05:50:50","guid":{"rendered":"https:\/\/hydraulic-cylinders.net\/?post_type=product&#038;p=1761"},"modified":"2025-04-15T05:55:24","modified_gmt":"2025-04-15T05:55:24","slug":"cutter-suction-dredger-inverted-pile-cylinder","status":"publish","type":"product","link":"https:\/\/www.hydraulic-cylinders.net\/fr\/produit\/cutter-suction-dredger-inverted-pile-cylinder\/","title":{"rendered":"Dragueur \u00e0 coupe et aspiration \u00e0 cylindre \u00e0 pieu invers\u00e9"},"content":{"rendered":"<h1 style=\"text-align: center;\"><strong>Dragueur \u00e0 coupe et aspiration \u00e0 cylindre \u00e0 pieu invers\u00e9<\/strong><\/h1>\n<p><img loading=\"lazy\" decoding=\"async\" class=\"aligncenter wp-image-1763\" src=\"https:\/\/hydraulic-cylinders.net\/wp-content\/uploads\/2023\/10\/cutter-suction-dredger-inverted-pile-cylinder-1-300x300.webp\" alt=\"\" width=\"400\" height=\"400\" \/><\/p>\n<p>Le v\u00e9rin \u00e0 pieu invers\u00e9 pour drague \u00e0 d\u00e9sagr\u00e9gateur est un dispositif hydraulique r\u00e9volutionnaire qui transforme les projets de construction maritime. Gr\u00e2ce \u00e0 sa conception innovante et \u00e0 ses performances exceptionnelles, ce v\u00e9rin est essentiel aux op\u00e9rations de dragage modernes.<\/p>\n<p>Le v\u00e9rin de battage invers\u00e9 pour drague \u00e0 d\u00e9sagr\u00e9gateur a r\u00e9volutionn\u00e9 la construction maritime gr\u00e2ce \u00e0 ses performances exceptionnelles lors des op\u00e9rations de battage de pieux. Sa conception invers\u00e9e, sa capacit\u00e9 haute pression et sa r\u00e9sistance \u00e0 la corrosion en font un appareil hydraulique fiable et durable. En respectant les consignes d'utilisation et en assurant un entretien r\u00e9gulier, les professionnels de la construction maritime peuvent optimiser l'efficacit\u00e9 et la pr\u00e9cision de leurs projets. Adoptez la puissance du v\u00e9rin de battage invers\u00e9 pour drague \u00e0 d\u00e9sagr\u00e9gateur et constatez la diff\u00e9rence qu'il peut apporter \u00e0 vos projets de construction maritime.<\/p>\n<p>Caract\u00e9ristiques principales de la drague \u00e0 coupe-aspiration \u00e0 cylindre \u00e0 pieu invers\u00e9\u00a0:<\/p>\n<ul>\n<li>Conception invers\u00e9e\u00a0: Le cylindre invers\u00e9 de la drague \u00e0 d\u00e9sagr\u00e9gateur pr\u00e9sente une configuration invers\u00e9e unique, avec la tige de piston s\u2019\u00e9tendant vers le bas depuis le cylindre. Cette conception permet des op\u00e9rations de battage de pieux efficaces et pr\u00e9cises en milieu marin.<\/li>\n<li>Capacit\u00e9 haute pression\u00a0: Ce v\u00e9rin est con\u00e7u pour r\u00e9sister aux hautes pressions, garantissant des performances fiables et robustes m\u00eame lors de projets de construction marine exigeants. Il fournit la puissance et la force n\u00e9cessaires pour enfoncer les pieux dans les fonds marins avec une pr\u00e9cision exceptionnelle.<\/li>\n<li>R\u00e9sistance \u00e0 la corrosion\u00a0: Fabriqu\u00e9 \u00e0 partir de mat\u00e9riaux de haute qualit\u00e9, le cylindre \u00e0 pieu invers\u00e9 pr\u00e9sente une excellente r\u00e9sistance \u00e0 la corrosion, \u00e0 la rouille et \u00e0 l\u2019abrasion. Cette caract\u00e9ristique renforce sa durabilit\u00e9 et le rend adapt\u00e9 \u00e0 une utilisation prolong\u00e9e en milieu marin difficile.<\/li>\n<\/ul>\n<h2><strong>Param\u00e8tre du cylindre \u00e0 pieu invers\u00e9 de la drague \u00e0 coupe-aspiration\u00a0:<\/strong><\/h2>\n<table border=\"1\" cellspacing=\"0\" cellpadding=\"0\">\n<tbody>\n<tr>\n<td>Nom du produit<\/td>\n<td>Dragueur \u00e0 coupe et aspiration \u00e0 cylindre \u00e0 pieu invers\u00e9<\/td>\n<\/tr>\n<tr>\n<td>Caract\u00e9ristiques:<\/td>\n<td>Fournir une force de pouss\u00e9e et de traction pour le r\u00e9tractage et le d\u00e9ploiement du pieu en acier<\/td>\n<\/tr>\n<tr>\n<td>Diam\u00e8tre d'al\u00e9sage :<\/td>\n<td>Jusqu'\u00e0 620 mm<\/td>\n<\/tr>\n<tr>\n<td>Diam\u00e8tre de la tige :<\/td>\n<td>Jusqu'\u00e0 360 mm<br \/>\nCourse jusqu'\u00e0 5200 mm<\/td>\n<\/tr>\n<tr>\n<td>Pression:<\/td>\n<td>jusqu'\u00e0 32 MPa<\/td>\n<\/tr>\n<tr>\n<td>Force de pouss\u00e9e :<\/td>\n<td>Maximum 7500 kN<\/td>\n<\/tr>\n<tr>\n<td>Force de traction :<\/td>\n<td>Maximum 5000 kN<\/td>\n<\/tr>\n<tr>\n<td>Applications:<\/td>\n<td>Drague suceuse \u00e0 d\u00e9sagr\u00e9gateur<\/td>\n<\/tr>\n<\/tbody>\n<\/table>\n<div><\/div>\n<div>\n<div class=\"txtboxL\">Caract\u00e9ristiques:<\/div>\n<div class=\"txtboxR\">Fournir une force de pouss\u00e9e et de traction pour le r\u00e9tractage et le d\u00e9ploiement du pieu en acier<\/div>\n<div class=\"txtboxL\">Sp\u00e9cification:<\/div>\n<div class=\"txtboxR\">Diam\u00e8tre d'al\u00e9sage\u00a0: jusqu'\u00e0 620\u00a0mm<br \/>\nDiam\u00e8tre de la tige : jusqu'\u00e0 360 mm<br \/>\nCourse jusqu'\u00e0 5200 mm<\/div>\n<div class=\"txtboxL\">Pression:<\/div>\n<div class=\"txtboxR\">jusqu'\u00e0 32 MPa<\/div>\n<div class=\"txtboxL\">Force de pouss\u00e9e :<\/div>\n<div class=\"txtboxR\">Maximum 7500 kN<\/div>\n<div class=\"txtboxL\">Force de traction :<\/div>\n<div class=\"txtboxR\">Maximum 5000 kN<\/div>\n<\/div>\n<h2><strong>Application des cylindres d'aspiration pour coupe-r\u00e9servoirs de drague :<\/strong><\/h2>\n<p><img loading=\"lazy\" decoding=\"async\" class=\"alignnone wp-image-1757 size-full\" src=\"https:\/\/hydraulic-cylinders.net\/wp-content\/uploads\/2023\/10\/dredger-tank-cylinder-1.webp\" alt=\"\" width=\"600\" height=\"400\" srcset=\"https:\/\/hydraulic-cylinders.net\/wp-content\/uploads\/2023\/10\/dredger-tank-cylinder-1.webp 600w, https:\/\/hydraulic-cylinders.net\/wp-content\/uploads\/2023\/10\/dredger-tank-cylinder-1-480x320.webp 480w\" sizes=\"(min-width: 0px) and (max-width: 480px) 480px, (min-width: 481px) 600px, 100vw\" \/><\/p>\n<h2><strong>Mode d'emploi de la drague \u00e0 succion \u00e0 pieu invers\u00e9<\/strong><strong>:<\/strong><\/h2>\n<ul>\n<li><strong>Pr\u00e9paration:<\/strong> Avant d'utiliser le cylindre de dragage \u00e0 d\u00e9sagr\u00e9gateur et \u00e0 pieux invers\u00e9s, assurez-vous que toutes les pr\u00e9cautions de s\u00e9curit\u00e9 sont respect\u00e9es. Proc\u00e9dez \u00e0 une inspection visuelle pour v\u00e9rifier que le cylindre et ses composants sont en bon \u00e9tat et ne pr\u00e9sentent aucun signe de dommage ou de fuite.<\/li>\n<li><strong>Positionnement :<\/strong> Positionnez le cylindre \u00e0 l'endroit souhait\u00e9 pour le battage. Assurez-vous qu'il est solidement fix\u00e9 \u00e0 la drague ou \u00e0 tout autre \u00e9quipement, afin de garantir sa stabilit\u00e9 et son maintien pendant l'op\u00e9ration.<\/li>\n<li><strong>Connexion:<\/strong> Raccordez les flexibles ou raccords hydrauliques aux orifices correspondants du v\u00e9rin et de la source d'\u00e9nergie hydraulique. V\u00e9rifiez que les raccords sont bien serr\u00e9s, \u00e9tanches et correctement align\u00e9s.<\/li>\n<li><strong>R\u00e9glage de la longueur de la course\u00a0:<\/strong> Ajustez la course du v\u00e9rin en fonction de la profondeur de battage requise. Utilisez g\u00e9n\u00e9ralement les commandes ou m\u00e9canismes pr\u00e9vus \u00e0 cet effet. Suivez les instructions du fabricant pour un r\u00e9glage pr\u00e9cis.<\/li>\n<li><strong>Op\u00e9ration de battage de pieux :<\/strong> Activez la source d'\u00e9nergie hydraulique pour lancer l'op\u00e9ration de battage. Le v\u00e9rin de battage invers\u00e9 de la drague \u00e0 d\u00e9sagr\u00e9gateur exercera une force contr\u00f4l\u00e9e pour enfoncer les pieux dans le fond marin. Surveillez attentivement le processus afin de garantir l'atteinte de la profondeur et de la pr\u00e9cision souhait\u00e9es.<\/li>\n<\/ul>\n<h2><strong>Comment remplacer les joints d'un v\u00e9rin hydraulique ?<\/strong><\/h2>\n<p>Le remplacement des joints d'un v\u00e9rin hydraulique est une op\u00e9ration d'entretien courante qui permet de r\u00e9tablir ses performances et de pr\u00e9venir les fuites. Voici un guide \u00e9tape par \u00e9tape pour remplacer les joints d'un v\u00e9rin hydraulique\u00a0:<\/p>\n<ol>\n<li><strong>Pr\u00e9cautions de s\u00e9curit\u00e9 :<\/strong>\n<ul>\n<li>Assurez-vous que le syst\u00e8me hydraulique est d\u00e9pressuris\u00e9 et que le v\u00e9rin est compl\u00e8tement d\u00e9ploy\u00e9.<\/li>\n<li>Respectez les proc\u00e9dures de consignation\/d\u00e9consignation appropri\u00e9es afin d'\u00e9viter toute activation accidentelle du syst\u00e8me.<\/li>\n<\/ul>\n<\/li>\n<li><strong>D\u00e9pose du cylindre :<\/strong>\n<ul>\n<li>D\u00e9branchez tous les flexibles ou raccords hydrauliques connect\u00e9s au v\u00e9rin.<\/li>\n<li>Retirez toutes les goupilles ou tous les boulons de retenue fixant le cylindre \u00e0 l'\u00e9quipement.<\/li>\n<li>Faites glisser ou man\u0153uvrez avec pr\u00e9caution le cylindre pour le sortir de ses supports ou connexions de montage.<\/li>\n<\/ul>\n<\/li>\n<li><strong>Identification du sceau\u00a0:<\/strong>\n<ul>\n<li>Identifiez le type et la taille des joints \u00e0 remplacer. Vous trouverez ces informations dans la documentation du cylindre ou en mesurant les anciens joints.<\/li>\n<\/ul>\n<\/li>\n<li><strong>D\u00e9montage:<\/strong>\n<ul>\n<li>Placez le cylindre sur une surface de travail propre.<\/li>\n<li>Retirez le ou les capuchons d'extr\u00e9mit\u00e9 du cylindre \u00e0 l'aide d'outils appropri\u00e9s, tels que des cl\u00e9s ou des jeux de douilles.<\/li>\n<li>Retirez soigneusement le piston, la bielle et les anciens joints du cylindre.<\/li>\n<li>Prenez note de l'ordre et de l'orientation des composants au fur et \u00e0 mesure du d\u00e9montage.<\/li>\n<\/ul>\n<\/li>\n<li><strong>Retrait du sceau\u00a0:<\/strong>\n<ul>\n<li>Retirez d\u00e9licatement les anciens joints de leurs rainures respectives \u00e0 l'aide d'outils ou de pics de retrait de joints.<\/li>\n<li>Veillez \u00e0 ne pas endommager l'al\u00e9sage du cylindre ni d'autres surfaces pendant cette op\u00e9ration.<\/li>\n<\/ul>\n<\/li>\n<li><strong>Nettoyage et inspection :<\/strong>\n<ul>\n<li>Nettoyez le cylindre, le piston, la tige et les autres composants \u00e0 l'aide d'un solvant de nettoyage appropri\u00e9 pour \u00e9liminer la salet\u00e9, les d\u00e9bris et les r\u00e9sidus de fluide hydraulique.<\/li>\n<li>Inspectez toutes les pi\u00e8ces pour d\u00e9celer tout signe de dommage ou d'usure, comme des rayures, des piq\u00fbres ou des fissures.<\/li>\n<li>Remplacez les composants endommag\u00e9s ou us\u00e9s, selon les besoins.<\/li>\n<\/ul>\n<\/li>\n<li><strong>Installation d'un nouveau joint :<\/strong>\n<ul>\n<li>Lubrifiez les nouveaux joints avec de l'huile hydraulique avant de les installer.<\/li>\n<li>Ins\u00e9rez soigneusement les nouveaux joints dans leurs rainures respectives, en vous assurant qu'ils sont correctement positionn\u00e9s.<\/li>\n<li>Utilisez des outils d'installation de joints ou des m\u00e9thodes improvis\u00e9es appropri\u00e9es pour presser les joints uniform\u00e9ment en place.<\/li>\n<li>Veillez \u00e0 ne pas endommager les joints d'\u00e9tanch\u00e9it\u00e9 lors de l'installation.<\/li>\n<\/ul>\n<\/li>\n<li><strong>Remontage:<\/strong>\n<ul>\n<li>Remettez le piston, la tige et les joints dans le cylindre en respectant l'ordre et l'orientation corrects.<\/li>\n<li>Appliquez une fine couche d'huile hydraulique sur les joints et autres surfaces de contact.<\/li>\n<li>Remettez soigneusement en place le ou les capuchons et serrez-les fermement conform\u00e9ment aux sp\u00e9cifications du fabricant.<\/li>\n<li>Assurez-vous que tous les raccords filet\u00e9s sont correctement align\u00e9s et serr\u00e9s.<\/li>\n<\/ul>\n<\/li>\n<li><strong>R\u00e9installation du cylindre\u00a0:<\/strong>\n<ul>\n<li>Faites glisser ou man\u0153uvrez le cylindre r\u00e9assembl\u00e9 pour le remettre dans ses supports ou connexions de montage.<\/li>\n<li>Remettez en place les goupilles ou boulons de retenue pour fixer le cylindre.<\/li>\n<li>Rebranchez les flexibles ou raccords hydrauliques au v\u00e9rin, en veillant \u00e0 un alignement et un serrage corrects.<\/li>\n<\/ul>\n<\/li>\n<li><strong>Tests et inspections :<\/strong>\n<ul>\n<li>Repressuriser le syst\u00e8me hydraulique et v\u00e9rifier l'absence de fuites ou de fonctionnement anormal.<\/li>\n<li>D\u00e9ployez et r\u00e9tractez compl\u00e8tement le v\u00e9rin pour assurer un mouvement fluide et un bon fonctionnement.<\/li>\n<li>Inspectez le cylindre et ses raccords afin de d\u00e9celer tout signe de fuite ou autre probl\u00e8me.<\/li>\n<\/ul>\n<\/li>\n<\/ol>\n<h2><strong>Capacit\u00e9 de l'usine :<\/strong><\/h2>\n<h3>(1) Assemblage<\/h3>\n<p>Nous disposons d'une plateforme d'assemblage ind\u00e9pendante de recherche et d\u00e9veloppement de premier ordre. Notre atelier de production de v\u00e9rins hydrauliques dispose de quatre lignes d'assemblage semi-automatiques de v\u00e9rins de levage et d'une ligne d'assemblage automatique de v\u00e9rins d'inclinaison, pour une capacit\u00e9 de production annuelle pr\u00e9vue d'un million de pi\u00e8ces. L'atelier de v\u00e9rins sp\u00e9ciaux est \u00e9quip\u00e9 d'un syst\u00e8me d'assemblage de nettoyage semi-automatique de diverses sp\u00e9cifications, d'une capacit\u00e9 de production annuelle pr\u00e9vue de 200\u00a0000 pi\u00e8ces et dispose d'\u00e9quipements d'usinage CNC de pointe, d'un centre d'usinage, d'\u00e9quipements sp\u00e9ciaux d'usinage de haute pr\u00e9cision, d'une machine de soudage robotis\u00e9e, d'une machine de nettoyage automatique, d'une machine d'assemblage automatique de v\u00e9rins et d'une ligne de peinture automatique. Nous disposons de plus de 300 \u00e9quipements critiques. L'allocation optimale et l'utilisation efficace des ressources garantissent la pr\u00e9cision et la qualit\u00e9 des produits.<\/p>\n<p><img loading=\"lazy\" decoding=\"async\" class=\"alignnone wp-image-626\" src=\"https:\/\/hydraulic-cylinders.net\/wp-content\/uploads\/2023\/08\/hydraulic-cylinder-product-1-300x158.webp\" alt=\"\" width=\"495\" height=\"260\" srcset=\"https:\/\/hydraulic-cylinders.net\/wp-content\/uploads\/2023\/08\/hydraulic-cylinder-product-1-300x158.webp 495w, https:\/\/hydraulic-cylinders.net\/wp-content\/uploads\/2023\/08\/hydraulic-cylinder-product-1-480x252.webp 480w\" sizes=\"(min-width: 0px) and (max-width: 480px) 480px, (min-width: 481px) 495px, 100vw\" \/> <img loading=\"lazy\" decoding=\"async\" class=\"alignnone wp-image-627\" src=\"https:\/\/hydraulic-cylinders.net\/wp-content\/uploads\/2023\/08\/hydraulic-cylinder-product-2-300x189.webp\" alt=\"\" width=\"413\" height=\"260\" \/><\/p>\n<h3>(2) Usinage<\/h3>\n<p>L'atelier d'usinage est \u00e9quip\u00e9 d'un centre de tournage sur rail inclin\u00e9 personnalis\u00e9, d'un centre d'usinage, d'une machine \u00e0 honer \u00e0 grande vitesse, d'un robot de soudage et d'autres \u00e9quipements connexes, qui peuvent traiter des tubes cylindriques d'un diam\u00e8tre int\u00e9rieur maximal de 400 mm et d'une longueur maximale de 6 m\u00e8tres.<\/p>\n<p><img loading=\"lazy\" decoding=\"async\" class=\"alignnone wp-image-628 size-large\" src=\"https:\/\/hydraulic-cylinders.net\/wp-content\/uploads\/2023\/08\/hydraulic-cylinder-product-3-1024x391.webp\" alt=\"\" width=\"1024\" height=\"391\" srcset=\"https:\/\/hydraulic-cylinders.net\/wp-content\/uploads\/2023\/08\/hydraulic-cylinder-product-3-980x374.webp 980w, https:\/\/hydraulic-cylinders.net\/wp-content\/uploads\/2023\/08\/hydraulic-cylinder-product-3-480x183.webp 480w\" sizes=\"(min-width: 0px) and (max-width: 480px) 480px, (min-width: 481px) and (max-width: 980px) 980px, (min-width: 981px) 1024px, 100vw\" \/><\/p>\n<h3>(3) Soudage<\/h3>\n<p><img loading=\"lazy\" decoding=\"async\" class=\"alignnone wp-image-629 size-large\" src=\"https:\/\/hydraulic-cylinders.net\/wp-content\/uploads\/2023\/08\/hydraulic-cylinder-product-4-1024x510.webp\" alt=\"\" width=\"1024\" height=\"510\" srcset=\"https:\/\/hydraulic-cylinders.net\/wp-content\/uploads\/2023\/08\/hydraulic-cylinder-product-4-980x488.webp 980w, https:\/\/hydraulic-cylinders.net\/wp-content\/uploads\/2023\/08\/hydraulic-cylinder-product-4-480x239.webp 480w\" sizes=\"(min-width: 0px) and (max-width: 480px) 480px, (min-width: 481px) and (max-width: 980px) 980px, (min-width: 981px) 1024px, 100vw\" \/><\/p>\n<h3>(4) Peinture et rev\u00eatement<\/h3>\n<p>Avec des lignes de rev\u00eatement de peinture \u00e0 base d'eau automatiques \u00e0 cylindre de petite et moyenne taille, pour r\u00e9aliser le chargement et le d\u00e9chargement automatiques par robot et la pulv\u00e9risation automatique, la capacit\u00e9 de conception est de 4 000 pi\u00e8ces par \u00e9quipe ;<br \/>\nNous disposons \u00e9galement d'une ligne de production de peinture semi-automatique pour gros cylindres, aliment\u00e9e par une cha\u00eene de traction, d'une capacit\u00e9 de conception de 60 caisses par \u00e9quipe.<\/p>\n<p><img loading=\"lazy\" decoding=\"async\" class=\"alignnone wp-image-630\" src=\"https:\/\/hydraulic-cylinders.net\/wp-content\/uploads\/2023\/08\/hydraulic-cylinder-product-5-300x213.webp\" alt=\"\" width=\"366\" height=\"260\" \/> <img loading=\"lazy\" decoding=\"async\" class=\"alignnone wp-image-631\" src=\"https:\/\/hydraulic-cylinders.net\/wp-content\/uploads\/2023\/08\/hydraulic-cylinder-product-6-300x225.webp\" alt=\"\" width=\"347\" height=\"260\" \/><\/p>\n<h3>(5) Essais<\/h3>\n<p>Nous disposons d'installations d'inspection et de bancs d'essai de premier ordre pour garantir que les performances de la bouteille sont conformes aux exigences.<\/p>\n<p><img loading=\"lazy\" decoding=\"async\" class=\"alignnone wp-image-632\" src=\"https:\/\/hydraulic-cylinders.net\/wp-content\/uploads\/2023\/08\/hydraulic-cylinder-product-8-300x200.webp\" alt=\"\" width=\"389\" height=\"260\" \/><\/p>\n<p>&nbsp;<\/p>\n<p>&nbsp;<\/p>\n<p>Nous sommes l'un des meilleurs fabricants de v\u00e9rins hydrauliques. Nous proposons une gamme compl\u00e8te de v\u00e9rins hydrauliques. Nous fournissons \u00e9galement les v\u00e9rins correspondants. <a href=\"https:\/\/hzpt.com\/agricultural-pto-gearbox\/\" target=\"_blank\" rel=\"noopener\">bo\u00eetes de vitesses agricoles<\/a>Nous exportons nos produits dans le monde entier et nous avons acquis une excellente r\u00e9putation gr\u00e2ce \u00e0 la qualit\u00e9 sup\u00e9rieure de nos produits et \u00e0 notre service apr\u00e8s-vente. Nous invitons nos clients, nationaux et internationaux, \u00e0 nous contacter pour n\u00e9gocier, \u00e9changer des informations et\u2026 <a href=\"https:\/\/www.hydraulic-cylinders.net\/fr\/contact-us\/\">coop\u00e9rer avec nous<\/a>!<\/p>","protected":false},"excerpt":{"rendered":"<p>Cutter Suction Dredger Inverted Pile Cylinder The cutter suction dredger inverted pile cylinder is a groundbreaking hydraulic device transforming marine construction projects. With its innovative design and exceptional performance, this cylinder is crucial to modern dredging operations. The cutter suction dredger inverted pile cylinder has revolutionized marine construction by offering exceptional performance in piling operations. [&hellip;]<\/p>","protected":false},"featured_media":1764,"comment_status":"open","ping_status":"closed","template":"","meta":{"_et_pb_use_builder":"","_et_pb_old_content":"","_et_gb_content_width":""},"product_brand":[],"product_cat":[1535,1549,1552,1376],"product_tag":[1380],"class_list":{"0":"post-1761","1":"product","2":"type-product","3":"status-publish","4":"has-post-thumbnail","6":"product_cat-dredger-hydraulic-cylinders","7":"product_cat-single-acting-hydraulic-cylinder","8":"product_cat-stainless-steel-hydraulic-cylinder","9":"product_cat-hydraulic-cylinder","10":"product_tag-hydraulic-cylinder","12":"first","13":"instock","14":"shipping-taxable","15":"product-type-simple"},"amp_enabled":true,"_links":{"self":[{"href":"https:\/\/www.hydraulic-cylinders.net\/fr\/wp-json\/wp\/v2\/product\/1761","targetHints":{"allow":["GET"]}}],"collection":[{"href":"https:\/\/www.hydraulic-cylinders.net\/fr\/wp-json\/wp\/v2\/product"}],"about":[{"href":"https:\/\/www.hydraulic-cylinders.net\/fr\/wp-json\/wp\/v2\/types\/product"}],"replies":[{"embeddable":true,"href":"https:\/\/www.hydraulic-cylinders.net\/fr\/wp-json\/wp\/v2\/comments?post=1761"}],"wp:featuredmedia":[{"embeddable":true,"href":"https:\/\/www.hydraulic-cylinders.net\/fr\/wp-json\/wp\/v2\/media\/1764"}],"wp:attachment":[{"href":"https:\/\/www.hydraulic-cylinders.net\/fr\/wp-json\/wp\/v2\/media?parent=1761"}],"wp:term":[{"taxonomy":"product_brand","embeddable":true,"href":"https:\/\/www.hydraulic-cylinders.net\/fr\/wp-json\/wp\/v2\/product_brand?post=1761"},{"taxonomy":"product_cat","embeddable":true,"href":"https:\/\/www.hydraulic-cylinders.net\/fr\/wp-json\/wp\/v2\/product_cat?post=1761"},{"taxonomy":"product_tag","embeddable":true,"href":"https:\/\/www.hydraulic-cylinders.net\/fr\/wp-json\/wp\/v2\/product_tag?post=1761"}],"curies":[{"name":"wp","href":"https:\/\/api.w.org\/{rel}","templated":true}]}}