{"id":1762,"date":"2023-10-13T06:07:06","date_gmt":"2023-10-13T06:07:06","guid":{"rendered":"https:\/\/hydraulic-cylinders.net\/?post_type=product&#038;p=1762"},"modified":"2025-04-15T05:55:04","modified_gmt":"2025-04-15T05:55:04","slug":"trailing-suction-dredger-heave-compensation-cylinder","status":"publish","type":"product","link":"https:\/\/www.hydraulic-cylinders.net\/fr\/produit\/trailing-suction-dredger-heave-compensation-cylinder\/","title":{"rendered":"Cylindre de compensation de houle pour drague \u00e0 succion"},"content":{"rendered":"<h1 style=\"text-align: center;\"><strong> Cylindre de compensation de houle pour drague \u00e0 succion<\/strong><\/h1>\n<p><img loading=\"lazy\" decoding=\"async\" class=\"aligncenter wp-image-1766\" src=\"https:\/\/hydraulic-cylinders.net\/wp-content\/uploads\/2023\/10\/trailing-suction-dredger-heave-compensation-cylinder-1-300x300.webp\" alt=\"\" width=\"400\" height=\"400\" \/><\/p>\n<p>Le v\u00e9rin de compensation de la houle pour drague \u00e0 succion est un dispositif hydraulique de pointe qui a r\u00e9volutionn\u00e9 l'efficacit\u00e9 des op\u00e9rations de dragage. Con\u00e7u pour une compensation pr\u00e9cise de la houle, ce v\u00e9rin garantit des performances de dragage optimales, m\u00eame dans des environnements marins difficiles.<\/p>\n<p>Le v\u00e9rin de compensation de houle pour drague \u00e0 succion est une v\u00e9ritable r\u00e9volution dans le domaine du dragage maritime. Sa grande capacit\u00e9 de compensation, sa construction robuste et sa commande de haute pr\u00e9cision contribuent \u00e0 une efficacit\u00e9 et une pr\u00e9cision accrues des op\u00e9rations de dragage. En respectant les consignes d'utilisation et en adoptant une approche proactive de la maintenance, les professionnels du secteur maritime peuvent optimiser les performances et la dur\u00e9e de vie de cet appareil hydraulique exceptionnel. Exploitez la puissance du v\u00e9rin de compensation de houle pour drague \u00e0 succion et constatez la diff\u00e9rence qu'il peut apporter \u00e0 vos op\u00e9rations de dragage.<\/p>\n<p>Caract\u00e9ristiques principales du v\u00e9rin de compensation de houle d'une drague \u00e0 succion tra\u00eenante\u00a0:<\/p>\n<ul>\n<li>Capacit\u00e9 de compensation du pilonnement\u00a0: Le v\u00e9rin de compensation du pilonnement de la drague \u00e0 succion est sp\u00e9cialement con\u00e7u pour contrer les effets du pilonnement du navire pendant les op\u00e9rations de dragage. Il compense efficacement les mouvements verticaux, permettant un positionnement constant et pr\u00e9cis de la conduite d\u2019aspiration.<\/li>\n<li>Construction robuste\u00a0: Con\u00e7u pour durer, ce cylindre est fabriqu\u00e9 \u00e0 partir de mat\u00e9riaux de haute qualit\u00e9 offrant une r\u00e9sistance exceptionnelle et une protection optimale contre la corrosion. Il r\u00e9siste aux conditions marines les plus difficiles, garantissant ainsi des performances et une fiabilit\u00e9 durables.<\/li>\n<li>Contr\u00f4le de haute pr\u00e9cision\u00a0: Le syst\u00e8me hydraulique avanc\u00e9 du v\u00e9rin permet un contr\u00f4le pr\u00e9cis du processus de compensation de la houle. Il permet des ajustements rapides, garantissant ainsi que le tuyau d\u2019aspiration conserve la profondeur et la position souhait\u00e9es pour un dragage efficace.<\/li>\n<\/ul>\n<h2><strong>Param\u00e8tre du v\u00e9rin de compensation de houle de la drague \u00e0 succion tra\u00eenante\u00a0:<\/strong><\/h2>\n<table border=\"1\" cellspacing=\"0\" cellpadding=\"0\">\n<tbody>\n<tr>\n<td>Nom du produit<\/td>\n<td>Cylindre de compensation de houle pour drague \u00e0 succion<\/td>\n<\/tr>\n<tr>\n<td>Caract\u00e9ristiques:<\/td>\n<td>Compenser le d\u00e9placement relatif de la t\u00eate de tra\u00een\u00e9e et de la coque lors du fonctionnement<\/td>\n<\/tr>\n<tr>\n<td>Diam\u00e8tre d'al\u00e9sage :<\/td>\n<td>Jusqu'\u00e0 400 mm<\/td>\n<\/tr>\n<tr>\n<td>Diam\u00e8tre de la tige :<\/td>\n<td>Jusqu'\u00e0 360 mm<br \/>\nCourse jusqu'\u00e0 4000 mm<\/td>\n<\/tr>\n<tr>\n<td>Pression:<\/td>\n<td>jusqu'\u00e0 32 MPa<\/td>\n<\/tr>\n<tr>\n<td>Force de pouss\u00e9e :<\/td>\n<td>Maximum 1600 kN<\/td>\n<\/tr>\n<tr>\n<td>Applications:<\/td>\n<td>drague \u00e0 succion tra\u00eenante<\/td>\n<\/tr>\n<\/tbody>\n<\/table>\n<div><\/div>\n<div>\n<div class=\"txtboxL\">Caract\u00e9ristiques:<\/div>\n<div class=\"txtboxR\">Fournir une force de pouss\u00e9e et de traction pour le r\u00e9tractage et le d\u00e9ploiement du pieu en acier<\/div>\n<div class=\"txtboxL\">Sp\u00e9cification:<\/div>\n<div class=\"txtboxR\">Diam\u00e8tre d'al\u00e9sage\u00a0: jusqu'\u00e0 620\u00a0mm<br \/>\nDiam\u00e8tre de la tige : jusqu'\u00e0 360 mm<br \/>\nCourse jusqu'\u00e0 5200 mm<\/div>\n<div class=\"txtboxL\">Pression:<\/div>\n<div class=\"txtboxR\">jusqu'\u00e0 32 MPa<\/div>\n<div class=\"txtboxL\">Force de pouss\u00e9e :<\/div>\n<div class=\"txtboxR\">Maximum 7500 kN<\/div>\n<div class=\"txtboxL\">Force de traction :<\/div>\n<div class=\"txtboxR\">Maximum 5000 kN<\/div>\n<\/div>\n<h2><strong>Application des cylindres d'aspiration pour coupe-r\u00e9servoirs de drague :<\/strong><\/h2>\n<p><img loading=\"lazy\" decoding=\"async\" class=\"alignnone wp-image-1757 size-full\" src=\"https:\/\/hydraulic-cylinders.net\/wp-content\/uploads\/2023\/10\/dredger-tank-cylinder-1.webp\" alt=\"\" width=\"600\" height=\"400\" srcset=\"https:\/\/hydraulic-cylinders.net\/wp-content\/uploads\/2023\/10\/dredger-tank-cylinder-1.webp 600w, https:\/\/hydraulic-cylinders.net\/wp-content\/uploads\/2023\/10\/dredger-tank-cylinder-1-480x320.webp 480w\" sizes=\"(min-width: 0px) and (max-width: 480px) 480px, (min-width: 481px) 600px, 100vw\" \/><\/p>\n<h2><strong>Mode d'emploi du v\u00e9rin de compensation de houle de la drague \u00e0 succion<\/strong><strong>:<\/strong><\/h2>\n<ol>\n<li><strong>Pr\u00e9paration: <\/strong>Avant d'utiliser le v\u00e9rin de compensation de houle de la drague suceuse, effectuez une inspection minutieuse afin de vous assurer du bon fonctionnement de tous ses composants. V\u00e9rifiez l'absence de dommages, de fuites ou de joints us\u00e9s.<\/li>\n<li><strong>Installation:<\/strong> Fixez solidement le v\u00e9rin \u00e0 la drague ou \u00e0 l'\u00e9quipement associ\u00e9, en veillant \u00e0 sa stabilit\u00e9 pendant le fonctionnement. Suivez les instructions du fabricant pour une installation correcte, notamment pour l'alignement des raccords hydrauliques.<\/li>\n<li><strong>Int\u00e9gration du syst\u00e8me hydraulique :<\/strong> Raccordez le v\u00e9rin \u00e0 la source d'\u00e9nergie hydraulique \u00e0 l'aide de flexibles ou de raccords compatibles. V\u00e9rifiez que les raccords sont bien serr\u00e9s, \u00e9tanches et correctement align\u00e9s.<\/li>\n<li><strong>\u00c9talonnage:<\/strong> Calibrez le syst\u00e8me de compensation de la houle en fonction des exigences sp\u00e9cifiques du dragage. Cela peut impliquer le r\u00e9glage de param\u00e8tres tels que la course, la vitesse ou la pression. Consultez les instructions du fabricant pour conna\u00eetre les m\u00e9thodes de calibrage pr\u00e9cises.<\/li>\n<li><strong>Contr\u00f4le op\u00e9rationnel : <\/strong>Activez la source d'\u00e9nergie hydraulique pour lancer le processus de compensation du pilonnement. Le v\u00e9rin de compensation du pilonnement de la drague suceuse suiveuse r\u00e9agira automatiquement au pilonnement du navire, maintenant ainsi la position souhait\u00e9e du tuyau d'aspiration pour un dragage efficace. Surveillez attentivement l'op\u00e9ration pour des r\u00e9sultats optimaux.<\/li>\n<\/ol>\n<h2><strong>Comment fonctionne un v\u00e9rin hydraulique \u00e0 double effet ?<\/strong><\/h2>\n<p>Un v\u00e9rin hydraulique \u00e0 double effet est un type d'actionneur hydraulique fonctionnant dans les deux sens, assurant force et mouvement lors des courses d'extension et de r\u00e9traction. Il se compose d'un corps cylindrique, d'un piston, de tiges de piston, de joints d'\u00e9tanch\u00e9it\u00e9 et d'orifices pour le fluide hydraulique.<\/p>\n<p>Voici une explication \u00e9tape par \u00e9tape du fonctionnement d'un v\u00e9rin hydraulique \u00e0 double effet\u00a0:<\/p>\n<ol>\n<li><strong>Apport hydrique :<\/strong> Le v\u00e9rin hydraulique est reli\u00e9 \u00e0 un groupe hydraulique ou \u00e0 une pompe fournissant un fluide hydraulique sous pression. Ce fluide est g\u00e9n\u00e9ralement un fluide hydraulique \u00e0 base d'huile.<\/li>\n<li><strong>Course d'extension :<\/strong> Lorsque le fluide hydraulique est achemin\u00e9 vers l'orifice situ\u00e9 \u00e0 l'extr\u00e9mit\u00e9 de la tige du v\u00e9rin, il p\u00e9n\u00e8tre dans le cylindre derri\u00e8re le piston. La pression du fluide pousse le piston et la tige de piston vers l'ext\u00e9rieur, ce qui d\u00e9ploie le v\u00e9rin.<\/li>\n<li><strong>Course de r\u00e9traction :<\/strong> Pour r\u00e9tracter le v\u00e9rin, du fluide hydraulique est achemin\u00e9 vers l'orifice situ\u00e9 \u00e0 l'extr\u00e9mit\u00e9 du capuchon. Le fluide p\u00e9n\u00e8tre dans le cylindre devant le piston, exer\u00e7ant une pression qui repousse le piston et la tige de piston \u00e0 l'int\u00e9rieur du v\u00e9rin.<\/li>\n<li><strong>M\u00e9canisme d'\u00e9tanch\u00e9it\u00e9 :<\/strong> Le v\u00e9rin hydraulique est \u00e9quip\u00e9 de joints d'\u00e9tanch\u00e9it\u00e9, tels que des joints de piston et des joints de tige, qui emp\u00eachent les fuites d'huile hydraulique. Ces joints garantissent que l'huile reste contenue dans le v\u00e9rin, maintenant ainsi la pression et \u00e9vitant les pertes de force.<\/li>\n<li><strong>Vannes de r\u00e9gulation :<\/strong> Les distributeurs servent \u00e0 contr\u00f4ler la direction et le d\u00e9bit du fluide hydraulique. Ces distributeurs dirigent le fluide vers l'orifice appropri\u00e9 du v\u00e9rin, permettant ainsi l'extension ou la r\u00e9traction selon le mouvement souhait\u00e9.<\/li>\n<li><strong>Conception du piston et de la bielle\u00a0:<\/strong> Le piston et la tige de piston sont g\u00e9n\u00e9ralement \u00e9tanches l'un \u00e0 l'autre afin que le fluide sous pression n'agisse que sur un seul c\u00f4t\u00e9 du piston \u00e0 la fois. Cette conception permet des courses d'extension et de r\u00e9traction ind\u00e9pendantes, assurant ainsi un mouvement bidirectionnel.<\/li>\n<li><strong>Charger l'application\u00a0:<\/strong> La tige de piston du v\u00e9rin hydraulique est fix\u00e9e \u00e0 la charge ou au m\u00e9canisme n\u00e9cessitant une force ou un mouvement. Lorsque le fluide hydraulique \u00e9tend ou r\u00e9tracte le piston, la puissance g\u00e9n\u00e9r\u00e9e est transmise par la tige de piston \u00e0 la charge, lui permettant ainsi de se d\u00e9placer ou d'exercer une force.<\/li>\n<li><strong>Soulagement de la pression :<\/strong> Pour contr\u00f4ler la vitesse et la force du v\u00e9rin hydraulique, des soupapes de d\u00e9charge ou des r\u00e9gulateurs de d\u00e9bit peuvent \u00eatre utilis\u00e9s dans le syst\u00e8me hydraulique. Ces soupapes r\u00e9gulent la pression et le d\u00e9bit du fluide hydraulique, emp\u00eachant ainsi toute surpression et garantissant un fonctionnement s\u00fbr.<\/li>\n<\/ol>\n<h2><strong>Capacit\u00e9 de l'usine :<\/strong><\/h2>\n<h3>(1) Assemblage<\/h3>\n<p>Nous disposons d'une plateforme d'assemblage ind\u00e9pendante de recherche et d\u00e9veloppement de premier ordre. Notre atelier de production de v\u00e9rins hydrauliques dispose de quatre lignes d'assemblage semi-automatiques de v\u00e9rins de levage et d'une ligne d'assemblage automatique de v\u00e9rins d'inclinaison, pour une capacit\u00e9 de production annuelle pr\u00e9vue d'un million de pi\u00e8ces. L'atelier de v\u00e9rins sp\u00e9ciaux est \u00e9quip\u00e9 d'un syst\u00e8me d'assemblage de nettoyage semi-automatique de diverses sp\u00e9cifications, d'une capacit\u00e9 de production annuelle pr\u00e9vue de 200\u00a0000 pi\u00e8ces et dispose d'\u00e9quipements d'usinage CNC de pointe, d'un centre d'usinage, d'\u00e9quipements sp\u00e9ciaux d'usinage de haute pr\u00e9cision, d'une machine de soudage robotis\u00e9e, d'une machine de nettoyage automatique, d'une machine d'assemblage automatique de v\u00e9rins et d'une ligne de peinture automatique. Nous disposons de plus de 300 \u00e9quipements critiques. L'allocation optimale et l'utilisation efficace des ressources garantissent la pr\u00e9cision et la qualit\u00e9 des produits.<\/p>\n<p><img loading=\"lazy\" decoding=\"async\" class=\"alignnone wp-image-626\" src=\"https:\/\/hydraulic-cylinders.net\/wp-content\/uploads\/2023\/08\/hydraulic-cylinder-product-1-300x158.webp\" alt=\"\" width=\"495\" height=\"260\" srcset=\"https:\/\/hydraulic-cylinders.net\/wp-content\/uploads\/2023\/08\/hydraulic-cylinder-product-1-300x158.webp 495w, https:\/\/hydraulic-cylinders.net\/wp-content\/uploads\/2023\/08\/hydraulic-cylinder-product-1-480x252.webp 480w\" sizes=\"(min-width: 0px) and (max-width: 480px) 480px, (min-width: 481px) 495px, 100vw\" \/> <img loading=\"lazy\" decoding=\"async\" class=\"alignnone wp-image-627\" src=\"https:\/\/hydraulic-cylinders.net\/wp-content\/uploads\/2023\/08\/hydraulic-cylinder-product-2-300x189.webp\" alt=\"\" width=\"413\" height=\"260\" \/><\/p>\n<h3>(2) Usinage<\/h3>\n<p>L'atelier d'usinage est \u00e9quip\u00e9 d'un centre de tournage sur rail inclin\u00e9 personnalis\u00e9, d'un centre d'usinage, d'une machine \u00e0 honer \u00e0 grande vitesse, d'un robot de soudage et d'autres \u00e9quipements connexes, qui peuvent traiter des tubes cylindriques d'un diam\u00e8tre int\u00e9rieur maximal de 400 mm et d'une longueur maximale de 6 m\u00e8tres.<\/p>\n<p><img loading=\"lazy\" decoding=\"async\" class=\"alignnone wp-image-628 size-large\" src=\"https:\/\/hydraulic-cylinders.net\/wp-content\/uploads\/2023\/08\/hydraulic-cylinder-product-3-1024x391.webp\" alt=\"\" width=\"1024\" height=\"391\" srcset=\"https:\/\/hydraulic-cylinders.net\/wp-content\/uploads\/2023\/08\/hydraulic-cylinder-product-3-980x374.webp 980w, https:\/\/hydraulic-cylinders.net\/wp-content\/uploads\/2023\/08\/hydraulic-cylinder-product-3-480x183.webp 480w\" sizes=\"(min-width: 0px) and (max-width: 480px) 480px, (min-width: 481px) and (max-width: 980px) 980px, (min-width: 981px) 1024px, 100vw\" \/><\/p>\n<h3>(3) Soudage<\/h3>\n<p><img loading=\"lazy\" decoding=\"async\" class=\"alignnone wp-image-629 size-large\" src=\"https:\/\/hydraulic-cylinders.net\/wp-content\/uploads\/2023\/08\/hydraulic-cylinder-product-4-1024x510.webp\" alt=\"\" width=\"1024\" height=\"510\" srcset=\"https:\/\/hydraulic-cylinders.net\/wp-content\/uploads\/2023\/08\/hydraulic-cylinder-product-4-980x488.webp 980w, https:\/\/hydraulic-cylinders.net\/wp-content\/uploads\/2023\/08\/hydraulic-cylinder-product-4-480x239.webp 480w\" sizes=\"(min-width: 0px) and (max-width: 480px) 480px, (min-width: 481px) and (max-width: 980px) 980px, (min-width: 981px) 1024px, 100vw\" \/><\/p>\n<h3>(4) Peinture et rev\u00eatement<\/h3>\n<p>Avec des lignes de rev\u00eatement de peinture \u00e0 base d'eau automatiques \u00e0 cylindre de petite et moyenne taille, pour r\u00e9aliser le chargement et le d\u00e9chargement automatiques par robot et la pulv\u00e9risation automatique, la capacit\u00e9 de conception est de 4 000 pi\u00e8ces par \u00e9quipe ;<br \/>\nNous disposons \u00e9galement d'une ligne de production de peinture semi-automatique pour gros cylindres, aliment\u00e9e par une cha\u00eene de traction, d'une capacit\u00e9 de conception de 60 caisses par \u00e9quipe.<\/p>\n<p><img loading=\"lazy\" decoding=\"async\" class=\"alignnone wp-image-630\" src=\"https:\/\/hydraulic-cylinders.net\/wp-content\/uploads\/2023\/08\/hydraulic-cylinder-product-5-300x213.webp\" alt=\"\" width=\"366\" height=\"260\" \/> <img loading=\"lazy\" decoding=\"async\" class=\"alignnone wp-image-631\" src=\"https:\/\/hydraulic-cylinders.net\/wp-content\/uploads\/2023\/08\/hydraulic-cylinder-product-6-300x225.webp\" alt=\"\" width=\"347\" height=\"260\" \/><\/p>\n<h3>(5) Essais<\/h3>\n<p>Nous disposons d'installations d'inspection et de bancs d'essai de premier ordre pour garantir que les performances de la bouteille sont conformes aux exigences.<\/p>\n<p><img loading=\"lazy\" decoding=\"async\" class=\"alignnone wp-image-632\" src=\"https:\/\/hydraulic-cylinders.net\/wp-content\/uploads\/2023\/08\/hydraulic-cylinder-product-8-300x200.webp\" alt=\"\" width=\"389\" height=\"260\" \/><\/p>\n<p>&nbsp;<\/p>\n<p>&nbsp;<\/p>\n<p>Nous sommes l'un des meilleurs fabricants de v\u00e9rins hydrauliques. Nous proposons une gamme compl\u00e8te de v\u00e9rins hydrauliques. Nous fournissons \u00e9galement les v\u00e9rins correspondants. <a href=\"https:\/\/hzpt.com\/agricultural-pto-gearbox\/\" target=\"_blank\" rel=\"noopener\">bo\u00eetes de vitesses agricoles<\/a>Nous exportons nos produits dans le monde entier et nous avons acquis une excellente r\u00e9putation gr\u00e2ce \u00e0 la qualit\u00e9 sup\u00e9rieure de nos produits et \u00e0 notre service apr\u00e8s-vente. Nous invitons nos clients, nationaux et internationaux, \u00e0 nous contacter pour n\u00e9gocier, \u00e9changer des informations et\u2026 <a href=\"https:\/\/www.hydraulic-cylinders.net\/fr\/contact-us\/\">coop\u00e9rer avec nous<\/a>!<\/p>","protected":false},"excerpt":{"rendered":"<p>Trailing Suction Dredger Heave Compensation Cylinder The trailing suction dredger heave compensation cylinder is a cutting-edge hydraulic device that has revolutionized the efficiency and effectiveness of dredging operations. Designed to provide precise heave compensation, this cylinder ensures optimal dredging performance even in challenging marine environments. The trailing suction dredger heave compensation cylinder is a game-changer [&hellip;]<\/p>","protected":false},"featured_media":1767,"comment_status":"open","ping_status":"closed","template":"","meta":{"_et_pb_use_builder":"","_et_pb_old_content":"","_et_gb_content_width":""},"product_brand":[],"product_cat":[1550,1535,1552,1376],"product_tag":[1380],"class_list":{"0":"post-1762","1":"product","2":"type-product","3":"status-publish","4":"has-post-thumbnail","6":"product_cat-double-acting-hydraulic-cylinder","7":"product_cat-dredger-hydraulic-cylinders","8":"product_cat-stainless-steel-hydraulic-cylinder","9":"product_cat-hydraulic-cylinder","10":"product_tag-hydraulic-cylinder","12":"first","13":"instock","14":"shipping-taxable","15":"product-type-simple"},"amp_enabled":true,"_links":{"self":[{"href":"https:\/\/www.hydraulic-cylinders.net\/fr\/wp-json\/wp\/v2\/product\/1762","targetHints":{"allow":["GET"]}}],"collection":[{"href":"https:\/\/www.hydraulic-cylinders.net\/fr\/wp-json\/wp\/v2\/product"}],"about":[{"href":"https:\/\/www.hydraulic-cylinders.net\/fr\/wp-json\/wp\/v2\/types\/product"}],"replies":[{"embeddable":true,"href":"https:\/\/www.hydraulic-cylinders.net\/fr\/wp-json\/wp\/v2\/comments?post=1762"}],"wp:featuredmedia":[{"embeddable":true,"href":"https:\/\/www.hydraulic-cylinders.net\/fr\/wp-json\/wp\/v2\/media\/1767"}],"wp:attachment":[{"href":"https:\/\/www.hydraulic-cylinders.net\/fr\/wp-json\/wp\/v2\/media?parent=1762"}],"wp:term":[{"taxonomy":"product_brand","embeddable":true,"href":"https:\/\/www.hydraulic-cylinders.net\/fr\/wp-json\/wp\/v2\/product_brand?post=1762"},{"taxonomy":"product_cat","embeddable":true,"href":"https:\/\/www.hydraulic-cylinders.net\/fr\/wp-json\/wp\/v2\/product_cat?post=1762"},{"taxonomy":"product_tag","embeddable":true,"href":"https:\/\/www.hydraulic-cylinders.net\/fr\/wp-json\/wp\/v2\/product_tag?post=1762"}],"curies":[{"name":"wp","href":"https:\/\/api.w.org\/{rel}","templated":true}]}}