{"id":1768,"date":"2023-10-13T06:16:16","date_gmt":"2023-10-13T06:16:16","guid":{"rendered":"https:\/\/hydraulic-cylinders.net\/?post_type=product&#038;p=1768"},"modified":"2025-04-15T05:55:00","modified_gmt":"2025-04-15T05:55:00","slug":"trailing-suction-dredger-hanger-cylinder","status":"publish","type":"product","link":"https:\/\/www.hydraulic-cylinders.net\/fr\/produit\/trailing-suction-dredger-hanger-cylinder\/","title":{"rendered":"Cylindre de suspension de drague \u00e0 succion tra\u00eenante"},"content":{"rendered":"<h1 style=\"text-align: center;\"><strong>Cylindre de suspension de drague \u00e0 succion tra\u00eenante<\/strong><\/h1>\n<p><img loading=\"lazy\" decoding=\"async\" class=\"aligncenter wp-image-1771\" src=\"https:\/\/hydraulic-cylinders.net\/wp-content\/uploads\/2023\/10\/trailing-suction-dredger-hanger-cylinder-1-2-300x300.webp\" alt=\"\" width=\"400\" height=\"400\" \/><\/p>\n<p>Le v\u00e9rin de suspension de la drague suceuse est un composant hydraulique essentiel qui optimise consid\u00e9rablement l'efficacit\u00e9 des op\u00e9rations de dragage. Con\u00e7u pour assurer un support et un contr\u00f4le fiables, ce v\u00e9rin garantit un positionnement pr\u00e9cis et la stabilit\u00e9 du syst\u00e8me de suspension de la drague suceuse.<\/p>\n<p>The trailing suction dredger hanger cylinder is vital in optimizing dredging operations&#8217; efficiency and productivity. With its robust construction, precise positioning, and load-bearing capacity, this hydraulic cylinder provides the necessary support and control for the trailing suction hanger system. By following proper usage methods and adhering to regular maintenance practices, dredging professionals can maximize the performance and lifespan of this exceptional product. Embrace the power of the trailing suction dredger hanger cylinder and experience the difference it can make in your dredging endeavors.<\/p>\n<p>Caract\u00e9ristiques principales du v\u00e9rin de suspension de drague \u00e0 succion tra\u00eenante\u00a0:<\/p>\n<ol>\n<li>Construction robuste\u00a0: Le v\u00e9rin de suspension de la drague suceuse est fabriqu\u00e9 avec des mat\u00e9riaux de haute qualit\u00e9 qui lui conf\u00e8rent une r\u00e9sistance et une durabilit\u00e9 exceptionnelles. Con\u00e7u pour r\u00e9sister aux conditions marines difficiles, il garantit des performances fiables et une longue dur\u00e9e de vie.<\/li>\n<li>Positionnement pr\u00e9cis\u00a0: Ce v\u00e9rin permet un positionnement pr\u00e9cis du syst\u00e8me de suspension d\u2019aspiration, garantissant ainsi des op\u00e9rations de dragage pr\u00e9cises. Sa commande hydraulique finement r\u00e9gl\u00e9e assure stabilit\u00e9 et contr\u00f4le durant le dragage.<\/li>\n<li>Capacit\u00e9 de charge\u00a0: Le v\u00e9rin de suspension est con\u00e7u pour supporter les charges importantes li\u00e9es au syst\u00e8me de suspension d\u2019aspiration tra\u00eenante. Il fournit la force et le soutien n\u00e9cessaires pour lever et man\u0153uvrer la t\u00eate d\u2019aspiration, am\u00e9liorant ainsi l\u2019efficacit\u00e9 du dragage.<\/li>\n<\/ol>\n<h2><strong>Param\u00e8tre du v\u00e9rin de suspension de drague \u00e0 succion tra\u00eenante\u00a0:<\/strong><\/h2>\n<table border=\"1\" cellspacing=\"0\" cellpadding=\"0\">\n<tbody>\n<tr>\n<td>Nom du produit<\/td>\n<td>Cylindre de suspension de drague \u00e0 succion tra\u00eenante<\/td>\n<\/tr>\n<tr>\n<td>Caract\u00e9ristiques:<\/td>\n<td>Fournir une force de traction pour le r\u00e9tractage et le d\u00e9pliage du cintre<\/td>\n<\/tr>\n<tr>\n<td>Diam\u00e8tre d'al\u00e9sage :<\/td>\n<td>450 mm<\/td>\n<\/tr>\n<tr>\n<td>Diam\u00e8tre de la tige :<\/td>\n<td>220 mm<br \/>\nCourse : 3630 mm<\/td>\n<\/tr>\n<tr>\n<td>Pression:<\/td>\n<td>jusqu'\u00e0 32 MPa<\/td>\n<\/tr>\n<tr>\n<td>Force de traction :<\/td>\n<td>Maximum 3000 kN<\/td>\n<\/tr>\n<tr>\n<td>Applications:<\/td>\n<td>drague \u00e0 succion tra\u00eenante<\/td>\n<\/tr>\n<\/tbody>\n<\/table>\n<div><\/div>\n<div>\n<div class=\"txtboxL\">\n<div class=\"txtboxL\">\n<div class=\"txtboxL\">Caract\u00e9ristiques:<\/div>\n<div class=\"txtboxR\">Fournir une force de traction pour le r\u00e9tractage et le d\u00e9pliage du cintre<\/div>\n<div class=\"txtboxL\">Sp\u00e9cification:<\/div>\n<div class=\"txtboxR\">Diam\u00e8tre d'al\u00e9sage : 450 mm<br \/>\nDiam\u00e8tre de la tige : 220 mm<br \/>\nCourse : 3630 mm<\/div>\n<div class=\"txtboxL\">Pression:<\/div>\n<div class=\"txtboxR\">jusqu'\u00e0 32 MPa<\/div>\n<div class=\"txtboxL\">Force de traction :<\/div>\n<div class=\"txtboxR\">Maximum 3000 kN<\/div>\n<\/div>\n<\/div>\n<\/div>\n<h2><strong>Application des cylindres d'aspiration pour coupe-r\u00e9servoirs de drague :<\/strong><\/h2>\n<p><img loading=\"lazy\" decoding=\"async\" class=\"alignnone wp-image-1757 size-full\" src=\"https:\/\/hydraulic-cylinders.net\/wp-content\/uploads\/2023\/10\/dredger-tank-cylinder-1.webp\" alt=\"\" width=\"600\" height=\"400\" srcset=\"https:\/\/hydraulic-cylinders.net\/wp-content\/uploads\/2023\/10\/dredger-tank-cylinder-1.webp 600w, https:\/\/hydraulic-cylinders.net\/wp-content\/uploads\/2023\/10\/dredger-tank-cylinder-1-480x320.webp 480w\" sizes=\"(min-width: 0px) and (max-width: 480px) 480px, (min-width: 481px) 600px, 100vw\" \/><\/p>\n<h2><strong>Mode d'emploi du v\u00e9rin de suspension de drague \u00e0 succion<\/strong><strong>:<\/strong><\/h2>\n<ol>\n<li><strong>Installation:<\/strong>\u00a0 Securely mount the trailing suction hanger cylinder to the dredger&#8217;s structure or equipment. Ensure proper alignment and secure attachment to provide stability during operation.<\/li>\n<li><strong>Connexions hydrauliques :<\/strong> Raccordez le v\u00e9rin \u00e0 la source d'\u00e9nergie hydraulique \u00e0 l'aide de flexibles ou de raccords compatibles. V\u00e9rifiez que les raccords sont bien serr\u00e9s et \u00e9tanches.<\/li>\n<li><strong>R\u00e9glage du positionnement\u00a0:<\/strong> Ajustez la position du v\u00e9rin de suspension pour obtenir la hauteur et l'angle souhait\u00e9s pour le syst\u00e8me de suspension par succion. Utilisez les commandes hydrauliques pr\u00e9vues \u00e0 cet effet pour un r\u00e9glage pr\u00e9cis.<\/li>\n<li><strong>Support porteur :<\/strong> Activez la source d'\u00e9nergie hydraulique pour appliquer la force n\u00e9cessaire au levage et au contr\u00f4le de la t\u00eate d'aspiration. Le v\u00e9rin de suspension assure un support robuste, garantissant stabilit\u00e9 et contr\u00f4le lors des op\u00e9rations de dragage.<\/li>\n<\/ol>\n<h2><strong>Comment fonctionne un v\u00e9rin hydraulique ?<\/strong><\/h2>\n<p>A hydraulic cylinder is a mechanical actuator that converts hydraulic pressure into linear force and motion. It consists of a cylindrical barrel, a piston, a piston rod, seals, and ports for hydraulic fluid. Here&#8217;s a breakdown of how a hydraulic cylinder works:<\/p>\n<ol>\n<li><strong>Alimentation en fluide hydraulique :<\/strong> Un v\u00e9rin hydraulique est reli\u00e9 \u00e0 un groupe hydraulique ou \u00e0 une pompe qui fournit un fluide hydraulique sous pression. Ce fluide est g\u00e9n\u00e9ralement un fluide hydraulique \u00e0 base d'huile.<\/li>\n<li><strong>Structure cylindrique :<\/strong> Le cylindre est constitu\u00e9 d'un corps cylindrique creux dans lequel est ins\u00e9r\u00e9 un piston. Ce piston divise le cylindre en deux chambres\u00a0: la chambre c\u00f4t\u00e9 tige et la chambre c\u00f4t\u00e9 chapeau.<\/li>\n<li><strong>Application de la pression\u00a0:<\/strong> Le fluide hydraulique est dirig\u00e9 vers l'une des chambres du cylindre, soit la chambre c\u00f4t\u00e9 tige, soit la chambre c\u00f4t\u00e9 chapeau, selon la direction de mouvement souhait\u00e9e.<\/li>\n<li><strong>Diff\u00e9rence de pression :<\/strong> Le fluide hydraulique sous pression agit sur la surface du piston, cr\u00e9ant une force qui le d\u00e9place dans la direction souhait\u00e9e. La diff\u00e9rence de pression entre les deux chambres provoque le mouvement du piston.<\/li>\n<li><strong>Mouvement lin\u00e9aire :<\/strong> Lorsque le fluide hydraulique exerce une pression sur le piston, la tige de piston, qui y est fix\u00e9e, s'\u00e9tend ou se r\u00e9tracte lin\u00e9airement, selon le sens d'\u00e9coulement du fluide. Ce mouvement lin\u00e9aire transmet la force \u00e0 la charge ou au m\u00e9canisme reli\u00e9 \u00e0 la tige de piston.<\/li>\n<li><strong>M\u00e9canisme d'\u00e9tanch\u00e9it\u00e9 :<\/strong> Le v\u00e9rin hydraulique est \u00e9quip\u00e9 de joints d'\u00e9tanch\u00e9it\u00e9, tels que des joints de piston et des joints de tige, afin d'emp\u00eacher les fuites d'huile hydraulique. Ces joints maintiennent la pression \u00e0 l'int\u00e9rieur du v\u00e9rin et assurent un fonctionnement r\u00e9gulier en emp\u00eachant les fuites d'huile.<\/li>\n<li><strong>Vannes de r\u00e9gulation :<\/strong> Control valves are used to control the direction and flow of hydraulic fluid. These valves direct the flow of hydraulic fluid into the cylinder&#8217;s appropriate chamber, enabling the piston&#8217;s extension or retraction.<\/li>\n<li><strong>Soulagement de la pression :<\/strong> Pour contr\u00f4ler la vitesse et la force du v\u00e9rin hydraulique, des soupapes de d\u00e9charge ou des r\u00e9gulateurs de d\u00e9bit peuvent \u00eatre int\u00e9gr\u00e9s au syst\u00e8me hydraulique. Ces soupapes r\u00e9gulent la pression et le d\u00e9bit du fluide hydraulique, emp\u00eachant ainsi toute surpression et garantissant un fonctionnement s\u00fbr.<\/li>\n<li><strong>Charger l'application\u00a0:<\/strong> La tige de piston du v\u00e9rin hydraulique est reli\u00e9e \u00e0 la charge ou au m\u00e9canisme n\u00e9cessitant une force ou un mouvement. Lorsque le piston s'\u00e9tend ou se r\u00e9tracte, la force g\u00e9n\u00e9r\u00e9e est transmise par la tige de piston \u00e0 la charge, lui permettant ainsi de se d\u00e9placer ou d'exercer une force.<\/li>\n<\/ol>\n<h2><strong>Capacit\u00e9 de l'usine :<\/strong><\/h2>\n<h3>(1) Assemblage<\/h3>\n<p>Nous disposons d'une plateforme d'assemblage ind\u00e9pendante de recherche et d\u00e9veloppement de premier ordre. Notre atelier de production de v\u00e9rins hydrauliques dispose de quatre lignes d'assemblage semi-automatiques de v\u00e9rins de levage et d'une ligne d'assemblage automatique de v\u00e9rins d'inclinaison, pour une capacit\u00e9 de production annuelle pr\u00e9vue d'un million de pi\u00e8ces. L'atelier de v\u00e9rins sp\u00e9ciaux est \u00e9quip\u00e9 d'un syst\u00e8me d'assemblage de nettoyage semi-automatique de diverses sp\u00e9cifications, d'une capacit\u00e9 de production annuelle pr\u00e9vue de 200\u00a0000 pi\u00e8ces et dispose d'\u00e9quipements d'usinage CNC de pointe, d'un centre d'usinage, d'\u00e9quipements sp\u00e9ciaux d'usinage de haute pr\u00e9cision, d'une machine de soudage robotis\u00e9e, d'une machine de nettoyage automatique, d'une machine d'assemblage automatique de v\u00e9rins et d'une ligne de peinture automatique. Nous disposons de plus de 300 \u00e9quipements critiques. L'allocation optimale et l'utilisation efficace des ressources garantissent la pr\u00e9cision et la qualit\u00e9 des produits.<\/p>\n<p><img loading=\"lazy\" decoding=\"async\" class=\"alignnone wp-image-626\" src=\"https:\/\/hydraulic-cylinders.net\/wp-content\/uploads\/2023\/08\/hydraulic-cylinder-product-1-300x158.webp\" alt=\"\" width=\"495\" height=\"260\" srcset=\"https:\/\/hydraulic-cylinders.net\/wp-content\/uploads\/2023\/08\/hydraulic-cylinder-product-1-300x158.webp 495w, https:\/\/hydraulic-cylinders.net\/wp-content\/uploads\/2023\/08\/hydraulic-cylinder-product-1-480x252.webp 480w\" sizes=\"(min-width: 0px) and (max-width: 480px) 480px, (min-width: 481px) 495px, 100vw\" \/> <img loading=\"lazy\" decoding=\"async\" class=\"alignnone wp-image-627\" src=\"https:\/\/hydraulic-cylinders.net\/wp-content\/uploads\/2023\/08\/hydraulic-cylinder-product-2-300x189.webp\" alt=\"\" width=\"413\" height=\"260\" \/><\/p>\n<h3>(2) Usinage<\/h3>\n<p>L'atelier d'usinage est \u00e9quip\u00e9 d'un centre de tournage sur rail inclin\u00e9 personnalis\u00e9, d'un centre d'usinage, d'une machine \u00e0 honer \u00e0 grande vitesse, d'un robot de soudage et d'autres \u00e9quipements connexes, qui peuvent traiter des tubes cylindriques d'un diam\u00e8tre int\u00e9rieur maximal de 400 mm et d'une longueur maximale de 6 m\u00e8tres.<\/p>\n<p><img loading=\"lazy\" decoding=\"async\" class=\"alignnone wp-image-628 size-large\" src=\"https:\/\/hydraulic-cylinders.net\/wp-content\/uploads\/2023\/08\/hydraulic-cylinder-product-3-1024x391.webp\" alt=\"\" width=\"1024\" height=\"391\" srcset=\"https:\/\/hydraulic-cylinders.net\/wp-content\/uploads\/2023\/08\/hydraulic-cylinder-product-3-980x374.webp 980w, https:\/\/hydraulic-cylinders.net\/wp-content\/uploads\/2023\/08\/hydraulic-cylinder-product-3-480x183.webp 480w\" sizes=\"(min-width: 0px) and (max-width: 480px) 480px, (min-width: 481px) and (max-width: 980px) 980px, (min-width: 981px) 1024px, 100vw\" \/><\/p>\n<h3>(3) Soudage<\/h3>\n<p><img loading=\"lazy\" decoding=\"async\" class=\"alignnone wp-image-629 size-large\" src=\"https:\/\/hydraulic-cylinders.net\/wp-content\/uploads\/2023\/08\/hydraulic-cylinder-product-4-1024x510.webp\" alt=\"\" width=\"1024\" height=\"510\" srcset=\"https:\/\/hydraulic-cylinders.net\/wp-content\/uploads\/2023\/08\/hydraulic-cylinder-product-4-980x488.webp 980w, https:\/\/hydraulic-cylinders.net\/wp-content\/uploads\/2023\/08\/hydraulic-cylinder-product-4-480x239.webp 480w\" sizes=\"(min-width: 0px) and (max-width: 480px) 480px, (min-width: 481px) and (max-width: 980px) 980px, (min-width: 981px) 1024px, 100vw\" \/><\/p>\n<h3>(4) Peinture et rev\u00eatement<\/h3>\n<p>Avec des lignes de rev\u00eatement de peinture \u00e0 base d'eau automatiques \u00e0 cylindre de petite et moyenne taille, pour r\u00e9aliser le chargement et le d\u00e9chargement automatiques par robot et la pulv\u00e9risation automatique, la capacit\u00e9 de conception est de 4 000 pi\u00e8ces par \u00e9quipe ;<br \/>\nNous disposons \u00e9galement d'une ligne de production de peinture semi-automatique pour gros cylindres, aliment\u00e9e par une cha\u00eene de traction, d'une capacit\u00e9 de conception de 60 caisses par \u00e9quipe.<\/p>\n<p><img loading=\"lazy\" decoding=\"async\" class=\"alignnone wp-image-630\" src=\"https:\/\/hydraulic-cylinders.net\/wp-content\/uploads\/2023\/08\/hydraulic-cylinder-product-5-300x213.webp\" alt=\"\" width=\"366\" height=\"260\" \/> <img loading=\"lazy\" decoding=\"async\" class=\"alignnone wp-image-631\" src=\"https:\/\/hydraulic-cylinders.net\/wp-content\/uploads\/2023\/08\/hydraulic-cylinder-product-6-300x225.webp\" alt=\"\" width=\"347\" height=\"260\" \/><\/p>\n<h3>(5) Essais<\/h3>\n<p>Nous disposons d'installations d'inspection et de bancs d'essai de premier ordre pour garantir que les performances de la bouteille sont conformes aux exigences.<\/p>\n<p><img loading=\"lazy\" decoding=\"async\" class=\"alignnone wp-image-632\" src=\"https:\/\/hydraulic-cylinders.net\/wp-content\/uploads\/2023\/08\/hydraulic-cylinder-product-8-300x200.webp\" alt=\"\" width=\"389\" height=\"260\" \/><\/p>\n<p>&nbsp;<\/p>\n<p>&nbsp;<\/p>\n<p>Nous sommes l'un des meilleurs fabricants de v\u00e9rins hydrauliques. Nous proposons une gamme compl\u00e8te de v\u00e9rins hydrauliques. Nous fournissons \u00e9galement les v\u00e9rins correspondants. <a href=\"https:\/\/hzpt.com\/agricultural-pto-gearbox\/\" target=\"_blank\" rel=\"noopener\">bo\u00eetes de vitesses agricoles<\/a>Nous exportons nos produits dans le monde entier et nous avons acquis une excellente r\u00e9putation gr\u00e2ce \u00e0 la qualit\u00e9 sup\u00e9rieure de nos produits et \u00e0 notre service apr\u00e8s-vente. Nous invitons nos clients, nationaux et internationaux, \u00e0 nous contacter pour n\u00e9gocier, \u00e9changer des informations et\u2026 <a href=\"https:\/\/www.hydraulic-cylinders.net\/fr\/contact-us\/\">coop\u00e9rer avec nous<\/a>!<\/p>","protected":false},"excerpt":{"rendered":"<p>Trailing Suction Dredger Hanger Cylinder The trailing suction dredger hanger cylinder is a crucial hydraulic component that significantly optimizes the efficiency and effectiveness of dredging operations. Designed to provide reliable support and control, this cylinder ensures precise positioning and stability of the trailing suction hanger system. The trailing suction dredger hanger cylinder is vital in [&hellip;]<\/p>","protected":false},"featured_media":1769,"comment_status":"open","ping_status":"closed","template":"","meta":{"_et_pb_use_builder":"","_et_pb_old_content":"","_et_gb_content_width":""},"product_brand":[],"product_cat":[1535,1549,1552,1376],"product_tag":[1380],"class_list":{"0":"post-1768","1":"product","2":"type-product","3":"status-publish","4":"has-post-thumbnail","6":"product_cat-dredger-hydraulic-cylinders","7":"product_cat-single-acting-hydraulic-cylinder","8":"product_cat-stainless-steel-hydraulic-cylinder","9":"product_cat-hydraulic-cylinder","10":"product_tag-hydraulic-cylinder","12":"first","13":"instock","14":"shipping-taxable","15":"product-type-simple"},"amp_enabled":true,"_links":{"self":[{"href":"https:\/\/www.hydraulic-cylinders.net\/fr\/wp-json\/wp\/v2\/product\/1768","targetHints":{"allow":["GET"]}}],"collection":[{"href":"https:\/\/www.hydraulic-cylinders.net\/fr\/wp-json\/wp\/v2\/product"}],"about":[{"href":"https:\/\/www.hydraulic-cylinders.net\/fr\/wp-json\/wp\/v2\/types\/product"}],"replies":[{"embeddable":true,"href":"https:\/\/www.hydraulic-cylinders.net\/fr\/wp-json\/wp\/v2\/comments?post=1768"}],"wp:featuredmedia":[{"embeddable":true,"href":"https:\/\/www.hydraulic-cylinders.net\/fr\/wp-json\/wp\/v2\/media\/1769"}],"wp:attachment":[{"href":"https:\/\/www.hydraulic-cylinders.net\/fr\/wp-json\/wp\/v2\/media?parent=1768"}],"wp:term":[{"taxonomy":"product_brand","embeddable":true,"href":"https:\/\/www.hydraulic-cylinders.net\/fr\/wp-json\/wp\/v2\/product_brand?post=1768"},{"taxonomy":"product_cat","embeddable":true,"href":"https:\/\/www.hydraulic-cylinders.net\/fr\/wp-json\/wp\/v2\/product_cat?post=1768"},{"taxonomy":"product_tag","embeddable":true,"href":"https:\/\/www.hydraulic-cylinders.net\/fr\/wp-json\/wp\/v2\/product_tag?post=1768"}],"curies":[{"name":"wp","href":"https:\/\/api.w.org\/{rel}","templated":true}]}}