{"id":1775,"date":"2023-10-13T06:57:31","date_gmt":"2023-10-13T06:57:31","guid":{"rendered":"https:\/\/hydraulic-cylinders.net\/?post_type=product&#038;p=1775"},"modified":"2025-04-15T05:54:54","modified_gmt":"2025-04-15T05:54:54","slug":"trailing-suction-dredger-overflow-cylinder","status":"publish","type":"product","link":"https:\/\/www.hydraulic-cylinders.net\/fr\/produit\/trailing-suction-dredger-overflow-cylinder\/","title":{"rendered":"Cylindre de trop-plein de drague \u00e0 succion"},"content":{"rendered":"<h1 style=\"text-align: center;\"><strong>Cylindre de trop-plein de drague \u00e0 succion<\/strong><\/h1>\n<h1 style=\"text-align: center;\"><img loading=\"lazy\" decoding=\"async\" class=\"alignnone wp-image-1776\" src=\"https:\/\/hydraulic-cylinders.net\/wp-content\/uploads\/2023\/10\/trailing-suction-dredger-overflow-cylinder-1-300x300.webp\" alt=\"\" width=\"400\" height=\"400\" \/><\/h1>\n<p>Le cylindre de trop-plein d'une drague suceuse est un composant essentiel des \u00e9quipements de dragage modernes. Con\u00e7u pour optimiser les performances des dragues suceuses, ce cylindre joue un r\u00f4le crucial dans la gestion du syst\u00e8me de trop-plein.<\/p>\n<p>Le v\u00e9rin de trop-plein d'une drague suceuse est un \u00e9l\u00e9ment essentiel pour des op\u00e9rations de dragage efficaces. Gr\u00e2ce \u00e0 sa construction robuste, sa commande pr\u00e9cise, son actionnement fiable et ses r\u00e9glages personnalisables, ce v\u00e9rin am\u00e9liore les performances globales des dragues suceuses. En respectant les m\u00e9thodes d'utilisation et les pratiques d'entretien recommand\u00e9es, les op\u00e9rateurs optimisent les performances et la dur\u00e9e de vie du v\u00e9rin de trop-plein, am\u00e9liorant ainsi l'efficacit\u00e9 des op\u00e9rations de dragage.<\/p>\n<p>Caract\u00e9ristiques principales du cylindre de trop-plein d'une drague \u00e0 succion tra\u00eenante\u00a0:<\/p>\n<ol>\n<li>Construction robuste :<\/li>\n<\/ol>\n<ul>\n<li>Le cylindre de trop-plein est fabriqu\u00e9 avec des mat\u00e9riaux de haute qualit\u00e9, garantissant durabilit\u00e9 et long\u00e9vit\u00e9 m\u00eame dans des environnements de dragage difficiles.<\/li>\n<li>Sa construction robuste lui permet de r\u00e9sister \u00e0 des pressions \u00e9lev\u00e9es, \u00e0 des conditions difficiles et \u00e0 une utilisation constante, tout en maintenant des performances constantes lors des op\u00e9rations de dragage.<\/li>\n<\/ul>\n<ol start=\"2\">\n<li>Contr\u00f4le pr\u00e9cis :<\/li>\n<\/ol>\n<ul>\n<li>Ce cylindre offre un contr\u00f4le pr\u00e9cis du syst\u00e8me de trop-plein, permettant une gestion pr\u00e9cise des mat\u00e9riaux dragu\u00e9s.<\/li>\n<li>Il assure un contr\u00f4le et une r\u00e9gulation optimaux du processus de d\u00e9bordement, facilitant la s\u00e9paration et l'\u00e9vacuation efficaces des s\u00e9diments.<\/li>\n<\/ul>\n<ol start=\"3\">\n<li>Actionnement fiable :<\/li>\n<\/ol>\n<ul>\n<li>Le cylindre de trop-plein assure une actionnement fiable, garantissant un fonctionnement fluide et constant du syst\u00e8me de trop-plein.<\/li>\n<li>Il fournit la force n\u00e9cessaire pour contr\u00f4ler le mouvement de la vanne de trop-plein, assurant ainsi une gestion efficace du flux de mat\u00e9riaux dragu\u00e9s.<\/li>\n<\/ul>\n<ol start=\"4\">\n<li>Param\u00e8tres personnalisables\u00a0:<\/li>\n<\/ol>\n<ul>\n<li>Ce v\u00e9rin permet un r\u00e9glage personnalis\u00e9 de diff\u00e9rents param\u00e8tres, tels que la vitesse d'ouverture et de fermeture, la longueur de course et la pression d'actionnement.<\/li>\n<li>Les op\u00e9rateurs peuvent adapter ces param\u00e8tres aux exigences sp\u00e9cifiques de dragage, optimisant ainsi l'efficacit\u00e9 du syst\u00e8me de trop-plein.<\/li>\n<\/ul>\n<h2><strong>Param\u00e8tre du cylindre de trop-plein de la drague \u00e0 succion tra\u00eenante\u00a0:<\/strong><\/h2>\n<table border=\"1\" cellspacing=\"0\" cellpadding=\"0\">\n<tbody>\n<tr>\n<td>Nom du produit<\/td>\n<td>Cylindre de trop-plein de drague \u00e0 succion<\/td>\n<\/tr>\n<tr>\n<td>Caract\u00e9ristiques:<\/td>\n<td>Fournir une force de traction pour soulever le tube de d\u00e9charge<\/td>\n<\/tr>\n<tr>\n<td>Diam\u00e8tre d'al\u00e9sage :<\/td>\n<td>Jusqu'\u00e0 280 mm<\/td>\n<\/tr>\n<tr>\n<td>Diam\u00e8tre de la tige :<\/td>\n<td>Jusqu'\u00e0 180 mm<br \/>\nCourse jusqu'\u00e0 6000 mm<\/td>\n<\/tr>\n<tr>\n<td>Pression:<\/td>\n<td>jusqu'\u00e0 32 MPa<\/td>\n<\/tr>\n<tr>\n<td>Force de traction :<\/td>\n<td>Maximum 900 kN<\/td>\n<\/tr>\n<tr>\n<td>Applications:<\/td>\n<td>drague \u00e0 succion tra\u00eenante<\/td>\n<\/tr>\n<\/tbody>\n<\/table>\n<div><\/div>\n<div>\n<div class=\"txtboxL\">\n<div class=\"txtboxL\">\n<div class=\"txtboxL\">\n<div class=\"txtboxL\">Caract\u00e9ristiques:<\/div>\n<div class=\"txtboxR\">Fournir une force de traction pour soulever le tube de d\u00e9charge<\/div>\n<div class=\"txtboxL\">Sp\u00e9cification:<\/div>\n<div class=\"txtboxR\">Diam\u00e8tre d'al\u00e9sage\u00a0: jusqu'\u00e0 280\u00a0mm<br \/>\nDiam\u00e8tre de la tige : jusqu'\u00e0 180 mm<br \/>\nCourse jusqu'\u00e0 6000 mm<\/div>\n<div class=\"txtboxL\">Pression:<\/div>\n<div class=\"txtboxR\">jusqu'\u00e0 32 MPa<\/div>\n<div class=\"txtboxL\">Force de traction :<\/div>\n<div class=\"txtboxR\">Maximum 900 kN<\/div>\n<\/div>\n<\/div>\n<\/div>\n<\/div>\n<h2><strong>Application des cylindres d'aspiration pour coupe-r\u00e9servoirs de drague :<\/strong><\/h2>\n<p><img loading=\"lazy\" decoding=\"async\" class=\"alignnone wp-image-1757 size-full\" src=\"https:\/\/hydraulic-cylinders.net\/wp-content\/uploads\/2023\/10\/dredger-tank-cylinder-1.webp\" alt=\"\" width=\"600\" height=\"400\" srcset=\"https:\/\/hydraulic-cylinders.net\/wp-content\/uploads\/2023\/10\/dredger-tank-cylinder-1.webp 600w, https:\/\/hydraulic-cylinders.net\/wp-content\/uploads\/2023\/10\/dredger-tank-cylinder-1-480x320.webp 480w\" sizes=\"(min-width: 0px) and (max-width: 480px) 480px, (min-width: 481px) 600px, 100vw\" \/><\/p>\n<h2><strong>Mode d'emploi du cylindre de trop-plein de la drague \u00e0 succion<\/strong><strong>:<\/strong><\/h2>\n<ol>\n<li><strong>Installation:<\/strong><\/li>\n<\/ol>\n<ul>\n<li>Suivez les instructions du fabricant pour installer correctement le cylindre de trop-plein sur la drague aspirante tra\u00eenante.<\/li>\n<li>Assurez-vous du bon alignement et de la fixation du cylindre sur la soupape de trop-plein et les composants associ\u00e9s, afin de garantir un fonctionnement fluide et fiable.<\/li>\n<\/ul>\n<ol start=\"2\">\n<li><strong>Gestion du syst\u00e8me de d\u00e9bordement\u00a0:<\/strong><\/li>\n<\/ol>\n<ul>\n<li>Utilisez le syst\u00e8me de commande de la drague pour actionner et g\u00e9rer le cylindre de trop-plein.<\/li>\n<li>Contr\u00f4lez l'ouverture et la fermeture de la vanne de trop-plein \u00e0 l'aide des commandes pr\u00e9vues \u00e0 cet effet, ce qui permet un contr\u00f4le pr\u00e9cis du d\u00e9bit et du rejet des mat\u00e9riaux dragu\u00e9s.<\/li>\n<\/ul>\n<ol start=\"3\">\n<li><strong>Op\u00e9rations de dragage :<\/strong><\/li>\n<\/ol>\n<ul>\n<li>Actionnez le v\u00e9rin de trop-plein pour ajuster la position de la vanne de trop-plein selon les besoins lors des op\u00e9rations de dragage.<\/li>\n<li>Ajustez les param\u00e8tres du cylindre, tels que la vitesse et la longueur de course, afin d'optimiser le processus de d\u00e9bordement et d'assurer une s\u00e9paration et une \u00e9vacuation efficaces des s\u00e9diments.<\/li>\n<\/ul>\n<h2><strong>Comment d\u00e9monter un v\u00e9rin hydraulique ?<\/strong><\/h2>\n<p>Le d\u00e9montage d'un v\u00e9rin hydraulique exige une grande attention et le respect des proc\u00e9dures appropri\u00e9es afin de garantir un d\u00e9montage s\u00fbr et efficace. Voici un guide \u00e9tape par \u00e9tape pour d\u00e9monter un v\u00e9rin hydraulique\u00a0:<\/p>\n<ol>\n<li><strong>Rassemblez les outils et l'\u00e9quipement n\u00e9cessaires\u00a0:<\/strong>\n<ul>\n<li>Jeu de cl\u00e9s ou de douilles<\/li>\n<li>levier ou tournevis<\/li>\n<li>Maillet en caoutchouc ou marteau \u00e0 inertie<\/li>\n<li>Chiffons propres ou serviettes d'atelier<\/li>\n<li>bac ou r\u00e9cipient de r\u00e9cup\u00e9ration d'huile hydraulique<\/li>\n<li>Gants de s\u00e9curit\u00e9 et lunettes de protection<\/li>\n<\/ul>\n<\/li>\n<li><strong>Pr\u00e9parer la zone de travail\u00a0:<\/strong>\n<ul>\n<li>Assurez-vous de disposer d'un espace de travail propre et organis\u00e9, suffisamment spacieux pour disposer les composants d\u00e9mont\u00e9s.<\/li>\n<li>Placez un tapis absorbant ou un mat\u00e9riau absorbant l'huile pour recueillir tout liquide hydraulique d\u00e9vers\u00e9.<\/li>\n<\/ul>\n<\/li>\n<li><strong>Soulager la pression hydraulique :<\/strong>\n<ul>\n<li>Avant de commencer le d\u00e9montage, rel\u00e2chez la pression hydraulique du v\u00e9rin. Pour ce faire, actionnez la vanne de commande du syst\u00e8me hydraulique afin de r\u00e9tracter compl\u00e8tement le v\u00e9rin.<\/li>\n<\/ul>\n<\/li>\n<li><strong>D\u00e9pose des raccords et des connexions\u00a0:<\/strong>\n<ul>\n<li>\u00c0 l'aide de cl\u00e9s ou d'un jeu de douilles, desserrez et retirez soigneusement tous les raccords, connecteurs ou flexibles hydrauliques fix\u00e9s au cylindre.<\/li>\n<li>Notez les raccords et leurs emplacements respectifs pour le remontage.<\/li>\n<\/ul>\n<\/li>\n<li><strong>Fixez le cylindre\u00a0:<\/strong>\n<ul>\n<li>Veillez \u00e0 ce que le cylindre soit correctement soutenu \u00e0 l'aide d'un \u00e9tabli ou d'un \u00e9tau appropri\u00e9 afin d'\u00e9viter qu'il ne tombe ou ne roule pendant le d\u00e9montage.<\/li>\n<\/ul>\n<\/li>\n<li><strong>Retirez le presse-\u00e9toupe ou le capuchon d'extr\u00e9mit\u00e9\u00a0:<\/strong>\n<ul>\n<li>Le presse-\u00e9toupe ou le capuchon d'extr\u00e9mit\u00e9 est g\u00e9n\u00e9ralement situ\u00e9 \u00e0 l'extr\u00e9mit\u00e9 de la tige du cylindre.<\/li>\n<li>Utilisez une cl\u00e9 ou une douille pour desserrer et retirer les boulons ou \u00e9crous de fixation.<\/li>\n<li>Si le presse-\u00e9toupe ou le bouchon est bloqu\u00e9, vous pouvez tapoter l\u00e9g\u00e8rement dessus avec un maillet en caoutchouc ou un marteau \u00e0 inertie pour aider \u00e0 le d\u00e9bloquer.<\/li>\n<li>Une fois desserr\u00e9, retirez soigneusement le presse-\u00e9toupe ou le bouchon d'extr\u00e9mit\u00e9, en laissant le fluide hydraulique s'\u00e9couler dans le bac de r\u00e9cup\u00e9ration.<\/li>\n<\/ul>\n<\/li>\n<li><strong>Extraire l'ensemble piston et tige :<\/strong>\n<ul>\n<li>Une fois le presse-\u00e9toupe ou le bouchon d'extr\u00e9mit\u00e9 retir\u00e9, vous pouvez acc\u00e9der \u00e0 l'ensemble piston-tige.<\/li>\n<li>Faites glisser d\u00e9licatement l'ensemble piston-tige hors du cylindre, en veillant \u00e0 bien le tenir pour \u00e9viter qu'il ne tombe ou ne s'ab\u00eeme.<\/li>\n<li>Si l'ensemble est bloqu\u00e9, vous pouvez utiliser un levier ou un tournevis pour faire levier avec pr\u00e9caution et faciliter son retrait.<\/li>\n<\/ul>\n<\/li>\n<li><strong>Inspecter et nettoyer les composants\u00a0:<\/strong>\n<ul>\n<li>Une fois d\u00e9mont\u00e9, inspectez tous les composants pour d\u00e9celer tout signe d'usure, de dommage ou de contamination.<\/li>\n<li>Nettoyez soigneusement les composants \u00e0 l'aide de chiffons propres ou de serviettes d'atelier, en \u00e9liminant toute salet\u00e9, tout d\u00e9bris ou tout fluide hydraulique.<\/li>\n<li>Portez une attention particuli\u00e8re au piston, \u00e0 la bielle, au cylindre et aux joints.<\/li>\n<\/ul>\n<\/li>\n<li><strong>Remplacer ou r\u00e9parer les composants\u00a0:<\/strong>\n<ul>\n<li>Si des composants sont us\u00e9s ou endommag\u00e9s, il est recommand\u00e9 de les remplacer par des neufs.<\/li>\n<li>V\u00e9rifiez l'\u00e9tat des joints et remplacez-les si n\u00e9cessaire.<\/li>\n<li>Consultez les instructions du fabricant ou demandez conseil \u00e0 un professionnel si vous avez des doutes concernant le remplacement ou la r\u00e9paration d'un composant.<\/li>\n<\/ul>\n<\/li>\n<li><strong>Remontage:<\/strong>\n<ul>\n<li>Suivez les instructions du fabricant pour le remontage du v\u00e9rin hydraulique.<\/li>\n<li>Appliquez un fluide hydraulique ou un lubrifiant appropri\u00e9 sur les joints et les composants lors du remontage.<\/li>\n<li>Assurez-vous que tous les raccords et connexions sont serr\u00e9s aux couples de serrage sp\u00e9cifi\u00e9s.<\/li>\n<li>V\u00e9rifiez attentivement l'alignement et l'orientation des composants avant de terminer le remontage.<\/li>\n<\/ul>\n<\/li>\n<\/ol>\n<h2><strong>Capacit\u00e9 de l'usine :<\/strong><\/h2>\n<h3>(1) Assemblage<\/h3>\n<p>Nous disposons d'une plateforme d'assemblage ind\u00e9pendante de recherche et d\u00e9veloppement de premier ordre. Notre atelier de production de v\u00e9rins hydrauliques dispose de quatre lignes d'assemblage semi-automatiques de v\u00e9rins de levage et d'une ligne d'assemblage automatique de v\u00e9rins d'inclinaison, pour une capacit\u00e9 de production annuelle pr\u00e9vue d'un million de pi\u00e8ces. L'atelier de v\u00e9rins sp\u00e9ciaux est \u00e9quip\u00e9 d'un syst\u00e8me d'assemblage de nettoyage semi-automatique de diverses sp\u00e9cifications, d'une capacit\u00e9 de production annuelle pr\u00e9vue de 200\u00a0000 pi\u00e8ces et dispose d'\u00e9quipements d'usinage CNC de pointe, d'un centre d'usinage, d'\u00e9quipements sp\u00e9ciaux d'usinage de haute pr\u00e9cision, d'une machine de soudage robotis\u00e9e, d'une machine de nettoyage automatique, d'une machine d'assemblage automatique de v\u00e9rins et d'une ligne de peinture automatique. Nous disposons de plus de 300 \u00e9quipements critiques. L'allocation optimale et l'utilisation efficace des ressources garantissent la pr\u00e9cision et la qualit\u00e9 des produits.<\/p>\n<p><img loading=\"lazy\" decoding=\"async\" class=\"alignnone wp-image-626\" src=\"https:\/\/hydraulic-cylinders.net\/wp-content\/uploads\/2023\/08\/hydraulic-cylinder-product-1-300x158.webp\" alt=\"\" width=\"495\" height=\"260\" srcset=\"https:\/\/hydraulic-cylinders.net\/wp-content\/uploads\/2023\/08\/hydraulic-cylinder-product-1-300x158.webp 495w, https:\/\/hydraulic-cylinders.net\/wp-content\/uploads\/2023\/08\/hydraulic-cylinder-product-1-480x252.webp 480w\" sizes=\"(min-width: 0px) and (max-width: 480px) 480px, (min-width: 481px) 495px, 100vw\" \/> <img loading=\"lazy\" decoding=\"async\" class=\"alignnone wp-image-627\" src=\"https:\/\/hydraulic-cylinders.net\/wp-content\/uploads\/2023\/08\/hydraulic-cylinder-product-2-300x189.webp\" alt=\"\" width=\"413\" height=\"260\" \/><\/p>\n<h3>(2) Usinage<\/h3>\n<p>L'atelier d'usinage est \u00e9quip\u00e9 d'un centre de tournage sur rail inclin\u00e9 personnalis\u00e9, d'un centre d'usinage, d'une machine \u00e0 honer \u00e0 grande vitesse, d'un robot de soudage et d'autres \u00e9quipements connexes, qui peuvent traiter des tubes cylindriques d'un diam\u00e8tre int\u00e9rieur maximal de 400 mm et d'une longueur maximale de 6 m\u00e8tres.<\/p>\n<p><img loading=\"lazy\" decoding=\"async\" class=\"alignnone wp-image-628 size-large\" src=\"https:\/\/hydraulic-cylinders.net\/wp-content\/uploads\/2023\/08\/hydraulic-cylinder-product-3-1024x391.webp\" alt=\"\" width=\"1024\" height=\"391\" srcset=\"https:\/\/hydraulic-cylinders.net\/wp-content\/uploads\/2023\/08\/hydraulic-cylinder-product-3-980x374.webp 980w, https:\/\/hydraulic-cylinders.net\/wp-content\/uploads\/2023\/08\/hydraulic-cylinder-product-3-480x183.webp 480w\" sizes=\"(min-width: 0px) and (max-width: 480px) 480px, (min-width: 481px) and (max-width: 980px) 980px, (min-width: 981px) 1024px, 100vw\" \/><\/p>\n<h3>(3) Soudage<\/h3>\n<p><img loading=\"lazy\" decoding=\"async\" class=\"alignnone wp-image-629 size-large\" src=\"https:\/\/hydraulic-cylinders.net\/wp-content\/uploads\/2023\/08\/hydraulic-cylinder-product-4-1024x510.webp\" alt=\"\" width=\"1024\" height=\"510\" srcset=\"https:\/\/hydraulic-cylinders.net\/wp-content\/uploads\/2023\/08\/hydraulic-cylinder-product-4-980x488.webp 980w, https:\/\/hydraulic-cylinders.net\/wp-content\/uploads\/2023\/08\/hydraulic-cylinder-product-4-480x239.webp 480w\" sizes=\"(min-width: 0px) and (max-width: 480px) 480px, (min-width: 481px) and (max-width: 980px) 980px, (min-width: 981px) 1024px, 100vw\" \/><\/p>\n<h3>(4) Peinture et rev\u00eatement<\/h3>\n<p>Avec des lignes de rev\u00eatement de peinture \u00e0 base d'eau automatiques \u00e0 cylindre de petite et moyenne taille, pour r\u00e9aliser le chargement et le d\u00e9chargement automatiques par robot et la pulv\u00e9risation automatique, la capacit\u00e9 de conception est de 4 000 pi\u00e8ces par \u00e9quipe ;<br \/>\nNous disposons \u00e9galement d'une ligne de production de peinture semi-automatique pour gros cylindres, aliment\u00e9e par une cha\u00eene de traction, d'une capacit\u00e9 de conception de 60 caisses par \u00e9quipe.<\/p>\n<p><img loading=\"lazy\" decoding=\"async\" class=\"alignnone wp-image-630\" src=\"https:\/\/hydraulic-cylinders.net\/wp-content\/uploads\/2023\/08\/hydraulic-cylinder-product-5-300x213.webp\" alt=\"\" width=\"366\" height=\"260\" \/> <img loading=\"lazy\" decoding=\"async\" class=\"alignnone wp-image-631\" src=\"https:\/\/hydraulic-cylinders.net\/wp-content\/uploads\/2023\/08\/hydraulic-cylinder-product-6-300x225.webp\" alt=\"\" width=\"347\" height=\"260\" \/><\/p>\n<h3>(5) Essais<\/h3>\n<p>Nous disposons d'installations d'inspection et de bancs d'essai de premier ordre pour garantir que les performances de la bouteille sont conformes aux exigences.<\/p>\n<p><img loading=\"lazy\" decoding=\"async\" class=\"alignnone wp-image-632\" src=\"https:\/\/hydraulic-cylinders.net\/wp-content\/uploads\/2023\/08\/hydraulic-cylinder-product-8-300x200.webp\" alt=\"\" width=\"389\" height=\"260\" \/><\/p>\n<p>&nbsp;<\/p>\n<p>&nbsp;<\/p>\n<p>Nous sommes l'un des meilleurs fabricants de v\u00e9rins hydrauliques. Nous proposons une gamme compl\u00e8te de v\u00e9rins hydrauliques. Nous fournissons \u00e9galement les v\u00e9rins correspondants. <a href=\"https:\/\/hzpt.com\/agricultural-pto-gearbox\/\" target=\"_blank\" rel=\"noopener\">bo\u00eetes de vitesses agricoles<\/a>Nous exportons nos produits dans le monde entier et nous avons acquis une excellente r\u00e9putation gr\u00e2ce \u00e0 la qualit\u00e9 sup\u00e9rieure de nos produits et \u00e0 notre service apr\u00e8s-vente. Nous invitons nos clients, nationaux et internationaux, \u00e0 nous contacter pour n\u00e9gocier, \u00e9changer des informations et\u2026 <a href=\"https:\/\/www.hydraulic-cylinders.net\/fr\/contact-us\/\">coop\u00e9rer avec nous<\/a>!<\/p>","protected":false},"excerpt":{"rendered":"<p>Trailing Suction Dredger Overflow Cylinder The trailing suction dredger overflow cylinder is a vital component in modern dredging equipment. Designed to optimize the performance of trailing suction dredgers, this cylinder plays a crucial role in managing the overflow system. The trailing suction dredger overflow cylinder is an essential component for achieving efficient and effective dredging [&hellip;]<\/p>","protected":false},"featured_media":1777,"comment_status":"open","ping_status":"closed","template":"","meta":{"_et_pb_use_builder":"","_et_pb_old_content":"","_et_gb_content_width":""},"product_brand":[],"product_cat":[1535,1549,1552,1376],"product_tag":[1380],"class_list":{"0":"post-1775","1":"product","2":"type-product","3":"status-publish","4":"has-post-thumbnail","6":"product_cat-dredger-hydraulic-cylinders","7":"product_cat-single-acting-hydraulic-cylinder","8":"product_cat-stainless-steel-hydraulic-cylinder","9":"product_cat-hydraulic-cylinder","10":"product_tag-hydraulic-cylinder","12":"first","13":"instock","14":"shipping-taxable","15":"product-type-simple"},"amp_enabled":true,"_links":{"self":[{"href":"https:\/\/www.hydraulic-cylinders.net\/fr\/wp-json\/wp\/v2\/product\/1775","targetHints":{"allow":["GET"]}}],"collection":[{"href":"https:\/\/www.hydraulic-cylinders.net\/fr\/wp-json\/wp\/v2\/product"}],"about":[{"href":"https:\/\/www.hydraulic-cylinders.net\/fr\/wp-json\/wp\/v2\/types\/product"}],"replies":[{"embeddable":true,"href":"https:\/\/www.hydraulic-cylinders.net\/fr\/wp-json\/wp\/v2\/comments?post=1775"}],"wp:featuredmedia":[{"embeddable":true,"href":"https:\/\/www.hydraulic-cylinders.net\/fr\/wp-json\/wp\/v2\/media\/1777"}],"wp:attachment":[{"href":"https:\/\/www.hydraulic-cylinders.net\/fr\/wp-json\/wp\/v2\/media?parent=1775"}],"wp:term":[{"taxonomy":"product_brand","embeddable":true,"href":"https:\/\/www.hydraulic-cylinders.net\/fr\/wp-json\/wp\/v2\/product_brand?post=1775"},{"taxonomy":"product_cat","embeddable":true,"href":"https:\/\/www.hydraulic-cylinders.net\/fr\/wp-json\/wp\/v2\/product_cat?post=1775"},{"taxonomy":"product_tag","embeddable":true,"href":"https:\/\/www.hydraulic-cylinders.net\/fr\/wp-json\/wp\/v2\/product_tag?post=1775"}],"curies":[{"name":"wp","href":"https:\/\/api.w.org\/{rel}","templated":true}]}}