{"id":1792,"date":"2023-10-16T01:38:04","date_gmt":"2023-10-16T01:38:04","guid":{"rendered":"https:\/\/hydraulic-cylinders.net\/?post_type=product&#038;p=1792"},"modified":"2025-04-15T05:54:45","modified_gmt":"2025-04-15T05:54:45","slug":"jack-up-platform-bolt-offshore-hydraulic-cylinder","status":"publish","type":"product","link":"https:\/\/www.hydraulic-cylinders.net\/fr\/produit\/jack-up-platform-bolt-offshore-hydraulic-cylinder\/","title":{"rendered":"V\u00e9rin hydraulique offshore pour plate-forme auto\u00e9l\u00e9vatrice"},"content":{"rendered":"<h1 style=\"text-align: center;\"><strong>V\u00e9rin hydraulique offshore pour plate-forme auto\u00e9l\u00e9vatrice<\/strong><\/h1>\n<h1 style=\"text-align: center;\"><img loading=\"lazy\" decoding=\"async\" class=\"alignnone wp-image-1794\" src=\"https:\/\/hydraulic-cylinders.net\/wp-content\/uploads\/2023\/10\/bolt-cylinder-1-300x300.webp\" alt=\"\" width=\"400\" height=\"400\" \/><\/h1>\n<p>Le v\u00e9rin hydraulique offshore \u00e0 boulon pour plateforme auto\u00e9l\u00e9vatrice est un composant hydraulique de pointe con\u00e7u pour un soutien fiable et efficace des plateformes offshore. Ce v\u00e9rin innovant est essentiel \u00e0 l'\u00e9l\u00e9vation et \u00e0 la stabilisation des plateformes, garantissant des op\u00e9rations s\u00fbres et productives dans des environnements offshore difficiles. Gr\u00e2ce \u00e0 ses caract\u00e9ristiques exceptionnelles et \u00e0 sa construction robuste, le v\u00e9rin hydraulique offshore \u00e0 boulon pour plateforme auto\u00e9l\u00e9vatrice offre la solution id\u00e9ale pour l'industrie offshore mondiale.<\/p>\n<p>Con\u00e7u pour une fiabilit\u00e9 et une efficacit\u00e9 maximales, le v\u00e9rin hydraulique offshore \u00e0 boulon pour plateforme auto\u00e9l\u00e9vatrice \u00e9l\u00e8ve et stabilise efficacement les plateformes offshore. Sa conception robuste, sa stabilit\u00e9 accrue et ses capacit\u00e9s d'\u00e9l\u00e9vation r\u00e9glables garantissent des op\u00e9rations fluides dans des conditions exigeantes. En respectant les m\u00e9thodes d'utilisation recommand\u00e9es et en appliquant des pratiques d'entretien r\u00e9guli\u00e8res, les op\u00e9rateurs peuvent prolonger consid\u00e9rablement la dur\u00e9e de vie et les performances de ce composant essentiel, contribuant ainsi \u00e0 la r\u00e9ussite des projets offshore.<\/p>\n<p>Choisissez le v\u00e9rin hydraulique offshore \u00e0 boulon pour plate-forme auto\u00e9l\u00e9vatrice pour un soutien et une stabilit\u00e9 in\u00e9gal\u00e9s dans vos op\u00e9rations offshore, et d\u00e9couvrez la diff\u00e9rence qu'il peut faire pour am\u00e9liorer la s\u00e9curit\u00e9 et la productivit\u00e9.<\/p>\n<h2><strong>V\u00e9rin hydraulique offshore pour plate-forme auto\u00e9l\u00e9vatrice <\/strong><strong>Param\u00e8tre:<\/strong><\/h2>\n<table border=\"1\" cellspacing=\"0\" cellpadding=\"0\">\n<tbody>\n<tr>\n<td>Nom du produit<\/td>\n<td>V\u00e9rin hydraulique offshore pour plate-forme auto\u00e9l\u00e9vatrice<\/td>\n<\/tr>\n<tr>\n<td>Caract\u00e9ristiques:<\/td>\n<td>Ins\u00e9rer et retirer la goupille cylindrique sur la poutre annulaire pour r\u00e9aliser le verrouillage de la poutre annulaire<\/td>\n<\/tr>\n<tr>\n<td>Diam\u00e8tre d'al\u00e9sage :<\/td>\n<td>Jusqu'\u00e0 100 mm<\/td>\n<\/tr>\n<tr>\n<td>Diam\u00e8tre de la tige :<\/td>\n<td>Jusqu'\u00e0 60 mm<\/td>\n<\/tr>\n<tr>\n<td>Pression:<\/td>\n<td>Jusqu'\u00e0 32 Mpa<\/td>\n<\/tr>\n<tr>\n<td>Capteur:<\/td>\n<td>Il peut \u00eatre \u00e9quip\u00e9 d'un dispositif de capteur de d\u00e9placement int\u00e9gr\u00e9 pour r\u00e9duire la taille d'installation des v\u00e9rins hydrauliques<\/td>\n<\/tr>\n<tr>\n<td>Applications:<\/td>\n<td>Plateforme offshore auto\u00e9l\u00e9vatrice<\/td>\n<\/tr>\n<\/tbody>\n<\/table>\n<div><\/div>\n<div>\n<div class=\"txtboxL\">\n<div class=\"txtboxL\">\n<div class=\"txtboxL\">\n<div class=\"txtboxL\">\n<div class=\"txtboxL\">\n<div class=\"txtboxL\">\n<div class=\"txtboxL\"><strong>Caract\u00e9ristiques: <\/strong>Ins\u00e9rer et retirer la goupille cylindrique sur la poutre annulaire pour r\u00e9aliser le verrouillage de la poutre annulaire<\/div>\n<div class=\"txtboxL\"><strong>Sp\u00e9cification: <\/strong>Diam\u00e8tre d'al\u00e9sage : jusqu'\u00e0 100 mm<br \/>\n<strong>Diam\u00e8tre de la tige :<\/strong> jusqu'\u00e0 60 mm<\/div>\n<div class=\"txtboxL\"><strong>Pression: <\/strong>jusqu'\u00e0 32 Mpa<\/div>\n<div class=\"txtboxL\"><strong>Capteur: <\/strong>Il peut \u00eatre \u00e9quip\u00e9 d'un dispositif de capteur de d\u00e9placement int\u00e9gr\u00e9 pour r\u00e9duire la taille d'installation des v\u00e9rins hydrauliques<\/div>\n<\/div>\n<\/div>\n<\/div>\n<\/div>\n<\/div>\n<div><\/div>\n<div><strong style=\"color: #333333; font-size: 26px;\">Application du v\u00e9rin \u00e0 boulon de la plate-forme offshore auto\u00e9l\u00e9vatrice\u00a0:<\/strong><\/div>\n<\/div>\n<\/div>\n<p><img loading=\"lazy\" decoding=\"async\" class=\"alignnone size-full wp-image-8206\" src=\"https:\/\/www.hydraulic-cylinders.net\/wp-content\/uploads\/2023\/10\/jack-up-platform-bolt-offshore-hydraulic-cylinder-1-1.webp\" alt=\"\" width=\"1418\" height=\"798\" srcset=\"https:\/\/www.hydraulic-cylinders.net\/wp-content\/uploads\/2023\/10\/jack-up-platform-bolt-offshore-hydraulic-cylinder-1-1.webp 1418w, https:\/\/www.hydraulic-cylinders.net\/wp-content\/uploads\/2023\/10\/jack-up-platform-bolt-offshore-hydraulic-cylinder-1-1-1280x720.webp 1280w, https:\/\/www.hydraulic-cylinders.net\/wp-content\/uploads\/2023\/10\/jack-up-platform-bolt-offshore-hydraulic-cylinder-1-1-980x552.webp 980w, https:\/\/www.hydraulic-cylinders.net\/wp-content\/uploads\/2023\/10\/jack-up-platform-bolt-offshore-hydraulic-cylinder-1-1-480x270.webp 480w\" sizes=\"(min-width: 0px) and (max-width: 480px) 480px, (min-width: 481px) and (max-width: 980px) 980px, (min-width: 981px) and (max-width: 1280px) 1280px, (min-width: 1281px) 1418px, 100vw\" \/><\/p>\n<h2><strong>V\u00e9rin hydraulique offshore pour plate-forme auto\u00e9l\u00e9vatrice <\/strong><strong>Caract\u00e9ristiques principales :<\/strong><\/h2>\n<h3><strong>Construction robuste<\/strong><\/h3>\n<p>Le v\u00e9rin hydraulique offshore pour plateforme auto\u00e9l\u00e9vatrice est con\u00e7u pour r\u00e9sister aux conditions offshore les plus difficiles. Fabriqu\u00e9 \u00e0 partir de mat\u00e9riaux de haute qualit\u00e9 et r\u00e9sistants \u00e0 la corrosion, il offre une durabilit\u00e9 et une long\u00e9vit\u00e9 exceptionnelles, r\u00e9duisant consid\u00e9rablement les besoins de maintenance.<\/p>\n<h3><strong>Stabilit\u00e9 am\u00e9lior\u00e9e<\/strong><\/h3>\n<p>Ce v\u00e9rin hydraulique est con\u00e7u pour assurer une stabilit\u00e9 optimale des plateformes offshore lors de leur \u00e9l\u00e9vation. Son m\u00e9canisme de boulonnage robuste assure une liaison solide entre la plateforme et sa structure porteuse, minimisant les mouvements et maximisant la s\u00e9curit\u00e9 tout au long des op\u00e9rations.<\/p>\n<h3><strong>\u00c9nergie hydraulique<\/strong><\/h3>\n<p>Aliment\u00e9 par un syst\u00e8me hydraulique sophistiqu\u00e9, le v\u00e9rin hydraulique offshore de la plateforme auto\u00e9l\u00e9vatrice utilise des fluides sous pression pour g\u00e9n\u00e9rer la force n\u00e9cessaire \u00e0 son \u00e9l\u00e9vation. Ce m\u00e9canisme hydraulique permet un contr\u00f4le pr\u00e9cis du processus d'\u00e9l\u00e9vation, garantissant des mouvements fluides et contr\u00f4l\u00e9s.<\/p>\n<h3><strong>\u00c9l\u00e9vation r\u00e9glable<\/strong><\/h3>\n<p>Le v\u00e9rin de la plateforme auto-\u00e9l\u00e9vatrice est r\u00e9glable en hauteur, ce qui lui permet de s'adapter aux diff\u00e9rentes profondeurs d'eau et conditions de mer. Cette flexibilit\u00e9 assure un positionnement optimal de la plateforme, am\u00e9liorant la stabilit\u00e9 et facilitant les op\u00e9rations.<\/p>\n<p>Choisissez le v\u00e9rin hydraulique offshore \u00e0 boulon pour plateforme auto\u00e9l\u00e9vatrice pour des performances et une fiabilit\u00e9 in\u00e9gal\u00e9es dans vos projets offshore. B\u00e9n\u00e9ficiez d'une s\u00e9curit\u00e9 et d'une efficacit\u00e9 accrues gr\u00e2ce \u00e0 ce composant essentiel.<\/p>\n<h2><strong>Comment r\u00e9parer un v\u00e9rin hydraulique ?<\/strong><\/h2>\n<p>La r\u00e9paration d'un v\u00e9rin hydraulique exige une attention particuli\u00e8re et le respect des consignes de s\u00e9curit\u00e9. Voici un guide \u00e9tape par \u00e9tape pour la r\u00e9paration d'un v\u00e9rin hydraulique\u00a0:<\/p>\n<h3><strong>1. La s\u00e9curit\u00e9 avant tout<\/strong><\/h3>\n<p>Avant toute r\u00e9paration, assurez-vous que le syst\u00e8me hydraulique est d\u00e9pressuris\u00e9 et que le v\u00e9rin est solidement fix\u00e9. Portez un \u00e9quipement de protection individuelle (EPI) appropri\u00e9, tel que des gants et des lunettes de s\u00e9curit\u00e9, pour vous prot\u00e9ger des dangers potentiels.<\/p>\n<h3><strong>2. Identifier le probl\u00e8me<\/strong><\/h3>\n<p>\u00c9valuez le v\u00e9rin hydraulique afin de d\u00e9terminer le probl\u00e8me sp\u00e9cifique \u00e0 r\u00e9soudre. Les probl\u00e8mes courants incluent des fuites, des joints endommag\u00e9s, des rayures sur la tige de piston ou des composants pli\u00e9s. Comprendre le probl\u00e8me vous aidera \u00e0 d\u00e9terminer les \u00e9tapes et les pi\u00e8ces de r\u00e9paration n\u00e9cessaires.<\/p>\n<h3><strong>3. Rassemblez les outils et les pi\u00e8ces de rechange<\/strong><\/h3>\n<p><img loading=\"lazy\" decoding=\"async\" class=\"size-full wp-image-7902 aligncenter\" src=\"https:\/\/www.hydraulic-cylinders.net\/wp-content\/uploads\/2024\/09\/mining-dump-lifting-cylinder-hydraulic-on-trucks-5.webp\" alt=\"\" width=\"500\" height=\"305\" srcset=\"https:\/\/www.hydraulic-cylinders.net\/wp-content\/uploads\/2024\/09\/mining-dump-lifting-cylinder-hydraulic-on-trucks-5.webp 500w, https:\/\/www.hydraulic-cylinders.net\/wp-content\/uploads\/2024\/09\/mining-dump-lifting-cylinder-hydraulic-on-trucks-5-480x293.webp 480w\" sizes=\"(min-width: 0px) and (max-width: 480px) 480px, (min-width: 481px) 500px, 100vw\" \/><\/p>\n<p>Pr\u00e9parez les outils et pi\u00e8ces de rechange n\u00e9cessaires avant de commencer la r\u00e9paration. Parmi les outils courants, on trouve des cl\u00e9s, des pinces, un maillet ou un marteau, des outils de d\u00e9montage de joints et une presse hydraulique. Assurez-vous que votre mod\u00e8le de v\u00e9rin hydraulique est \u00e9quip\u00e9 des joints, joints toriques et autres composants de rechange appropri\u00e9s.<\/p>\n<h3><strong>4. D\u00e9monter le cylindre :<\/strong><\/h3>\n<p>D\u00e9montez soigneusement le v\u00e9rin hydraulique en suivant les instructions du fabricant. Notez l'ordre de d\u00e9montage des composants, car cela guidera le remontage. Gardez une trace des cales ou des entretoises, car elles pourraient devoir \u00eatre r\u00e9install\u00e9es au m\u00eame endroit.<\/p>\n<h3><strong>5. Inspectez et nettoyez les composants :<\/strong><\/h3>\n<p><img loading=\"lazy\" decoding=\"async\" class=\"size-full wp-image-8207 aligncenter\" src=\"https:\/\/www.hydraulic-cylinders.net\/wp-content\/uploads\/2023\/10\/hydraulic-system.webp\" alt=\"\" width=\"800\" height=\"450\" srcset=\"https:\/\/www.hydraulic-cylinders.net\/wp-content\/uploads\/2023\/10\/hydraulic-system.webp 800w, https:\/\/www.hydraulic-cylinders.net\/wp-content\/uploads\/2023\/10\/hydraulic-system-480x270.webp 480w\" sizes=\"(min-width: 0px) and (max-width: 480px) 480px, (min-width: 481px) 800px, 100vw\" \/><\/p>\n<p>Inspectez tous les composants d\u00e9mont\u00e9s pour d\u00e9celer tout signe d'usure, de dommage ou de rayures. Nettoyez les pi\u00e8ces avec un produit nettoyant appropri\u00e9 pour \u00e9liminer la salet\u00e9, les d\u00e9bris et l'ancien lubrifiant. Assurez-vous que toutes les surfaces sont propres et exemptes de contaminants avant de continuer.<\/p>\n<h3><strong>6. Remplacer les joints et les joints toriques :<\/strong><\/h3>\n<p>Remplacez les joints, joints toriques ou joints d'\u00e9tanch\u00e9it\u00e9 us\u00e9s ou endommag\u00e9s. Appliquez une fine couche de liquide hydraulique pour lubrifier les joints avant l'installation. Assurez-vous que les nouveaux joints sont bien align\u00e9s et bien ajust\u00e9s afin d'\u00e9viter les fuites.<\/p>\n<h3><strong>7. R\u00e9parer ou remplacer les pi\u00e8ces endommag\u00e9es\u00a0:<\/strong><\/h3>\n<p>Si des composants, comme la tige de piston ou le corps du v\u00e9rin, sont endommag\u00e9s au-del\u00e0 de toute r\u00e9paration, il peut \u00eatre n\u00e9cessaire de les remplacer. Suivez les instructions du fabricant pour conna\u00eetre les proc\u00e9dures de remplacement appropri\u00e9es. Utilisez une presse hydraulique si n\u00e9cessaire pour garantir un assemblage pr\u00e9cis et pr\u00e9cis.<\/p>\n<h3><strong>8. Remonter le cylindre :<\/strong><\/h3>\n<p>Remontez le v\u00e9rin hydraulique dans l'ordre inverse du d\u00e9montage. Assurez-vous que tous les composants sont correctement align\u00e9s et mont\u00e9s. Utilisez une cl\u00e9 dynamom\u00e9trique pour serrer les boulons et les fixations conform\u00e9ment aux sp\u00e9cifications du fabricant. Veillez \u00e0 l'orientation et \u00e0 l'alignement corrects des composants.<\/p>\n<h3><strong>9. Test de fuites :<\/strong><\/h3>\n<p>Une fois remont\u00e9, v\u00e9rifiez l'\u00e9tanch\u00e9it\u00e9 du v\u00e9rin hydraulique. Appliquez une pression hydraulique au syst\u00e8me et recherchez tout signe de fuite au niveau des joints ou des raccords. Si des fuites sont d\u00e9tect\u00e9es, corrigez-les en ajustant ou en rempla\u00e7ant les composants concern\u00e9s.<\/p>\n<h3><strong>10. Tests de fonctionnalit\u00e9 et de fonctionnement :<\/strong><\/h3>\n<p>V\u00e9rifiez le bon fonctionnement du v\u00e9rin hydraulique r\u00e9par\u00e9. V\u00e9rifiez sa fluidit\u00e9 et son bon fonctionnement. Surveillez tout bruit ou mouvement anormal pendant l'op\u00e9ration.<\/p>\n<h2><strong>Capacit\u00e9 de l'usine :<\/strong><\/h2>\n<h3><strong>(1) Assemblage<\/strong><\/h3>\n<p>Notre usine dispose d'une plateforme d'assemblage de recherche et d\u00e9veloppement ind\u00e9pendante de premier ordre, d\u00e9di\u00e9e \u00e0 la production de v\u00e9rins hydrauliques. Nous exploitons quatre lignes d'assemblage de v\u00e9rins de levage semi-automatiques et une ligne d'assemblage de v\u00e9rins d'inclinaison enti\u00e8rement automatique, avec une capacit\u00e9 de production annuelle impressionnante d'un million de v\u00e9rins.<img loading=\"lazy\" decoding=\"async\" class=\"aligncenter wp-image-626\" src=\"https:\/\/hydraulic-cylinders.net\/wp-content\/uploads\/2023\/08\/hydraulic-cylinder-product-1-300x158.webp\" alt=\"\" width=\"500\" height=\"263\" srcset=\"https:\/\/hydraulic-cylinders.net\/wp-content\/uploads\/2023\/08\/hydraulic-cylinder-product-1-300x158.webp 500w, https:\/\/hydraulic-cylinders.net\/wp-content\/uploads\/2023\/08\/hydraulic-cylinder-product-1-480x252.webp 480w\" sizes=\"(min-width: 0px) and (max-width: 480px) 480px, (min-width: 481px) 500px, 100vw\" \/><\/p>\n<p>Dans notre atelier sp\u00e9cialis\u00e9 dans les cylindres, nous utilisons un syst\u00e8me d'assemblage et de nettoyage semi-automatique, con\u00e7u pour diverses sp\u00e9cifications, capable de produire 200\u00a0000 cylindres par an. Notre atelier est \u00e9quip\u00e9 d'\u00e9quipements d'usinage CNC de pointe, d'un centre d'usinage, d'outils d'usinage de haute pr\u00e9cision, de machines de soudage robotis\u00e9es, de syst\u00e8mes de nettoyage automatique et d'une ligne d'assemblage automatis\u00e9e. Nous disposons \u00e9galement d'une ligne de peinture enti\u00e8rement automatis\u00e9e.<\/p>\n<p>Avec plus de 300 \u00e9quipements critiques, notre allocation optimale des ressources nous permet de respecter les normes strictes de pr\u00e9cision et de qualit\u00e9 exig\u00e9es par nos clients. Cet engagement envers l'efficacit\u00e9 et la pr\u00e9cision nous positionne comme leader du secteur des v\u00e9rins hydrauliques.<\/p>\n<p><img loading=\"lazy\" decoding=\"async\" class=\"aligncenter wp-image-627\" src=\"https:\/\/hydraulic-cylinders.net\/wp-content\/uploads\/2023\/08\/hydraulic-cylinder-product-2-300x189.webp\" alt=\"\" width=\"500\" height=\"315\" srcset=\"https:\/\/hydraulic-cylinders.net\/wp-content\/uploads\/2023\/08\/hydraulic-cylinder-product-2-300x189.webp 500w, https:\/\/hydraulic-cylinders.net\/wp-content\/uploads\/2023\/08\/hydraulic-cylinder-product-2-480x302.webp 480w\" sizes=\"(min-width: 0px) and (max-width: 480px) 480px, (min-width: 481px) 500px, 100vw\" \/><\/p>\n<h3><strong>(2) Usinage<\/strong><\/h3>\n<p>Notre atelier d'usinage est \u00e9quip\u00e9 d'\u00e9quipements de pointe, dont un centre de tournage sur rail inclin\u00e9 sur mesure, un centre d'usinage de pr\u00e9cision, une machine de rodage \u00e0 grande vitesse et des robots de soudage de pointe. Cette configuration sophistiqu\u00e9e nous permet d'usiner efficacement des tubes cylindriques d'un diam\u00e8tre int\u00e9rieur maximal de 400 mm et d'une longueur allant jusqu'\u00e0 6 m\u00e8tres.<\/p>\n<p><img loading=\"lazy\" decoding=\"async\" class=\"wp-image-628 size-large aligncenter\" src=\"https:\/\/hydraulic-cylinders.net\/wp-content\/uploads\/2023\/08\/hydraulic-cylinder-product-3-1024x391.webp\" alt=\"\" width=\"1024\" height=\"391\" srcset=\"https:\/\/hydraulic-cylinders.net\/wp-content\/uploads\/2023\/08\/hydraulic-cylinder-product-3-980x374.webp 980w, https:\/\/hydraulic-cylinders.net\/wp-content\/uploads\/2023\/08\/hydraulic-cylinder-product-3-480x183.webp 480w\" sizes=\"(min-width: 0px) and (max-width: 480px) 480px, (min-width: 481px) and (max-width: 980px) 980px, (min-width: 981px) 1024px, 100vw\" \/><\/p>\n<p>Gr\u00e2ce \u00e0 notre technologie de pointe, nous garantissons un usinage de haute qualit\u00e9 qui r\u00e9pond aux divers besoins de la production de v\u00e9rins hydrauliques.<\/p>\n<h3><strong>(3) Soudage<\/strong><\/h3>\n<p><img loading=\"lazy\" decoding=\"async\" class=\"wp-image-629 size-large aligncenter\" src=\"https:\/\/hydraulic-cylinders.net\/wp-content\/uploads\/2023\/08\/hydraulic-cylinder-product-4-1024x510.webp\" alt=\"\" width=\"1024\" height=\"510\" srcset=\"https:\/\/hydraulic-cylinders.net\/wp-content\/uploads\/2023\/08\/hydraulic-cylinder-product-4-980x488.webp 980w, https:\/\/hydraulic-cylinders.net\/wp-content\/uploads\/2023\/08\/hydraulic-cylinder-product-4-480x239.webp 480w\" sizes=\"(min-width: 0px) and (max-width: 480px) 480px, (min-width: 481px) and (max-width: 980px) 980px, (min-width: 981px) 1024px, 100vw\" \/><\/p>\n<h3><strong>(4) Peinture et rev\u00eatement<\/strong><\/h3>\n<p><img loading=\"lazy\" decoding=\"async\" class=\"wp-image-630 aligncenter\" src=\"https:\/\/hydraulic-cylinders.net\/wp-content\/uploads\/2023\/08\/hydraulic-cylinder-product-5-300x213.webp\" alt=\"\" width=\"500\" height=\"355\" \/><\/p>\n<p>Notre usine est \u00e9quip\u00e9e de lignes automatiques de rev\u00eatement de peinture \u00e0 l'eau de pointe, sp\u00e9cialement con\u00e7ues pour les cylindres de petite et moyenne taille. Ces lignes utilisent une technologie robotis\u00e9e pour un chargement, un d\u00e9chargement et une pulv\u00e9risation efficaces, atteignant une capacit\u00e9 de production remarquable de 4\u00a0000 pi\u00e8ces par \u00e9quipe.<\/p>\n<p><img loading=\"lazy\" decoding=\"async\" class=\"wp-image-631 aligncenter\" src=\"https:\/\/hydraulic-cylinders.net\/wp-content\/uploads\/2023\/08\/hydraulic-cylinder-product-6-300x225.webp\" alt=\"\" width=\"500\" height=\"375\" srcset=\"https:\/\/hydraulic-cylinders.net\/wp-content\/uploads\/2023\/08\/hydraulic-cylinder-product-6-300x225.webp 500w, https:\/\/hydraulic-cylinders.net\/wp-content\/uploads\/2023\/08\/hydraulic-cylinder-product-6-480x360.webp 480w\" sizes=\"(min-width: 0px) and (max-width: 480px) 480px, (min-width: 481px) 500px, 100vw\" \/><\/p>\n<p>Nous exploitons \u00e9galement une ligne de production de peinture semi-automatique pour grands v\u00e9rins, aliment\u00e9e par une cha\u00eene de production robuste, d'une capacit\u00e9 nominale de 60 caisses par \u00e9quipe. Cette combinaison d'automatisation et d'efficacit\u00e9 garantit des finitions de haute qualit\u00e9 pour tous nos v\u00e9rins hydrauliques.<\/p>\n<h3><strong>(5) Essais<\/strong><\/h3>\n<p>Nous disposons d'installations d'inspection et de bancs d'essai de premier ordre pour garantir que les performances de la bouteille sont conformes aux exigences.<\/p>\n<p><img loading=\"lazy\" decoding=\"async\" class=\"wp-image-632 aligncenter\" src=\"https:\/\/hydraulic-cylinders.net\/wp-content\/uploads\/2023\/08\/hydraulic-cylinder-product-8-300x200.webp\" alt=\"\" width=\"389\" height=\"260\" \/><\/p>\n<p>Nous sommes un fabricant renomm\u00e9 de <a href=\"https:\/\/hzpt.com\/mobile-machinery-hydraulic-cylinder\/\" target=\"_blank\" rel=\"noopener\">v\u00e9rins hydrauliques<\/a>, reconnu comme l'un des meilleurs du secteur. Notre vaste gamme de produits comprend une large gamme de v\u00e9rins hydrauliques adapt\u00e9s \u00e0 diverses applications. Outre les v\u00e9rins hydrauliques, nous proposons \u00e9galement des bo\u00eetes de vitesses agricoles de haute qualit\u00e9, garantissant \u00e0 nos clients des solutions compl\u00e8tes pour leurs besoins en machines.<\/p>\n<p>Gr\u00e2ce \u00e0 notre engagement envers l'excellence, nous exportons avec succ\u00e8s nos produits vers des clients du monde entier, nous forgeant une solide r\u00e9putation pour la qualit\u00e9 sup\u00e9rieure de nos produits et l'excellence de notre service apr\u00e8s-vente. Notre engagement envers la satisfaction client nous positionne comme un partenaire de confiance sur les march\u00e9s nationaux et internationaux.<\/p>\n<h2><strong>Pourquoi nous choisir?<\/strong><\/h2>\n<p><img loading=\"lazy\" decoding=\"async\" class=\"size-full wp-image-7201 aligncenter\" src=\"https:\/\/www.hydraulic-cylinders.net\/wp-content\/uploads\/2024\/09\/mining-dump-steering-cylinder-hydraulics-on-trucks-8.webp\" alt=\"\" width=\"1110\" height=\"735\" srcset=\"https:\/\/www.hydraulic-cylinders.net\/wp-content\/uploads\/2024\/09\/mining-dump-steering-cylinder-hydraulics-on-trucks-8.webp 1110w, https:\/\/www.hydraulic-cylinders.net\/wp-content\/uploads\/2024\/09\/mining-dump-steering-cylinder-hydraulics-on-trucks-8-980x649.webp 980w, https:\/\/www.hydraulic-cylinders.net\/wp-content\/uploads\/2024\/09\/mining-dump-steering-cylinder-hydraulics-on-trucks-8-480x318.webp 480w\" sizes=\"(min-width: 0px) and (max-width: 480px) 480px, (min-width: 481px) and (max-width: 980px) 980px, (min-width: 981px) 1110px, 100vw\" \/><\/p>\n<p><strong>Expertise professionnelle:<\/strong> Notre \u00e9quipe est compos\u00e9e de professionnels de l\u2019industrie poss\u00e9dant une connaissance et une exp\u00e9rience approfondies des syst\u00e8mes hydrauliques, garantissant ainsi que nous fournissons des produits et services de premier ordre.<\/p>\n<p><strong>Certifications internationales :<\/strong> Nous adh\u00e9rons \u00e0 des normes de qualit\u00e9 strictes et d\u00e9tenons diverses certifications internationales, d\u00e9montrant notre engagement \u00e0 fournir des solutions hydrauliques fiables et s\u00fbres.<\/p>\n<p><strong>Solutions personnalis\u00e9es :<\/strong> Nous comprenons que les besoins de chaque client sont uniques. C'est pourquoi nous proposons des v\u00e9rins hydrauliques et des r\u00e9ducteurs sur mesure, adapt\u00e9s \u00e0 vos besoins sp\u00e9cifiques.<\/p>\n<p><strong>\u00c9quipement de production avanc\u00e9 :<\/strong> Nos installations de fabrication \u00e0 la pointe de la technologie utilisent les derni\u00e8res technologies et \u00e9quipements, nous permettant de produire efficacement des produits de haute qualit\u00e9.<\/p>\n<p><strong>Assistance apr\u00e8s-vente compl\u00e8te :<\/strong> Notre engagement envers nos clients va au-del\u00e0 de la vente. Nous offrons un service d'assistance et de maintenance continu pour garantir des performances optimales de nos produits.<\/p>\n<p>Nous invitons nos clients du monde entier \u00e0 nous contacter pour des n\u00e9gociations commerciales, des \u00e9changes d'informations et des opportunit\u00e9s de collaboration. Ensemble, nous pouvons accro\u00eetre notre r\u00e9ussite dans le secteur hydraulique\u00a0!<\/p>\n<p>&nbsp;<\/p>\n<p>&nbsp;<\/p>\n<p>Nous sommes l'un des meilleurs fabricants de v\u00e9rins hydrauliques. Nous proposons une gamme compl\u00e8te de v\u00e9rins hydrauliques. Nous fournissons \u00e9galement les v\u00e9rins correspondants. <a href=\"https:\/\/hzpt.com\/agricultural-pto-gearbox\/\" target=\"_blank\" rel=\"noopener\">bo\u00eetes de vitesses agricoles<\/a>Nous exportons nos produits dans le monde entier et nous avons acquis une excellente r\u00e9putation gr\u00e2ce \u00e0 la qualit\u00e9 sup\u00e9rieure de nos produits et \u00e0 notre service apr\u00e8s-vente. Nous invitons nos clients, nationaux et internationaux, \u00e0 nous contacter pour n\u00e9gocier, \u00e9changer des informations et\u2026 <a href=\"https:\/\/www.hydraulic-cylinders.net\/fr\/contact-us\/\">coop\u00e9rer avec nous<\/a>!<\/p>","protected":false},"excerpt":{"rendered":"<p>Jack-up Platform Bolt Offshore Hydraulic Cylinder The jack-up platform bolt offshore hydraulic cylinder is a cutting-edge hydraulic component engineered for reliable and efficient support of offshore platforms. This innovative cylinder is crucial in elevating and stabilizing platforms, ensuring safe and productive operations in challenging offshore environments. With its exceptional features and robust construction, the jack-up [&hellip;]<\/p>","protected":false},"featured_media":1795,"comment_status":"open","ping_status":"closed","template":"","meta":{"_et_pb_use_builder":"","_et_pb_old_content":"","_et_gb_content_width":""},"product_brand":[],"product_cat":[1536,1549,1552,1376],"product_tag":[1380],"class_list":{"0":"post-1792","1":"product","2":"type-product","3":"status-publish","4":"has-post-thumbnail","6":"product_cat-offshore-platform-hydraulic-cylinders","7":"product_cat-single-acting-hydraulic-cylinder","8":"product_cat-stainless-steel-hydraulic-cylinder","9":"product_cat-hydraulic-cylinder","10":"product_tag-hydraulic-cylinder","12":"first","13":"instock","14":"shipping-taxable","15":"product-type-simple"},"amp_enabled":true,"_links":{"self":[{"href":"https:\/\/www.hydraulic-cylinders.net\/fr\/wp-json\/wp\/v2\/product\/1792","targetHints":{"allow":["GET"]}}],"collection":[{"href":"https:\/\/www.hydraulic-cylinders.net\/fr\/wp-json\/wp\/v2\/product"}],"about":[{"href":"https:\/\/www.hydraulic-cylinders.net\/fr\/wp-json\/wp\/v2\/types\/product"}],"replies":[{"embeddable":true,"href":"https:\/\/www.hydraulic-cylinders.net\/fr\/wp-json\/wp\/v2\/comments?post=1792"}],"wp:featuredmedia":[{"embeddable":true,"href":"https:\/\/www.hydraulic-cylinders.net\/fr\/wp-json\/wp\/v2\/media\/1795"}],"wp:attachment":[{"href":"https:\/\/www.hydraulic-cylinders.net\/fr\/wp-json\/wp\/v2\/media?parent=1792"}],"wp:term":[{"taxonomy":"product_brand","embeddable":true,"href":"https:\/\/www.hydraulic-cylinders.net\/fr\/wp-json\/wp\/v2\/product_brand?post=1792"},{"taxonomy":"product_cat","embeddable":true,"href":"https:\/\/www.hydraulic-cylinders.net\/fr\/wp-json\/wp\/v2\/product_cat?post=1792"},{"taxonomy":"product_tag","embeddable":true,"href":"https:\/\/www.hydraulic-cylinders.net\/fr\/wp-json\/wp\/v2\/product_tag?post=1792"}],"curies":[{"name":"wp","href":"https:\/\/api.w.org\/{rel}","templated":true}]}}