{"id":1841,"date":"2023-10-17T06:38:00","date_gmt":"2023-10-17T06:38:00","guid":{"rendered":"https:\/\/hydraulic-cylinders.net\/?post_type=product&#038;p=1841"},"modified":"2025-04-15T05:42:55","modified_gmt":"2025-04-15T05:42:55","slug":"reach-stacker-telescopic-cylinder","status":"publish","type":"product","link":"https:\/\/www.hydraulic-cylinders.net\/fr\/produit\/reach-stacker-telescopic-cylinder\/","title":{"rendered":"Cylindre t\u00e9lescopique pour gerbeur \u00e0 port\u00e9e variable"},"content":{"rendered":"<h1 style=\"text-align: center;\"><strong>Cylindre t\u00e9lescopique pour gerbeur \u00e0 port\u00e9e variable<\/strong><\/h1>\n<h1 style=\"text-align: center;\"><img loading=\"lazy\" decoding=\"async\" class=\"alignnone wp-image-1842\" src=\"https:\/\/hydraulic-cylinders.net\/wp-content\/uploads\/2023\/10\/reach-stacker-telescopic-cylinder-1-300x300.webp\" alt=\"\" width=\"400\" height=\"400\" \/><\/h1>\n<p>Le v\u00e9rin t\u00e9lescopique pour chariot \u00e9l\u00e9vateur \u00e0 port\u00e9e variable est un composant hydraulique de pointe con\u00e7u pour optimiser la port\u00e9e et les performances de ces chariots. Ce v\u00e9rin innovant utilise une conception t\u00e9lescopique pour allonger la course tout en conservant une forme compacte. Gr\u00e2ce \u00e0 ses fonctionnalit\u00e9s avanc\u00e9es, sa construction fiable et sa fonctionnalit\u00e9 sup\u00e9rieure, le v\u00e9rin t\u00e9lescopique pour chariot \u00e9l\u00e9vateur \u00e0 port\u00e9e variable r\u00e9volutionne le secteur de la manutention.<\/p>\n<p>Le v\u00e9rin t\u00e9lescopique pour chariot \u00e9l\u00e9vateur \u00e0 port\u00e9e variable r\u00e9volutionne les performances de ces engins en offrant une port\u00e9e \u00e9tendue, une capacit\u00e9 de levage accrue et une conception compacte. Gr\u00e2ce \u00e0 ses fonctionnalit\u00e9s avanc\u00e9es, sa construction fiable et son fonctionnement fluide, ce v\u00e9rin permet aux op\u00e9rations de manutention d'atteindre de nouveaux sommets d'efficacit\u00e9 et de productivit\u00e9. En suivant les proc\u00e9dures d'installation recommand\u00e9es et en mettant en \u0153uvre des pratiques d'entretien r\u00e9guli\u00e8res, les entreprises peuvent optimiser les performances, la dur\u00e9e de vie et la s\u00e9curit\u00e9 de leurs chariots \u00e9l\u00e9vateurs \u00e0 port\u00e9e variable. Avec le v\u00e9rin t\u00e9lescopique pour chariot \u00e9l\u00e9vateur \u00e0 port\u00e9e variable, les entreprises peuvent manipuler des charges plus importantes, optimiser l'empilage des conteneurs et rationaliser leurs processus de manutention, contribuant ainsi \u00e0 leur succ\u00e8s dans le secteur concurrentiel de la manutention.<\/p>\n<p>Caract\u00e9ristiques principales du v\u00e9rin t\u00e9lescopique du gerbeur \u00e0 port\u00e9e variable\u00a0:<\/p>\n<ul>\n<li>Port\u00e9e \u00e9tendue\u00a0: La conception t\u00e9lescopique du v\u00e9rin du chariot \u00e9l\u00e9vateur \u00e0 port\u00e9e variable permet une port\u00e9e nettement sup\u00e9rieure \u00e0 celle des v\u00e9rins conventionnels. L\u2019int\u00e9gration de plusieurs \u00e9tages imbriqu\u00e9s offre une course plus longue tout en minimisant l\u2019encombrement. Cette port\u00e9e \u00e9tendue permet aux chariots \u00e9l\u00e9vateurs \u00e0 port\u00e9e variable de manipuler des charges plus importantes, d\u2019acc\u00e9der \u00e0 des piles de conteneurs plus profondes et d\u2019optimiser les op\u00e9rations de manutention.<\/li>\n<li>Conception compacte\u00a0: Malgr\u00e9 sa port\u00e9e exceptionnelle, le v\u00e9rin t\u00e9lescopique du gerbeur \u00e0 port\u00e9e variable conserve une conception compacte. Les \u00e9tages embo\u00eetables coulissent les uns dans les autres, r\u00e9duisant ainsi la longueur totale. Cette compacit\u00e9 permet aux gerbeurs \u00e0 port\u00e9e variable de man\u0153uvrer efficacement dans des espaces restreints, tels que les parcs \u00e0 conteneurs ou les entrep\u00f4ts, sans compromettre leur capacit\u00e9 de levage.<\/li>\n<li>Capacit\u00e9 de levage accrue\u00a0: La conception innovante et la construction robuste du v\u00e9rin t\u00e9lescopique du chariot \u00e9l\u00e9vateur \u00e0 port\u00e9e lat\u00e9rale lui conf\u00e8rent une capacit\u00e9 de levage remarquable. Ce v\u00e9rin est con\u00e7u pour supporter des charges importantes tout en garantissant stabilit\u00e9 et pr\u00e9cision lors des op\u00e9rations de levage. Cette capacit\u00e9 de levage accrue permet aux chariots \u00e9l\u00e9vateurs \u00e0 port\u00e9e lat\u00e9rale de manipuler efficacement des conteneurs plus grands et plus lourds, optimisant ainsi la productivit\u00e9 et l\u2019efficacit\u00e9.<\/li>\n<li>Fonctionnement fluide\u00a0: Le v\u00e9rin t\u00e9lescopique du chariot \u00e9l\u00e9vateur \u00e0 port\u00e9e lat\u00e9rale est con\u00e7u pour un fonctionnement fluide et pr\u00e9cis. Il utilise des joints, des roulements et des composants hydrauliques de haute qualit\u00e9 afin de garantir un frottement minimal et des performances optimales. Ce fonctionnement fluide permet aux op\u00e9rateurs de contr\u00f4ler pr\u00e9cis\u00e9ment le v\u00e9rin t\u00e9lescopique, facilitant ainsi un positionnement pr\u00e9cis et une manutention s\u00fbre des mat\u00e9riaux.<\/li>\n<\/ul>\n<h2><strong>Param\u00e8tre du v\u00e9rin t\u00e9lescopique du gerbeur \u00e0 port\u00e9e variable\u00a0:<\/strong><\/h2>\n<table border=\"1\" cellspacing=\"0\" cellpadding=\"0\">\n<tbody>\n<tr>\n<td>Nom du produit<\/td>\n<td>Cylindre t\u00e9lescopique pour gerbeur \u00e0 port\u00e9e variable<\/td>\n<\/tr>\n<tr>\n<td>Caract\u00e9ristiques:<\/td>\n<td>R\u00e9aliser le mouvement t\u00e9lescopique lin\u00e9aire de la fl\u00e8che<\/td>\n<\/tr>\n<tr>\n<td>Diam\u00e8tre d'al\u00e9sage :<\/td>\n<td>200 mm \u00e0 220 mm<\/td>\n<\/tr>\n<tr>\n<td>Diam\u00e8tre de la tige :<\/td>\n<td>150 mm \u00e0 180 mm<br \/>\nCourse \u2264 8000 mm<\/td>\n<\/tr>\n<tr>\n<td>Pression:<\/td>\n<td>Maximum 30 MPa<\/td>\n<\/tr>\n<tr>\n<td>Applications:<\/td>\n<td>Reach Stacker<\/td>\n<\/tr>\n<\/tbody>\n<\/table>\n<h2><strong>Application du v\u00e9rin Reach Stacker :<\/strong><\/h2>\n<p><img loading=\"lazy\" decoding=\"async\" class=\"alignnone wp-image-1844 size-full\" src=\"https:\/\/hydraulic-cylinders.net\/wp-content\/uploads\/2023\/10\/reach-stacker-cylinder.webp\" alt=\"\" width=\"1418\" height=\"946\" srcset=\"https:\/\/hydraulic-cylinders.net\/wp-content\/uploads\/2023\/10\/reach-stacker-cylinder.webp 1418w, https:\/\/hydraulic-cylinders.net\/wp-content\/uploads\/2023\/10\/reach-stacker-cylinder-1280x854.webp 1280w, https:\/\/hydraulic-cylinders.net\/wp-content\/uploads\/2023\/10\/reach-stacker-cylinder-980x654.webp 980w, https:\/\/hydraulic-cylinders.net\/wp-content\/uploads\/2023\/10\/reach-stacker-cylinder-480x320.webp 480w\" sizes=\"(min-width: 0px) and (max-width: 480px) 480px, (min-width: 481px) and (max-width: 980px) 980px, (min-width: 981px) and (max-width: 1280px) 1280px, (min-width: 1281px) 1418px, 100vw\" \/><\/p>\n<h2><strong>Mode d'emploi du gerbeur t\u00e9lescopique \u00e0 port\u00e9e variable<\/strong><strong>:<\/strong><\/h2>\n<ol>\n<li><strong>Installation:<\/strong> Installez le v\u00e9rin t\u00e9lescopique du chariot \u00e9l\u00e9vateur \u00e0 port\u00e9e variable conform\u00e9ment aux instructions et sp\u00e9cifications du fabricant. Assurez-vous d'un alignement correct et d'une fixation s\u00e9curis\u00e9e pour garantir des performances optimales. Suivez les proc\u00e9dures recommand\u00e9es pour le raccordement des conduites hydrauliques au syst\u00e8me hydraulique du chariot \u00e9l\u00e9vateur \u00e0 port\u00e9e variable.<\/li>\n<li><strong>Contr\u00f4le et fonctionnement :<\/strong> Le v\u00e9rin t\u00e9lescopique est g\u00e9n\u00e9ralement command\u00e9 par le syst\u00e8me de commande existant du chariot \u00e9l\u00e9vateur. Les op\u00e9rateurs peuvent activer le circuit hydraulique pour d\u00e9ployer ou r\u00e9tracter le v\u00e9rin. Utilisez la console ou le panneau de commande pour r\u00e9gler la course et la position du bras du chariot \u00e9l\u00e9vateur. Respectez les instructions du fabricant et les proc\u00e9dures d'utilisation s\u00fbres et efficaces recommand\u00e9es.<\/li>\n<\/ol>\n<h2><strong>\u00c0 quelle vitesse un v\u00e9rin hydraulique peut-il se d\u00e9placer\u00a0?<\/strong><\/h2>\n<p>La vitesse de d\u00e9placement d'un v\u00e9rin hydraulique d\u00e9pend de plusieurs facteurs, notamment la conception du syst\u00e8me, le d\u00e9bit du fluide hydraulique, la taille du v\u00e9rin, les conditions de charge et la pression de service. Voici quelques \u00e9l\u00e9ments \u00e0 prendre en compte concernant la vitesse de d\u00e9placement d'un v\u00e9rin hydraulique\u00a0:<\/p>\n<ol>\n<li><strong>D\u00e9bit :<\/strong> La vitesse du v\u00e9rin hydraulique d\u00e9pend du d\u00e9bit du fluide hydraulique qui l'alimente. Un d\u00e9bit \u00e9lev\u00e9 entra\u00eene une vitesse de d\u00e9placement plus rapide, tandis qu'un d\u00e9bit faible r\u00e9duit cette vitesse. Le d\u00e9bit est d\u00e9termin\u00e9 par la capacit\u00e9 de la pompe du syst\u00e8me hydraulique et le r\u00e9glage des vannes qui contr\u00f4lent le flux de fluide.<\/li>\n<li><strong>Taille du cylindre :<\/strong> La taille du v\u00e9rin hydraulique influe sur sa vitesse. Les v\u00e9rins de grande taille pr\u00e9sentent g\u00e9n\u00e9ralement une surface plus importante, ce qui n\u00e9cessite un volume de fluide hydraulique plus \u00e9lev\u00e9 pour d\u00e9placer le piston. Ce volume de fluide accru entra\u00eene un mouvement plus lent que pour les v\u00e9rins de petite taille.<\/li>\n<li><strong>Conditions de charge :<\/strong> La charge soulev\u00e9e ou d\u00e9plac\u00e9e par le v\u00e9rin hydraulique influe sur sa vitesse. Les charges plus lourdes n\u00e9cessitent une force plus importante, ce qui peut ralentir le mouvement du v\u00e9rin. Inversement, les charges plus l\u00e9g\u00e8res permettent des vitesses plus \u00e9lev\u00e9es.<\/li>\n<li><strong>Pression de service:<\/strong> La pression de service du syst\u00e8me hydraulique influe sur la vitesse du v\u00e9rin. Une pression plus \u00e9lev\u00e9e g\u00e9n\u00e8re une force plus importante, ce qui acc\u00e9l\u00e8re le mouvement du v\u00e9rin. Toutefois, il est essentiel de respecter les limites de pression recommand\u00e9es pour garantir un fonctionnement s\u00fbr et fiable.<\/li>\n<li><strong>Conception du syst\u00e8me\u00a0:<\/strong> La conception du syst\u00e8me hydraulique, notamment la taille et le type de pompe, les distributeurs et la tuyauterie, influe sur la vitesse du v\u00e9rin. Une conception efficace, avec des composants correctement dimensionn\u00e9s et des circuits optimis\u00e9s, permet d'atteindre les vitesses de v\u00e9rin souhait\u00e9es.<\/li>\n<\/ol>\n<h2><strong>Capacit\u00e9 de l'usine :<\/strong><\/h2>\n<h3>(1) Assemblage<\/h3>\n<p>Nous disposons d'une plateforme d'assemblage ind\u00e9pendante de recherche et d\u00e9veloppement de premier ordre. Notre atelier de production de v\u00e9rins hydrauliques dispose de quatre lignes d'assemblage semi-automatiques de v\u00e9rins de levage et d'une ligne d'assemblage automatique de v\u00e9rins d'inclinaison, pour une capacit\u00e9 de production annuelle pr\u00e9vue d'un million de pi\u00e8ces. L'atelier de v\u00e9rins sp\u00e9ciaux est \u00e9quip\u00e9 d'un syst\u00e8me d'assemblage de nettoyage semi-automatique de diverses sp\u00e9cifications, d'une capacit\u00e9 de production annuelle pr\u00e9vue de 200\u00a0000 pi\u00e8ces et dispose d'\u00e9quipements d'usinage CNC de pointe, d'un centre d'usinage, d'\u00e9quipements sp\u00e9ciaux d'usinage de haute pr\u00e9cision, d'une machine de soudage robotis\u00e9e, d'une machine de nettoyage automatique, d'une machine d'assemblage automatique de v\u00e9rins et d'une ligne de peinture automatique. Nous disposons de plus de 300 \u00e9quipements critiques. L'allocation optimale et l'utilisation efficace des ressources garantissent la pr\u00e9cision et la qualit\u00e9 des produits.<\/p>\n<p><img loading=\"lazy\" decoding=\"async\" class=\"alignnone wp-image-626\" src=\"https:\/\/hydraulic-cylinders.net\/wp-content\/uploads\/2023\/08\/hydraulic-cylinder-product-1-300x158.webp\" alt=\"\" width=\"495\" height=\"260\" srcset=\"https:\/\/hydraulic-cylinders.net\/wp-content\/uploads\/2023\/08\/hydraulic-cylinder-product-1-300x158.webp 495w, https:\/\/hydraulic-cylinders.net\/wp-content\/uploads\/2023\/08\/hydraulic-cylinder-product-1-480x252.webp 480w\" sizes=\"(min-width: 0px) and (max-width: 480px) 480px, (min-width: 481px) 495px, 100vw\" \/> <img loading=\"lazy\" decoding=\"async\" class=\"alignnone wp-image-627\" src=\"https:\/\/hydraulic-cylinders.net\/wp-content\/uploads\/2023\/08\/hydraulic-cylinder-product-2-300x189.webp\" alt=\"\" width=\"413\" height=\"260\" \/><\/p>\n<h3>(2) Usinage<\/h3>\n<p>L'atelier d'usinage est \u00e9quip\u00e9 d'un centre de tournage sur rail inclin\u00e9 personnalis\u00e9, d'un centre d'usinage, d'une machine \u00e0 honer \u00e0 grande vitesse, d'un robot de soudage et d'autres \u00e9quipements connexes, qui peuvent traiter des tubes cylindriques d'un diam\u00e8tre int\u00e9rieur maximal de 400 mm et d'une longueur maximale de 6 m\u00e8tres.<\/p>\n<p><img loading=\"lazy\" decoding=\"async\" class=\"alignnone wp-image-628 size-large\" src=\"https:\/\/hydraulic-cylinders.net\/wp-content\/uploads\/2023\/08\/hydraulic-cylinder-product-3-1024x391.webp\" alt=\"\" width=\"1024\" height=\"391\" srcset=\"https:\/\/hydraulic-cylinders.net\/wp-content\/uploads\/2023\/08\/hydraulic-cylinder-product-3-980x374.webp 980w, https:\/\/hydraulic-cylinders.net\/wp-content\/uploads\/2023\/08\/hydraulic-cylinder-product-3-480x183.webp 480w\" sizes=\"(min-width: 0px) and (max-width: 480px) 480px, (min-width: 481px) and (max-width: 980px) 980px, (min-width: 981px) 1024px, 100vw\" \/><\/p>\n<h3>(3) Soudage<\/h3>\n<p><img loading=\"lazy\" decoding=\"async\" class=\"alignnone wp-image-629 size-large\" src=\"https:\/\/hydraulic-cylinders.net\/wp-content\/uploads\/2023\/08\/hydraulic-cylinder-product-4-1024x510.webp\" alt=\"\" width=\"1024\" height=\"510\" srcset=\"https:\/\/hydraulic-cylinders.net\/wp-content\/uploads\/2023\/08\/hydraulic-cylinder-product-4-980x488.webp 980w, https:\/\/hydraulic-cylinders.net\/wp-content\/uploads\/2023\/08\/hydraulic-cylinder-product-4-480x239.webp 480w\" sizes=\"(min-width: 0px) and (max-width: 480px) 480px, (min-width: 481px) and (max-width: 980px) 980px, (min-width: 981px) 1024px, 100vw\" \/><\/p>\n<h3>(4) Peinture et rev\u00eatement<\/h3>\n<p>Avec des lignes de rev\u00eatement de peinture \u00e0 base d'eau automatiques \u00e0 cylindre de petite et moyenne taille, pour r\u00e9aliser le chargement et le d\u00e9chargement automatiques par robot et la pulv\u00e9risation automatique, la capacit\u00e9 de conception est de 4 000 pi\u00e8ces par \u00e9quipe ;<br \/>\nNous disposons \u00e9galement d'une ligne de production de peinture semi-automatique pour gros cylindres, aliment\u00e9e par une cha\u00eene de traction, d'une capacit\u00e9 de conception de 60 caisses par \u00e9quipe.<\/p>\n<p><img loading=\"lazy\" decoding=\"async\" class=\"alignnone wp-image-630\" src=\"https:\/\/hydraulic-cylinders.net\/wp-content\/uploads\/2023\/08\/hydraulic-cylinder-product-5-300x213.webp\" alt=\"\" width=\"366\" height=\"260\" \/> <img loading=\"lazy\" decoding=\"async\" class=\"alignnone wp-image-631\" src=\"https:\/\/hydraulic-cylinders.net\/wp-content\/uploads\/2023\/08\/hydraulic-cylinder-product-6-300x225.webp\" alt=\"\" width=\"347\" height=\"260\" \/><\/p>\n<h3>(5) Essais<\/h3>\n<p>Nous disposons d'installations d'inspection et de bancs d'essai de premier ordre pour garantir que les performances de la bouteille sont conformes aux exigences.<\/p>\n<p><img loading=\"lazy\" decoding=\"async\" class=\"alignnone wp-image-632\" src=\"https:\/\/hydraulic-cylinders.net\/wp-content\/uploads\/2023\/08\/hydraulic-cylinder-product-8-300x200.webp\" alt=\"\" width=\"389\" height=\"260\" \/><\/p>\n<p>&nbsp;<\/p>\n<p>&nbsp;<\/p>\n<p>Nous sommes l'un des meilleurs fabricants de v\u00e9rins hydrauliques. Nous proposons une gamme compl\u00e8te de v\u00e9rins hydrauliques. Nous fournissons \u00e9galement les v\u00e9rins correspondants. <a href=\"https:\/\/hzpt.com\/agricultural-pto-gearbox\/\" target=\"_blank\" rel=\"noopener\">bo\u00eetes de vitesses agricoles<\/a>Nous exportons nos produits dans le monde entier et nous avons acquis une excellente r\u00e9putation gr\u00e2ce \u00e0 la qualit\u00e9 sup\u00e9rieure de nos produits et \u00e0 notre service apr\u00e8s-vente. Nous invitons nos clients, nationaux et internationaux, \u00e0 nous contacter pour n\u00e9gocier, \u00e9changer des informations et\u2026 <a href=\"https:\/\/www.hydraulic-cylinders.net\/fr\/contact-us\/\">coop\u00e9rer avec nous<\/a>!<\/p>\n<p>&nbsp;<\/p>\n<p>&nbsp;<\/p>","protected":false},"excerpt":{"rendered":"<p>Reach Stacker Telescopic Cylinder The reach stacker telescopic cylinder is a cutting-edge hydraulic component designed to enhance the reach and performance of reach stackers. This innovative cylinder utilizes a telescopic design to extend stroke length while maintaining a compact form. The reach stacker telescopic cylinder is a game-changer in the material handling industry with its [&hellip;]<\/p>","protected":false},"featured_media":1843,"comment_status":"open","ping_status":"closed","template":"","meta":{"_et_pb_use_builder":"","_et_pb_old_content":"","_et_gb_content_width":""},"product_brand":[],"product_cat":[1550,1516,1552,1393],"product_tag":[1380],"class_list":{"0":"post-1841","1":"product","2":"type-product","3":"status-publish","4":"has-post-thumbnail","6":"product_cat-double-acting-hydraulic-cylinder","7":"product_cat-stacker-reclaimer-hydraulic-cylinders","8":"product_cat-stainless-steel-hydraulic-cylinder","9":"product_cat-telescopic-hydraulic-cylinder","10":"product_tag-hydraulic-cylinder","12":"first","13":"instock","14":"shipping-taxable","15":"product-type-simple"},"amp_enabled":true,"_links":{"self":[{"href":"https:\/\/www.hydraulic-cylinders.net\/fr\/wp-json\/wp\/v2\/product\/1841","targetHints":{"allow":["GET"]}}],"collection":[{"href":"https:\/\/www.hydraulic-cylinders.net\/fr\/wp-json\/wp\/v2\/product"}],"about":[{"href":"https:\/\/www.hydraulic-cylinders.net\/fr\/wp-json\/wp\/v2\/types\/product"}],"replies":[{"embeddable":true,"href":"https:\/\/www.hydraulic-cylinders.net\/fr\/wp-json\/wp\/v2\/comments?post=1841"}],"wp:featuredmedia":[{"embeddable":true,"href":"https:\/\/www.hydraulic-cylinders.net\/fr\/wp-json\/wp\/v2\/media\/1843"}],"wp:attachment":[{"href":"https:\/\/www.hydraulic-cylinders.net\/fr\/wp-json\/wp\/v2\/media?parent=1841"}],"wp:term":[{"taxonomy":"product_brand","embeddable":true,"href":"https:\/\/www.hydraulic-cylinders.net\/fr\/wp-json\/wp\/v2\/product_brand?post=1841"},{"taxonomy":"product_cat","embeddable":true,"href":"https:\/\/www.hydraulic-cylinders.net\/fr\/wp-json\/wp\/v2\/product_cat?post=1841"},{"taxonomy":"product_tag","embeddable":true,"href":"https:\/\/www.hydraulic-cylinders.net\/fr\/wp-json\/wp\/v2\/product_tag?post=1841"}],"curies":[{"name":"wp","href":"https:\/\/api.w.org\/{rel}","templated":true}]}}