{"id":1855,"date":"2023-10-17T07:58:40","date_gmt":"2023-10-17T07:58:40","guid":{"rendered":"https:\/\/hydraulic-cylinders.net\/?post_type=product&#038;p=1855"},"modified":"2025-04-15T05:42:42","modified_gmt":"2025-04-15T05:42:42","slug":"stacker-reclaimer-chaser-pitch-cylinder","status":"publish","type":"product","link":"https:\/\/www.hydraulic-cylinders.net\/fr\/produit\/stacker-reclaimer-chaser-pitch-cylinder\/","title":{"rendered":"Empileur R\u00e9cup\u00e9rateur Chasseur Pas Cylindre"},"content":{"rendered":"<h1 style=\"text-align: center;\"><strong>Empileur R\u00e9cup\u00e9rateur Chasseur Pas Cylindre<\/strong><\/h1>\n<h1 style=\"text-align: center;\"><img loading=\"lazy\" decoding=\"async\" class=\"alignnone wp-image-1856\" src=\"https:\/\/hydraulic-cylinders.net\/wp-content\/uploads\/2023\/10\/chaser-pitch-cylinder-1-300x300.webp\" alt=\"\" width=\"400\" height=\"400\" \/><\/h1>\n<p>Le v\u00e9rin d'inclinaison du r\u00e9cup\u00e9rateur de gerbeur est un composant hydraulique essentiel con\u00e7u pour optimiser le fonctionnement et les performances des gerbeurs-r\u00e9cup\u00e9rateurs dans les op\u00e9rations de manutention. Ce v\u00e9rin sp\u00e9cialis\u00e9 permet un contr\u00f4le et un r\u00e9glage pr\u00e9cis de l'angle d'inclinaison du r\u00e9cup\u00e9rateur, facilitant ainsi la prise et le d\u00e9chargement efficaces des mat\u00e9riaux. Gr\u00e2ce \u00e0 ses caract\u00e9ristiques exceptionnelles, sa construction robuste et sa fiabilit\u00e9, le v\u00e9rin d'inclinaison du r\u00e9cup\u00e9rateur de gerbeur r\u00e9volutionne l'efficacit\u00e9 et la productivit\u00e9 des processus de manutention.<\/p>\n<p>Le v\u00e9rin de r\u00e9glage de l'angle d'inclinaison d'un empileur-r\u00e9cup\u00e9rateur est essentiel aux op\u00e9rations de manutention. Il offre un contr\u00f4le pr\u00e9cis de l'angle d'inclinaison, une construction robuste et une capacit\u00e9 de charge \u00e9lev\u00e9e. Gr\u00e2ce \u00e0 sa capacit\u00e9 \u00e0 optimiser cet angle, il facilite le chargement et le d\u00e9chargement, minimise les pertes de mat\u00e9riaux et am\u00e9liore la productivit\u00e9. En respectant les m\u00e9thodes d'utilisation recommand\u00e9es et en effectuant un entretien r\u00e9gulier, les entreprises peuvent optimiser les performances, la dur\u00e9e de vie et la fiabilit\u00e9 de leurs op\u00e9rations de manutention. Le v\u00e9rin de r\u00e9glage de l'angle d'inclinaison d'un empileur-r\u00e9cup\u00e9rateur repr\u00e9sente un investissement pr\u00e9cieux pour les op\u00e9rations de manutention, permettant aux op\u00e9rateurs d'atteindre une efficacit\u00e9, une pr\u00e9cision et une productivit\u00e9 optimales dans des environnements de manutention dynamiques et exigeants.<\/p>\n<p>Caract\u00e9ristiques cl\u00e9s du cylindre de pas de l'empileur-r\u00e9cup\u00e9rateur-chasseur\u00a0:<\/p>\n<ol>\n<li>Contr\u00f4le pr\u00e9cis de l'angle d'inclinaison\u00a0: Le v\u00e9rin d'inclinaison du convoyeur de l'empileur-r\u00e9cup\u00e9rateur offre un contr\u00f4le pr\u00e9cis de cet angle. Les op\u00e9rateurs peuvent ainsi l'ajuster facilement en fonction des caract\u00e9ristiques du mat\u00e9riau et optimiser les op\u00e9rations de chargement et de d\u00e9chargement. Cette pr\u00e9cision garantit une manutention efficace, r\u00e9duit les pertes et am\u00e9liore la productivit\u00e9.<\/li>\n<li>Construction robuste\u00a0: Ce v\u00e9rin est fabriqu\u00e9 avec des mat\u00e9riaux de haute qualit\u00e9 et b\u00e9n\u00e9ficie d\u2019une construction robuste pour r\u00e9sister aux conditions exigeantes des op\u00e9rations de manutention. Il est con\u00e7u pour supporter des charges importantes, des chocs et des environnements difficiles, garantissant ainsi une performance et une fiabilit\u00e9 durables.<\/li>\n<li>Capacit\u00e9 de charge \u00e9lev\u00e9e\u00a0: Le v\u00e9rin de l\u2019empileur-r\u00e9cup\u00e9rateur-chasseur est con\u00e7u pour supporter les charges importantes rencontr\u00e9es lors des op\u00e9rations de manutention. Sa conception robuste, avec piston et tige, lui permet de r\u00e9sister \u00e0 des forces extr\u00eames, garantissant ainsi stabilit\u00e9 et fiabilit\u00e9 en fonctionnement.<\/li>\n<\/ol>\n<h2><strong>Param\u00e8tre du cylindre de pas de l'empileur-r\u00e9cup\u00e9rateur-chasseur\u00a0:<\/strong><\/h2>\n<table border=\"1\" cellspacing=\"0\" cellpadding=\"0\">\n<tbody>\n<tr>\n<td>Nom du produit<\/td>\n<td>Empileur R\u00e9cup\u00e9rateur Chasseur Pas Cylindre<\/td>\n<\/tr>\n<tr>\n<td>Caract\u00e9ristiques:<\/td>\n<td>Comprendre le mouvement de tangage du m\u00e9canisme de la courroie de queue<\/td>\n<\/tr>\n<tr>\n<td>Diam\u00e8tre d'al\u00e9sage :<\/td>\n<td>300 mm \u00e0 400 m<\/td>\n<\/tr>\n<tr>\n<td>Diam\u00e8tre de la tige :<\/td>\n<td>200 mm \u00e0 320 mm<br \/>\nCourse 1000 mm \u00e0 4500 mm<\/td>\n<\/tr>\n<tr>\n<td>Pression:<\/td>\n<td>jusqu'\u00e0 35 MPa<\/td>\n<\/tr>\n<tr>\n<td>Applications:<\/td>\n<td>Empileur-r\u00e9cup\u00e9rateur<\/td>\n<\/tr>\n<\/tbody>\n<\/table>\n<h2><strong>Application du cylindre de r\u00e9cup\u00e9ration de l'empileur\u00a0:<\/strong><\/h2>\n<p><img loading=\"lazy\" decoding=\"async\" class=\"alignnone wp-image-1854 size-full\" src=\"https:\/\/hydraulic-cylinders.net\/wp-content\/uploads\/2023\/10\/stacker-reclaimer-cylinder-1.webp\" alt=\"\" width=\"494\" height=\"330\" srcset=\"https:\/\/hydraulic-cylinders.net\/wp-content\/uploads\/2023\/10\/stacker-reclaimer-cylinder-1.webp 494w, https:\/\/hydraulic-cylinders.net\/wp-content\/uploads\/2023\/10\/stacker-reclaimer-cylinder-1-480x321.webp 480w\" sizes=\"(min-width: 0px) and (max-width: 480px) 480px, (min-width: 481px) 494px, 100vw\" \/><\/p>\n<h2><strong>M\u00e9thode d'utilisation du cylindre de braquage de l'empileur-r\u00e9cup\u00e9rateur-chasseur<\/strong><strong>:<\/strong><\/h2>\n<p>R\u00e9glage du pas\u00a0: Pour utiliser efficacement le cylindre de pas du Stacker Reclaimer Chaser, suivez ces \u00e9tapes\u00a0:<\/p>\n<p>a. Mettez en marche le syst\u00e8me hydraulique de l'empileur-r\u00e9cup\u00e9rateur et assurez-vous que la pression hydraulique se situe dans la plage de fonctionnement recommand\u00e9e.<br \/>\nb. Utilisez l'interface de commande ou le joystick fourni pour r\u00e9gler l'angle d'inclinaison du poursuivant.<br \/>\nc. Le v\u00e9rin de pas du Stacker Reclaimer Chaser r\u00e9pondra aux instructions de l'op\u00e9rateur, en ajustant l'angle de pas de mani\u00e8re fluide et pr\u00e9cise.<br \/>\nd. Surveiller le flux de mat\u00e9riaux et ajuster l'angle d'inclinaison pour assurer un chargement ou un d\u00e9chargement efficace.<\/p>\n<h2><strong>Combien co\u00fbte la remise en \u00e9tat d'un v\u00e9rin hydraulique\u00a0?<\/strong><\/h2>\n<p>Le co\u00fbt de la remise en \u00e9tat d'un v\u00e9rin hydraulique peut varier en fonction de plusieurs facteurs, notamment la taille du v\u00e9rin, l'\u00e9tendue des dommages ou de l'usure, la disponibilit\u00e9 des pi\u00e8ces de rechange et le co\u00fbt de la main-d'\u0153uvre. La remise en \u00e9tat d'un v\u00e9rin hydraulique comprend le d\u00e9montage, l'inspection, la r\u00e9paration ou le remplacement des composants endommag\u00e9s ou us\u00e9s, la r\u00e9fection des joints et le remontage du v\u00e9rin afin de r\u00e9tablir son fonctionnement.<\/p>\n<p>Voici quelques facteurs qui peuvent influencer le co\u00fbt de la remise en \u00e9tat d'un v\u00e9rin hydraulique\u00a0:<\/p>\n<ol>\n<li><strong>Taille du cylindre :<\/strong> Les cylindres de plus grande taille n\u00e9cessitent g\u00e9n\u00e9ralement plus de temps et d'efforts pour \u00eatre remis en \u00e9tat, ce qui influe sur le co\u00fbt global.<\/li>\n<li><strong>Dommages ou usure :<\/strong> L'\u00e9tendue des dommages ou de l'usure du cylindre peut influer sur le co\u00fbt. Des r\u00e9parations mineures ou le remplacement de joints peuvent s'av\u00e9rer moins on\u00e9reux que la r\u00e9paration ou le remplacement de composants majeurs tels que le piston, la bielle ou le canon.<\/li>\n<li><strong>Pi\u00e8ces de rechange :<\/strong> La disponibilit\u00e9 et le co\u00fbt des pi\u00e8ces de rechange n\u00e9cessaires \u00e0 la remise en \u00e9tat peuvent varier. Pour certains cylindres, des pi\u00e8ces facilement disponibles et abordables peuvent \u00eatre n\u00e9cessaires, tandis que pour d'autres, des composants sur mesure ou sp\u00e9cialis\u00e9s peuvent \u00eatre requis, ce qui risque d'augmenter le co\u00fbt.<\/li>\n<li><strong>Co\u00fbts de main-d'\u0153uvre :<\/strong> Les co\u00fbts de main-d'\u0153uvre varient selon la complexit\u00e9 de la remise en \u00e9tat, le niveau de comp\u00e9tence requis et la localisation du prestataire. Ils peuvent inclure le d\u00e9montage, l'inspection, le nettoyage, la r\u00e9paration ou le remplacement des composants, le r\u00e9\u00e9tanch\u00e9ification et le remontage.<\/li>\n<li><strong>Services suppl\u00e9mentaires\u00a0:<\/strong> Si d'autres services sont n\u00e9cessaires, comme l'usinage ou le soudage, ils peuvent augmenter le co\u00fbt total de la reconstruction.<\/li>\n<\/ol>\n<h2><strong>Capacit\u00e9 de l'usine :<\/strong><\/h2>\n<h3>(1) Assemblage<\/h3>\n<p>Nous disposons d'une plateforme d'assemblage ind\u00e9pendante de recherche et d\u00e9veloppement de premier ordre. Notre atelier de production de v\u00e9rins hydrauliques dispose de quatre lignes d'assemblage semi-automatiques de v\u00e9rins de levage et d'une ligne d'assemblage automatique de v\u00e9rins d'inclinaison, pour une capacit\u00e9 de production annuelle pr\u00e9vue d'un million de pi\u00e8ces. L'atelier de v\u00e9rins sp\u00e9ciaux est \u00e9quip\u00e9 d'un syst\u00e8me d'assemblage de nettoyage semi-automatique de diverses sp\u00e9cifications, d'une capacit\u00e9 de production annuelle pr\u00e9vue de 200\u00a0000 pi\u00e8ces et dispose d'\u00e9quipements d'usinage CNC de pointe, d'un centre d'usinage, d'\u00e9quipements sp\u00e9ciaux d'usinage de haute pr\u00e9cision, d'une machine de soudage robotis\u00e9e, d'une machine de nettoyage automatique, d'une machine d'assemblage automatique de v\u00e9rins et d'une ligne de peinture automatique. Nous disposons de plus de 300 \u00e9quipements critiques. L'allocation optimale et l'utilisation efficace des ressources garantissent la pr\u00e9cision et la qualit\u00e9 des produits.<\/p>\n<p><img loading=\"lazy\" decoding=\"async\" class=\"alignnone wp-image-626\" src=\"https:\/\/hydraulic-cylinders.net\/wp-content\/uploads\/2023\/08\/hydraulic-cylinder-product-1-300x158.webp\" alt=\"\" width=\"495\" height=\"260\" srcset=\"https:\/\/hydraulic-cylinders.net\/wp-content\/uploads\/2023\/08\/hydraulic-cylinder-product-1-300x158.webp 495w, https:\/\/hydraulic-cylinders.net\/wp-content\/uploads\/2023\/08\/hydraulic-cylinder-product-1-480x252.webp 480w\" sizes=\"(min-width: 0px) and (max-width: 480px) 480px, (min-width: 481px) 495px, 100vw\" \/> <img loading=\"lazy\" decoding=\"async\" class=\"alignnone wp-image-627\" src=\"https:\/\/hydraulic-cylinders.net\/wp-content\/uploads\/2023\/08\/hydraulic-cylinder-product-2-300x189.webp\" alt=\"\" width=\"413\" height=\"260\" \/><\/p>\n<h3>(2) Usinage<\/h3>\n<p>L'atelier d'usinage est \u00e9quip\u00e9 d'un centre de tournage sur rail inclin\u00e9 personnalis\u00e9, d'un centre d'usinage, d'une machine \u00e0 honer \u00e0 grande vitesse, d'un robot de soudage et d'autres \u00e9quipements connexes, qui peuvent traiter des tubes cylindriques d'un diam\u00e8tre int\u00e9rieur maximal de 400 mm et d'une longueur maximale de 6 m\u00e8tres.<\/p>\n<p><img loading=\"lazy\" decoding=\"async\" class=\"alignnone wp-image-628 size-large\" src=\"https:\/\/hydraulic-cylinders.net\/wp-content\/uploads\/2023\/08\/hydraulic-cylinder-product-3-1024x391.webp\" alt=\"\" width=\"1024\" height=\"391\" srcset=\"https:\/\/hydraulic-cylinders.net\/wp-content\/uploads\/2023\/08\/hydraulic-cylinder-product-3-980x374.webp 980w, https:\/\/hydraulic-cylinders.net\/wp-content\/uploads\/2023\/08\/hydraulic-cylinder-product-3-480x183.webp 480w\" sizes=\"(min-width: 0px) and (max-width: 480px) 480px, (min-width: 481px) and (max-width: 980px) 980px, (min-width: 981px) 1024px, 100vw\" \/><\/p>\n<h3>(3) Soudage<\/h3>\n<p><img loading=\"lazy\" decoding=\"async\" class=\"alignnone wp-image-629 size-large\" src=\"https:\/\/hydraulic-cylinders.net\/wp-content\/uploads\/2023\/08\/hydraulic-cylinder-product-4-1024x510.webp\" alt=\"\" width=\"1024\" height=\"510\" srcset=\"https:\/\/hydraulic-cylinders.net\/wp-content\/uploads\/2023\/08\/hydraulic-cylinder-product-4-980x488.webp 980w, https:\/\/hydraulic-cylinders.net\/wp-content\/uploads\/2023\/08\/hydraulic-cylinder-product-4-480x239.webp 480w\" sizes=\"(min-width: 0px) and (max-width: 480px) 480px, (min-width: 481px) and (max-width: 980px) 980px, (min-width: 981px) 1024px, 100vw\" \/><\/p>\n<h3>(4) Peinture et rev\u00eatement<\/h3>\n<p>Avec des lignes de rev\u00eatement de peinture \u00e0 base d'eau automatiques \u00e0 cylindre de petite et moyenne taille, pour r\u00e9aliser le chargement et le d\u00e9chargement automatiques par robot et la pulv\u00e9risation automatique, la capacit\u00e9 de conception est de 4 000 pi\u00e8ces par \u00e9quipe ;<br \/>\nNous disposons \u00e9galement d'une ligne de production de peinture semi-automatique pour gros cylindres, aliment\u00e9e par une cha\u00eene de traction, d'une capacit\u00e9 de conception de 60 caisses par \u00e9quipe.<\/p>\n<p><img loading=\"lazy\" decoding=\"async\" class=\"alignnone wp-image-630\" src=\"https:\/\/hydraulic-cylinders.net\/wp-content\/uploads\/2023\/08\/hydraulic-cylinder-product-5-300x213.webp\" alt=\"\" width=\"366\" height=\"260\" \/> <img loading=\"lazy\" decoding=\"async\" class=\"alignnone wp-image-631\" src=\"https:\/\/hydraulic-cylinders.net\/wp-content\/uploads\/2023\/08\/hydraulic-cylinder-product-6-300x225.webp\" alt=\"\" width=\"347\" height=\"260\" \/><\/p>\n<h3>(5) Essais<\/h3>\n<p>Nous disposons d'installations d'inspection et de bancs d'essai de premier ordre pour garantir que les performances de la bouteille sont conformes aux exigences.<\/p>\n<p><img loading=\"lazy\" decoding=\"async\" class=\"alignnone wp-image-632\" src=\"https:\/\/hydraulic-cylinders.net\/wp-content\/uploads\/2023\/08\/hydraulic-cylinder-product-8-300x200.webp\" alt=\"\" width=\"389\" height=\"260\" \/><\/p>\n<p>&nbsp;<\/p>\n<p>&nbsp;<\/p>\n<p>Nous sommes l'un des meilleurs fabricants de v\u00e9rins hydrauliques. Nous proposons une gamme compl\u00e8te de v\u00e9rins hydrauliques. Nous fournissons \u00e9galement les v\u00e9rins correspondants. <a href=\"https:\/\/hzpt.com\/agricultural-pto-gearbox\/\" target=\"_blank\" rel=\"noopener\">bo\u00eetes de vitesses agricoles<\/a>Nous exportons nos produits dans le monde entier et nous avons acquis une excellente r\u00e9putation gr\u00e2ce \u00e0 la qualit\u00e9 sup\u00e9rieure de nos produits et \u00e0 notre service apr\u00e8s-vente. Nous invitons nos clients, nationaux et internationaux, \u00e0 nous contacter pour n\u00e9gocier, \u00e9changer des informations et\u2026 <a href=\"https:\/\/www.hydraulic-cylinders.net\/fr\/contact-us\/\">coop\u00e9rer avec nous<\/a>!<\/p>\n<p>&nbsp;<\/p>\n<p>&nbsp;<\/p>","protected":false},"excerpt":{"rendered":"<p>Stacker Reclaimer Chaser Pitch Cylinder The stacker reclaimer chaser pitch cylinder is a critical hydraulic component designed to optimize the functionality and performance of stacker reclaimers in material handling operations. This specialized cylinder enables precise control and adjustment of the chaser&#8217;s pitch angle, facilitating efficient material pickup and discharge. With its exceptional features, robust construction, [&hellip;]<\/p>","protected":false},"featured_media":1857,"comment_status":"open","ping_status":"closed","template":"","meta":{"_et_pb_use_builder":"","_et_pb_old_content":"","_et_gb_content_width":""},"product_brand":[],"product_cat":[1550,1516,1552],"product_tag":[1380],"class_list":{"0":"post-1855","1":"product","2":"type-product","3":"status-publish","4":"has-post-thumbnail","6":"product_cat-double-acting-hydraulic-cylinder","7":"product_cat-stacker-reclaimer-hydraulic-cylinders","8":"product_cat-stainless-steel-hydraulic-cylinder","9":"product_tag-hydraulic-cylinder","11":"first","12":"instock","13":"shipping-taxable","14":"product-type-simple"},"amp_enabled":true,"_links":{"self":[{"href":"https:\/\/www.hydraulic-cylinders.net\/fr\/wp-json\/wp\/v2\/product\/1855","targetHints":{"allow":["GET"]}}],"collection":[{"href":"https:\/\/www.hydraulic-cylinders.net\/fr\/wp-json\/wp\/v2\/product"}],"about":[{"href":"https:\/\/www.hydraulic-cylinders.net\/fr\/wp-json\/wp\/v2\/types\/product"}],"replies":[{"embeddable":true,"href":"https:\/\/www.hydraulic-cylinders.net\/fr\/wp-json\/wp\/v2\/comments?post=1855"}],"wp:featuredmedia":[{"embeddable":true,"href":"https:\/\/www.hydraulic-cylinders.net\/fr\/wp-json\/wp\/v2\/media\/1857"}],"wp:attachment":[{"href":"https:\/\/www.hydraulic-cylinders.net\/fr\/wp-json\/wp\/v2\/media?parent=1855"}],"wp:term":[{"taxonomy":"product_brand","embeddable":true,"href":"https:\/\/www.hydraulic-cylinders.net\/fr\/wp-json\/wp\/v2\/product_brand?post=1855"},{"taxonomy":"product_cat","embeddable":true,"href":"https:\/\/www.hydraulic-cylinders.net\/fr\/wp-json\/wp\/v2\/product_cat?post=1855"},{"taxonomy":"product_tag","embeddable":true,"href":"https:\/\/www.hydraulic-cylinders.net\/fr\/wp-json\/wp\/v2\/product_tag?post=1855"}],"curies":[{"name":"wp","href":"https:\/\/api.w.org\/{rel}","templated":true}]}}