{"id":1866,"date":"2023-10-18T03:13:57","date_gmt":"2023-10-18T03:13:57","guid":{"rendered":"https:\/\/hydraulic-cylinders.net\/?post_type=product&#038;p=1866"},"modified":"2025-04-15T05:52:24","modified_gmt":"2025-04-15T05:52:24","slug":"oil-gas-drilling-derrick-lifting-cylinder","status":"publish","type":"product","link":"https:\/\/www.hydraulic-cylinders.net\/fr\/produit\/oil-gas-drilling-derrick-lifting-cylinder\/","title":{"rendered":"Cylindre de levage pour tour de forage p\u00e9trolier\/gazier"},"content":{"rendered":"<h1 style=\"text-align: center;\"><strong>Cylindre de levage pour tour de forage p\u00e9trolier\/gazier<\/strong><\/h1>\n<p><img loading=\"lazy\" decoding=\"async\" class=\"aligncenter wp-image-1868\" src=\"https:\/\/hydraulic-cylinders.net\/wp-content\/uploads\/2023\/10\/derrick-lifting-cylinder-1-1-300x300.webp\" alt=\"\" width=\"400\" height=\"400\" \/><\/p>\n<p>Le v\u00e9rin de levage de la tour de forage p\u00e9trolier et gazier est un composant essentiel des op\u00e9rations de forage, con\u00e7u sp\u00e9cifiquement pour lever et abaisser les tours. Ce v\u00e9rin hydraulique sp\u00e9cialis\u00e9 joue un r\u00f4le crucial dans le maintien du mouvement vertical de la tour, permettant ainsi des op\u00e9rations de forage efficaces et s\u00fbres dans l'industrie p\u00e9troli\u00e8re et gazi\u00e8re.<\/p>\n<p>Le v\u00e9rin de levage de la tour de forage p\u00e9trolier et gazier est essentiel dans l'industrie p\u00e9troli\u00e8re et gazi\u00e8re. Sa construction robuste, sa capacit\u00e9 de charge \u00e9lev\u00e9e et son contr\u00f4le pr\u00e9cis lui permettent de supporter des charges importantes et d'assurer un contr\u00f4le pr\u00e9cis des mouvements, am\u00e9liorant ainsi l'efficacit\u00e9 et la s\u00e9curit\u00e9 des op\u00e9rations de forage. En respectant les m\u00e9thodes d'utilisation recommand\u00e9es et en mettant en \u0153uvre des pratiques d'entretien r\u00e9guli\u00e8res, les entreprises peuvent optimiser la performance, la dur\u00e9e de vie et la fiabilit\u00e9 de leurs activit\u00e9s de forage. Le v\u00e9rin de levage de la tour de forage p\u00e9trolier et gazier repr\u00e9sente un investissement indispensable pour l'industrie p\u00e9troli\u00e8re et gazi\u00e8re, permettant aux op\u00e9rateurs d'atteindre une s\u00e9curit\u00e9, une productivit\u00e9 et un succ\u00e8s optimaux lors de leurs op\u00e9rations de forage.<\/p>\n<p>Principales caract\u00e9ristiques du v\u00e9rin de levage pour plate-forme de forage p\u00e9trolier\/gazier\u00a0:<\/p>\n<ul>\n<li>Construction robuste\u00a0: Le v\u00e9rin de levage du derrick est fabriqu\u00e9 avec des mat\u00e9riaux de haute qualit\u00e9 et sa conception compl\u00e8te lui permet de r\u00e9sister aux conditions exigeantes des op\u00e9rations de forage p\u00e9trolier et gazier. Sa construction robuste garantit durabilit\u00e9 et fiabilit\u00e9, m\u00eame dans des conditions environnementales difficiles et \u00e0 des temp\u00e9ratures extr\u00eames.<\/li>\n<li>Capacit\u00e9 de charge \u00e9lev\u00e9e\u00a0: ce v\u00e9rin est con\u00e7u pour supporter les charges importantes li\u00e9es au levage et \u00e0 la descente des derricks. Sa capacit\u00e9 de charge exceptionnelle garantit la robustesse et la stabilit\u00e9 n\u00e9cessaires \u00e0 des op\u00e9rations de forage s\u00fbres et efficaces.<\/li>\n<li>Contr\u00f4le pr\u00e9cis\u00a0: Le v\u00e9rin de levage offre un contr\u00f4le pr\u00e9cis du mouvement vertical du derrick, permettant aux op\u00e9rateurs de positionner et d\u2019ajuster avec exactitude la hauteur de la structure de forage. Ce niveau de contr\u00f4le garantit une efficacit\u00e9 op\u00e9rationnelle optimale et renforce la s\u00e9curit\u00e9 lors des op\u00e9rations de forage critiques.<\/li>\n<\/ul>\n<h2><strong>Param\u00e8tre du v\u00e9rin de levage d'une tour de forage p\u00e9trolier\/gazier\u00a0:<\/strong><\/h2>\n<table border=\"1\" cellspacing=\"0\" cellpadding=\"0\">\n<tbody>\n<tr>\n<td>Nom du produit<\/td>\n<td>V\u00e9rin de levage pour plateforme de forage p\u00e9trolier\/gazier<\/td>\n<\/tr>\n<tr>\n<td>Caract\u00e9ristiques:<\/td>\n<td>R\u00e9aliser les actions de levage et d'abaissement de la plateforme de forage.<\/td>\n<\/tr>\n<tr>\n<td>Diam\u00e8tre d'al\u00e9sage :<\/td>\n<td>530 mm<\/td>\n<\/tr>\n<tr>\n<td>Diam\u00e8tre de la tige :<\/td>\n<td>\u00a0490 mm<br \/>\nCourse \u2264 9000 mm<\/td>\n<\/tr>\n<tr>\n<td>Pression:<\/td>\n<td>Maximum 20,7 MPa<\/td>\n<\/tr>\n<tr>\n<td>Applications:<\/td>\n<td>Plateforme de forage de p\u00e9trole\/gaz<\/td>\n<\/tr>\n<\/tbody>\n<\/table>\n<h2><strong>Application du v\u00e9rin de plate-forme de forage de p\u00e9trole\/gaz\u00a0:<\/strong><\/h2>\n<p><img loading=\"lazy\" decoding=\"async\" class=\"alignnone wp-image-1864 size-full\" src=\"https:\/\/hydraulic-cylinders.net\/wp-content\/uploads\/2023\/10\/oilgas-drilling-cylinder-1.webp\" alt=\"\" width=\"494\" height=\"330\" srcset=\"https:\/\/hydraulic-cylinders.net\/wp-content\/uploads\/2023\/10\/oilgas-drilling-cylinder-1.webp 494w, https:\/\/hydraulic-cylinders.net\/wp-content\/uploads\/2023\/10\/oilgas-drilling-cylinder-1-480x321.webp 480w\" sizes=\"(min-width: 0px) and (max-width: 480px) 480px, (min-width: 481px) 494px, 100vw\" \/><\/p>\n<h2><strong>Mode d'emploi du v\u00e9rin de levage d'un derrick de forage p\u00e9trolier\/gazier<\/strong><strong>:<\/strong><\/h2>\n<p>Levage de la tour de forage : Suivez ces \u00e9tapes pour utiliser efficacement le v\u00e9rin de levage de la tour de forage p\u00e9trolier\/gazier :<\/p>\n<p>a. Engagez le syst\u00e8me hydraulique alimentant le m\u00e9canisme de levage et assurez-vous que la pression hydraulique se situe dans la plage de fonctionnement recommand\u00e9e.<br \/>\nb. Utilisez l'interface de commande ou le levier pr\u00e9vu pour activer le v\u00e9rin, d\u00e9clenchant ainsi l'action de levage ou d'abaissement du derrick.<br \/>\nc. Surveillez le mouvement du derrick et ajustez le fonctionnement du v\u00e9rin pour atteindre la hauteur ou la position souhait\u00e9e.<\/p>\n<h2><strong>Comment assembler un v\u00e9rin hydraulique ?<\/strong><\/h2>\n<p>L'assemblage d'un v\u00e9rin hydraulique exige une grande attention aux d\u00e9tails et le respect des proc\u00e9dures afin de garantir un r\u00e9sultat s\u00fbr et fonctionnel. Voici un guide g\u00e9n\u00e9ral pour la fabrication d'un v\u00e9rin hydraulique\u00a0:<\/p>\n<ol>\n<li><strong>Rassemblez les composants n\u00e9cessaires\u00a0:<\/strong>\n<ul>\n<li>Cylindre<\/li>\n<li>ensemble piston<\/li>\n<li>Tige de piston<\/li>\n<li>Embouts de cylindre<\/li>\n<li>Joints et joints toriques<\/li>\n<li>anneaux de retenue ou anneaux \u00e9lastiques<\/li>\n<li>Lubrifiant de montage<\/li>\n<\/ul>\n<\/li>\n<li><strong>Pr\u00e9parer les composants\u00a0:<\/strong>\n<ul>\n<li>Nettoyez soigneusement tous les composants pour \u00e9liminer toute salet\u00e9 ou d\u00e9bris.<\/li>\n<li>Inspectez tous les composants afin de d\u00e9celer tout signe de dommage ou d'usure. Remplacez les pi\u00e8ces endommag\u00e9es ou us\u00e9es.<\/li>\n<\/ul>\n<\/li>\n<li><strong>Installer les joints et les joints toriques\u00a0:<\/strong>\n<ul>\n<li>Appliquez une fine couche de lubrifiant de montage sur les joints et les joints toriques.<\/li>\n<li>Installez soigneusement les joints et les joints toriques du piston, de la tige de piston et des chapeaux d'extr\u00e9mit\u00e9 du cylindre dans leurs rainures.<\/li>\n<\/ul>\n<\/li>\n<li><strong>Installer l'ensemble piston\u00a0:<\/strong>\n<ul>\n<li>Faites glisser l'ensemble piston sur la tige en vous assurant qu'il est correctement align\u00e9.<\/li>\n<li>Ins\u00e9rez la tige de piston et l'ensemble piston dans le cylindre.<\/li>\n<li>Enfoncez d\u00e9licatement l'ensemble piston dans le cylindre, sans endommager les joints.<\/li>\n<\/ul>\n<\/li>\n<li><strong>Fixez les embouts du cylindre\u00a0:<\/strong>\n<ul>\n<li>Appliquer du lubrifiant de montage sur les surfaces de contact du bouchon d'extr\u00e9mit\u00e9 du cylindre.<\/li>\n<li>Positionnez soigneusement les embouts du cylindre sur le canon en les alignant correctement.<\/li>\n<li>Fixez solidement les embouts \u00e0 l'aide des anneaux de retenue ou des anneaux \u00e9lastiques appropri\u00e9s.<\/li>\n<\/ul>\n<\/li>\n<li><strong>V\u00e9rifier le bon fonctionnement :<\/strong>\n<ul>\n<li>D\u00e9placez le piston d'avant en arri\u00e8re \u00e0 l'int\u00e9rieur du cylindre pour assurer un mouvement fluide et un alignement correct.<\/li>\n<li>V\u00e9rifiez que les joints ne sont ni gripp\u00e9s ni perm\u00e9ables.<\/li>\n<\/ul>\n<\/li>\n<li><strong>Test d'\u00e9tanch\u00e9it\u00e9 :<\/strong>\n<ul>\n<li>Raccordez les conduites hydrauliques aux orifices du v\u00e9rin.<\/li>\n<li>Appliquez une pression hydraulique au v\u00e9rin, en respectant les sp\u00e9cifications de pression recommand\u00e9es par le fabricant.<\/li>\n<li>Inspectez le cylindre afin de d\u00e9tecter toute fuite au niveau des joints ou des raccords. En cas de fuite, d\u00e9montez-le et rev\u00e9rifiez les joints, ou faites appel \u00e0 un professionnel.<\/li>\n<\/ul>\n<\/li>\n<\/ol>\n<h2><strong>Capacit\u00e9 de l'usine :<\/strong><\/h2>\n<h3>(1) Assemblage<\/h3>\n<p>Nous disposons d'une plateforme d'assemblage ind\u00e9pendante de recherche et d\u00e9veloppement de premier ordre. Notre atelier de production de v\u00e9rins hydrauliques dispose de quatre lignes d'assemblage semi-automatiques de v\u00e9rins de levage et d'une ligne d'assemblage automatique de v\u00e9rins d'inclinaison, pour une capacit\u00e9 de production annuelle pr\u00e9vue d'un million de pi\u00e8ces. L'atelier de v\u00e9rins sp\u00e9ciaux est \u00e9quip\u00e9 d'un syst\u00e8me d'assemblage de nettoyage semi-automatique de diverses sp\u00e9cifications, d'une capacit\u00e9 de production annuelle pr\u00e9vue de 200\u00a0000 pi\u00e8ces et dispose d'\u00e9quipements d'usinage CNC de pointe, d'un centre d'usinage, d'\u00e9quipements sp\u00e9ciaux d'usinage de haute pr\u00e9cision, d'une machine de soudage robotis\u00e9e, d'une machine de nettoyage automatique, d'une machine d'assemblage automatique de v\u00e9rins et d'une ligne de peinture automatique. Nous disposons de plus de 300 \u00e9quipements critiques. L'allocation optimale et l'utilisation efficace des ressources garantissent la pr\u00e9cision et la qualit\u00e9 des produits.<\/p>\n<p><img loading=\"lazy\" decoding=\"async\" class=\"alignnone wp-image-626\" src=\"https:\/\/hydraulic-cylinders.net\/wp-content\/uploads\/2023\/08\/hydraulic-cylinder-product-1-300x158.webp\" alt=\"\" width=\"495\" height=\"260\" srcset=\"https:\/\/hydraulic-cylinders.net\/wp-content\/uploads\/2023\/08\/hydraulic-cylinder-product-1-300x158.webp 495w, https:\/\/hydraulic-cylinders.net\/wp-content\/uploads\/2023\/08\/hydraulic-cylinder-product-1-480x252.webp 480w\" sizes=\"(min-width: 0px) and (max-width: 480px) 480px, (min-width: 481px) 495px, 100vw\" \/> <img loading=\"lazy\" decoding=\"async\" class=\"alignnone wp-image-627\" src=\"https:\/\/hydraulic-cylinders.net\/wp-content\/uploads\/2023\/08\/hydraulic-cylinder-product-2-300x189.webp\" alt=\"\" width=\"413\" height=\"260\" \/><\/p>\n<h3>(2) Usinage<\/h3>\n<p>L'atelier d'usinage est \u00e9quip\u00e9 d'un centre de tournage sur rail inclin\u00e9 personnalis\u00e9, d'un centre d'usinage, d'une machine \u00e0 honer \u00e0 grande vitesse, d'un robot de soudage et d'autres \u00e9quipements connexes, qui peuvent traiter des tubes cylindriques d'un diam\u00e8tre int\u00e9rieur maximal de 400 mm et d'une longueur maximale de 6 m\u00e8tres.<\/p>\n<p><img loading=\"lazy\" decoding=\"async\" class=\"alignnone wp-image-628 size-large\" src=\"https:\/\/hydraulic-cylinders.net\/wp-content\/uploads\/2023\/08\/hydraulic-cylinder-product-3-1024x391.webp\" alt=\"\" width=\"1024\" height=\"391\" srcset=\"https:\/\/hydraulic-cylinders.net\/wp-content\/uploads\/2023\/08\/hydraulic-cylinder-product-3-980x374.webp 980w, https:\/\/hydraulic-cylinders.net\/wp-content\/uploads\/2023\/08\/hydraulic-cylinder-product-3-480x183.webp 480w\" sizes=\"(min-width: 0px) and (max-width: 480px) 480px, (min-width: 481px) and (max-width: 980px) 980px, (min-width: 981px) 1024px, 100vw\" \/><\/p>\n<h3>(3) Soudage<\/h3>\n<p><img loading=\"lazy\" decoding=\"async\" class=\"alignnone wp-image-629 size-large\" src=\"https:\/\/hydraulic-cylinders.net\/wp-content\/uploads\/2023\/08\/hydraulic-cylinder-product-4-1024x510.webp\" alt=\"\" width=\"1024\" height=\"510\" srcset=\"https:\/\/hydraulic-cylinders.net\/wp-content\/uploads\/2023\/08\/hydraulic-cylinder-product-4-980x488.webp 980w, https:\/\/hydraulic-cylinders.net\/wp-content\/uploads\/2023\/08\/hydraulic-cylinder-product-4-480x239.webp 480w\" sizes=\"(min-width: 0px) and (max-width: 480px) 480px, (min-width: 481px) and (max-width: 980px) 980px, (min-width: 981px) 1024px, 100vw\" \/><\/p>\n<h3>(4) Peinture et rev\u00eatement<\/h3>\n<p>Avec des lignes de rev\u00eatement de peinture \u00e0 base d'eau automatiques \u00e0 cylindre de petite et moyenne taille, pour r\u00e9aliser le chargement et le d\u00e9chargement automatiques par robot et la pulv\u00e9risation automatique, la capacit\u00e9 de conception est de 4 000 pi\u00e8ces par \u00e9quipe ;<br \/>\nNous disposons \u00e9galement d'une ligne de production de peinture semi-automatique pour gros cylindres, aliment\u00e9e par une cha\u00eene de traction, d'une capacit\u00e9 de conception de 60 caisses par \u00e9quipe.<\/p>\n<p><img loading=\"lazy\" decoding=\"async\" class=\"alignnone wp-image-630\" src=\"https:\/\/hydraulic-cylinders.net\/wp-content\/uploads\/2023\/08\/hydraulic-cylinder-product-5-300x213.webp\" alt=\"\" width=\"366\" height=\"260\" \/> <img loading=\"lazy\" decoding=\"async\" class=\"alignnone wp-image-631\" src=\"https:\/\/hydraulic-cylinders.net\/wp-content\/uploads\/2023\/08\/hydraulic-cylinder-product-6-300x225.webp\" alt=\"\" width=\"347\" height=\"260\" \/><\/p>\n<h3>(5) Essais<\/h3>\n<p>Nous disposons d'installations d'inspection et de bancs d'essai de premier ordre pour garantir que les performances de la bouteille sont conformes aux exigences.<\/p>\n<p><img loading=\"lazy\" decoding=\"async\" class=\"alignnone wp-image-632\" src=\"https:\/\/hydraulic-cylinders.net\/wp-content\/uploads\/2023\/08\/hydraulic-cylinder-product-8-300x200.webp\" alt=\"\" width=\"389\" height=\"260\" \/><\/p>\n<p>&nbsp;<\/p>\n<p>&nbsp;<\/p>\n<p>Nous sommes l'un des meilleurs fabricants de v\u00e9rins hydrauliques. Nous proposons une gamme compl\u00e8te de v\u00e9rins hydrauliques. Nous fournissons \u00e9galement les v\u00e9rins correspondants. <a href=\"https:\/\/hzpt.com\/agricultural-pto-gearbox\/\" target=\"_blank\" rel=\"noopener\">bo\u00eetes de vitesses agricoles<\/a>Nous exportons nos produits dans le monde entier et nous avons acquis une excellente r\u00e9putation gr\u00e2ce \u00e0 la qualit\u00e9 sup\u00e9rieure de nos produits et \u00e0 notre service apr\u00e8s-vente. Nous invitons nos clients, nationaux et internationaux, \u00e0 nous contacter pour n\u00e9gocier, \u00e9changer des informations et\u2026 <a href=\"https:\/\/www.hydraulic-cylinders.net\/fr\/contact-us\/\">coop\u00e9rer avec nous<\/a>!<\/p>\n<p>&nbsp;<\/p>\n<p>&nbsp;<\/p>","protected":false},"excerpt":{"rendered":"<p>Oil\/Gas Drilling Derrick Lifting Cylinder The oil\/gas drilling derrick lifting cylinder is a critical component in oil and gas drilling operations, specifically designed for lifting and lowering derricks. This specialized hydraulic cylinder plays a crucial role in supporting the vertical movement of the derrick, enabling efficient and safe drilling activities in the oil and gas [&hellip;]<\/p>","protected":false},"featured_media":1867,"comment_status":"open","ping_status":"closed","template":"","meta":{"_et_pb_use_builder":"","_et_pb_old_content":"","_et_gb_content_width":""},"product_brand":[],"product_cat":[1549,1552,1418],"product_tag":[1380],"class_list":{"0":"post-1866","1":"product","2":"type-product","3":"status-publish","4":"has-post-thumbnail","6":"product_cat-single-acting-hydraulic-cylinder","7":"product_cat-stainless-steel-hydraulic-cylinder","8":"product_cat-oil-gas-hydraulic-cylinders","9":"product_tag-hydraulic-cylinder","11":"first","12":"instock","13":"shipping-taxable","14":"product-type-simple"},"amp_enabled":true,"_links":{"self":[{"href":"https:\/\/www.hydraulic-cylinders.net\/fr\/wp-json\/wp\/v2\/product\/1866","targetHints":{"allow":["GET"]}}],"collection":[{"href":"https:\/\/www.hydraulic-cylinders.net\/fr\/wp-json\/wp\/v2\/product"}],"about":[{"href":"https:\/\/www.hydraulic-cylinders.net\/fr\/wp-json\/wp\/v2\/types\/product"}],"replies":[{"embeddable":true,"href":"https:\/\/www.hydraulic-cylinders.net\/fr\/wp-json\/wp\/v2\/comments?post=1866"}],"wp:featuredmedia":[{"embeddable":true,"href":"https:\/\/www.hydraulic-cylinders.net\/fr\/wp-json\/wp\/v2\/media\/1867"}],"wp:attachment":[{"href":"https:\/\/www.hydraulic-cylinders.net\/fr\/wp-json\/wp\/v2\/media?parent=1866"}],"wp:term":[{"taxonomy":"product_brand","embeddable":true,"href":"https:\/\/www.hydraulic-cylinders.net\/fr\/wp-json\/wp\/v2\/product_brand?post=1866"},{"taxonomy":"product_cat","embeddable":true,"href":"https:\/\/www.hydraulic-cylinders.net\/fr\/wp-json\/wp\/v2\/product_cat?post=1866"},{"taxonomy":"product_tag","embeddable":true,"href":"https:\/\/www.hydraulic-cylinders.net\/fr\/wp-json\/wp\/v2\/product_tag?post=1866"}],"curies":[{"name":"wp","href":"https:\/\/api.w.org\/{rel}","templated":true}]}}