{"id":18933,"date":"2025-04-07T06:02:53","date_gmt":"2025-04-07T06:02:53","guid":{"rendered":"https:\/\/www.hydraulic-cylinders.net\/product\/boom-cylinder-for-caterpillar-small-excavator-e307e\/"},"modified":"2025-04-07T06:02:56","modified_gmt":"2025-04-07T06:02:56","slug":"boom-cylinder-for-caterpillar-small-excavator-e307e","status":"publish","type":"product","link":"https:\/\/www.hydraulic-cylinders.net\/fr\/produit\/boom-cylinder-for-caterpillar-small-excavator-e307e\/","title":{"rendered":"V\u00e9rin de fl\u00e8che pour petite pelle Caterpillar E307E"},"content":{"rendered":"<h1>V\u00e9rin de fl\u00e8che pour petite pelle Caterpillar E307E<\/h1>\n<h2>Pr\u00e9sentation du produit<\/h2>\n<p>Le v\u00e9rin de fl\u00e8che de la mini-pelle Caterpillar E307E est un composant hydraulique essentiel au fonctionnement de cet engin de chantier. Con\u00e7u sp\u00e9cifiquement pour contr\u00f4ler les mouvements de la fl\u00e8che, il permet les op\u00e9rations de levage, d'abaissement et d'inclinaison indispensables \u00e0 la manutention de mat\u00e9riaux. Fonctionnant sous pression hydraulique, il fournit la force n\u00e9cessaire aux t\u00e2ches exigeantes du BTP, de l'agriculture et d'autres secteurs.<\/p>\n<p><img decoding=\"async\" src=\"https:\/\/www.hydraulic-cylinders.net\/wp-content\/uploads\/2025\/04\/songte-company-1.webp\" alt=\"Aper\u00e7u du v\u00e9rin de fl\u00e8che\"><\/p>\n<h2>Caract\u00e9ristiques du v\u00e9rin de fl\u00e8che<\/h2>\n<ul>\n<li>\n<h3>Haute r\u00e9sistance et durabilit\u00e9<\/h3>\n<p>Fabriqu\u00e9 en acier haute r\u00e9sistance ou en aluminium, ce cylindre est con\u00e7u pour r\u00e9sister aux hautes pressions et aux charges importantes, tout en s'adaptant aux environnements de travail difficiles. Sa conception assure une r\u00e9sistance \u00e0 l'abrasion et une protection contre la corrosion, garantissant ainsi une dur\u00e9e de vie prolong\u00e9e.<\/p>\n<\/li>\n<li>\n<h3>Fonctionnement hydraulique efficace<\/h3>\n<p>Utilisant la pression de l'huile hydraulique, le v\u00e9rin de fl\u00e8che permet un d\u00e9ploiement et un repliement fluides. Il r\u00e9pond rapidement aux commandes, d\u00e9livrant des forces de pouss\u00e9e et de traction puissantes, ce qui le rend adapt\u00e9 aux t\u00e2ches lourdes et complexes.<\/p>\n<\/li>\n<li>\n<h3>Divers types<\/h3>\n<p>Disponible en versions simple effet (fonctionnement hydraulique dans un seul sens) et double effet (fonctionnement hydraulique dans les deux sens), ce v\u00e9rin r\u00e9pond \u00e0 divers besoins op\u00e9rationnels. Certains mod\u00e8les sont t\u00e9lescopiques, permettant une plus grande extension sans augmentation des dimensions externes, ce qui est id\u00e9al pour les applications o\u00f9 l'espace est limit\u00e9.<\/p>\n<\/li>\n<\/ul>\n<p>Nous fabriquons ce produit, et nos v\u00e9rins peuvent parfaitement remplacer ces v\u00e9rins hydrauliques.<\/p>\n<p><img decoding=\"async\" src=\"https:\/\/www.hydraulic-cylinders.net\/wp-content\/uploads\/2025\/04\/songte-cylinder-head-with-all-kinds-excavator-models.webp\" alt=\"Cylindres hydrauliques de remplacement\"><\/p>\n<h2>Sc\u00e9narios d'application<\/h2>\n<ul>\n<li>\n<h3>\u00c9quipement de construction<\/h3>\n<p>Sur les excavatrices, les v\u00e9rins de fl\u00e8che sont essentiels pour creuser, charger et d\u00e9placer la terre ou les d\u00e9bris. Ils interviennent non seulement dans l'excavation, mais aussi dans les op\u00e9rations de levage, garantissant ainsi l'efficacit\u00e9 des travaux de construction. La puissance et la pr\u00e9cision de ces v\u00e9rins facilitent diverses applications, du creusement de fondations \u00e0 l'am\u00e9nagement paysager.<\/p>\n<\/li>\n<li>\n<h3>machines agricoles<\/h3>\n<p>Sur les chargeuses frontales, les v\u00e9rins de fl\u00e8che servent \u00e0 ramasser, soulever et transporter la terre, le foin et autres mat\u00e9riaux. Leur fiabilit\u00e9 garantit l'efficacit\u00e9 des t\u00e2ches agricoles, comme le chargement et le transport de marchandises, et am\u00e9liore la productivit\u00e9 des exploitations.<\/p>\n<\/li>\n<li>\n<h3>Excavateurs<\/h3>\n<p>Les v\u00e9rins de fl\u00e8che permettent au godet de p\u00e9n\u00e9trer dans le sol et d'effectuer des travaux d'excavation efficaces. Leur conception garantit \u00e0 la pelle m\u00e9canique une profondeur accrue et la capacit\u00e9 d'accomplir des t\u00e2ches plus exigeantes, ce qui les rend indispensables aux op\u00e9rations de terrassement.<\/p>\n<\/li>\n<li>\n<h3>Chargeurs<\/h3>\n<p>Sur les chargeuses frontales, les v\u00e9rins de fl\u00e8che facilitent le levage et le d\u00e9chargement des charges. Ils fournissent la force n\u00e9cessaire pour manipuler les mat\u00e9riaux lourds de mani\u00e8re s\u00fbre et efficace, contribuant ainsi \u00e0 une gestion optimale des mat\u00e9riaux sur les chantiers.<\/p>\n<\/li>\n<\/ul>\n<h2>Consid\u00e9rations de conception et crit\u00e8res de s\u00e9lection<\/h2>\n<ul>\n<li>\n<h3>Capacit\u00e9 de charge<\/h3>\n<p>Il est essentiel de comprendre la capacit\u00e9 de charge lors du choix d'un v\u00e9rin de fl\u00e8che. Ce dernier doit \u00eatre con\u00e7u pour supporter la charge maximale rencontr\u00e9e en fonctionnement, sans compromettre ses performances ni la s\u00e9curit\u00e9. L'\u00e9valuation de la capacit\u00e9 de charge requise permet de choisir les sp\u00e9cifications adapt\u00e9es aux t\u00e2ches exigeantes.<\/p>\n<\/li>\n<li>\n<h3>Int\u00e9grit\u00e9 du sceau<\/h3>\n<p>Une \u00e9tanch\u00e9it\u00e9 efficace emp\u00eache les fuites d'huile hydraulique, qui peuvent compromettre l'efficacit\u00e9 du syst\u00e8me hydraulique. Il convient de choisir des joints de haute qualit\u00e9 pour garantir leur long\u00e9vit\u00e9 et leur fiabilit\u00e9 dans diverses conditions de temp\u00e9rature et de pression. Une \u00e9tanch\u00e9it\u00e9 ad\u00e9quate prot\u00e8ge l'huile hydraulique et les composants internes du v\u00e9rin.<\/p>\n<\/li>\n<li>\n<h3>Durabilit\u00e9<\/h3>\n<p>La durabilit\u00e9 est essentielle pour les v\u00e9rins hydrauliques utilis\u00e9s dans des environnements difficiles. Les mat\u00e9riaux doivent r\u00e9sister \u00e0 l'usure du temps et les conceptions doivent int\u00e9grer des caract\u00e9ristiques renfor\u00e7ant la r\u00e9sistance \u00e0 l'abrasion, \u00e0 la corrosion et \u00e0 la fatigue, afin de garantir une dur\u00e9e de vie plus longue.<\/p>\n<\/li>\n<li>\n<h3>Caract\u00e9ristiques de s\u00e9curit\u00e9<\/h3>\n<p>La s\u00e9curit\u00e9 est un crit\u00e8re primordial dans la conception des v\u00e9rins hydrauliques. Des dispositifs tels que des soupapes de d\u00e9charge et des m\u00e9canismes de s\u00e9curit\u00e9 int\u00e9gr\u00e9s doivent \u00eatre pr\u00e9vus afin de pr\u00e9venir les d\u00e9faillances du syst\u00e8me susceptibles d'entra\u00eener des situations dangereuses en cours d'utilisation.<\/p>\n<\/li>\n<li>\n<h3>Maintenabilit\u00e9<\/h3>\n<p>La conception ax\u00e9e sur la facilit\u00e9 d'entretien garantit la simplicit\u00e9 des op\u00e9rations de maintenance courante. Les fonctionnalit\u00e9s qui facilitent l'inspection et le remplacement des composants contribuent \u00e0 l'efficacit\u00e9 et \u00e0 la dur\u00e9e de vie globales du syst\u00e8me hydraulique, r\u00e9duisant ainsi les temps d'arr\u00eat et les co\u00fbts de r\u00e9paration.<\/p>\n<\/li>\n<\/ul>\n<p><img decoding=\"async\" src=\"https:\/\/www.hydraulic-cylinders.net\/wp-content\/uploads\/2025\/04\/songte-oil-pipes-and-spare-parts.webp\" alt=\"Pi\u00e8ces hydrauliques et entretien\"><\/p>\n<h2>\u00c9tanch\u00e9it\u00e9 et lubrification<\/h2>\n<p>Une \u00e9tanch\u00e9it\u00e9 et une lubrification ad\u00e9quates sont essentielles au bon fonctionnement des v\u00e9rins hydrauliques. Diff\u00e9rents types de joints, tels que les joints de piston et les joints de tige, sont utilis\u00e9s pour pr\u00e9venir les fuites et maintenir la pression. Les joints fabriqu\u00e9s \u00e0 partir de mat\u00e9riaux durables comme le polyur\u00e9thane et le caoutchouc nitrile garantissent long\u00e9vit\u00e9 et fiabilit\u00e9. Le corps du v\u00e9rin et ses extr\u00e9mit\u00e9s filet\u00e9es doivent faire l'objet d'un usinage de pr\u00e9cision afin d'optimiser la r\u00e9sistance \u00e0 l'usure. Une lubrification r\u00e9guli\u00e8re avec la quantit\u00e9 appropri\u00e9e d'huile hydraulique est n\u00e9cessaire pour r\u00e9duire le frottement et pr\u00e9venir l'usure des pi\u00e8ces mobiles, assurant ainsi un fonctionnement fluide et une longue dur\u00e9e de vie au syst\u00e8me hydraulique.<\/p>\n<h2>Inspection r\u00e9guli\u00e8re et maintenance pr\u00e9ventive<\/h2>\n<ul>\n<li>\n<h3>Contr\u00f4les r\u00e9guliers<\/h3>\n<p>Il est essentiel d'effectuer des inspections r\u00e9guli\u00e8res pour identifier les probl\u00e8mes potentiels avant qu'ils ne s'aggravent. Des contr\u00f4les r\u00e9guliers des joints hydrauliques, des raccords et des niveaux de fluides contribuent \u00e0 maintenir l'efficacit\u00e9 du syst\u00e8me et \u00e0 pr\u00e9venir les pannes inattendues.<\/p>\n<\/li>\n<li>\n<h3>Lubrification ad\u00e9quate<\/h3>\n<p>Il est essentiel de veiller \u00e0 une lubrification ad\u00e9quate du v\u00e9rin hydraulique afin de minimiser son usure. Un ajout r\u00e9gulier d'huile hydraulique et la v\u00e9rification de l'absence de fuites contribuent \u00e0 maintenir des performances optimales.<\/p>\n<\/li>\n<li>\n<h3>Remplacement et \u00e9talonnage des joints<\/h3>\n<p>Avec le temps, les joints peuvent s'user et n\u00e9cessiter un remplacement. Un contr\u00f4le et un remplacement r\u00e9guliers des joints, ainsi qu'un \u00e9talonnage du syst\u00e8me hydraulique, garantissent le bon fonctionnement du v\u00e9rin de fl\u00e8che.<\/p>\n<\/li>\n<\/ul>\n<h2>Directives d'installation<\/h2>\n<p>Une installation correcte du v\u00e9rin de fl\u00e8che est essentielle \u00e0 ses performances et \u00e0 sa dur\u00e9e de vie. Lors de l'installation, assurez-vous que le v\u00e9rin est correctement align\u00e9 avec la machine afin d'\u00e9viter tout probl\u00e8me d'alignement pouvant entra\u00eener une usure pr\u00e9matur\u00e9e ou une panne. Il est recommand\u00e9 d'utiliser des supports de fixation appropri\u00e9s pour maintenir le v\u00e9rin en place et \u00e9viter tout mouvement pendant son fonctionnement. Respectez les sp\u00e9cifications du fabricant pour les raccords hydrauliques et assurez-vous que tous les raccords sont bien serr\u00e9s afin d'\u00e9viter les fuites. Apr\u00e8s l'installation, effectuez une v\u00e9rification minutieuse pour vous assurer du bon fonctionnement de tous les composants avant de commencer les travaux.<\/p>\n<h2>T\u00e2ches de maintenance<\/h2>\n<ul>\n<li>\n<h3>Inspections r\u00e9guli\u00e8res<\/h3>\n<p>Il est essentiel de proc\u00e9der \u00e0 des inspections r\u00e9guli\u00e8res pour d\u00e9tecter rapidement l'usure ou les probl\u00e8mes potentiels. Inspectez les joints, les tiges et l'\u00e9tat g\u00e9n\u00e9ral du cylindre afin de d\u00e9celer tout signe de dommage ou de fuite. Une intervention rapide permet d'\u00e9viter des probl\u00e8mes plus importants par la suite.<\/p>\n<\/li>\n<li>\n<h3>Lubrification appropri\u00e9e<\/h3>\n<p>Un niveau de lubrification ad\u00e9quat est indispensable au bon fonctionnement. Utilisez l'huile hydraulique sp\u00e9cifi\u00e9e et veillez \u00e0 la renouveler r\u00e9guli\u00e8rement afin de minimiser les frottements et l'usure des composants du v\u00e9rin.<\/p>\n<\/li>\n<li>\n<h3>Remplacement des joints et contr\u00f4les d'\u00e9talonnage<\/h3>\n<p>V\u00e9rifiez r\u00e9guli\u00e8rement l'\u00e9tat des joints et remplacez-les si n\u00e9cessaire. Il convient \u00e9galement de proc\u00e9der \u00e0 l'\u00e9talonnage du syst\u00e8me hydraulique afin de garantir le fonctionnement du v\u00e9rin dans ses param\u00e8tres de conception, pour une efficacit\u00e9 et une s\u00e9curit\u00e9 optimales.<\/p>\n<\/li>\n<\/ul>\n<p><img decoding=\"async\" src=\"https:\/\/www.hydraulic-cylinders.net\/wp-content\/uploads\/2025\/04\/songte-chushion-collar.webp\" alt=\"Installation et maintenance\"><\/p>\n<h2>Consid\u00e9rations de s\u00e9curit\u00e9 et facteurs environnementaux<\/h2>\n<p>Lors de l'utilisation du v\u00e9rin de fl\u00e8che, la s\u00e9curit\u00e9 est primordiale. Assurez-vous que les op\u00e9rateurs sont form\u00e9s \u00e0 la manipulation correcte de l'\u00e9quipement et conscients des dangers potentiels. Le port d'\u00e9quipements de protection individuelle (EPI) est obligatoire et les protocoles de s\u00e9curit\u00e9 doivent \u00eatre respect\u00e9s afin de limiter les risques li\u00e9s aux d\u00e9faillances hydrauliques. Par ailleurs, tenez compte des facteurs environnementaux, tels que l'\u00e9limination appropri\u00e9e des fluides et la r\u00e9duction des fuites, afin de prot\u00e9ger l'environnement.<\/p>\n<h2>Diagnostic des pannes et probl\u00e8mes courants<\/h2>\n<ul>\n<li>\n<h3>Perte de pression<\/h3>\n<p>Une perte de pression peut indiquer des fuites dans le syst\u00e8me. V\u00e9rifiez la pr\u00e9sence de signes visibles de fuite d'huile hydraulique autour des joints et des raccords et traitez rapidement tout probl\u00e8me afin de maintenir les performances du syst\u00e8me.<\/p>\n<\/li>\n<li>\n<h3>R\u00e9ponse lente<\/h3>\n<p>Une r\u00e9ponse lente du v\u00e9rin peut indiquer un niveau d'huile hydraulique insuffisant ou un risque d'obstruction. Assurez-vous que le niveau d'huile est suffisant et v\u00e9rifiez l'absence d'obstructions dans les conduites hydrauliques.<\/p>\n<\/li>\n<li>\n<h3>Bruits inhabituels<\/h3>\n<p>Des bruits inhabituels pendant le fonctionnement peuvent indiquer des probl\u00e8mes m\u00e9caniques ou une lubrification insuffisante. Recherchez la source du bruit et effectuez la maintenance n\u00e9cessaire pour r\u00e9soudre le probl\u00e8me.<\/p>\n<\/li>\n<\/ul>\n<h2>Conseils de d\u00e9pannage<\/h2>\n<p>Pour diagnostiquer efficacement les probl\u00e8mes du v\u00e9rin de fl\u00e8che, commencez par v\u00e9rifier le niveau d'huile hydraulique et assurez-vous de l'absence de fuites. Inspectez r\u00e9guli\u00e8rement les joints et les raccords et remplacez-les si n\u00e9cessaire. Tenez un registre d'entretien pour consigner les inspections et les r\u00e9parations, ce qui peut faciliter l'identification des probl\u00e8mes r\u00e9currents. Veillez \u00e0 ce que les op\u00e9rateurs soient form\u00e9s \u00e0 reconna\u00eetre les signes avant-coureurs et \u00e0 signaler rapidement toute anomalie afin de minimiser les temps d'arr\u00eat et d'\u00e9viter des r\u00e9parations co\u00fbteuses.<\/p>\n<p><img decoding=\"async\" src=\"https:\/\/www.hydraulic-cylinders.net\/wp-content\/uploads\/2025\/04\/songte-bushings-with-all-kinds-of-excavator-models.webp\" alt=\"Diagnostic des pannes et probl\u00e8mes courants\"><\/p>\n<h2>\u00c0 propos de notre entreprise<\/h2>\n<p>Nous sommes un fabricant leader de v\u00e9rins hydrauliques de remplacement, offrant une gamme diversifi\u00e9e de produits sur les march\u00e9s nationaux et internationaux. Notre engagement envers l'excellence en mati\u00e8re de qualit\u00e9 et de pr\u00e9cision de fabrication nous a permis de nous hisser parmi les principaux fabricants et grossistes de v\u00e9rins hydrauliques. Gr\u00e2ce \u00e0 une \u00e9quipe technique qualifi\u00e9e et \u00e0 l'utilisation d'\u00e9quipements de production num\u00e9rique de pointe, nous optimisons constamment nos capacit\u00e9s de production. Nos syst\u00e8mes de contr\u00f4le rigoureux garantissent la qualit\u00e9 optimale de nos produits, r\u00e9pondant ainsi aux besoins vari\u00e9s de nos clients avec efficacit\u00e9 et pr\u00e9cision.<\/p>\n<p>Notre entreprise est fi\u00e8re de son professionnalisme, de ses certifications internationales et de ses services personnalis\u00e9s, adapt\u00e9s aux besoins de chaque client. Gr\u00e2ce \u00e0 un \u00e9quipement de production de pointe et \u00e0 une \u00e9quipe d\u00e9di\u00e9e au service apr\u00e8s-vente, nous nous engageons \u00e0 garantir la satisfaction de nos clients et \u00e0 b\u00e2tir des partenariats durables.<\/p>\n<p><img decoding=\"async\" src=\"https:\/\/www.hydraulic-cylinders.net\/wp-content\/uploads\/2025\/04\/songte-company-4.webp\" alt=\"Pr\u00e9sentation de l&#039;entreprise\"> <img decoding=\"async\" src=\"https:\/\/www.hydraulic-cylinders.net\/wp-content\/uploads\/2025\/04\/songte-company-3.webp\" alt=\"Qualit\u00e9 de fabrication\"><\/p>\n<p>Auteur : lyl<\/p>","protected":false},"excerpt":{"rendered":"<p>Boom Cylinder For Caterpillar Small Excavator E307E Product Overview The Boom Cylinder for Caterpillar Small Excavator E307E is a crucial hydraulic component that plays a significant role in the operation of heavy machinery. This hydraulic cylinder is specifically designed to control the movement of the excavator&#8217;s boom, allowing for lifting, lowering, and tilting actions essential [&hellip;]<\/p>","protected":false},"featured_media":17875,"comment_status":"open","ping_status":"closed","template":"","meta":{"_et_pb_use_builder":"","_et_pb_old_content":"","_et_gb_content_width":""},"product_brand":[],"product_cat":[1546],"product_tag":[1547,1496],"class_list":{"0":"post-18933","1":"product","2":"type-product","3":"status-publish","4":"has-post-thumbnail","6":"product_cat-boom-cylinders","7":"product_tag-boom-cylinders","8":"product_tag-hydraulic-cylinders","10":"first","11":"instock","12":"shipping-taxable","13":"product-type-simple"},"amp_enabled":true,"_links":{"self":[{"href":"https:\/\/www.hydraulic-cylinders.net\/fr\/wp-json\/wp\/v2\/product\/18933","targetHints":{"allow":["GET"]}}],"collection":[{"href":"https:\/\/www.hydraulic-cylinders.net\/fr\/wp-json\/wp\/v2\/product"}],"about":[{"href":"https:\/\/www.hydraulic-cylinders.net\/fr\/wp-json\/wp\/v2\/types\/product"}],"replies":[{"embeddable":true,"href":"https:\/\/www.hydraulic-cylinders.net\/fr\/wp-json\/wp\/v2\/comments?post=18933"}],"wp:featuredmedia":[{"embeddable":true,"href":"https:\/\/www.hydraulic-cylinders.net\/fr\/wp-json\/wp\/v2\/media\/17875"}],"wp:attachment":[{"href":"https:\/\/www.hydraulic-cylinders.net\/fr\/wp-json\/wp\/v2\/media?parent=18933"}],"wp:term":[{"taxonomy":"product_brand","embeddable":true,"href":"https:\/\/www.hydraulic-cylinders.net\/fr\/wp-json\/wp\/v2\/product_brand?post=18933"},{"taxonomy":"product_cat","embeddable":true,"href":"https:\/\/www.hydraulic-cylinders.net\/fr\/wp-json\/wp\/v2\/product_cat?post=18933"},{"taxonomy":"product_tag","embeddable":true,"href":"https:\/\/www.hydraulic-cylinders.net\/fr\/wp-json\/wp\/v2\/product_tag?post=18933"}],"curies":[{"name":"wp","href":"https:\/\/api.w.org\/{rel}","templated":true}]}}