{"id":19317,"date":"2025-04-07T06:26:41","date_gmt":"2025-04-07T06:26:41","guid":{"rendered":"https:\/\/www.hydraulic-cylinders.net\/product\/boom-cylinder-for-xgma-middle-excavator-xg822fl\/"},"modified":"2025-04-07T06:26:43","modified_gmt":"2025-04-07T06:26:43","slug":"boom-cylinder-for-xgma-middle-excavator-xg822fl","status":"publish","type":"product","link":"https:\/\/www.hydraulic-cylinders.net\/fr\/produit\/boom-cylinder-for-xgma-middle-excavator-xg822fl\/","title":{"rendered":"V\u00e9rin de fl\u00e8che pour pelle centrale XGMA XG822FL"},"content":{"rendered":"<h1>V\u00e9rin de fl\u00e8che pour pelle centrale XGMA XG822FL<\/h1>\n<h2>Introduction au v\u00e9rin de fl\u00e8che<\/h2>\n<p>Le v\u00e9rin de fl\u00e8che est un composant essentiel des engins de chantier, con\u00e7u sp\u00e9cifiquement pour la pelle moyenne XGMA XG822FL. Ce v\u00e9rin hydraulique contr\u00f4le le mouvement de la fl\u00e8che, permettant \u00e0 l'op\u00e9rateur d'effectuer efficacement diverses op\u00e9rations telles que le levage, l'abaissement et l'inclinaison de celle-ci. Le bon fonctionnement du v\u00e9rin de fl\u00e8che est indispensable \u00e0 l'efficacit\u00e9 des op\u00e9rations de construction et d'excavation. Il s'int\u00e8gre \u00e0 un syst\u00e8me hydraulique qui utilise un fluide sous pression pour g\u00e9n\u00e9rer mouvement et force. Ceci permet aux engins de chantier d'effectuer des t\u00e2ches qui exigeraient autrement un effort manuel important, am\u00e9liorant ainsi la productivit\u00e9 et la s\u00e9curit\u00e9 sur les chantiers.<\/p>\n<p><img decoding=\"async\" src=\"https:\/\/www.hydraulic-cylinders.net\/wp-content\/uploads\/2025\/04\/songte-company-1.webp\" alt=\"Image du v\u00e9rin de fl\u00e8che\"><\/p>\n<h2>Caract\u00e9ristiques du v\u00e9rin de fl\u00e8che<\/h2>\n<ul>\n<li><strong>Haute r\u00e9sistance et durabilit\u00e9 :<\/strong> Fabriqu\u00e9 en acier haute r\u00e9sistance ou en aluminium, le v\u00e9rin de fl\u00e8che est con\u00e7u pour r\u00e9sister aux hautes pressions et aux charges importantes, ce qui le rend adapt\u00e9 aux environnements de travail difficiles. Sa conception lui conf\u00e8re une r\u00e9sistance \u00e0 l'usure et une protection contre la corrosion, assurant ainsi une dur\u00e9e de vie prolong\u00e9e.<\/li>\n<li><strong>Fonctionnement hydraulique efficace :<\/strong> Le v\u00e9rin utilise la pression d'un fluide hydraulique pour une extension et une r\u00e9traction en douceur, permettant une r\u00e9ponse rapide aux commandes de l'op\u00e9rateur tout en fournissant des forces de pouss\u00e9e et de traction importantes, adapt\u00e9es \u00e0 la manutention de mat\u00e9riaux lourds et \u00e0 des t\u00e2ches complexes.<\/li>\n<li><strong>Diversit\u00e9 des types :<\/strong> Les options comprennent des v\u00e9rins simple effet (fonctionnant dans un seul sens) et des v\u00e9rins double effet (fonctionnant dans les deux sens) pour r\u00e9pondre \u00e0 divers besoins op\u00e9rationnels. Certains mod\u00e8les sont t\u00e9lescopiques, permettant une plus grande extension sans augmenter les dimensions ext\u00e9rieures, ce qui est id\u00e9al pour les applications o\u00f9 l'espace est limit\u00e9.<\/li>\n<li><strong>Applications polyvalentes :<\/strong> Le v\u00e9rin de fl\u00e8che peut \u00eatre utilis\u00e9 dans diverses machines, ce qui accro\u00eet son utilit\u00e9 dans diff\u00e9rents secteurs.<\/li>\n<li><strong>Fabrication sur mesure :<\/strong> Nos produits peuvent parfaitement remplacer les v\u00e9rins hydrauliques existants avec des performances \u00e9quivalentes ou sup\u00e9rieures, garantissant compatibilit\u00e9 et fiabilit\u00e9.<\/li>\n<\/ul>\n<p><img decoding=\"async\" src=\"https:\/\/www.hydraulic-cylinders.net\/wp-content\/uploads\/2025\/04\/songte-cylinder-head-with-all-kinds-excavator-models.webp\" alt=\"V\u00e9rin hydraulique pour excavatrices\"><\/p>\n<h2>Applications du v\u00e9rin de fl\u00e8che<\/h2>\n<h3>\u00c9quipement de construction<\/h3>\n<p>Sur les pelles hydrauliques, les v\u00e9rins de fl\u00e8che sont essentiels pour creuser, charger et d\u00e9placer la terre ou les d\u00e9bris. Leur conception permet une application pr\u00e9cise de la force, ce qui permet aux op\u00e9rateurs de g\u00e9rer efficacement de grands volumes de mat\u00e9riaux. Sur les chargeuses-pelleteuses, le v\u00e9rin de fl\u00e8che intervient non seulement dans les op\u00e9rations d'excavation, mais aussi dans les op\u00e9rations de levage, am\u00e9liorant ainsi la productivit\u00e9 sur les chantiers.<\/p>\n<h3>machines agricoles<\/h3>\n<p>Sur les chargeuses frontales, les v\u00e9rins de fl\u00e8che sont essentiels pour le ramassage, le levage et le transport de terre, de foin et autres mat\u00e9riaux. La puissance hydraulique fournie par ces v\u00e9rins garantit un fonctionnement fluide, ce qui les rend indispensables dans les travaux agricoles o\u00f9 le temps et l'efficacit\u00e9 sont primordiaux.<\/p>\n<h3>Excavateurs<\/h3>\n<p>Sur les pelles hydrauliques, le v\u00e9rin de fl\u00e8che permet au godet de p\u00e9n\u00e9trer efficacement dans le sol, facilitant ainsi le creusement. Le m\u00e9canisme hydraulique assure un contr\u00f4le pr\u00e9cis de la profondeur et de l'angle d'excavation, essentiel pour s'adapter aux diff\u00e9rentes conditions de chantier et aux exigences des projets.<\/p>\n<h3>Chargeurs<\/h3>\n<p>Les chargeuses frontales utilisent des v\u00e9rins de fl\u00e8che pour faciliter le levage et le d\u00e9chargement efficaces des charges. La conception de ces v\u00e9rins permet une manutention pr\u00e9cise des mat\u00e9riaux lourds, am\u00e9liorant consid\u00e9rablement l'efficacit\u00e9 op\u00e9rationnelle et r\u00e9duisant la p\u00e9nibilit\u00e9 du travail des op\u00e9rateurs.<\/p>\n<h2>Consid\u00e9rations de conception et crit\u00e8res de s\u00e9lection<\/h2>\n<ul>\n<li><strong>Capacit\u00e9 de charge :<\/strong> La conception d'un v\u00e9rin de fl\u00e8che doit tenir compte de la charge maximale qu'il supportera. Cela implique d'analyser le poids des mat\u00e9riaux et de s'assurer que le v\u00e9rin peut supporter les pressions et les forces correspondantes sans d\u00e9faillance.<\/li>\n<li><strong>Capacit\u00e9 d'\u00e9tanch\u00e9it\u00e9 :<\/strong> L'\u00e9tanch\u00e9it\u00e9 est essentielle \u00e0 la long\u00e9vit\u00e9 et au bon fonctionnement des v\u00e9rins hydrauliques. Des joints de qualit\u00e9 pr\u00e9viennent les fuites et la contamination du fluide, qui peuvent entra\u00eener une d\u00e9faillance du syst\u00e8me. Le choix des mat\u00e9riaux d'\u00e9tanch\u00e9it\u00e9, tels que le polyur\u00e9thane et le caoutchouc nitrile, influe consid\u00e9rablement sur les performances du v\u00e9rin.<\/li>\n<li><strong>Durabilit\u00e9:<\/strong> Les v\u00e9rins de fl\u00e8che doivent \u00eatre con\u00e7us pour r\u00e9sister aux conditions d'utilisation les plus difficiles. Cela inclut une r\u00e9sistance \u00e0 l'usure, \u00e0 la corrosion et \u00e0 la fatigue au fil du temps. Des mat\u00e9riaux de haute qualit\u00e9 et des proc\u00e9d\u00e9s de fabrication avanc\u00e9s contribuent \u00e0 la durabilit\u00e9 du produit.<\/li>\n<li><strong>Caract\u00e9ristiques de s\u00e9curit\u00e9 :<\/strong> La s\u00e9curit\u00e9 est primordiale dans les syst\u00e8mes hydrauliques. Les v\u00e9rins de fl\u00e8che doivent \u00eatre \u00e9quip\u00e9s de m\u00e9canismes de s\u00e9curit\u00e9 emp\u00eachant toute mise en marche accidentelle et assurant une protection en cas de perte de pression ou de panne m\u00e9canique.<\/li>\n<li><strong>Accessibilit\u00e9 de la maintenance :<\/strong> Une conception facilitant l'entretien et l'inspection peut prolonger consid\u00e9rablement la dur\u00e9e de vie du v\u00e9rin de fl\u00e8che. Les composants doivent \u00eatre accessibles pour les contr\u00f4les et r\u00e9parations courants sans d\u00e9montage important.<\/li>\n<\/ul>\n<p><img decoding=\"async\" src=\"https:\/\/www.hydraulic-cylinders.net\/wp-content\/uploads\/2025\/04\/songte-oil-pipes-and-spare-parts.webp\" alt=\"Pi\u00e8ces hydrauliques\"><\/p>\n<h2>\u00c9tanch\u00e9it\u00e9 et lubrification du cylindre<\/h2>\n<p>Pour garantir des performances optimales, diff\u00e9rents composants d'\u00e9tanch\u00e9it\u00e9 sont utilis\u00e9s dans les v\u00e9rins de fl\u00e8che, notamment des joints de piston et des joints de tige. Le choix des mat\u00e9riaux d'\u00e9tanch\u00e9it\u00e9, tels que le polyur\u00e9thane ou le caoutchouc nitrile de haute qualit\u00e9, est essentiel pour pr\u00e9server l'int\u00e9grit\u00e9 hydraulique et pr\u00e9venir les fuites. Le corps du v\u00e9rin et les surfaces filet\u00e9es sont usin\u00e9s avec pr\u00e9cision afin d'am\u00e9liorer la r\u00e9sistance \u00e0 l'usure et la durabilit\u00e9 globale. Une lubrification r\u00e9guli\u00e8re \u00e0 l'huile hydraulique est n\u00e9cessaire pour assurer le bon fonctionnement du v\u00e9rin et pr\u00e9venir l'usure pr\u00e9matur\u00e9e des composants internes. Des pratiques de lubrification appropri\u00e9es contribuent \u00e9galement au refroidissement du syst\u00e8me hydraulique, prolongeant ainsi sa dur\u00e9e de vie.<\/p>\n<h2>Mesures de maintenance pr\u00e9ventive<\/h2>\n<ul>\n<li><strong>Inspections r\u00e9guli\u00e8res :<\/strong> Des contr\u00f4les fr\u00e9quents de l'usure, des fuites ou de tout signe de dysfonctionnement permettent d'identifier les probl\u00e8mes avant qu'ils ne s'aggravent. Cela inclut l'examen des joints, de l'int\u00e9grit\u00e9 des tiges et des raccords hydrauliques.<\/li>\n<li><strong>Lubrification appropri\u00e9e :<\/strong> Il est essentiel de veiller \u00e0 ce que le v\u00e9rin soit correctement lubrifi\u00e9 avec l'huile hydraulique appropri\u00e9e. Des vidanges d'huile r\u00e9guli\u00e8res et des contr\u00f4les de contamination permettent d'am\u00e9liorer les performances et la durabilit\u00e9.<\/li>\n<li><strong>Remplacement du joint :<\/strong> Les joints d'\u00e9tanch\u00e9it\u00e9 doivent \u00eatre remplac\u00e9s p\u00e9riodiquement en fonction de l'environnement d'exploitation et de la fr\u00e9quence d'utilisation. Des joints us\u00e9s peuvent entra\u00eener une perte importante de fluide hydraulique, affectant ainsi l'efficacit\u00e9 globale du syst\u00e8me.<\/li>\n<\/ul>\n<h2>Directives d'installation<\/h2>\n<p>Une installation correcte du v\u00e9rin de fl\u00e8che est essentielle pour des performances optimales et une longue dur\u00e9e de vie. Lors de l'installation, assurez-vous que le v\u00e9rin est correctement align\u00e9 avec la machine afin d'\u00e9viter toute contrainte excessive sur le v\u00e9rin et ses fixations. Utilisez des supports de montage appropri\u00e9s pour fixer fermement le v\u00e9rin et \u00e9viter tout mouvement susceptible d'entra\u00eener un d\u00e9salignement. Il est \u00e9galement indispensable de respecter les sp\u00e9cifications du fabricant concernant les raccords hydrauliques et les couples de serrage afin de garantir une \u00e9tanch\u00e9it\u00e9 parfaite. Apr\u00e8s l'installation, effectuez une v\u00e9rification minutieuse pour d\u00e9tecter toute fuite et testez le syst\u00e8me hydraulique afin de confirmer son bon fonctionnement.<\/p>\n<h2>T\u00e2ches de maintenance<\/h2>\n<ul>\n<li><strong>Contr\u00f4les r\u00e9guliers\u00a0:<\/strong> Effectuez des inspections r\u00e9guli\u00e8res afin de d\u00e9celer rapidement tout probl\u00e8me potentiel. Recherchez les fuites, les bruits inhabituels et les signes d'usure des joints et des tiges.<\/li>\n<li><strong>Lubrification ad\u00e9quate :<\/strong> Assurez-vous que le niveau d'huile hydraulique est appropri\u00e9 et remplacez-la si n\u00e9cessaire afin de maintenir des conditions de lubrification optimales.<\/li>\n<li><strong>Remplacement et \u00e9talonnage des joints :<\/strong> Remplacez r\u00e9guli\u00e8rement les joints pr\u00e9sentant des signes d'usure et v\u00e9rifiez le calibrage du syst\u00e8me hydraulique pour garantir son bon fonctionnement. Un syst\u00e8me mal calibr\u00e9 peut entra\u00eener des pertes d'efficacit\u00e9 et des dommages potentiels.<\/li>\n<\/ul>\n<h2>Consid\u00e9rations de s\u00e9curit\u00e9 et facteurs environnementaux<\/h2>\n<p>Lors de l'utilisation de v\u00e9rins de fl\u00e8che, les mesures de s\u00e9curit\u00e9 sont essentielles pour pr\u00e9venir les accidents et garantir un environnement de travail s\u00fbr. Les op\u00e9rateurs doivent \u00eatre form\u00e9s \u00e0 l'utilisation correcte des syst\u00e8mes hydrauliques et aux risques potentiels qui y sont associ\u00e9s. De plus, il convient de veiller au respect des r\u00e9glementations environnementales, notamment en assurant une gestion responsable des fluides hydrauliques afin de pr\u00e9venir toute contamination des sols et des ressources en eau. Des mesures de confinement appropri\u00e9es doivent \u00eatre mises en place pour g\u00e9rer toute fuite ou tout d\u00e9versement pouvant survenir pendant l'utilisation ou la maintenance.<\/p>\n<h2>Diagnostic des pannes et probl\u00e8mes courants<\/h2>\n<ul>\n<li><strong>Fuite:<\/strong> L'un des probl\u00e8mes les plus fr\u00e9quents avec les v\u00e9rins hydrauliques est la fuite au niveau des joints ou des raccords. Cela peut entra\u00eener une baisse de performance et d'efficacit\u00e9. Un contr\u00f4le r\u00e9gulier des joints et des raccords est donc n\u00e9cessaire pour identifier et r\u00e9parer rapidement les fuites.<\/li>\n<li><strong>Mouvement inerte :<\/strong> Si le v\u00e9rin de fl\u00e8che ne r\u00e9agit pas comme pr\u00e9vu, cela peut indiquer un probl\u00e8me de pression hydraulique ou un dommage interne. Un diagnostic du syst\u00e8me hydraulique et la v\u00e9rification de l'absence d'obstructions ou de blocages peuvent permettre de r\u00e9soudre le probl\u00e8me.<\/li>\n<li><strong>Bruit excessif :<\/strong> Des bruits inhabituels pendant le fonctionnement peuvent indiquer une usure ou un dommage au niveau du v\u00e9rin ou du syst\u00e8me hydraulique. Rechercher l'origine du bruit et remplacer les pi\u00e8ces us\u00e9es permet d'\u00e9viter d'autres dommages.<\/li>\n<\/ul>\n<h2>Conseils de d\u00e9pannage<\/h2>\n<p>Pour diagnostiquer et r\u00e9soudre efficacement les probl\u00e8mes du v\u00e9rin de fl\u00e8che, suivez les conseils de d\u00e9pannage suivants\u00a0: Premi\u00e8rement, v\u00e9rifiez r\u00e9guli\u00e8rement l\u2019absence de fuites ou de dommages. R\u00e9parez toute fuite d\u00e8s qu\u2019elle est d\u00e9tect\u00e9e afin d\u2019\u00e9viter toute perte d\u2019huile hydraulique. Deuxi\u00e8mement, assurez-vous que la pression hydraulique se situe dans la plage recommand\u00e9e pour un fonctionnement optimal. Si la pression est faible, recherchez les causes possibles, telles que des conduites obstru\u00e9es ou des composants us\u00e9s. Enfin, maintenez un environnement de travail propre afin d\u2019emp\u00eacher toute contamination du syst\u00e8me hydraulique, ce qui pourrait entra\u00eener une usure et un dysfonctionnement \u00e0 terme.<\/p>\n<p><img decoding=\"async\" src=\"https:\/\/www.hydraulic-cylinders.net\/wp-content\/uploads\/2025\/04\/songte-bushings-with-all-kinds-of-excavator-models.webp\" alt=\"Bagues d&#039;excavatrice\"><\/p>\n<h2>\u00c0 propos de notre entreprise<\/h2>\n<p>Nous sommes un fabricant leader de v\u00e9rins hydrauliques de remplacement, offrant une vaste gamme de produits destin\u00e9s aux march\u00e9s nationaux et internationaux. Notre engagement envers l'excellence se traduit par des processus de fabrication rigoureux et une production de haute qualit\u00e9. Gr\u00e2ce \u00e0 des technologies de pointe, un personnel qualifi\u00e9 et des strat\u00e9gies de gestion de la production performantes, nous am\u00e9liorons constamment nos capacit\u00e9s de production afin de r\u00e9pondre aux besoins vari\u00e9s de nos clients. Nos produits sont con\u00e7us avec pr\u00e9cision et fabriqu\u00e9s pour une fiabilit\u00e9 optimale, garantissant ainsi des solutions de premier ordre.<\/p>\n<p><img decoding=\"async\" src=\"https:\/\/www.hydraulic-cylinders.net\/wp-content\/uploads\/2025\/04\/songte-company-4.webp\" alt=\"Image de l&#039;entreprise\"><br \/>\n<img decoding=\"async\" src=\"https:\/\/www.hydraulic-cylinders.net\/wp-content\/uploads\/2025\/04\/songte-company-3.webp\" alt=\"Image de l&#039;entreprise\"><\/p>\n<h2>Conclusion<\/h2>\n<p>Gr\u00e2ce \u00e0 une gamme compl\u00e8te de v\u00e9rins hydrauliques et \u00e0 notre engagement envers la qualit\u00e9, nous fournissons des produits fiables r\u00e9pondant aux besoins de nos clients. Nos certifications internationales, nos services personnalis\u00e9s, nos \u00e9quipements de production de pointe et notre service apr\u00e8s-vente d\u00e9di\u00e9 t\u00e9moignent de notre position de partenaire de confiance dans le secteur des v\u00e9rins hydrauliques.<\/p>\n<p>Auteur : lyl<\/p>","protected":false},"excerpt":{"rendered":"<p>Boom Cylinder For XGMA Middle Excavator XG822FL Introduction to Boom Cylinder The Boom Cylinder is a critical component of heavy machinery, specifically designed for the XGMA Middle Excavator XG822FL. This hydraulic cylinder controls the movement of the boom, enabling the operator to perform various tasks such as lifting, lowering, and tilting the boom effectively. The [&hellip;]<\/p>","protected":false},"featured_media":17867,"comment_status":"open","ping_status":"closed","template":"","meta":{"_et_pb_use_builder":"","_et_pb_old_content":"","_et_gb_content_width":""},"product_brand":[],"product_cat":[1546],"product_tag":[1547,1496],"class_list":{"0":"post-19317","1":"product","2":"type-product","3":"status-publish","4":"has-post-thumbnail","6":"product_cat-boom-cylinders","7":"product_tag-boom-cylinders","8":"product_tag-hydraulic-cylinders","10":"first","11":"instock","12":"shipping-taxable","13":"product-type-simple"},"amp_enabled":true,"_links":{"self":[{"href":"https:\/\/www.hydraulic-cylinders.net\/fr\/wp-json\/wp\/v2\/product\/19317","targetHints":{"allow":["GET"]}}],"collection":[{"href":"https:\/\/www.hydraulic-cylinders.net\/fr\/wp-json\/wp\/v2\/product"}],"about":[{"href":"https:\/\/www.hydraulic-cylinders.net\/fr\/wp-json\/wp\/v2\/types\/product"}],"replies":[{"embeddable":true,"href":"https:\/\/www.hydraulic-cylinders.net\/fr\/wp-json\/wp\/v2\/comments?post=19317"}],"wp:featuredmedia":[{"embeddable":true,"href":"https:\/\/www.hydraulic-cylinders.net\/fr\/wp-json\/wp\/v2\/media\/17867"}],"wp:attachment":[{"href":"https:\/\/www.hydraulic-cylinders.net\/fr\/wp-json\/wp\/v2\/media?parent=19317"}],"wp:term":[{"taxonomy":"product_brand","embeddable":true,"href":"https:\/\/www.hydraulic-cylinders.net\/fr\/wp-json\/wp\/v2\/product_brand?post=19317"},{"taxonomy":"product_cat","embeddable":true,"href":"https:\/\/www.hydraulic-cylinders.net\/fr\/wp-json\/wp\/v2\/product_cat?post=19317"},{"taxonomy":"product_tag","embeddable":true,"href":"https:\/\/www.hydraulic-cylinders.net\/fr\/wp-json\/wp\/v2\/product_tag?post=19317"}],"curies":[{"name":"wp","href":"https:\/\/api.w.org\/{rel}","templated":true}]}}