{"id":19448,"date":"2025-04-07T06:48:04","date_gmt":"2025-04-07T06:48:04","guid":{"rendered":"https:\/\/www.hydraulic-cylinders.net\/product\/boom-cylinder-for-case-large-excavator-cx360b\/"},"modified":"2025-04-07T06:48:06","modified_gmt":"2025-04-07T06:48:06","slug":"boom-cylinder-for-case-large-excavator-cx360b","status":"publish","type":"product","link":"https:\/\/www.hydraulic-cylinders.net\/fr\/produit\/boom-cylinder-for-case-large-excavator-cx360b\/","title":{"rendered":"V\u00e9rin de fl\u00e8che pour pelle hydraulique Case CX360B"},"content":{"rendered":"<h1>V\u00e9rin de fl\u00e8che pour pelle hydraulique Case CX360B<\/h1>\n<h2>Aper\u00e7u du v\u00e9rin de fl\u00e8che<\/h2>\n<p>Le v\u00e9rin de fl\u00e8che est un composant essentiel du syst\u00e8me hydraulique des engins de chantier, notamment des pelles hydrauliques, des r\u00e9trocaveuses et des chargeuses frontales. Sa fonction principale est de contr\u00f4ler les mouvements du godet, permettant ainsi de le lever, de l'abaisser et de l'incliner efficacement. Ceci facilite diverses op\u00e9rations de manutention et en fait un \u00e9l\u00e9ment indispensable au fonctionnement de la machine. Le v\u00e9rin de godet fonctionne gr\u00e2ce \u00e0 la pression hydraulique, qui fournit la force n\u00e9cessaire pour r\u00e9aliser des travaux exigeants avec pr\u00e9cision et efficacit\u00e9.<\/p>\n<p>Un v\u00e9rin de godet est un type de v\u00e9rin hydraulique con\u00e7u sp\u00e9cifiquement pour g\u00e9rer les mouvements dynamiques des engins lourds. Ces v\u00e9rins permettent aux op\u00e9rateurs de modifier la position du godet, garantissant ainsi des performances optimales lors des op\u00e9rations d'excavation, de chargement et de d\u00e9chargement.<\/p>\n<p><img decoding=\"async\" src=\"https:\/\/www.hydraulic-cylinders.net\/wp-content\/uploads\/2025\/04\/songte-company-1.webp\" alt=\"V\u00e9rin de fl\u00e8che\"><\/p>\n<h2>Caract\u00e9ristiques du v\u00e9rin de fl\u00e8che<\/h2>\n<ul>\n<li><strong>Haute r\u00e9sistance et durabilit\u00e9 :<\/strong> Fabriqu\u00e9s en acier ou en aluminium \u00e0 haute r\u00e9sistance, ces cylindres peuvent supporter des pressions \u00e9lev\u00e9es et des charges lourdes, ce qui les rend adapt\u00e9s aux environnements de travail difficiles.<\/li>\n<li><strong>Fonctionnement hydraulique efficace :<\/strong> Le v\u00e9rin utilise la pression de l'huile hydraulique pour une extension et une r\u00e9traction en douceur, offrant une r\u00e9ponse rapide aux commandes de l'op\u00e9rateur.<\/li>\n<li><strong>Types divers :<\/strong> Disponible en configurations \u00e0 simple effet (pression utilis\u00e9e dans un seul sens) ou \u00e0 double effet (pression utilis\u00e9e dans les deux sens) pour r\u00e9pondre \u00e0 divers besoins op\u00e9rationnels.<\/li>\n<li><strong>Conception optimisant l'espace\u00a0:<\/strong> Certains mod\u00e8les sont dot\u00e9s d'une conception t\u00e9lescopique, permettant une plus grande extension sans augmenter les dimensions ext\u00e9rieures, ce qui est id\u00e9al pour les espaces restreints.<\/li>\n<li><strong>R\u00e9sistance \u00e0 la corrosion :<\/strong> La conception prend en compte la r\u00e9sistance \u00e0 l'usure et la protection contre la corrosion, prolongeant ainsi la dur\u00e9e de vie du cylindre dans des conditions difficiles.<\/li>\n<\/ul>\n<h2>Capacit\u00e9 de production<\/h2>\n<p>Nous fabriquons le v\u00e9rin de fl\u00e8che, qui remplace parfaitement ces v\u00e9rins hydrauliques, garantissant une compatibilit\u00e9 et des performances optimales. Notre capacit\u00e9 de production nous permet de r\u00e9pondre efficacement aux divers besoins du march\u00e9.<\/p>\n<p><img decoding=\"async\" src=\"https:\/\/www.hydraulic-cylinders.net\/wp-content\/uploads\/2025\/04\/songte-cylinder-head-with-all-kinds-excavator-models.webp\" alt=\"Production de v\u00e9rins hydrauliques\"><\/p>\n<h2>Applications du v\u00e9rin de fl\u00e8che<\/h2>\n<h3>\u00c9quipement de construction<\/h3>\n<p>Sur les excavatrices, les v\u00e9rins de fl\u00e8che jouent un r\u00f4le essentiel dans le creusement, le chargement et le d\u00e9placement de terre ou de d\u00e9bris. Ils fournissent la force n\u00e9cessaire pour p\u00e9n\u00e9trer le sol, rendant ainsi l'excavation efficace. Sur les chargeuses-pelleteuses, le v\u00e9rin contribue \u00e0 la fois au creusement et au levage, ce qui accro\u00eet la polyvalence sur les chantiers.<\/p>\n<h3>machines agricoles<\/h3>\n<p>Sur les chargeuses frontales, les v\u00e9rins de fl\u00e8che sont essentiels pour ramasser, soulever et transporter la terre, le foin et autres mat\u00e9riaux. Cette fonctionnalit\u00e9 est indispensable \u00e0 diverses t\u00e2ches agricoles, garantissant la productivit\u00e9 et l'efficacit\u00e9 des op\u00e9rations agricoles.<\/p>\n<h3>Excavateurs<\/h3>\n<p>Sur les excavatrices, le v\u00e9rin de fl\u00e8che permet au godet de p\u00e9n\u00e9trer efficacement dans le sol, facilitant ainsi le creusement. Cette fonction est essentielle pour de nombreux projets d'excavation et de construction, et influe directement sur la productivit\u00e9.<\/p>\n<h3>Chargeurs<\/h3>\n<p>Sur les chargeuses frontales, le v\u00e9rin de fl\u00e8che facilite le levage et le d\u00e9chargement des mat\u00e9riaux. Son fonctionnement fluide permet de lever et de d\u00e9charger ais\u00e9ment les charges lourdes, optimisant ainsi les op\u00e9rations de manutention.<\/p>\n<h2>Consid\u00e9rations de conception<\/h2>\n<h3>Capacit\u00e9 de charge<\/h3>\n<p>Lors de la conception d'un v\u00e9rin de fl\u00e8che, la capacit\u00e9 de charge est un facteur crucial. Le v\u00e9rin doit r\u00e9sister \u00e0 des forces importantes en fonctionnement et sa conception doit int\u00e9grer des mat\u00e9riaux robustes afin de garantir s\u00e9curit\u00e9 et fiabilit\u00e9.<\/p>\n<h3>\u00c9tanch\u00e9it\u00e9 et durabilit\u00e9<\/h3>\n<p>Une \u00e9tanch\u00e9it\u00e9 efficace est essentielle pour pr\u00e9venir les fuites d'huile hydraulique, qui peuvent compromettre les performances et la s\u00e9curit\u00e9. Des joints de haute qualit\u00e9, fabriqu\u00e9s \u00e0 partir de mat\u00e9riaux durables comme le polyur\u00e9thane et le caoutchouc nitrile, sont indispensables au maintien de l'int\u00e9grit\u00e9 hydraulique.<\/p>\n<h3>Caract\u00e9ristiques de s\u00e9curit\u00e9<\/h3>\n<p>La s\u00e9curit\u00e9 est primordiale dans la conception des v\u00e9rins de fl\u00e8che. Des dispositifs tels que les soupapes de d\u00e9charge et les syst\u00e8mes de s\u00e9curit\u00e9 int\u00e9gr\u00e9s sont essentiels pour pr\u00e9venir les d\u00e9faillances catastrophiques en cours d'utilisation. La conception doit respecter des normes de s\u00e9curit\u00e9 rigoureuses afin de prot\u00e9ger les op\u00e9rateurs et le mat\u00e9riel.<\/p>\n<h3>Maintenance et r\u00e9parabilit\u00e9<\/h3>\n<p>La conception doit \u00e9galement prendre en compte la facilit\u00e9 d'entretien. L'accessibilit\u00e9 pour les inspections et les r\u00e9parations peut r\u00e9duire consid\u00e9rablement les temps d'arr\u00eat et les co\u00fbts d'exploitation. Les fabricants doivent fournir des instructions claires concernant les pratiques d'entretien.<\/p>\n<p><img decoding=\"async\" src=\"https:\/\/www.hydraulic-cylinders.net\/wp-content\/uploads\/2025\/04\/songte-oil-pipes-and-spare-parts.webp\" alt=\"Pi\u00e8ces hydrauliques\"><\/p>\n<h2>\u00c9tanch\u00e9it\u00e9 et lubrification<\/h2>\n<p>Divers composants d'\u00e9tanch\u00e9it\u00e9, tels que les joints de piston et de tige, sont fabriqu\u00e9s \u00e0 partir de mat\u00e9riaux r\u00e9sistants \u00e0 l'usure. Une \u00e9tanch\u00e9it\u00e9 optimale garantit le confinement du fluide hydraulique dans le cylindre, \u00e9vitant ainsi les fuites et maintenant la pression. De plus, le corps du cylindre et ses extr\u00e9mit\u00e9s filet\u00e9es b\u00e9n\u00e9ficient de traitements de surface rigoureux pour une r\u00e9sistance accrue \u00e0 l'usure. Une lubrification r\u00e9guli\u00e8re \u00e0 l'huile hydraulique est indispensable pour un fonctionnement optimal et une longue dur\u00e9e de vie.<\/p>\n<h2>Mesures de maintenance pr\u00e9ventive<\/h2>\n<ul>\n<li><strong>Inspections r\u00e9guli\u00e8res :<\/strong> La r\u00e9alisation d'inspections r\u00e9guli\u00e8res permet d'identifier les probl\u00e8mes potentiels avant qu'ils ne s'aggravent, garantissant ainsi la s\u00e9curit\u00e9 et la fiabilit\u00e9.<\/li>\n<li><strong>Lubrification ad\u00e9quate :<\/strong> Une lubrification ad\u00e9quate pr\u00e9vient l'usure et assure le bon fonctionnement des composants hydrauliques.<\/li>\n<li><strong>Remplacement du joint :<\/strong> Le remplacement r\u00e9gulier des joints permet de maintenir l'int\u00e9grit\u00e9 hydraulique et d'\u00e9viter les fuites.<\/li>\n<\/ul>\n<h2>Directives d'installation<\/h2>\n<p>Une installation correcte est essentielle pour un fonctionnement optimal. Assurez-vous que le v\u00e9rin est correctement align\u00e9 avec les points de fixation de la machine afin d'\u00e9viter toute contrainte excessive. Il est recommand\u00e9 d'utiliser des supports appropri\u00e9s pour fixer le v\u00e9rin. Respectez les consignes du fabricant concernant le serrage et les couples de serrage afin d'\u00e9viter tout dommage. Apr\u00e8s l'installation, v\u00e9rifiez l'absence de fuites hydrauliques et assurez-vous que les niveaux de fluide sont suffisants pour le fonctionnement.<\/p>\n<h2>T\u00e2ches de maintenance courantes<\/h2>\n<h3>Inspections r\u00e9guli\u00e8res<\/h3>\n<p>Il est essentiel d'inspecter r\u00e9guli\u00e8rement le v\u00e9rin de fl\u00e8che afin de d\u00e9tecter rapidement toute usure. Recherchez les signes de fuite, les bruits inhabituels et toute irr\u00e9gularit\u00e9 de fonctionnement. La documentation des r\u00e9sultats d'inspection permet de suivre l'\u00e9volution des performances du v\u00e9rin.<\/p>\n<h3>Lubrification appropri\u00e9e<\/h3>\n<p>Une lubrification ad\u00e9quate est essentielle au bon fonctionnement de toutes les pi\u00e8ces mobiles du v\u00e9rin. Utilisez les huiles hydrauliques recommand\u00e9es et respectez les pr\u00e9conisations relatives \u00e0 la lubrification afin de pr\u00e9venir les frottements et l'usure.<\/p>\n<h3>Remplacement des joints et contr\u00f4les d'\u00e9talonnage<\/h3>\n<p>V\u00e9rifiez r\u00e9guli\u00e8rement l'\u00e9tat des joints et remplacez-les si n\u00e9cessaire. Les contr\u00f4les d'\u00e9talonnage garantissent le fonctionnement du v\u00e9rin dans les param\u00e8tres sp\u00e9cifi\u00e9s, am\u00e9liorant ainsi la s\u00e9curit\u00e9 et les performances. N\u00e9gliger ces t\u00e2ches peut entra\u00eener de graves probl\u00e8mes de fonctionnement.<\/p>\n<p><img decoding=\"async\" src=\"https:\/\/www.hydraulic-cylinders.net\/wp-content\/uploads\/2025\/04\/songte-chushion-collar.webp\" alt=\"Installation du cylindre\"><\/p>\n<h2>Consid\u00e9rations de s\u00e9curit\u00e9 et facteurs environnementaux<\/h2>\n<p>Lors de la manipulation des v\u00e9rins de fl\u00e8che, le respect des consignes de s\u00e9curit\u00e9 est primordial. Les op\u00e9rateurs doivent \u00eatre conscients des risques potentiels li\u00e9s aux syst\u00e8mes hydrauliques, notamment les fuites de fluide et les surpressions. Une formation r\u00e9guli\u00e8re aux bonnes pratiques d'utilisation permet de r\u00e9duire les risques et de garantir un environnement de travail s\u00fbr.<\/p>\n<h2>Diagnostic des pannes et probl\u00e8mes courants<\/h2>\n<ul>\n<li><strong>Fuites de fluide hydraulique\u00a0:<\/strong> Souvent caus\u00e9e par des joints us\u00e9s ou des tuyaux endommag\u00e9s, entra\u00eenant une baisse d'efficacit\u00e9.<\/li>\n<li><strong>Bruits inhabituels :<\/strong> Des bruits de grincement ou de claquement peuvent indiquer une panne m\u00e9canique ou une lubrification insuffisante.<\/li>\n<li><strong>Fonctionnement lent :<\/strong> Cela peut \u00eatre d\u00fb \u00e0 un niveau d'huile hydraulique insuffisant ou \u00e0 une pompe d\u00e9fectueuse, ce qui affecte les performances globales.<\/li>\n<\/ul>\n<h2>Conseils de d\u00e9pannage<\/h2>\n<p>Pour diagnostiquer efficacement les probl\u00e8mes, commencez par v\u00e9rifier les niveaux d'huile hydraulique et recherchez les fuites. Un entretien r\u00e9gulier et une intervention rapide sur les probl\u00e8mes mineurs permettent d'\u00e9viter les pannes majeures. La mise en \u0153uvre de mesures pr\u00e9ventives, telles que des inspections programm\u00e9es, est essentielle pour minimiser les probl\u00e8mes futurs.<\/p>\n<p><img decoding=\"async\" src=\"https:\/\/www.hydraulic-cylinders.net\/wp-content\/uploads\/2025\/04\/songte-bushings-with-all-kinds-of-excavator-models.webp\" alt=\"D\u00e9pannage des v\u00e9rins hydrauliques\"><\/p>\n<h2>\u00c0 propos de notre entreprise<\/h2>\n<p>Nous sommes un fabricant leader de v\u00e9rins hydrauliques de remplacement, offrant une vaste gamme de produits destin\u00e9s aux march\u00e9s nationaux et internationaux. Notre engagement envers l'excellence nous pousse \u00e0 am\u00e9liorer constamment nos processus de fabrication, en tirant parti des technologies de pointe et d'un personnel qualifi\u00e9. Nous privil\u00e9gions la qualit\u00e9 et la pr\u00e9cision sur nos lignes de production, garantissant ainsi que nos produits r\u00e9pondent aux normes les plus exigeantes.<\/p>\n<p>Soucieux de professionnalisme, nous d\u00e9tenons des certifications internationales qui attestent de notre engagement envers la qualit\u00e9. Nos services personnalis\u00e9s nous permettent de r\u00e9pondre aux besoins sp\u00e9cifiques de chaque client, et nos \u00e9quipements de production de pointe garantissent une efficacit\u00e9 optimale. Notre \u00e9quipe d\u00e9di\u00e9e au service apr\u00e8s-vente est toujours disponible pour r\u00e9pondre \u00e0 toutes vos questions et vous apporter l'assistance dont vous pourriez avoir besoin.<\/p>\n<p><img decoding=\"async\" src=\"https:\/\/www.hydraulic-cylinders.net\/wp-content\/uploads\/2025\/04\/songte-company-4.webp\" alt=\"Pr\u00e9sentation de l&#039;entreprise\"><br \/>\n<img decoding=\"async\" src=\"https:\/\/www.hydraulic-cylinders.net\/wp-content\/uploads\/2025\/04\/songte-company-3.webp\" alt=\"Usine de fabrication\"><\/p>\n<p>Auteur : lyl<\/p>","protected":false},"excerpt":{"rendered":"<p>Boom Cylinder For Case Large Excavator CX360B Overview of Boom Cylinder The boom cylinder is a critical component in the hydraulic system of heavy machinery, especially in excavators, backhoes, and front loaders. Its primary function is to control the movement of the bucket, allowing it to lift, lower, and tilt effectively. This facilitates various material [&hellip;]<\/p>","protected":false},"featured_media":17877,"comment_status":"open","ping_status":"closed","template":"","meta":{"_et_pb_use_builder":"","_et_pb_old_content":"","_et_gb_content_width":""},"product_brand":[],"product_cat":[1546],"product_tag":[1547,1496],"class_list":{"0":"post-19448","1":"product","2":"type-product","3":"status-publish","4":"has-post-thumbnail","6":"product_cat-boom-cylinders","7":"product_tag-boom-cylinders","8":"product_tag-hydraulic-cylinders","10":"first","11":"instock","12":"shipping-taxable","13":"product-type-simple"},"amp_enabled":true,"_links":{"self":[{"href":"https:\/\/www.hydraulic-cylinders.net\/fr\/wp-json\/wp\/v2\/product\/19448","targetHints":{"allow":["GET"]}}],"collection":[{"href":"https:\/\/www.hydraulic-cylinders.net\/fr\/wp-json\/wp\/v2\/product"}],"about":[{"href":"https:\/\/www.hydraulic-cylinders.net\/fr\/wp-json\/wp\/v2\/types\/product"}],"replies":[{"embeddable":true,"href":"https:\/\/www.hydraulic-cylinders.net\/fr\/wp-json\/wp\/v2\/comments?post=19448"}],"wp:featuredmedia":[{"embeddable":true,"href":"https:\/\/www.hydraulic-cylinders.net\/fr\/wp-json\/wp\/v2\/media\/17877"}],"wp:attachment":[{"href":"https:\/\/www.hydraulic-cylinders.net\/fr\/wp-json\/wp\/v2\/media?parent=19448"}],"wp:term":[{"taxonomy":"product_brand","embeddable":true,"href":"https:\/\/www.hydraulic-cylinders.net\/fr\/wp-json\/wp\/v2\/product_brand?post=19448"},{"taxonomy":"product_cat","embeddable":true,"href":"https:\/\/www.hydraulic-cylinders.net\/fr\/wp-json\/wp\/v2\/product_cat?post=19448"},{"taxonomy":"product_tag","embeddable":true,"href":"https:\/\/www.hydraulic-cylinders.net\/fr\/wp-json\/wp\/v2\/product_tag?post=19448"}],"curies":[{"name":"wp","href":"https:\/\/api.w.org\/{rel}","templated":true}]}}