{"id":19470,"date":"2025-04-07T06:49:14","date_gmt":"2025-04-07T06:49:14","guid":{"rendered":"https:\/\/www.hydraulic-cylinders.net\/product\/boom-cylinder-for-world-large-excavator-w2360blc-8\/"},"modified":"2025-04-07T06:49:17","modified_gmt":"2025-04-07T06:49:17","slug":"boom-cylinder-for-world-large-excavator-w2360blc-8","status":"publish","type":"product","link":"https:\/\/www.hydraulic-cylinders.net\/fr\/produit\/boom-cylinder-for-world-large-excavator-w2360blc-8\/","title":{"rendered":"V\u00e9rin de fl\u00e8che pour pelle hydraulique de grande taille World W2360BLC-8"},"content":{"rendered":"<h1>V\u00e9rin de fl\u00e8che pour pelle hydraulique de grande taille World W2360BLC-8<\/h1>\n<h2>Comprendre les v\u00e9rins de fl\u00e8che<\/h2>\n<p>Le v\u00e9rin de fl\u00e8che, sp\u00e9cialement con\u00e7u pour les engins lourds comme les pelles hydrauliques, joue un r\u00f4le crucial dans le syst\u00e8me hydraulique. Ce v\u00e9rin est con\u00e7u pour contr\u00f4ler les mouvements du godet des pelles hydrauliques, des chargeuses-pelleteuses et des chargeuses frontales. En permettant au godet de se lever, de s'abaisser et de s'incliner, il facilite les op\u00e9rations de manutention. Ce composant essentiel fonctionne gr\u00e2ce \u00e0 la pression d'un fluide hydraulique, ce qui permet un mouvement pr\u00e9cis et une manipulation ais\u00e9e des charges lourdes.<\/p>\n<p><img decoding=\"async\" src=\"https:\/\/www.hydraulic-cylinders.net\/wp-content\/uploads\/2025\/04\/songte-company-1.webp\" alt=\"V\u00e9rin de fl\u00e8che pour excavatrice\" \/><\/p>\n<h2>Caract\u00e9ristiques du v\u00e9rin de fl\u00e8che<\/h2>\n<ul>\n<li><strong>Haute r\u00e9sistance et durabilit\u00e9 :<\/strong> Fabriqu\u00e9s en acier ou en aluminium \u00e0 haute r\u00e9sistance, capables de supporter des pressions \u00e9lev\u00e9es et des charges importantes, con\u00e7us pour r\u00e9sister \u00e0 l'usure et \u00e0 la corrosion, prolongeant ainsi leur dur\u00e9e de vie op\u00e9rationnelle.<\/li>\n<li><strong>Fonctionnement hydraulique efficace :<\/strong> Actions d'extension et de r\u00e9traction fluides utilisant la pression de l'huile hydraulique, permettant une r\u00e9ponse rapide aux commandes, offrant des capacit\u00e9s de pouss\u00e9e et de traction puissantes adapt\u00e9es aux t\u00e2ches exigeantes.<\/li>\n<li><strong>Diversit\u00e9 des types :<\/strong> Disponibles en versions \u00e0 simple effet (utilisant l'hydraulique dans un seul sens) ou \u00e0 double effet (utilisant l'hydraulique dans les deux sens), certains mod\u00e8les offrent des options t\u00e9lescopiques pour une plus grande extension sans augmenter les dimensions ext\u00e9rieures, id\u00e9ales pour les espaces confin\u00e9s.<\/li>\n<\/ul>\n<p>Nos produits peuvent parfaitement remplacer ces v\u00e9rins hydrauliques.<\/p>\n<p><img decoding=\"async\" src=\"https:\/\/www.hydraulic-cylinders.net\/wp-content\/uploads\/2025\/04\/songte-cylinder-head-with-all-kinds-excavator-models.webp\" alt=\"Mod\u00e8les d&#039;excavatrices\" \/><\/p>\n<h2>Sc\u00e9narios d'application des v\u00e9rins de fl\u00e8che<\/h2>\n<h3>\u00c9quipement de construction<\/h3>\n<p>Sur les excavatrices, les v\u00e9rins de fl\u00e8che sont essentiels pour creuser, charger et d\u00e9placer la terre ou les d\u00e9bris. Ils permettent le contr\u00f4le pr\u00e9cis n\u00e9cessaire \u00e0 une p\u00e9n\u00e9tration efficace du sol, ce qui les rend indispensables sur les chantiers de construction.<\/p>\n<h3>machines agricoles<\/h3>\n<p>Utilis\u00e9s sur les chargeuses frontales, les v\u00e9rins de fl\u00e8che facilitent le ramassage, le levage et le transport de terre, de foin et d'autres mat\u00e9riaux. Leur construction robuste leur permet de r\u00e9pondre efficacement aux exigences des travaux agricoles.<\/p>\n<h3>Excavateurs<\/h3>\n<p>Sur les excavatrices, le v\u00e9rin de fl\u00e8che est essentiel au mouvement d'excavation, permettant au godet de p\u00e9n\u00e9trer efficacement dans le sol. Cette fonction est indispensable pour une grande vari\u00e9t\u00e9 de travaux d'excavation sur diff\u00e9rents types de terrains.<\/p>\n<h3>Chargeurs<\/h3>\n<p>Sur les chargeuses frontales, les v\u00e9rins de fl\u00e8che permettent de lever et de d\u00e9charger efficacement les mat\u00e9riaux, am\u00e9liorant ainsi la productivit\u00e9 et l'efficacit\u00e9 op\u00e9rationnelle sur les chantiers.<\/p>\n<h2>Consid\u00e9rations de conception et crit\u00e8res de s\u00e9lection<\/h2>\n<h3>Capacit\u00e9 de charge<\/h3>\n<p>Lors du choix d'un v\u00e9rin de fl\u00e8che, la capacit\u00e9 de charge est primordiale. Elle d\u00e9termine le poids maximal que le v\u00e9rin peut soulever et manipuler en toute s\u00e9curit\u00e9. Les ing\u00e9nieurs doivent calculer les charges pr\u00e9vues en cours d'utilisation afin de garantir la s\u00e9curit\u00e9 et l'efficacit\u00e9.<\/p>\n<h3>Scellage<\/h3>\n<p>L'\u00e9tanch\u00e9it\u00e9 est essentielle pour pr\u00e9venir les fuites d'huile hydraulique. Des joints de qualit\u00e9 garantissent long\u00e9vit\u00e9 et efficacit\u00e9, car ils prot\u00e8gent contre les contaminants et maintiennent la pression dans le syst\u00e8me. Le choix judicieux des mat\u00e9riaux, comme le polyur\u00e9thane ou le caoutchouc nitrile, am\u00e9liore la durabilit\u00e9 des joints.<\/p>\n<h3>Durabilit\u00e9<\/h3>\n<p>La durabilit\u00e9 est essentielle, car les v\u00e9rins de fl\u00e8che fonctionnent dans des conditions difficiles. Les conceptions des fabricants qui prennent en compte la r\u00e9sistance \u00e0 l'usure et la protection contre la corrosion prolongent consid\u00e9rablement la dur\u00e9e de vie de ces composants.<\/p>\n<h3>S\u00e9curit\u00e9<\/h3>\n<p>Des dispositifs de s\u00e9curit\u00e9 doivent \u00eatre int\u00e9gr\u00e9s \u00e0 la conception afin de pr\u00e9venir les d\u00e9faillances susceptibles d'entra\u00eener des accidents. Il s'agit notamment de soupapes de d\u00e9charge de pression et de m\u00e9canismes de s\u00e9curit\u00e9 emp\u00eachant les mouvements incontr\u00f4l\u00e9s.<\/p>\n<h3>Entretien<\/h3>\n<p>La facilit\u00e9 d'entretien est un facteur essentiel de conception. Les v\u00e9rins doivent permettre une inspection, une lubrification et un remplacement des pi\u00e8ces ais\u00e9s, minimisant ainsi les temps d'arr\u00eat et les co\u00fbts de maintenance.<\/p>\n<p><img decoding=\"async\" src=\"https:\/\/www.hydraulic-cylinders.net\/wp-content\/uploads\/2025\/04\/songte-oil-pipes-and-spare-parts.webp\" alt=\"Composants hydrauliques\" \/><\/p>\n<h2>\u00c9tanch\u00e9it\u00e9 et lubrification du cylindre<\/h2>\n<p>L'\u00e9tanch\u00e9it\u00e9 est assur\u00e9e par diff\u00e9rents types de joints, notamment des joints de piston et de tige, fabriqu\u00e9s \u00e0 partir de mat\u00e9riaux durables tels que le polyur\u00e9thane et le caoutchouc nitrile pour une meilleure r\u00e9sistance \u00e0 l'usure. Le corps du cylindre et les surfaces filet\u00e9es sont usin\u00e9s avec pr\u00e9cision pour une durabilit\u00e9 accrue. Une lubrification r\u00e9guli\u00e8re avec une huile hydraulique adapt\u00e9e est \u00e9galement essentielle pour un fonctionnement optimal, garantissant un fonctionnement fluide et minimisant l'usure.<\/p>\n<h2>T\u00e2ches d'inspection r\u00e9guli\u00e8re et de maintenance pr\u00e9ventive<\/h2>\n<ul>\n<li><strong>Contr\u00f4les de routine\u00a0:<\/strong> Des inspections r\u00e9guli\u00e8res permettent de d\u00e9tecter rapidement l'usure et les dommages, ce qui permet d'effectuer des r\u00e9parations opportunes et de pr\u00e9venir des probl\u00e8mes plus importants.<\/li>\n<li><strong>Lubrification ad\u00e9quate :<\/strong> Une lubrification appropri\u00e9e assure le bon fonctionnement du syst\u00e8me hydraulique et prolonge la dur\u00e9e de vie de ses composants.<\/li>\n<li><strong>Remplacement des joints et v\u00e9rifications d'\u00e9talonnage\u00a0:<\/strong> Routine checks for seal wear and calibration maintain the cylinder&#8217;s effectiveness and prevent leaks or failures.<\/li>\n<\/ul>\n<h2>Directives d'installation<\/h2>\n<p>Proper installation is crucial for the performance of boom cylinders. Begin by ensuring that all mounting surfaces are clean and free from debris. Align the cylinder correctly with the attachment points, using suitable mounting brackets to secure it in place. Follow the manufacturer&#8217;s specifications for torque settings and ensure that hoses are connected without kinks. Regularly check the alignment during installation to avoid undue stress on the components. After securing the cylinder, verify that the hydraulic system is properly filled with fluid and free from air pockets.<\/p>\n<h2>T\u00e2ches de maintenance courantes<\/h2>\n<h3>Inspection r\u00e9guli\u00e8re<\/h3>\n<p>Conducting routine inspections allows for early detection of issues such as leaks, wear, or misalignment. Regular checks help maintain the cylinder&#8217;s operational efficiency and safety.<\/p>\n<h3>Lubrification appropri\u00e9e<\/h3>\n<p>La lubrification du syst\u00e8me hydraulique garantit le bon fonctionnement de toutes les pi\u00e8ces mobiles, r\u00e9duisant ainsi la friction et l'usure. Cette pratique est essentielle \u00e0 la long\u00e9vit\u00e9 du v\u00e9rin.<\/p>\n<h3>Remplacement des joints et contr\u00f4les d'\u00e9talonnage<\/h3>\n<p>La surveillance de l'usure des joints et les contr\u00f4les d'\u00e9talonnage garantissent le bon fonctionnement du v\u00e9rin. Le remplacement des joints us\u00e9s pr\u00e9vient les fuites d'huile hydraulique et pr\u00e9serve l'int\u00e9grit\u00e9 du syst\u00e8me.<\/p>\n<p><img decoding=\"async\" src=\"https:\/\/www.hydraulic-cylinders.net\/wp-content\/uploads\/2025\/04\/songte-chushion-collar.webp\" alt=\"Collier coussin\u00e9\" \/><\/p>\n<h2>Consid\u00e9rations de s\u00e9curit\u00e9 et facteurs environnementaux<\/h2>\n<p>Les mesures de s\u00e9curit\u00e9 sont essentielles lors de l'utilisation des v\u00e9rins de fl\u00e8che. Les op\u00e9rateurs doivent \u00eatre form\u00e9s aux risques li\u00e9s aux syst\u00e8mes hydrauliques, notamment les risques de fuites ou de pannes. Des pratiques de manipulation et d'entretien appropri\u00e9es contribuent \u00e0 un environnement de travail plus s\u00fbr et r\u00e9duisent les risques d'accidents.<\/p>\n<h2>D\u00e9pannage et probl\u00e8mes courants<\/h2>\n<ul>\n<li><strong>Fuite:<\/strong> Les fuites d'huile hydraulique peuvent \u00eatre dues \u00e0 des joints us\u00e9s ou \u00e0 des flexibles endommag\u00e9s. Inspectez r\u00e9guli\u00e8rement les joints et les flexibles et remplacez-les si n\u00e9cessaire.<\/li>\n<li><strong>Puissance insuffisante :<\/strong> Si le v\u00e9rin ne parvient pas \u00e0 soulever les charges correctement, v\u00e9rifiez le niveau d'huile hydraulique et assurez-vous qu'il n'y a pas d'obstructions dans le syst\u00e8me.<\/li>\n<li><strong>Bruits inhabituels :<\/strong> Des grincements ou des sifflements peuvent indiquer des dommages internes ou la pr\u00e9sence d'air dans le syst\u00e8me. Proc\u00e9dez \u00e0 une inspection approfondie et purgez le syst\u00e8me si n\u00e9cessaire.<\/li>\n<\/ul>\n<p>La mise en \u0153uvre de mesures pr\u00e9ventives, telles que la maintenance et les inspections r\u00e9guli\u00e8res, peut r\u00e9duire consid\u00e9rablement la probabilit\u00e9 que ces probl\u00e8mes surviennent, garantissant ainsi un environnement op\u00e9rationnel fiable et s\u00fbr.<\/p>\n<p><img decoding=\"async\" src=\"https:\/\/www.hydraulic-cylinders.net\/wp-content\/uploads\/2025\/04\/songte-bushings-with-all-kinds-of-excavator-models.webp\" alt=\"Bagues pour excavatrices\" \/><\/p>\n<h2>\u00c0 propos de notre entreprise<\/h2>\n<p>Nous sommes un fabricant leader de v\u00e9rins hydrauliques de remplacement, offrant une gamme compl\u00e8te de produits qui nous a permis de devenir un acteur majeur sur les march\u00e9s nationaux et internationaux. Notre engagement envers l'excellence repose sur une strat\u00e9gie de gestion de la production rigoureuse, ax\u00e9e sur des normes de fabrication de haute qualit\u00e9. Notre \u00e9quipe est compos\u00e9e de professionnels qualifi\u00e9s et nous utilisons des \u00e9quipements de fabrication num\u00e9rique et des syst\u00e8mes de test de pointe, am\u00e9liorant constamment nos lignes de production. Ce souci constant de la qualit\u00e9 nous permet de r\u00e9pondre aux divers besoins de nos clients avec une grande efficacit\u00e9, une pr\u00e9cision optimale et une qualit\u00e9 de produit sup\u00e9rieure.<\/p>\n<p>Nous sommes fiers de notre sp\u00e9cialisation, de nos certifications internationales, de nos services personnalis\u00e9s, de nos \u00e9quipements de production de pointe et de notre service apr\u00e8s-vente exceptionnel.<\/p>\n<p><img decoding=\"async\" src=\"https:\/\/www.hydraulic-cylinders.net\/wp-content\/uploads\/2025\/04\/songte-company-4.webp\" alt=\"Pr\u00e9sentation de l&#039;entreprise\" \/><br \/>\n<img decoding=\"async\" src=\"https:\/\/www.hydraulic-cylinders.net\/wp-content\/uploads\/2025\/04\/songte-company-3.webp\" alt=\"Entreprise de fabrication\" \/><\/p>\n<p>Auteur : lyl<\/p>","protected":false},"excerpt":{"rendered":"<p>Boom Cylinder For World Large Excavator W2360BLC-8 Understanding Boom Cylinders A boom cylinder, specifically designed for heavy machinery like excavators, plays a crucial role in the hydraulic system. This hydraulic cylinder is engineered to control the movement of the bucket in excavators, backhoe loaders, and front loaders. By enabling the bucket to lift, lower, and [&hellip;]<\/p>","protected":false},"featured_media":17869,"comment_status":"open","ping_status":"closed","template":"","meta":{"_et_pb_use_builder":"","_et_pb_old_content":"","_et_gb_content_width":""},"product_brand":[],"product_cat":[1546],"product_tag":[1547,1496],"class_list":{"0":"post-19470","1":"product","2":"type-product","3":"status-publish","4":"has-post-thumbnail","6":"product_cat-boom-cylinders","7":"product_tag-boom-cylinders","8":"product_tag-hydraulic-cylinders","10":"first","11":"instock","12":"shipping-taxable","13":"product-type-simple"},"amp_enabled":true,"_links":{"self":[{"href":"https:\/\/www.hydraulic-cylinders.net\/fr\/wp-json\/wp\/v2\/product\/19470","targetHints":{"allow":["GET"]}}],"collection":[{"href":"https:\/\/www.hydraulic-cylinders.net\/fr\/wp-json\/wp\/v2\/product"}],"about":[{"href":"https:\/\/www.hydraulic-cylinders.net\/fr\/wp-json\/wp\/v2\/types\/product"}],"replies":[{"embeddable":true,"href":"https:\/\/www.hydraulic-cylinders.net\/fr\/wp-json\/wp\/v2\/comments?post=19470"}],"wp:featuredmedia":[{"embeddable":true,"href":"https:\/\/www.hydraulic-cylinders.net\/fr\/wp-json\/wp\/v2\/media\/17869"}],"wp:attachment":[{"href":"https:\/\/www.hydraulic-cylinders.net\/fr\/wp-json\/wp\/v2\/media?parent=19470"}],"wp:term":[{"taxonomy":"product_brand","embeddable":true,"href":"https:\/\/www.hydraulic-cylinders.net\/fr\/wp-json\/wp\/v2\/product_brand?post=19470"},{"taxonomy":"product_cat","embeddable":true,"href":"https:\/\/www.hydraulic-cylinders.net\/fr\/wp-json\/wp\/v2\/product_cat?post=19470"},{"taxonomy":"product_tag","embeddable":true,"href":"https:\/\/www.hydraulic-cylinders.net\/fr\/wp-json\/wp\/v2\/product_tag?post=19470"}],"curies":[{"name":"wp","href":"https:\/\/api.w.org\/{rel}","templated":true}]}}