{"id":19481,"date":"2025-04-07T06:50:00","date_gmt":"2025-04-07T06:50:00","guid":{"rendered":"https:\/\/www.hydraulic-cylinders.net\/product\/boom-cylinder-for-jchi-ns09-7\/"},"modified":"2025-04-07T06:50:02","modified_gmt":"2025-04-07T06:50:02","slug":"boom-cylinder-for-jchi-ns09-7","status":"publish","type":"product","link":"https:\/\/www.hydraulic-cylinders.net\/fr\/produit\/boom-cylinder-for-jchi-ns09-7\/","title":{"rendered":"V\u00e9rin de fl\u00e8che pour JCHI NS09-7"},"content":{"rendered":"<h1>V\u00e9rin de fl\u00e8che pour JCHI NS09-7<\/h1>\n<h2>Pr\u00e9sentation du produit<\/h2>\n<p>Le v\u00e9rin de fl\u00e8che pour JCHI NS09-7 est un v\u00e9rin hydraulique sp\u00e9cialis\u00e9 con\u00e7u pour contr\u00f4ler les mouvements des godets d'engins de chantier. Ces v\u00e9rins sont des composants essentiels des syst\u00e8mes hydrauliques, permettant le levage, l'abaissement et l'inclinaison des godets utilis\u00e9s sur les pelles hydrauliques, les chargeuses-pelleteuses et les chargeuses frontales. Ils facilitent la manutention efficace des mat\u00e9riaux et sont indispensables aux op\u00e9rations exigeant des mouvements pr\u00e9cis et puissants.<\/p>\n<p><img decoding=\"async\" src=\"https:\/\/www.hydraulic-cylinders.net\/wp-content\/uploads\/2025\/04\/songte-company-1.webp\" alt=\"V\u00e9rin de fl\u00e8che\" \/><\/p>\n<h3>D\u00e9finition et fonction<\/h3>\n<p>Un v\u00e9rin de godet est un type de v\u00e9rin hydraulique con\u00e7u sp\u00e9cifiquement pour actionner le mouvement des godets des engins de chantier. Il utilise la pression d'un fluide hydraulique pour g\u00e9n\u00e9rer la force n\u00e9cessaire au godet et lui permettre d'effectuer diverses t\u00e2ches telles que le creusement, le levage et le d\u00e9versement de mat\u00e9riaux. La conception de ces v\u00e9rins leur permet de r\u00e9sister aux conditions difficiles des chantiers et des environnements agricoles, ce qui les rend indispensables aux professionnels de ces secteurs.<\/p>\n<h2>Caract\u00e9ristiques du v\u00e9rin de fl\u00e8che<\/h2>\n<ul>\n<li><strong>Haute r\u00e9sistance et durabilit\u00e9 :<\/strong> Fabriqu\u00e9s en acier ou en aluminium haute r\u00e9sistance, ils sont con\u00e7us pour supporter des pressions \u00e9lev\u00e9es et des charges importantes tout en r\u00e9sistant \u00e0 l'usure et \u00e0 la corrosion, prolongeant ainsi la dur\u00e9e de vie du cylindre.<\/li>\n<li><strong>Fonctionnement hydraulique efficace :<\/strong> Utilise la pression de l'huile hydraulique pour une extension et une r\u00e9traction en douceur, offrant des r\u00e9ponses rapides aux commandes et fournissant des forces de pouss\u00e9e et de traction importantes, adapt\u00e9es aux t\u00e2ches lourdes et complexes.<\/li>\n<li><strong>Types divers :<\/strong> Disponibles en version simple effet (utilisant la pression hydraulique dans un seul sens) ou double effet (utilisant la pression hydraulique dans les deux sens) pour r\u00e9pondre \u00e0 divers besoins op\u00e9rationnels ; certains mod\u00e8les sont t\u00e9lescopiques pour une port\u00e9e \u00e9tendue sans augmenter les dimensions externes.<\/li>\n<li><strong>Options personnalisables\u00a0:<\/strong> Nous pouvons fabriquer ce produit pour remplacer parfaitement les v\u00e9rins hydrauliques existants, garantissant ainsi la compatibilit\u00e9 et l'efficacit\u00e9 de vos machines.<\/li>\n<\/ul>\n<p><img decoding=\"async\" src=\"https:\/\/www.hydraulic-cylinders.net\/wp-content\/uploads\/2025\/04\/songte-cylinder-head-with-all-kinds-excavator-models.webp\" alt=\"Mod\u00e8les d&#039;excavatrices\" \/><\/p>\n<h2>Sc\u00e9narios d'application<\/h2>\n<h3>\u00c9quipement de construction :<\/h3>\n<p>Sur les excavatrices, les v\u00e9rins de fl\u00e8che sont essentiels pour l'excavation, le chargement et le d\u00e9placement de terre ou de d\u00e9bris. Ils permettent au godet de p\u00e9n\u00e9trer efficacement dans le sol, ce qui les rend indispensables sur les chantiers exigeant pr\u00e9cision et puissance. Le fonctionnement d'une chargeuse-pelleteuse est \u00e9galement optimis\u00e9 par le v\u00e9rin de godet, qui facilite les op\u00e9rations de creusement et de levage.<\/p>\n<h3>Machines agricoles :<\/h3>\n<p>Sur les chargeuses frontales, le v\u00e9rin de fl\u00e8che sert \u00e0 ramasser, soulever et transporter la terre, le foin et autres mat\u00e9riaux. La flexibilit\u00e9 de ces v\u00e9rins permet aux agriculteurs d'effectuer efficacement de multiples t\u00e2ches, am\u00e9liorant ainsi la productivit\u00e9 des exploitations agricoles.<\/p>\n<h3>Excavateurs:<\/h3>\n<p>Le v\u00e9rin du godet permet le creusement en permettant \u00e0 ce dernier de p\u00e9n\u00e9trer dans le sol, ce qui en fait un \u00e9l\u00e9ment essentiel des travaux d'excavation. Sa capacit\u00e9 \u00e0 fournir une force de levage importante est indispensable pour les applications exigeantes.<\/p>\n<h3>Chargeurs:<\/h3>\n<p>Sur les chargeuses frontales, les v\u00e9rins de fl\u00e8che facilitent le levage et le d\u00e9chargement des charges. Leur conception robuste leur permet de r\u00e9sister aux contraintes de la manutention, ce qui en fait un choix fiable pour diverses op\u00e9rations de chargement.<\/p>\n<h2>Consid\u00e9rations de conception et crit\u00e8res de s\u00e9lection<\/h2>\n<h3>Capacit\u00e9 de charge :<\/h3>\n<p>Lors du choix d'un v\u00e9rin de fl\u00e8che, il est essentiel de bien comprendre sa capacit\u00e9 de charge. Le v\u00e9rin doit pouvoir supporter le poids maximal pr\u00e9vu en fonctionnement afin d'\u00e9viter toute d\u00e9faillance et de garantir la s\u00e9curit\u00e9. Les ing\u00e9nieurs doivent calculer pr\u00e9cis\u00e9ment les charges requises et choisir un v\u00e9rin dont les caract\u00e9ristiques d\u00e9passent ces sp\u00e9cifications afin de pallier les contraintes impr\u00e9vues.<\/p>\n<h3>Scellage:<\/h3>\n<p>Une \u00e9tanch\u00e9it\u00e9 efficace est essentielle au maintien de la pression hydraulique et \u00e0 la pr\u00e9vention des fuites. Les joints de haute qualit\u00e9 doivent r\u00e9sister \u00e0 des conditions extr\u00eames et conserver leur int\u00e9grit\u00e9 dans le temps. Le choix des mat\u00e9riaux d'\u00e9tanch\u00e9it\u00e9, tels que le polyur\u00e9thane ou le caoutchouc nitrile, influe consid\u00e9rablement sur les performances et la dur\u00e9e de vie du syst\u00e8me hydraulique.<\/p>\n<h3>Durabilit\u00e9:<\/h3>\n<p>La durabilit\u00e9 est essentielle pour les v\u00e9rins hydrauliques, notamment en environnements difficiles. Les mat\u00e9riaux doivent r\u00e9sister \u00e0 l'usure et aux facteurs environnementaux tels que l'humidit\u00e9 et les substances corrosives. Un contr\u00f4le r\u00e9gulier de l'\u00e9tat des v\u00e9rins permet de pr\u00e9venir les d\u00e9faillances pr\u00e9matur\u00e9es et d'assurer un fonctionnement durable.<\/p>\n<h3>S\u00e9curit\u00e9:<\/h3>\n<p>La s\u00e9curit\u00e9 est primordiale dans les syst\u00e8mes hydrauliques. La mise en \u0153uvre de mesures de s\u00e9curit\u00e9, telles que les soupapes de d\u00e9charge et les verrous de s\u00e9curit\u00e9, garantit le fonctionnement de l'\u00e9quipement dans les param\u00e8tres pr\u00e9vus, r\u00e9duisant ainsi les risques d'accidents et de dommages mat\u00e9riels.<\/p>\n<h3>Entretien:<\/h3>\n<p>Les aspects li\u00e9s \u00e0 la maintenance doivent \u00eatre pris en compte d\u00e8s la conception. Des points d'acc\u00e8s pour la lubrification et les contr\u00f4les r\u00e9guliers doivent \u00eatre pr\u00e9vus afin de faciliter l'entretien, de garantir le bon fonctionnement des v\u00e9rins hydrauliques et de minimiser les temps d'arr\u00eat.<\/p>\n<p><img decoding=\"async\" src=\"https:\/\/www.hydraulic-cylinders.net\/wp-content\/uploads\/2025\/04\/songte-oil-pipes-and-spare-parts.webp\" alt=\"Conduites d&#039;huile et pi\u00e8ces de rechange\" \/><\/p>\n<h2>\u00c9tanch\u00e9it\u00e9 et lubrification<\/h2>\n<p>L'utilisation de divers composants d'\u00e9tanch\u00e9it\u00e9, tels que les joints de piston et les joints de tige, est essentielle au maintien du fonctionnement hydraulique. Les joints doivent \u00eatre fabriqu\u00e9s \u00e0 partir de mat\u00e9riaux durables comme le polyur\u00e9thane et le caoutchouc nitrile, capables de r\u00e9sister \u00e0 l'usure et \u00e0 la pression. Le corps du cylindre et les extr\u00e9mit\u00e9s filet\u00e9es doivent \u00eatre usin\u00e9s avec pr\u00e9cision afin d'am\u00e9liorer la r\u00e9sistance \u00e0 l'usure. Une lubrification r\u00e9guli\u00e8re avec le fluide hydraulique appropri\u00e9 est n\u00e9cessaire pour maintenir des performances optimales et pr\u00e9venir les probl\u00e8mes de fonctionnement.<\/p>\n<h2>Inspection r\u00e9guli\u00e8re et maintenance pr\u00e9ventive<\/h2>\n<ul>\n<li><strong>Contr\u00f4les r\u00e9guliers\u00a0:<\/strong> La mise en place d'un programme d'inspections r\u00e9guli\u00e8res pour d\u00e9tecter les signes d'usure, de fuite ou de dommages peut aider \u00e0 identifier les probl\u00e8mes avant qu'ils ne deviennent graves.<\/li>\n<li><strong>Lubrification appropri\u00e9e :<\/strong> Veillez \u00e0 ce que l'huile hydraulique soit compl\u00e9t\u00e9e et maintenue aux niveaux recommand\u00e9s pour assurer le bon fonctionnement du syst\u00e8me.<\/li>\n<li><strong>Remplacement du joint :<\/strong> Contr\u00f4lez r\u00e9guli\u00e8rement l'usure des joints et remplacez-les si n\u00e9cessaire afin de pr\u00e9venir les fuites et de maintenir l'int\u00e9grit\u00e9 du syst\u00e8me.<\/li>\n<\/ul>\n<h2>Directives d'installation<\/h2>\n<p>L'installation correcte du v\u00e9rin de fl\u00e8che est essentielle \u00e0 son bon fonctionnement. Commencez par vous assurer que toutes les surfaces de montage sont propres et exemptes de d\u00e9bris. Positionnez le v\u00e9rin avec pr\u00e9cision, en l'alignant avec le ch\u00e2ssis de la machine afin d'\u00e9viter tout probl\u00e8me d'alignement. Utilisez les supports de montage appropri\u00e9s pour fixer solidement le v\u00e9rin. Une fois install\u00e9, v\u00e9rifiez que toutes les conduites hydrauliques sont correctement raccord\u00e9es et qu'il n'y a pas de fuites. Enfin, effectuez un essai pour v\u00e9rifier que le v\u00e9rin fonctionne correctement et efficacement.<\/p>\n<h2>T\u00e2ches de maintenance<\/h2>\n<ul>\n<li><strong>Inspections r\u00e9guli\u00e8res :<\/strong> Effectuez des inspections fr\u00e9quentes pour identifier les probl\u00e8mes potentiels, en vous assurant que les joints et les connexions sont intacts et fonctionnels.<\/li>\n<li><strong>Lubrification ad\u00e9quate :<\/strong> Mettre en \u0153uvre un programme de lubrification conforme aux sp\u00e9cifications du fabricant, en veillant \u00e0 ce que l'huile hydraulique soit propre et \u00e0 un niveau appropri\u00e9.<\/li>\n<li><strong>Remplacement du joint :<\/strong> Surveillez l'\u00e9tat des joints et remplacez-les d\u00e8s que des signes d'usure sont d\u00e9tect\u00e9s afin de pr\u00e9venir les fuites et de maintenir l'efficacit\u00e9 op\u00e9rationnelle.<\/li>\n<\/ul>\n<h2>Consid\u00e9rations de s\u00e9curit\u00e9 et facteurs environnementaux<\/h2>\n<p>Il est essentiel de mettre en \u0153uvre des mesures de s\u00e9curit\u00e9 lors de l'utilisation de v\u00e9rins hydrauliques. Les op\u00e9rateurs doivent \u00eatre form\u00e9s aux bonnes pratiques et sensibilis\u00e9s aux risques potentiels li\u00e9s aux syst\u00e8mes hydrauliques. Des audits de s\u00e9curit\u00e9 r\u00e9guliers permettent d'identifier et d'att\u00e9nuer les risques, garantissant ainsi un environnement de travail s\u00fbr.<\/p>\n<h2>Diagnostic des pannes et probl\u00e8mes courants<\/h2>\n<ul>\n<li><strong>Fuites :<\/strong> Les fuites peuvent \u00eatre dues \u00e0 des joints us\u00e9s ou \u00e0 des tuyaux endommag\u00e9s. Inspectez r\u00e9guli\u00e8rement les joints et remplacez-les au besoin pour \u00e9viter les pertes de liquide.<\/li>\n<li><strong>Probl\u00e8mes de performance\u00a0:<\/strong> Si le v\u00e9rin ne se d\u00e9ploie ou ne se r\u00e9tracte pas correctement, v\u00e9rifiez s'il y a des obstructions ou un niveau d'huile hydraulique insuffisant.<\/li>\n<li><strong>Bruits inhabituels :<\/strong> Des bruits parasites pendant le fonctionnement peuvent indiquer des dommages internes ou un niveau de lubrification insuffisant. Une \u00e9valuation imm\u00e9diate est n\u00e9cessaire pour \u00e9viter d'autres dommages.<\/li>\n<\/ul>\n<p>Pour aider les lecteurs \u00e0 diagnostiquer et \u00e0 r\u00e9soudre efficacement les probl\u00e8mes, adoptez une approche proactive en mettant en \u0153uvre des mesures pr\u00e9ventives qui minimisent les probl\u00e8mes potentiels.<\/p>\n<p><img decoding=\"async\" src=\"https:\/\/www.hydraulic-cylinders.net\/wp-content\/uploads\/2025\/04\/songte-bushings-with-all-kinds-of-excavator-models.webp\" alt=\"Bagues avec mod\u00e8les d&#039;excavatrice\" \/><\/p>\n<h2>Pr\u00e9sentation de l'entreprise<\/h2>\n<p>Nous sommes un fabricant leader de v\u00e9rins hydrauliques de remplacement, offrant une large gamme de produits pour les march\u00e9s nationaux et internationaux. Notre engagement envers l'excellence repose sur une strat\u00e9gie de gestion de la production rigoureuse. Gr\u00e2ce \u00e0 des investissements dans du personnel technique qualifi\u00e9, des \u00e9quipements de fabrication num\u00e9rique de pointe et des syst\u00e8mes de contr\u00f4le professionnels, nous am\u00e9liorons constamment nos capacit\u00e9s de production. Notre priorit\u00e9 accord\u00e9e \u00e0 l'efficacit\u00e9, \u00e0 la pr\u00e9cision et \u00e0 la qualit\u00e9 nous permet de r\u00e9pondre aux besoins vari\u00e9s de nos clients.<\/p>\n<p><img decoding=\"async\" src=\"https:\/\/www.hydraulic-cylinders.net\/wp-content\/uploads\/2025\/04\/songte-company-4.webp\" alt=\"Pr\u00e9sentation de l&#039;entreprise 1\" \/><br \/>\n<img decoding=\"async\" src=\"https:\/\/www.hydraulic-cylinders.net\/wp-content\/uploads\/2025\/04\/songte-company-3.webp\" alt=\"Pr\u00e9sentation de l&#039;entreprise 2\" \/><\/p>\n<p>En conclusion, nous proposons des solutions expertes en fabrication de v\u00e9rins hydrauliques, assorties de certifications internationales et de services personnalis\u00e9s adapt\u00e9s \u00e0 vos besoins sp\u00e9cifiques. Nos \u00e9quipements de production de pointe et notre service apr\u00e8s-vente d\u00e9di\u00e9 confortent notre position de partenaire de confiance dans l'industrie des v\u00e9rins hydrauliques.<\/p>\n<p>Auteur : lyl<\/p>","protected":false},"excerpt":{"rendered":"<p>Boom Cylinder For JCHI NS09-7 Product Overview The Boom Cylinder for JCHI NS09-7 is a specialized hydraulic cylinder designed to control the movement of heavy machinery buckets. These cylinders are crucial components in hydraulic systems, enabling the lifting, lowering, and tilting of buckets used in excavators, backhoe loaders, and front-end loaders. They facilitate efficient material [&hellip;]<\/p>","protected":false},"featured_media":17880,"comment_status":"open","ping_status":"closed","template":"","meta":{"_et_pb_use_builder":"","_et_pb_old_content":"","_et_gb_content_width":""},"product_brand":[],"product_cat":[1546],"product_tag":[1547,1496],"class_list":{"0":"post-19481","1":"product","2":"type-product","3":"status-publish","4":"has-post-thumbnail","6":"product_cat-boom-cylinders","7":"product_tag-boom-cylinders","8":"product_tag-hydraulic-cylinders","10":"first","11":"instock","12":"shipping-taxable","13":"product-type-simple"},"amp_enabled":true,"_links":{"self":[{"href":"https:\/\/www.hydraulic-cylinders.net\/fr\/wp-json\/wp\/v2\/product\/19481","targetHints":{"allow":["GET"]}}],"collection":[{"href":"https:\/\/www.hydraulic-cylinders.net\/fr\/wp-json\/wp\/v2\/product"}],"about":[{"href":"https:\/\/www.hydraulic-cylinders.net\/fr\/wp-json\/wp\/v2\/types\/product"}],"replies":[{"embeddable":true,"href":"https:\/\/www.hydraulic-cylinders.net\/fr\/wp-json\/wp\/v2\/comments?post=19481"}],"wp:featuredmedia":[{"embeddable":true,"href":"https:\/\/www.hydraulic-cylinders.net\/fr\/wp-json\/wp\/v2\/media\/17880"}],"wp:attachment":[{"href":"https:\/\/www.hydraulic-cylinders.net\/fr\/wp-json\/wp\/v2\/media?parent=19481"}],"wp:term":[{"taxonomy":"product_brand","embeddable":true,"href":"https:\/\/www.hydraulic-cylinders.net\/fr\/wp-json\/wp\/v2\/product_brand?post=19481"},{"taxonomy":"product_cat","embeddable":true,"href":"https:\/\/www.hydraulic-cylinders.net\/fr\/wp-json\/wp\/v2\/product_cat?post=19481"},{"taxonomy":"product_tag","embeddable":true,"href":"https:\/\/www.hydraulic-cylinders.net\/fr\/wp-json\/wp\/v2\/product_tag?post=19481"}],"curies":[{"name":"wp","href":"https:\/\/api.w.org\/{rel}","templated":true}]}}