{"id":19519,"date":"2025-04-07T06:51:59","date_gmt":"2025-04-07T06:51:59","guid":{"rendered":"https:\/\/www.hydraulic-cylinders.net\/product\/boom-cylinder-for-carter-ct45-7b\/"},"modified":"2025-04-07T06:52:01","modified_gmt":"2025-04-07T06:52:01","slug":"boom-cylinder-for-carter-ct45-7b","status":"publish","type":"product","link":"https:\/\/www.hydraulic-cylinders.net\/fr\/produit\/boom-cylinder-for-carter-ct45-7b\/","title":{"rendered":"V\u00e9rin de fl\u00e8che pour Carter CT45-7B"},"content":{"rendered":"<h1>V\u00e9rin de fl\u00e8che pour Carter CT45-7B<\/h1>\n<h2>Introduction aux v\u00e9rins de fl\u00e8che<\/h2>\n<p>Le v\u00e9rin de fl\u00e8che est un v\u00e9rin hydraulique sp\u00e9cialis\u00e9 con\u00e7u pour contr\u00f4ler le mouvement des godets sur les engins de chantier tels que les pelles hydrauliques, les chargeuses-pelleteuses et les chargeuses frontales. Ce composant essentiel permet de lever, d'abaisser et d'incliner le godet, op\u00e9rations indispensables \u00e0 une manutention efficace des mat\u00e9riaux. Gr\u00e2ce \u00e0 la pression hydraulique, le v\u00e9rin de fl\u00e8che fournit la force n\u00e9cessaire \u00e0 des mouvements fluides et pr\u00e9cis, permettant aux op\u00e9rateurs d'effectuer diverses op\u00e9rations avec aisance. Sa conception et son fonctionnement jouent un r\u00f4le crucial dans la performance globale des syst\u00e8mes hydrauliques.<\/p>\n<p><img decoding=\"async\" src=\"https:\/\/www.hydraulic-cylinders.net\/wp-content\/uploads\/2025\/04\/songte-company-1.webp\" alt=\"V\u00e9rin de fl\u00e8che\" \/><\/p>\n<h2>Caract\u00e9ristiques du v\u00e9rin de fl\u00e8che<\/h2>\n<ul>\n<li><strong>Haute r\u00e9sistance et durabilit\u00e9 :<\/strong> Fabriqu\u00e9 en acier haute r\u00e9sistance ou en aluminium, le v\u00e9rin de fl\u00e8che est con\u00e7u pour r\u00e9sister \u00e0 des pressions et des charges \u00e9lev\u00e9es, ce qui le rend adapt\u00e9 aux environnements de travail difficiles. Sa conception prend en compte la r\u00e9sistance \u00e0 l'usure et la protection contre la corrosion, prolongeant ainsi sa dur\u00e9e de vie.<\/li>\n<li><strong>Fonctionnement hydraulique efficace :<\/strong> Utilisant la pression du fluide hydraulique, le v\u00e9rin de la fl\u00e8che assure un mouvement lin\u00e9aire fluide et r\u00e9actif, fournissant une force de pouss\u00e9e et de traction importante, id\u00e9ale pour manipuler des objets lourds et effectuer des t\u00e2ches complexes.<\/li>\n<li><strong>Types divers :<\/strong> Les v\u00e9rins de fl\u00e8che sont disponibles en versions simple effet (fonctionnant dans un seul sens) et double effet (fonctionnant dans les deux sens), r\u00e9pondant ainsi \u00e0 divers besoins op\u00e9rationnels. Certains mod\u00e8les sont t\u00e9lescopiques, permettant une plus grande extension sans augmenter les dimensions ext\u00e9rieures, ce qui est id\u00e9al pour les applications dans des espaces restreints.<\/li>\n<li><strong>Fabrication sur mesure :<\/strong> Nous sommes en mesure de fabriquer ce produit avec pr\u00e9cision, garantissant ainsi que nos v\u00e9rins hydrauliques peuvent parfaitement remplacer les mod\u00e8les existants et r\u00e9pondre aux besoins sp\u00e9cifiques de nos clients.<\/li>\n<li><strong>Assistance compl\u00e8te\u00a0:<\/strong> Nos produits sont assortis d'un service client performant afin de garantir des performances optimales et une longue dur\u00e9e de vie.<\/li>\n<\/ul>\n<p><img decoding=\"async\" src=\"https:\/\/www.hydraulic-cylinders.net\/wp-content\/uploads\/2025\/04\/songte-cylinder-head-with-all-kinds-excavator-models.webp\" alt=\"Culasse hydraulique\" \/><\/p>\n<h2>Applications du v\u00e9rin de fl\u00e8che<\/h2>\n<h3>\u00c9quipement de construction<\/h3>\n<p>Sur les engins de chantier, comme les pelles hydrauliques, les v\u00e9rins de fl\u00e8che sont essentiels pour creuser, charger et d\u00e9placer la terre ou les d\u00e9bris. La pression hydraulique g\u00e9n\u00e9r\u00e9e permet un contr\u00f4le pr\u00e9cis des mouvements du godet, facilitant ainsi l'ex\u00e9cution efficace des travaux les plus exigeants. Les chargeuses-pelleteuses utilisent les v\u00e9rins de fl\u00e8che non seulement pour l'excavation, mais aussi pour le levage et le repositionnement des mat\u00e9riaux, ce qui am\u00e9liore la productivit\u00e9 globale.<\/p>\n<h3>machines agricoles<\/h3>\n<p>En milieu agricole, les chargeuses frontales \u00e9quip\u00e9es de v\u00e9rins de fl\u00e8che servent \u00e0 pelleter, soulever et transporter la terre, le foin et autres mat\u00e9riaux. L'efficacit\u00e9 de ces v\u00e9rins permet d'effectuer rapidement des t\u00e2ches comme le chargement de c\u00e9r\u00e9ales ou le transport d'aliments pour animaux, contribuant ainsi \u00e0 une meilleure productivit\u00e9 et efficacit\u00e9 de l'exploitation.<\/p>\n<h3>Excavateurs<\/h3>\n<p>Les excavatrices d\u00e9pendent fortement des v\u00e9rins de fl\u00e8che pour effectuer les travaux d'excavation. Le syst\u00e8me hydraulique permet au godet de p\u00e9n\u00e9trer efficacement dans le sol, assurant ainsi une excavation rapide de la terre et d'autres mat\u00e9riaux. La pr\u00e9cision et la puissance fournies par ces v\u00e9rins sont essentielles pour mener \u00e0 bien les projets dans les d\u00e9lais impartis, am\u00e9liorant ainsi la productivit\u00e9 du chantier.<\/p>\n<h3>Chargeurs<\/h3>\n<p>Sur les chargeuses frontales, les v\u00e9rins de fl\u00e8che facilitent le levage et le d\u00e9chargement des charges. Cette fonction est essentielle pour les travaux de construction et de manutention, garantissant un d\u00e9placement efficace et s\u00fbr des mat\u00e9riaux. L'efficacit\u00e9 des v\u00e9rins de fl\u00e8che des chargeuses est primordiale pour les op\u00e9rations dans divers secteurs, notamment la construction et la gestion des d\u00e9chets.<\/p>\n<h2>Consid\u00e9rations de conception et crit\u00e8res de s\u00e9lection<\/h2>\n<ul>\n<li><strong>Capacit\u00e9 de charge :<\/strong> La capacit\u00e9 de charge du v\u00e9rin de fl\u00e8che est un facteur essentiel de sa conception. Il doit pouvoir supporter le poids maximal pr\u00e9vu en fonctionnement sans risque de d\u00e9faillance. Cela exige une ing\u00e9nierie rigoureuse afin de garantir que les mat\u00e9riaux et les techniques de construction r\u00e9pondent aux exigences des applications sp\u00e9cifiques.<\/li>\n<li><strong>Scellage:<\/strong> Une \u00e9tanch\u00e9it\u00e9 parfaite est essentielle pour maintenir la pression hydraulique et pr\u00e9venir les fuites. La conception doit int\u00e9grer des joints de haute qualit\u00e9, tels que les joints de piston et les joints de tige, fabriqu\u00e9s \u00e0 partir de mat\u00e9riaux durables comme le polyur\u00e9thane ou le caoutchouc nitrile. Ces joints prot\u00e8gent contre la contamination et prolongent la dur\u00e9e de vie du syst\u00e8me hydraulique.<\/li>\n<li><strong>Durabilit\u00e9:<\/strong> La dur\u00e9e de vie du v\u00e9rin de fl\u00e8che d\u00e9pend des mat\u00e9riaux utilis\u00e9s et de la qualit\u00e9 de fabrication. Il est essentiel de choisir des composants r\u00e9sistants \u00e0 l'usure et aux intemp\u00e9ries afin de garantir un fonctionnement fiable m\u00eame dans des conditions exigeantes.<\/li>\n<li><strong>S\u00e9curit\u00e9:<\/strong> Des dispositifs de s\u00e9curit\u00e9 doivent \u00eatre int\u00e9gr\u00e9s \u00e0 la conception afin de pr\u00e9venir les d\u00e9faillances catastrophiques. Il s'agit notamment de s'assurer que le v\u00e9rin peut supporter des charges impr\u00e9vues et que des m\u00e9canismes de s\u00e9curit\u00e9 sont en place pour prot\u00e9ger les op\u00e9rateurs pendant son utilisation.<\/li>\n<li><strong>Accessibilit\u00e9 de la maintenance :<\/strong> La conception doit faciliter l'entretien et l'inspection. Des \u00e9l\u00e9ments tels que des embouts amovibles ou des orifices d'acc\u00e8s peuvent simplifier les contr\u00f4les et les r\u00e9parations de routine, garantissant ainsi le fonctionnement optimal du cylindre.<\/li>\n<\/ul>\n<p><img decoding=\"async\" src=\"https:\/\/www.hydraulic-cylinders.net\/wp-content\/uploads\/2025\/04\/songte-oil-pipes-and-spare-parts.webp\" alt=\"Tuyaux d&#039;huile hydraulique et pi\u00e8ces de rechange\" \/><\/p>\n<h2>\u00c9tanch\u00e9it\u00e9 et lubrification des v\u00e9rins de fl\u00e8che<\/h2>\n<p>L'\u00e9tanch\u00e9it\u00e9 et la lubrification efficaces sont essentielles au bon fonctionnement et \u00e0 la long\u00e9vit\u00e9 des v\u00e9rins de fl\u00e8che. Diff\u00e9rents composants d'\u00e9tanch\u00e9it\u00e9, notamment les joints de piston et de tige, jouent un r\u00f4le crucial dans le maintien de la pression hydraulique. Les joints sont g\u00e9n\u00e9ralement fabriqu\u00e9s \u00e0 partir de mat\u00e9riaux r\u00e9sistants \u00e0 l'usure tels que le polyur\u00e9thane et le caoutchouc nitrile, offrant une excellente durabilit\u00e9 et une protection optimale contre les intemp\u00e9ries. De plus, le corps du v\u00e9rin et ses extr\u00e9mit\u00e9s filet\u00e9es font l'objet d'un usinage de pr\u00e9cision afin d'am\u00e9liorer la r\u00e9sistance \u00e0 l'usure et de garantir une \u00e9tanch\u00e9it\u00e9 parfaite.<\/p>\n<p>Une lubrification r\u00e9guli\u00e8re est n\u00e9cessaire pour minimiser les frottements et l'usure au sein du syst\u00e8me hydraulique. Il est essentiel de remplir p\u00e9riodiquement le v\u00e9rin avec l'huile hydraulique appropri\u00e9e afin de maintenir des performances optimales. N\u00e9gliger la lubrification peut entra\u00eener une usure pr\u00e9matur\u00e9e et une panne, engendrant des r\u00e9parations co\u00fbteuses et des temps d'arr\u00eat.<\/p>\n<h2>Inspection r\u00e9guli\u00e8re et maintenance pr\u00e9ventive<\/h2>\n<ul>\n<li><strong>Inspections r\u00e9guli\u00e8res :<\/strong> Des inspections r\u00e9guli\u00e8res doivent \u00eatre effectu\u00e9es afin de d\u00e9tecter tout signe d'usure, de fuite ou de dommage. La d\u00e9tection pr\u00e9coce des probl\u00e8mes permet d'effectuer les r\u00e9parations rapidement et garantit la s\u00e9curit\u00e9 d'utilisation.<\/li>\n<li><strong>Lubrification appropri\u00e9e :<\/strong> La lubrification doit \u00eatre effectu\u00e9e conform\u00e9ment aux recommandations du fabricant. Veiller \u00e0 ce que l'huile hydraulique soit propre et au niveau appropri\u00e9 pr\u00e9viendra les probl\u00e8mes de fonctionnement et prolongera la dur\u00e9e de vie du v\u00e9rin.<\/li>\n<li><strong>Remplacement du joint :<\/strong> Les joints doivent \u00eatre remplac\u00e9s d\u00e8s l'apparition de signes d'usure. Des joints en bon \u00e9tat sont essentiels au bon fonctionnement du syst\u00e8me hydraulique\u00a0: ils pr\u00e9viennent les fuites d'huile et maintiennent la pression.<\/li>\n<\/ul>\n<h2>Consignes d'installation pour les v\u00e9rins de fl\u00e8che<\/h2>\n<p>Une installation correcte des v\u00e9rins de fl\u00e8che est essentielle pour un fonctionnement optimal. Lors de l'installation, assurez-vous que le v\u00e9rin est correctement align\u00e9\u00a0; un mauvais alignement peut entra\u00eener une usure pr\u00e9matur\u00e9e et une panne. Il est recommand\u00e9 d'utiliser des supports de fixation appropri\u00e9s pour maintenir le v\u00e9rin en place et \u00e9viter tout mouvement ou vibration susceptible de l'endommager.<\/p>\n<p>Lors de l'installation, veillez scrupuleusement au respect des couples de serrage afin d'\u00e9viter un serrage excessif, qui pourrait compromettre l'int\u00e9grit\u00e9 du v\u00e9rin. Assurez-vous que tous les raccords hydrauliques sont bien serr\u00e9s et \u00e9tanches, et v\u00e9rifiez le niveau d'huile hydraulique avant utilisation. Le respect des consignes d'installation du fabricant contribuera \u00e0 optimiser la dur\u00e9e de vie et l'efficacit\u00e9 du v\u00e9rin de fl\u00e8che.<\/p>\n<h2>T\u00e2ches d'entretien des v\u00e9rins de fl\u00e8che<\/h2>\n<ul>\n<li><strong>Surveillance r\u00e9guli\u00e8re :<\/strong> Effectuez des contr\u00f4les r\u00e9guliers du syst\u00e8me hydraulique et du v\u00e9rin afin de d\u00e9tecter tout signe d'usure, de fuite ou de dommage. Identifiez et r\u00e9solvez rapidement les probl\u00e8mes pour \u00e9viter toute complication ult\u00e9rieure.<\/li>\n<li><strong>Lubrification ad\u00e9quate :<\/strong> Respectez les intervalles de lubrification appropri\u00e9s et veillez \u00e0 utiliser une huile hydraulique de haute qualit\u00e9. Une lubrification r\u00e9guli\u00e8re r\u00e9duit la friction et l'usure, am\u00e9liorant ainsi les performances des composants hydrauliques.<\/li>\n<li><strong>Remplacement du joint :<\/strong> Surveillez l'\u00e9tat des joints et remplacez-les si n\u00e9cessaire afin de pr\u00e9venir les fuites et de maintenir la pression hydraulique. Ceci est essentiel pour pr\u00e9server l'efficacit\u00e9 du v\u00e9rin.<\/li>\n<\/ul>\n<h2>Consid\u00e9rations de s\u00e9curit\u00e9 et facteurs environnementaux<\/h2>\n<p>La s\u00e9curit\u00e9 est primordiale lors de la manipulation de syst\u00e8mes hydrauliques. Les op\u00e9rateurs doivent \u00eatre form\u00e9s aux risques li\u00e9s aux machines hydrauliques, notamment aux risques de d\u00e9pressurisation soudaine ou de fuites. La mise en \u0153uvre de protocoles de s\u00e9curit\u00e9 appropri\u00e9s, tels que le port d'\u00e9quipements de protection individuelle (EPI) et une formation ad\u00e9quate, contribue \u00e0 att\u00e9nuer ces risques.<\/p>\n<p>Il convient \u00e9galement de tenir compte des consid\u00e9rations environnementales. La manipulation et l'\u00e9limination appropri\u00e9es des fluides hydrauliques permettent de minimiser l'impact environnemental et de se conformer \u00e0 la r\u00e9glementation. Un entretien r\u00e9gulier et des r\u00e9parations rapides sont essentiels pour garantir la s\u00e9curit\u00e9 d'exploitation dans diverses conditions environnementales.<\/p>\n<h2>D\u00e9pannage des probl\u00e8mes courants<\/h2>\n<ul>\n<li><strong>Fuites hydrauliques :<\/strong> Les fuites peuvent provenir de joints us\u00e9s ou de tuyaux endommag\u00e9s. Inspectez et remplacez rapidement toute pi\u00e8ce endommag\u00e9e.<\/li>\n<li><strong>Perte de puissance :<\/strong> Si le v\u00e9rin ne fonctionne pas avec une force suffisante, v\u00e9rifiez le niveau d'huile hydraulique et l'absence d'obstructions potentielles dans les conduites hydrauliques.<\/li>\n<li><strong>Mouvement incoh\u00e9rent :<\/strong> Cela peut \u00eatre d\u00fb \u00e0 la pr\u00e9sence d'air dans le circuit hydraulique ou \u00e0 une lubrification insuffisante. Purgez le circuit hydraulique pour \u00e9liminer l'air emprisonn\u00e9 et assurez-vous d'un niveau de lubrification ad\u00e9quat.<\/li>\n<\/ul>\n<h2>Conseils pour une r\u00e9solution de probl\u00e8mes efficace<\/h2>\n<p>Pour diagnostiquer et r\u00e9soudre efficacement les probl\u00e8mes hydrauliques, commencez toujours par une inspection approfondie. Recherchez les signes visibles d'usure, les fuites ou les obstructions dans le syst\u00e8me. Un entretien r\u00e9gulier est essentiel pour pr\u00e9venir les probl\u00e8mes avant qu'ils ne s'aggravent. La tenue d'un registre des interventions et des observations permet d'identifier les tendances et les probl\u00e8mes r\u00e9currents.<\/p>\n<p>La mise en \u0153uvre de mesures pr\u00e9ventives, telles que des inspections r\u00e9guli\u00e8res et des r\u00e9parations effectu\u00e9es en temps opportun, minimise les temps d'arr\u00eat et garantit le bon fonctionnement des syst\u00e8mes hydrauliques. Consultez toujours les instructions du fabricant pour obtenir des conseils de d\u00e9pannage sp\u00e9cifiques et les bonnes pratiques recommand\u00e9es.<\/p>\n<p><img decoding=\"async\" src=\"https:\/\/www.hydraulic-cylinders.net\/wp-content\/uploads\/2025\/04\/songte-bushings-with-all-kinds-of-excavator-models.webp\" alt=\"Bagues pour mod\u00e8les d&#039;excavatrices\" \/><\/p>\n<h2>\u00c0 propos de notre entreprise<\/h2>\n<p>Nous sommes sp\u00e9cialis\u00e9s dans la fabrication de v\u00e9rins hydrauliques de remplacement et nous nous sommes impos\u00e9s comme un fabricant et distributeur de premier plan sur les march\u00e9s nationaux et internationaux. Notre engagement envers l'excellence se traduit par des strat\u00e9gies de gestion de la production rigoureuses et l'utilisation de technologies de pointe et de machines haut de gamme.<\/p>\n<p>Gr\u00e2ce \u00e0 une \u00e9quipe de professionnels qualifi\u00e9s et \u00e0 notre engagement constant envers la qualit\u00e9, nous am\u00e9liorons sans cesse notre plateforme de production afin de r\u00e9pondre aux besoins vari\u00e9s de nos clients. Nos certifications internationales et nos services personnalis\u00e9s renforcent notre r\u00e9putation dans le secteur, nous permettant ainsi de satisfaire pleinement nos clients et m\u00eame de d\u00e9passer leurs attentes.<\/p>\n<p>Nous sommes fiers de fournir un haut niveau d'efficacit\u00e9, de pr\u00e9cision et de qualit\u00e9 dans chacun de nos produits, garantissant ainsi \u00e0 nos clients les meilleures solutions hydrauliques disponibles.<\/p>\n<p><img decoding=\"async\" src=\"https:\/\/www.hydraulic-cylinders.net\/wp-content\/uploads\/2025\/04\/songte-company-4.webp\" alt=\"Pr\u00e9sentation de l&#039;entreprise\" \/><br \/>\n<img decoding=\"async\" src=\"https:\/\/www.hydraulic-cylinders.net\/wp-content\/uploads\/2025\/04\/songte-company-3.webp\" alt=\"Production de l&#039;entreprise\" \/><\/p>\n<p>Auteur : lyl<\/p>","protected":false},"excerpt":{"rendered":"<p>Boom Cylinder For Carter CT45-7B Introduction to Boom Cylinders The Boom Cylinder is a specialized hydraulic cylinder designed for controlling the motion of buckets in heavy machinery such as excavators, backhoe loaders, and front-end loaders. This vital component enables the lifting, lowering, and tilting of the bucket, which is essential for efficient material handling tasks. [&hellip;]<\/p>","protected":false},"featured_media":17872,"comment_status":"open","ping_status":"closed","template":"","meta":{"_et_pb_use_builder":"","_et_pb_old_content":"","_et_gb_content_width":""},"product_brand":[],"product_cat":[1546],"product_tag":[1547,1496],"class_list":{"0":"post-19519","1":"product","2":"type-product","3":"status-publish","4":"has-post-thumbnail","6":"product_cat-boom-cylinders","7":"product_tag-boom-cylinders","8":"product_tag-hydraulic-cylinders","10":"first","11":"instock","12":"shipping-taxable","13":"product-type-simple"},"amp_enabled":true,"_links":{"self":[{"href":"https:\/\/www.hydraulic-cylinders.net\/fr\/wp-json\/wp\/v2\/product\/19519","targetHints":{"allow":["GET"]}}],"collection":[{"href":"https:\/\/www.hydraulic-cylinders.net\/fr\/wp-json\/wp\/v2\/product"}],"about":[{"href":"https:\/\/www.hydraulic-cylinders.net\/fr\/wp-json\/wp\/v2\/types\/product"}],"replies":[{"embeddable":true,"href":"https:\/\/www.hydraulic-cylinders.net\/fr\/wp-json\/wp\/v2\/comments?post=19519"}],"wp:featuredmedia":[{"embeddable":true,"href":"https:\/\/www.hydraulic-cylinders.net\/fr\/wp-json\/wp\/v2\/media\/17872"}],"wp:attachment":[{"href":"https:\/\/www.hydraulic-cylinders.net\/fr\/wp-json\/wp\/v2\/media?parent=19519"}],"wp:term":[{"taxonomy":"product_brand","embeddable":true,"href":"https:\/\/www.hydraulic-cylinders.net\/fr\/wp-json\/wp\/v2\/product_brand?post=19519"},{"taxonomy":"product_cat","embeddable":true,"href":"https:\/\/www.hydraulic-cylinders.net\/fr\/wp-json\/wp\/v2\/product_cat?post=19519"},{"taxonomy":"product_tag","embeddable":true,"href":"https:\/\/www.hydraulic-cylinders.net\/fr\/wp-json\/wp\/v2\/product_tag?post=19519"}],"curies":[{"name":"wp","href":"https:\/\/api.w.org\/{rel}","templated":true}]}}