{"id":19533,"date":"2025-04-07T06:53:08","date_gmt":"2025-04-07T06:53:08","guid":{"rendered":"https:\/\/www.hydraulic-cylinders.net\/product\/boom-cylinder-for-kym-ky105a\/"},"modified":"2025-04-07T06:53:11","modified_gmt":"2025-04-07T06:53:11","slug":"boom-cylinder-for-kym-ky105a","status":"publish","type":"product","link":"https:\/\/www.hydraulic-cylinders.net\/fr\/produit\/boom-cylinder-for-kym-ky105a\/","title":{"rendered":"V\u00e9rin de fl\u00e8che pour KYM KY105A"},"content":{"rendered":"<h1>V\u00e9rin de fl\u00e8che pour KYM KY105A<\/h1>\n<h2>Pr\u00e9sentation du produit<\/h2>\n<p>Le v\u00e9rin de fl\u00e8che pour KYM KY105A est un composant essentiel des syst\u00e8mes hydrauliques, con\u00e7u sp\u00e9cifiquement pour commander les mouvements des godets des engins de chantier tels que les pelles hydrauliques, les chargeuses-pelleteuses et les chargeuses frontales. Ce v\u00e9rin hydraulique permet de lever, d'abaisser et d'incliner le godet, facilitant ainsi les op\u00e9rations de manutention. Le v\u00e9rin de fl\u00e8che est un type de v\u00e9rin hydraulique fonctionnant gr\u00e2ce \u00e0 un fluide hydraulique sous pression, convertissant l'\u00e9nergie hydraulique en \u00e9nergie m\u00e9canique pour r\u00e9aliser diff\u00e9rents mouvements.<\/p>\n<p><img decoding=\"async\" src=\"https:\/\/www.hydraulic-cylinders.net\/wp-content\/uploads\/2025\/04\/songte-company-1.webp\" alt=\"V\u00e9rin de fl\u00e8che\" \/><\/p>\n<h2>Caract\u00e9ristiques du v\u00e9rin de fl\u00e8che<\/h2>\n<ul>\n<li>\n<h3>Haute r\u00e9sistance et durabilit\u00e9<\/h3>\n<p>Fabriqu\u00e9 g\u00e9n\u00e9ralement en acier ou en aluminium \u00e0 haute r\u00e9sistance, le v\u00e9rin de fl\u00e8che peut supporter une pression \u00e9lev\u00e9e et des charges importantes, et est con\u00e7u pour s'adapter aux environnements de travail difficiles, am\u00e9liorant ainsi la r\u00e9sistance \u00e0 l'usure et \u00e0 la corrosion pour une dur\u00e9e de vie prolong\u00e9e.<\/li>\n<li>\n<h3>Fonctionnement hydraulique efficace<\/h3>\n<p>Le v\u00e9rin utilise la pression de l'huile hydraulique pour assurer une extension et une r\u00e9traction fluides, r\u00e9pondant rapidement aux commandes et fournissant une force de pouss\u00e9e et de traction puissante, ce qui le rend adapt\u00e9 aux op\u00e9rations lourdes et complexes.<\/li>\n<li>\n<h3>Divers types<\/h3>\n<p>Disponibles en configurations \u00e0 simple effet (fonctionnant dans un seul sens) et \u00e0 double effet (fonctionnant dans les deux sens), certains mod\u00e8les pr\u00e9sentent des conceptions t\u00e9lescopiques qui permettent une plus grande extension sans augmenter les dimensions externes, id\u00e9ales pour les applications o\u00f9 l'espace est limit\u00e9.<\/li>\n<li>\n<h3>Fabrication sur mesure<\/h3>\n<p>Nos produits peuvent parfaitement remplacer diff\u00e9rents v\u00e9rins hydrauliques, garantissant compatibilit\u00e9 et performance.<\/li>\n<\/ul>\n<p><img decoding=\"async\" src=\"https:\/\/www.hydraulic-cylinders.net\/wp-content\/uploads\/2025\/04\/songte-cylinder-head-with-all-kinds-excavator-models.webp\" alt=\"Mod\u00e8les de v\u00e9rins hydrauliques\" \/><\/p>\n<h2>Sc\u00e9narios d'application<\/h2>\n<ul>\n<li>\n<h3>\u00c9quipement de construction<\/h3>\n<p>Sur les excavatrices, les v\u00e9rins de fl\u00e8che sont indispensables pour creuser, charger et d\u00e9placer la terre ou les d\u00e9bris. Ils facilitent le creusement en permettant au godet de p\u00e9n\u00e9trer dans le sol, ce qui les rend essentiels pour les travaux de construction. Sur les chargeuses-pelleteuses, le v\u00e9rin de fl\u00e8che participe aux op\u00e9rations d'excavation et de levage, am\u00e9liorant ainsi la productivit\u00e9.<\/h3>\n<\/li>\n<li>\n<h3>machines agricoles<\/h3>\n<p>Sur les chargeuses frontales, les v\u00e9rins de fl\u00e8che servent \u00e0 ramasser, soulever et transporter la terre, le foin et autres mat\u00e9riaux. Leur fonctionnement fiable garantit un transport efficace des produits agricoles, ce qui les rend indispensables aux activit\u00e9s agricoles.<\/h3>\n<\/li>\n<li>\n<h3>Excavateurs<\/h3>\n<p>Le v\u00e9rin de fl\u00e8che permet au godet de p\u00e9n\u00e9trer facilement dans le sol, facilitant ainsi les op\u00e9rations de creusement. Cette capacit\u00e9 est essentielle pour divers projets d'excavation, notamment l'am\u00e9nagement paysager, le creusement de tranch\u00e9es et la pr\u00e9paration de terrains.<\/h3>\n<\/li>\n<li>\n<h3>Chargeurs<\/h3>\n<p>Sur les chargeuses frontales, les v\u00e9rins de fl\u00e8che permettent de lever et de d\u00e9charger efficacement les charges, contribuant ainsi \u00e0 la fluidit\u00e9 des op\u00e9rations de manutention. Leur capacit\u00e9 \u00e0 contr\u00f4ler le mouvement du godet est essentielle pour diverses t\u00e2ches de chargement.<\/h3>\n<\/li>\n<\/ul>\n<h2>Consid\u00e9rations de conception et crit\u00e8res de s\u00e9lection<\/h2>\n<ul>\n<li>\n<h3>Capacit\u00e9 de charge<\/h3>\n<p>Le v\u00e9rin de fl\u00e8che doit \u00eatre con\u00e7u pour supporter la charge pr\u00e9vue sans d\u00e9faillance. L'\u00e9valuation du poids et du type de mat\u00e9riaux manipul\u00e9s est essentielle pour d\u00e9terminer la taille et la r\u00e9sistance appropri\u00e9es du v\u00e9rin. Des capacit\u00e9s de charge plus \u00e9lev\u00e9es garantissent le bon fonctionnement de l'\u00e9quipement dans des conditions exigeantes, am\u00e9liorant ainsi la s\u00e9curit\u00e9 et la fiabilit\u00e9.<\/h3>\n<\/li>\n<li>\n<h3>Caract\u00e9ristiques d'\u00e9tanch\u00e9it\u00e9<\/h3>\n<p>Une \u00e9tanch\u00e9it\u00e9 efficace est essentielle pour pr\u00e9venir les fuites d'huile hydraulique, qui peuvent entra\u00eener une baisse d'efficacit\u00e9 et des dommages potentiels. Le choix des joints, tels que les joints de piston et les joints de tige, joue un r\u00f4le important dans le maintien de la pression hydraulique et le bon fonctionnement du syst\u00e8me.<\/h3>\n<\/li>\n<li>\n<h3>Durabilit\u00e9<\/h3>\n<p>La durabilit\u00e9 est un facteur essentiel, car les v\u00e9rins de fl\u00e8che sont soumis \u00e0 des conditions difficiles. Les mat\u00e9riaux doivent r\u00e9sister \u00e0 l'usure, \u00e0 la corrosion et \u00e0 la fatigue pour garantir des performances optimales sur le long terme. Un entretien r\u00e9gulier permet d'am\u00e9liorer encore leur durabilit\u00e9 et d'allonger leur dur\u00e9e de vie.<\/h3>\n<\/li>\n<li>\n<h3>Caract\u00e9ristiques de s\u00e9curit\u00e9<\/h3>\n<p>L'int\u00e9gration de dispositifs de s\u00e9curit\u00e9, tels que la protection contre les surcharges et les m\u00e9canismes d'arr\u00eat d'urgence, est essentielle pour pr\u00e9venir les accidents en cours d'utilisation. Le respect des normes de s\u00e9curit\u00e9 lors de la conception contribue \u00e0 prot\u00e9ger les op\u00e9rateurs et les \u00e9quipements, et favorise un environnement de travail plus s\u00fbr.<\/h3>\n<\/li>\n<li>\n<h3>Facilit\u00e9 d'entretien<\/h3>\n<p>Une conception facilitant l'acc\u00e8s aux composants cl\u00e9s simplifie les contr\u00f4les et les r\u00e9parations d'entretien r\u00e9guliers. Ce facteur peut r\u00e9duire consid\u00e9rablement les temps d'arr\u00eat et les co\u00fbts d'exploitation, car des v\u00e9rins bien entretenus ont tendance \u00e0 \u00eatre plus performants et \u00e0 durer plus longtemps.<\/h3>\n<\/li>\n<\/ul>\n<p><img decoding=\"async\" src=\"https:\/\/www.hydraulic-cylinders.net\/wp-content\/uploads\/2025\/04\/songte-oil-pipes-and-spare-parts.webp\" alt=\"Pi\u00e8ces hydrauliques\" \/><\/p>\n<h2>\u00c9tanch\u00e9it\u00e9 et lubrification<\/h2>\n<p>Pour garantir des performances optimales, l'utilisation de divers composants d'\u00e9tanch\u00e9it\u00e9 est essentielle, notamment les joints de piston, les joints de tige et autres \u00e9l\u00e9ments d'\u00e9tanch\u00e9it\u00e9. Les joints fabriqu\u00e9s \u00e0 partir de mat\u00e9riaux durables tels que le polyur\u00e9thane et le caoutchouc nitrile am\u00e9liorent la r\u00e9sistance \u00e0 l'usure, r\u00e9duisant ainsi le risque de fuites. De plus, le corps du v\u00e9rin et ses extr\u00e9mit\u00e9s filet\u00e9es doivent subir un traitement de pr\u00e9cision pour optimiser leur r\u00e9sistance \u00e0 l'usure. Une lubrification r\u00e9guli\u00e8re \u00e0 l'huile hydraulique est indispensable au bon fonctionnement du syst\u00e8me, minimisant ainsi les frottements et l'usure des pi\u00e8ces mobiles. Le respect des intervalles de lubrification pr\u00e9vus contribue \u00e0 assurer le bon fonctionnement du syst\u00e8me hydraulique et prolonge la dur\u00e9e de vie du v\u00e9rin de fl\u00e8che et des composants associ\u00e9s.<\/p>\n<h2>Mesures d'inspection r\u00e9guli\u00e8re et de maintenance pr\u00e9ventive<\/h2>\n<ul>\n<li>\n<h3>Inspections de routine<\/h3>\n<p>L'inspection r\u00e9guli\u00e8re du v\u00e9rin de fl\u00e8che est essentielle pour d\u00e9tecter rapidement tout signe d'usure, de fuite ou de dommage. Le contr\u00f4le des joints, des flexibles et des raccords contribue \u00e0 maintenir des performances optimales et \u00e0 pr\u00e9venir les pannes impr\u00e9vues.<\/h3>\n<\/li>\n<li>\n<h3>Lubrification appropri\u00e9e<\/h3>\n<p>Un graissage r\u00e9gulier et ad\u00e9quat du v\u00e9rin hydraulique est essentiel \u00e0 son bon fonctionnement. L'utilisation d'une huile hydraulique appropri\u00e9e et le maintien d'un niveau d'huile optimal pr\u00e9viennent la surchauffe et l'usure, assurant ainsi la long\u00e9vit\u00e9 de l'\u00e9quipement.<\/h3>\n<\/li>\n<li>\n<h3>Remplacement du joint<\/h3>\n<p>Le contr\u00f4le et le remplacement r\u00e9guliers des joints sont essentiels au maintien de la pression hydraulique et \u00e0 la pr\u00e9vention des fuites. Les joints us\u00e9s ou endommag\u00e9s doivent \u00eatre remplac\u00e9s imm\u00e9diatement afin de garantir la fiabilit\u00e9 du syst\u00e8me hydraulique.<\/h3>\n<\/li>\n<\/ul>\n<h2>Directives d'installation<\/h2>\n<p>Une installation correcte du v\u00e9rin de fl\u00e8che est essentielle \u00e0 son bon fonctionnement. Commencez par vous assurer que les surfaces de montage sont propres et exemptes de d\u00e9bris. Alignez correctement le v\u00e9rin afin d'\u00e9viter tout d\u00e9salignement, qui pourrait entra\u00eener une usure pr\u00e9matur\u00e9e ou une panne. Utilisez les supports de montage appropri\u00e9s pour fixer le v\u00e9rin et garantir sa stabilit\u00e9 pendant le fonctionnement. Apr\u00e8s l'installation, v\u00e9rifiez l'\u00e9tanch\u00e9it\u00e9 des raccords hydrauliques et assurez-vous que les niveaux d'huile hydraulique sont ad\u00e9quats. Calibrez le syst\u00e8me conform\u00e9ment aux sp\u00e9cifications du fabricant afin d'optimiser son fonctionnement. Une installation correcte contribue grandement \u00e0 l'efficacit\u00e9 et \u00e0 la long\u00e9vit\u00e9 du syst\u00e8me hydraulique.<\/p>\n<h2>T\u00e2ches de maintenance courantes<\/h2>\n<ul>\n<li>\n<h3>Inspections r\u00e9guli\u00e8res<\/h3>\n<p>Les inspections r\u00e9guli\u00e8res permettent de d\u00e9tecter rapidement les probl\u00e8mes potentiels. Examinez le cylindre pour d\u00e9celer les signes d'usure, les fuites et son \u00e9tat g\u00e9n\u00e9ral, et veillez \u00e0 ce que les r\u00e9parations n\u00e9cessaires soient effectu\u00e9es sans d\u00e9lai afin d'\u00e9viter toute complication.<\/h3>\n<\/li>\n<li>\n<h3>Lubrification<\/h3>\n<p>Une lubrification r\u00e9guli\u00e8re est essentielle pour r\u00e9duire la friction et l'usure des pi\u00e8ces mobiles. Veillez \u00e0 utiliser une huile hydraulique du type recommand\u00e9 et \u00e0 maintenir un niveau d'huile ad\u00e9quat pour un fonctionnement optimal.<\/h3>\n<\/li>\n<li>\n<h3>Remplacement des joints et contr\u00f4les d'\u00e9talonnage<\/h3>\n<p>Le remplacement des joints us\u00e9s lors de la maintenance courante garantit le bon fonctionnement du syst\u00e8me hydraulique sans fuites. Des contr\u00f4les d'\u00e9talonnage p\u00e9riodiques contribuent \u00e0 maintenir la pr\u00e9cision des performances des v\u00e9rins et \u00e0 assurer leur conformit\u00e9 aux exigences op\u00e9rationnelles.<\/h3>\n<\/li>\n<\/ul>\n<p><img decoding=\"async\" src=\"https:\/\/www.hydraulic-cylinders.net\/wp-content\/uploads\/2025\/04\/songte-chushion-collar.webp\" alt=\"Collier coussin\u00e9\" \/><\/p>\n<h2>Consid\u00e9rations de s\u00e9curit\u00e9 et facteurs environnementaux<\/h2>\n<p>Lors de l'utilisation de syst\u00e8mes hydrauliques avec v\u00e9rins de fl\u00e8che, la mise en \u0153uvre de mesures de s\u00e9curit\u00e9 est primordiale. Les op\u00e9rateurs doivent \u00eatre form\u00e9s \u00e0 la reconnaissance des dangers potentiels et \u00e0 l'utilisation des \u00e9quipements de protection individuelle (EPI) pendant les op\u00e9rations. Des contr\u00f4les de maintenance r\u00e9guliers permettent d'identifier et de r\u00e9soudre les probl\u00e8mes de s\u00e9curit\u00e9 avant qu'ils ne s'aggravent, contribuant ainsi \u00e0 un environnement de travail plus s\u00fbr. De plus, l'\u00e9limination appropri\u00e9e des fluides hydrauliques et des composants est essentielle pour minimiser l'impact environnemental, dans le respect des r\u00e9glementations locales, afin de garantir des pratiques responsables.<\/p>\n<h2>D\u00e9pannage des probl\u00e8mes courants<\/h2>\n<ul>\n<li>\n<h3>Fuite<\/h3>\n<p>Les fuites sont souvent dues \u00e0 des joints us\u00e9s ou \u00e0 des durites endommag\u00e9es. Pour rem\u00e9dier \u00e0 ce probl\u00e8me, v\u00e9rifiez l'\u00e9tat des joints et remplacez-les si n\u00e9cessaire. Assurez-vous \u00e9galement que les durites ne sont ni pli\u00e9es ni endommag\u00e9es afin d'\u00e9viter toute perte de liquide.<\/h3>\n<\/li>\n<li>\n<h3>Performances inconstantes<\/h3>\n<p>Si le v\u00e9rin de fl\u00e8che pr\u00e9sente des mouvements erratiques, cela peut indiquer un niveau d'huile hydraulique insuffisant ou la pr\u00e9sence d'air dans le circuit. V\u00e9rifiez le niveau d'huile et purgez le circuit si n\u00e9cessaire pour r\u00e9tablir un fonctionnement normal.<\/h3>\n<\/li>\n<li>\n<h3>Surchauffe<\/h3>\n<p>La surchauffe peut \u00eatre due \u00e0 une lubrification insuffisante ou \u00e0 une charge excessive. Assurez-vous d'une lubrification ad\u00e9quate et v\u00e9rifiez que le cylindre n'est pas surcharg\u00e9 afin d'\u00e9viter toute surchauffe.<\/h3>\n<\/li>\n<\/ul>\n<p>L'identification et la r\u00e9solution rapides de ces probl\u00e8mes courants permettent de pr\u00e9venir d'autres dommages et de garantir le bon fonctionnement du syst\u00e8me hydraulique. La mise en \u0153uvre de mesures pr\u00e9ventives, telles que la maintenance et les inspections r\u00e9guli\u00e8res, est essentielle pour minimiser les probl\u00e8mes potentiels.<\/p>\n<p><img decoding=\"async\" src=\"https:\/\/www.hydraulic-cylinders.net\/wp-content\/uploads\/2025\/04\/songte-bushings-with-all-kinds-of-excavator-models.webp\" alt=\"Bagues d&#039;excavatrice\" \/><\/p>\n<h2>\u00c0 propos de notre entreprise<\/h2>\n<p>Nous sommes un fabricant leader de v\u00e9rins hydrauliques de remplacement, offrant une gamme compl\u00e8te de produits destin\u00e9s aux march\u00e9s nationaux et internationaux. Notre engagement envers l'excellence guide nos pratiques de fabrication, gr\u00e2ce \u00e0 des strat\u00e9gies de gestion de production avanc\u00e9es et des \u00e9quipements de pointe. Nous am\u00e9liorons constamment notre plateforme de production par l'application d'une expertise technique et de syst\u00e8mes de contr\u00f4le de pr\u00e9cision, garantissant ainsi la plus haute qualit\u00e9 de nos produits. Soucieux d'efficacit\u00e9, de pr\u00e9cision et de satisfaction client, nous nous engageons \u00e0 r\u00e9pondre aux besoins vari\u00e9s de notre client\u00e8le.<\/p>\n<p><img decoding=\"async\" src=\"https:\/\/www.hydraulic-cylinders.net\/wp-content\/uploads\/2025\/04\/songte-company-4.webp\" alt=\"Image de l&#039;entreprise\" \/><br \/>\n<img decoding=\"async\" src=\"https:\/\/www.hydraulic-cylinders.net\/wp-content\/uploads\/2025\/04\/songte-company-3.webp\" alt=\"Image de l&#039;entreprise\" \/><\/p>\n<p>Notre expertise en v\u00e9rins hydrauliques s'appuie sur des certifications internationales, des services personnalis\u00e9s et un service apr\u00e8s-vente performant. Nous privil\u00e9gions le contr\u00f4le qualit\u00e9 et respectons les normes industrielles les plus strictes afin de satisfaire pleinement nos clients.<\/p>\n<p>Auteur : lyl<\/p>","protected":false},"excerpt":{"rendered":"<p>Boom Cylinder For KYM KY105A Product Overview The Boom Cylinder for KYM KY105A is a vital component in hydraulic systems, specifically designed for controlling the movement of buckets in heavy machinery such as excavators, backhoe loaders, and front loaders. This hydraulic cylinder enables the bucket to lift, lower, and tilt, facilitating efficient material handling tasks. [&hellip;]<\/p>","protected":false},"featured_media":17871,"comment_status":"open","ping_status":"closed","template":"","meta":{"_et_pb_use_builder":"","_et_pb_old_content":"","_et_gb_content_width":""},"product_brand":[],"product_cat":[1546],"product_tag":[1547,1496],"class_list":{"0":"post-19533","1":"product","2":"type-product","3":"status-publish","4":"has-post-thumbnail","6":"product_cat-boom-cylinders","7":"product_tag-boom-cylinders","8":"product_tag-hydraulic-cylinders","10":"first","11":"instock","12":"shipping-taxable","13":"product-type-simple"},"amp_enabled":true,"_links":{"self":[{"href":"https:\/\/www.hydraulic-cylinders.net\/fr\/wp-json\/wp\/v2\/product\/19533","targetHints":{"allow":["GET"]}}],"collection":[{"href":"https:\/\/www.hydraulic-cylinders.net\/fr\/wp-json\/wp\/v2\/product"}],"about":[{"href":"https:\/\/www.hydraulic-cylinders.net\/fr\/wp-json\/wp\/v2\/types\/product"}],"replies":[{"embeddable":true,"href":"https:\/\/www.hydraulic-cylinders.net\/fr\/wp-json\/wp\/v2\/comments?post=19533"}],"wp:featuredmedia":[{"embeddable":true,"href":"https:\/\/www.hydraulic-cylinders.net\/fr\/wp-json\/wp\/v2\/media\/17871"}],"wp:attachment":[{"href":"https:\/\/www.hydraulic-cylinders.net\/fr\/wp-json\/wp\/v2\/media?parent=19533"}],"wp:term":[{"taxonomy":"product_brand","embeddable":true,"href":"https:\/\/www.hydraulic-cylinders.net\/fr\/wp-json\/wp\/v2\/product_brand?post=19533"},{"taxonomy":"product_cat","embeddable":true,"href":"https:\/\/www.hydraulic-cylinders.net\/fr\/wp-json\/wp\/v2\/product_cat?post=19533"},{"taxonomy":"product_tag","embeddable":true,"href":"https:\/\/www.hydraulic-cylinders.net\/fr\/wp-json\/wp\/v2\/product_tag?post=19533"}],"curies":[{"name":"wp","href":"https:\/\/api.w.org\/{rel}","templated":true}]}}