{"id":19626,"date":"2025-04-07T06:58:13","date_gmt":"2025-04-07T06:58:13","guid":{"rendered":"https:\/\/www.hydraulic-cylinders.net\/product\/boom-cylinder-for-volwa-cane-unloader-dls150-9a\/"},"modified":"2025-04-07T06:58:16","modified_gmt":"2025-04-07T06:58:16","slug":"boom-cylinder-for-volwa-cane-unloader-dls150-9a","status":"publish","type":"product","link":"https:\/\/www.hydraulic-cylinders.net\/fr\/produit\/boom-cylinder-for-volwa-cane-unloader-dls150-9a\/","title":{"rendered":"V\u00e9rin de fl\u00e8che pour d\u00e9chargeur de cannes Volkswagen DLS150-9A"},"content":{"rendered":"<h1>V\u00e9rin de fl\u00e8che pour d\u00e9chargeur de cannes Volkswagen DLS150-9A<\/h1>\n<h2>Pr\u00e9sentation du produit<\/h2>\n<p>Le v\u00e9rin de fl\u00e8che pour d\u00e9chargeur de canne \u00e0 sucre Volwa DLS150-9A est un v\u00e9rin hydraulique sp\u00e9cialis\u00e9 con\u00e7u pour commander les mouvements des godets d'engins lourds tels que les pelles hydrauliques, les chargeuses-pelleteuses et les chargeuses frontales. Ce v\u00e9rin facilite la lev\u00e9e, l'abaissement et l'inclinaison du godet, optimisant ainsi les op\u00e9rations de manutention. Le v\u00e9rin de godet joue un r\u00f4le crucial dans les syst\u00e8mes hydrauliques, car il convertit la pression hydraulique en force m\u00e9canique pour r\u00e9aliser diverses op\u00e9rations dans les secteurs de la construction et de l'agriculture.<\/p>\n<p><img decoding=\"async\" src=\"https:\/\/www.hydraulic-cylinders.net\/wp-content\/uploads\/2025\/04\/songte-company-1.webp\" alt=\"Cylindre hydraulique\" \/><\/p>\n<h2>Caract\u00e9ristiques du v\u00e9rin de fl\u00e8che<\/h2>\n<ul>\n<li><strong>Haute r\u00e9sistance et durabilit\u00e9 :<\/strong> Fabriqu\u00e9 g\u00e9n\u00e9ralement en acier haute r\u00e9sistance ou en aluminium, le v\u00e9rin de fl\u00e8che supporte les hautes pressions et les charges importantes. Con\u00e7u pour r\u00e9sister aux environnements de travail difficiles, il garantit une performance durable.<\/li>\n<li><strong>Fonctionnement hydraulique efficace :<\/strong> Le v\u00e9rin utilise la pression de l'huile hydraulique pour assurer une extension et une r\u00e9traction fluides. Il r\u00e9pond rapidement aux commandes, fournissant une force de pouss\u00e9e et de traction importante, ce qui le rend id\u00e9al pour les t\u00e2ches lourdes et complexes.<\/li>\n<li><strong>Types divers :<\/strong> La gamme de produits comprend des v\u00e9rins simple effet (utilisant la force hydraulique dans un seul sens) et double effet (utilisant la force hydraulique dans les deux sens) afin de r\u00e9pondre \u00e0 divers besoins op\u00e9rationnels. Certains mod\u00e8les sont t\u00e9lescopiques, ce qui permet une plus grande extension sans augmenter les dimensions ext\u00e9rieures et convient aux applications o\u00f9 l'espace est limit\u00e9.<\/li>\n<li><strong>Fabrication sur mesure :<\/strong> Notre entreprise propose des capacit\u00e9s de fabrication qui remplacent parfaitement les v\u00e9rins hydrauliques existants, garantissant compatibilit\u00e9 et fiabilit\u00e9.<\/li>\n<p>    <img decoding=\"async\" src=\"https:\/\/www.hydraulic-cylinders.net\/wp-content\/uploads\/2025\/04\/songte-cylinder-head-with-all-kinds-excavator-models.webp\" alt=\"Mod\u00e8les d&#039;excavatrices\" \/>\n<\/ul>\n<h2>Applications du v\u00e9rin de fl\u00e8che<\/h2>\n<h3>\u00c9quipement de construction<\/h3>\n<p>Sur les pelles hydrauliques, les v\u00e9rins de fl\u00e8che sont indispensables pour creuser, charger et d\u00e9placer la terre ou les d\u00e9bris. Ils permettent au godet de p\u00e9n\u00e9trer efficacement dans le sol, facilitant ainsi les op\u00e9rations d'excavation. Sur les chargeuses-pelleteuses, ces v\u00e9rins participent \u00e0 la fois au creusement et au levage, ce qui en fait des outils polyvalents sur les chantiers.<\/p>\n<h3>machines agricoles<\/h3>\n<p>Sur les chargeuses frontales, les v\u00e9rins de fl\u00e8che servent \u00e0 ramasser, soulever et transporter des mat\u00e9riaux comme la terre, le foin et d'autres produits. Ils sont essentiels pour am\u00e9liorer l'efficacit\u00e9 des op\u00e9rations agricoles, accro\u00eetre la productivit\u00e9 et optimiser la gestion de la main-d'\u0153uvre.<\/p>\n<h3>Excavateurs<\/h3>\n<p>Les v\u00e9rins du godet permettent aux excavatrices de p\u00e9n\u00e9trer efficacement dans le sol, ce qui leur permet d'effectuer des travaux d'excavation sur divers types de terrains. Cette capacit\u00e9 est essentielle pour les projets de construction et d'am\u00e9nagement paysager.<\/p>\n<h3>Chargeurs<\/h3>\n<p>Sur les chargeuses frontales, les v\u00e9rins de fl\u00e8che permettent de lever et de d\u00e9charger efficacement les charges. Cette fonction est essentielle \u00e0 la manutention des mat\u00e9riaux, car elle permet aux op\u00e9rateurs de manipuler facilement les charges lourdes.<\/p>\n<h2>Consid\u00e9rations de conception et normes de s\u00e9lection<\/h2>\n<ul>\n<li><strong>Capacit\u00e9 de charge :<\/strong> La capacit\u00e9 de charge du v\u00e9rin de fl\u00e8che doit correspondre aux exigences sp\u00e9cifiques de la machine qu'il dessert. La compr\u00e9hension de la dynamique des charges est essentielle pour garantir la performance et la s\u00e9curit\u00e9.<\/li>\n<li><strong>Scellage:<\/strong> Des solutions d'\u00e9tanch\u00e9it\u00e9 efficaces sont essentielles pour pr\u00e9venir les fuites de fluide hydraulique et maintenir une pression optimale. Des joints de haute qualit\u00e9 prolongent la dur\u00e9e de vie des syst\u00e8mes hydrauliques et am\u00e9liorent leur fiabilit\u00e9.<\/li>\n<li><strong>Durabilit\u00e9:<\/strong> Les mat\u00e9riaux utilis\u00e9s en fabrication doivent r\u00e9sister \u00e0 l'usure et \u00e0 la corrosion. L'acier ou l'aluminium de haute qualit\u00e9 avec rev\u00eatements protecteurs sont des choix privil\u00e9gi\u00e9s pour une dur\u00e9e de vie accrue.<\/li>\n<li><strong>S\u00e9curit\u00e9:<\/strong> Des dispositifs de s\u00e9curit\u00e9 doivent \u00eatre int\u00e9gr\u00e9s \u00e0 la conception afin de prot\u00e9ger les op\u00e9rateurs et les machines contre les dangers potentiels pendant leur fonctionnement.<\/li>\n<li><strong>Entretien:<\/strong> Un acc\u00e8s facile pour la maintenance est essentiel. La conception doit faciliter un entretien rapide et r\u00e9duire les temps d'arr\u00eat pour les r\u00e9parations.<\/li>\n<\/ul>\n<p><img decoding=\"async\" src=\"https:\/\/www.hydraulic-cylinders.net\/wp-content\/uploads\/2025\/04\/songte-oil-pipes-and-spare-parts.webp\" alt=\"Pi\u00e8ces hydrauliques\" \/><\/p>\n<h2>\u00c9tanch\u00e9it\u00e9 et lubrification<\/h2>\n<p>L'\u00e9tanch\u00e9it\u00e9 est primordiale dans les syst\u00e8mes hydrauliques. Diff\u00e9rents composants d'\u00e9tanch\u00e9it\u00e9, tels que les joints de piston et les joints de tige, sont utilis\u00e9s pour pr\u00e9venir les fuites. Des mat\u00e9riaux comme le polyur\u00e9thane et le caoutchouc nitrile sont couramment employ\u00e9s pour leur r\u00e9sistance \u00e0 l'abrasion. De plus, le corps du v\u00e9rin et les surfaces filet\u00e9es sont usin\u00e9s avec pr\u00e9cision afin d'am\u00e9liorer leur r\u00e9sistance \u00e0 l'usure. Une lubrification r\u00e9guli\u00e8re avec une huile hydraulique appropri\u00e9e est n\u00e9cessaire pour maintenir le bon fonctionnement du syst\u00e8me.<\/p>\n<h2>Inspection r\u00e9guli\u00e8re et maintenance pr\u00e9ventive<\/h2>\n<ul>\n<li><strong>Inspections de routine :<\/strong> Des contr\u00f4les r\u00e9guliers des fuites, de l'usure et de l'int\u00e9grit\u00e9 des composants doivent \u00eatre effectu\u00e9s afin de garantir le bon fonctionnement du cylindre et de d\u00e9tecter les probl\u00e8mes au plus t\u00f4t.<\/li>\n<li><strong>Lubrification:<\/strong> Une lubrification ad\u00e9quate est essentielle au bon fonctionnement et \u00e0 la pr\u00e9vention de l'usure pr\u00e9matur\u00e9e. Planifiez des intervalles de lubrification r\u00e9guliers en fonction des besoins op\u00e9rationnels.<\/li>\n<li><strong>Remplacement du joint :<\/strong> Avec le temps, les joints peuvent se d\u00e9t\u00e9riorer et n\u00e9cessiter un remplacement. Une surveillance r\u00e9guli\u00e8re et un remplacement opportun des joints permettent d'\u00e9viter les fuites de fluide hydraulique.<\/li>\n<\/ul>\n<h2>Directives d'installation<\/h2>\n<p>Une installation correcte du v\u00e9rin de fl\u00e8che est essentielle pour des performances optimales. Assurez-vous que le v\u00e9rin est correctement align\u00e9 avec les points de fixation afin d'\u00e9viter toute contrainte excessive sur les composants. Il est recommand\u00e9 d'utiliser des supports de fixation appropri\u00e9s pour s\u00e9curiser le v\u00e9rin. Lors de l'installation, v\u00e9rifiez l'absence d'obstructions et assurez-vous que les conduites hydrauliques sont correctement raccord\u00e9es afin d'\u00e9viter les fuites. Calibrez le syst\u00e8me apr\u00e8s l'installation pour garantir un mouvement et un contr\u00f4le pr\u00e9cis.<\/p>\n<h2>T\u00e2ches de maintenance<\/h2>\n<ul>\n<li><strong>Contr\u00f4les r\u00e9guliers\u00a0:<\/strong> Effectuez des inspections p\u00e9riodiques afin de d\u00e9celer tout signe d'usure ou de dommage. Une d\u00e9tection pr\u00e9coce permet de pr\u00e9venir des probl\u00e8mes plus graves et de maintenir l'efficacit\u00e9 op\u00e9rationnelle.<\/li>\n<li><strong>Lubrification ad\u00e9quate :<\/strong> Un graissage ad\u00e9quat du v\u00e9rin prolongera sa dur\u00e9e de vie. Utilisez l'huile hydraulique recommand\u00e9e et respectez les pr\u00e9conisations du fabricant concernant les intervalles de lubrification.<\/li>\n<li><strong>Remplacement du joint :<\/strong> V\u00e9rifiez r\u00e9guli\u00e8rement l'\u00e9tat des joints et remplacez-les si n\u00e9cessaire. Il est essentiel de garantir leur int\u00e9grit\u00e9 afin d'\u00e9viter les fuites d'huile hydraulique, qui peuvent nuire aux performances du syst\u00e8me.<\/li>\n<\/ul>\n<p>Une installation, une lubrification et un entretien corrects sont essentiels pour prolonger la dur\u00e9e de vie de votre v\u00e9rin de fl\u00e8che. Utilisez les techniques de montage appropri\u00e9es et v\u00e9rifiez r\u00e9guli\u00e8rement l'alignement pour garantir un fonctionnement optimal.<\/p>\n<p><img decoding=\"async\" src=\"https:\/\/www.hydraulic-cylinders.net\/wp-content\/uploads\/2025\/04\/songte-chushion-collar.webp\" alt=\"Collier coussin\u00e9\" \/><\/p>\n<h2>Consid\u00e9rations de s\u00e9curit\u00e9 et facteurs environnementaux<\/h2>\n<p>Lors de toute intervention sur des syst\u00e8mes hydrauliques, la s\u00e9curit\u00e9 est primordiale. Assurez-vous que tout le personnel est form\u00e9 aux proc\u00e9dures d'utilisation s\u00e9curitaires et porte syst\u00e9matiquement l'\u00e9quipement de protection individuelle (EPI) appropri\u00e9. La formation r\u00e9guli\u00e8re et le respect des protocoles de s\u00e9curit\u00e9 contribuent \u00e0 minimiser les risques li\u00e9s \u00e0 l'utilisation des v\u00e9rins hydrauliques.<\/p>\n<h2>D\u00e9pannage des probl\u00e8mes courants<\/h2>\n<ul>\n<li><strong>Fuites hydrauliques :<\/strong> V\u00e9rifiez l'\u00e9tat des joints et des raccords afin de d\u00e9celer tout signe d'usure ou de dommage. Remplacez toute pi\u00e8ce d\u00e9fectueuse pour \u00e9viter toute fuite de liquide.<\/li>\n<li><strong>Fonctionnement lent :<\/strong> Cela peut indiquer un niveau d'huile hydraulique insuffisant ou un filtre obstru\u00e9. Assurez-vous que le niveau d'huile est correct et nettoyez ou remplacez les filtres si n\u00e9cessaire.<\/li>\n<li><strong>Bruits inhabituels :<\/strong> Soyez attentif aux bruits de grincement ou de sifflement, qui pourraient indiquer des probl\u00e8mes m\u00e9caniques. Inspectez le cylindre et les composants associ\u00e9s afin de d\u00e9celer d'\u00e9ventuels dommages.<\/li>\n<\/ul>\n<h2>Conseils de d\u00e9pannage<\/h2>\n<p>Lors du diagnostic d'un probl\u00e8me, commencez toujours par une inspection visuelle du v\u00e9rin et des conduites hydrauliques. Recherchez les signes \u00e9vidents de fuites, d'usure ou de d\u00e9salignement. Maintenez un environnement de travail propre afin d'\u00e9viter toute contamination du fluide hydraulique. Mettez en place un programme d'entretien r\u00e9gulier pour garantir le fonctionnement optimal du syst\u00e8me.<\/p>\n<p><img decoding=\"async\" src=\"https:\/\/www.hydraulic-cylinders.net\/wp-content\/uploads\/2025\/04\/songte-bushings-with-all-kinds-of-excavator-models.webp\" alt=\"Bagues d&#039;excavatrice\" \/><\/p>\n<h2>Pr\u00e9sentation de l'entreprise<\/h2>\n<p>Nous sommes un fabricant et grossiste de premier plan de v\u00e9rins hydrauliques, sp\u00e9cialis\u00e9 dans les pi\u00e8ces de rechange pour diverses applications hydrauliques. Notre vaste gamme de produits et notre engagement envers la qualit\u00e9 nous ont positionn\u00e9s comme un acteur majeur sur les march\u00e9s nationaux et internationaux. Nous privil\u00e9gions l'excellence en mati\u00e8re de fabrication, gr\u00e2ce \u00e0 une strat\u00e9gie de gestion de production rigoureuse. Notre personnel qualifi\u00e9, nos \u00e9quipements de fabrication num\u00e9rique de pointe et nos syst\u00e8mes d'inspection professionnels optimisent nos capacit\u00e9s de production, garantissant ainsi une efficacit\u00e9, une pr\u00e9cision et une qualit\u00e9 \u00e9lev\u00e9es pour r\u00e9pondre aux besoins vari\u00e9s de nos clients.<\/p>\n<p>Nos offres comprennent\u00a0:<\/p>\n<ul>\n<li><strong>Professionnalisme:<\/strong> Notre \u00e9quipe est hautement qualifi\u00e9e et exp\u00e9riment\u00e9e en technologie hydraulique, ce qui garantit des conseils et un service d'experts.<\/li>\n<li><strong>Certifications internationales :<\/strong> Nos produits r\u00e9pondent \u00e0 diverses normes internationales, ce qui rassure nos clients quant \u00e0 leur qualit\u00e9 et leur fiabilit\u00e9.<\/li>\n<li><strong>Services personnalis\u00e9s\u00a0:<\/strong> Nous proposons des solutions sur mesure pour r\u00e9pondre aux exigences sp\u00e9cifiques de nos clients, garantissant une compatibilit\u00e9 et des performances optimales.<\/li>\n<li><strong>\u00c9quipement de production avanc\u00e9 :<\/strong> Nos installations de production ultramodernes int\u00e8grent les technologies les plus r\u00e9centes pour une efficacit\u00e9 de production accrue.<\/li>\n<li><strong>Service apr\u00e8s-vente :<\/strong> Nous offrons un service apr\u00e8s-vente complet pour aider nos clients en mati\u00e8re d'installation, de maintenance et de d\u00e9pannage.<\/li>\n<\/ul>\n<p><img decoding=\"async\" src=\"https:\/\/www.hydraulic-cylinders.net\/wp-content\/uploads\/2025\/04\/songte-company-4.webp\" alt=\"Installations de l&#039;entreprise\" \/><br \/>\n<img decoding=\"async\" src=\"https:\/\/www.hydraulic-cylinders.net\/wp-content\/uploads\/2025\/04\/songte-company-3.webp\" alt=\"\u00c9quipement de production\" \/><\/p>\n<p>Auteur : lyl<\/p>","protected":false},"excerpt":{"rendered":"<p>Boom Cylinder For Volwa Cane Unloader DLS150-9A Product Overview The Boom Cylinder for Volwa Cane Unloader DLS150-9A is a specialized hydraulic cylinder designed for controlling the movement of heavy machinery&#8217;s buckets, such as excavators, backhoe loaders, and front-end loaders. This cylinder facilitates the lifting, lowering, and tilting of the bucket, making material handling tasks more [&hellip;]<\/p>","protected":false},"featured_media":17874,"comment_status":"open","ping_status":"closed","template":"","meta":{"_et_pb_use_builder":"","_et_pb_old_content":"","_et_gb_content_width":""},"product_brand":[],"product_cat":[1546],"product_tag":[1547,1496],"class_list":{"0":"post-19626","1":"product","2":"type-product","3":"status-publish","4":"has-post-thumbnail","6":"product_cat-boom-cylinders","7":"product_tag-boom-cylinders","8":"product_tag-hydraulic-cylinders","10":"first","11":"instock","12":"shipping-taxable","13":"product-type-simple"},"amp_enabled":true,"_links":{"self":[{"href":"https:\/\/www.hydraulic-cylinders.net\/fr\/wp-json\/wp\/v2\/product\/19626","targetHints":{"allow":["GET"]}}],"collection":[{"href":"https:\/\/www.hydraulic-cylinders.net\/fr\/wp-json\/wp\/v2\/product"}],"about":[{"href":"https:\/\/www.hydraulic-cylinders.net\/fr\/wp-json\/wp\/v2\/types\/product"}],"replies":[{"embeddable":true,"href":"https:\/\/www.hydraulic-cylinders.net\/fr\/wp-json\/wp\/v2\/comments?post=19626"}],"wp:featuredmedia":[{"embeddable":true,"href":"https:\/\/www.hydraulic-cylinders.net\/fr\/wp-json\/wp\/v2\/media\/17874"}],"wp:attachment":[{"href":"https:\/\/www.hydraulic-cylinders.net\/fr\/wp-json\/wp\/v2\/media?parent=19626"}],"wp:term":[{"taxonomy":"product_brand","embeddable":true,"href":"https:\/\/www.hydraulic-cylinders.net\/fr\/wp-json\/wp\/v2\/product_brand?post=19626"},{"taxonomy":"product_cat","embeddable":true,"href":"https:\/\/www.hydraulic-cylinders.net\/fr\/wp-json\/wp\/v2\/product_cat?post=19626"},{"taxonomy":"product_tag","embeddable":true,"href":"https:\/\/www.hydraulic-cylinders.net\/fr\/wp-json\/wp\/v2\/product_tag?post=19626"}],"curies":[{"name":"wp","href":"https:\/\/api.w.org\/{rel}","templated":true}]}}