{"id":1963,"date":"2023-10-23T05:36:34","date_gmt":"2023-10-23T05:36:34","guid":{"rendered":"https:\/\/hydraulic-cylinders.net\/?post_type=product&#038;p=1963"},"modified":"2023-10-23T05:36:45","modified_gmt":"2023-10-23T05:36:45","slug":"v30d-series-axial-piston-variable-displacement-hydraulic-pump","status":"publish","type":"product","link":"https:\/\/www.hydraulic-cylinders.net\/fr\/produit\/v30d-series-axial-piston-variable-displacement-hydraulic-pump\/","title":{"rendered":"Pompe hydraulique \u00e0 pistons axiaux \u00e0 cylindr\u00e9e variable s\u00e9rie V30D"},"content":{"rendered":"<h1 style=\"text-align: center;\"><strong>Pompe hydraulique \u00e0 pistons axiaux \u00e0 cylindr\u00e9e variable s\u00e9rie V30D<\/strong><\/h1>\n<p><img loading=\"lazy\" decoding=\"async\" class=\"aligncenter wp-image-1974\" src=\"https:\/\/hydraulic-cylinders.net\/wp-content\/uploads\/2023\/10\/v30d-series-axial-piston-variable-displacement-pump-1-300x300.webp\" alt=\"\" width=\"400\" height=\"400\" \/><\/p>\n<p>La pompe hydraulique \u00e0 pistons axiaux \u00e0 cylindr\u00e9e variable de la s\u00e9rie V30D est une solution de pointe con\u00e7ue pour offrir des performances et une efficacit\u00e9 exceptionnelles dans diverses applications hydrauliques. Gr\u00e2ce \u00e0 son ing\u00e9nierie avanc\u00e9e, sa conception polyvalente et son contr\u00f4le pr\u00e9cis, cette pompe hydraulique r\u00e9volutionne le secteur.<\/p>\n<p>La pompe hydraulique \u00e0 pistons axiaux \u00e0 cylindr\u00e9e variable de la s\u00e9rie V30D \u00e9tablit une nouvelle norme en mati\u00e8re d'efficacit\u00e9 et de performance pour les syst\u00e8mes hydrauliques. Gr\u00e2ce \u00e0 sa technologie de cylindr\u00e9e variable, ses hautes performances et sa conception polyvalente, cette pompe offre un contr\u00f4le sup\u00e9rieur et une utilisation optimis\u00e9e de l'\u00e9nergie. En respectant les m\u00e9thodes d'utilisation recommand\u00e9es et en effectuant un entretien r\u00e9gulier, la pompe de la s\u00e9rie V30D continuera de fournir une efficacit\u00e9 et une puissance exceptionnelles, contribuant ainsi au succ\u00e8s de nombreuses applications industrielles. Exploitez la puissance et l'efficacit\u00e9 de la pompe hydraulique \u00e0 pistons axiaux \u00e0 cylindr\u00e9e variable de la s\u00e9rie V30D pour optimiser les performances de votre syst\u00e8me hydraulique.<\/p>\n<p>Pompe hydraulique \u00e0 pistons axiaux \u00e0 cylindr\u00e9e variable s\u00e9rie V30D - Caract\u00e9ristiques principales\u00a0:<\/p>\n<ul>\n<li>Technologie \u00e0 cylindr\u00e9e variable\u00a0: La pompe de la s\u00e9rie V30D int\u00e8gre une technologie de pointe \u00e0 cylindr\u00e9e variable, lui permettant d\u2019adapter son d\u00e9bit aux besoins du syst\u00e8me. Cette caract\u00e9ristique garantit une utilisation optimale de l\u2019\u00e9nergie, pour un rendement accru et une consommation \u00e9lectrique r\u00e9duite.<\/li>\n<li>Haute performance\u00a0: Cette pompe hydraulique \u00e9tablit de nouvelles r\u00e9f\u00e9rences en mati\u00e8re de performance. Gr\u00e2ce \u00e0 sa large plage de pressions et de vitesses de fonctionnement, la pompe de la s\u00e9rie V30D assure un contr\u00f4le pr\u00e9cis et une transmission de puissance efficace, garantissant ainsi des performances et une productivit\u00e9 syst\u00e8me sup\u00e9rieures.<\/li>\n<li>Conception polyvalente\u00a0: La pompe de la s\u00e9rie V30D est con\u00e7ue pour s\u2019adapter \u00e0 divers syst\u00e8mes hydrauliques et applications. Elle offre une grande flexibilit\u00e9 en mati\u00e8re d\u2019options de montage, de compatibilit\u00e9 des fluides et de m\u00e9thodes de contr\u00f4le, ce qui la rend adapt\u00e9e \u00e0 un large \u00e9ventail d\u2019industries et de machines.<\/li>\n<li>Efficacit\u00e9 optimale quelle que soit la charge\u00a0: gr\u00e2ce \u00e0 sa cylindr\u00e9e variable, la pompe de la s\u00e9rie V30D garantit une efficacit\u00e9 optimale sur une large plage de charges. Elle ajuste automatiquement son d\u00e9bit aux besoins du syst\u00e8me, minimisant ainsi les pertes d\u2019\u00e9nergie et maximisant la productivit\u00e9.<\/li>\n<\/ul>\n<h2><strong>Param\u00e8tres de la pompe hydraulique \u00e0 pistons axiaux \u00e0 cylindr\u00e9e variable s\u00e9rie V30D\u00a0:<\/strong><\/h2>\n<table class=\"table table-bordered table-hover table-colored\">\n<tbody>\n<tr class=\"firstRow\">\n<td colspan=\"1\" rowspan=\"2\" align=\"center\" valign=\"middle\">Taille<\/td>\n<td rowspan=\"2\" align=\"center\" valign=\"middle\">Cylindr\u00e9e cm3\/tr<\/td>\n<td colspan=\"2\" rowspan=\"1\" align=\"center\" valign=\"middle\">Barre de pression<\/td>\n<td colspan=\"2\" rowspan=\"1\" align=\"center\" valign=\"middle\">Vitesse de rotation tr\/min<\/td>\n<\/tr>\n<tr>\n<td align=\"center\" valign=\"middle\">\u00c9valu\u00e9<\/td>\n<td align=\"center\" valign=\"middle\">Culminer<\/td>\n<td align=\"center\" valign=\"middle\">Max pour l'auto-amor\u00e7age<sup>*1<\/sup><\/td>\n<td align=\"center\" valign=\"middle\">Max<sup>*2<\/sup><\/td>\n<\/tr>\n<tr>\n<td align=\"center\" valign=\"middle\">\u00a0V30D45<\/td>\n<td align=\"center\" valign=\"middle\">45<\/td>\n<td align=\"center\" valign=\"middle\">350<\/td>\n<td align=\"center\" valign=\"middle\">420<\/td>\n<td align=\"center\" valign=\"middle\">2600<\/td>\n<td align=\"center\" valign=\"middle\">3600<\/td>\n<\/tr>\n<tr>\n<td align=\"center\" valign=\"middle\">\u00a0V30D75<\/td>\n<td align=\"center\" valign=\"middle\">75<\/td>\n<td align=\"center\" valign=\"middle\">350<\/td>\n<td align=\"center\" valign=\"middle\">420<\/td>\n<td align=\"center\" valign=\"middle\">2400<\/td>\n<td align=\"center\" valign=\"middle\">3200<\/td>\n<\/tr>\n<tr>\n<td align=\"center\" valign=\"middle\">\u00a0V30D95<\/td>\n<td align=\"center\" valign=\"middle\">96<\/td>\n<td align=\"center\" valign=\"middle\">350<\/td>\n<td align=\"center\" valign=\"middle\">420<\/td>\n<td align=\"center\" valign=\"middle\">2200<\/td>\n<td align=\"center\" valign=\"middle\">2900<\/td>\n<\/tr>\n<tr>\n<td align=\"center\" valign=\"middle\">\u00a0V30D115<\/td>\n<td align=\"center\" valign=\"middle\">115<\/td>\n<td align=\"center\" valign=\"middle\">250<\/td>\n<td align=\"center\" valign=\"middle\">300<\/td>\n<td align=\"center\" valign=\"middle\">2000<\/td>\n<td align=\"center\" valign=\"middle\">2800<\/td>\n<\/tr>\n<tr>\n<td align=\"center\" valign=\"middle\">\u00a0V30D140<\/td>\n<td align=\"center\" valign=\"middle\">142<\/td>\n<td align=\"center\" valign=\"middle\">350<\/td>\n<td align=\"center\" valign=\"middle\">420<\/td>\n<td align=\"center\" valign=\"middle\">2200<\/td>\n<td align=\"center\" valign=\"middle\">2600<\/td>\n<\/tr>\n<tr>\n<td align=\"center\" valign=\"middle\">\u00a0V30D160<\/td>\n<td align=\"center\" valign=\"middle\">164<\/td>\n<td align=\"center\" valign=\"middle\">250<\/td>\n<td align=\"center\" valign=\"middle\">300<\/td>\n<td align=\"center\" valign=\"middle\">1900<\/td>\n<td align=\"center\" valign=\"middle\">2500<\/td>\n<\/tr>\n<tr>\n<td align=\"center\" valign=\"middle\">\u00a0V30D250<\/td>\n<td align=\"center\" valign=\"middle\">250<\/td>\n<td align=\"center\" valign=\"middle\">350<\/td>\n<td align=\"center\" valign=\"middle\">420<\/td>\n<td align=\"center\" valign=\"middle\">1800<\/td>\n<td align=\"center\" valign=\"middle\">2000<\/td>\n<\/tr>\n<tr>\n<td align=\"center\" valign=\"middle\">V30D520<\/td>\n<td align=\"center\" valign=\"middle\">520<\/td>\n<td align=\"center\" valign=\"middle\">400<\/td>\n<td align=\"center\" valign=\"middle\">450<\/td>\n<td align=\"center\" valign=\"middle\">1500<\/td>\n<td align=\"center\" valign=\"middle\">1800<\/td>\n<\/tr>\n<\/tbody>\n<\/table>\n<h2><strong>Avantages de la pompe hydraulique \u00e0 pistons axiaux \u00e0 cylindr\u00e9e variable s\u00e9rie V30D\u00a0:<\/strong><\/h2>\n<p>\u2022 Utilis\u00e9 dans les syst\u00e8mes hydrauliques \u00e0 circuit ouvert<br \/>\n\u2022 Faible niveau sonore<br \/>\n\u2022 Modules de contr\u00f4le multiples<br \/>\n\u2022 Fournit un couple suffisant pour la pompe arri\u00e8re lorsqu'une application de pompes en tandem est requise.<\/p>\n<h2><strong>Pompe hydraulique \u00e0 pistons axiaux \u00e0 cylindr\u00e9e variable s\u00e9rie V30D <\/strong><strong>Application:<\/strong><\/h2>\n<p><img loading=\"lazy\" decoding=\"async\" class=\"alignnone wp-image-1976 size-full\" src=\"https:\/\/hydraulic-cylinders.net\/wp-content\/uploads\/2023\/10\/v30d-series-axial-piston-variable-displacement-pump-2.webp\" alt=\"\" width=\"1144\" height=\"394\" srcset=\"https:\/\/hydraulic-cylinders.net\/wp-content\/uploads\/2023\/10\/v30d-series-axial-piston-variable-displacement-pump-2.webp 1144w, https:\/\/hydraulic-cylinders.net\/wp-content\/uploads\/2023\/10\/v30d-series-axial-piston-variable-displacement-pump-2-980x338.webp 980w, https:\/\/hydraulic-cylinders.net\/wp-content\/uploads\/2023\/10\/v30d-series-axial-piston-variable-displacement-pump-2-480x165.webp 480w\" sizes=\"(min-width: 0px) and (max-width: 480px) 480px, (min-width: 481px) and (max-width: 980px) 980px, (min-width: 981px) 1144px, 100vw\" \/><\/p>\n<h2><strong>Mode d'emploi de la pompe hydraulique \u00e0 pistons axiaux \u00e0 cylindr\u00e9e variable s\u00e9rie V30D<\/strong><strong>:<\/strong><\/h2>\n<ul>\n<li><strong>Installation et int\u00e9gration :<\/strong> Choisissez un emplacement appropri\u00e9 au sein du syst\u00e8me hydraulique pour installer la pompe hydraulique \u00e0 pistons axiaux \u00e0 cylindr\u00e9e variable s\u00e9rie V30D. Assurez-vous d'un alignement correct et fixez solidement la pompe \u00e0 l'aide de supports ou d'accessoires adapt\u00e9s. Raccordez la pompe au syst\u00e8me hydraulique \u00e0 l'aide de raccords et de flexibles compatibles, en veillant \u00e0 l'\u00e9tanch\u00e9it\u00e9 des connexions.<\/li>\n<li><strong>Compatibilit\u00e9 des fluides :<\/strong> V\u00e9rifiez que le fluide hydraulique utilis\u00e9 dans le syst\u00e8me est compatible avec la pompe de la s\u00e9rie V30D. Consultez les recommandations du fabricant concernant le type de fluide, sa viscosit\u00e9 et sa plage de temp\u00e9rature. Contr\u00f4lez et entretenez r\u00e9guli\u00e8rement le fluide hydraulique afin d'assurer un fonctionnement optimal et une longue dur\u00e9e de vie \u00e0 la pompe.<\/li>\n<li><strong>Contr\u00f4le et r\u00e9glage :<\/strong> Familiarisez-vous avec les options de commande offertes par la pompe de la s\u00e9rie V30D. Selon le mod\u00e8le, diff\u00e9rents modes de commande peuvent \u00eatre disponibles\u00a0: manuel, proportionnel ou \u00e9lectronique. Prenez connaissance des r\u00e9glages recommand\u00e9s et ajustez-les en cons\u00e9quence afin d\u2019optimiser les performances de la pompe.<\/li>\n<li><strong>Optimisation du syst\u00e8me\u00a0:<\/strong> La pompe de la s\u00e9rie V30D permet d'optimiser le syst\u00e8me en ajustant son d\u00e9bit aux besoins de charge. Tirez parti de cette fonctionnalit\u00e9 pour maximiser l'efficacit\u00e9 \u00e9nerg\u00e9tique et les performances globales du syst\u00e8me.<\/li>\n<\/ul>\n<h2><strong>Comment purger un v\u00e9rin hydraulique sans vanne de purge ?<\/strong><\/h2>\n<p>Purger un v\u00e9rin hydraulique sans purgeur peut s'av\u00e9rer plus complexe, mais reste possible. Voici un guide \u00e9tape par \u00e9tape pour purger un v\u00e9rin hydraulique sans purgeur\u00a0:<\/p>\n<ol>\n<li><strong>La s\u00e9curit\u00e9 avant tout :<\/strong> Avant toute intervention sur le v\u00e9rin hydraulique, assurez-vous que le syst\u00e8me est d\u00e9pressuris\u00e9. Coupez l'alimentation \u00e9lectrique et purgez toute pression r\u00e9siduelle en actionnant la soupape de d\u00e9charge ou en actionnant le syst\u00e8me jusqu'\u00e0 sa position d'extension ou de r\u00e9traction maximale.<\/li>\n<li><strong>Positionnez le cylindre\u00a0:<\/strong> Placez le v\u00e9rin hydraulique de mani\u00e8re \u00e0 ce que les bulles d'air puissent facilement remonter jusqu'au point le plus haut. Cela implique g\u00e9n\u00e9ralement de placer le v\u00e9rin verticalement, la tige pointant vers le haut.<\/li>\n<li><strong>Retirez le raccord\u00a0:<\/strong> Rep\u00e9rez le raccord reliant la conduite hydraulique au v\u00e9rin. Utilisez les outils appropri\u00e9s pour le d\u00e9connecter et le retirer. Pr\u00e9voyez un r\u00e9cipient ou des chiffons pour recueillir tout d\u00e9versement \u00e9ventuel d'huile hydraulique.<\/li>\n<li><strong>Lever le cylindre :<\/strong> Si possible, relevez le v\u00e9rin au maximum. Cela permet de minimiser la quantit\u00e9 d'air emprisonn\u00e9e \u00e0 l'int\u00e9rieur du v\u00e9rin.<\/li>\n<li><strong>Taper sur le cylindre :<\/strong> Tapotez l\u00e9g\u00e8rement les parois du cylindre avec un maillet en caoutchouc ou un marteau \u00e0 embout souple. Cela permet de d\u00e9loger les bulles d'air qui pourraient \u00eatre emprisonn\u00e9es \u00e0 l'int\u00e9rieur. Commencez par le bas et remontez en tapotant tout autour du cylindre.<\/li>\n<li><strong>Actionnez le cylindre :<\/strong> Actionnez le syst\u00e8me hydraulique pour faire fonctionner le v\u00e9rin plusieurs fois. D\u00e9ployez et r\u00e9tractez compl\u00e8tement le v\u00e9rin afin de permettre au fluide hydraulique de circuler et d'\u00e9liminer les \u00e9ventuelles bulles d'air. R\u00e9p\u00e9tez cette op\u00e9ration plusieurs fois pour assurer une purge compl\u00e8te.<\/li>\n<li><strong>Rebranchez le raccord :<\/strong> Une fois le v\u00e9rin actionn\u00e9 et la majeure partie de l'air purg\u00e9e, rebranchez le raccord \u00e0 la conduite hydraulique. Serrez-le fermement, sans exc\u00e8s, pour \u00e9viter de l'endommager ou de provoquer des fuites.<\/li>\n<li><strong>Tester le cylindre :<\/strong> Apr\u00e8s avoir purg\u00e9 le v\u00e9rin, testez son fonctionnement en l'\u00e9tendant et en le r\u00e9tractant compl\u00e8tement. Surveillez le v\u00e9rin afin de d\u00e9tecter tout signe de bulles d'air ou de comportement anormal. Si vous constatez un probl\u00e8me, r\u00e9p\u00e9tez la purge ou faites appel \u00e0 un professionnel de l'hydraulique.<\/li>\n<\/ol>\n<h2><strong>Capacit\u00e9 de l'usine :<\/strong><\/h2>\n<h3>(1) Assemblage<\/h3>\n<p>Nous disposons d'une plateforme d'assemblage ind\u00e9pendante de recherche et d\u00e9veloppement de premier ordre. Notre atelier de production de v\u00e9rins hydrauliques dispose de quatre lignes d'assemblage semi-automatiques de v\u00e9rins de levage et d'une ligne d'assemblage automatique de v\u00e9rins d'inclinaison, pour une capacit\u00e9 de production annuelle pr\u00e9vue d'un million de pi\u00e8ces. L'atelier de v\u00e9rins sp\u00e9ciaux est \u00e9quip\u00e9 d'un syst\u00e8me d'assemblage de nettoyage semi-automatique de diverses sp\u00e9cifications, d'une capacit\u00e9 de production annuelle pr\u00e9vue de 200\u00a0000 pi\u00e8ces et dispose d'\u00e9quipements d'usinage CNC de pointe, d'un centre d'usinage, d'\u00e9quipements sp\u00e9ciaux d'usinage de haute pr\u00e9cision, d'une machine de soudage robotis\u00e9e, d'une machine de nettoyage automatique, d'une machine d'assemblage automatique de v\u00e9rins et d'une ligne de peinture automatique. Nous disposons de plus de 300 \u00e9quipements critiques. L'allocation optimale et l'utilisation efficace des ressources garantissent la pr\u00e9cision et la qualit\u00e9 des produits.<\/p>\n<p><img loading=\"lazy\" decoding=\"async\" class=\"alignnone wp-image-626\" src=\"https:\/\/hydraulic-cylinders.net\/wp-content\/uploads\/2023\/08\/hydraulic-cylinder-product-1-300x158.webp\" alt=\"\" width=\"495\" height=\"260\" srcset=\"https:\/\/hydraulic-cylinders.net\/wp-content\/uploads\/2023\/08\/hydraulic-cylinder-product-1-300x158.webp 495w, https:\/\/hydraulic-cylinders.net\/wp-content\/uploads\/2023\/08\/hydraulic-cylinder-product-1-480x252.webp 480w\" sizes=\"(min-width: 0px) and (max-width: 480px) 480px, (min-width: 481px) 495px, 100vw\" \/> <img loading=\"lazy\" decoding=\"async\" class=\"alignnone wp-image-627\" src=\"https:\/\/hydraulic-cylinders.net\/wp-content\/uploads\/2023\/08\/hydraulic-cylinder-product-2-300x189.webp\" alt=\"\" width=\"413\" height=\"260\" \/><\/p>\n<h3>(2) Usinage<\/h3>\n<p>L'atelier d'usinage est \u00e9quip\u00e9 d'un centre de tournage sur rail inclin\u00e9 personnalis\u00e9, d'un centre d'usinage, d'une machine \u00e0 honer \u00e0 grande vitesse, d'un robot de soudage et d'autres \u00e9quipements connexes, qui peuvent traiter des tubes cylindriques d'un diam\u00e8tre int\u00e9rieur maximal de 400 mm et d'une longueur maximale de 6 m\u00e8tres.<\/p>\n<p><img loading=\"lazy\" decoding=\"async\" class=\"alignnone wp-image-628 size-large\" src=\"https:\/\/hydraulic-cylinders.net\/wp-content\/uploads\/2023\/08\/hydraulic-cylinder-product-3-1024x391.webp\" alt=\"\" width=\"1024\" height=\"391\" srcset=\"https:\/\/hydraulic-cylinders.net\/wp-content\/uploads\/2023\/08\/hydraulic-cylinder-product-3-980x374.webp 980w, https:\/\/hydraulic-cylinders.net\/wp-content\/uploads\/2023\/08\/hydraulic-cylinder-product-3-480x183.webp 480w\" sizes=\"(min-width: 0px) and (max-width: 480px) 480px, (min-width: 481px) and (max-width: 980px) 980px, (min-width: 981px) 1024px, 100vw\" \/><\/p>\n<h3>(3) Soudage<\/h3>\n<p><img loading=\"lazy\" decoding=\"async\" class=\"alignnone wp-image-629 size-large\" src=\"https:\/\/hydraulic-cylinders.net\/wp-content\/uploads\/2023\/08\/hydraulic-cylinder-product-4-1024x510.webp\" alt=\"\" width=\"1024\" height=\"510\" srcset=\"https:\/\/hydraulic-cylinders.net\/wp-content\/uploads\/2023\/08\/hydraulic-cylinder-product-4-980x488.webp 980w, https:\/\/hydraulic-cylinders.net\/wp-content\/uploads\/2023\/08\/hydraulic-cylinder-product-4-480x239.webp 480w\" sizes=\"(min-width: 0px) and (max-width: 480px) 480px, (min-width: 481px) and (max-width: 980px) 980px, (min-width: 981px) 1024px, 100vw\" \/><\/p>\n<h3>(4) Peinture et rev\u00eatement<\/h3>\n<p>Avec des lignes de rev\u00eatement de peinture \u00e0 base d'eau automatiques \u00e0 cylindre de petite et moyenne taille, pour r\u00e9aliser le chargement et le d\u00e9chargement automatiques par robot et la pulv\u00e9risation automatique, la capacit\u00e9 de conception est de 4 000 pi\u00e8ces par \u00e9quipe ;<br \/>\nNous disposons \u00e9galement d'une ligne de production de peinture semi-automatique pour gros cylindres, aliment\u00e9e par une cha\u00eene de traction, d'une capacit\u00e9 de conception de 60 caisses par \u00e9quipe.<\/p>\n<p><img loading=\"lazy\" decoding=\"async\" class=\"alignnone wp-image-630\" src=\"https:\/\/hydraulic-cylinders.net\/wp-content\/uploads\/2023\/08\/hydraulic-cylinder-product-5-300x213.webp\" alt=\"\" width=\"366\" height=\"260\" \/> <img loading=\"lazy\" decoding=\"async\" class=\"alignnone wp-image-631\" src=\"https:\/\/hydraulic-cylinders.net\/wp-content\/uploads\/2023\/08\/hydraulic-cylinder-product-6-300x225.webp\" alt=\"\" width=\"347\" height=\"260\" \/><\/p>\n<h3>(5) Essais<\/h3>\n<p>Nous disposons d'installations d'inspection et de bancs d'essai de premier ordre pour garantir que les performances de la bouteille sont conformes aux exigences.<\/p>\n<p><img loading=\"lazy\" decoding=\"async\" class=\"alignnone wp-image-632\" src=\"https:\/\/hydraulic-cylinders.net\/wp-content\/uploads\/2023\/08\/hydraulic-cylinder-product-8-300x200.webp\" alt=\"\" width=\"389\" height=\"260\" \/><\/p>\n<p>&nbsp;<\/p>\n<p>&nbsp;<\/p>\n<p>Nous sommes l'un des meilleurs fabricants de v\u00e9rins hydrauliques. Nous proposons une gamme compl\u00e8te de v\u00e9rins hydrauliques. Nous fournissons \u00e9galement les v\u00e9rins correspondants. <a href=\"https:\/\/hzpt.com\/agricultural-pto-gearbox\/\" target=\"_blank\" rel=\"noopener\">bo\u00eetes de vitesses agricoles<\/a>Nous exportons nos produits dans le monde entier et nous avons acquis une excellente r\u00e9putation gr\u00e2ce \u00e0 la qualit\u00e9 sup\u00e9rieure de nos produits et \u00e0 notre service apr\u00e8s-vente. Nous invitons nos clients, nationaux et internationaux, \u00e0 nous contacter pour n\u00e9gocier, \u00e9changer des informations et\u2026 <a href=\"https:\/\/www.hydraulic-cylinders.net\/fr\/contact-us\/\">coop\u00e9rer avec nous<\/a>!<\/p>\n<p>&nbsp;<\/p>","protected":false},"excerpt":{"rendered":"<p>V30D Series Axial Piston Variable Displacement Hydraulic Pump The V30D series axial piston variable displacement hydraulic pump is a state-of-the-art solution designed to deliver exceptional performance and efficiency in various hydraulic applications. With its advanced engineering, versatile design, and precise control, this hydraulic pump is a game-changer in the industry. The V30D series axial piston [&hellip;]<\/p>","protected":false},"featured_media":1975,"comment_status":"open","ping_status":"closed","template":"","meta":{"_et_pb_use_builder":"","_et_pb_old_content":"","_et_gb_content_width":""},"product_brand":[],"product_cat":[1425],"product_tag":[1426],"class_list":{"0":"post-1963","1":"product","2":"type-product","3":"status-publish","4":"has-post-thumbnail","6":"product_cat-piston-pump","7":"product_tag-hydraulic-pump","9":"first","10":"instock","11":"shipping-taxable","12":"product-type-simple"},"amp_enabled":true,"_links":{"self":[{"href":"https:\/\/www.hydraulic-cylinders.net\/fr\/wp-json\/wp\/v2\/product\/1963","targetHints":{"allow":["GET"]}}],"collection":[{"href":"https:\/\/www.hydraulic-cylinders.net\/fr\/wp-json\/wp\/v2\/product"}],"about":[{"href":"https:\/\/www.hydraulic-cylinders.net\/fr\/wp-json\/wp\/v2\/types\/product"}],"replies":[{"embeddable":true,"href":"https:\/\/www.hydraulic-cylinders.net\/fr\/wp-json\/wp\/v2\/comments?post=1963"}],"wp:featuredmedia":[{"embeddable":true,"href":"https:\/\/www.hydraulic-cylinders.net\/fr\/wp-json\/wp\/v2\/media\/1975"}],"wp:attachment":[{"href":"https:\/\/www.hydraulic-cylinders.net\/fr\/wp-json\/wp\/v2\/media?parent=1963"}],"wp:term":[{"taxonomy":"product_brand","embeddable":true,"href":"https:\/\/www.hydraulic-cylinders.net\/fr\/wp-json\/wp\/v2\/product_brand?post=1963"},{"taxonomy":"product_cat","embeddable":true,"href":"https:\/\/www.hydraulic-cylinders.net\/fr\/wp-json\/wp\/v2\/product_cat?post=1963"},{"taxonomy":"product_tag","embeddable":true,"href":"https:\/\/www.hydraulic-cylinders.net\/fr\/wp-json\/wp\/v2\/product_tag?post=1963"}],"curies":[{"name":"wp","href":"https:\/\/api.w.org\/{rel}","templated":true}]}}