{"id":19689,"date":"2025-04-07T07:01:59","date_gmt":"2025-04-07T07:01:59","guid":{"rendered":"https:\/\/www.hydraulic-cylinders.net\/product\/boom-cylinder-for-tiangong-zg3225lc-9c\/"},"modified":"2025-04-07T07:02:02","modified_gmt":"2025-04-07T07:02:02","slug":"boom-cylinder-for-tiangong-zg3225lc-9c","status":"publish","type":"product","link":"https:\/\/www.hydraulic-cylinders.net\/fr\/produit\/boom-cylinder-for-tiangong-zg3225lc-9c\/","title":{"rendered":"V\u00e9rin de fl\u00e8che pour Tiangong ZG3225LC-9C"},"content":{"rendered":"<h1>V\u00e9rin de fl\u00e8che pour Tiangong ZG3225LC-9C<\/h1>\n<h2>Introduction au v\u00e9rin de fl\u00e8che<\/h2>\n<p>Le v\u00e9rin de fl\u00e8che est un composant essentiel des syst\u00e8mes hydrauliques, con\u00e7u sp\u00e9cifiquement pour contr\u00f4ler les mouvements des godets des engins de chantier tels que les pelles hydrauliques, les chargeuses-pelleteuses et les chargeuses frontales. Ce v\u00e9rin permet au godet de se lever, de s'abaisser et de s'incliner, facilitant ainsi diverses op\u00e9rations de manutention. Il joue un r\u00f4le crucial dans l'am\u00e9lioration de l'efficacit\u00e9 et de la pr\u00e9cision des op\u00e9rations de construction et d'excavation.<\/p>\n<p><img decoding=\"async\" src=\"https:\/\/www.hydraulic-cylinders.net\/wp-content\/uploads\/2025\/04\/songte-company-1.webp\" alt=\"V\u00e9rin de fl\u00e8che\"><\/p>\n<h3>D\u00e9finition et aper\u00e7u<\/h3>\n<p>A bucket cylinder, or boom cylinder, is a type of hydraulic cylinder that provides the necessary force to manipulate the bucket&#8217;s position. These cylinders are engineered to withstand high pressures and loads, making them indispensable in heavy-duty applications. Their ability to provide controlled movements allows operators to execute tasks such as digging, lifting, and loading with ease.<\/p>\n<h2>Caract\u00e9ristiques du v\u00e9rin de fl\u00e8che<\/h2>\n<ul>\n<li><strong>Haute r\u00e9sistance et durabilit\u00e9 :<\/strong> Fabriqu\u00e9 en acier haute r\u00e9sistance ou en aluminium, le v\u00e9rin de fl\u00e8che est con\u00e7u pour supporter des pressions \u00e9lev\u00e9es et des charges importantes. Sa conception assure une r\u00e9sistance \u00e0 l'usure et une protection contre la corrosion, garantissant ainsi une longue dur\u00e9e de vie m\u00eame dans des environnements de travail difficiles.<\/li>\n<li><strong>Fonctionnement hydraulique efficace :<\/strong> Le v\u00e9rin fonctionne gr\u00e2ce \u00e0 la pression d'huile hydraulique, permettant une extension et une r\u00e9traction fluides. Il r\u00e9pond rapidement aux commandes de l'op\u00e9rateur, d\u00e9livrant des forces de pouss\u00e9e et de traction puissantes, adapt\u00e9es aux t\u00e2ches lourdes et complexes.<\/li>\n<li><strong>Types divers :<\/strong> Le v\u00e9rin de fl\u00e8che peut \u00eatre personnalis\u00e9 en version simple effet (fonctionnement dans un seul sens) ou double effet (fonctionnement dans les deux sens) afin de r\u00e9pondre \u00e0 divers besoins op\u00e9rationnels. Certains mod\u00e8les sont t\u00e9lescopiques, permettant une plus grande extension sans augmenter les dimensions ext\u00e9rieures, ce qui est id\u00e9al pour les applications o\u00f9 l'espace est limit\u00e9.<\/li>\n<li><strong>Ing\u00e9nierie de pr\u00e9cision :<\/strong> Chaque cylindre est con\u00e7u avec une pr\u00e9cision m\u00e9ticuleuse afin de garantir des performances et une fiabilit\u00e9 optimales. Cette pr\u00e9cision se traduit par une s\u00e9curit\u00e9 et une efficacit\u00e9 op\u00e9rationnelles accrues.<\/li>\n<li><strong>Fabrication sur mesure :<\/strong> Nous avons la capacit\u00e9 de fabriquer ce produit, qui constitue un remplacement id\u00e9al pour les v\u00e9rins hydrauliques existants.<\/li>\n<\/ul>\n<p><img decoding=\"async\" src=\"https:\/\/www.hydraulic-cylinders.net\/wp-content\/uploads\/2025\/04\/songte-cylinder-head-with-all-kinds-excavator-models.webp\" alt=\"Mod\u00e8les d&#039;excavatrices\"><\/p>\n<h2>Applications du v\u00e9rin de fl\u00e8che<\/h2>\n<h3>\u00c9quipement de construction<\/h3>\n<p>Sur les excavatrices, les v\u00e9rins de fl\u00e8che sont essentiels aux op\u00e9rations de creusement, de chargement et de d\u00e9placement de terre ou de d\u00e9bris. Leur fonction permet un positionnement et une \u00e9l\u00e9vation pr\u00e9cis, cruciaux sur les chantiers. Sur les chargeuses-pelleteuses, ils interviennent \u00e0 la fois dans le creusement et l'\u00e9l\u00e9vation, ce qui en fait des outils polyvalents sur les chantiers.<\/p>\n<h3>machines agricoles<\/h3>\n<p>Sur les chargeuses frontales, les v\u00e9rins de fl\u00e8che facilitent le ramassage, le levage et le transport de la terre, du foin et autres mat\u00e9riaux. Leur robustesse et leur fiabilit\u00e9 garantissent l'efficacit\u00e9 des travaux agricoles, am\u00e9liorant la productivit\u00e9 et r\u00e9duisant les co\u00fbts de main-d'\u0153uvre.<\/p>\n<h3>Excavateurs<\/h3>\n<p>Sur les excavatrices, le v\u00e9rin du godet permet un creusement efficace en assurant une p\u00e9n\u00e9tration optimale du godet dans le sol. Cette capacit\u00e9 est essentielle pour diverses t\u00e2ches, de la construction \u00e0 l'am\u00e9nagement paysager, garantissant ainsi aux op\u00e9rateurs un travail r\u00e9alis\u00e9 avec un minimum d'effort.<\/p>\n<h3>Chargeurs<\/h3>\n<p>Sur les chargeuses frontales, les v\u00e9rins de fl\u00e8che jouent un r\u00f4le crucial dans le levage et le d\u00e9chargement efficaces des charges. Leur conception assure un fonctionnement fluide, r\u00e9duisant ainsi le temps n\u00e9cessaire aux op\u00e9rations de chargement, un facteur essentiel pour maintenir la productivit\u00e9 sur le chantier.<\/p>\n<h2>Consid\u00e9rations de conception et normes de s\u00e9lection<\/h2>\n<h3>Capacit\u00e9 de charge<\/h3>\n<p>Lors du choix d'un v\u00e9rin de fl\u00e8che, il est primordial de bien comprendre sa capacit\u00e9 de charge. Le v\u00e9rin doit pouvoir supporter le poids maximal qu'il rencontrera en fonctionnement. Les ing\u00e9nieurs prennent en compte divers facteurs, notamment le poids des mat\u00e9riaux et la conception globale de l'\u00e9quipement. Une surcharge du v\u00e9rin peut entra\u00eener des d\u00e9faillances catastrophiques\u00a0; il est donc crucial de choisir un composant dont la capacit\u00e9 de charge est sup\u00e9rieure \u00e0 la charge pr\u00e9vue.<\/p>\n<h3>Scellage<\/h3>\n<p>L'\u00e9tanch\u00e9it\u00e9 est un autre point crucial. Le v\u00e9rin doit \u00eatre \u00e9quip\u00e9 de joints de haute qualit\u00e9 afin d'\u00e9viter les fuites d'huile hydraulique, qui peuvent nuire \u00e0 ses performances. Les joints en polyur\u00e9thane ou en caoutchouc nitrile sont souvent utilis\u00e9s pour leur durabilit\u00e9 et leur r\u00e9sistance \u00e0 l'usure. Une \u00e9tanch\u00e9it\u00e9 optimale am\u00e9liore non seulement l'efficacit\u00e9, mais prolonge \u00e9galement la dur\u00e9e de vie du v\u00e9rin.<\/p>\n<h3>Durabilit\u00e9<\/h3>\n<p>La durabilit\u00e9 est essentielle pour les v\u00e9rins de fl\u00e8che, car ils sont soumis \u00e0 des conditions d'utilisation difficiles. Les fabricants privil\u00e9gient l'utilisation de mat\u00e9riaux et de rev\u00eatements robustes qui r\u00e9sistent \u00e0 l'usure et \u00e0 la corrosion. Un v\u00e9rin durable minimise les besoins de maintenance et am\u00e9liore la fiabilit\u00e9, garantissant ainsi un fonctionnement prolong\u00e9 des \u00e9quipements.<\/p>\n<h3>S\u00e9curit\u00e9<\/h3>\n<p>La s\u00e9curit\u00e9 doit \u00eatre une priorit\u00e9 absolue. Les v\u00e9rins hydrauliques doivent int\u00e9grer des m\u00e9canismes de s\u00e9curit\u00e9 afin de pr\u00e9venir toute d\u00e9faillance inattendue en cours de fonctionnement. Il peut s'agir de soupapes de d\u00e9charge et de verrous de s\u00e9curit\u00e9 qui emp\u00eachent le v\u00e9rin de fonctionner en dehors de ses limites de s\u00e9curit\u00e9. Des mesures de s\u00e9curit\u00e9 appropri\u00e9es prot\u00e8gent \u00e0 la fois l'\u00e9quipement et l'op\u00e9rateur.<\/p>\n<h3>Maintenabilit\u00e9<\/h3>\n<p>Enfin, la facilit\u00e9 d'entretien est un crit\u00e8re essentiel dans le processus de s\u00e9lection. Choisir une conception qui simplifie la maintenance et l'inspection permet de gagner du temps et de r\u00e9duire les temps d'arr\u00eat. Des caract\u00e9ristiques telles que des graisseurs accessibles et une proc\u00e9dure de d\u00e9montage simple am\u00e9liorent consid\u00e9rablement la facilit\u00e9 d'entretien, garantissant ainsi un service efficace du v\u00e9rin en cas de besoin.<\/p>\n<p><img decoding=\"async\" src=\"https:\/\/www.hydraulic-cylinders.net\/wp-content\/uploads\/2025\/04\/songte-oil-pipes-and-spare-parts.webp\" alt=\"Conduites d&#039;huile et pi\u00e8ces de rechange\"><\/p>\n<h2>\u00c9tanch\u00e9it\u00e9 et lubrification<\/h2>\n<p>L'efficacit\u00e9 d'un v\u00e9rin de fl\u00e8che d\u00e9pend fortement de ses syst\u00e8mes d'\u00e9tanch\u00e9it\u00e9 et de lubrification. Diff\u00e9rents types de joints sont utilis\u00e9s, notamment les joints de piston et les joints de tige, afin de garantir une \u00e9tanch\u00e9it\u00e9 parfaite entre les pi\u00e8ces mobiles. Ces joints sont g\u00e9n\u00e9ralement fabriqu\u00e9s \u00e0 partir de mat\u00e9riaux \u00e0 haute r\u00e9sistance \u00e0 l'usure, adapt\u00e9s aux conditions difficiles, tels que le polyur\u00e9thane et le caoutchouc nitrile. De plus, le corps du v\u00e9rin et ses extr\u00e9mit\u00e9s filet\u00e9es font l'objet d'un usinage de pr\u00e9cision pour optimiser leur r\u00e9sistance \u00e0 l'usure.<\/p>\n<p>Une lubrification r\u00e9guli\u00e8re est \u00e9galement essentielle\u00a0; il est n\u00e9cessaire d\u2019ajouter p\u00e9riodiquement des huiles hydrauliques appropri\u00e9es afin de r\u00e9duire la friction et l\u2019usure. Un niveau de lubrification ad\u00e9quat prolonge non seulement la dur\u00e9e de vie du v\u00e9rin, mais garantit \u00e9galement des performances optimales en fonctionnement. N\u00e9gliger la lubrification peut entra\u00eener une usure pr\u00e9matur\u00e9e et des pannes potentielles, ce qui en fait un aspect fondamental de la maintenance.<\/p>\n<h2>Mesures de maintenance pr\u00e9ventive<\/h2>\n<ul>\n<li><strong>Inspections r\u00e9guli\u00e8res :<\/strong> Des inspections r\u00e9guli\u00e8res permettent de d\u00e9celer les probl\u00e8mes potentiels avant qu'ils ne s'aggravent. Recherchez les signes d'usure, les fuites et tout bruit inhabituel pendant le fonctionnement.<\/li>\n<li><strong>Lubrification appropri\u00e9e :<\/strong> Assurez-vous que le niveau d'huile hydraulique est correct et que l'huile est de haute qualit\u00e9. Contr\u00f4lez et compl\u00e9tez r\u00e9guli\u00e8rement si n\u00e9cessaire pour maintenir des performances optimales.<\/li>\n<li><strong>Remplacement du joint :<\/strong> Avec le temps, les joints peuvent s'user et n\u00e9cessiter un remplacement. Inspectez-les r\u00e9guli\u00e8rement et remplacez-les d\u00e8s les premiers signes de d\u00e9t\u00e9rioration afin de pr\u00e9venir les fuites et de maintenir l'efficacit\u00e9 du syst\u00e8me.<\/li>\n<\/ul>\n<h2>Directives d'installation<\/h2>\n<p>Une installation correcte du v\u00e9rin de fl\u00e8che est essentielle pour un fonctionnement optimal. Commencez par vous assurer que les surfaces de montage sont propres et exemptes de d\u00e9bris. Alignez correctement le v\u00e9rin et fixez-le \u00e0 l'aide des supports de montage appropri\u00e9s. Un mauvais alignement peut engendrer des contraintes excessives sur les joints et provoquer une d\u00e9faillance pr\u00e9matur\u00e9e.<\/p>\n<p>Apr\u00e8s avoir fix\u00e9 le v\u00e9rin, raccordez les conduites hydrauliques en vous assurant que tous les raccords sont bien serr\u00e9s et \u00e9tanches. Il est essentiel de respecter les couples de serrage pr\u00e9conis\u00e9s par le fabricant afin d'\u00e9viter d'endommager les composants. Une fois l'installation termin\u00e9e, v\u00e9rifiez l'absence de fuites en testant le syst\u00e8me hydraulique \u00e0 basse pression avant de l'utiliser \u00e0 pleine capacit\u00e9.<\/p>\n<p>Consultez r\u00e9guli\u00e8rement les instructions d'installation et les consignes d'entretien fournies par le fabricant afin de garantir un fonctionnement et une s\u00e9curit\u00e9 \u00e0 long terme.<\/p>\n<h2>T\u00e2ches de maintenance courantes<\/h2>\n<h3>Contr\u00f4les r\u00e9guliers<\/h3>\n<p>Il est essentiel de contr\u00f4ler r\u00e9guli\u00e8rement le v\u00e9rin de fl\u00e8che afin de d\u00e9tecter rapidement tout probl\u00e8me potentiel. Inspectez-le attentivement pour d\u00e9celer les signes d'usure, de dommages ou de fuites, et intervenez imm\u00e9diatement en cas de probl\u00e8me afin d'\u00e9viter des dommages plus importants. Une maintenance proactive permet de gagner du temps et de r\u00e9duire les co\u00fbts de r\u00e9paration.<\/p>\n<h3>Lubrification ad\u00e9quate<\/h3>\n<p>Une lubrification ad\u00e9quate est essentielle \u00e0 la long\u00e9vit\u00e9 du v\u00e9rin de fl\u00e8che. Assurez-vous que le niveau d'huile hydraulique est correct et que l'huile utilis\u00e9e est du type recommand\u00e9. Lubrifiez r\u00e9guli\u00e8rement toutes les pi\u00e8ces mobiles afin de r\u00e9duire la friction et l'usure, ce qui peut prolonger la dur\u00e9e de vie du v\u00e9rin.<\/p>\n<h3>Remplacement des joints et contr\u00f4les d'\u00e9talonnage<\/h3>\n<p>Les joints d'\u00e9tanch\u00e9it\u00e9 doivent \u00eatre remplac\u00e9s p\u00e9riodiquement pour garantir leur bon fonctionnement. Inspectez-les r\u00e9guli\u00e8rement afin de d\u00e9tecter toute usure et remplacez-les si n\u00e9cessaire. Des contr\u00f4les d'\u00e9talonnage sont \u00e9galement essentiels pour assurer le fonctionnement du v\u00e9rin dans les limites de ses param\u00e8tres sp\u00e9cifi\u00e9s. Ces contr\u00f4les contribuent \u00e0 maintenir l'efficacit\u00e9 et la s\u00e9curit\u00e9 pendant les op\u00e9rations.<\/p>\n<p><img decoding=\"async\" src=\"https:\/\/www.hydraulic-cylinders.net\/wp-content\/uploads\/2025\/04\/songte-chushion-collar.webp\" alt=\"Collier coussin\u00e9\"><\/p>\n<h2>Consid\u00e9rations de s\u00e9curit\u00e9 et facteurs environnementaux<\/h2>\n<p>Lors de la manipulation de syst\u00e8mes hydrauliques, la s\u00e9curit\u00e9 est primordiale. Les op\u00e9rateurs doivent \u00eatre constamment conscients des risques potentiels li\u00e9s \u00e0 ces syst\u00e8mes, notamment les fuites haute pression et les mouvements brusques. Une formation ad\u00e9quate et le respect des protocoles de s\u00e9curit\u00e9 sont essentiels pour pr\u00e9venir les accidents. Par ailleurs, il convient de prendre en compte les facteurs environnementaux, tels que l'\u00e9limination des fluides hydrauliques, afin de minimiser l'impact \u00e9cologique.<\/p>\n<h2>Diagnostic des pannes et probl\u00e8mes courants<\/h2>\n<ul>\n<li><strong>Perte de performance :<\/strong> Une baisse de performance peut indiquer des fuites de fluide hydraulique ou des probl\u00e8mes de pression. V\u00e9rifiez l'absence de fuites et assurez-vous du bon fonctionnement du syst\u00e8me hydraulique.<\/li>\n<li><strong>Bruits inhabituels :<\/strong> Des bruits de grincement ou de claquement pendant le fonctionnement peuvent signaler des probl\u00e8mes m\u00e9caniques. Inspectez le cylindre afin de d\u00e9tecter d'\u00e9ventuelles d\u00e9faillances de composants.<\/li>\n<li><strong>Surchauffe:<\/strong> Si le syst\u00e8me hydraulique surchauffe, cela peut \u00eatre d\u00fb \u00e0 une lubrification insuffisante ou \u00e0 une surcharge. V\u00e9rifiez le niveau d'huile et inspectez le syst\u00e8me afin de d\u00e9tecter toute obstruction.<\/li>\n<\/ul>\n<h2>Conseils et solutions de d\u00e9pannage<\/h2>\n<p>Pour diagnostiquer et r\u00e9soudre efficacement les probl\u00e8mes du v\u00e9rin de fl\u00e8che, commencez par une inspection visuelle approfondie afin de d\u00e9tecter toute fuite ou tout dommage. Assurez-vous que tous les raccords sont bien serr\u00e9s et que le niveau d'huile hydraulique est correct. En cas de fuite, remplacez les joints et les raccords d\u00e9fectueux.<\/p>\n<p>En cas de probl\u00e8me de performance, inspectez le syst\u00e8me hydraulique afin de d\u00e9tecter toute obstruction ou chute de pression. Corrigez tout probl\u00e8me identifi\u00e9 avant de remettre l'\u00e9quipement en service. Un entretien r\u00e9gulier et le respect des consignes d'utilisation permettent de pr\u00e9venir de nombreux probl\u00e8mes courants et garantissent le bon fonctionnement et l'efficacit\u00e9 du v\u00e9rin de fl\u00e8che.<\/p>\n<p><img decoding=\"async\" src=\"https:\/\/www.hydraulic-cylinders.net\/wp-content\/uploads\/2025\/04\/songte-bushings-with-all-kinds-of-excavator-models.webp\" alt=\"Bagues avec mod\u00e8les d&#039;excavatrice\"><\/p>\n<h2>Pr\u00e9sentation de l'entreprise<\/h2>\n<p>Nous sommes un fabricant et distributeur de premier plan de v\u00e9rins hydrauliques alternatifs, proposant une gamme compl\u00e8te de produits con\u00e7us pour r\u00e9pondre aux besoins des march\u00e9s nationaux et internationaux. Notre engagement envers la qualit\u00e9 se traduit par des m\u00e9thodes de fabrication de pr\u00e9cision, qui font appel \u00e0 des technologies de pointe et \u00e0 un personnel qualifi\u00e9 pour garantir des performances et une fiabilit\u00e9 optimales.<\/p>\n<p>Notre processus de production s'appuie sur des \u00e9quipements de fabrication de pointe et un syst\u00e8me de contr\u00f4le rigoureux, nous permettant d'am\u00e9liorer constamment la qualit\u00e9 de nos produits. Soucieux d'efficacit\u00e9, de pr\u00e9cision et d'exigence, nous nous effor\u00e7ons de r\u00e9pondre aux besoins vari\u00e9s de nos clients gr\u00e2ce \u00e0 un service et un accompagnement personnalis\u00e9s.<\/p>\n<p><img decoding=\"async\" src=\"https:\/\/www.hydraulic-cylinders.net\/wp-content\/uploads\/2025\/04\/songte-company-4.webp\" alt=\"Pr\u00e9sentation de l&#039;entreprise\"><br \/>\n<img decoding=\"async\" src=\"https:\/\/www.hydraulic-cylinders.net\/wp-content\/uploads\/2025\/04\/songte-company-3.webp\" alt=\"Pr\u00e9sentation de l&#039;entreprise\"><\/p>\n<p>Auteur lyl<\/p>","protected":false},"excerpt":{"rendered":"<p>Boom Cylinder For Tiangong ZG3225LC-9C Introduction to Boom Cylinder The Boom Cylinder is a vital component in hydraulic systems, specifically designed for controlling the movement of buckets in heavy machinery such as excavators, backhoe loaders, and front-end loaders. This hydraulic cylinder enables the bucket to lift, lower, and tilt, facilitating various material handling tasks. It [&hellip;]<\/p>","protected":false},"featured_media":17877,"comment_status":"open","ping_status":"closed","template":"","meta":{"_et_pb_use_builder":"","_et_pb_old_content":"","_et_gb_content_width":""},"product_brand":[],"product_cat":[1546],"product_tag":[1547,1496],"class_list":{"0":"post-19689","1":"product","2":"type-product","3":"status-publish","4":"has-post-thumbnail","6":"product_cat-boom-cylinders","7":"product_tag-boom-cylinders","8":"product_tag-hydraulic-cylinders","10":"first","11":"instock","12":"shipping-taxable","13":"product-type-simple"},"amp_enabled":true,"_links":{"self":[{"href":"https:\/\/www.hydraulic-cylinders.net\/fr\/wp-json\/wp\/v2\/product\/19689","targetHints":{"allow":["GET"]}}],"collection":[{"href":"https:\/\/www.hydraulic-cylinders.net\/fr\/wp-json\/wp\/v2\/product"}],"about":[{"href":"https:\/\/www.hydraulic-cylinders.net\/fr\/wp-json\/wp\/v2\/types\/product"}],"replies":[{"embeddable":true,"href":"https:\/\/www.hydraulic-cylinders.net\/fr\/wp-json\/wp\/v2\/comments?post=19689"}],"wp:featuredmedia":[{"embeddable":true,"href":"https:\/\/www.hydraulic-cylinders.net\/fr\/wp-json\/wp\/v2\/media\/17877"}],"wp:attachment":[{"href":"https:\/\/www.hydraulic-cylinders.net\/fr\/wp-json\/wp\/v2\/media?parent=19689"}],"wp:term":[{"taxonomy":"product_brand","embeddable":true,"href":"https:\/\/www.hydraulic-cylinders.net\/fr\/wp-json\/wp\/v2\/product_brand?post=19689"},{"taxonomy":"product_cat","embeddable":true,"href":"https:\/\/www.hydraulic-cylinders.net\/fr\/wp-json\/wp\/v2\/product_cat?post=19689"},{"taxonomy":"product_tag","embeddable":true,"href":"https:\/\/www.hydraulic-cylinders.net\/fr\/wp-json\/wp\/v2\/product_tag?post=19689"}],"curies":[{"name":"wp","href":"https:\/\/api.w.org\/{rel}","templated":true}]}}