{"id":19744,"date":"2025-04-07T07:05:04","date_gmt":"2025-04-07T07:05:04","guid":{"rendered":"https:\/\/www.hydraulic-cylinders.net\/product\/boom-cylinder-for-kato-small-excavator-hd512-3\/"},"modified":"2025-04-07T07:05:07","modified_gmt":"2025-04-07T07:05:07","slug":"boom-cylinder-for-kato-small-excavator-hd512-3","status":"publish","type":"product","link":"https:\/\/www.hydraulic-cylinders.net\/fr\/produit\/boom-cylinder-for-kato-small-excavator-hd512-3\/","title":{"rendered":"V\u00e9rin de fl\u00e8che pour mini-pelle Kato HD512-3"},"content":{"rendered":"<h1>V\u00e9rin de fl\u00e8che pour mini-pelle Kato HD512-3<\/h1>\n<h2>Aper\u00e7u du v\u00e9rin de fl\u00e8che<\/h2>\n<p>Le v\u00e9rin de fl\u00e8che est un composant essentiel des syst\u00e8mes hydrauliques, con\u00e7u principalement pour contr\u00f4ler le mouvement des godets de divers engins de chantier, tels que les pelles hydrauliques, les chargeuses-pelleteuses et les chargeuses frontales. Ce v\u00e9rin permet au godet de se lever, de s'abaisser et de s'incliner, facilitant ainsi les op\u00e9rations de manutention de mat\u00e9riaux. Le v\u00e9rin de fl\u00e8che joue un r\u00f4le crucial dans la performance et la polyvalence des engins de chantier, permettant un contr\u00f4le pr\u00e9cis et le d\u00e9placement de charges lourdes, ce qui le rend indispensable dans les op\u00e9rations de construction et d'excavation.<\/p>\n<p><img decoding=\"async\" src=\"https:\/\/www.hydraulic-cylinders.net\/wp-content\/uploads\/2025\/04\/songte-company-1.webp\" alt=\"V\u00e9rin de fl\u00e8che pour excavatrice\" \/><\/p>\n<h2>Caract\u00e9ristiques de notre v\u00e9rin de fl\u00e8che<\/h2>\n<ul>\n<li>\n<h3>Haute r\u00e9sistance et durabilit\u00e9<\/h3>\n<p>Manufactured from high-strength steel or aluminum, our boom cylinders are designed to withstand high pressure and heavy loads while adapting to harsh working environments. The design considers wear resistance and corrosion resistance, extending the product&#8217;s lifespan.<\/p>\n<\/li>\n<li>\n<h3>Fonctionnement hydraulique efficace<\/h3>\n<p>Utilisant la pression du fluide hydraulique, nos v\u00e9rins assurent une extension et une r\u00e9traction fluides, garantissant une r\u00e9ponse rapide aux commandes de l'op\u00e9rateur et fournissant une force de pouss\u00e9e et de traction puissante, id\u00e9ale pour la gestion de t\u00e2ches op\u00e9rationnelles lourdes et complexes.<\/p>\n<\/li>\n<li>\n<h3>Vari\u00e9t\u00e9 de types<\/h3>\n<p>Nos v\u00e9rins de fl\u00e8che sont disponibles en diff\u00e9rents mod\u00e8les, notamment \u00e0 simple effet (fonctionnant dans un seul sens) et \u00e0 double effet (fonctionnant dans les deux sens). Certains mod\u00e8les sont t\u00e9lescopiques, ce qui permet d'\u00e9tendre la port\u00e9e sans augmenter l'encombrement et les rend particuli\u00e8rement adapt\u00e9s aux applications en espaces restreints.<\/p>\n<\/li>\n<li>\n<h3>Ing\u00e9nierie de pr\u00e9cision<\/h3>\n<p>Chaque cylindre est soumis \u00e0 des tests rigoureux et \u00e0 un contr\u00f4le qualit\u00e9 strict afin de garantir des performances fiables et une longue dur\u00e9e de vie dans des environnements exigeants.<\/p>\n<\/li>\n<li>\n<h3>Applications polyvalentes<\/h3>\n<p>Con\u00e7us pour \u00eatre compatibles avec diff\u00e9rents mod\u00e8les d'excavatrices, nos v\u00e9rins peuvent remplacer les pi\u00e8ces d'origine sans probl\u00e8me, garantissant ainsi des performances optimales.<\/p>\n<\/li>\n<\/ul>\n<p><img decoding=\"async\" src=\"https:\/\/www.hydraulic-cylinders.net\/wp-content\/uploads\/2025\/04\/songte-cylinder-head-with-all-kinds-excavator-models.webp\" alt=\"Compatibilit\u00e9 des mod\u00e8les d&#039;excavatrices\" \/><\/p>\n<h2>Sc\u00e9narios d'application<\/h2>\n<ul>\n<li>\n<h3>\u00c9quipement de construction<\/h3>\n<p>Sur les excavatrices, les v\u00e9rins de fl\u00e8che sont essentiels pour creuser, charger et d\u00e9placer la terre ou les d\u00e9bris. Leur bon fonctionnement est crucial sur les chantiers pour les t\u00e2ches n\u00e9cessitant le levage de charges lourdes et la mise en place pr\u00e9cise de mat\u00e9riaux.<\/p>\n<\/li>\n<li>\n<h3>machines agricoles<\/h3>\n<p>Utilis\u00e9s dans les chargeuses frontales, ces v\u00e9rins sont essentiels pour ramasser, soulever et transporter la terre, le foin et autres mat\u00e9riaux. Leur fonctionnement efficace am\u00e9liore la productivit\u00e9 des exploitations agricoles.<\/p>\n<\/li>\n<li>\n<h3>Excavateurs<\/h3>\n<p>Les v\u00e9rins de la fl\u00e8che permettent au godet de p\u00e9n\u00e9trer efficacement dans le sol, assurant ainsi des actions de creusement efficaces, essentielles pour les travaux d'excavation.<\/p>\n<\/li>\n<li>\n<h3>Chargeurs<\/h3>\n<p>Sur les chargeuses frontales, les v\u00e9rins de fl\u00e8che permettent de lever et de d\u00e9charger efficacement les charges, ce qui en fait des outils essentiels dans les processus de manutention et de construction.<\/p>\n<\/li>\n<\/ul>\n<h2>Consid\u00e9rations de conception et crit\u00e8res de s\u00e9lection<\/h2>\n<ul>\n<li>\n<h3>Capacit\u00e9 de charge<\/h3>\n<p>La capacit\u00e9 de charge est un crit\u00e8re essentiel lors du choix d'un v\u00e9rin de fl\u00e8che. Ce dernier doit pouvoir soulever les charges pr\u00e9vues sans d\u00e9faillance. Cela implique de prendre en compte les charges statiques et dynamiques en fonctionnement.<\/p>\n<\/li>\n<li>\n<h3>Scellage<\/h3>\n<p>Une \u00e9tanch\u00e9it\u00e9 efficace est essentielle pour pr\u00e9venir les fuites d'huile hydraulique, qui peuvent entra\u00eener une baisse de performance et des risques environnementaux. Des joints de haute qualit\u00e9 garantissent une fiabilit\u00e9 \u00e0 long terme et un entretien minimal.<\/p>\n<\/li>\n<li>\n<h3>Durabilit\u00e9<\/h3>\n<p>La durabilit\u00e9 du cylindre d\u00e9pend des mat\u00e9riaux et de sa conception. Choisir des mat\u00e9riaux r\u00e9sistants \u00e0 l'usure et \u00e0 la corrosion prolonge sa dur\u00e9e de vie et r\u00e9duit la fr\u00e9quence des remplacements.<\/p>\n<\/li>\n<li>\n<h3>S\u00e9curit\u00e9<\/h3>\n<p>L'int\u00e9gration de dispositifs de s\u00e9curit\u00e9 tels que des soupapes de d\u00e9charge de pression garantit un fonctionnement s\u00fbr dans des conditions variables, ce qui est essentiel dans des environnements \u00e0 haut risque comme les chantiers de construction.<\/p>\n<\/li>\n<li>\n<h3>Maintenabilit\u00e9<\/h3>\n<p>Il est essentiel de concevoir des v\u00e9rins facilitant la maintenance. Prendre en compte l'accessibilit\u00e9 des composants cl\u00e9s pour l'inspection et l'entretien peut r\u00e9duire consid\u00e9rablement les temps d'arr\u00eat.<\/p>\n<\/li>\n<\/ul>\n<p><img decoding=\"async\" src=\"https:\/\/www.hydraulic-cylinders.net\/wp-content\/uploads\/2025\/04\/songte-oil-pipes-and-spare-parts.webp\" alt=\"Pi\u00e8ces hydrauliques et entretien\" \/><\/p>\n<h2>\u00c9tanch\u00e9it\u00e9 et lubrification<\/h2>\n<p>Une \u00e9tanch\u00e9it\u00e9 et une lubrification ad\u00e9quates sont essentielles \u00e0 la long\u00e9vit\u00e9 des v\u00e9rins hydrauliques. Diff\u00e9rents joints, tels que les joints de piston et les joints de tige, sont fabriqu\u00e9s \u00e0 partir de mat\u00e9riaux durables comme le polyur\u00e9thane et le caoutchouc nitrile, offrant une excellente r\u00e9sistance \u00e0 l'usure. L'usinage de pr\u00e9cision des surfaces du corps du v\u00e9rin et des extr\u00e9mit\u00e9s filet\u00e9es am\u00e9liore la durabilit\u00e9 et r\u00e9duit l'usure. Une lubrification r\u00e9guli\u00e8re, par ajout d'une quantit\u00e9 suffisante d'huile hydraulique, est n\u00e9cessaire pour maintenir des performances optimales et \u00e9viter le fonctionnement \u00e0 sec, source de d\u00e9faillance pr\u00e9matur\u00e9e.<\/p>\n<h2>Mesures de maintenance pr\u00e9ventive<\/h2>\n<ul>\n<li>\n<h3>Inspections r\u00e9guli\u00e8res<\/h3>\n<p>Effectuer des inspections r\u00e9guli\u00e8res des v\u00e9rins hydrauliques pour d\u00e9tecter les fuites, l'usure et autres signes de d\u00e9t\u00e9rioration permet d'identifier les probl\u00e8mes avant qu'ils ne deviennent graves.<\/p>\n<\/li>\n<li>\n<h3>Lubrification appropri\u00e9e<\/h3>\n<p>Le maintien de niveaux de lubrification ad\u00e9quats et l'utilisation du type d'huile hydraulique appropri\u00e9 sont essentiels pour un fonctionnement fluide et pour minimiser la friction entre les pi\u00e8ces mobiles.<\/p>\n<\/li>\n<li>\n<h3>Remplacement du joint<\/h3>\n<p>Le contr\u00f4le et le remplacement r\u00e9guliers des joints d'\u00e9tanch\u00e9it\u00e9, selon les besoins, permettent de maintenir la pression hydraulique et d'\u00e9viter les fuites, garantissant ainsi le bon fonctionnement du syst\u00e8me.<\/p>\n<\/li>\n<\/ul>\n<h2>Directives d'installation<\/h2>\n<p>Proper installation of the boom cylinder is crucial for its performance and longevity. Begin by ensuring that the cylinder is properly aligned with the attachment points on the excavator. It is advisable to use appropriate mounting brackets to secure the cylinder firmly in place. Ensure that all hardware is tightened to the manufacturer\u2019s specifications to avoid any loosening during operation. Furthermore, check the hydraulic connections for leaks and confirm that the hydraulic oil is filled to the correct level before testing the cylinder\u2019s functionality. Always follow the manufacturer&#8217;s installation instructions closely to ensure optimal performance.<\/p>\n<h2>T\u00e2ches de maintenance courantes<\/h2>\n<ul>\n<li>\n<h3>Contr\u00f4les r\u00e9guliers<\/h3>\n<p>Conduct frequent checks on the hydraulic system&#8217;s pressure and performance. Monitoring for any irregularities ensures that minor issues are addressed promptly before leading to major failures.<\/p>\n<\/li>\n<li>\n<h3>Lubrification ad\u00e9quate<\/h3>\n<p>Assurez une lubrification ad\u00e9quate en utilisant une huile hydraulique de haute qualit\u00e9 et en l'appliquant aux intervalles recommand\u00e9s afin de minimiser l'usure des composants du cylindre.<\/p>\n<\/li>\n<li>\n<h3>Remplacement et \u00e9talonnage des joints<\/h3>\n<p>Remplacez r\u00e9guli\u00e8rement les joints us\u00e9s et effectuez des contr\u00f4les d'\u00e9talonnage afin de maintenir la pr\u00e9cision des op\u00e9rations hydrauliques. Cela am\u00e9liorera la fiabilit\u00e9 et l'efficacit\u00e9 du syst\u00e8me.<\/p>\n<\/li>\n<\/ul>\n<p><img decoding=\"async\" src=\"https:\/\/www.hydraulic-cylinders.net\/wp-content\/uploads\/2025\/04\/songte-chushion-collar.webp\" alt=\"Amortissement cylindrique\" \/><\/p>\n<h2>Consid\u00e9rations de s\u00e9curit\u00e9 et facteurs environnementaux<\/h2>\n<p>Lors de l'utilisation de v\u00e9rins hydrauliques, les mesures de s\u00e9curit\u00e9 sont primordiales pour prot\u00e9ger le personnel et le mat\u00e9riel. Il est imp\u00e9ratif de toujours v\u00e9rifier la pr\u00e9sence des dispositifs de s\u00e9curit\u00e9 et de s'assurer que les op\u00e9rateurs sont form\u00e9s aux bonnes pratiques de manipulation. Les facteurs environnementaux, tels que les temp\u00e9ratures extr\u00eames et l'exposition \u00e0 des substances corrosives, doivent \u00e9galement \u00eatre pris en compte, car ils peuvent affecter les performances et la dur\u00e9e de vie des v\u00e9rins. Des formations r\u00e9guli\u00e8res aux protocoles de s\u00e9curit\u00e9 et \u00e0 la protection de l'environnement permettent de r\u00e9duire consid\u00e9rablement les risques d'accidents et de d\u00e9faillances du mat\u00e9riel.<\/p>\n<h2>Diagnostic des pannes et probl\u00e8mes courants<\/h2>\n<ul>\n<li>\n<h3>Fuites hydrauliques<\/h3>\n<p>Les fuites indiquent souvent des joints us\u00e9s ou des composants endommag\u00e9s. Inspectez r\u00e9guli\u00e8rement le syst\u00e8me afin de d\u00e9tecter toute perte de fluide et intervenez rapidement pour \u00e9viter les pannes.<\/p>\n<\/li>\n<li>\n<h3>Mouvement erratique<\/h3>\n<p>Si le v\u00e9rin fonctionne de mani\u00e8re irr\u00e9guli\u00e8re ou ne r\u00e9pond pas, cela peut \u00eatre d\u00fb \u00e0 un niveau d'huile hydraulique insuffisant ou \u00e0 la pr\u00e9sence d'air dans le circuit. V\u00e9rifiez le niveau d'huile et purgez l'air des conduites pour r\u00e9tablir le bon fonctionnement.<\/p>\n<\/li>\n<li>\n<h3>Surchauffe<\/h3>\n<p>Une surchauffe peut indiquer une surcharge ou une lubrification insuffisante. Assurez-vous que le cylindre n'est pas soumis \u00e0 des charges sup\u00e9rieures \u00e0 sa capacit\u00e9 et que la lubrification est correctement assur\u00e9e.<\/p>\n<\/li>\n<\/ul>\n<h2>Conseils de d\u00e9pannage et mesures pr\u00e9ventives<\/h2>\n<p>Pour un diagnostic efficace des pannes, tenez un registre de tous les probl\u00e8mes et r\u00e9parations effectu\u00e9s sur le syst\u00e8me hydraulique. Des contr\u00f4les d'entretien r\u00e9guliers et une attention imm\u00e9diate aux signes d'usure peuvent consid\u00e9rablement r\u00e9duire le risque de probl\u00e8mes graves. La mise en place d'un programme d'entretien pr\u00e9ventif comprenant des inspections et des r\u00e9visions de routine am\u00e9liorera la fiabilit\u00e9 et prolongera la dur\u00e9e de vie du v\u00e9rin de fl\u00e8che.<\/p>\n<p><img decoding=\"async\" src=\"https:\/\/www.hydraulic-cylinders.net\/wp-content\/uploads\/2025\/04\/songte-bushings-with-all-kinds-of-excavator-models.webp\" alt=\"Bagues pour excavatrices\" \/><\/p>\n<h2>Pr\u00e9sentation de l'entreprise<\/h2>\n<p>Nous sommes un fabricant leader de v\u00e9rins hydrauliques alternatifs, offrant une gamme compl\u00e8te de produits qui nous positionne parmi les principaux grossistes sur les march\u00e9s nationaux et internationaux. Nous privil\u00e9gions l'excellence en mati\u00e8re de qualit\u00e9, en nous appuyant sur une strat\u00e9gie de gestion de la production industrielle ax\u00e9e sur des processus de fabrication optimis\u00e9s. Notre entreprise investit dans du personnel technique qualifi\u00e9, des \u00e9quipements de fabrication num\u00e9rique de pointe et des syst\u00e8mes de test sp\u00e9cialis\u00e9s afin d'am\u00e9liorer constamment nos capacit\u00e9s de production. Attach\u00e9s \u00e0 l'efficacit\u00e9, \u00e0 la pr\u00e9cision et \u00e0 la qualit\u00e9, nous nous engageons \u00e0 r\u00e9pondre aux besoins vari\u00e9s de nos clients gr\u00e2ce \u00e0 des solutions personnalis\u00e9es et un service apr\u00e8s-vente performant.<\/p>\n<p><img decoding=\"async\" src=\"https:\/\/www.hydraulic-cylinders.net\/wp-content\/uploads\/2025\/04\/songte-company-4.webp\" alt=\"Pr\u00e9sentation de l&#039;entreprise\" \/><br \/>\n<img decoding=\"async\" src=\"https:\/\/www.hydraulic-cylinders.net\/wp-content\/uploads\/2025\/04\/songte-company-3.webp\" alt=\"Usine de fabrication\" \/><\/p>\n<p>Auteur : lyl<\/p>","protected":false},"excerpt":{"rendered":"<p>Boom Cylinder For Kato Small Excavator HD512-3 Overview of Boom Cylinder The boom cylinder is an essential component in hydraulic systems, primarily designed to control the movement of buckets in various heavy machinery, such as excavators, backhoe loaders, and front loaders. This hydraulic cylinder enables the bucket to lift, lower, and tilt, facilitating material handling [&hellip;]<\/p>","protected":false},"featured_media":17872,"comment_status":"open","ping_status":"closed","template":"","meta":{"_et_pb_use_builder":"","_et_pb_old_content":"","_et_gb_content_width":""},"product_brand":[],"product_cat":[1546],"product_tag":[1547,1496],"class_list":{"0":"post-19744","1":"product","2":"type-product","3":"status-publish","4":"has-post-thumbnail","6":"product_cat-boom-cylinders","7":"product_tag-boom-cylinders","8":"product_tag-hydraulic-cylinders","10":"first","11":"instock","12":"shipping-taxable","13":"product-type-simple"},"amp_enabled":true,"_links":{"self":[{"href":"https:\/\/www.hydraulic-cylinders.net\/fr\/wp-json\/wp\/v2\/product\/19744","targetHints":{"allow":["GET"]}}],"collection":[{"href":"https:\/\/www.hydraulic-cylinders.net\/fr\/wp-json\/wp\/v2\/product"}],"about":[{"href":"https:\/\/www.hydraulic-cylinders.net\/fr\/wp-json\/wp\/v2\/types\/product"}],"replies":[{"embeddable":true,"href":"https:\/\/www.hydraulic-cylinders.net\/fr\/wp-json\/wp\/v2\/comments?post=19744"}],"wp:featuredmedia":[{"embeddable":true,"href":"https:\/\/www.hydraulic-cylinders.net\/fr\/wp-json\/wp\/v2\/media\/17872"}],"wp:attachment":[{"href":"https:\/\/www.hydraulic-cylinders.net\/fr\/wp-json\/wp\/v2\/media?parent=19744"}],"wp:term":[{"taxonomy":"product_brand","embeddable":true,"href":"https:\/\/www.hydraulic-cylinders.net\/fr\/wp-json\/wp\/v2\/product_brand?post=19744"},{"taxonomy":"product_cat","embeddable":true,"href":"https:\/\/www.hydraulic-cylinders.net\/fr\/wp-json\/wp\/v2\/product_cat?post=19744"},{"taxonomy":"product_tag","embeddable":true,"href":"https:\/\/www.hydraulic-cylinders.net\/fr\/wp-json\/wp\/v2\/product_tag?post=19744"}],"curies":[{"name":"wp","href":"https:\/\/api.w.org\/{rel}","templated":true}]}}