{"id":19750,"date":"2025-04-07T07:05:31","date_gmt":"2025-04-07T07:05:31","guid":{"rendered":"https:\/\/www.hydraulic-cylinders.net\/product\/boom-cylinder-for-kato-small-excavator-hd512r\/"},"modified":"2025-04-07T07:05:33","modified_gmt":"2025-04-07T07:05:33","slug":"boom-cylinder-for-kato-small-excavator-hd512r","status":"publish","type":"product","link":"https:\/\/www.hydraulic-cylinders.net\/fr\/produit\/boom-cylinder-for-kato-small-excavator-hd512r\/","title":{"rendered":"V\u00e9rin de fl\u00e8che pour mini-pelle Kato HD512R"},"content":{"rendered":"<h1>V\u00e9rin de fl\u00e8che pour mini-pelle Kato HD512R<\/h1>\n<h2>Aper\u00e7u du v\u00e9rin de fl\u00e8che<\/h2>\n<p>Le v\u00e9rin de fl\u00e8che joue un r\u00f4le crucial dans le syst\u00e8me hydraulique des engins de chantier, notamment des pelles hydrauliques. Con\u00e7u sp\u00e9cifiquement pour contr\u00f4ler les mouvements du godet, il est indispensable pour de nombreuses applications exigeantes. Le v\u00e9rin de fl\u00e8che permet de lever, d'abaisser et d'incliner le godet, facilitant ainsi la manutention des mat\u00e9riaux. Ce v\u00e9rin hydraulique est utilis\u00e9 sur des machines telles que les pelles hydrauliques, les chargeuses-pelleteuses et les chargeuses frontales, garantissant des performances et une productivit\u00e9 optimales m\u00eame dans des environnements de travail difficiles.<\/p>\n<p><img decoding=\"async\" src=\"https:\/\/www.hydraulic-cylinders.net\/wp-content\/uploads\/2025\/04\/songte-company-1.webp\" alt=\"V\u00e9rin de fl\u00e8che\" \/><\/p>\n<h2>Caract\u00e9ristiques du v\u00e9rin de fl\u00e8che<\/h2>\n<ul>\n<li><strong>Haute r\u00e9sistance et durabilit\u00e9 :<\/strong> Fabriqu\u00e9 en acier haute r\u00e9sistance ou en aluminium, ce cylindre peut supporter des pressions \u00e9lev\u00e9es et des charges importantes, ce qui le rend adapt\u00e9 aux conditions de travail difficiles.<\/li>\n<li><strong>Fonctionnement hydraulique efficace :<\/strong> Utilise la pression de l'huile hydraulique pour une extension et une r\u00e9traction en douceur, offrant une r\u00e9ponse rapide aux commandes et des capacit\u00e9s de pouss\u00e9e et de traction puissantes.<\/li>\n<li><strong>Types divers :<\/strong> Disponible en configurations \u00e0 simple effet (utilisant la puissance hydraulique dans une seule direction) ou \u00e0 double effet (utilisant la puissance hydraulique dans les deux directions) pour r\u00e9pondre \u00e0 divers besoins op\u00e9rationnels.<\/li>\n<li><strong>Conception compacte :<\/strong> Certains mod\u00e8les sont dot\u00e9s d'une conception t\u00e9lescopique qui permet une plus grande extension sans augmenter les dimensions externes, id\u00e9ale pour les applications dans des espaces restreints.<\/li>\n<li><strong>Facile d'entretien :<\/strong> Con\u00e7u pour faciliter la maintenance et le remplacement, garantissant un temps d'arr\u00eat minimal pendant les op\u00e9rations.<\/li>\n<\/ul>\n<h2>Capacit\u00e9 de production<\/h2>\n<p>Nous avons la capacit\u00e9 de fabriquer ce produit, ce qui nous permet de garantir que nos v\u00e9rins hydrauliques peuvent parfaitement remplacer les mod\u00e8les existants sur le march\u00e9.<\/p>\n<p><img decoding=\"async\" src=\"https:\/\/www.hydraulic-cylinders.net\/wp-content\/uploads\/2025\/04\/songte-cylinder-head-with-all-kinds-excavator-models.webp\" alt=\"Production de cylindres\" \/><\/p>\n<h2>Sc\u00e9narios d'application<\/h2>\n<h3>\u00c9quipement de construction<\/h3>\n<p>Sur les pelles hydrauliques, les v\u00e9rins de fl\u00e8che sont essentiels pour creuser, charger et d\u00e9placer la terre ou les d\u00e9bris. Ils permettent au godet de p\u00e9n\u00e9trer efficacement dans le sol, ce qui permet aux op\u00e9rateurs de travailler avec efficacit\u00e9. Sur les chargeuses-pelleteuses, le v\u00e9rin de fl\u00e8che facilite les op\u00e9rations de creusement et de levage, offrant une grande polyvalence sur le chantier.<\/p>\n<h3>machines agricoles<\/h3>\n<p>Utilis\u00e9s sur les chargeuses frontales, les v\u00e9rins de fl\u00e8che facilitent le ramassage, le levage et le transport de la terre, du foin et d'autres mat\u00e9riaux, ce qui les rend indispensables en milieu agricole. Leur robustesse et leur fiabilit\u00e9 permettent aux agriculteurs de poursuivre leurs t\u00e2ches sans interruption.<\/p>\n<h3>Excavateurs<\/h3>\n<p>Les v\u00e9rins de fl\u00e8che facilitent le creusement en permettant au godet de p\u00e9n\u00e9trer dans le sol. Cette capacit\u00e9 est essentielle au bon fonctionnement des excavatrices lors des travaux de construction et d'am\u00e9nagement paysager, garantissant ainsi une performance optimale sur diff\u00e9rents types de terrains.<\/p>\n<h3>Chargeurs<\/h3>\n<p>Sur les chargeuses frontales, les v\u00e9rins de fl\u00e8che assurent le levage et le d\u00e9chargement efficaces des charges. Leur performance lors des op\u00e9rations de levage est essentielle \u00e0 la manutention des mat\u00e9riaux, garantissant ainsi le transport et le d\u00e9p\u00f4t efficaces des marchandises.<\/p>\n<h2>Consid\u00e9rations de conception et crit\u00e8res de s\u00e9lection<\/h2>\n<ul>\n<li><strong>Capacit\u00e9 de charge :<\/strong> La conception doit tenir compte de la charge maximale que le cylindre peut supporter. Cela implique de choisir des mat\u00e9riaux capables de r\u00e9sister aux contraintes op\u00e9rationnelles sans compromettre la s\u00e9curit\u00e9.<\/li>\n<li><strong>Int\u00e9grit\u00e9 de l'\u00e9tanch\u00e9it\u00e9 :<\/strong> Une \u00e9tanch\u00e9it\u00e9 efficace est essentielle pour pr\u00e9venir les fuites d'huile hydraulique. Des joints de haute qualit\u00e9 doivent \u00eatre utilis\u00e9s pour maintenir la pression et garantir un fonctionnement optimal.<\/li>\n<li><strong>Durabilit\u00e9:<\/strong> Les mat\u00e9riaux choisis doivent \u00eatre r\u00e9sistants \u00e0 l'usure, garantissant ainsi une longue dur\u00e9e de vie m\u00eame dans des conditions difficiles. Il convient notamment de prendre en compte les traitements anticorrosion.<\/li>\n<li><strong>Caract\u00e9ristiques de s\u00e9curit\u00e9 :<\/strong> L'int\u00e9gration de mesures de s\u00e9curit\u00e9 telles que des soupapes de d\u00e9charge de pression peut pr\u00e9venir les accidents et am\u00e9liorer la s\u00e9curit\u00e9 des op\u00e9rateurs lors d'op\u00e9rations lourdes.<\/li>\n<li><strong>Accessibilit\u00e9 de la maintenance :<\/strong> La conception doit permettre un acc\u00e8s facile aux composants cl\u00e9s pour l'inspection et la maintenance, r\u00e9duisant ainsi les temps d'arr\u00eat et les perturbations op\u00e9rationnelles.<\/li>\n<\/ul>\n<p><img decoding=\"async\" src=\"https:\/\/www.hydraulic-cylinders.net\/wp-content\/uploads\/2025\/04\/songte-oil-pipes-and-spare-parts.webp\" alt=\"Des pi\u00e8ces de rechange\" \/><\/p>\n<h2>\u00c9tanch\u00e9it\u00e9 et lubrification<\/h2>\n<p>L'utilisation de divers \u00e9l\u00e9ments d'\u00e9tanch\u00e9it\u00e9, tels que les joints de piston et les joints de tige, est essentielle pour pr\u00e9server l'int\u00e9grit\u00e9 des v\u00e9rins hydrauliques. Les joints fabriqu\u00e9s \u00e0 partir de mat\u00e9riaux durables comme le polyur\u00e9thane et le caoutchouc nitrile garantissent une r\u00e9sistance \u00e0 l'usure et une longue dur\u00e9e de vie. Le corps du v\u00e9rin et les surfaces d'extr\u00e9mit\u00e9 filet\u00e9es sont usin\u00e9s avec pr\u00e9cision pour accro\u00eetre la r\u00e9sistance \u00e0 l'usure. Une lubrification r\u00e9guli\u00e8re avec une quantit\u00e9 appropri\u00e9e d'huile hydraulique est n\u00e9cessaire pour assurer un fonctionnement fluide et pr\u00e9venir l'usure des pi\u00e8ces mobiles.<\/p>\n<h2>Mesures d'inspection r\u00e9guli\u00e8re et de maintenance pr\u00e9ventive<\/h2>\n<ul>\n<li><strong>Planifier les inspections de routine\u00a0:<\/strong> Des contr\u00f4les r\u00e9guliers permettent de d\u00e9tecter l'usure avant qu'elle ne cause des probl\u00e8mes importants. Soyez attentif aux signes de fuite, aux bruits inhabituels et aux baisses de performance.<\/li>\n<li><strong>Mettre en \u0153uvre les protocoles de lubrification\u00a0:<\/strong> \u00c9tablissez un programme de lubrification de toutes les pi\u00e8ces mobiles. Cela contribuera \u00e0 assurer un fonctionnement fluide et \u00e0 r\u00e9duire l'usure due au frottement.<\/li>\n<li><strong>Remplacement des joints et v\u00e9rifications d'\u00e9talonnage\u00a0:<\/strong> Contr\u00f4lez r\u00e9guli\u00e8rement l'\u00e9tat des joints et remplacez-les si n\u00e9cessaire. Les contr\u00f4les d'\u00e9talonnage garantissent le fonctionnement des syst\u00e8mes hydrauliques \u00e0 des niveaux de pression optimaux, am\u00e9liorant ainsi leurs performances et la s\u00e9curit\u00e9.<\/li>\n<\/ul>\n<h2>Instructions d'installation correctes du produit<\/h2>\n<p>Une installation correcte du v\u00e9rin de fl\u00e8che est essentielle \u00e0 son bon fonctionnement et \u00e0 sa long\u00e9vit\u00e9. Commencez par vous assurer que les surfaces de montage sont propres et exemptes de d\u00e9bris. Veillez \u00e0 un alignement pr\u00e9cis lors de l'installation\u00a0; un mauvais alignement peut entra\u00eener une usure pr\u00e9matur\u00e9e ou une panne. Utilisez des supports de montage adapt\u00e9s pour stabiliser le v\u00e9rin en toute s\u00e9curit\u00e9. Une fois install\u00e9, effectuez un test fonctionnel complet pour garantir son bon fonctionnement avant toute utilisation \u00e0 grande \u00e9chelle. Enfin, familiarisez-vous avec les sp\u00e9cifications du fabricant concernant les couples de serrage lors de l'installation afin d'\u00e9viter tout probl\u00e8me ult\u00e9rieur.<\/p>\n<h2>T\u00e2ches de maintenance courantes<\/h2>\n<ul>\n<li><strong>Inspections r\u00e9guli\u00e8res :<\/strong> Des contr\u00f4les fr\u00e9quents permettent de d\u00e9tecter rapidement les probl\u00e8mes, ce qui autorise des interventions et des r\u00e9parations opportunes. Cette approche proactive minimise les temps d'arr\u00eat et prolonge la dur\u00e9e de vie des cylindres.<\/li>\n<li><strong>Lubrification ad\u00e9quate :<\/strong> Une lubrification r\u00e9guli\u00e8re est essentielle au bon fonctionnement du v\u00e9rin. Veillez \u00e0 utiliser l'huile hydraulique recommand\u00e9e par le fabricant et \u00e0 respecter scrupuleusement le calendrier de lubrification.<\/li>\n<li><strong>Remplacement des joints et v\u00e9rifications d'\u00e9talonnage\u00a0:<\/strong> Avec le temps, les joints peuvent s'user et doivent \u00eatre remplac\u00e9s pour \u00e9viter les fuites. Les contr\u00f4les d'\u00e9talonnage garantissent le fonctionnement des v\u00e9rins hydrauliques \u00e0 la pression souhait\u00e9e, assurant ainsi leur efficacit\u00e9.<\/li>\n<\/ul>\n<h2>Consid\u00e9rations de s\u00e9curit\u00e9 et facteurs environnementaux<\/h2>\n<p>Lors de l'utilisation de v\u00e9rins hydrauliques, la s\u00e9curit\u00e9 est primordiale. Cela implique de former les op\u00e9rateurs aux bonnes pratiques de manipulation et de veiller \u00e0 ce que tous les \u00e9quipements soient r\u00e9guli\u00e8rement inspect\u00e9s et entretenus. Le respect de l'environnement est \u00e9galement essentiel\u00a0; l'utilisation de fluides hydrauliques \u00e9cologiques permet de r\u00e9duire l'impact n\u00e9gatif sur l'\u00e9cosyst\u00e8me environnant, t\u00e9moignant ainsi d'un engagement en faveur du d\u00e9veloppement durable.<\/p>\n<h2>D\u00e9pannage et probl\u00e8mes courants<\/h2>\n<ul>\n<li><strong>Fuite:<\/strong> Souvent caus\u00e9es par des joints us\u00e9s ou des corps de cylindre endommag\u00e9s, les fuites peuvent \u00eatre d\u00e9tect\u00e9es rapidement gr\u00e2ce \u00e0 des contr\u00f4les r\u00e9guliers, \u00e9vitant ainsi les pertes de fluide.<\/li>\n<li><strong>Fonctionnement lent :<\/strong> Cela peut indiquer un niveau d'huile hydraulique insuffisant ou la n\u00e9cessit\u00e9 de purger le syst\u00e8me pour \u00e9liminer l'air emprisonn\u00e9. R\u00e9glez ces probl\u00e8mes rapidement pour r\u00e9tablir le fonctionnement normal.<\/li>\n<li><strong>Bruits inhabituels :<\/strong> Des bruits de grincement ou de cognement peuvent indiquer une panne m\u00e9canique ou la pr\u00e9sence de d\u00e9bris dans le syst\u00e8me. Il convient d'enqu\u00eater imm\u00e9diatement afin d'\u00e9viter d'autres dommages.<\/li>\n<\/ul>\n<p>La mise en \u0153uvre de mesures pr\u00e9ventives telles que des contr\u00f4les d'entretien r\u00e9guliers et la formation des op\u00e9rateurs \u00e0 une utilisation correcte peuvent minimiser les probl\u00e8mes potentiels et prolonger la dur\u00e9e de vie du v\u00e9rin de fl\u00e8che.<\/p>\n<p><img decoding=\"async\" src=\"https:\/\/www.hydraulic-cylinders.net\/wp-content\/uploads\/2025\/04\/songte-bushings-with-all-kinds-of-excavator-models.webp\" alt=\"Mod\u00e8les d&#039;excavatrices\" \/><\/p>\n<h2>\u00c0 propos de notre entreprise<\/h2>\n<p>Nous sommes un fabricant et distributeur en gros de premier plan de v\u00e9rins hydrauliques de remplacement, offrant une vaste gamme de produits destin\u00e9s aux march\u00e9s nationaux et internationaux. Notre engagement envers l'excellence se traduit par des strat\u00e9gies de production optimis\u00e9es, qui s'appuient sur des comp\u00e9tences techniques pointues, des \u00e9quipements de fabrication num\u00e9rique de pointe et des syst\u00e8mes de test professionnels. Cette am\u00e9lioration continue de notre plateforme de production garantit une fabrication de qualit\u00e9, nous permettant de r\u00e9pondre aux besoins vari\u00e9s de nos clients avec efficacit\u00e9, pr\u00e9cision et un haut niveau de qualit\u00e9.<\/p>\n<h3>Notre avantage professionnel<\/h3>\n<ul>\n<li><strong>Comp\u00e9tence:<\/strong> Notre \u00e9quipe est compos\u00e9e de professionnels qualifi\u00e9s poss\u00e9dant une vaste exp\u00e9rience dans la production de v\u00e9rins hydrauliques, garantissant une qualit\u00e9 et des performances optimales.<\/li>\n<li><strong>Certifications internationales :<\/strong> Nous respectons diverses normes internationales, ce qui garantit la qualit\u00e9 et la fiabilit\u00e9 de nos produits.<\/li>\n<li><strong>Solutions personnalis\u00e9es :<\/strong> Nous proposons des services sur mesure pour r\u00e9pondre aux exigences sp\u00e9cifiques de nos clients, garantissant ainsi que nos produits correspondent parfaitement \u00e0 leurs besoins op\u00e9rationnels.<\/li>\n<li><strong>\u00c9quipement de production avanc\u00e9 :<\/strong> Nos installations de fabrication ultramodernes sont \u00e9quip\u00e9es de technologies de pointe, ce qui nous permet de produire efficacement des v\u00e9rins hydrauliques de haute qualit\u00e9.<\/li>\n<li><strong>Assistance apr\u00e8s-vente :<\/strong> Nous proposons un service apr\u00e8s-vente performant, garantissant la satisfaction et le soutien du client tout au long du cycle de vie du produit.<\/li>\n<\/ul>\n<p><img decoding=\"async\" src=\"https:\/\/www.hydraulic-cylinders.net\/wp-content\/uploads\/2025\/04\/songte-company-4.webp\" alt=\"Pr\u00e9sentation de l&#039;entreprise\" \/><br \/>\n<img decoding=\"async\" src=\"https:\/\/www.hydraulic-cylinders.net\/wp-content\/uploads\/2025\/04\/songte-company-3.webp\" alt=\"Installations de l&#039;entreprise\" \/><\/p>\n<p>Auteur : lyl<\/p>","protected":false},"excerpt":{"rendered":"<p>Boom Cylinder For Kato Small Excavator HD512R Overview of the Boom Cylinder The boom cylinder plays a crucial role in the hydraulic system of construction machinery, particularly in excavators. It is specifically designed to control the movement of the bucket and is essential for various heavy-duty applications. The boom cylinder allows the bucket to lift, [&hellip;]<\/p>","protected":false},"featured_media":17878,"comment_status":"open","ping_status":"closed","template":"","meta":{"_et_pb_use_builder":"","_et_pb_old_content":"","_et_gb_content_width":""},"product_brand":[],"product_cat":[1546],"product_tag":[1547,1496],"class_list":{"0":"post-19750","1":"product","2":"type-product","3":"status-publish","4":"has-post-thumbnail","6":"product_cat-boom-cylinders","7":"product_tag-boom-cylinders","8":"product_tag-hydraulic-cylinders","10":"first","11":"instock","12":"shipping-taxable","13":"product-type-simple"},"amp_enabled":true,"_links":{"self":[{"href":"https:\/\/www.hydraulic-cylinders.net\/fr\/wp-json\/wp\/v2\/product\/19750","targetHints":{"allow":["GET"]}}],"collection":[{"href":"https:\/\/www.hydraulic-cylinders.net\/fr\/wp-json\/wp\/v2\/product"}],"about":[{"href":"https:\/\/www.hydraulic-cylinders.net\/fr\/wp-json\/wp\/v2\/types\/product"}],"replies":[{"embeddable":true,"href":"https:\/\/www.hydraulic-cylinders.net\/fr\/wp-json\/wp\/v2\/comments?post=19750"}],"wp:featuredmedia":[{"embeddable":true,"href":"https:\/\/www.hydraulic-cylinders.net\/fr\/wp-json\/wp\/v2\/media\/17878"}],"wp:attachment":[{"href":"https:\/\/www.hydraulic-cylinders.net\/fr\/wp-json\/wp\/v2\/media?parent=19750"}],"wp:term":[{"taxonomy":"product_brand","embeddable":true,"href":"https:\/\/www.hydraulic-cylinders.net\/fr\/wp-json\/wp\/v2\/product_brand?post=19750"},{"taxonomy":"product_cat","embeddable":true,"href":"https:\/\/www.hydraulic-cylinders.net\/fr\/wp-json\/wp\/v2\/product_cat?post=19750"},{"taxonomy":"product_tag","embeddable":true,"href":"https:\/\/www.hydraulic-cylinders.net\/fr\/wp-json\/wp\/v2\/product_tag?post=19750"}],"curies":[{"name":"wp","href":"https:\/\/api.w.org\/{rel}","templated":true}]}}