{"id":20173,"date":"2025-05-12T02:57:12","date_gmt":"2025-05-12T02:57:12","guid":{"rendered":"https:\/\/www.hydraulic-cylinders.net\/?post_type=product&#038;p=20173"},"modified":"2025-05-12T05:09:56","modified_gmt":"2025-05-12T05:09:56","slug":"luffing-hydraulic-cylinders-for-telescopic-crawler-crane","status":"publish","type":"product","link":"https:\/\/www.hydraulic-cylinders.net\/fr\/produit\/luffing-hydraulic-cylinders-for-telescopic-crawler-crane\/","title":{"rendered":"V\u00e9rins hydrauliques de relevage pour grue t\u00e9lescopique sur chenilles"},"content":{"rendered":"<h1 style=\"text-align: center;\"><strong>V\u00e9rins hydrauliques de relevage pour grue t\u00e9lescopique sur chenilles<\/strong><\/h1>\n<p><img loading=\"lazy\" decoding=\"async\" class=\"wp-image-20174 aligncenter\" src=\"https:\/\/www.hydraulic-cylinders.net\/wp-content\/uploads\/2025\/05\/luffing-hydraulic-cylinder-for-telescopic.webp\" alt=\"V\u00e9rin hydraulique de relevage pour grue t\u00e9lescopique sur chenilles\" width=\"500\" height=\"500\" srcset=\"https:\/\/www.hydraulic-cylinders.net\/wp-content\/uploads\/2025\/05\/luffing-hydraulic-cylinder-for-telescopic.webp 500w, https:\/\/www.hydraulic-cylinders.net\/wp-content\/uploads\/2025\/05\/luffing-hydraulic-cylinder-for-telescopic-480x480.webp 480w\" sizes=\"(min-width: 0px) and (max-width: 480px) 480px, (min-width: 481px) 500px, 100vw\" \/><\/p>\n<section id=\"introduction\">Les v\u00e9rins hydrauliques de relevage pour grues t\u00e9lescopiques sur chenilles d'Ever-Power Huachang Hydraulic sont des v\u00e9rins hydrauliques de pointe con\u00e7us pour un contr\u00f4le pr\u00e9cis de l'angle de fl\u00e8che. Compatibles avec diff\u00e9rents mod\u00e8les, ces v\u00e9rins optimisent les op\u00e9rations de levage des grues t\u00e9lescopiques dans les secteurs de la construction, des mines et de l'industrie. Robustes et con\u00e7us pour durer, ces v\u00e9rins hydrauliques pour grues sur chenilles sont capables de g\u00e9rer les t\u00e2ches les plus exigeantes avec aisance.<\/section>\n<section id=\"specifications\">\n<h2><strong>Sp\u00e9cifications techniques :<\/strong><\/h2>\n<p><img loading=\"lazy\" decoding=\"async\" class=\"aligncenter wp-image-20176 size-full\" src=\"https:\/\/www.hydraulic-cylinders.net\/wp-content\/uploads\/2025\/05\/telescopic-crawler-crane.webp\" alt=\"Construction de grues t\u00e9lescopiques sur chenilles\" width=\"640\" height=\"358\" srcset=\"https:\/\/www.hydraulic-cylinders.net\/wp-content\/uploads\/2025\/05\/telescopic-crawler-crane.webp 640w, https:\/\/www.hydraulic-cylinders.net\/wp-content\/uploads\/2025\/05\/telescopic-crawler-crane-480x269.webp 480w\" sizes=\"(min-width: 0px) and (max-width: 480px) 480px, (min-width: 481px) 640px, 100vw\" \/><\/p>\n<p><strong>Fonction:<\/strong> Contr\u00f4ler le mouvement du bras principal<br \/>\n<strong>Diam\u00e8tre du cylindre :<\/strong> 220 mm-320 mm<br \/>\n<strong>Diam\u00e8tre de la tige :<\/strong> 180 mm-280 mm<br \/>\n<strong>Voyage:<\/strong> 2000 mm - 4000 mm<br \/>\n<strong>Pression maximale :<\/strong> 32 MPa<br \/>\n<strong>Pouss\u00e9e maximale :<\/strong> 2574KN<\/p>\n<\/section>\n<section id=\"features\">\n<h2><strong>Caract\u00e9ristiques principales des v\u00e9rins hydrauliques de relevage pour grue t\u00e9lescopique sur chenilles\u00a0:<\/strong><\/h2>\n<ul>\n<li><strong>Contr\u00f4le pr\u00e9cis du relevage :<\/strong> Les v\u00e9rins hydrauliques de relevage pour grues t\u00e9lescopiques sur chenilles permettent des r\u00e9glages pr\u00e9cis de l'angle de fl\u00e8che, ce qui rend ce v\u00e9rin de grue t\u00e9lescopique id\u00e9al pour les levages dans des espaces confin\u00e9s et sur des terrains complexes.<\/li>\n<li><strong>Construction robuste :<\/strong>\u00a0Fabriqu\u00e9 en acier alli\u00e9 haute r\u00e9sistance et dot\u00e9 d'un rev\u00eatement anticorrosion, ce v\u00e9rin hydraulique pour grue t\u00e9lescopique sur chenilles r\u00e9siste aux environnements difficiles, garantissant une performance durable en tant que v\u00e9rin de relevage robuste pour grues.<\/li>\n<li><strong>Conception personnalisable\u00a0:<\/strong>\u00a0Gr\u00e2ce \u00e0 ses longueurs de course et ses diam\u00e8tres d'al\u00e9sage r\u00e9glables, le v\u00e9rin hydraulique pour grue sur chenilles avec commande de relevage s'adapte aux diff\u00e9rents besoins de levage des grues t\u00e9lescopiques, am\u00e9liorant ainsi la flexibilit\u00e9 op\u00e9rationnelle.<\/li>\n<li><strong>Efficacit\u00e9 \u00e0 haute pression :<\/strong>\u00a0Con\u00e7u pour supporter jusqu'\u00e0 400 bars, ce v\u00e9rin hydraulique \u00e0 fl\u00e8che relevable assure une puissance fiable pour les applications de v\u00e9rins hydrauliques robustes, minimisant ainsi les temps d'arr\u00eat lors des op\u00e9rations de grue.<\/li>\n<\/ul>\n<\/section>\n<section id=\"applications\">\n<h2><strong>Applications des v\u00e9rins hydrauliques de relevage pour grue t\u00e9lescopique sur chenilles\u00a0:<\/strong><\/h2>\n<p><img loading=\"lazy\" decoding=\"async\" class=\"alignnone size-full wp-image-20177\" src=\"https:\/\/www.hydraulic-cylinders.net\/wp-content\/uploads\/2025\/05\/luffing-hydraulic-cylinders-for-telescopic-crawler-crane-application.webp\" alt=\"V\u00e9rins hydrauliques de relevage pour application sur grue t\u00e9lescopique sur chenilles\" width=\"1077\" height=\"616\" srcset=\"https:\/\/www.hydraulic-cylinders.net\/wp-content\/uploads\/2025\/05\/luffing-hydraulic-cylinders-for-telescopic-crawler-crane-application.webp 1077w, https:\/\/www.hydraulic-cylinders.net\/wp-content\/uploads\/2025\/05\/luffing-hydraulic-cylinders-for-telescopic-crawler-crane-application-980x561.webp 980w, https:\/\/www.hydraulic-cylinders.net\/wp-content\/uploads\/2025\/05\/luffing-hydraulic-cylinders-for-telescopic-crawler-crane-application-480x275.webp 480w\" sizes=\"(min-width: 0px) and (max-width: 480px) 480px, (min-width: 481px) and (max-width: 980px) 980px, (min-width: 981px) 1077px, 100vw\" \/><\/p>\n<ul>\n<li><strong>Projets de construction d'immeubles de grande hauteur\u00a0:<\/strong> Les v\u00e9rins hydrauliques de relevage pour grues t\u00e9lescopiques sur chenilles sont particuli\u00e8rement performants dans les travaux de grande hauteur, tels que la construction de gratte-ciel et l'installation de ponts. Ils constituent une solution de remplacement id\u00e9ale pour un positionnement pr\u00e9cis des charges. Gr\u00e2ce \u00e0 leur commande de relevage, ces v\u00e9rins garantissent des r\u00e9glages pr\u00e9cis de la fl\u00e8che, m\u00eame dans les espaces urbains restreints, am\u00e9liorant ainsi la s\u00e9curit\u00e9 et la productivit\u00e9 des op\u00e9rateurs manipulant des mat\u00e9riaux lourds comme les poutres d'acier et les panneaux pr\u00e9fabriqu\u00e9s en b\u00e9ton.<\/li>\n<li><strong>Op\u00e9rations mini\u00e8res en terrains accident\u00e9s\u00a0:<\/strong>\u00a0Con\u00e7u pour les environnements miniers les plus difficiles, ce v\u00e9rin hydraulique pour grue t\u00e9lescopique assure des r\u00e9glages de fl\u00e8che stables et pr\u00e9cis lors de la manutention de charges lourdes, comme du minerai ou des \u00e9quipements de grande taille, sur des terrains accident\u00e9s. Ce v\u00e9rin de relevage robuste r\u00e9siste aux conditions abrasives, telles que la poussi\u00e8re et l'humidit\u00e9, offrant ainsi une solution fiable pour les grues sur chenilles. Il optimise l'efficacit\u00e9 op\u00e9rationnelle et minimise les temps d'arr\u00eat sur les sites miniers isol\u00e9s.<\/li>\n<li><strong>Levage industriel dans les industries lourdes\u00a0:<\/strong>\u00a0Id\u00e9al pour les applications industrielles telles que la maintenance des centrales \u00e9lectriques et les op\u00e9rations navales, le v\u00e9rin t\u00e9lescopique de la grue permet une manutention s\u00fbre et efficace des charges hors gabarit, comme les turbines ou les conteneurs maritimes. Le v\u00e9rin hydraulique \u00e0 relevage offre un contr\u00f4le pr\u00e9cis pour les op\u00e9rations de levage complexes, gr\u00e2ce \u00e0 une conception robuste qui garantit durabilit\u00e9 et pr\u00e9cision m\u00eame dans des conditions difficiles, optimisant ainsi les flux de travail dans les environnements industriels critiques.<\/li>\n<\/ul>\n<\/section>\n<section id=\"explore-more\">\n<h2><strong>D\u00e9couvrez plus de v\u00e9rins pour grues sur chenilles\u00a0:<\/strong><\/h2>\n<p dir=\"auto\">Nous proposons une vaste s\u00e9lection de v\u00e9rins pour grues sur chenilles afin de r\u00e9pondre \u00e0 un large \u00e9ventail de besoins de levage. Des v\u00e9rins hydrauliques pour grues t\u00e9lescopiques aux v\u00e9rins de relevage haute performance pour grues, Ever-Power Huachang Hydraulic fournit des solutions sur mesure. D\u00e9couvrez notre gamme compl\u00e8te. <a href=\"https:\/\/www.hydraulic-cylinders.net\/fr\/mobile-crane-hydraulic-cylinders\/\">v\u00e9rins de grue sur chenilles<\/a> pour trouver la solution id\u00e9ale pour vos op\u00e9rations de grue.<\/p>\n<h2 class=\"header-jfw95c auto-hide-last-sibling-br\"><strong>Quels sont les \u00e9l\u00e9ments d'entretien courants pour les v\u00e9rins hydrauliques de relevage des grues t\u00e9lescopiques sur chenilles\u00a0?<\/strong><\/h2>\n<ul class=\"auto-hide-last-sibling-br\">\n<li><strong>inspections r\u00e9guli\u00e8res<\/strong>V\u00e9rifiez visuellement l'\u00e9tat des v\u00e9rins de relevage hydrauliques\u00a0: recherchez tout signe de dommage, de fuite ou d'usure excessive. Examinez les joints d'huile autour du v\u00e9rin et recherchez des joints endommag\u00e9s, des tiges tordues ou tout autre probl\u00e8me visible. Inspectez \u00e9galement les flexibles et les raccords hydrauliques pour d\u00e9tecter toute usure, fissure ou fuite.<\/li>\n<li><strong>v\u00e9rification du niveau de liquide<\/strong>: Regularly monitor the hydraulic fluid level in the system to ensure it is at the correct level according to the manufacturer&#8217;s recommendations. If the fluid level is low, add the appropriate hydraulic fluid as specified.<\/li>\n<li><strong>Qualit\u00e9 du fluide<\/strong>V\u00e9rifiez la qualit\u00e9 et l'\u00e9tat du fluide hydraulique. Recherchez tout signe de contamination, comme des salet\u00e9s, de l'eau ou des d\u00e9bris. Si le fluide est trouble ou contamin\u00e9, il peut \u00eatre n\u00e9cessaire de le vidanger et de le remplacer.<\/li>\n<li><strong>Lubrification des composants<\/strong>: Lubricate the moving components of the hydraulic luffing cylinder as per the manufacturer&#8217;s recommendations. This may involve applying grease to specific points, such as pivot joints or rod ends, to ensure smooth operation and reduce friction.<\/li>\n<li><strong>Inspection et remplacement des joints<\/strong>Les v\u00e9rins hydrauliques de relevage utilisent des joints d'\u00e9tanch\u00e9it\u00e9 pour pr\u00e9venir les fuites de fluide et garantir l'int\u00e9grit\u00e9 du syst\u00e8me. Inspectez r\u00e9guli\u00e8rement les joints afin de d\u00e9tecter toute usure, tout dommage ou toute fuite. Si un joint est endommag\u00e9, il convient de le remplacer imm\u00e9diatement pour \u00e9viter toute perte de fluide et une \u00e9ventuelle d\u00e9faillance du v\u00e9rin.<\/li>\n<\/ul>\n<\/section>\n<section id=\"company-introduction\">\n<h2><strong>\u00c0 propos d'Ever-Power Huachang Hydraulic\u00a0:<\/strong><\/h2>\n<h2><img loading=\"lazy\" decoding=\"async\" class=\"alignnone size-full wp-image-16972\" src=\"https:\/\/www.hydraulic-cylinders.net\/wp-content\/uploads\/2025\/01\/hydraulic-cylinder-factory-1-scaled.webp\" alt=\"\" width=\"2016\" height=\"2560\" srcset=\"https:\/\/www.hydraulic-cylinders.net\/wp-content\/uploads\/2025\/01\/hydraulic-cylinder-factory-1-scaled.webp 2016w, https:\/\/www.hydraulic-cylinders.net\/wp-content\/uploads\/2025\/01\/hydraulic-cylinder-factory-1-1280x1625.webp 1280w, https:\/\/www.hydraulic-cylinders.net\/wp-content\/uploads\/2025\/01\/hydraulic-cylinder-factory-1-980x1244.webp 980w, https:\/\/www.hydraulic-cylinders.net\/wp-content\/uploads\/2025\/01\/hydraulic-cylinder-factory-1-480x610.webp 480w\" sizes=\"(min-width: 0px) and (max-width: 480px) 480px, (min-width: 481px) and (max-width: 980px) 980px, (min-width: 981px) and (max-width: 1280px) 1280px, (min-width: 1281px) 2016px, 100vw\" \/><\/h2>\n<p dir=\"auto\">Ever-Power Huachang Hydraulic est un chef de file du secteur gr\u00e2ce \u00e0 sa plateforme de R&amp;D de pointe ax\u00e9e sur des solutions innovantes pour v\u00e9rins hydrauliques. Nos ing\u00e9nieurs experts d\u00e9veloppent des composants haute performance, garantissant une qualit\u00e9 optimale pour des applications telles que les grues automobiles et les grues t\u00e9lescopiques sur chenilles.<\/p>\n<p dir=\"auto\">Notre usine de fabrication moderne int\u00e8gre des lignes d'assemblage automatis\u00e9es et un usinage de pr\u00e9cision, produisant jusqu'\u00e0 un million de cylindres par an. Gr\u00e2ce \u00e0 nos ateliers sp\u00e9cialis\u00e9s de nettoyage, d'assemblage et de rev\u00eatement, nous fournissons des cylindres robustes, adapt\u00e9s \u00e0 diverses sp\u00e9cifications, et optimisons ainsi l'efficacit\u00e9 op\u00e9rationnelle.<\/p>\n<h2><img loading=\"lazy\" decoding=\"async\" class=\"alignnone size-full wp-image-16973\" src=\"https:\/\/www.hydraulic-cylinders.net\/wp-content\/uploads\/2025\/01\/hydraulic-cylinder-factory-2-scaled.webp\" alt=\"\" width=\"2011\" height=\"2560\" srcset=\"https:\/\/www.hydraulic-cylinders.net\/wp-content\/uploads\/2025\/01\/hydraulic-cylinder-factory-2-scaled.webp 2011w, https:\/\/www.hydraulic-cylinders.net\/wp-content\/uploads\/2025\/01\/hydraulic-cylinder-factory-2-1280x1629.webp 1280w, https:\/\/www.hydraulic-cylinders.net\/wp-content\/uploads\/2025\/01\/hydraulic-cylinder-factory-2-980x1248.webp 980w, https:\/\/www.hydraulic-cylinders.net\/wp-content\/uploads\/2025\/01\/hydraulic-cylinder-factory-2-480x611.webp 480w\" sizes=\"(min-width: 0px) and (max-width: 480px) 480px, (min-width: 481px) and (max-width: 980px) 980px, (min-width: 981px) and (max-width: 1280px) 1280px, (min-width: 1281px) 2011px, 100vw\" \/><\/h2>\n<p dir=\"auto\">Nous privil\u00e9gions la qualit\u00e9 gr\u00e2ce \u00e0 un laboratoire d'essais d\u00e9di\u00e9, en collaboration avec ZJIMEE, qui utilise des tests \u00e9lectrohydrauliques assist\u00e9s par ordinateur pour mesurer des param\u00e8tres de performance tels que le rendement de charge et les fuites internes. Ceci garantit que nos produits r\u00e9pondent aux normes internationales les plus strictes en mati\u00e8re de s\u00e9curit\u00e9 et de fiabilit\u00e9.<\/p>\n<p dir=\"auto\">Les v\u00e9rins hydrauliques de contrepoids pour grues automobiles t\u00e9moignent de notre engagement envers l'excellence. Con\u00e7us comme des v\u00e9rins hydrauliques haute performance pour des mod\u00e8les tels que Terex et Grove, ils r\u00e9pondent aux exigences les plus \u00e9lev\u00e9es. Reconnue mondialement, Ever-Power Huachang Hydraulic est un leader incontest\u00e9 dans la fabrication de v\u00e9rins hydrauliques.<\/p>\n<\/section>","protected":false},"excerpt":{"rendered":"<p>Luffing Hydraulic Cylinders for Telescopic Crawler Crane The luffing hydraulic cylinders for telescopic crawler crane from ever-power huachang hydraulic are advanced hydraulic cylinder for telescopic crawler crane solutions, designed to control boom angle with precision. Compatible with models, this luffing hydraulic cylinder enhances telescopic crane lifting operations in construction, mining, and industrial settings. Engineered for [&hellip;]<\/p>","protected":false},"featured_media":20175,"comment_status":"open","ping_status":"closed","template":"","meta":{"_et_pb_use_builder":"","_et_pb_old_content":"","_et_gb_content_width":""},"product_brand":[],"product_cat":[1514],"product_tag":[],"class_list":{"0":"post-20173","1":"product","2":"type-product","3":"status-publish","4":"has-post-thumbnail","6":"product_cat-mobile-crane-hydraulic-cylinders","8":"first","9":"instock","10":"shipping-taxable","11":"product-type-simple"},"amp_enabled":true,"_links":{"self":[{"href":"https:\/\/www.hydraulic-cylinders.net\/fr\/wp-json\/wp\/v2\/product\/20173","targetHints":{"allow":["GET"]}}],"collection":[{"href":"https:\/\/www.hydraulic-cylinders.net\/fr\/wp-json\/wp\/v2\/product"}],"about":[{"href":"https:\/\/www.hydraulic-cylinders.net\/fr\/wp-json\/wp\/v2\/types\/product"}],"replies":[{"embeddable":true,"href":"https:\/\/www.hydraulic-cylinders.net\/fr\/wp-json\/wp\/v2\/comments?post=20173"}],"wp:featuredmedia":[{"embeddable":true,"href":"https:\/\/www.hydraulic-cylinders.net\/fr\/wp-json\/wp\/v2\/media\/20175"}],"wp:attachment":[{"href":"https:\/\/www.hydraulic-cylinders.net\/fr\/wp-json\/wp\/v2\/media?parent=20173"}],"wp:term":[{"taxonomy":"product_brand","embeddable":true,"href":"https:\/\/www.hydraulic-cylinders.net\/fr\/wp-json\/wp\/v2\/product_brand?post=20173"},{"taxonomy":"product_cat","embeddable":true,"href":"https:\/\/www.hydraulic-cylinders.net\/fr\/wp-json\/wp\/v2\/product_cat?post=20173"},{"taxonomy":"product_tag","embeddable":true,"href":"https:\/\/www.hydraulic-cylinders.net\/fr\/wp-json\/wp\/v2\/product_tag?post=20173"}],"curies":[{"name":"wp","href":"https:\/\/api.w.org\/{rel}","templated":true}]}}