{"id":20179,"date":"2025-05-12T03:33:34","date_gmt":"2025-05-12T03:33:34","guid":{"rendered":"https:\/\/www.hydraulic-cylinders.net\/?post_type=product&#038;p=20179"},"modified":"2025-05-12T05:20:15","modified_gmt":"2025-05-12T05:20:15","slug":"counterweight-hydraulic-cylinders-for-car-crane","status":"publish","type":"product","link":"https:\/\/www.hydraulic-cylinders.net\/fr\/produit\/counterweight-hydraulic-cylinders-for-car-crane\/","title":{"rendered":"V\u00e9rins hydrauliques de contrepoids pour grue automobile"},"content":{"rendered":"<h1 style=\"text-align: center;\"><strong>V\u00e9rins hydrauliques de contrepoids pour grue automobile<\/strong><\/h1>\n<p><img loading=\"lazy\" decoding=\"async\" class=\"wp-image-20180 aligncenter\" src=\"https:\/\/www.hydraulic-cylinders.net\/wp-content\/uploads\/2025\/05\/counterweight-hydraulic-cylinder-for-car-crane-scaled.webp\" alt=\"V\u00e9rin hydraulique de contrepoids pour grue automobile\" width=\"500\" height=\"500\" \/><\/p>\n<section id=\"introduction\">Les v\u00e9rins hydrauliques de contrepoids pour grues mobiles, fabriqu\u00e9s par Ever-Power Huachang Hydraulic, sont des v\u00e9rins d'\u00e9quilibrage de pr\u00e9cision qui garantissent une stabilit\u00e9 et une s\u00e9curit\u00e9 optimales lors des op\u00e9rations de levage de charges lourdes. Con\u00e7u pour une compatibilit\u00e9 parfaite avec les principaux mod\u00e8les de grues mobiles, ce v\u00e9rin hydraulique am\u00e9liore la gestion des charges dans les secteurs de la construction urbaine, de la logistique et de l'industrie. V\u00e9rin hydraulique haute performance, il r\u00e9siste \u00e0 des pressions allant jusqu'\u00e0 320 bars, offrant ainsi des performances fiables pour les op\u00e9rations de levage tout en minimisant les risques de basculement. Que vous manipuliez des structures m\u00e9talliques ou des machines lourdes, ce v\u00e9rin pour grue mobile vous offre une durabilit\u00e9 et un contr\u00f4le in\u00e9gal\u00e9s pour vos op\u00e9rations de levage.<\/section>\n<section id=\"specifications\">\n<h2><strong>Sp\u00e9cifications techniques :<\/strong><\/h2>\n<p><strong>Fonction:<\/strong> Contr\u00f4ler l'action du contrepoids<br \/>\n<strong>Diam\u00e8tre du cylindre :<\/strong> 160 mm-180 mm<br \/>\n<strong>Diam\u00e8tre de la tige :<\/strong> 90 mm-150 mm<br \/>\n<strong>Voyage:<\/strong> 180 mm - 400 mm<br \/>\n<strong>Pression maximale :<\/strong> 25 MPa<br \/>\n<strong>Pouss\u00e9e maximale :<\/strong> 1540 kN<\/p>\n<\/section>\n<section id=\"features\">\n<h2><strong>Caract\u00e9ristiques principales des v\u00e9rins hydrauliques de contrepoids pour grue automobile\u00a0:<\/strong><\/h2>\n<ul>\n<li><strong>Pr\u00e9cision sup\u00e9rieure d'\u00e9quilibrage de charge\u00a0:<\/strong> Les v\u00e9rins hydrauliques de contrepoids pour grues automobiles sont dot\u00e9s d'une conception de v\u00e9rin d'\u00e9quilibrage avanc\u00e9e qui assure une r\u00e9partition uniforme du poids, offrant une stabilit\u00e9 exceptionnelle pour les op\u00e9rations de levage de grues automobiles lors de levages de grande capacit\u00e9 en milieu urbain.<\/li>\n<li><strong>Construction haute durabilit\u00e9 :<\/strong>\u00a0Fabriqu\u00e9 en acier \u00e0 haute r\u00e9sistance avec un traitement anticorrosion, ce v\u00e9rin hydraulique pour grue automobile r\u00e9siste \u00e0 l'usure caus\u00e9e par des \u00e9l\u00e9ments agressifs comme l'humidit\u00e9 et la poussi\u00e8re, ce qui en fait un v\u00e9rin de contrepoids robuste et fiable pour les grues dans des conditions difficiles.<\/li>\n<li><strong>Personnalisable pour r\u00e9pondre \u00e0 divers besoins\u00a0:<\/strong>\u00a0Gr\u00e2ce \u00e0 ses al\u00e9sages et courses r\u00e9glables, ce v\u00e9rin de grue pour l'\u00e9quilibrage de charge peut \u00eatre adapt\u00e9 \u00e0 des exigences de levage sp\u00e9cifiques, offrant une grande flexibilit\u00e9 pour une vari\u00e9t\u00e9 de mod\u00e8les de grues et d'applications, de la construction \u00e0 la logistique.<\/li>\n<li><strong>Optimis\u00e9 pour des performances \u00e0 haute pression\u00a0:<\/strong>\u00a0Con\u00e7u pour fonctionner efficacement jusqu'\u00e0 320 bars, ce v\u00e9rin hydraulique \u00e0 contrepoids fournit une puissance constante avec une perte d'\u00e9nergie minimale, assurant des op\u00e9rations de levage fluides et s\u00fbres tout en r\u00e9duisant les co\u00fbts d'exploitation.<\/li>\n<li><strong>Peu d'entretien et longue dur\u00e9e de vie\u00a0:<\/strong>\u00a0Dot\u00e9 d'une technologie d'\u00e9tanch\u00e9it\u00e9 avanc\u00e9e et d'un usinage de pr\u00e9cision, ce v\u00e9rin hydraulique robuste minimise les fuites et l'usure, r\u00e9duisant ainsi les besoins d'entretien et prolongeant la dur\u00e9e de vie de votre grue automobile, m\u00eame en cas d'utilisation fr\u00e9quente.<\/li>\n<\/ul>\n<\/section>\n<section id=\"applications\">\n<h2><strong>Applications des v\u00e9rins hydrauliques \u00e0 contrepoids pour grues automobiles\u00a0:<\/strong><\/h2>\n<h2><strong><img loading=\"lazy\" decoding=\"async\" class=\"alignnone size-full wp-image-20183\" src=\"https:\/\/www.hydraulic-cylinders.net\/wp-content\/uploads\/2025\/05\/counterweight-hydraulic-cylinder-for-car-crane-application.webp\" alt=\"\" width=\"1080\" height=\"617\" srcset=\"https:\/\/www.hydraulic-cylinders.net\/wp-content\/uploads\/2025\/05\/counterweight-hydraulic-cylinder-for-car-crane-application.webp 1080w, https:\/\/www.hydraulic-cylinders.net\/wp-content\/uploads\/2025\/05\/counterweight-hydraulic-cylinder-for-car-crane-application-980x560.webp 980w, https:\/\/www.hydraulic-cylinders.net\/wp-content\/uploads\/2025\/05\/counterweight-hydraulic-cylinder-for-car-crane-application-480x274.webp 480w\" sizes=\"(min-width: 0px) and (max-width: 480px) 480px, (min-width: 481px) and (max-width: 980px) 980px, (min-width: 981px) 1080px, 100vw\" \/><\/strong><\/h2>\n<ul>\n<li><strong>Construction urbaine pour les projets de grande hauteur\u00a0:<\/strong> Les v\u00e9rins hydrauliques de contrepoids pour grues mobiles sont parfaitement adapt\u00e9s aux travaux de construction urbaine, comme l'assemblage de charpentes m\u00e9talliques pour immeubles de grande hauteur ou la pose de panneaux pr\u00e9fabriqu\u00e9s. Ce v\u00e9rin d'\u00e9quilibrage pour grues mobiles assure une gestion pr\u00e9cise de la charge dans les espaces restreints, am\u00e9liorant la s\u00e9curit\u00e9 et r\u00e9duisant le risque de basculement lors des levages de charges lourdes.<\/li>\n<li><strong>Logistique et manutention de charges lourdes :<\/strong>\u00a0Dans les op\u00e9rations logistiques, ce v\u00e9rin hydraulique de stabilisation pour grues mobiles assure la manutention s\u00fbre et efficace de charges lourdes, telles que des conteneurs et des palettes de grande taille, dans les entrep\u00f4ts et les ports. Ce v\u00e9rin d'\u00e9quilibrage de charge am\u00e9liore la maniabilit\u00e9 de la grue, optimisant ainsi la productivit\u00e9 dans les environnements \u00e0 forte activit\u00e9.<\/li>\n<li><strong>Assemblage industriel dans les usines de fabrication\u00a0:<\/strong>\u00a0Id\u00e9al pour les environnements industriels tels que la fabrication automobile ou de machines, ce v\u00e9rin hydraulique \u00e0 contrepoids facilite le positionnement pr\u00e9cis de composants lourds, comme les presses de cha\u00eene de montage ou les blocs-moteurs. Utilis\u00e9 comme v\u00e9rin \u00e0 contrepoids robuste pour grues, il garantit des levages stables et contr\u00f4l\u00e9s, optimisant ainsi les flux de production.<\/li>\n<\/ul>\n<\/section>\n<section id=\"explore-more\">\n<h2><strong>D\u00e9couvrez plus de v\u00e9rins pour grues automobiles\u00a0:<\/strong><\/h2>\n<p>Nous proposons une gamme vari\u00e9e de v\u00e9rins pour grues automobiles afin de r\u00e9pondre \u00e0 tous vos besoins de levage. Que vous ayez besoin d'un v\u00e9rin hydraulique pour la stabilit\u00e9 de votre grue ou d'un v\u00e9rin de contrepoids haute performance pour grues, Ever-Power Huachang Hydraulic vous offre des solutions sur mesure. D\u00e9couvrez notre collection compl\u00e8te. <a href=\"https:\/\/www.hydraulic-cylinders.net\/fr\/mobile-crane-hydraulic-cylinders\/\">v\u00e9rins de grue automobile<\/a>.<\/p>\n<\/section>\n<div class=\"container-hfX5E8 flow-markdown-body theme-samantha-yJEgBp\" dir=\"ltr\" data-testid=\"message_text_content\" data-show-indicator=\"false\">\n<h2 class=\"header-jfw95c auto-hide-last-sibling-br\"><strong>Quels sont les principaux avantages de l'utilisation d'un v\u00e9rin hydraulique \u00e0 contrepoids dans une grue ?<\/strong><\/h2>\n<div class=\"auto-hide-last-sibling-br paragraph-qzbcQC paragraph-element br-paragraph-space\">L'utilisation d'un v\u00e9rin hydraulique \u00e0 contrepoids dans une grue offre plusieurs avantages significatifs\u00a0:<\/div>\n<h3><strong>Stabilit\u00e9 am\u00e9lior\u00e9e<\/strong>:<\/h3>\n<h3><img loading=\"lazy\" decoding=\"async\" class=\"aligncenter wp-image-20184 size-full\" src=\"https:\/\/www.hydraulic-cylinders.net\/wp-content\/uploads\/2025\/05\/counterweight-hydraulic-cylinder-for-car-crane-1-1.webp\" alt=\"\" width=\"580\" height=\"326\" srcset=\"https:\/\/www.hydraulic-cylinders.net\/wp-content\/uploads\/2025\/05\/counterweight-hydraulic-cylinder-for-car-crane-1-1.webp 580w, https:\/\/www.hydraulic-cylinders.net\/wp-content\/uploads\/2025\/05\/counterweight-hydraulic-cylinder-for-car-crane-1-1-480x270.webp 480w\" sizes=\"(min-width: 0px) and (max-width: 480px) 480px, (min-width: 481px) 580px, 100vw\" \/><\/h3>\n<p>Un v\u00e9rin hydraulique de contrepoids contribue \u00e0 \u00e9quilibrer la charge sur la grue. En ajustant la position et la force du contrepoids, on peut compenser le couple g\u00e9n\u00e9r\u00e9 par la charge lev\u00e9e. Ceci r\u00e9duit le risque de basculement de la grue lors des op\u00e9rations de levage de charges lourdes. Par exemple, lors du levage d'un panneau de b\u00e9ton pr\u00e9fabriqu\u00e9 de grande taille et de poids important sur un chantier de construction d'un immeuble de grande hauteur, le v\u00e9rin hydraulique de contrepoids peut \u00eatre ajust\u00e9 pour assurer la stabilit\u00e9 de la grue.<\/p>\n<\/div>\n<div class=\"container-hfX5E8 flow-markdown-body theme-samantha-yJEgBp\" dir=\"ltr\" data-testid=\"message_text_content\" data-show-indicator=\"false\">\n<h3><strong>Gestion pr\u00e9cise de la charge<\/strong>:<\/h3>\n<p>Il permet un contr\u00f4le pr\u00e9cis du contrepoids, ce qui assure une gestion plus pr\u00e9cise des charges. Le v\u00e9rin hydraulique est r\u00e9glable en temps r\u00e9el en fonction du poids et de la position de la charge. Lors d'une op\u00e9ration logistique o\u00f9 une grue d\u00e9place des conteneurs de poids diff\u00e9rents, le v\u00e9rin hydraulique du contrepoids peut \u00eatre r\u00e9gl\u00e9 avec pr\u00e9cision pour garantir un levage et une mise en place fluides et s\u00fbrs des conteneurs.<\/p>\n<\/div>\n<div>\n<div class=\"image-box-grid-DI7Zd9\" data-finished=\"true\" data-testid=\"message_image_content\">\n<div class=\"image-box-grid-item-hjZBGw\">\n<div class=\"relative w-fit inline-flex\">\n<div class=\"container-pveQEn\"><\/div>\n<\/div>\n<\/div>\n<\/div>\n<\/div>\n<div class=\"container-hfX5E8 flow-markdown-body theme-samantha-yJEgBp\" dir=\"ltr\" data-testid=\"message_text_content\" data-show-indicator=\"false\">\n<h3><strong>Maniabilit\u00e9 accrue<\/strong>:<\/h3>\n<h3><img loading=\"lazy\" decoding=\"async\" class=\"alignnone size-full wp-image-20185\" src=\"https:\/\/www.hydraulic-cylinders.net\/wp-content\/uploads\/2025\/05\/counterweight-hydraulic-cylinder-for-car-crane-2.webp\" alt=\"\" width=\"2048\" height=\"1152\" srcset=\"https:\/\/www.hydraulic-cylinders.net\/wp-content\/uploads\/2025\/05\/counterweight-hydraulic-cylinder-for-car-crane-2.webp 2048w, https:\/\/www.hydraulic-cylinders.net\/wp-content\/uploads\/2025\/05\/counterweight-hydraulic-cylinder-for-car-crane-2-1280x720.webp 1280w, https:\/\/www.hydraulic-cylinders.net\/wp-content\/uploads\/2025\/05\/counterweight-hydraulic-cylinder-for-car-crane-2-980x551.webp 980w, https:\/\/www.hydraulic-cylinders.net\/wp-content\/uploads\/2025\/05\/counterweight-hydraulic-cylinder-for-car-crane-2-480x270.webp 480w\" sizes=\"(min-width: 0px) and (max-width: 480px) 480px, (min-width: 481px) and (max-width: 980px) 980px, (min-width: 981px) and (max-width: 1280px) 1280px, (min-width: 1281px) 2048px, 100vw\" \/><\/h3>\n<p>Dans les espaces restreints tels que les chantiers urbains ou les usines, le v\u00e9rin hydraulique du contrepoids am\u00e9liore la maniabilit\u00e9 de la grue. Il permet un ajustement rapide du contrepoids afin de s'adapter aux diff\u00e9rentes conditions de travail et aux espaces disponibles. Par exemple, dans une usine automobile o\u00f9 une grue est utilis\u00e9e pour positionner les blocs-moteurs sur la cha\u00eene de montage, le v\u00e9rin hydraulique du contrepoids permet \u00e0 la grue de se d\u00e9placer et de fonctionner plus librement dans un espace limit\u00e9.<\/p>\n<\/div>\n<div class=\"container-hfX5E8 flow-markdown-body theme-samantha-yJEgBp\" dir=\"ltr\" data-testid=\"message_text_content\" data-show-indicator=\"false\">\n<h3><strong>Am\u00e9lioration de la s\u00e9curit\u00e9<\/strong>:<\/h3>\n<p>En assurant la stabilit\u00e9 et une gestion pr\u00e9cise de la charge, le v\u00e9rin hydraulique de contrepoids am\u00e9liore consid\u00e9rablement la s\u00e9curit\u00e9 des op\u00e9rations de grue. Il r\u00e9duit les risques d'accidents tels que les chutes de charge ou les effondrements de grue, prot\u00e9geant ainsi les op\u00e9rateurs et l'environnement. Que ce soit sur un chantier \u00e0 haut risque ou dans un centre logistique \u00e0 forte activit\u00e9, l'utilisation d'un v\u00e9rin hydraulique de contrepoids est essentielle pour garantir un environnement de travail s\u00fbr.<\/p>\n<\/div>\n<section id=\"company-introduction\">\n<h2><strong>\u00c0 propos d'Ever-Power Huachang Hydraulic\u00a0:<\/strong><\/h2>\n<h2><img loading=\"lazy\" decoding=\"async\" class=\"alignnone size-full wp-image-16972\" src=\"https:\/\/www.hydraulic-cylinders.net\/wp-content\/uploads\/2025\/01\/hydraulic-cylinder-factory-1-scaled.webp\" alt=\"\" width=\"2016\" height=\"2560\" srcset=\"https:\/\/www.hydraulic-cylinders.net\/wp-content\/uploads\/2025\/01\/hydraulic-cylinder-factory-1-scaled.webp 2016w, https:\/\/www.hydraulic-cylinders.net\/wp-content\/uploads\/2025\/01\/hydraulic-cylinder-factory-1-1280x1625.webp 1280w, https:\/\/www.hydraulic-cylinders.net\/wp-content\/uploads\/2025\/01\/hydraulic-cylinder-factory-1-980x1244.webp 980w, https:\/\/www.hydraulic-cylinders.net\/wp-content\/uploads\/2025\/01\/hydraulic-cylinder-factory-1-480x610.webp 480w\" sizes=\"(min-width: 0px) and (max-width: 480px) 480px, (min-width: 481px) and (max-width: 980px) 980px, (min-width: 981px) and (max-width: 1280px) 1280px, (min-width: 1281px) 2016px, 100vw\" \/><\/h2>\n<p dir=\"auto\">Ever-Power Huachang Hydraulic stimule l'innovation dans le domaine des v\u00e9rins hydrauliques gr\u00e2ce \u00e0 un centre de R&amp;D de pointe, o\u00f9 des ing\u00e9nieurs experts con\u00e7oivent des solutions haute performance pour les applications industrielles, notamment les grues automobiles et les \u00e9quipements lourds.<\/p>\n<p dir=\"auto\">Notre usine de fabrication de pointe est dot\u00e9e d'un syst\u00e8me d'assemblage automatis\u00e9 et d'un usinage de pr\u00e9cision, produisant des cylindres personnalis\u00e9s gr\u00e2ce \u00e0 une technologie intelligente garantissant l'efficacit\u00e9 et le respect des normes industrielles strictes, et prenant en charge des mod\u00e8les comme Terex et Grove.<\/p>\n<h2><img loading=\"lazy\" decoding=\"async\" class=\"alignnone size-full wp-image-16973\" src=\"https:\/\/www.hydraulic-cylinders.net\/wp-content\/uploads\/2025\/01\/hydraulic-cylinder-factory-2-scaled.webp\" alt=\"\" width=\"2011\" height=\"2560\" srcset=\"https:\/\/www.hydraulic-cylinders.net\/wp-content\/uploads\/2025\/01\/hydraulic-cylinder-factory-2-scaled.webp 2011w, https:\/\/www.hydraulic-cylinders.net\/wp-content\/uploads\/2025\/01\/hydraulic-cylinder-factory-2-1280x1629.webp 1280w, https:\/\/www.hydraulic-cylinders.net\/wp-content\/uploads\/2025\/01\/hydraulic-cylinder-factory-2-980x1248.webp 980w, https:\/\/www.hydraulic-cylinders.net\/wp-content\/uploads\/2025\/01\/hydraulic-cylinder-factory-2-480x611.webp 480w\" sizes=\"(min-width: 0px) and (max-width: 480px) 480px, (min-width: 481px) and (max-width: 980px) 980px, (min-width: 981px) and (max-width: 1280px) 1280px, (min-width: 1281px) 2011px, 100vw\" \/><\/h2>\n<p>Nous garantissons la qualit\u00e9 gr\u00e2ce \u00e0 un centre d'essais ultramoderne, validant les performances par des diagnostics avanc\u00e9s et utilisant des rev\u00eatements \u00e9cologiques pour une durabilit\u00e9 accrue. En tant que leader, nous tirons parti de la recherche pilot\u00e9e par l'IA pour fournir des v\u00e9rins hydrauliques haute performance fiables, reconnus mondialement.<\/p>\n<\/section>","protected":false},"excerpt":{"rendered":"<p>Counterweight Hydraulic Cylinders for Car Crane The counterweight hydraulic cylinders for car crane, crafted by Ever-Power Huachang Hydraulic, are precision-engineered balance cylinders that ensure optimal stability and safety during heavy lifting operations. Designed for seamless compatibility with leading car crane models, this hydraulic cylinder for car crane enhances load management in urban construction, logistics, and [&hellip;]<\/p>","protected":false},"featured_media":20181,"comment_status":"open","ping_status":"closed","template":"","meta":{"_et_pb_use_builder":"","_et_pb_old_content":"","_et_gb_content_width":""},"product_brand":[],"product_cat":[1514],"product_tag":[],"class_list":{"0":"post-20179","1":"product","2":"type-product","3":"status-publish","4":"has-post-thumbnail","6":"product_cat-mobile-crane-hydraulic-cylinders","8":"first","9":"instock","10":"shipping-taxable","11":"product-type-simple"},"amp_enabled":true,"_links":{"self":[{"href":"https:\/\/www.hydraulic-cylinders.net\/fr\/wp-json\/wp\/v2\/product\/20179","targetHints":{"allow":["GET"]}}],"collection":[{"href":"https:\/\/www.hydraulic-cylinders.net\/fr\/wp-json\/wp\/v2\/product"}],"about":[{"href":"https:\/\/www.hydraulic-cylinders.net\/fr\/wp-json\/wp\/v2\/types\/product"}],"replies":[{"embeddable":true,"href":"https:\/\/www.hydraulic-cylinders.net\/fr\/wp-json\/wp\/v2\/comments?post=20179"}],"wp:featuredmedia":[{"embeddable":true,"href":"https:\/\/www.hydraulic-cylinders.net\/fr\/wp-json\/wp\/v2\/media\/20181"}],"wp:attachment":[{"href":"https:\/\/www.hydraulic-cylinders.net\/fr\/wp-json\/wp\/v2\/media?parent=20179"}],"wp:term":[{"taxonomy":"product_brand","embeddable":true,"href":"https:\/\/www.hydraulic-cylinders.net\/fr\/wp-json\/wp\/v2\/product_brand?post=20179"},{"taxonomy":"product_cat","embeddable":true,"href":"https:\/\/www.hydraulic-cylinders.net\/fr\/wp-json\/wp\/v2\/product_cat?post=20179"},{"taxonomy":"product_tag","embeddable":true,"href":"https:\/\/www.hydraulic-cylinders.net\/fr\/wp-json\/wp\/v2\/product_tag?post=20179"}],"curies":[{"name":"wp","href":"https:\/\/api.w.org\/{rel}","templated":true}]}}