{"id":20199,"date":"2025-05-12T06:33:11","date_gmt":"2025-05-12T06:33:11","guid":{"rendered":"https:\/\/www.hydraulic-cylinders.net\/?post_type=product&#038;p=20199"},"modified":"2025-05-13T02:01:55","modified_gmt":"2025-05-13T02:01:55","slug":"horizontal-hydraulic-cylinders-for-car-crane","status":"publish","type":"product","link":"https:\/\/www.hydraulic-cylinders.net\/fr\/produit\/horizontal-hydraulic-cylinders-for-car-crane\/","title":{"rendered":"V\u00e9rins hydrauliques horizontaux pour grue automobile"},"content":{"rendered":"<h1 style=\"text-align: center;\"><strong>V\u00e9rins hydrauliques horizontaux pour grue automobile<\/strong><\/h1>\n<p><img loading=\"lazy\" decoding=\"async\" class=\"wp-image-20200 aligncenter\" src=\"https:\/\/www.hydraulic-cylinders.net\/wp-content\/uploads\/2025\/05\/horizontal-hydraulic-cylinder-for-car-crane.webp\" alt=\"V\u00e9rin hydraulique horizontal pour grue automobile \" width=\"500\" height=\"500\" srcset=\"https:\/\/www.hydraulic-cylinders.net\/wp-content\/uploads\/2025\/05\/horizontal-hydraulic-cylinder-for-car-crane.webp 500w, https:\/\/www.hydraulic-cylinders.net\/wp-content\/uploads\/2025\/05\/horizontal-hydraulic-cylinder-for-car-crane-480x480.webp 480w\" sizes=\"(min-width: 0px) and (max-width: 480px) 480px, (min-width: 481px) 500px, 100vw\" \/><\/p>\n<section id=\"introduction\">Les v\u00e9rins hydrauliques horizontaux pour grues de chantier, con\u00e7us par Huachang Hydraulic, sont des v\u00e9rins stabilisateurs robustes offrant un excellent soutien lat\u00e9ral lors des op\u00e9rations de levage. Compatibles avec diff\u00e9rents mod\u00e8les, ces v\u00e9rins hydrauliques garantissent une stabilit\u00e9 accrue sur les terrains accident\u00e9s, ce qui les rend id\u00e9aux pour les chantiers de construction, les op\u00e9rations portuaires et les sites industriels. Con\u00e7us pour les applications intensives, ils supportent des pressions jusqu'\u00e0 340 bars, assurant un \u00e9quilibrage horizontal fiable de la charge et garantissant s\u00e9curit\u00e9 et pr\u00e9cision lors de chaque levage.<\/section>\n<section id=\"specifications\">\n<h2><strong>Sp\u00e9cifications techniques :<\/strong><\/h2>\n<p><strong>Fonction:<\/strong> Contr\u00f4ler le mouvement du bras principal<br \/>\n<strong>Sp\u00e9cification (diam\u00e8tre du cylindre) mm :<\/strong> \u03c6 63 mm - \u03c6 70 mm<br \/>\n<strong>Sp\u00e9cification (diam\u00e8tre de la tige) mm :<\/strong> \u03c6 45 mm - \u03c6 50 mm<br \/>\n<strong>Sp\u00e9cification (course) mm :<\/strong> 1200 mm - 2000 mm<br \/>\n<strong>Pression maximale (MPa) :<\/strong> 20MPa<br \/>\n<strong>Pouss\u00e9e maximale en kN :<\/strong> 77KN<\/p>\n<\/section>\n<section id=\"features\">\n<h2><strong>Caract\u00e9ristiques principales des v\u00e9rins hydrauliques horizontaux pour grues automobiles\u00a0:<\/strong><\/h2>\n<ul>\n<li><strong>Stabilit\u00e9 lat\u00e9rale optimale :<\/strong> Les v\u00e9rins hydrauliques de relevage pour grue mobile offrent un contr\u00f4le pr\u00e9cis de l'angle de fl\u00e8che, ce qui rend ce v\u00e9rin de r\u00e9glage de fl\u00e8che id\u00e9al pour naviguer avec aisance et confiance dans des espaces de travail restreints.<\/li>\n<li><strong>Performances robustes \u00e0 haute pression :<\/strong>\u00a0Con\u00e7u pour fonctionner \u00e0 340 bars, ce v\u00e9rin hydraulique pour la stabilit\u00e9 des grues automobiles fournit une puissance constante, permettant un fonctionnement fiable dans des sc\u00e9narios de levage exigeants.<\/li>\n<li><strong>Personnalisable pour plus de polyvalence\u00a0:<\/strong>\u00a0Gr\u00e2ce \u00e0 ses options d'al\u00e9sage et de course r\u00e9glables, ce v\u00e9rin pour grue automobile \u00e0 support horizontal s'adapte \u00e0 diff\u00e9rentes configurations de grue, am\u00e9liorant ainsi la flexibilit\u00e9 pour r\u00e9pondre aux exigences de diff\u00e9rents projets.<\/li>\n<li><strong>Con\u00e7u pour les environnements difficiles :<\/strong>\u00a0Dot\u00e9 d'un corps en acier \u00e0 haute r\u00e9sistance avec rev\u00eatement anticorrosion, ce v\u00e9rin horizontal robuste pour grues automobiles r\u00e9siste \u00e0 l'usure caus\u00e9e par des \u00e9l\u00e9ments tels que l'humidit\u00e9 et la poussi\u00e8re, assurant ainsi une durabilit\u00e9 \u00e0 long terme.<\/li>\n<li><strong>Besoins d'entretien r\u00e9duits\u00a0:<\/strong>\u00a0Dot\u00e9 de joints de pr\u00e9cision, ce v\u00e9rin hydraulique horizontal minimise les fuites et l'usure, r\u00e9duisant ainsi les co\u00fbts de maintenance et prolongeant la dur\u00e9e de vie de votre grue automobile.<\/li>\n<\/ul>\n<\/section>\n<section id=\"applications\">\n<h2><strong>Applications des v\u00e9rins hydrauliques horizontaux pour grues automobiles\u00a0:<img loading=\"lazy\" decoding=\"async\" class=\"alignnone size-full wp-image-20202\" src=\"https:\/\/www.hydraulic-cylinders.net\/wp-content\/uploads\/2025\/05\/horizontal-hydraulic-cylinder-for-car-crane-application.webp\" alt=\"V\u00e9rin hydraulique horizontal pour application de grue automobile\" width=\"1080\" height=\"617\" srcset=\"https:\/\/www.hydraulic-cylinders.net\/wp-content\/uploads\/2025\/05\/horizontal-hydraulic-cylinder-for-car-crane-application.webp 1080w, https:\/\/www.hydraulic-cylinders.net\/wp-content\/uploads\/2025\/05\/horizontal-hydraulic-cylinder-for-car-crane-application-980x560.webp 980w, https:\/\/www.hydraulic-cylinders.net\/wp-content\/uploads\/2025\/05\/horizontal-hydraulic-cylinder-for-car-crane-application-480x274.webp 480w\" sizes=\"(min-width: 0px) and (max-width: 480px) 480px, (min-width: 481px) and (max-width: 980px) 980px, (min-width: 981px) 1080px, 100vw\" \/><\/strong><\/h2>\n<ul>\n<li><strong>Chantiers de construction sur terrain accident\u00e9\u00a0:<\/strong>\u00a0Les v\u00e9rins hydrauliques horizontaux pour grues mobiles excellent dans les projets de construction sur terrain accident\u00e9, tels que la construction de routes ou les travaux de fondation, o\u00f9 ce v\u00e9rin stabilisateur pour les op\u00e9rations de grue mobile assure une manutention de charge s\u00e9curis\u00e9e et pr\u00e9vient les risques de basculement.<\/li>\n<li><strong>Op\u00e9rations portuaires de manutention des conteneurs\u00a0:<\/strong>\u00a0Id\u00e9al pour les environnements portuaires, ce v\u00e9rin hydraulique pour la stabilit\u00e9 des grues automobiles assure un levage efficace des conteneurs lourds, fournissant un v\u00e9rin de grue automobile pour le support horizontal afin de maintenir l'\u00e9quilibre lors des t\u00e2ches de chargement r\u00e9p\u00e9titives.<\/li>\n<li><strong>Installation des \u00e9quipements industriels dans les usines\u00a0:<\/strong>\u00a0Parfait pour les applications industrielles telles que l'installation de machines de grande taille dans les usines, ce v\u00e9rin horizontal robuste pour ponts roulants assure un positionnement stable des \u00e9quipements, am\u00e9liorant ainsi la s\u00e9curit\u00e9 et l'efficacit\u00e9 du flux de travail.<\/li>\n<\/ul>\n<\/section>\n<section id=\"explore-more\">\n<h2><strong>D\u00e9couvrez plus de v\u00e9rins pour grues automobiles\u00a0:<\/strong><\/h2>\n<p>Nous proposons une gamme vari\u00e9e de v\u00e9rins pour grues automobiles afin de r\u00e9pondre \u00e0 tous vos besoins de levage. Que vous ayez besoin d'un v\u00e9rin hydraulique pour la stabilit\u00e9 de votre grue ou d'un v\u00e9rin horizontal haute performance, Ever-Power Huachang Hydraulic vous offre des solutions sur mesure. D\u00e9couvrez notre collection compl\u00e8te. <a href=\"https:\/\/www.hydraulic-cylinders.net\/fr\/mobile-crane-hydraulic-cylinders\/\">v\u00e9rins de grue automobile<\/a>.<\/p>\n<h2><strong>Quels sont les facteurs cl\u00e9s \u00e0 prendre en compte lors de la maintenance des v\u00e9rins hydrauliques horizontaux des grues automobiles\u00a0?<\/strong><\/h2>\n<div class=\"inter-wlTS5w\">\n<div class=\"container-QE4ayg\">\n<div class=\"item-jU10IN\">\n<div class=\"container-jODEnh chrome70-container\">\n<div class=\"inner-eE95c9 inner-item-aPP257\" data-target-id=\"message-box-target-id\" data-testid=\"union_message\">\n<div class=\"message-block-container-cloZOG\" data-testid=\"message-block-container\">\n<div class=\"message-box-ZWbBdF\" data-testid=\"receive_message\" data-message-id=\"4803605988838914\">\n<div class=\"message-box-content-wrapper-srHdUj\">\n<div class=\"message-content message-box-content-otxGGw receive-message-block-box-UHACQi samantha-message-box-content-aDu1aK\" data-testid=\"message_content\">\n<div class=\"container-hfX5E8 flow-markdown-body theme-samantha-yJEgBp\" dir=\"ltr\" data-testid=\"message_text_content\" data-show-indicator=\"false\">\n<div class=\"auto-hide-last-sibling-br paragraph-qzbcQC paragraph-element br-paragraph-space\">L'entretien des v\u00e9rins hydrauliques horizontaux des ponts roulants est essentiel pour garantir leur fonctionnement s\u00fbr et efficace. Voici quelques facteurs cl\u00e9s \u00e0 prendre en compte\u00a0:<\/div>\n<h3 class=\"header-jfw95c auto-hide-last-sibling-br\"><strong>1. Inspection r\u00e9guli\u00e8re<\/strong><\/h3>\n<div class=\"auto-hide-last-sibling-br paragraph-qzbcQC paragraph-element br-paragraph-space\">Des inspections visuelles r\u00e9guli\u00e8res sont essentielles pour d\u00e9tecter rapidement tout signe de dommage ou d'usure. V\u00e9rifiez l'absence de fuites externes, comme des suintements d'huile autour des joints du v\u00e9rin. Des joints endommag\u00e9s peuvent entra\u00eener une perte de pression hydraulique et affecter les performances du v\u00e9rin. Recherchez \u00e9galement des signes de corrosion sur le corps du v\u00e9rin, car celle-ci peut fragiliser sa structure au fil du temps. Par exemple, dans un environnement de chantier ext\u00e9rieur difficile, les v\u00e9rins peuvent \u00eatre expos\u00e9s \u00e0 l'humidit\u00e9 et aux produits chimiques, ce qui augmente le risque de corrosion.<\/div>\n<\/div>\n<div>\n<div class=\"image-box-grid-DI7Zd9\" data-finished=\"true\" data-testid=\"message_image_content\">\n<div class=\"image-box-grid-item-hjZBGw\">\n<div class=\"relative w-fit inline-flex\">\n<div class=\"container-pveQEn\">\n<div class=\"container-lBN8DN\">\n<div class=\"image-wrapper-g0eL_T clickable-ELDCj2\" data-testid=\"mdbox_image\"><\/div>\n<\/div>\n<\/div>\n<\/div>\n<\/div>\n<\/div>\n<h3 tabindex=\"0\" aria-haspopup=\"true\" aria-expanded=\"false\" aria-describedby=\"dsytchi\" data-popupid=\"dsytchi\"><strong style=\"color: #333333; font-size: 22px;\">2. Qualit\u00e9 et niveau du fluide<\/strong><\/h3>\n<div tabindex=\"0\" aria-haspopup=\"true\" aria-expanded=\"false\" aria-describedby=\"dsytchi\" data-popupid=\"dsytchi\">L'huile hydraulique contenue dans les v\u00e9rins est essentielle au bon fonctionnement du syst\u00e8me. Il est important de contr\u00f4ler r\u00e9guli\u00e8rement son niveau et sa qualit\u00e9. Un niveau insuffisant peut provoquer de la cavitation, susceptible d'endommager les composants des v\u00e9rins. Une huile contamin\u00e9e, par exemple par des impuret\u00e9s, des d\u00e9bris ou de l'eau, peut \u00e9galement entra\u00eener une usure pr\u00e9matur\u00e9e des joints et des composants internes. Remplacez l'huile hydraulique aux intervalles recommand\u00e9s par le fabricant. Dans un environnement portuaire poussi\u00e9reux, par exemple, l'huile peut se contaminer plus rapidement.<\/div>\n<div tabindex=\"0\" aria-haspopup=\"true\" aria-expanded=\"false\" aria-describedby=\"dsytchi\" data-popupid=\"dsytchi\">\n<h3 tabindex=\"0\" aria-haspopup=\"true\" aria-expanded=\"false\" aria-describedby=\"dsytchi\" data-popupid=\"dsytchi\"><strong><span style=\"color: #333333; font-size: 18px;\">3. Entretien des joints<\/span><\/strong><\/h3>\n<\/div>\n<\/div>\n<div class=\"container-hfX5E8 flow-markdown-body theme-samantha-yJEgBp\" dir=\"ltr\" data-testid=\"message_text_content\" data-show-indicator=\"false\">\n<div class=\"auto-hide-last-sibling-br paragraph-qzbcQC paragraph-element br-paragraph-space\">Les joints d'\u00e9tanch\u00e9it\u00e9 des v\u00e9rins hydrauliques horizontaux emp\u00eachent les fuites de fluide et maintiennent la pression dans le syst\u00e8me. Avec le temps, ces joints peuvent s'user sous l'effet du frottement, de la chaleur et du contact avec le fluide hydraulique. Il est important de les inspecter r\u00e9guli\u00e8rement afin de d\u00e9tecter tout signe d'usure, comme des fissures ou des d\u00e9chirures. En cas de dommages, remplacez imm\u00e9diatement les joints endommag\u00e9s pour \u00e9viter tout probl\u00e8me ult\u00e9rieur. Dans un environnement industriel o\u00f9 la grue fonctionne fr\u00e9quemment, l'usure des joints peut \u00eatre plus importante.<\/div>\n<\/div>\n<div><img loading=\"lazy\" decoding=\"async\" class=\"size-full wp-image-20203 aligncenter\" src=\"https:\/\/www.hydraulic-cylinders.net\/wp-content\/uploads\/2025\/05\/horizontal-hydraulic-cylinder-for-car-crane-1-1.webp\" alt=\"\" width=\"580\" height=\"326\" srcset=\"https:\/\/www.hydraulic-cylinders.net\/wp-content\/uploads\/2025\/05\/horizontal-hydraulic-cylinder-for-car-crane-1-1.webp 580w, https:\/\/www.hydraulic-cylinders.net\/wp-content\/uploads\/2025\/05\/horizontal-hydraulic-cylinder-for-car-crane-1-1-480x270.webp 480w\" sizes=\"(min-width: 0px) and (max-width: 480px) 480px, (min-width: 481px) 580px, 100vw\" \/><\/div>\n<div class=\"container-hfX5E8 flow-markdown-body theme-samantha-yJEgBp\" dir=\"ltr\" data-testid=\"message_text_content\" data-show-indicator=\"false\">\n<h3 class=\"header-jfw95c auto-hide-last-sibling-br\"><strong>4. Alignement et montage<\/strong><\/h3>\n<div class=\"auto-hide-last-sibling-br paragraph-qzbcQC paragraph-element br-paragraph-space\">Un alignement et un montage corrects des v\u00e9rins hydrauliques horizontaux sont essentiels \u00e0 leur bon fonctionnement. Des v\u00e9rins mal align\u00e9s peuvent engendrer des contraintes in\u00e9gales sur les composants, provoquant une usure pr\u00e9matur\u00e9e et des pannes. V\u00e9rifiez r\u00e9guli\u00e8rement le serrage des boulons de fixation au couple prescrit. Sur un chantier o\u00f9 la grue peut \u00eatre soumise \u00e0 des vibrations en fonctionnement, les boulons de fixation peuvent se desserrer avec le temps.<\/div>\n<\/div>\n<div>\n<div class=\"image-box-grid-DI7Zd9\" data-finished=\"true\" data-testid=\"message_image_content\">\n<div class=\"image-box-grid-item-hjZBGw\">\n<div class=\"relative w-fit inline-flex\">\n<div class=\"container-pveQEn\">\n<div class=\"container-lBN8DN\">\n<div data-testid=\"mdbox_image\"><\/div>\n<div class=\"image-wrapper-g0eL_T clickable-ELDCj2\" data-testid=\"mdbox_image\"><img alt=\"\" aria-hidden=\"true\" \/><img loading=\"lazy\" decoding=\"async\" class=\"size-full wp-image-20204 aligncenter\" src=\"https:\/\/www.hydraulic-cylinders.net\/wp-content\/uploads\/2025\/05\/horizontal-hydraulic-cylinder-for-car-crane-2.webp\" alt=\"\" width=\"580\" height=\"326\" srcset=\"https:\/\/www.hydraulic-cylinders.net\/wp-content\/uploads\/2025\/05\/horizontal-hydraulic-cylinder-for-car-crane-2.webp 580w, https:\/\/www.hydraulic-cylinders.net\/wp-content\/uploads\/2025\/05\/horizontal-hydraulic-cylinder-for-car-crane-2-480x270.webp 480w\" sizes=\"(min-width: 0px) and (max-width: 480px) 480px, (min-width: 481px) 580px, 100vw\" \/><\/div>\n<\/div>\n<\/div>\n<div class=\"canvas_wrapper-IbcQnK exited-oWXOb6\" data-testid=\"canvas-wrapper\">\n<div class=\"container-outer-pOam6U\" data-testid=\"canvas_panel_container\" data-visible=\"false\" data-state=\"2\">\n<div class=\"container-xIE85U\">\n<div class=\"container-footer-GjfStV\"><\/div>\n<\/div>\n<\/div>\n<\/div>\n<\/div>\n<\/div>\n<\/div>\n<div class=\"\" tabindex=\"0\" aria-haspopup=\"true\" aria-expanded=\"false\" aria-describedby=\"it2wxvq\" data-popupid=\"it2wxvq\"><\/div>\n<\/div>\n<div class=\"container-hfX5E8 flow-markdown-body theme-samantha-yJEgBp\" dir=\"ltr\" data-testid=\"message_text_content\" data-show-indicator=\"false\">\n<div class=\"auto-hide-last-sibling-br paragraph-qzbcQC paragraph-element br-paragraph-space\">En conclusion, en pr\u00eatant attention \u00e0 ces facteurs cl\u00e9s, les op\u00e9rateurs peuvent garantir la fiabilit\u00e9 et la performance \u00e0 long terme des v\u00e9rins hydrauliques horizontaux pour grues de chantier.<\/div>\n<\/div>\n<\/div>\n<\/div>\n<\/div>\n<\/div>\n<\/div>\n<\/div>\n<\/div>\n<\/div>\n<\/div>\n<div class=\"top-bcSEDJ\">\n<div class=\"container-jODEnh chrome70-container\"><\/div>\n<\/div>\n<\/section>\n<section id=\"company-introduction\">\n<h2><strong>\u00c0 propos d'Ever-Power Huachang Hydraulic\u00a0:<\/strong><\/h2>\n<h2><img loading=\"lazy\" decoding=\"async\" class=\"alignnone size-full wp-image-16972\" src=\"https:\/\/www.hydraulic-cylinders.net\/wp-content\/uploads\/2025\/01\/hydraulic-cylinder-factory-1-scaled.webp\" alt=\"\" width=\"2016\" height=\"2560\" srcset=\"https:\/\/www.hydraulic-cylinders.net\/wp-content\/uploads\/2025\/01\/hydraulic-cylinder-factory-1-scaled.webp 2016w, https:\/\/www.hydraulic-cylinders.net\/wp-content\/uploads\/2025\/01\/hydraulic-cylinder-factory-1-1280x1625.webp 1280w, https:\/\/www.hydraulic-cylinders.net\/wp-content\/uploads\/2025\/01\/hydraulic-cylinder-factory-1-980x1244.webp 980w, https:\/\/www.hydraulic-cylinders.net\/wp-content\/uploads\/2025\/01\/hydraulic-cylinder-factory-1-480x610.webp 480w\" sizes=\"(min-width: 0px) and (max-width: 480px) 480px, (min-width: 481px) and (max-width: 980px) 980px, (min-width: 981px) and (max-width: 1280px) 1280px, (min-width: 1281px) 2016px, 100vw\" \/><\/h2>\n<p>Ever-Power Huachang Hydraulic excelle dans l'innovation hydraulique, avec une \u00e9quipe de R&amp;D d\u00e9di\u00e9e qui con\u00e7oit des solutions fiables pour les grues automobiles et les applications lourdes, garantissant des performances et une s\u00e9curit\u00e9 optimales.<\/p>\n<p>Notre usine de production de pointe tire parti de l'automatisation et des technologies de pr\u00e9cision pour cr\u00e9er des cylindres de haute qualit\u00e9, con\u00e7us pour r\u00e9pondre aux normes industrielles mondiales, avec efficacit\u00e9 et durabilit\u00e9 pour chaque unit\u00e9.<\/p>\n<p>Nous garantissons l'excellence gr\u00e2ce \u00e0 des tests rigoureux et des rev\u00eatements \u00e9cologiques, ce qui prolonge la dur\u00e9e de vie de produits comme les v\u00e9rins hydrauliques horizontaux pour grues automobiles et consolide notre r\u00e9putation de leader mondial de confiance.<\/p>\n<\/section>","protected":false},"excerpt":{"rendered":"<p>Horizontal Hydraulic Cylinders for Car Crane The horizontal hydraulic cylinders for car crane, engineered by ever-power huachang hydraulic, are robust stabilizing cylinders designed to provide exceptional lateral support during lifting operations. Compatible with models, this hydraulic cylinder for car crane ensures enhanced stability on uneven terrains, making it ideal for construction sites, port operations, and [&hellip;]<\/p>","protected":false},"featured_media":20201,"comment_status":"open","ping_status":"closed","template":"","meta":{"_et_pb_use_builder":"","_et_pb_old_content":"","_et_gb_content_width":""},"product_brand":[],"product_cat":[1376],"product_tag":[],"class_list":{"0":"post-20199","1":"product","2":"type-product","3":"status-publish","4":"has-post-thumbnail","6":"product_cat-hydraulic-cylinder","8":"first","9":"instock","10":"shipping-taxable","11":"product-type-simple"},"amp_enabled":true,"_links":{"self":[{"href":"https:\/\/www.hydraulic-cylinders.net\/fr\/wp-json\/wp\/v2\/product\/20199","targetHints":{"allow":["GET"]}}],"collection":[{"href":"https:\/\/www.hydraulic-cylinders.net\/fr\/wp-json\/wp\/v2\/product"}],"about":[{"href":"https:\/\/www.hydraulic-cylinders.net\/fr\/wp-json\/wp\/v2\/types\/product"}],"replies":[{"embeddable":true,"href":"https:\/\/www.hydraulic-cylinders.net\/fr\/wp-json\/wp\/v2\/comments?post=20199"}],"wp:featuredmedia":[{"embeddable":true,"href":"https:\/\/www.hydraulic-cylinders.net\/fr\/wp-json\/wp\/v2\/media\/20201"}],"wp:attachment":[{"href":"https:\/\/www.hydraulic-cylinders.net\/fr\/wp-json\/wp\/v2\/media?parent=20199"}],"wp:term":[{"taxonomy":"product_brand","embeddable":true,"href":"https:\/\/www.hydraulic-cylinders.net\/fr\/wp-json\/wp\/v2\/product_brand?post=20199"},{"taxonomy":"product_cat","embeddable":true,"href":"https:\/\/www.hydraulic-cylinders.net\/fr\/wp-json\/wp\/v2\/product_cat?post=20199"},{"taxonomy":"product_tag","embeddable":true,"href":"https:\/\/www.hydraulic-cylinders.net\/fr\/wp-json\/wp\/v2\/product_tag?post=20199"}],"curies":[{"name":"wp","href":"https:\/\/api.w.org\/{rel}","templated":true}]}}