{"id":20782,"date":"2025-05-28T06:32:23","date_gmt":"2025-05-28T06:32:23","guid":{"rendered":"https:\/\/www.hydraulic-cylinders.net\/?post_type=product&#038;p=20782"},"modified":"2025-05-28T06:39:15","modified_gmt":"2025-05-28T06:39:15","slug":"steering-cylinder-with-position-sensor","status":"publish","type":"product","link":"https:\/\/www.hydraulic-cylinders.net\/fr\/produit\/steering-cylinder-with-position-sensor\/","title":{"rendered":"V\u00e9rin de direction avec capteur de position"},"content":{"rendered":"<h1 style=\"text-align: center;\"><strong>V\u00e9rin de direction avec capteur de position<img loading=\"lazy\" decoding=\"async\" class=\"wp-image-20783 aligncenter\" src=\"https:\/\/www.hydraulic-cylinders.net\/wp-content\/uploads\/2025\/05\/sensor-steering-cylinder-1-1.webp\" alt=\"\" width=\"400\" height=\"400\" \/><\/strong><\/h1>\n<p>Notre v\u00e9rin de direction avec capteur de position est con\u00e7u pour une pr\u00e9cision et une durabilit\u00e9 optimales, offrant un contr\u00f4le avanc\u00e9 pour les v\u00e9hicules hautes performances. Dot\u00e9 d'un capteur de position int\u00e9gr\u00e9, ce v\u00e9rin hydraulique fournit des donn\u00e9es d'angle de braquage en temps r\u00e9el, am\u00e9liorant la s\u00e9curit\u00e9 et les performances dans les applications exigeantes. Que vous modernisiez du mat\u00e9riel agricole ou r\u00e9pariez des engins lourds, notre v\u00e9rin de direction avec capteur de position r\u00e9pond aux normes industrielles les plus strictes. Fabriqu\u00e9 \u00e0 partir de mat\u00e9riaux haute r\u00e9sistance, il supporte les environnements \u00e0 haute pression, ce qui le rend id\u00e9al pour les tracteurs, les camions et les v\u00e9hicules industriels. Notre v\u00e9rin de direction de remplacement d'origine avec capteur garantit une compatibilit\u00e9 parfaite avec les principales marques de v\u00e9hicules.<\/p>\n<h2><strong>Sp\u00e9cifications techniques du v\u00e9rin de direction avec capteur de position\u00a0:<\/strong><\/h2>\n<p><strong>Diam\u00e8tre du cylindre :<\/strong> 75 mm<\/p>\n<p><strong>Diam\u00e8tre de la tige :<\/strong> 45 mm<\/p>\n<p><strong>Voyage:<\/strong> 215 mm<\/p>\n<p><strong>Distance d'installation :<\/strong> 569 mm<\/p>\n<h1 style=\"text-align: center;\"><strong><img loading=\"lazy\" decoding=\"async\" class=\"wp-image-20784 aligncenter\" src=\"https:\/\/www.hydraulic-cylinders.net\/wp-content\/uploads\/2025\/05\/sensor-steering-cylinder-2-1.webp\" alt=\"\" width=\"400\" height=\"401\" \/><\/strong><\/h1>\n<p><strong>Diam\u00e8tre du cylindre :<\/strong> 80 mm<\/p>\n<p><strong>Diam\u00e8tre de la tige :<\/strong> 580 mm<\/p>\n<p><strong>Voyage:<\/strong> 126 mm<\/p>\n<p><strong>Distance d'installation :<\/strong> 690 mm<\/p>\n<h1 style=\"text-align: center;\"><strong><img loading=\"lazy\" decoding=\"async\" class=\"wp-image-20785 aligncenter\" src=\"https:\/\/www.hydraulic-cylinders.net\/wp-content\/uploads\/2025\/05\/sensor-steering-cylinder-3-1.webp\" alt=\"\" width=\"400\" height=\"400\" \/><\/strong><\/h1>\n<p><strong>Diam\u00e8tre du cylindre :<\/strong> 80 mm<\/p>\n<p><strong>Diam\u00e8tre de la tige :<\/strong> 50 mm<\/p>\n<p><strong>Voyage:<\/strong> 166 mm<\/p>\n<p><strong>Distance d'installation :<\/strong> 885 mm<\/p>\n<h1 style=\"text-align: center;\"><strong><img loading=\"lazy\" decoding=\"async\" class=\"wp-image-20786 alignnone\" src=\"https:\/\/www.hydraulic-cylinders.net\/wp-content\/uploads\/2025\/05\/sensor-steering-cylinder-4-1.webp\" alt=\"\" width=\"400\" height=\"400\" \/><\/strong><\/h1>\n<p><strong>Diam\u00e8tre du cylindre :<\/strong> 90 mm<\/p>\n<p><strong>Diam\u00e8tre de la tige :<\/strong> 45 mm<\/p>\n<p><strong>Voyage:<\/strong> 232 mm<\/p>\n<p><strong>Distance d'installation :<\/strong> 635 mm<\/p>\n<h2><strong>Principales caract\u00e9ristiques de notre v\u00e9rin de direction avec capteur de position\u00a0:<\/strong><\/h2>\n<ul>\n<li><strong>V\u00e9rin de direction de pr\u00e9cision pour engins lourds<\/strong>: Le capteur de position int\u00e9gr\u00e9 fournit des donn\u00e9es pr\u00e9cises sur l'angle de braquage pour un contr\u00f4le am\u00e9lior\u00e9.<\/li>\n<li><strong>Cylindre de direction \u00e0 capteur de position durable pour camions<\/strong>Fabriqu\u00e9 en acier haute r\u00e9sistance pour supporter des conditions extr\u00eames.<\/li>\n<li><strong>Remplacement du cylindre de direction d'origine avec capteur<\/strong>Compatible avec les principales marques de v\u00e9hicules pour une installation facile.<\/li>\n<li><strong>Cylindre de direction automobile avec capteur de position<\/strong>Optimise les performances de direction des v\u00e9hicules de tourisme et utilitaires.<\/li>\n<li>Rev\u00eatement anticorrosion pour une dur\u00e9e de vie prolong\u00e9e.<\/li>\n<li>Technologie de capteurs avanc\u00e9e pour un retour d'information en temps r\u00e9el, prenant en charge les syst\u00e8mes ADAS et ESC.<\/li>\n<\/ul>\n<h2><strong>Applications des v\u00e9rins de direction avec capteurs de position\u00a0:<\/strong><\/h2>\n<p><img loading=\"lazy\" decoding=\"async\" class=\"alignnone size-full wp-image-20787\" src=\"https:\/\/www.hydraulic-cylinders.net\/wp-content\/uploads\/2025\/05\/steering-cylinders-with-position-sensors-application.webp\" alt=\"Applications des v\u00e9rins de direction avec capteurs de position\u00a0:\" width=\"1073\" height=\"501\" srcset=\"https:\/\/www.hydraulic-cylinders.net\/wp-content\/uploads\/2025\/05\/steering-cylinders-with-position-sensors-application.webp 1073w, https:\/\/www.hydraulic-cylinders.net\/wp-content\/uploads\/2025\/05\/steering-cylinders-with-position-sensors-application-980x458.webp 980w, https:\/\/www.hydraulic-cylinders.net\/wp-content\/uploads\/2025\/05\/steering-cylinders-with-position-sensors-application-480x224.webp 480w\" sizes=\"(min-width: 0px) and (max-width: 480px) 480px, (min-width: 481px) and (max-width: 980px) 980px, (min-width: 981px) 1073px, 100vw\" \/><\/p>\n<p>Notre\u00a0<strong>V\u00e9rins de direction avec capteurs de position<\/strong>\u00a0sont polyvalents et offrent des performances fiables dans de nombreux secteurs d'activit\u00e9\u00a0:<\/p>\n<h3><strong>Agriculture<\/strong><\/h3>\n<p>En milieu agricole, notre\u00a0<strong>V\u00e9rin de direction hydraulique pour tracteurs avec capteur de position<\/strong>\u00a0assure une navigation pr\u00e9cise pour les \u00e9quipements tels que les tracteurs et les moissonneuses-batteuses, am\u00e9liorant ainsi l'efficacit\u00e9 sur les terrains accident\u00e9s.<\/p>\n<h3><strong>Construction<\/strong><\/h3>\n<p>Pour la construction, notre\u00a0<strong>V\u00e9rin de direction de pr\u00e9cision pour engins lourds<\/strong>\u00a0offre des performances robustes, garantissant s\u00e9curit\u00e9 et contr\u00f4le dans des environnements exigeants comme les chantiers.<\/p>\n<h3><strong>Industrie automobile<\/strong><\/h3>\n<p>Notre\u00a0<strong>Cylindre de direction automobile avec capteur de position<\/strong>\u00a0est con\u00e7u pour les camions et les v\u00e9hicules de tourisme, am\u00e9liorant la pr\u00e9cision de la direction et prenant en charge les syst\u00e8mes avanc\u00e9s d'aide \u00e0 la conduite (ADAS).<\/p>\n<h2><strong>Solutions de maintenance pour les v\u00e9rins de direction avec capteurs de position\u00a0:<\/strong><\/h2>\n<p>Pour garantir les performances \u00e0 long terme de votre v\u00e9rin de direction avec capteur de position, suivez ces conseils d'entretien\u00a0:<\/p>\n<ul>\n<li style=\"list-style-type: none;\">\n<ul>\n<li><strong>Inspections r\u00e9guli\u00e8res<\/strong>V\u00e9rifiez tous les 6 mois l'absence de fuites, d'usure ou de corrosion du v\u00e9rin de direction hydraulique afin de maintenir des performances optimales.<\/li>\n<li><strong>\u00c9talonnage du capteur<\/strong>: Recalibrez le capteur de position apr\u00e8s les r\u00e9parations ou l'alignement \u00e0 l'aide d'outils de diagnostic afin de garantir des donn\u00e9es de direction pr\u00e9cises.<\/li>\n<\/ul>\n<\/li>\n<\/ul>\n<p>[](https:\/\/www.johnbean.com\/us\/product-articles\/steering-angle-sensors\/)<\/p>\n<ul>\n<li><strong>Maintenance des fluides<\/strong>Remplacez le liquide hydraulique conform\u00e9ment aux instructions du fabricant afin d'\u00e9viter toute contamination et d'assurer le bon fonctionnement du v\u00e9rin de direction avec capteur int\u00e9gr\u00e9.<\/li>\n<li><strong>Nettoyage<\/strong>Veillez \u00e0 ce que le cylindre et le capteur soient exempts de d\u00e9bris afin d'\u00e9viter toute interf\u00e9rence avec la pr\u00e9cision du capteur.<\/li>\n<li><strong>Service professionnel<\/strong>Pour les probl\u00e8mes complexes, consultez un technicien certifi\u00e9 pour diagnostiquer et r\u00e9parer le capteur de position du cylindre de direction \u00e0 l'aide de scanners OBD ou d'outils sp\u00e9cialis\u00e9s.<\/li>\n<\/ul>\n<h2 dir=\"auto\"><strong>Comment le capteur de position dans un v\u00e9rin de direction am\u00e9liore-t-il la pr\u00e9cision de la direction\u00a0?<\/strong><\/h2>\n<p><img loading=\"lazy\" decoding=\"async\" class=\"alignnone size-full wp-image-20788\" src=\"https:\/\/www.hydraulic-cylinders.net\/wp-content\/uploads\/2025\/05\/steering-cylinder-with-position-sensor-advantage.png\" alt=\"Avantage du v\u00e9rin de direction avec capteur de position\" width=\"1079\" height=\"610\" srcset=\"https:\/\/www.hydraulic-cylinders.net\/wp-content\/uploads\/2025\/05\/steering-cylinder-with-position-sensor-advantage.png 1079w, https:\/\/www.hydraulic-cylinders.net\/wp-content\/uploads\/2025\/05\/steering-cylinder-with-position-sensor-advantage-980x554.png 980w, https:\/\/www.hydraulic-cylinders.net\/wp-content\/uploads\/2025\/05\/steering-cylinder-with-position-sensor-advantage-480x271.png 480w\" sizes=\"(min-width: 0px) and (max-width: 480px) 480px, (min-width: 481px) and (max-width: 980px) 980px, (min-width: 981px) 1079px, 100vw\" \/><\/p>\n<p dir=\"auto\">Le capteur de position int\u00e9gr\u00e9 au v\u00e9rin de direction am\u00e9liore consid\u00e9rablement la pr\u00e9cision de la direction en fournissant des donn\u00e9es en temps r\u00e9el sur l'angle de braquage et la position des roues. Int\u00e9gr\u00e9 au v\u00e9rin hydraulique, ce capteur (g\u00e9n\u00e9ralement magn\u00e9tique ou inductif) surveille le mouvement du piston et le traduit en un retour d'information pr\u00e9cis sur l'angle de braquage. Ces donn\u00e9es sont transmises au calculateur de gestion moteur (ECU) du v\u00e9hicule, permettant ainsi des ajustements continus du syst\u00e8me de direction pour des performances optimales. Pour les tracteurs, les camions et les engins de chantier, cela garantit un contr\u00f4le pr\u00e9cis et r\u00e9actif du v\u00e9rin de direction, m\u00eame dans des conditions difficiles.<\/p>\n<p dir=\"auto\">Dans les v\u00e9hicules \u00e9quip\u00e9s d'un v\u00e9rin de direction avec capteur de position, ce dernier contribue au bon fonctionnement des syst\u00e8mes avanc\u00e9s d'aide \u00e0 la conduite (ADAS), tels que l'assistance au maintien de voie et le contr\u00f4le de stabilit\u00e9, en fournissant des donn\u00e9es pr\u00e9cises sur la direction. De m\u00eame, un v\u00e9rin de direction de pr\u00e9cision pour engins lourds s'appuie sur ce capteur pour maintenir sa pr\u00e9cision lors d'op\u00e9rations \u00e0 haute pression, r\u00e9duisant ainsi la d\u00e9rive et am\u00e9liorant la maniabilit\u00e9. Le v\u00e9rin de direction avec capteur int\u00e9gr\u00e9 renforce \u00e9galement la s\u00e9curit\u00e9 en d\u00e9tectant les d\u00e9fauts d'alignement, garantissant ainsi des performances constantes dans des environnements exigeants comme l'agriculture ou la construction.<\/p>\n<h3 dir=\"auto\"><strong>Principaux avantages pour la pr\u00e9cision de la direction<\/strong><\/h3>\n<ul dir=\"auto\">\n<li><strong>Retour d'information en temps r\u00e9el<\/strong>Le capteur de position du v\u00e9rin de direction fournit des donn\u00e9es instantan\u00e9es sur l'angle de braquage, permettant un alignement pr\u00e9cis des roues.<\/li>\n<li><strong>Contr\u00f4le am\u00e9lior\u00e9<\/strong>Dans un v\u00e9rin de direction hydraulique pour tracteurs avec capteur de position, le capteur assure une navigation pr\u00e9cise sur terrain accident\u00e9.<\/li>\n<li><strong>Compatibilit\u00e9 avec les syst\u00e8mes ADAS<\/strong>Le v\u00e9rin de direction automobile avec capteur de position s'int\u00e8gre aux syst\u00e8mes modernes des v\u00e9hicules pour une r\u00e9activit\u00e9 am\u00e9lior\u00e9e.<\/li>\n<li><strong>Durabilit\u00e9 et pr\u00e9cision<\/strong>Un v\u00e9rin de direction \u00e0 capteur de position durable pour camions maintient sa pr\u00e9cision m\u00eame dans des conditions de haute pression.<\/li>\n<\/ul>\n<p dir=\"auto\">Gr\u00e2ce \u00e0 son capteur de position int\u00e9gr\u00e9, le v\u00e9rin de direction optimise la tenue de route du v\u00e9hicule et constitue un composant essentiel pour les secteurs exigeant un syst\u00e8me de direction avec capteur int\u00e9gr\u00e9. Pour plus d'informations sur notre v\u00e9rin de direction de remplacement d'origine avec capteur, contactez-nous d\u00e8s aujourd'hui\u00a0!<\/p>\n<h2><strong>Zone de production de v\u00e9rins hydrauliques :<\/strong><\/h2>\n<h2><img loading=\"lazy\" decoding=\"async\" class=\"alignnone size-full wp-image-16972\" src=\"https:\/\/www.hydraulic-cylinders.net\/wp-content\/uploads\/2025\/01\/hydraulic-cylinder-factory-1-scaled.webp\" sizes=\"(min-width: 0px) and (max-width: 480px) 480px, (min-width: 481px) and (max-width: 980px) 980px, (min-width: 981px) and (max-width: 1280px) 1280px, (min-width: 1281px) 2016px, 100vw\" srcset=\"https:\/\/www.hydraulic-cylinders.net\/wp-content\/uploads\/2025\/01\/hydraulic-cylinder-factory-1-scaled.webp 2016w, https:\/\/www.hydraulic-cylinders.net\/wp-content\/uploads\/2025\/01\/hydraulic-cylinder-factory-1-1280x1625.webp 1280w, https:\/\/www.hydraulic-cylinders.net\/wp-content\/uploads\/2025\/01\/hydraulic-cylinder-factory-1-980x1244.webp 980w, https:\/\/www.hydraulic-cylinders.net\/wp-content\/uploads\/2025\/01\/hydraulic-cylinder-factory-1-480x610.webp 480w\" alt=\"\" width=\"2016\" height=\"2560\" \/><\/h2>\n<p>En tant que fournisseur leader de v\u00e9rins hydrauliques de direction, nous disposons d'une plateforme de R&amp;D ind\u00e9pendante de premier ordre, d\u00e9di\u00e9e \u00e0 l'innovation et \u00e0 la qualit\u00e9. Notre atelier de production de v\u00e9rins pour chariots \u00e9l\u00e9vateurs comprend quatre lignes d'assemblage semi-automatiques de v\u00e9rins de levage et une ligne d'assemblage enti\u00e8rement automatique de v\u00e9rins d'inclinaison, avec une capacit\u00e9 de production annuelle nominale de <strong>un million de pi\u00e8ces<\/strong>.<\/p>\n<h3><strong>Atelier sp\u00e9cialis\u00e9 pour cylindres<\/strong><\/h3>\n<p>Notre atelier sp\u00e9cialis\u00e9 dans les cylindres est \u00e9quip\u00e9 de syst\u00e8mes de nettoyage et d'assemblage semi-automatiques adapt\u00e9s \u00e0 diff\u00e9rentes sp\u00e9cifications, atteignant une capacit\u00e9 de production annuelle de <strong>200 000 pi\u00e8ces<\/strong>Nous utilisons des \u00e9quipements d'usinage CNC de pointe, des centres d'usinage avanc\u00e9s et des outils de traitement sp\u00e9cialis\u00e9s de haute pr\u00e9cision. Notre usine comprend \u00e9galement des machines de soudage robotis\u00e9es, des syst\u00e8mes de nettoyage automatiques, des machines d'assemblage et des lignes de production de peinture. <strong>300 ensembles d'\u00e9quipements cl\u00e9s<\/strong> En exploitation, nous assurons une allocation optimis\u00e9e des ressources et une utilisation efficace.<\/p>\n<h3><strong>Capacit\u00e9s d'usinage de pr\u00e9cision<\/strong><\/h3>\n<p>Notre atelier d'usinage est \u00e9quip\u00e9 de centres de tournage \u00e0 guidage inclinable sur mesure, de centres d'usinage, de machines \u00e0 roder \u00e0 grande vitesse et de robots de soudage. Cette configuration nous permet de r\u00e9aliser l'usinage de tubes cylindriques d'un diam\u00e8tre int\u00e9rieur maximal de <strong>400 mm<\/strong> et des longueurs jusqu'\u00e0 <strong>6 m\u00e8tres<\/strong>Notre engagement envers la pr\u00e9cision garantit que tous nos produits r\u00e9pondent aux normes de qualit\u00e9 les plus \u00e9lev\u00e9es.<\/p>\n<h2><img loading=\"lazy\" decoding=\"async\" class=\"alignnone size-full wp-image-16973\" src=\"https:\/\/www.hydraulic-cylinders.net\/wp-content\/uploads\/2025\/01\/hydraulic-cylinder-factory-2-scaled.webp\" sizes=\"(min-width: 0px) and (max-width: 480px) 480px, (min-width: 481px) and (max-width: 980px) 980px, (min-width: 981px) and (max-width: 1280px) 1280px, (min-width: 1281px) 2011px, 100vw\" srcset=\"https:\/\/www.hydraulic-cylinders.net\/wp-content\/uploads\/2025\/01\/hydraulic-cylinder-factory-2-scaled.webp 2011w, https:\/\/www.hydraulic-cylinders.net\/wp-content\/uploads\/2025\/01\/hydraulic-cylinder-factory-2-1280x1629.webp 1280w, https:\/\/www.hydraulic-cylinders.net\/wp-content\/uploads\/2025\/01\/hydraulic-cylinder-factory-2-980x1248.webp 980w, https:\/\/www.hydraulic-cylinders.net\/wp-content\/uploads\/2025\/01\/hydraulic-cylinder-factory-2-480x611.webp 480w\" alt=\"\" width=\"2011\" height=\"2560\" \/><\/h2>\n<p>&nbsp;<\/p>","protected":false},"excerpt":{"rendered":"<p>Steering Cylinder With Position Sensor Our\u00a0steering cylinder with position sensor\u00a0is engineered for precision and durability, offering advanced control for high-performance vehicles. Equipped with an integrated position sensor, this\u00a0hydraulic steering cylinder\u00a0provides real-time steering angle data, enhancing safety and performance in demanding applications. Whether you\u2019re upgrading agricultural equipment or repairing heavy machinery, our\u00a0position sensor steering cylinder\u00a0meets the [&hellip;]<\/p>","protected":false},"featured_media":20641,"comment_status":"open","ping_status":"closed","template":"","meta":{"_et_pb_use_builder":"","_et_pb_old_content":"","_et_gb_content_width":""},"product_brand":[],"product_cat":[1561],"product_tag":[],"class_list":{"0":"post-20782","1":"product","2":"type-product","3":"status-publish","4":"has-post-thumbnail","6":"product_cat-steering-hydraulic-cylinders","8":"first","9":"instock","10":"shipping-taxable","11":"product-type-simple"},"amp_enabled":true,"_links":{"self":[{"href":"https:\/\/www.hydraulic-cylinders.net\/fr\/wp-json\/wp\/v2\/product\/20782","targetHints":{"allow":["GET"]}}],"collection":[{"href":"https:\/\/www.hydraulic-cylinders.net\/fr\/wp-json\/wp\/v2\/product"}],"about":[{"href":"https:\/\/www.hydraulic-cylinders.net\/fr\/wp-json\/wp\/v2\/types\/product"}],"replies":[{"embeddable":true,"href":"https:\/\/www.hydraulic-cylinders.net\/fr\/wp-json\/wp\/v2\/comments?post=20782"}],"wp:featuredmedia":[{"embeddable":true,"href":"https:\/\/www.hydraulic-cylinders.net\/fr\/wp-json\/wp\/v2\/media\/20641"}],"wp:attachment":[{"href":"https:\/\/www.hydraulic-cylinders.net\/fr\/wp-json\/wp\/v2\/media?parent=20782"}],"wp:term":[{"taxonomy":"product_brand","embeddable":true,"href":"https:\/\/www.hydraulic-cylinders.net\/fr\/wp-json\/wp\/v2\/product_brand?post=20782"},{"taxonomy":"product_cat","embeddable":true,"href":"https:\/\/www.hydraulic-cylinders.net\/fr\/wp-json\/wp\/v2\/product_cat?post=20782"},{"taxonomy":"product_tag","embeddable":true,"href":"https:\/\/www.hydraulic-cylinders.net\/fr\/wp-json\/wp\/v2\/product_tag?post=20782"}],"curies":[{"name":"wp","href":"https:\/\/api.w.org\/{rel}","templated":true}]}}