{"id":643,"date":"2023-08-21T02:44:39","date_gmt":"2023-08-21T02:44:39","guid":{"rendered":"https:\/\/hydraulic-cylinders.net\/?post_type=product&#038;p=643"},"modified":"2025-04-11T03:15:48","modified_gmt":"2025-04-11T03:15:48","slug":"forklift-steering-hydraulic-cylinder","status":"publish","type":"product","link":"https:\/\/www.hydraulic-cylinders.net\/fr\/produit\/forklift-steering-hydraulic-cylinder\/","title":{"rendered":"V\u00e9rin hydraulique de direction pour chariot \u00e9l\u00e9vateur"},"content":{"rendered":"<h1 style=\"text-align: center;\"><strong>V\u00e9rins hydrauliques de direction pour chariots \u00e9l\u00e9vateurs \u00e0 fourche<\/strong><\/h1>\n<p><img loading=\"lazy\" decoding=\"async\" class=\"aligncenter wp-image-644 size-full\" src=\"https:\/\/hydraulic-cylinders.net\/wp-content\/uploads\/2023\/08\/steering-hydraulic-cylinder-product-1.webp\" alt=\"produit-cylindre hydraulique de direction\" width=\"382\" height=\"382\" srcset=\"https:\/\/www.hydraulic-cylinders.net\/wp-content\/uploads\/2023\/08\/steering-hydraulic-cylinder-product-1.webp 382w, https:\/\/www.hydraulic-cylinders.net\/wp-content\/uploads\/2023\/08\/steering-hydraulic-cylinder-product-1-300x300.webp 300w, https:\/\/www.hydraulic-cylinders.net\/wp-content\/uploads\/2023\/08\/steering-hydraulic-cylinder-product-1-100x100.webp 100w, https:\/\/www.hydraulic-cylinders.net\/wp-content\/uploads\/2023\/08\/steering-hydraulic-cylinder-product-1-150x150.webp 150w\" sizes=\"(max-width: 382px) 100vw, 382px\" \/><\/p>\n<p>Les v\u00e9rins hydrauliques de direction pour chariots \u00e9l\u00e9vateurs sont la force motrice d'un contr\u00f4le pr\u00e9cis de la direction et d'une meilleure man\u0153uvrabilit\u00e9 dans les op\u00e9rations de chariots \u00e9l\u00e9vateurs. Ces composants essentiels jouent un r\u00f4le crucial en assurant une direction souple et r\u00e9active, permettant aux op\u00e9rateurs de naviguer dans des espaces restreints et de manipuler de lourdes charges avec facilit\u00e9.<\/p>\n<p>Les v\u00e9rins hydrauliques de direction pour chariots \u00e9l\u00e9vateurs sont compatibles avec une large gamme de mod\u00e8les et de marques de chariots \u00e9l\u00e9vateurs, ce qui en fait une solution polyvalente pour diverses applications. Que vous travailliez dans l'entreposage, la logistique, la fabrication ou toute autre industrie, ces v\u00e9rins peuvent \u00eatre adapt\u00e9s pour r\u00e9pondre \u00e0 vos besoins sp\u00e9cifiques.<\/p>\n<p>En \u00e9quipant vos chariots \u00e9l\u00e9vateurs de ces v\u00e9rins, vous pouvez am\u00e9liorer consid\u00e9rablement l'efficacit\u00e9 de la direction et la productivit\u00e9. Les virages sont plus souples, la manutention est plus pr\u00e9cise et la fatigue de l'op\u00e9rateur est r\u00e9duite, ce qui se traduit par des op\u00e9rations de manutention plus rapides et plus efficaces.<\/p>\n<h2><strong>Cylindre hydraulique de direction pour chariot \u00e9l\u00e9vateur Param\u00e8tres :<\/strong><\/h2>\n<table>\n<tbody>\n<tr>\n<td><img loading=\"lazy\" decoding=\"async\" class=\"alignnone wp-image-645 size-full\" src=\"https:\/\/hydraulic-cylinders.net\/wp-content\/uploads\/2023\/08\/steering-hydraulic-cylinder-product-1-1.webp\" alt=\"\" width=\"334\" height=\"255\" srcset=\"https:\/\/www.hydraulic-cylinders.net\/wp-content\/uploads\/2023\/08\/steering-hydraulic-cylinder-product-1-1.webp 334w, https:\/\/www.hydraulic-cylinders.net\/wp-content\/uploads\/2023\/08\/steering-hydraulic-cylinder-product-1-1-300x229.webp 300w\" sizes=\"(max-width: 334px) 100vw, 334px\" \/><\/td>\n<td><img loading=\"lazy\" decoding=\"async\" class=\"alignnone wp-image-646 size-full\" src=\"https:\/\/hydraulic-cylinders.net\/wp-content\/uploads\/2023\/08\/steering-hydraulic-cylinder-product-1-1.jpg.webp\" alt=\"\" width=\"475\" height=\"160\" srcset=\"https:\/\/www.hydraulic-cylinders.net\/wp-content\/uploads\/2023\/08\/steering-hydraulic-cylinder-product-1-1.jpg.webp 475w, https:\/\/www.hydraulic-cylinders.net\/wp-content\/uploads\/2023\/08\/steering-hydraulic-cylinder-product-1-1.jpg-300x101.webp 300w\" sizes=\"(max-width: 475px) 100vw, 475px\" \/><\/td>\n<\/tr>\n<\/tbody>\n<\/table>\n<table style=\"height: 95px;\" border=\"1\" cellspacing=\"0\" cellpadding=\"0\">\n<tbody>\n<tr style=\"height: 47px;\">\n<td style=\"height: 47px; width: 122.175px;\">Nom du cylindre<\/td>\n<td style=\"height: 47px; width: 154.2px;\">num\u00e9ro de dessin<\/td>\n<td style=\"height: 47px; width: 80.3125px;\">diam\u00e8tre de l'al\u00e9sage (D)<\/td>\n<td style=\"height: 47px; width: 79.225px;\">diam\u00e8tre de la tige (d)<\/td>\n<td style=\"height: 47px; width: 65.5375px;\">AVC (S)<\/td>\n<td style=\"height: 47px; width: 104.15px;\">Distance d'installation (L)<\/td>\n<td style=\"height: 47px; width: 97.925px;\">pression de service<\/td>\n<td style=\"height: 47px; width: 177.45px;\">Dimensions de l'interface (M)<\/td>\n<td style=\"height: 47px; width: 60.5875px;\">poids<\/td>\n<\/tr>\n<tr style=\"height: 48px;\">\n<td class=\"et3\" style=\"height: 48px; width: 122.175px;\" height=\"325\">Cylindre de direction<\/td>\n<td class=\"et4\" style=\"height: 48px; width: 154.2px;\">R960-224000-001<\/td>\n<td class=\"et4\" style=\"height: 48px; width: 80.3125px;\">\u03a665<\/td>\n<td class=\"et4\" style=\"height: 48px; width: 79.225px;\">\u03a640<\/td>\n<td class=\"et4\" style=\"height: 48px; width: 65.5375px;\">2*98<\/td>\n<td class=\"et4\" style=\"height: 48px; width: 104.15px;\">672<\/td>\n<td class=\"et4\" style=\"height: 48px; width: 97.925px;\">10,5MPa<\/td>\n<td class=\"et4\" style=\"height: 48px; width: 177.45px;\">2-G1\/4<\/td>\n<td class=\"et4\" style=\"height: 48px; width: 60.5875px;\">15 kg<\/td>\n<\/tr>\n<\/tbody>\n<\/table>\n<table>\n<tbody>\n<tr>\n<td><img loading=\"lazy\" decoding=\"async\" class=\"alignnone wp-image-647 size-full\" src=\"https:\/\/hydraulic-cylinders.net\/wp-content\/uploads\/2023\/08\/steering-hydraulic-cylinder-product-1-2.webp\" alt=\"\" width=\"333\" height=\"252\" srcset=\"https:\/\/www.hydraulic-cylinders.net\/wp-content\/uploads\/2023\/08\/steering-hydraulic-cylinder-product-1-2.webp 333w, https:\/\/www.hydraulic-cylinders.net\/wp-content\/uploads\/2023\/08\/steering-hydraulic-cylinder-product-1-2-300x227.webp 300w\" sizes=\"(max-width: 333px) 100vw, 333px\" \/><\/td>\n<td><img loading=\"lazy\" decoding=\"async\" class=\"alignnone wp-image-648 size-full\" src=\"https:\/\/hydraulic-cylinders.net\/wp-content\/uploads\/2023\/08\/steering-hydraulic-cylinder-product-1-3.webp\" alt=\"\" width=\"475\" height=\"168\" srcset=\"https:\/\/www.hydraulic-cylinders.net\/wp-content\/uploads\/2023\/08\/steering-hydraulic-cylinder-product-1-3.webp 475w, https:\/\/www.hydraulic-cylinders.net\/wp-content\/uploads\/2023\/08\/steering-hydraulic-cylinder-product-1-3-300x106.webp 300w\" sizes=\"(max-width: 475px) 100vw, 475px\" \/><\/td>\n<\/tr>\n<\/tbody>\n<\/table>\n<table style=\"height: 101px;\" border=\"1\" cellspacing=\"0\" cellpadding=\"0\">\n<tbody>\n<tr style=\"height: 47px;\">\n<td style=\"height: 47px; width: 122px;\">Nom du cylindre<\/td>\n<td style=\"height: 47px; width: 155px;\">num\u00e9ro de dessin<\/td>\n<td style=\"height: 47px; width: 80px;\">diam\u00e8tre de l'al\u00e9sage (D)<\/td>\n<td style=\"height: 47px; width: 79px;\">diam\u00e8tre de la tige (d)<\/td>\n<td style=\"height: 47px; width: 65px;\">AVC (S)<\/td>\n<td style=\"height: 47px; width: 104px;\">Distance d'installation (L)<\/td>\n<td style=\"height: 47px; width: 96px;\">pression de service<\/td>\n<td style=\"height: 47px; width: 177px;\">Dimensions de l'interface (M)<\/td>\n<td style=\"height: 47px; width: 60px;\">poids<\/td>\n<\/tr>\n<tr style=\"height: 54px;\">\n<td class=\"et3\" style=\"height: 54px; width: 122px;\" height=\"325\">Cylindre de direction<\/td>\n<td class=\"et4\" style=\"height: 54px; width: 155px;\">A2A300-223000-000<\/td>\n<td class=\"et4\" style=\"height: 54px; width: 80px;\">\u03a680<\/td>\n<td class=\"et4\" style=\"height: 54px; width: 79px;\">\u03a650<\/td>\n<td class=\"et4\" style=\"height: 54px; width: 65px;\">2*103<\/td>\n<td class=\"et4\" style=\"height: 54px; width: 104px;\">652.2<\/td>\n<td class=\"et4\" style=\"height: 54px; width: 96px;\">10MPa<\/td>\n<td class=\"et4\" style=\"height: 54px; width: 177px;\">2-M16*1.5<\/td>\n<td class=\"et4\" style=\"height: 54px; width: 60px;\">18kg<\/td>\n<\/tr>\n<\/tbody>\n<\/table>\n<table>\n<tbody>\n<tr>\n<td><img loading=\"lazy\" decoding=\"async\" class=\"alignnone wp-image-649 size-full\" src=\"https:\/\/hydraulic-cylinders.net\/wp-content\/uploads\/2023\/08\/steering-hydraulic-cylinder-product-1-4.webp\" alt=\"\" width=\"333\" height=\"221\" srcset=\"https:\/\/www.hydraulic-cylinders.net\/wp-content\/uploads\/2023\/08\/steering-hydraulic-cylinder-product-1-4.webp 333w, https:\/\/www.hydraulic-cylinders.net\/wp-content\/uploads\/2023\/08\/steering-hydraulic-cylinder-product-1-4-300x199.webp 300w\" sizes=\"(max-width: 333px) 100vw, 333px\" \/><\/td>\n<td><img loading=\"lazy\" decoding=\"async\" class=\"alignnone wp-image-650 size-full\" src=\"https:\/\/hydraulic-cylinders.net\/wp-content\/uploads\/2023\/08\/steering-hydraulic-cylinder-product-1-5.webp\" alt=\"\" width=\"475\" height=\"176\" srcset=\"https:\/\/www.hydraulic-cylinders.net\/wp-content\/uploads\/2023\/08\/steering-hydraulic-cylinder-product-1-5.webp 475w, https:\/\/www.hydraulic-cylinders.net\/wp-content\/uploads\/2023\/08\/steering-hydraulic-cylinder-product-1-5-300x111.webp 300w\" sizes=\"(max-width: 475px) 100vw, 475px\" \/><\/td>\n<\/tr>\n<\/tbody>\n<\/table>\n<table style=\"height: 98px;\" border=\"1\" cellspacing=\"0\" cellpadding=\"0\">\n<tbody>\n<tr style=\"height: 47px;\">\n<td style=\"height: 47px; width: 122.338px;\">Nom du cylindre<\/td>\n<td style=\"height: 47px; width: 154.438px;\">num\u00e9ro de dessin<\/td>\n<td style=\"height: 47px; width: 80.3625px;\">diam\u00e8tre de l'al\u00e9sage (D)<\/td>\n<td style=\"height: 47px; width: 79.275px;\">diam\u00e8tre de la tige (d)<\/td>\n<td style=\"height: 47px; width: 65.5875px;\">AVC (S)<\/td>\n<td style=\"height: 47px; width: 104.25px;\">Distance d'installation (L)<\/td>\n<td style=\"height: 47px; width: 97.025px;\">pression de service<\/td>\n<td style=\"height: 47px; width: 177.7px;\">Dimensions de l'interface (M)<\/td>\n<td style=\"height: 47px; width: 60.625px;\">poids<\/td>\n<\/tr>\n<tr style=\"height: 51px;\">\n<td class=\"et3\" style=\"height: 51px; width: 122.338px;\" height=\"325\">Cylindre de direction<\/td>\n<td class=\"et4\" style=\"height: 51px; width: 154.438px;\">XF250-223000-500T<\/td>\n<td class=\"et4\" style=\"height: 51px; width: 80.3625px;\">\u03a680<\/td>\n<td class=\"et4\" style=\"height: 51px; width: 79.275px;\">\u03a650<\/td>\n<td class=\"et4\" style=\"height: 51px; width: 65.5875px;\">2*94<\/td>\n<td class=\"et4\" style=\"height: 51px; width: 104.25px;\">654<\/td>\n<td class=\"et4\" style=\"height: 51px; width: 97.025px;\">16MPa<\/td>\n<td class=\"et4\" style=\"height: 51px; width: 177.7px;\">2-M16*1.5<\/td>\n<td class=\"et4\" style=\"height: 51px; width: 60.625px;\">20 kg<\/td>\n<\/tr>\n<\/tbody>\n<\/table>\n<h2><strong>Lignes directrices pour l'entretien des <\/strong><strong>V\u00e9rin hydraulique de levage pour chariot \u00e9l\u00e9vateur \u00e0 fourche<\/strong><strong>:<\/strong><\/h2>\n<ul>\n<li><strong>Inspections r\u00e9guli\u00e8res<\/strong>: Effectuer des inspections de routine du v\u00e9rin hydraulique pour d\u00e9tecter tout signe de dommage, d'usure ou de fuite. Examinez la tige, les joints et les points de montage. Traiter rapidement tout probl\u00e8me afin d'\u00e9viter d'autres dommages et de maintenir des performances optimales.<\/li>\n<li><strong>Contr\u00f4le et remplacement des fluides<\/strong>: V\u00e9rifier r\u00e9guli\u00e8rement le niveau et la qualit\u00e9 du liquide hydraulique. Assurez-vous que le liquide est propre et exempt de contaminants. Suivez les recommandations du fabricant en ce qui concerne les intervalles de remplacement du liquide afin de maintenir une lubrification correcte et les performances du syst\u00e8me.<\/li>\n<li><strong>Entretien des joints<\/strong>: Inspectez les joints du v\u00e9rin hydraulique pour v\u00e9rifier qu'ils ne pr\u00e9sentent pas de signes d'usure, de fissures ou de fuites. Remplacez rapidement les joints endommag\u00e9s pour \u00e9viter les fuites de fluide et garantir un fonctionnement fiable.<\/li>\n<li><strong>Entretien des tiges<\/strong>: Maintenez la tige du v\u00e9rin hydraulique propre et exempte de d\u00e9bris. Essuyez r\u00e9guli\u00e8rement la tige et appliquez un lubrifiant appropri\u00e9 pour minimiser les frottements et prolonger la dur\u00e9e de vie des joints.<\/li>\n<li><strong>Contr\u00f4le de la pression du syst\u00e8me<\/strong>: V\u00e9rifier p\u00e9riodiquement la pression du syst\u00e8me hydraulique pour s'assurer qu'elle fonctionne dans la plage recommand\u00e9e. Ajustez la pression si n\u00e9cessaire, en suivant les directives du fabricant.<\/li>\n<\/ul>\n<h2><strong>Capacit\u00e9 de l'usine :<\/strong><\/h2>\n<h3>(1) Assemblage<\/h3>\n<p>Nous disposons d'une plate-forme d'assemblage ind\u00e9pendante de recherche et de d\u00e9veloppement de premier ordre. L'atelier de production de cylindres pour chariots \u00e9l\u00e9vateurs dispose de 4 lignes d'assemblage de cylindres de levage semi-automatiques et d'une ligne d'assemblage de cylindres d'inclinaison automatiques, avec une capacit\u00e9 de production annuelle pr\u00e9vue de 1 million de pi\u00e8ces ; l'atelier de cylindres sp\u00e9ciaux est \u00e9quip\u00e9 d'un syst\u00e8me d'assemblage de nettoyage semi-automatique de diverses sp\u00e9cifications, avec une capacit\u00e9 de production annuelle pr\u00e9vue de 200 000 pi\u00e8ces. L'usine est \u00e9quip\u00e9e d'un c\u00e9l\u00e8bre \u00e9quipement d'usinage CNC, d'un centre d'usinage, d'un \u00e9quipement sp\u00e9cial de traitement des cylindres de haute pr\u00e9cision, d'une machine de soudage robotis\u00e9e, d'une machine de nettoyage automatique, d'une machine d'assemblage de cylindres automatique, d'une ligne de production de peinture automatique. \u00c9quipements cl\u00e9s existants : plus de 300 ensembles (ensembles). L'allocation optimale et l'utilisation efficace des ressources en \u00e9quipement garantissent les exigences de pr\u00e9cision des produits et r\u00e9pondent aux exigences de haute qualit\u00e9 des produits.<\/p>\n<p><img loading=\"lazy\" decoding=\"async\" class=\"alignnone wp-image-626\" src=\"https:\/\/hydraulic-cylinders.net\/wp-content\/uploads\/2023\/08\/hydraulic-cylinder-product-1-300x158.webp\" alt=\"\" width=\"495\" height=\"260\" srcset=\"https:\/\/hydraulic-cylinders.net\/wp-content\/uploads\/2023\/08\/hydraulic-cylinder-product-1-300x158.webp 495w, https:\/\/hydraulic-cylinders.net\/wp-content\/uploads\/2023\/08\/hydraulic-cylinder-product-1-480x252.webp 480w\" sizes=\"(min-width: 0px) and (max-width: 480px) 480px, (min-width: 481px) 495px, 100vw\" \/> <img loading=\"lazy\" decoding=\"async\" class=\"alignnone wp-image-627\" src=\"https:\/\/hydraulic-cylinders.net\/wp-content\/uploads\/2023\/08\/hydraulic-cylinder-product-2-300x189.webp\" alt=\"\" width=\"413\" height=\"260\" \/><\/p>\n<h3>(2) Usinage<\/h3>\n<p>L'atelier d'usinage est \u00e9quip\u00e9 d'un centre de tournage sur rail inclin\u00e9 personnalis\u00e9, d'un centre d'usinage, d'une machine \u00e0 honer \u00e0 grande vitesse, d'un robot de soudage et d'autres \u00e9quipements connexes, qui peuvent traiter des tubes cylindriques d'un diam\u00e8tre int\u00e9rieur maximal de 400 mm et d'une longueur maximale de 6 m\u00e8tres.<\/p>\n<p><img loading=\"lazy\" decoding=\"async\" class=\"alignnone wp-image-628 size-large\" src=\"https:\/\/hydraulic-cylinders.net\/wp-content\/uploads\/2023\/08\/hydraulic-cylinder-product-3-1024x391.webp\" alt=\"\" width=\"1024\" height=\"391\" srcset=\"https:\/\/hydraulic-cylinders.net\/wp-content\/uploads\/2023\/08\/hydraulic-cylinder-product-3-980x374.webp 980w, https:\/\/hydraulic-cylinders.net\/wp-content\/uploads\/2023\/08\/hydraulic-cylinder-product-3-480x183.webp 480w\" sizes=\"(min-width: 0px) and (max-width: 480px) 480px, (min-width: 481px) and (max-width: 980px) 980px, (min-width: 981px) 1024px, 100vw\" \/><\/p>\n<h3>(3) Soudage<\/h3>\n<p><img loading=\"lazy\" decoding=\"async\" class=\"alignnone wp-image-629 size-large\" src=\"https:\/\/hydraulic-cylinders.net\/wp-content\/uploads\/2023\/08\/hydraulic-cylinder-product-4-1024x510.webp\" alt=\"\" width=\"1024\" height=\"510\" srcset=\"https:\/\/hydraulic-cylinders.net\/wp-content\/uploads\/2023\/08\/hydraulic-cylinder-product-4-980x488.webp 980w, https:\/\/hydraulic-cylinders.net\/wp-content\/uploads\/2023\/08\/hydraulic-cylinder-product-4-480x239.webp 480w\" sizes=\"(min-width: 0px) and (max-width: 480px) 480px, (min-width: 481px) and (max-width: 980px) 980px, (min-width: 981px) 1024px, 100vw\" \/><\/p>\n<h3>(4) Peinture et rev\u00eatement<\/h3>\n<p>La ligne de rev\u00eatement automatique de peinture \u00e0 base d'eau pour cylindres de petite et moyenne taille permet le chargement et le d\u00e9chargement automatiques par robot ainsi que la pulv\u00e9risation automatique. La capacit\u00e9 nominale est de 4 000 pi\u00e8ces par \u00e9quipe ;<br \/>\nNous disposons \u00e9galement d'une ligne de production de peinture semi-automatique pour gros cylindres, aliment\u00e9e par une cha\u00eene de traction, d'une capacit\u00e9 nominale de 60 caisses par \u00e9quipe.<\/p>\n<p><img loading=\"lazy\" decoding=\"async\" class=\"alignnone wp-image-630\" src=\"https:\/\/hydraulic-cylinders.net\/wp-content\/uploads\/2023\/08\/hydraulic-cylinder-product-5-300x213.webp\" alt=\"\" width=\"366\" height=\"260\" \/> <img loading=\"lazy\" decoding=\"async\" class=\"alignnone wp-image-631\" src=\"https:\/\/hydraulic-cylinders.net\/wp-content\/uploads\/2023\/08\/hydraulic-cylinder-product-6-300x225.webp\" alt=\"\" width=\"347\" height=\"260\" \/><\/p>\n<h3>(5) Essais<\/h3>\n<p>Nous disposons d'installations d'inspection et de bancs d'essai de premier ordre pour garantir que les performances de la bouteille sont conformes aux exigences.<\/p>\n<p><img loading=\"lazy\" decoding=\"async\" class=\"alignnone wp-image-632\" src=\"https:\/\/hydraulic-cylinders.net\/wp-content\/uploads\/2023\/08\/hydraulic-cylinder-product-8-300x200.webp\" alt=\"\" width=\"389\" height=\"260\" \/><\/p>\n<p>&nbsp;<\/p>\n<p>&nbsp;<\/p>\n<p>Nous sommes l'un des meilleurs fabricants de v\u00e9rins hydrauliques. Nous pouvons offrir un large stock de v\u00e9rins hydrauliques. Nous fournissons \u00e9galement des <a href=\"https:\/\/hzpt.com\/agricultural-pto-gearbox\/\" target=\"_blank\" rel=\"noopener\">bo\u00eetes de vitesses agricoles<\/a>. Nous avons export\u00e9 nos produits vers des clients du monde entier et avons acquis une bonne r\u00e9putation gr\u00e2ce \u00e0 la qualit\u00e9 sup\u00e9rieure de nos produits et \u00e0 notre service apr\u00e8s-vente. Nous invitons chaleureusement nos clients, tant nationaux qu'\u00e9trangers, \u00e0 nous contacter pour n\u00e9gocier des affaires, \u00e9changer des informations, et...\u00a0<a href=\"https:\/\/www.hydraulic-cylinders.net\/fr\/contact-us\/\">coop\u00e9rer avec nous<\/a>!<\/p>","protected":false},"excerpt":{"rendered":"<p>Forklift Steering Hydraulic Cylinders Forklift Steering Hydraulic Cylinders, the driving force behind precise steering control and enhanced maneuverability in forklift operations. These essential components play a crucial role in ensuring smooth and responsive steering, allowing operators to navigate tight spaces and handle heavy loads with ease. The Forklift Steering Hydraulic Cylinders are compatible with a [&hellip;]<\/p>","protected":false},"featured_media":651,"comment_status":"open","ping_status":"closed","template":"","meta":{"_et_pb_use_builder":"","_et_pb_old_content":"","_et_gb_content_width":""},"product_brand":[],"product_cat":[1550,1484,1376],"product_tag":[1380],"class_list":{"0":"post-643","1":"product","2":"type-product","3":"status-publish","4":"has-post-thumbnail","6":"product_cat-double-acting-hydraulic-cylinder","7":"product_cat-forklift-hydraulic-cylinders","8":"product_cat-hydraulic-cylinder","9":"product_tag-hydraulic-cylinder","11":"first","12":"instock","13":"shipping-taxable","14":"product-type-simple"},"amp_enabled":true,"_links":{"self":[{"href":"https:\/\/www.hydraulic-cylinders.net\/fr\/wp-json\/wp\/v2\/product\/643","targetHints":{"allow":["GET"]}}],"collection":[{"href":"https:\/\/www.hydraulic-cylinders.net\/fr\/wp-json\/wp\/v2\/product"}],"about":[{"href":"https:\/\/www.hydraulic-cylinders.net\/fr\/wp-json\/wp\/v2\/types\/product"}],"replies":[{"embeddable":true,"href":"https:\/\/www.hydraulic-cylinders.net\/fr\/wp-json\/wp\/v2\/comments?post=643"}],"wp:featuredmedia":[{"embeddable":true,"href":"https:\/\/www.hydraulic-cylinders.net\/fr\/wp-json\/wp\/v2\/media\/651"}],"wp:attachment":[{"href":"https:\/\/www.hydraulic-cylinders.net\/fr\/wp-json\/wp\/v2\/media?parent=643"}],"wp:term":[{"taxonomy":"product_brand","embeddable":true,"href":"https:\/\/www.hydraulic-cylinders.net\/fr\/wp-json\/wp\/v2\/product_brand?post=643"},{"taxonomy":"product_cat","embeddable":true,"href":"https:\/\/www.hydraulic-cylinders.net\/fr\/wp-json\/wp\/v2\/product_cat?post=643"},{"taxonomy":"product_tag","embeddable":true,"href":"https:\/\/www.hydraulic-cylinders.net\/fr\/wp-json\/wp\/v2\/product_tag?post=643"}],"curies":[{"name":"wp","href":"https:\/\/api.w.org\/{rel}","templated":true}]}}